{"id":498865,"date":"2019-07-31T15:37:47","date_gmt":"2019-07-31T13:37:47","guid":{"rendered":"https:\/\/www.zewo.ch\/?page_id=498865"},"modified":"2026-03-06T16:47:04","modified_gmt":"2026-03-06T15:47:04","slug":"donner-pour-les-victimes-de-catastrophes","status":"publish","type":"page","link":"https:\/\/zewo.ch\/fr\/donner-pour-les-victimes-de-catastrophes\/","title":{"rendered":"Donner en cas de catastrophe"},"content":{"rendered":"\n<h2 class=\"wp-block-heading\">Comment aider les personnes en d\u00e9tresse<\/h2>\n\n\n\n<p><strong>Temp\u00eates, tremblements de terre, conflits, s\u00e9cheresse&#8230; Tout autant de catastrophes aux cons\u00e9quences d\u00e9sastreuses pour les populations locales. En ce moment m\u00eame, de nombreuses organisations d&rsquo;entraide effectuent des collectes de dons pour les victimes de catastrophes. D\u00e9couvrez ici les organisations et leurs lieux d\u2019intervention.<\/strong><\/p>\n\n\n\n<p>Tremblements de terre, inondations et ouragans mettent la vie des personnes en danger. Elles ont besoin de soins m\u00e9dicaux, d\u2019un logement s\u00fbr et d\u2019une eau potable propre. Gr\u00e2ce \u00e0 votre don, les organisations d&rsquo;entraide fournissent aux sinistr\u00e9s ce dont ils ont le plus urgemment besoin et pr\u00e9viennent les \u00e9pid\u00e9mies. Elles r\u00e9parent les voies de communication d\u00e9truites et reconstruisent les maisons qui se sont effondr\u00e9es. <\/p>\n\n\n\n<p>La population suisse fait preuve de solidarit\u00e9. Lorsqu\u2019une catastrophe se produit, de nombreuses personnes donnent g\u00e9n\u00e9reusement et sont heureuses d\u2019apporter une aide. Les m\u00e9dias et les organisations d&rsquo;entraide lancent des appels aux dons. Parfois, des initiatives priv\u00e9es organisent spontan\u00e9ment une action de collecte. Pour les donatrices et donateurs, il n\u2019est pas simple de s\u2019orienter. Veillez \u00e0 ce que votre don arrive au bon endroit. <\/p>\n\n\n\n<h3 class=\"wp-block-heading\" id=\"1\">Actuel: les OBNL collectent des dons pour ces crises<\/h3>\n\n\n\n<p>Ici, vous verrez, d\u2019un seul coup d\u2019\u0153il, quelle organisation d&rsquo;entraide dot\u00e9e du label de qualit\u00e9 Zewo intervient actuellement dans quelle r\u00e9gion de crise. Aupr\u00e8s de ces organisations, votre don est en de bonnes mains. Aidez maintenant les victimes de catastrophes. <\/p>\n\n\n\n<div class=\"wp-block-cgb-block-zewo-block-columns-container container bg-color-light-gray\"><div class=\"grid-x grid-margin-x\" data-columns=\"3\">\n<div class=\"cell small-12 medium-6\"><div class=\"wp-block-cgb-block-zewo-block-image-teaser ab-block-cta bg-color-secondary\"><div class=\"ab-cta-image-wrap bg-color-secondary\"><img decoding=\"async\" class=\"ab-cta-image\" src=\"https:\/\/zewo.ch\/wp-content\/uploads\/2026\/03\/Bild_Nahost_Konflikt.png\" alt=\"\"\/><\/div><div class=\"ab-cta-content\"><h2 class=\"ab-cta-title\">Mars 2026 : <strong>Aide d&rsquo;urgence <\/strong>Conflit au Moyen-Orient<\/h2><\/div><div class=\"ab-cta-button\"><a href=\"https:\/\/zewo.ch\/fr\/conflit-au-moyen-orient-aide-durgence-pour-la-population\/\" target=\"_blank\" rel=\"noopener noreferrer\" class=\"button primary button-teaser\"><span class=\"button-arrow\"><\/span>En savoir plus<\/a><\/div><a href=\"https:\/\/zewo.ch\/fr\/conflit-au-moyen-orient-aide-durgence-pour-la-population\/\" target=\"_blank\" rel=\"noopener noreferrer\" class=\"button-teaser--is-full\"><\/a><\/div><\/div>\n\n\n\n<div class=\"cell small-12 medium-6\"><div class=\"wp-block-cgb-block-zewo-block-image-teaser ab-block-cta bg-color-secondary\"><div class=\"ab-cta-image-wrap bg-color-secondary\"><img decoding=\"async\" class=\"ab-cta-image\" src=\"https:\/\/zewo.ch\/wp-content\/uploads\/2025\/05\/bergsturzloetschental-1.png\" alt=\"Symbolbild Bergsturz L\u00f6tschental\"\/><\/div><div class=\"ab-cta-content\"><h2 class=\"ab-cta-title\">Mai 2025 : Aide d&rsquo;urgence pour l&rsquo;\u00e9boulement du L\u00f6tschental<\/h2><\/div><div class=\"ab-cta-button\"><a href=\"https:\/\/zewo.ch\/fr\/aide-durgence-en-cas-deboulement-dans-le-lotschental\/\" target=\"_blank\" rel=\"noopener noreferrer\" class=\"button primary button-teaser\"><span class=\"button-arrow\"><\/span>En savoir plus<\/a><\/div><a href=\"https:\/\/zewo.ch\/fr\/aide-durgence-en-cas-deboulement-dans-le-lotschental\/\" target=\"_blank\" rel=\"noopener noreferrer\" class=\"button-teaser--is-full\"><\/a><\/div><\/div>\n\n\n\n<div class=\"cell small-12 medium-6\"><div class=\"wp-block-cgb-block-zewo-block-image-teaser ab-block-cta bg-color-secondary\"><div class=\"ab-cta-image-wrap bg-color-secondary\"><img decoding=\"async\" class=\"ab-cta-image\" src=\"https:\/\/zewo.ch\/wp-content\/uploads\/2025\/03\/Erdbeben_Myanmar_Teaserbild.jpg\" alt=\"Bild Erdbeben Myanmar\"\/><\/div><div class=\"ab-cta-content\"><h2 class=\"ab-cta-title\">Mars 2025: tremblement de terre au Mayanmar et en Tha\u00eflande<\/h2><\/div><div class=\"ab-cta-button\"><a href=\"https:\/\/zewo.ch\/fr\/aide-durgence-apres-le-tremblement-de-terre-au-myanmar-et-en-thailande\/\" target=\"_blank\" rel=\"noopener noreferrer\" class=\"button primary button-teaser\"><span class=\"button-arrow\"><\/span>En savoir plus<\/a><\/div><a href=\"https:\/\/zewo.ch\/fr\/aide-durgence-apres-le-tremblement-de-terre-au-myanmar-et-en-thailande\/\" target=\"_blank\" rel=\"noopener noreferrer\" class=\"button-teaser--is-full\"><\/a><\/div><\/div>\n\n\n\n<div class=\"cell small-12 medium-6\"><div class=\"wp-block-cgb-block-zewo-block-image-teaser ab-block-cta bg-color-secondary\"><div class=\"ab-cta-image-wrap bg-color-secondary\"><img decoding=\"async\" class=\"ab-cta-image\" src=\"https:\/\/zewo.ch\/wp-content\/uploads\/2024\/07\/lightning-1158027_1280.jpg\" alt=\"Bild Unwetter Schweiz\"\/><\/div><div class=\"ab-cta-content\"><h2 class=\"ab-cta-title\">Juillet 2024:<br\/>Aide d&rsquo;urgence pour r\u00e9gions touch\u00e9es par les <strong>intemp\u00e9ries en Suisse <\/strong><\/h2><\/div><div class=\"ab-cta-button\"><a href=\"https:\/\/zewo.ch\/fr\/aide-durgence-intemperies-en-suisse\/\" target=\"_blank\" rel=\"noopener noreferrer\" class=\"button primary button-teaser\"><span class=\"button-arrow\"><\/span>En savoir plus<\/a><\/div><a href=\"https:\/\/zewo.ch\/fr\/aide-durgence-intemperies-en-suisse\/\" target=\"_blank\" rel=\"noopener noreferrer\" class=\"button-teaser--is-full\"><\/a><\/div><\/div>\n\n\n\n<div class=\"cell small-12 medium-6\"><div class=\"wp-block-cgb-block-zewo-block-image-teaser ab-block-cta bg-color-secondary\"><div class=\"ab-cta-image-wrap bg-color-secondary\"><img decoding=\"async\" class=\"ab-cta-image\" src=\"https:\/\/zewo.ch\/wp-content\/uploads\/2023\/10\/Nahost-Konflikt-Okt23-1.jpg\" alt=\"Foto_Nahost_Konflikt\"\/><\/div><div class=\"ab-cta-content\"><h2 class=\"ab-cta-title\">Octobre 2023:<br\/>Aide humanitaire Gaza\/Palestine\/ Isra\u00ebl<strong> <\/strong><\/h2><\/div><div class=\"ab-cta-button\"><a href=\"https:\/\/zewo.ch\/fr\/aide-humanitaire-gaza-palestine-israel\/\" target=\"_self\" rel=\"noopener noreferrer\" class=\"button primary button-teaser\"><span class=\"button-arrow\"><\/span>En savoir plus<\/a><\/div><a href=\"https:\/\/zewo.ch\/fr\/aide-humanitaire-gaza-palestine-israel\/\" target=\"_self\" rel=\"noopener noreferrer\" class=\"button-teaser--is-full\"><\/a><\/div><\/div>\n\n\n\n<div class=\"cell small-12 medium-6\"><div class=\"wp-block-cgb-block-zewo-block-image-teaser ab-block-cta bg-color-secondary\"><div class=\"ab-cta-image-wrap bg-color-secondary\"><img decoding=\"async\" class=\"ab-cta-image\" src=\"https:\/\/zewo.ch\/wp-content\/uploads\/2023\/02\/kleineseismographerdbeben.jpg\" alt=\"Erdbeben Seismograph klein\"\/><\/div><div class=\"ab-cta-content\"><h2 class=\"ab-cta-title\">F\u00e9vrier 2023:<br\/>Tremblement de terre en Turquie et en Syrie<strong> <\/strong><\/h2><\/div><div class=\"ab-cta-button\"><a href=\"https:\/\/zewo.ch\/fr\/dons-pour-les-victimes-du-tremblement-de-terre-en-turquie-et-en-syrie\/\" target=\"_self\" rel=\"noopener noreferrer\" class=\"button primary button-teaser\"><span class=\"button-arrow\"><\/span>Aider d\u00e8s maintenant<\/a><\/div><a href=\"https:\/\/zewo.ch\/fr\/dons-pour-les-victimes-du-tremblement-de-terre-en-turquie-et-en-syrie\/\" target=\"_self\" rel=\"noopener noreferrer\" class=\"button-teaser--is-full\"><\/a><\/div><\/div>\n\n\n\n<div class=\"cell small-12 medium-6\"><div class=\"wp-block-cgb-block-zewo-block-image-teaser ab-block-cta bg-color-secondary\"><div class=\"ab-cta-image-wrap bg-color-secondary\"><img decoding=\"async\" class=\"ab-cta-image\" src=\"https:\/\/zewo.ch\/wp-content\/uploads\/2022\/02\/taube_ukraine_2022.png\" alt=\"Dons pour Ukraine\"\/><\/div><div class=\"ab-cta-content\"><h2 class=\"ab-cta-title\">F\u00e9vrier 2022:<br\/>Guerre en Ukraine<strong> <\/strong><\/h2><\/div><div class=\"ab-cta-button\"><a href=\"https:\/\/zewo.ch\/fr\/dons-ukraine\/\" target=\"_self\" rel=\"noopener noreferrer\" class=\"button primary button-teaser\"><span class=\"button-arrow\"><\/span>Aider d\u00e8s maintenant<\/a><\/div><a href=\"https:\/\/zewo.ch\/fr\/dons-ukraine\/\" target=\"_self\" rel=\"noopener noreferrer\" class=\"button-teaser--is-full\"><\/a><\/div><\/div>\n<\/div><\/div>\n\n\n\n<h3 class=\"wp-block-heading\">Les catastrophes incitent les individus \u00e0 fuir<\/h3>\n\n\n\n<p> Les guerres, les famines et les s\u00e9cheresses forcent des millions de personnes \u00e0 quitter leur foyer. Beaucoup vivent dans un camp de r\u00e9fugi\u00e9s, dans un endroit confin\u00e9. La nourriture est rare et les installations sanitaires m\u00e9diocres.&nbsp;Ce \u00e0 quoi viennent s\u2019ajouter les fatigues de la fuite et des exp\u00e9riences traumatisantes. Gr\u00e2ce \u00e0 votre don, les OBNL suisses apportent une aide humanitaire aux personnes dans le besoin. <\/p>\n\n\n\n<div class=\"wp-block-cgb-block-zewo-block-columns-container container bg-color-light-gray\"><div class=\"grid-x grid-margin-x\" data-columns=\"3\">\n<div class=\"cell small-12 medium-6\"><div class=\"wp-block-cgb-block-zewo-block-image-text-teaser ab-block-cta\"><div class=\"ab-cta-image-wrap bg-color-secondary\"><img decoding=\"async\" class=\"ab-cta-image\" src=\"https:\/\/zewo.ch\/wp-content\/uploads\/2019\/05\/kleiderspende-teaserbox.jpg\" alt=\"Sachspende\"\/><\/div><div class=\"ab-cta-content\"><h2 class=\"ab-cta-title\">Dons en temps et en nature<\/h2><div class=\"ab-cta-text\">\n<p>Lorsque les organisations d&rsquo;entraide demandent des dons, leur approche est coh\u00e9rente.\u00a0De quoi faut-il tenir compte?<\/p>\n<\/div><\/div><div class=\"ab-cta-button\"><a href=\"\/fr\/donner-du-temps-ou-des-objets\/\" target=\"_self\" rel=\"noopener noreferrer\" class=\"button primary button-teaser\"><span class=\"button-arrow\"><\/span>Plut\u00f4t que de donner de l\u2019argent<\/a><\/div><a href=\"\/fr\/donner-du-temps-ou-des-objets\/\" target=\"_self\" rel=\"noopener noreferrer\" class=\"button-teaser--is-full\"><\/a><\/div><\/div>\n\n\n\n<div class=\"cell small-12 medium-6\"><div class=\"wp-block-cgb-block-zewo-block-image-text-teaser ab-block-cta\"><div class=\"ab-cta-image-wrap bg-color-secondary\"><img decoding=\"async\" class=\"ab-cta-image\" src=\"https:\/\/zewo.ch\/wp-content\/uploads\/2019\/08\/10-conseils.png\" alt=\"5 conseils pour donner\"\/><\/div><div class=\"ab-cta-content\"><h2 class=\"ab-cta-title\">Les 10 conseils pour donner<\/h2><div class=\"ab-cta-text\">\n<p>D\u00e8s maintenant, prendre acte des 10 principales r\u00e8gles et faire des dons efficaces.<\/p>\n<\/div><\/div><div class=\"ab-cta-button\"><a href=\"\/fr\/les-5-regles-essentielles-pour-les-dons\/\" target=\"_self\" rel=\"noopener noreferrer\" class=\"button primary button-teaser\"><span class=\"button-arrow\"><\/span>Lire d\u00e8s maintenant les conseils pour donner<\/a><\/div><a href=\"\/fr\/les-5-regles-essentielles-pour-les-dons\/\" target=\"_self\" rel=\"noopener noreferrer\" class=\"button-teaser--is-full\"><\/a><\/div><\/div>\n\n\n<\/div><\/div>\n","protected":false},"excerpt":{"rendered":"<p>Comment aider les personnes en d\u00e9tresse Temp\u00eates, tremblements de terre, conflits, s\u00e9cheresse&#8230; Tout autant de catastrophes aux cons\u00e9quences d\u00e9sastreuses pour les populations locales. En ce moment m\u00eame, de nombreuses organisations d&rsquo;entraide effectuent des collectes de dons pour les victimes de catastrophes. D\u00e9couvrez ici les organisations et leurs lieux d\u2019intervention. Tremblements de terre, inondations et ouragans [&hellip;]<\/p>\n","protected":false},"author":6,"featured_media":511784,"parent":0,"menu_order":84,"comment_status":"closed","ping_status":"closed","template":"","meta":{"_acf_changed":false,"footnotes":""},"folder":[6643],"class_list":["post-498865","page","type-page","status-publish","has-post-thumbnail","hentry"],"acf":[],"yoast_head":"<!-- This site is optimized with the Yoast SEO Premium plugin v26.0 (Yoast SEO v26.0) - https:\/\/yoast.com\/wordpress\/plugins\/seo\/ -->\n<title>Zewo<\/title>\n<meta name=\"description\" content=\"Lors de telles catastrophes, les OBNL avec le label de qualit\u00e9 Zewo s\u2019engagent pour l\u2019aide humanitaire sur place. D\u00e9couvrez ici o\u00f9 votre don est n\u00e9cessaire.\" \/>\n<meta name=\"robots\" content=\"index, follow, max-snippet:-1, max-image-preview:large, max-video-preview:-1\" \/>\n<link rel=\"canonical\" href=\"https:\/\/zewo.ch\/fr\/donner-pour-les-victimes-de-catastrophes\/\" \/>\n<meta property=\"og:locale\" content=\"fr_FR\" \/>\n<meta property=\"og:type\" content=\"article\" \/>\n<meta property=\"og:description\" content=\"Lors de telles catastrophes, les OBNL avec le label de qualit\u00e9 Zewo s\u2019engagent pour l\u2019aide humanitaire sur place. D\u00e9couvrez ici o\u00f9 votre don est n\u00e9cessaire.\" \/>\n<meta property=\"og:url\" content=\"https:\/\/zewo.ch\/fr\/donner-pour-les-victimes-de-catastrophes\/\" \/>\n<meta property=\"og:site_name\" content=\"Zewo\" \/>\n<meta property=\"article:publisher\" content=\"https:\/\/www.facebook.com\/Stiftung.ZEWO\/\" \/>\n<meta property=\"article:modified_time\" content=\"2026-03-06T15:47:04+00:00\" \/>\n<meta property=\"og:image\" content=\"https:\/\/zewo.ch\/wp-content\/uploads\/2019\/09\/372669359.jpg\" \/>\n\t<meta property=\"og:image:width\" content=\"2200\" \/>\n\t<meta property=\"og:image:height\" content=\"440\" \/>\n\t<meta property=\"og:image:type\" content=\"image\/jpeg\" \/>\n<meta name=\"twitter:card\" content=\"summary_large_image\" \/>\n<meta name=\"twitter:site\" content=\"@stiftung_zewo\" \/>\n<meta name=\"twitter:label1\" content=\"Dur\u00e9e de lecture estim\u00e9e\" \/>\n\t<meta name=\"twitter:data1\" content=\"15 minutes\" \/>\n<script type=\"application\/ld+json\" class=\"yoast-schema-graph\">{\"@context\":\"https:\/\/schema.org\",\"@graph\":[{\"@type\":\"WebPage\",\"@id\":\"https:\/\/zewo.ch\/fr\/donner-pour-les-victimes-de-catastrophes\/#webpage\",\"url\":\"https:\/\/zewo.ch\/fr\/donner-pour-les-victimes-de-catastrophes\/#webpage\",\"name\":\"\",\"isPartOf\":{\"@id\":\"https:\/\/zewo.ch\/fr\/#website\"},\"primaryImageOfPage\":{\"@id\":\"https:\/\/zewo.ch\/fr\/donner-pour-les-victimes-de-catastrophes\/#primaryimage\"},\"image\":{\"@id\":\"https:\/\/zewo.ch\/fr\/donner-pour-les-victimes-de-catastrophes\/#primaryimage\"},\"thumbnailUrl\":\"https:\/\/zewo.ch\/wp-content\/uploads\/2019\/09\/372669359.jpg\",\"datePublished\":\"2019-07-31T13:37:47+00:00\",\"dateModified\":\"2026-03-06T15:47:04+00:00\",\"description\":\"Lors de telles catastrophes, les OBNL avec le label de qualit\u00e9 Zewo s\u2019engagent pour l\u2019aide humanitaire sur place. D\u00e9couvrez ici o\u00f9 votre don est n\u00e9cessaire.\",\"breadcrumb\":{\"@id\":\"https:\/\/zewo.ch\/fr\/donner-pour-les-victimes-de-catastrophes\/#breadcrumb\"},\"inLanguage\":\"fr-FR\",\"potentialAction\":[{\"@type\":\"ReadAction\",\"target\":[\"https:\/\/zewo.ch\/fr\/donner-pour-les-victimes-de-catastrophes\/\"]}]},{\"@type\":\"ImageObject\",\"inLanguage\":\"fr-FR\",\"@id\":\"https:\/\/zewo.ch\/fr\/donner-pour-les-victimes-de-catastrophes\/#primaryimage\",\"url\":\"https:\/\/zewo.ch\/wp-content\/uploads\/2019\/09\/372669359.jpg\",\"contentUrl\":\"https:\/\/zewo.ch\/wp-content\/uploads\/2019\/09\/372669359.jpg\",\"width\":2200,\"height\":440,\"caption\":\"Mehrere Rettungspersonen in orangen Vesten und mit H\u00f6rschutz stehen um einen Koffer mit elektronischen Ger\u00e4ten.\"},{\"@type\":\"BreadcrumbList\",\"@id\":\"https:\/\/zewo.ch\/fr\/donner-pour-les-victimes-de-catastrophes\/#breadcrumb\",\"itemListElement\":[{\"@type\":\"ListItem\",\"position\":1,\"name\":\"Home\",\"item\":\"https:\/\/zewo.ch\/fr\/\"},{\"@type\":\"ListItem\",\"position\":2,\"name\":\"Donner en cas de catastrophe\"}]},{\"@type\":\"WebSite\",\"@id\":\"https:\/\/zewo.ch\/fr\/#website\",\"url\":\"https:\/\/zewo.ch\/fr\/\",\"name\":\"Zewo\",\"description\":\"Votre don en bonnes mains.\",\"publisher\":{\"@id\":\"https:\/\/zewo.ch\/fr\/#organization\"},\"potentialAction\":[{\"@type\":\"SearchAction\",\"target\":{\"@type\":\"EntryPoint\",\"urlTemplate\":\"https:\/\/zewo.ch\/fr\/?s={search_term_string}\"},\"query-input\":{\"@type\":\"PropertyValueSpecification\",\"valueRequired\":true,\"valueName\":\"search_term_string\"}}],\"inLanguage\":\"fr-FR\"},{\"@type\":\"Organization\",\"@id\":\"https:\/\/zewo.ch\/fr\/#organization\",\"name\":\"Stiftung Zewo\",\"url\":\"https:\/\/zewo.ch\/fr\/\",\"logo\":{\"@type\":\"ImageObject\",\"inLanguage\":\"fr-FR\",\"@id\":\"https:\/\/zewo.ch\/fr\/#\/schema\/logo\/image\/\",\"url\":\"https:\/\/zewo.ch\/wp-content\/uploads\/2019\/08\/Zewo_Logo_Claim_D.svg\",\"contentUrl\":\"https:\/\/zewo.ch\/wp-content\/uploads\/2019\/08\/Zewo_Logo_Claim_D.svg\",\"width\":1,\"height\":1,\"caption\":\"Stiftung Zewo\"},\"image\":{\"@id\":\"https:\/\/zewo.ch\/fr\/#\/schema\/logo\/image\/\"},\"sameAs\":[\"https:\/\/www.facebook.com\/Stiftung.ZEWO\/\",\"https:\/\/x.com\/stiftung_zewo\",\"https:\/\/www.linkedin.com\/company\/stiftung-zewo\",\"https:\/\/www.youtube.com\/channel\/UCzjsVJro12OXcvvx1LQP8tw\",\"https:\/\/de.wikipedia.org\/wiki\/Zewo\"]}]}<\/script>\n<!-- \/ Yoast SEO Premium plugin. -->","yoast_head_json":{"title":"Zewo","description":"Lors de telles catastrophes, les OBNL avec le label de qualit\u00e9 Zewo s\u2019engagent pour l\u2019aide humanitaire sur place. D\u00e9couvrez ici o\u00f9 votre don est n\u00e9cessaire.","robots":{"index":"index","follow":"follow","max-snippet":"max-snippet:-1","max-image-preview":"max-image-preview:large","max-video-preview":"max-video-preview:-1"},"canonical":"https:\/\/zewo.ch\/fr\/donner-pour-les-victimes-de-catastrophes\/","og_locale":"fr_FR","og_type":"article","og_description":"Lors de telles catastrophes, les OBNL avec le label de qualit\u00e9 Zewo s\u2019engagent pour l\u2019aide humanitaire sur place. D\u00e9couvrez ici o\u00f9 votre don est n\u00e9cessaire.","og_url":"https:\/\/zewo.ch\/fr\/donner-pour-les-victimes-de-catastrophes\/","og_site_name":"Zewo","article_publisher":"https:\/\/www.facebook.com\/Stiftung.ZEWO\/","article_modified_time":"2026-03-06T15:47:04+00:00","og_image":[{"width":2200,"height":440,"url":"https:\/\/zewo.ch\/wp-content\/uploads\/2019\/09\/372669359.jpg","type":"image\/jpeg"}],"twitter_card":"summary_large_image","twitter_site":"@stiftung_zewo","twitter_misc":{"Dur\u00e9e de lecture estim\u00e9e":"15 minutes"},"schema":{"@context":"https:\/\/schema.org","@graph":[{"@type":"WebPage","@id":"https:\/\/zewo.ch\/fr\/donner-pour-les-victimes-de-catastrophes\/#webpage","url":"https:\/\/zewo.ch\/fr\/donner-pour-les-victimes-de-catastrophes\/#webpage","name":"","isPartOf":{"@id":"https:\/\/zewo.ch\/fr\/#website"},"primaryImageOfPage":{"@id":"https:\/\/zewo.ch\/fr\/donner-pour-les-victimes-de-catastrophes\/#primaryimage"},"image":{"@id":"https:\/\/zewo.ch\/fr\/donner-pour-les-victimes-de-catastrophes\/#primaryimage"},"thumbnailUrl":"https:\/\/zewo.ch\/wp-content\/uploads\/2019\/09\/372669359.jpg","datePublished":"2019-07-31T13:37:47+00:00","dateModified":"2026-03-06T15:47:04+00:00","description":"Lors de telles catastrophes, les OBNL avec le label de qualit\u00e9 Zewo s\u2019engagent pour l\u2019aide humanitaire sur place. D\u00e9couvrez ici o\u00f9 votre don est n\u00e9cessaire.","breadcrumb":{"@id":"https:\/\/zewo.ch\/fr\/donner-pour-les-victimes-de-catastrophes\/#breadcrumb"},"inLanguage":"fr-FR","potentialAction":[{"@type":"ReadAction","target":["https:\/\/zewo.ch\/fr\/donner-pour-les-victimes-de-catastrophes\/"]}]},{"@type":"ImageObject","inLanguage":"fr-FR","@id":"https:\/\/zewo.ch\/fr\/donner-pour-les-victimes-de-catastrophes\/#primaryimage","url":"https:\/\/zewo.ch\/wp-content\/uploads\/2019\/09\/372669359.jpg","contentUrl":"https:\/\/zewo.ch\/wp-content\/uploads\/2019\/09\/372669359.jpg","width":2200,"height":440,"caption":"Mehrere Rettungspersonen in orangen Vesten und mit H\u00f6rschutz stehen um einen Koffer mit elektronischen Ger\u00e4ten."},{"@type":"BreadcrumbList","@id":"https:\/\/zewo.ch\/fr\/donner-pour-les-victimes-de-catastrophes\/#breadcrumb","itemListElement":[{"@type":"ListItem","position":1,"name":"Home","item":"https:\/\/zewo.ch\/fr\/"},{"@type":"ListItem","position":2,"name":"Donner en cas de catastrophe"}]},{"@type":"WebSite","@id":"https:\/\/zewo.ch\/fr\/#website","url":"https:\/\/zewo.ch\/fr\/","name":"Zewo","description":"Votre don en bonnes mains.","publisher":{"@id":"https:\/\/zewo.ch\/fr\/#organization"},"potentialAction":[{"@type":"SearchAction","target":{"@type":"EntryPoint","urlTemplate":"https:\/\/zewo.ch\/fr\/?s={search_term_string}"},"query-input":{"@type":"PropertyValueSpecification","valueRequired":true,"valueName":"search_term_string"}}],"inLanguage":"fr-FR"},{"@type":"Organization","@id":"https:\/\/zewo.ch\/fr\/#organization","name":"Stiftung Zewo","url":"https:\/\/zewo.ch\/fr\/","logo":{"@type":"ImageObject","inLanguage":"fr-FR","@id":"https:\/\/zewo.ch\/fr\/#\/schema\/logo\/image\/","url":"https:\/\/zewo.ch\/wp-content\/uploads\/2019\/08\/Zewo_Logo_Claim_D.svg","contentUrl":"https:\/\/zewo.ch\/wp-content\/uploads\/2019\/08\/Zewo_Logo_Claim_D.svg","width":1,"height":1,"caption":"Stiftung Zewo"},"image":{"@id":"https:\/\/zewo.ch\/fr\/#\/schema\/logo\/image\/"},"sameAs":["https:\/\/www.facebook.com\/Stiftung.ZEWO\/","https:\/\/x.com\/stiftung_zewo","https:\/\/www.linkedin.com\/company\/stiftung-zewo","https:\/\/www.youtube.com\/channel\/UCzjsVJro12OXcvvx1LQP8tw","https:\/\/de.wikipedia.org\/wiki\/Zewo"]}]}},"publishpress_future_action":{"enabled":false,"date":"2026-04-23 21:34:17","action":"change-status","newStatus":"draft","terms":[],"taxonomy":"translation_priority","extraData":[]},"publishpress_future_workflow_manual_trigger":{"enabledWorkflows":[]},"_links":{"self":[{"href":"https:\/\/zewo.ch\/fr\/wp-json\/wp\/v2\/pages\/498865","targetHints":{"allow":["GET"]}}],"collection":[{"href":"https:\/\/zewo.ch\/fr\/wp-json\/wp\/v2\/pages"}],"about":[{"href":"https:\/\/zewo.ch\/fr\/wp-json\/wp\/v2\/types\/page"}],"author":[{"embeddable":true,"href":"https:\/\/zewo.ch\/fr\/wp-json\/wp\/v2\/users\/6"}],"replies":[{"embeddable":true,"href":"https:\/\/zewo.ch\/fr\/wp-json\/wp\/v2\/comments?post=498865"}],"version-history":[{"count":48,"href":"https:\/\/zewo.ch\/fr\/wp-json\/wp\/v2\/pages\/498865\/revisions"}],"predecessor-version":[{"id":5938706,"href":"https:\/\/zewo.ch\/fr\/wp-json\/wp\/v2\/pages\/498865\/revisions\/5938706"}],"wp:featuredmedia":[{"embeddable":true,"href":"https:\/\/zewo.ch\/fr\/wp-json\/wp\/v2\/media\/511784"}],"wp:attachment":[{"href":"https:\/\/zewo.ch\/fr\/wp-json\/wp\/v2\/media?parent=498865"}],"wp:term":[{"taxonomy":"folder","embeddable":true,"href":"https:\/\/zewo.ch\/fr\/wp-json\/wp\/v2\/folder?post=498865"}],"curies":[{"name":"wp","href":"https:\/\/api.w.org\/{rel}","templated":true}]}}