{"id":498502,"date":"2019-07-31T09:33:41","date_gmt":"2019-07-31T07:33:41","guid":{"rendered":"https:\/\/www.zewo.ch\/?page_id=498502"},"modified":"2019-10-30T12:17:58","modified_gmt":"2019-10-30T10:17:58","slug":"se-soumettre-aux-controles-reguliers-et-eviter-les-sanctions","status":"publish","type":"page","link":"https:\/\/zewo.ch\/fr\/comment-parvenir-au-label-de-qualite-zewo\/se-soumettre-aux-controles-reguliers-et-eviter-les-sanctions\/","title":{"rendered":"Se soumettre aux contr\u00f4les r\u00e9guliers et \u00e9viter les sanctions"},"content":{"rendered":"\n<h2 class=\"wp-block-heading\">Passer les contr\u00f4les avec succ\u00e8s<\/h2>\n\n\n\n<p><strong>La Zewo veille \u00e0 ce que les OBNL certifi\u00e9es respectent ses normes. Si les contr\u00f4les d\u00e9montrent qu\u2019une OBNL va \u00e0 l\u2019encontre des 21 normes de Zewo, ceci n\u2019est pas sans cons\u00e9quences.<\/strong><\/p>\n\n\n\n<p>Tous les cinq ans, les OBNL certifi\u00e9es doivent passer une s\u00e9rie d\u2019examens dans le but de renouveler leur certification. Si l\u2019examen d\u00e9voile que l&rsquo;organisation en question ne r\u00e9pond plus enti\u00e8rement aux normes, le conseil de fondation de la Zewo peut soumettre la recertification \u00e0 certaines conditions. L\u2019OBNL doit s\u2019y soumettre dans les d\u00e9lais impartis.<\/p>\n\n\n\n<h3 class=\"wp-block-heading\" id=\"1\">Contr\u00f4le des conditions<\/h3>\n\n\n\n<p>La Zewo s\u2019assure que les OBNL ayant \u00e9t\u00e9 soumises \u00e0 une recertification sous conditions respecte ces conditions dans les d\u00e9lais impartis. Si elle constate que ce n\u2019est pas le cas, elle lance la proc\u00e9dure de retrait du label de qualit\u00e9. Dans ce cas de figure, l\u2019OBNL doit attendre au minimum deux ans \u00e0 dater du retrait pour pouvoir effectuer une nouvelle demande d\u2019examen.<\/p>\n\n\n\n<h3 class=\"wp-block-heading\" id=\"2\">Traitement des remarques et r\u00e9clamations<\/h3>\n\n\n\n<p>Si la Zewo re\u00e7oit une remarque ou une plainte concernant une OBNL certifi\u00e9e, elle v\u00e9rifie si cela concerne les normes Zewo. Si c\u2019est le cas, elle demande une prise de position de la part de l\u2019OBNL en question. Si de graves \u00e9carts sont observ\u00e9s quant aux normes Zewo, la fondation peut entamer une proc\u00e9dure de contr\u00f4le exceptionnel.<\/p>\n\n\n\n<h3 class=\"wp-block-heading\" id=\"3\">Respect de l\u2019obligation de collaboration<\/h3>\n\n\n\n<p>Les OBNL certifi\u00e9es doivent fournir chaque ann\u00e9e leur bilan et leurs comptes annuels, ainsi que leur rapport de r\u00e9vision. Elles sont \u00e9galement dans l\u2019obligation d&rsquo;informer la Zewo de toute modification interne fondamentale, sans que la fondation n\u2019en fasse la demande. Dans certains cas particuliers, la Zewo peut v\u00e9rifier si une OBNL respecte toujours ses normes. Les OBNL certifi\u00e9es doivent pouvoir en attester \u00e0 tout moment.<\/p>\n\n\n\n<div class=\"wp-block-cgb-block-zewo-block-columns-container container bg-color-light-gray\"><div class=\"grid-x grid-margin-x\" data-columns=\"2\">\n\n\n<div class=\"cell small-12 medium-6\"><div class=\"wp-block-cgb-block-zewo-block-image-teaser ab-block-cta bg-color-secondary\"><div class=\"ab-cta-image-wrap bg-color-secondary\"><img decoding=\"async\" class=\"ab-cta-image\" src=\"https:\/\/zewo.ch\/wp-content\/uploads\/2019\/05\/21-zewo-standards-1.png\" alt=\"Die 21 Zewo-Standards f\u00fcr Spenden sammelnde NPO\"\/><\/div><div class=\"ab-cta-content\"><h2 class=\"ab-cta-title\">Les 21 normes Zewo<\/h2><\/div><div class=\"ab-cta-button\"><a href=\"\/fr\/apercu-des-21-normes-zewo-condense-et-clair\/\" target=\"_self\" rel=\"noopener noreferrer\" class=\"button primary button-teaser\"><span class=\"button-arrow\"><\/span>En savoir plus<\/a><\/div><a href=\"\/fr\/apercu-des-21-normes-zewo-condense-et-clair\/\" target=\"_self\" rel=\"noopener noreferrer\" class=\"button-teaser--is-full\"><\/a><\/div><\/div>\n\n\n\n<div class=\"wp-block-cgb-block-zewo-block-columns-container container bg-color-light-gray\"><div class=\"grid-x grid-margin-x\" data-columns=\"2\"><\/div><\/div>\n<\/div><\/div>\n","protected":false},"excerpt":{"rendered":"<p>Passer les contr\u00f4les avec succ\u00e8s La Zewo veille \u00e0 ce que les OBNL certifi\u00e9es respectent ses normes. Si les contr\u00f4les d\u00e9montrent qu\u2019une OBNL va \u00e0 l\u2019encontre des 21 normes de Zewo, ceci n\u2019est pas sans cons\u00e9quences. Tous les cinq ans, les OBNL certifi\u00e9es doivent passer une s\u00e9rie d\u2019examens dans le but de renouveler leur certification. [&hellip;]<\/p>\n","protected":false},"author":38,"featured_media":666064,"parent":492853,"menu_order":14,"comment_status":"closed","ping_status":"closed","template":"","meta":{"_acf_changed":false,"footnotes":""},"folder":[6643],"class_list":["post-498502","page","type-page","status-publish","has-post-thumbnail","hentry"],"acf":[],"yoast_head":"<!-- This site is optimized with the Yoast SEO Premium plugin v26.0 (Yoast SEO v26.0) - https:\/\/yoast.com\/wordpress\/plugins\/seo\/ -->\n<title>Zewo<\/title>\n<meta name=\"description\" content=\"Les contr\u00f4les annuels et la recertification supposent des contr\u00f4les r\u00e9guliers. En cas de violation des normes, le label de qualit\u00e9 peut \u00eatre retir\u00e9.\" \/>\n<meta name=\"robots\" content=\"index, follow, max-snippet:-1, max-image-preview:large, max-video-preview:-1\" \/>\n<link rel=\"canonical\" href=\"https:\/\/zewo.ch\/fr\/comment-parvenir-au-label-de-qualite-zewo\/se-soumettre-aux-controles-reguliers-et-eviter-les-sanctions\/\" \/>\n<meta property=\"og:locale\" content=\"fr_FR\" \/>\n<meta property=\"og:type\" content=\"article\" \/>\n<meta property=\"og:description\" content=\"Les contr\u00f4les annuels et la recertification supposent des contr\u00f4les r\u00e9guliers. En cas de violation des normes, le label de qualit\u00e9 peut \u00eatre retir\u00e9.\" \/>\n<meta property=\"og:url\" content=\"https:\/\/zewo.ch\/fr\/comment-parvenir-au-label-de-qualite-zewo\/se-soumettre-aux-controles-reguliers-et-eviter-les-sanctions\/\" \/>\n<meta property=\"og:site_name\" content=\"Zewo\" \/>\n<meta property=\"article:publisher\" content=\"https:\/\/www.facebook.com\/Stiftung.ZEWO\/\" \/>\n<meta property=\"article:modified_time\" content=\"2019-10-30T10:17:58+00:00\" \/>\n<meta property=\"og:image\" content=\"https:\/\/zewo.ch\/wp-content\/uploads\/2019\/11\/shutterstock_1463233415_2_WP.jpg\" \/>\n\t<meta property=\"og:image:width\" content=\"2200\" \/>\n\t<meta property=\"og:image:height\" content=\"440\" \/>\n\t<meta property=\"og:image:type\" content=\"image\/jpeg\" \/>\n<meta name=\"twitter:card\" content=\"summary_large_image\" \/>\n<meta name=\"twitter:site\" content=\"@stiftung_zewo\" \/>\n<meta name=\"twitter:label1\" content=\"Dur\u00e9e de lecture estim\u00e9e\" \/>\n\t<meta name=\"twitter:data1\" content=\"2 minutes\" \/>\n<script type=\"application\/ld+json\" class=\"yoast-schema-graph\">{\"@context\":\"https:\/\/schema.org\",\"@graph\":[{\"@type\":\"WebPage\",\"@id\":\"https:\/\/zewo.ch\/fr\/comment-parvenir-au-label-de-qualite-zewo\/se-soumettre-aux-controles-reguliers-et-eviter-les-sanctions\/#webpage\",\"url\":\"https:\/\/zewo.ch\/fr\/comment-parvenir-au-label-de-qualite-zewo\/se-soumettre-aux-controles-reguliers-et-eviter-les-sanctions\/#webpage\",\"name\":\"\",\"isPartOf\":{\"@id\":\"https:\/\/zewo.ch\/fr\/#website\"},\"primaryImageOfPage\":{\"@id\":\"https:\/\/zewo.ch\/fr\/comment-parvenir-au-label-de-qualite-zewo\/se-soumettre-aux-controles-reguliers-et-eviter-les-sanctions\/#primaryimage\"},\"image\":{\"@id\":\"https:\/\/zewo.ch\/fr\/comment-parvenir-au-label-de-qualite-zewo\/se-soumettre-aux-controles-reguliers-et-eviter-les-sanctions\/#primaryimage\"},\"thumbnailUrl\":\"https:\/\/zewo.ch\/wp-content\/uploads\/2019\/11\/shutterstock_1463233415_2_WP.jpg\",\"datePublished\":\"2019-07-31T07:33:41+00:00\",\"dateModified\":\"2019-10-30T10:17:58+00:00\",\"description\":\"Les contr\u00f4les annuels et la recertification supposent des contr\u00f4les r\u00e9guliers. En cas de violation des normes, le label de qualit\u00e9 peut \u00eatre retir\u00e9.\",\"breadcrumb\":{\"@id\":\"https:\/\/zewo.ch\/fr\/comment-parvenir-au-label-de-qualite-zewo\/se-soumettre-aux-controles-reguliers-et-eviter-les-sanctions\/#breadcrumb\"},\"inLanguage\":\"fr-FR\",\"potentialAction\":[{\"@type\":\"ReadAction\",\"target\":[\"https:\/\/zewo.ch\/fr\/comment-parvenir-au-label-de-qualite-zewo\/se-soumettre-aux-controles-reguliers-et-eviter-les-sanctions\/\"]}]},{\"@type\":\"ImageObject\",\"inLanguage\":\"fr-FR\",\"@id\":\"https:\/\/zewo.ch\/fr\/comment-parvenir-au-label-de-qualite-zewo\/se-soumettre-aux-controles-reguliers-et-eviter-les-sanctions\/#primaryimage\",\"url\":\"https:\/\/zewo.ch\/wp-content\/uploads\/2019\/11\/shutterstock_1463233415_2_WP.jpg\",\"contentUrl\":\"https:\/\/zewo.ch\/wp-content\/uploads\/2019\/11\/shutterstock_1463233415_2_WP.jpg\",\"width\":2200,\"height\":440,\"caption\":\"Header Pr\u00fcfung beantragen\"},{\"@type\":\"BreadcrumbList\",\"@id\":\"https:\/\/zewo.ch\/fr\/comment-parvenir-au-label-de-qualite-zewo\/se-soumettre-aux-controles-reguliers-et-eviter-les-sanctions\/#breadcrumb\",\"itemListElement\":[{\"@type\":\"ListItem\",\"position\":1,\"name\":\"Home\",\"item\":\"https:\/\/zewo.ch\/fr\/\"},{\"@type\":\"ListItem\",\"position\":2,\"name\":\"Comment parvenir au label de qualit\u00e9 Zewo\",\"item\":\"https:\/\/zewo.ch\/fr\/der-weg-zum-zewo-guetesiegel\/\"},{\"@type\":\"ListItem\",\"position\":3,\"name\":\"Se soumettre aux contr\u00f4les r\u00e9guliers et \u00e9viter les sanctions\"}]},{\"@type\":\"WebSite\",\"@id\":\"https:\/\/zewo.ch\/fr\/#website\",\"url\":\"https:\/\/zewo.ch\/fr\/\",\"name\":\"Zewo\",\"description\":\"Votre don en bonnes mains.\",\"publisher\":{\"@id\":\"https:\/\/zewo.ch\/fr\/#organization\"},\"potentialAction\":[{\"@type\":\"SearchAction\",\"target\":{\"@type\":\"EntryPoint\",\"urlTemplate\":\"https:\/\/zewo.ch\/fr\/?s={search_term_string}\"},\"query-input\":{\"@type\":\"PropertyValueSpecification\",\"valueRequired\":true,\"valueName\":\"search_term_string\"}}],\"inLanguage\":\"fr-FR\"},{\"@type\":\"Organization\",\"@id\":\"https:\/\/zewo.ch\/fr\/#organization\",\"name\":\"Stiftung Zewo\",\"url\":\"https:\/\/zewo.ch\/fr\/\",\"logo\":{\"@type\":\"ImageObject\",\"inLanguage\":\"fr-FR\",\"@id\":\"https:\/\/zewo.ch\/fr\/#\/schema\/logo\/image\/\",\"url\":\"https:\/\/zewo.ch\/wp-content\/uploads\/2019\/08\/Zewo_Logo_Claim_D.svg\",\"contentUrl\":\"https:\/\/zewo.ch\/wp-content\/uploads\/2019\/08\/Zewo_Logo_Claim_D.svg\",\"width\":1,\"height\":1,\"caption\":\"Stiftung Zewo\"},\"image\":{\"@id\":\"https:\/\/zewo.ch\/fr\/#\/schema\/logo\/image\/\"},\"sameAs\":[\"https:\/\/www.facebook.com\/Stiftung.ZEWO\/\",\"https:\/\/x.com\/stiftung_zewo\",\"https:\/\/www.linkedin.com\/company\/stiftung-zewo\",\"https:\/\/www.youtube.com\/channel\/UCzjsVJro12OXcvvx1LQP8tw\",\"https:\/\/de.wikipedia.org\/wiki\/Zewo\"]}]}<\/script>\n<!-- \/ Yoast SEO Premium plugin. -->","yoast_head_json":{"title":"Zewo","description":"Les contr\u00f4les annuels et la recertification supposent des contr\u00f4les r\u00e9guliers. En cas de violation des normes, le label de qualit\u00e9 peut \u00eatre retir\u00e9.","robots":{"index":"index","follow":"follow","max-snippet":"max-snippet:-1","max-image-preview":"max-image-preview:large","max-video-preview":"max-video-preview:-1"},"canonical":"https:\/\/zewo.ch\/fr\/comment-parvenir-au-label-de-qualite-zewo\/se-soumettre-aux-controles-reguliers-et-eviter-les-sanctions\/","og_locale":"fr_FR","og_type":"article","og_description":"Les contr\u00f4les annuels et la recertification supposent des contr\u00f4les r\u00e9guliers. En cas de violation des normes, le label de qualit\u00e9 peut \u00eatre retir\u00e9.","og_url":"https:\/\/zewo.ch\/fr\/comment-parvenir-au-label-de-qualite-zewo\/se-soumettre-aux-controles-reguliers-et-eviter-les-sanctions\/","og_site_name":"Zewo","article_publisher":"https:\/\/www.facebook.com\/Stiftung.ZEWO\/","article_modified_time":"2019-10-30T10:17:58+00:00","og_image":[{"width":2200,"height":440,"url":"https:\/\/zewo.ch\/wp-content\/uploads\/2019\/11\/shutterstock_1463233415_2_WP.jpg","type":"image\/jpeg"}],"twitter_card":"summary_large_image","twitter_site":"@stiftung_zewo","twitter_misc":{"Dur\u00e9e de lecture estim\u00e9e":"2 minutes"},"schema":{"@context":"https:\/\/schema.org","@graph":[{"@type":"WebPage","@id":"https:\/\/zewo.ch\/fr\/comment-parvenir-au-label-de-qualite-zewo\/se-soumettre-aux-controles-reguliers-et-eviter-les-sanctions\/#webpage","url":"https:\/\/zewo.ch\/fr\/comment-parvenir-au-label-de-qualite-zewo\/se-soumettre-aux-controles-reguliers-et-eviter-les-sanctions\/#webpage","name":"","isPartOf":{"@id":"https:\/\/zewo.ch\/fr\/#website"},"primaryImageOfPage":{"@id":"https:\/\/zewo.ch\/fr\/comment-parvenir-au-label-de-qualite-zewo\/se-soumettre-aux-controles-reguliers-et-eviter-les-sanctions\/#primaryimage"},"image":{"@id":"https:\/\/zewo.ch\/fr\/comment-parvenir-au-label-de-qualite-zewo\/se-soumettre-aux-controles-reguliers-et-eviter-les-sanctions\/#primaryimage"},"thumbnailUrl":"https:\/\/zewo.ch\/wp-content\/uploads\/2019\/11\/shutterstock_1463233415_2_WP.jpg","datePublished":"2019-07-31T07:33:41+00:00","dateModified":"2019-10-30T10:17:58+00:00","description":"Les contr\u00f4les annuels et la recertification supposent des contr\u00f4les r\u00e9guliers. En cas de violation des normes, le label de qualit\u00e9 peut \u00eatre retir\u00e9.","breadcrumb":{"@id":"https:\/\/zewo.ch\/fr\/comment-parvenir-au-label-de-qualite-zewo\/se-soumettre-aux-controles-reguliers-et-eviter-les-sanctions\/#breadcrumb"},"inLanguage":"fr-FR","potentialAction":[{"@type":"ReadAction","target":["https:\/\/zewo.ch\/fr\/comment-parvenir-au-label-de-qualite-zewo\/se-soumettre-aux-controles-reguliers-et-eviter-les-sanctions\/"]}]},{"@type":"ImageObject","inLanguage":"fr-FR","@id":"https:\/\/zewo.ch\/fr\/comment-parvenir-au-label-de-qualite-zewo\/se-soumettre-aux-controles-reguliers-et-eviter-les-sanctions\/#primaryimage","url":"https:\/\/zewo.ch\/wp-content\/uploads\/2019\/11\/shutterstock_1463233415_2_WP.jpg","contentUrl":"https:\/\/zewo.ch\/wp-content\/uploads\/2019\/11\/shutterstock_1463233415_2_WP.jpg","width":2200,"height":440,"caption":"Header Pr\u00fcfung beantragen"},{"@type":"BreadcrumbList","@id":"https:\/\/zewo.ch\/fr\/comment-parvenir-au-label-de-qualite-zewo\/se-soumettre-aux-controles-reguliers-et-eviter-les-sanctions\/#breadcrumb","itemListElement":[{"@type":"ListItem","position":1,"name":"Home","item":"https:\/\/zewo.ch\/fr\/"},{"@type":"ListItem","position":2,"name":"Comment parvenir au label de qualit\u00e9 Zewo","item":"https:\/\/zewo.ch\/fr\/der-weg-zum-zewo-guetesiegel\/"},{"@type":"ListItem","position":3,"name":"Se soumettre aux contr\u00f4les r\u00e9guliers et \u00e9viter les sanctions"}]},{"@type":"WebSite","@id":"https:\/\/zewo.ch\/fr\/#website","url":"https:\/\/zewo.ch\/fr\/","name":"Zewo","description":"Votre don en bonnes mains.","publisher":{"@id":"https:\/\/zewo.ch\/fr\/#organization"},"potentialAction":[{"@type":"SearchAction","target":{"@type":"EntryPoint","urlTemplate":"https:\/\/zewo.ch\/fr\/?s={search_term_string}"},"query-input":{"@type":"PropertyValueSpecification","valueRequired":true,"valueName":"search_term_string"}}],"inLanguage":"fr-FR"},{"@type":"Organization","@id":"https:\/\/zewo.ch\/fr\/#organization","name":"Stiftung Zewo","url":"https:\/\/zewo.ch\/fr\/","logo":{"@type":"ImageObject","inLanguage":"fr-FR","@id":"https:\/\/zewo.ch\/fr\/#\/schema\/logo\/image\/","url":"https:\/\/zewo.ch\/wp-content\/uploads\/2019\/08\/Zewo_Logo_Claim_D.svg","contentUrl":"https:\/\/zewo.ch\/wp-content\/uploads\/2019\/08\/Zewo_Logo_Claim_D.svg","width":1,"height":1,"caption":"Stiftung Zewo"},"image":{"@id":"https:\/\/zewo.ch\/fr\/#\/schema\/logo\/image\/"},"sameAs":["https:\/\/www.facebook.com\/Stiftung.ZEWO\/","https:\/\/x.com\/stiftung_zewo","https:\/\/www.linkedin.com\/company\/stiftung-zewo","https:\/\/www.youtube.com\/channel\/UCzjsVJro12OXcvvx1LQP8tw","https:\/\/de.wikipedia.org\/wiki\/Zewo"]}]}},"publishpress_future_action":{"enabled":false,"date":"2026-04-24 10:32:42","action":"change-status","newStatus":"draft","terms":[],"taxonomy":"translation_priority","extraData":[]},"publishpress_future_workflow_manual_trigger":{"enabledWorkflows":[]},"_links":{"self":[{"href":"https:\/\/zewo.ch\/fr\/wp-json\/wp\/v2\/pages\/498502","targetHints":{"allow":["GET"]}}],"collection":[{"href":"https:\/\/zewo.ch\/fr\/wp-json\/wp\/v2\/pages"}],"about":[{"href":"https:\/\/zewo.ch\/fr\/wp-json\/wp\/v2\/types\/page"}],"author":[{"embeddable":true,"href":"https:\/\/zewo.ch\/fr\/wp-json\/wp\/v2\/users\/38"}],"replies":[{"embeddable":true,"href":"https:\/\/zewo.ch\/fr\/wp-json\/wp\/v2\/comments?post=498502"}],"version-history":[{"count":8,"href":"https:\/\/zewo.ch\/fr\/wp-json\/wp\/v2\/pages\/498502\/revisions"}],"predecessor-version":[{"id":527710,"href":"https:\/\/zewo.ch\/fr\/wp-json\/wp\/v2\/pages\/498502\/revisions\/527710"}],"up":[{"embeddable":true,"href":"https:\/\/zewo.ch\/fr\/wp-json\/wp\/v2\/pages\/492853"}],"wp:featuredmedia":[{"embeddable":true,"href":"https:\/\/zewo.ch\/fr\/wp-json\/wp\/v2\/media\/666064"}],"wp:attachment":[{"href":"https:\/\/zewo.ch\/fr\/wp-json\/wp\/v2\/media?parent=498502"}],"wp:term":[{"taxonomy":"folder","embeddable":true,"href":"https:\/\/zewo.ch\/fr\/wp-json\/wp\/v2\/folder?post=498502"}],"curies":[{"name":"wp","href":"https:\/\/api.w.org\/{rel}","templated":true}]}}