{"id":498486,"date":"2019-07-31T09:45:13","date_gmt":"2019-07-31T07:45:13","guid":{"rendered":"https:\/\/www.zewo.ch\/?page_id=498486"},"modified":"2024-05-28T11:40:30","modified_gmt":"2024-05-28T09:40:30","slug":"zewo","status":"publish","type":"page","link":"https:\/\/zewo.ch\/fr\/zewo\/","title":{"rendered":"Zewo"},"content":{"rendered":"\n<h2 class=\"wp-block-heading\">Notre identit\u00e9 et nos actions<\/h2>\n\n\n\n<p><strong>La Zewo est l&rsquo;organisme en charge de la certification des OBNL d&rsquo;int\u00e9r\u00eat public r\u00e9coltant des dons en Suisse. Elle garantit confiance et transparence en ce qui concerne les dons.<\/strong><\/p>\n\n\n\n<h3 class=\"wp-block-heading\" id=\"1\">Examen des OBNL et attribution du label de qualit\u00e9<\/h3>\n\n\n\n<p>La\nZewo s\u2019engage en faveur des OBNL d&rsquo;utilit\u00e9 publique qui utilisent leurs dons\nefficacement, conform\u00e9ment \u00e0 leur but et \u00e0 leurs ressources financi\u00e8res. Elle a\nd\u00e9fini pour cela 21 normes \u00e0 respecter. Celles-ci contraignent les OBNL \u00e0\nutiliser les dons de mani\u00e8re juste et rigoureuse, tout en informant\ncorrectement les donatrices et donateurs.<\/p>\n\n\n\n<p>Les organisations d&rsquo;entraide qui souhaitent porter le label de qualit\u00e9 de la Zewo doivent se soumettre \u00e0 l\u2019examen de cette derni\u00e8re. Si elles r\u00e9pondent aux 21 normes, elles obtiennent le label. Celui-ci permet de guider les donatrices et donateurs. Ainsi, ils savent que les dons effectu\u00e9s aupr\u00e8s d\u2019organisations d&rsquo;entraide certifi\u00e9es sont en bonnes mains.<\/p>\n\n\n\n<h3 class=\"wp-block-heading\" id=\"2\">Informer le grand public<\/h3>\n\n\n\n<p>La Zewo indique au public quelles organisations d&rsquo;entraide portent son label de qualit\u00e9. Elle fait conna\u00eetre ce label et r\u00e9pond aux questions relatives aux dons. Elle \u00e9tudie les remarques concernant les violations de ses normes et \u00e9tudie les plaintes qui lui sont transmises. En cas de collectes qui s\u2019\u00e9cartent fortement des normes Zewo, la <a href=\"\/fr\/zewo-deconseille-de-faire-des-dons\/\">Zewo d\u00e9conseille de faire des dons<\/a>.<\/p>\n\n\n\n<h3 class=\"wp-block-heading\" id=\"3\">Organisation<\/h3>\n\n\n\n<ul class=\"wp-block-cgb-block-zewo-block-links container container-columns-2\">\n<li class=\"wp-block-cgb-block-zewo-block-link ab-block-link\"><a href=\"https:\/\/zewo.ch\/fr\/conseil-de-fondation\/\" class=\"button\"><span>Conseil de fondation<\/span><span class=\"button-arrow--long\"><\/span><\/a><\/li>\n\n\n\n<li class=\"wp-block-cgb-block-zewo-block-link ab-block-link\"><a href=\"https:\/\/zewo.ch\/fr\/equipe\/\" class=\"button\"><span>\u00c9quipe<\/span><span class=\"button-arrow--long\"><\/span><\/a><\/li>\n\n\n\n<li class=\"wp-block-cgb-block-zewo-block-link ab-block-link\"><a href=\"https:\/\/zewo.ch\/fr\/comite-de-certification\/\" class=\"button\"><span>Comit\u00e9 de certification<\/span><span class=\"button-arrow--long\"><\/span><\/a><\/li>\n\n\n\n<li class=\"wp-block-cgb-block-zewo-block-link ab-block-link\"><a href=\"https:\/\/zewo.ch\/fr\/tribunal-des-recours\/\" class=\"button\"><span>Tribunal des recours<\/span><span class=\"button-arrow--long\"><\/span><\/a><\/li>\n<\/ul>\n\n\n\n<h3 class=\"wp-block-heading\" id=\"5\">Histoire de la Zewo<\/h3>\n\n\n\n<p>La Zewo a d\u00e9but\u00e9 son activit\u00e9 en tant que \u00ab\u00a0Zentrale Auskunftsstelle f\u00fcr Wohlfahrtunternehmungen\u00a0\u00bb (centre de renseignement sur les organisations d&rsquo;entraide). C\u2019est en 1936 qu\u2019elle s\u2019est constitu\u00e9e comme association. L\u2019abr\u00e9viation \u00ab\u00a0Zewo\u00a0\u00bb s\u2019est impos\u00e9e avec le temps et est d\u00e9sormais utilis\u00e9e depuis les ann\u00e9es 90 comme unique nom. Depuis 2001, la Zewo est une fondation ind\u00e9pendante. A l\u2019heure actuelle, son label est un gage de qualit\u00e9 pour toutes les OBNL d\u2019utilit\u00e9 publique qui collectent des dons en Suisse. Le sigle qui le repr\u00e9sente permet de guider les donatrices et donateurs. Celui-ci a \u00e9t\u00e9 officiellement d\u00e9clar\u00e9 pour la premi\u00e8re fois en 1940.<\/p>\n\n\n\n<div class=\"wp-block-cgb-block-zewo-block-button ab-block-button\"><a href=\"\/fr\/rapport-annuel-comptes-annuels-et-rapport-de-revision\/\" class=\"button primary\"><span class=\"button-arrow\"><\/span>Rapport annuel, comptes annuels et rapport de r\u00e9vision<\/a><\/div>\n\n\n\n<div class=\"wp-block-cgb-block-zewo-block-columns-container container bg-color-light-gray\"><div class=\"grid-x grid-margin-x\" data-columns=\"2\">\n<div class=\"cell small-12 medium-6\"><div class=\"wp-block-cgb-block-zewo-block-image-teaser ab-block-cta bg-color-secondary\"><div class=\"ab-cta-image-wrap bg-color-secondary\"><img decoding=\"async\" class=\"ab-cta-image\" src=\"https:\/\/zewo.ch\/wp-content\/uploads\/2019\/05\/21-zewo-standards-1.png\" alt=\"Die 21 Zewo-Standards f\u00fcr Spenden sammelnde NPO\"\/><\/div><div class=\"ab-cta-content\"><h2 class=\"ab-cta-title\">Les 21 normes Zewo<\/h2><\/div><div class=\"ab-cta-button\"><a href=\"\/fr\/apercu-des-21-normes-zewo-condense-et-clair\/\" target=\"_self\" rel=\"noopener noreferrer\" class=\"button primary button-teaser\"><span class=\"button-arrow\"><\/span>En savoir plus<\/a><\/div><a href=\"\/fr\/apercu-des-21-normes-zewo-condense-et-clair\/\" target=\"_self\" rel=\"noopener noreferrer\" class=\"button-teaser--is-full\"><\/a><\/div><\/div>\n\n\n\n<div class=\"wp-block-cgb-block-zewo-block-columns-container container bg-color-light-gray\"><div class=\"grid-x grid-margin-x\" data-columns=\"2\"><\/div><\/div>\n\n\n\n<div class=\"cell small-12 medium-6\"><div class=\"wp-block-cgb-block-zewo-block-image-teaser ab-block-cta bg-color-secondary\"><div class=\"ab-cta-content\"><h2 class=\"ab-cta-title\">Comment parvenir au label de qualit\u00e9 Zewo<strong> <\/strong><\/h2><\/div><div class=\"ab-cta-button\"><a href=\"\/fr\/comment-parvenir-au-label-de-qualite-zewo\/\" target=\"_self\" rel=\"noopener noreferrer\" class=\"button primary button-teaser\"><span class=\"button-arrow\"><\/span>Aper\u00e7u de la proc\u00e9dure<\/a><\/div><a href=\"\/fr\/comment-parvenir-au-label-de-qualite-zewo\/\" target=\"_self\" rel=\"noopener noreferrer\" class=\"button-teaser--is-full\"><\/a><\/div><\/div>\n<\/div><\/div>\n","protected":false},"excerpt":{"rendered":"<p>Notre identit\u00e9 et nos actions La Zewo est l&rsquo;organisme en charge de la certification des OBNL d&rsquo;int\u00e9r\u00eat public r\u00e9coltant des dons en Suisse. Elle garantit confiance et transparence en ce qui concerne les dons. Examen des OBNL et attribution du label de qualit\u00e9 La Zewo s\u2019engage en faveur des OBNL d&rsquo;utilit\u00e9 publique qui utilisent leurs [&hellip;]<\/p>\n","protected":false},"author":6,"featured_media":0,"parent":0,"menu_order":337,"comment_status":"closed","ping_status":"closed","template":"","meta":{"_acf_changed":false,"footnotes":""},"folder":[6643],"class_list":["post-498486","page","type-page","status-publish","hentry"],"acf":[],"yoast_head":"<!-- This site is optimized with the Yoast SEO Premium plugin v26.0 (Yoast SEO v26.0) - https:\/\/yoast.com\/wordpress\/plugins\/seo\/ -->\n<title>Zewo<\/title>\n<meta name=\"description\" content=\"Avec les organisations d&#039;entraide contr\u00f4l\u00e9es par la Zewo, les donatrices et donateurs peuvent avoir la certitude que leur don arrive \u00e0 destination. Lisez pour plus de clart\u00e9 sur les questions relatives aux dons.\" \/>\n<meta name=\"robots\" content=\"index, follow, max-snippet:-1, max-image-preview:large, max-video-preview:-1\" \/>\n<link rel=\"canonical\" href=\"https:\/\/zewo.ch\/fr\/zewo\/\" \/>\n<meta property=\"og:locale\" content=\"fr_FR\" \/>\n<meta property=\"og:type\" content=\"article\" \/>\n<meta property=\"og:description\" content=\"Avec les organisations d&#039;entraide contr\u00f4l\u00e9es par la Zewo, les donatrices et donateurs peuvent avoir la certitude que leur don arrive \u00e0 destination. Lisez pour plus de clart\u00e9 sur les questions relatives aux dons.\" \/>\n<meta property=\"og:url\" content=\"https:\/\/zewo.ch\/fr\/zewo\/\" \/>\n<meta property=\"og:site_name\" content=\"Zewo\" \/>\n<meta property=\"article:publisher\" content=\"https:\/\/www.facebook.com\/Stiftung.ZEWO\/\" \/>\n<meta property=\"article:modified_time\" content=\"2024-05-28T09:40:30+00:00\" \/>\n<meta name=\"twitter:card\" content=\"summary_large_image\" \/>\n<meta name=\"twitter:site\" content=\"@stiftung_zewo\" \/>\n<meta name=\"twitter:label1\" content=\"Dur\u00e9e de lecture estim\u00e9e\" \/>\n\t<meta name=\"twitter:data1\" content=\"6 minutes\" \/>\n<script type=\"application\/ld+json\" class=\"yoast-schema-graph\">{\"@context\":\"https:\/\/schema.org\",\"@graph\":[{\"@type\":\"WebPage\",\"@id\":\"https:\/\/zewo.ch\/fr\/zewo\/#webpage\",\"url\":\"https:\/\/zewo.ch\/fr\/zewo\/#webpage\",\"name\":\"\",\"isPartOf\":{\"@id\":\"https:\/\/zewo.ch\/fr\/#website\"},\"datePublished\":\"2019-07-31T07:45:13+00:00\",\"dateModified\":\"2024-05-28T09:40:30+00:00\",\"description\":\"Avec les organisations d'entraide contr\u00f4l\u00e9es par la Zewo, les donatrices et donateurs peuvent avoir la certitude que leur don arrive \u00e0 destination. Lisez pour plus de clart\u00e9 sur les questions relatives aux dons.\",\"breadcrumb\":{\"@id\":\"https:\/\/zewo.ch\/fr\/zewo\/#breadcrumb\"},\"inLanguage\":\"fr-FR\",\"potentialAction\":[{\"@type\":\"ReadAction\",\"target\":[\"https:\/\/zewo.ch\/fr\/zewo\/\"]}]},{\"@type\":\"BreadcrumbList\",\"@id\":\"https:\/\/zewo.ch\/fr\/zewo\/#breadcrumb\",\"itemListElement\":[{\"@type\":\"ListItem\",\"position\":1,\"name\":\"Home\",\"item\":\"https:\/\/zewo.ch\/fr\/\"},{\"@type\":\"ListItem\",\"position\":2,\"name\":\"Zewo\"}]},{\"@type\":\"WebSite\",\"@id\":\"https:\/\/zewo.ch\/fr\/#website\",\"url\":\"https:\/\/zewo.ch\/fr\/\",\"name\":\"Zewo\",\"description\":\"Votre don en bonnes mains.\",\"publisher\":{\"@id\":\"https:\/\/zewo.ch\/fr\/#organization\"},\"potentialAction\":[{\"@type\":\"SearchAction\",\"target\":{\"@type\":\"EntryPoint\",\"urlTemplate\":\"https:\/\/zewo.ch\/fr\/?s={search_term_string}\"},\"query-input\":{\"@type\":\"PropertyValueSpecification\",\"valueRequired\":true,\"valueName\":\"search_term_string\"}}],\"inLanguage\":\"fr-FR\"},{\"@type\":\"Organization\",\"@id\":\"https:\/\/zewo.ch\/fr\/#organization\",\"name\":\"Stiftung Zewo\",\"url\":\"https:\/\/zewo.ch\/fr\/\",\"logo\":{\"@type\":\"ImageObject\",\"inLanguage\":\"fr-FR\",\"@id\":\"https:\/\/zewo.ch\/fr\/#\/schema\/logo\/image\/\",\"url\":\"https:\/\/zewo.ch\/wp-content\/uploads\/2019\/08\/Zewo_Logo_Claim_D.svg\",\"contentUrl\":\"https:\/\/zewo.ch\/wp-content\/uploads\/2019\/08\/Zewo_Logo_Claim_D.svg\",\"width\":1,\"height\":1,\"caption\":\"Stiftung Zewo\"},\"image\":{\"@id\":\"https:\/\/zewo.ch\/fr\/#\/schema\/logo\/image\/\"},\"sameAs\":[\"https:\/\/www.facebook.com\/Stiftung.ZEWO\/\",\"https:\/\/x.com\/stiftung_zewo\",\"https:\/\/www.linkedin.com\/company\/stiftung-zewo\",\"https:\/\/www.youtube.com\/channel\/UCzjsVJro12OXcvvx1LQP8tw\",\"https:\/\/de.wikipedia.org\/wiki\/Zewo\"]}]}<\/script>\n<!-- \/ Yoast SEO Premium plugin. -->","yoast_head_json":{"title":"Zewo","description":"Avec les organisations d'entraide contr\u00f4l\u00e9es par la Zewo, les donatrices et donateurs peuvent avoir la certitude que leur don arrive \u00e0 destination. Lisez pour plus de clart\u00e9 sur les questions relatives aux dons.","robots":{"index":"index","follow":"follow","max-snippet":"max-snippet:-1","max-image-preview":"max-image-preview:large","max-video-preview":"max-video-preview:-1"},"canonical":"https:\/\/zewo.ch\/fr\/zewo\/","og_locale":"fr_FR","og_type":"article","og_description":"Avec les organisations d'entraide contr\u00f4l\u00e9es par la Zewo, les donatrices et donateurs peuvent avoir la certitude que leur don arrive \u00e0 destination. Lisez pour plus de clart\u00e9 sur les questions relatives aux dons.","og_url":"https:\/\/zewo.ch\/fr\/zewo\/","og_site_name":"Zewo","article_publisher":"https:\/\/www.facebook.com\/Stiftung.ZEWO\/","article_modified_time":"2024-05-28T09:40:30+00:00","twitter_card":"summary_large_image","twitter_site":"@stiftung_zewo","twitter_misc":{"Dur\u00e9e de lecture estim\u00e9e":"6 minutes"},"schema":{"@context":"https:\/\/schema.org","@graph":[{"@type":"WebPage","@id":"https:\/\/zewo.ch\/fr\/zewo\/#webpage","url":"https:\/\/zewo.ch\/fr\/zewo\/#webpage","name":"","isPartOf":{"@id":"https:\/\/zewo.ch\/fr\/#website"},"datePublished":"2019-07-31T07:45:13+00:00","dateModified":"2024-05-28T09:40:30+00:00","description":"Avec les organisations d'entraide contr\u00f4l\u00e9es par la Zewo, les donatrices et donateurs peuvent avoir la certitude que leur don arrive \u00e0 destination. Lisez pour plus de clart\u00e9 sur les questions relatives aux dons.","breadcrumb":{"@id":"https:\/\/zewo.ch\/fr\/zewo\/#breadcrumb"},"inLanguage":"fr-FR","potentialAction":[{"@type":"ReadAction","target":["https:\/\/zewo.ch\/fr\/zewo\/"]}]},{"@type":"BreadcrumbList","@id":"https:\/\/zewo.ch\/fr\/zewo\/#breadcrumb","itemListElement":[{"@type":"ListItem","position":1,"name":"Home","item":"https:\/\/zewo.ch\/fr\/"},{"@type":"ListItem","position":2,"name":"Zewo"}]},{"@type":"WebSite","@id":"https:\/\/zewo.ch\/fr\/#website","url":"https:\/\/zewo.ch\/fr\/","name":"Zewo","description":"Votre don en bonnes mains.","publisher":{"@id":"https:\/\/zewo.ch\/fr\/#organization"},"potentialAction":[{"@type":"SearchAction","target":{"@type":"EntryPoint","urlTemplate":"https:\/\/zewo.ch\/fr\/?s={search_term_string}"},"query-input":{"@type":"PropertyValueSpecification","valueRequired":true,"valueName":"search_term_string"}}],"inLanguage":"fr-FR"},{"@type":"Organization","@id":"https:\/\/zewo.ch\/fr\/#organization","name":"Stiftung Zewo","url":"https:\/\/zewo.ch\/fr\/","logo":{"@type":"ImageObject","inLanguage":"fr-FR","@id":"https:\/\/zewo.ch\/fr\/#\/schema\/logo\/image\/","url":"https:\/\/zewo.ch\/wp-content\/uploads\/2019\/08\/Zewo_Logo_Claim_D.svg","contentUrl":"https:\/\/zewo.ch\/wp-content\/uploads\/2019\/08\/Zewo_Logo_Claim_D.svg","width":1,"height":1,"caption":"Stiftung Zewo"},"image":{"@id":"https:\/\/zewo.ch\/fr\/#\/schema\/logo\/image\/"},"sameAs":["https:\/\/www.facebook.com\/Stiftung.ZEWO\/","https:\/\/x.com\/stiftung_zewo","https:\/\/www.linkedin.com\/company\/stiftung-zewo","https:\/\/www.youtube.com\/channel\/UCzjsVJro12OXcvvx1LQP8tw","https:\/\/de.wikipedia.org\/wiki\/Zewo"]}]}},"publishpress_future_action":{"enabled":false,"date":"2026-04-23 10:51:25","action":"change-status","newStatus":"draft","terms":[],"taxonomy":"translation_priority","extraData":[]},"publishpress_future_workflow_manual_trigger":{"enabledWorkflows":[]},"_links":{"self":[{"href":"https:\/\/zewo.ch\/fr\/wp-json\/wp\/v2\/pages\/498486","targetHints":{"allow":["GET"]}}],"collection":[{"href":"https:\/\/zewo.ch\/fr\/wp-json\/wp\/v2\/pages"}],"about":[{"href":"https:\/\/zewo.ch\/fr\/wp-json\/wp\/v2\/types\/page"}],"author":[{"embeddable":true,"href":"https:\/\/zewo.ch\/fr\/wp-json\/wp\/v2\/users\/6"}],"replies":[{"embeddable":true,"href":"https:\/\/zewo.ch\/fr\/wp-json\/wp\/v2\/comments?post=498486"}],"version-history":[{"count":40,"href":"https:\/\/zewo.ch\/fr\/wp-json\/wp\/v2\/pages\/498486\/revisions"}],"predecessor-version":[{"id":5918811,"href":"https:\/\/zewo.ch\/fr\/wp-json\/wp\/v2\/pages\/498486\/revisions\/5918811"}],"wp:attachment":[{"href":"https:\/\/zewo.ch\/fr\/wp-json\/wp\/v2\/media?parent=498486"}],"wp:term":[{"taxonomy":"folder","embeddable":true,"href":"https:\/\/zewo.ch\/fr\/wp-json\/wp\/v2\/folder?post=498486"}],"curies":[{"name":"wp","href":"https:\/\/api.w.org\/{rel}","templated":true}]}}