{"id":497568,"date":"2019-07-31T08:36:19","date_gmt":"2019-07-31T06:36:19","guid":{"rendered":"https:\/\/www.zewo.ch\/?page_id=497568"},"modified":"2024-08-19T09:52:06","modified_gmt":"2024-08-19T07:52:06","slug":"demander-un-examen-complet","status":"publish","type":"page","link":"https:\/\/zewo.ch\/fr\/comment-parvenir-au-label-de-qualite-zewo\/demander-un-examen-complet\/","title":{"rendered":"Demander un examen complet"},"content":{"rendered":"\n<h2 class=\"wp-block-heading\" id=\"1\">Obtenir le label de qualit\u00e9<\/h2>\n\n\n\n<p><strong>Votre OBNL s\u2019est bien pr\u00e9par\u00e9e \u00e0 l\u2019examen et vous\n\u00eates persuad\u00e9s qu\u2019elle respecte les 21 normes. Demandez l\u2019examen de la Zewo en\nvue d\u2019une certification.<\/strong><\/p>\n\n\n\n<p>Remplissez ce formulaire pour obtenir votre mot de passe personnel et acc\u00e9der au questionnaire en ligne. <\/p>\n\n\n\n<h3 class=\"wp-block-heading\" id=\"1\">D\u00e9poser la demande<\/h3>\n\n\n\n<div class=\"wpcf7 no-js\" id=\"wpcf7-f503882-o1\" lang=\"de-DE\" dir=\"ltr\" data-wpcf7-id=\"503882\">\n<div class=\"screen-reader-response\"><p role=\"status\" aria-live=\"polite\" aria-atomic=\"true\"><\/p> <ul><\/ul><\/div>\n<form action=\"\/fr\/wp-json\/wp\/v2\/pages\/497568#wpcf7-f503882-o1\" method=\"post\" class=\"wpcf7-form init\" aria-label=\"Kontaktformular\" novalidate=\"novalidate\" data-status=\"init\">\n<fieldset class=\"hidden-fields-container\"><input type=\"hidden\" name=\"_wpcf7\" value=\"503882\" \/><input type=\"hidden\" name=\"_wpcf7_version\" value=\"6.1.2\" \/><input type=\"hidden\" name=\"_wpcf7_locale\" value=\"de_DE\" \/><input type=\"hidden\" name=\"_wpcf7_unit_tag\" value=\"wpcf7-f503882-o1\" \/><input type=\"hidden\" name=\"_wpcf7_container_post\" value=\"0\" \/><input type=\"hidden\" name=\"_wpcf7_posted_data_hash\" value=\"\" \/><input type=\"hidden\" name=\"_wpcf7_recaptcha_response\" value=\"\" \/>\n<\/fieldset>\n<div class=\"form-field\">\n\t<p><label> Nom de l'organisation* <\/label><br \/>\n<span class=\"wpcf7-form-control-wrap\" data-name=\"f-company\"><input size=\"40\" maxlength=\"400\" class=\"wpcf7-form-control wpcf7-text wpcf7-validates-as-required\" aria-required=\"true\" aria-invalid=\"false\" value=\"\" type=\"text\" name=\"f-company\" \/><\/span>\n\t<\/p>\n<\/div>\n<div class=\"form-field\">\n\t<p><label> Nom et pr\u00e9nom* <\/label><br \/>\n<span class=\"wpcf7-form-control-wrap\" data-name=\"f-name\"><input size=\"40\" maxlength=\"400\" class=\"wpcf7-form-control wpcf7-text wpcf7-validates-as-required\" aria-required=\"true\" aria-invalid=\"false\" value=\"\" type=\"text\" name=\"f-name\" \/><\/span>\n\t<\/p>\n<\/div>\n<div class=\"form-field\">\n\t<p><label> E-Mail* <\/label><br \/>\n<span class=\"wpcf7-form-control-wrap\" data-name=\"f-email\"><input size=\"40\" maxlength=\"400\" class=\"wpcf7-form-control wpcf7-email wpcf7-validates-as-required wpcf7-text wpcf7-validates-as-email\" aria-required=\"true\" aria-invalid=\"false\" value=\"\" type=\"email\" name=\"f-email\" \/><\/span>\n\t<\/p>\n<\/div>\n<div class=\"form-field\">\n\t<p><label> T\u00e9l\u00e9phone* <\/label><br \/>\n<span class=\"wpcf7-form-control-wrap\" data-name=\"f-phone\"><input size=\"40\" maxlength=\"400\" class=\"wpcf7-form-control wpcf7-text wpcf7-validates-as-required\" aria-required=\"true\" aria-invalid=\"false\" value=\"\" type=\"text\" name=\"f-phone\" \/><\/span>\n\t<\/p>\n<\/div>\n<div class=\"form-field\">\n\t<p><label> Commentaire <\/label><br \/>\n<span class=\"wpcf7-form-control-wrap\" data-name=\"f-message\"><textarea cols=\"40\" rows=\"10\" maxlength=\"2000\" class=\"wpcf7-form-control wpcf7-textarea\" aria-invalid=\"false\" name=\"f-message\"><\/textarea><\/span>\n\t<\/p>\n<\/div>\n<p><button id='submit' class='wpcf7-form-control wpcf7-submit button is--transparent'><span class=\"button-arrow\"><\/span>Demander un mot de passe pour la certification<\/button>\n<\/p><div class=\"wpcf7-response-output\" aria-hidden=\"true\"><\/div>\n<\/form>\n<\/div>\n\n\n\n\n<p>Remplissez soigneusement le formulaire et joignez-y les documents n\u00e9cessaires. Lorsque le dossier est complet, imprimez la demande apparaissant sur la derni\u00e8re page. Signez le document et envoyez-le \u00e0 l\u2019adresse suivante : Fondation Zewo, Pfingstweidstrasse 10, 8005 Zurich. D\u00e8s que votre dossier complet aura \u00e9t\u00e9 envoy\u00e9 \u00e0 la Zewo, vous recevrez la confirmation qu\u2019il a bien \u00e9t\u00e9 re\u00e7u et qu\u2019il est d\u00e9sormais en cours d\u2019examen. Si certains&nbsp;<a href=\"https:\/\/zewo.ch\/fr\/comment-parvenir-au-label-de-qualite-zewo\/autotest\/\">pr\u00e9requis manquent pour la certification<\/a>, la Zewo recommande \u00e0 votre OBNL de proc\u00e9der en premier lieu \u00e0 une&nbsp;<a href=\"https:\/\/zewo.ch\/fr\/comment-parvenir-au-label-de-qualite-zewo\/solliciter-une-estimation-sans-engagement\/\">estimation<\/a>.<\/p>\n\n\n\n<h3 class=\"wp-block-heading\" id=\"2\">L\u2019examen en bref<\/h3>\n\n\n\n<p>La Zewo v\u00e9rifie si les OBNL respectent bien ses 21 normes. Pour cela, elle v\u00e9rifie les documents fournis et se d\u00e9place aupr\u00e8s de votre OBNL. A la fin de ces v\u00e9rifications, vous recevrez un rapport d\u2019examen vous pr\u00e9sentant les \u00e9ventuels \u00e9carts li\u00e9s aux normes Zewo. Votre OBNL peut alors exprimer sa position sur ce rapport. De plus, elle a la possibilit\u00e9 de rectifier les points mentionn\u00e9s dans un d\u00e9lai donn\u00e9.<\/p>\n\n\n\n<h3 class=\"wp-block-heading\" id=\"3\">Demande et d\u00e9cision<\/h3>\n\n\n\n<p>Seules les OBNL qui r\u00e9pondent aux normes Zewo obtiennent le label de qualit\u00e9 Zewo. Il d\u00e9signe les OBNL dignes de confiance et atteste d\u2019un usage des dons conforme au but, efficace et cibl\u00e9. Le conseil de fondation de Zewo d\u00e9cide, sur demande du secr\u00e9tariat, si le label est attribu\u00e9 ou non. Le conseil de fondation Zewo d\u00e9tient les droits de gestion du label de qualit\u00e9<\/p>\n\n\n\n<ul class=\"wp-block-list\">\n<li>\u00c9mettant des conditions qui doivent \u00eatre mises en \u0153uvre dans un d\u00e9lai imparti. La Zewo v\u00e9rifie que ceci soit effectu\u00e9 dans les temps. <\/li>\n\n\n\n<li>Indiquant ses recommandations sur les am\u00e9liorations souhait\u00e9es.<\/li>\n<\/ul>\n\n\n\n<p>Votre\nOBNL est inform\u00e9e de la d\u00e9cision par \u00e9crit. Si l\u2019examen de la Zewo d\u00e9voile que\nvotre OBNL ne r\u00e9pond pas aux normes, le secr\u00e9tariat du conseil de fondation de\nla Zewo recommande alors de ne pas octroyer le label de qualit\u00e9.<\/p>\n\n\n\n<p>Le\ndroit de porter le label de qualit\u00e9 Zewo est en principe octroy\u00e9 pour cinq ans.&nbsp;Ensuite,\nun examen a lieu pour le renouvellement du label de qualit\u00e9\n(recertification).&nbsp;<\/p>\n\n\n\n<h3 class=\"wp-block-heading\" id=\"4\">Co\u00fbts<\/h3>\n\n\n\n<p>Les frais d\u2019examen d\u00e9pendent de la charge de travail engendr\u00e9e. Une bonne pr\u00e9paration permet donc de les maintenir au plus bas. D\u2019apr\u00e8s notre exp\u00e9rience, les OBNL doivent pr\u00e9voir une d\u00e9pense unique situ\u00e9e entre 3000 et 5000 francs pour obtenir le label de qualit\u00e9. La recertification peut \u00eatre effectu\u00e9e au bout de cinq ans et entra\u00eene des frais allant de 2500 \u00e0 3500 francs.<\/p>\n\n\n\n<ul class=\"wp-block-list\">\n<li>Les petits OBNL dont les revenus ne d\u00e9passent pas les 750\u2019000 francs b\u00e9n\u00e9ficient d\u2019un tarif forfaitaire de 500 francs par an.<\/li>\n\n\n\n<li>Les sections r\u00e9gionales des organisations fa\u00eeti\u00e8res b\u00e9n\u00e9ficient, ind\u00e9pendamment de leur taille, d&rsquo;un tarif forfaitaire de 300 francs par an.<\/li>\n\n\n\n<li>Pour les grandes OBNL dont les revenus annuels s\u2019\u00e9l\u00e8vent \u00e0 plus de 38 millions de francs, un tarifs forfaitaire maximal de 13\u2019000 francs par an s\u2019applique.<\/li>\n\n\n\n<li>Pour les autres OBNL, le calcul des frais annuels est effectu\u00e9 sur la base de 1\/3 pour mille des recettes totales et pour les foyers, sur la base de 1\/8 pour mille des recettes totales.<\/li>\n<\/ul>\n\n\n\n<p>Dans\ntous les cas, les petites OBNL doivent pr\u00e9voir un budget d\u2019environ 1300 francs\npar an pour une certification Zewo sur 10 ans en moyenne.<\/p>\n\n\n\n<h3 class=\"wp-block-heading\" id=\"5\">R\u00e8glements applicables<\/h3>\n\n\n\n<ul class=\"list-icons wp-block-list\">\n<li><a href=\"https:\/\/zewo.ch\/fr\/apercu-des-21-normes-zewo-condense-et-clair\/\" target=\"_blank\" rel=\"noreferrer noopener\">Les 21 Normes Zewo<\/a><\/li>\n\n\n\n<li><a aria-label=\"R\u00e8glement des taxes\u2028 (\u00f6ffnet in neuem Tab)\" rel=\"noreferrer noopener\" href=\"https:\/\/zewo.ch\/fr\/reglement-des-taxes\/\" target=\"_blank\">R\u00e8glement des taxes<\/a><\/li>\n\n\n\n<li><a aria-label=\"R\u00e8glement relatif au label de qualit\u00e9 Zewo (\u00f6ffnet in neuem Tab)\" rel=\"noreferrer noopener\" href=\"https:\/\/zewo.ch\/fr\/reglement-relatif-au-label-de-qualite-zewo-2016\/\" target=\"_blank\">R\u00e8glement relatif au label de qualit\u00e9 Zewo<\/a><\/li>\n<\/ul>\n\n\n\n<div class=\"wp-block-cgb-block-zewo-block-columns-container container bg-color-light-gray\"><div class=\"grid-x grid-margin-x\" data-columns=\"2\">\n\n\n<div class=\"cell small-12 medium-6\"><div class=\"wp-block-cgb-block-zewo-block-image-teaser ab-block-cta bg-color-secondary\"><div class=\"ab-cta-content\"><h2 class=\"ab-cta-title\">Solliciter une estimation sans engagement<\/h2><\/div><div class=\"ab-cta-button\"><a href=\"\/fr\/comment-parvenir-au-label-de-qualite-zewo\/solliciter-une-estimation-sans-engagement\/\" target=\"_self\" rel=\"noopener noreferrer\" class=\"button primary button-teaser\"><span class=\"button-arrow\"><\/span>Sollicitez une estimation sans engagement<\/a><\/div><a href=\"\/fr\/comment-parvenir-au-label-de-qualite-zewo\/solliciter-une-estimation-sans-engagement\/\" target=\"_self\" rel=\"noopener noreferrer\" class=\"button-teaser--is-full\"><\/a><\/div><\/div>\n<\/div><\/div>\n","protected":false},"excerpt":{"rendered":"<p>Obtenir le label de qualit\u00e9 Votre OBNL s\u2019est bien pr\u00e9par\u00e9e \u00e0 l\u2019examen et vous \u00eates persuad\u00e9s qu\u2019elle respecte les 21 normes. Demandez l\u2019examen de la Zewo en vue d\u2019une certification. Remplissez ce formulaire pour obtenir votre mot de passe personnel et acc\u00e9der au questionnaire en ligne. D\u00e9poser la demande Remplissez soigneusement le formulaire et joignez-y [&hellip;]<\/p>\n","protected":false},"author":38,"featured_media":666064,"parent":492853,"menu_order":13,"comment_status":"closed","ping_status":"closed","template":"","meta":{"_acf_changed":false,"footnotes":""},"folder":[6643],"class_list":["post-497568","page","type-page","status-publish","has-post-thumbnail","hentry"],"acf":[],"yoast_head":"<!-- This site is optimized with the Yoast SEO Premium plugin v26.0 (Yoast SEO v26.0) - https:\/\/yoast.com\/wordpress\/plugins\/seo\/ -->\n<title>Zewo<\/title>\n<meta name=\"description\" content=\"Vous \u00eates-vous bien pr\u00e9par\u00e9 \u00e0 l\u2019examen et avez-vous proc\u00e9d\u00e9, le cas \u00e9ch\u00e9ant, aux ajustements n\u00e9cessaires? D\u00e9posez maintenant la demande compl\u00e8te.\" \/>\n<meta name=\"robots\" content=\"index, follow, max-snippet:-1, max-image-preview:large, max-video-preview:-1\" \/>\n<link rel=\"canonical\" href=\"https:\/\/zewo.ch\/fr\/comment-parvenir-au-label-de-qualite-zewo\/demander-un-examen-complet\/\" \/>\n<meta property=\"og:locale\" content=\"fr_FR\" \/>\n<meta property=\"og:type\" content=\"article\" \/>\n<meta property=\"og:description\" content=\"Vous \u00eates-vous bien pr\u00e9par\u00e9 \u00e0 l\u2019examen et avez-vous proc\u00e9d\u00e9, le cas \u00e9ch\u00e9ant, aux ajustements n\u00e9cessaires? D\u00e9posez maintenant la demande compl\u00e8te.\" \/>\n<meta property=\"og:url\" content=\"https:\/\/zewo.ch\/fr\/comment-parvenir-au-label-de-qualite-zewo\/demander-un-examen-complet\/\" \/>\n<meta property=\"og:site_name\" content=\"Zewo\" \/>\n<meta property=\"article:publisher\" content=\"https:\/\/www.facebook.com\/Stiftung.ZEWO\/\" \/>\n<meta property=\"article:modified_time\" content=\"2024-08-19T07:52:06+00:00\" \/>\n<meta property=\"og:image\" content=\"https:\/\/zewo.ch\/wp-content\/uploads\/2019\/11\/shutterstock_1463233415_2_WP.jpg\" \/>\n\t<meta property=\"og:image:width\" content=\"2200\" \/>\n\t<meta property=\"og:image:height\" content=\"440\" \/>\n\t<meta property=\"og:image:type\" content=\"image\/jpeg\" \/>\n<meta name=\"twitter:card\" content=\"summary_large_image\" \/>\n<meta name=\"twitter:site\" content=\"@stiftung_zewo\" \/>\n<meta name=\"twitter:label1\" content=\"Dur\u00e9e de lecture estim\u00e9e\" \/>\n\t<meta name=\"twitter:data1\" content=\"11 minutes\" \/>\n<script type=\"application\/ld+json\" class=\"yoast-schema-graph\">{\"@context\":\"https:\/\/schema.org\",\"@graph\":[{\"@type\":\"WebPage\",\"@id\":\"https:\/\/zewo.ch\/fr\/comment-parvenir-au-label-de-qualite-zewo\/demander-un-examen-complet\/#webpage\",\"url\":\"https:\/\/zewo.ch\/fr\/comment-parvenir-au-label-de-qualite-zewo\/demander-un-examen-complet\/#webpage\",\"name\":\"\",\"isPartOf\":{\"@id\":\"https:\/\/zewo.ch\/fr\/#website\"},\"primaryImageOfPage\":{\"@id\":\"https:\/\/zewo.ch\/fr\/comment-parvenir-au-label-de-qualite-zewo\/demander-un-examen-complet\/#primaryimage\"},\"image\":{\"@id\":\"https:\/\/zewo.ch\/fr\/comment-parvenir-au-label-de-qualite-zewo\/demander-un-examen-complet\/#primaryimage\"},\"thumbnailUrl\":\"https:\/\/zewo.ch\/wp-content\/uploads\/2019\/11\/shutterstock_1463233415_2_WP.jpg\",\"datePublished\":\"2019-07-31T06:36:19+00:00\",\"dateModified\":\"2024-08-19T07:52:06+00:00\",\"description\":\"Vous \u00eates-vous bien pr\u00e9par\u00e9 \u00e0 l\u2019examen et avez-vous proc\u00e9d\u00e9, le cas \u00e9ch\u00e9ant, aux ajustements n\u00e9cessaires? D\u00e9posez maintenant la demande compl\u00e8te.\",\"breadcrumb\":{\"@id\":\"https:\/\/zewo.ch\/fr\/comment-parvenir-au-label-de-qualite-zewo\/demander-un-examen-complet\/#breadcrumb\"},\"inLanguage\":\"fr-FR\",\"potentialAction\":[{\"@type\":\"ReadAction\",\"target\":[\"https:\/\/zewo.ch\/fr\/comment-parvenir-au-label-de-qualite-zewo\/demander-un-examen-complet\/\"]}]},{\"@type\":\"ImageObject\",\"inLanguage\":\"fr-FR\",\"@id\":\"https:\/\/zewo.ch\/fr\/comment-parvenir-au-label-de-qualite-zewo\/demander-un-examen-complet\/#primaryimage\",\"url\":\"https:\/\/zewo.ch\/wp-content\/uploads\/2019\/11\/shutterstock_1463233415_2_WP.jpg\",\"contentUrl\":\"https:\/\/zewo.ch\/wp-content\/uploads\/2019\/11\/shutterstock_1463233415_2_WP.jpg\",\"width\":2200,\"height\":440,\"caption\":\"Header Pr\u00fcfung beantragen\"},{\"@type\":\"BreadcrumbList\",\"@id\":\"https:\/\/zewo.ch\/fr\/comment-parvenir-au-label-de-qualite-zewo\/demander-un-examen-complet\/#breadcrumb\",\"itemListElement\":[{\"@type\":\"ListItem\",\"position\":1,\"name\":\"Home\",\"item\":\"https:\/\/zewo.ch\/fr\/\"},{\"@type\":\"ListItem\",\"position\":2,\"name\":\"Comment parvenir au label de qualit\u00e9 Zewo\",\"item\":\"https:\/\/zewo.ch\/fr\/der-weg-zum-zewo-guetesiegel\/\"},{\"@type\":\"ListItem\",\"position\":3,\"name\":\"Demander un examen complet\"}]},{\"@type\":\"WebSite\",\"@id\":\"https:\/\/zewo.ch\/fr\/#website\",\"url\":\"https:\/\/zewo.ch\/fr\/\",\"name\":\"Zewo\",\"description\":\"Votre don en bonnes mains.\",\"publisher\":{\"@id\":\"https:\/\/zewo.ch\/fr\/#organization\"},\"potentialAction\":[{\"@type\":\"SearchAction\",\"target\":{\"@type\":\"EntryPoint\",\"urlTemplate\":\"https:\/\/zewo.ch\/fr\/?s={search_term_string}\"},\"query-input\":{\"@type\":\"PropertyValueSpecification\",\"valueRequired\":true,\"valueName\":\"search_term_string\"}}],\"inLanguage\":\"fr-FR\"},{\"@type\":\"Organization\",\"@id\":\"https:\/\/zewo.ch\/fr\/#organization\",\"name\":\"Stiftung Zewo\",\"url\":\"https:\/\/zewo.ch\/fr\/\",\"logo\":{\"@type\":\"ImageObject\",\"inLanguage\":\"fr-FR\",\"@id\":\"https:\/\/zewo.ch\/fr\/#\/schema\/logo\/image\/\",\"url\":\"https:\/\/zewo.ch\/wp-content\/uploads\/2019\/08\/Zewo_Logo_Claim_D.svg\",\"contentUrl\":\"https:\/\/zewo.ch\/wp-content\/uploads\/2019\/08\/Zewo_Logo_Claim_D.svg\",\"width\":1,\"height\":1,\"caption\":\"Stiftung Zewo\"},\"image\":{\"@id\":\"https:\/\/zewo.ch\/fr\/#\/schema\/logo\/image\/\"},\"sameAs\":[\"https:\/\/www.facebook.com\/Stiftung.ZEWO\/\",\"https:\/\/x.com\/stiftung_zewo\",\"https:\/\/www.linkedin.com\/company\/stiftung-zewo\",\"https:\/\/www.youtube.com\/channel\/UCzjsVJro12OXcvvx1LQP8tw\",\"https:\/\/de.wikipedia.org\/wiki\/Zewo\"]}]}<\/script>\n<!-- \/ Yoast SEO Premium plugin. -->","yoast_head_json":{"title":"Zewo","description":"Vous \u00eates-vous bien pr\u00e9par\u00e9 \u00e0 l\u2019examen et avez-vous proc\u00e9d\u00e9, le cas \u00e9ch\u00e9ant, aux ajustements n\u00e9cessaires? D\u00e9posez maintenant la demande compl\u00e8te.","robots":{"index":"index","follow":"follow","max-snippet":"max-snippet:-1","max-image-preview":"max-image-preview:large","max-video-preview":"max-video-preview:-1"},"canonical":"https:\/\/zewo.ch\/fr\/comment-parvenir-au-label-de-qualite-zewo\/demander-un-examen-complet\/","og_locale":"fr_FR","og_type":"article","og_description":"Vous \u00eates-vous bien pr\u00e9par\u00e9 \u00e0 l\u2019examen et avez-vous proc\u00e9d\u00e9, le cas \u00e9ch\u00e9ant, aux ajustements n\u00e9cessaires? D\u00e9posez maintenant la demande compl\u00e8te.","og_url":"https:\/\/zewo.ch\/fr\/comment-parvenir-au-label-de-qualite-zewo\/demander-un-examen-complet\/","og_site_name":"Zewo","article_publisher":"https:\/\/www.facebook.com\/Stiftung.ZEWO\/","article_modified_time":"2024-08-19T07:52:06+00:00","og_image":[{"width":2200,"height":440,"url":"https:\/\/zewo.ch\/wp-content\/uploads\/2019\/11\/shutterstock_1463233415_2_WP.jpg","type":"image\/jpeg"}],"twitter_card":"summary_large_image","twitter_site":"@stiftung_zewo","twitter_misc":{"Dur\u00e9e de lecture estim\u00e9e":"11 minutes"},"schema":{"@context":"https:\/\/schema.org","@graph":[{"@type":"WebPage","@id":"https:\/\/zewo.ch\/fr\/comment-parvenir-au-label-de-qualite-zewo\/demander-un-examen-complet\/#webpage","url":"https:\/\/zewo.ch\/fr\/comment-parvenir-au-label-de-qualite-zewo\/demander-un-examen-complet\/#webpage","name":"","isPartOf":{"@id":"https:\/\/zewo.ch\/fr\/#website"},"primaryImageOfPage":{"@id":"https:\/\/zewo.ch\/fr\/comment-parvenir-au-label-de-qualite-zewo\/demander-un-examen-complet\/#primaryimage"},"image":{"@id":"https:\/\/zewo.ch\/fr\/comment-parvenir-au-label-de-qualite-zewo\/demander-un-examen-complet\/#primaryimage"},"thumbnailUrl":"https:\/\/zewo.ch\/wp-content\/uploads\/2019\/11\/shutterstock_1463233415_2_WP.jpg","datePublished":"2019-07-31T06:36:19+00:00","dateModified":"2024-08-19T07:52:06+00:00","description":"Vous \u00eates-vous bien pr\u00e9par\u00e9 \u00e0 l\u2019examen et avez-vous proc\u00e9d\u00e9, le cas \u00e9ch\u00e9ant, aux ajustements n\u00e9cessaires? D\u00e9posez maintenant la demande compl\u00e8te.","breadcrumb":{"@id":"https:\/\/zewo.ch\/fr\/comment-parvenir-au-label-de-qualite-zewo\/demander-un-examen-complet\/#breadcrumb"},"inLanguage":"fr-FR","potentialAction":[{"@type":"ReadAction","target":["https:\/\/zewo.ch\/fr\/comment-parvenir-au-label-de-qualite-zewo\/demander-un-examen-complet\/"]}]},{"@type":"ImageObject","inLanguage":"fr-FR","@id":"https:\/\/zewo.ch\/fr\/comment-parvenir-au-label-de-qualite-zewo\/demander-un-examen-complet\/#primaryimage","url":"https:\/\/zewo.ch\/wp-content\/uploads\/2019\/11\/shutterstock_1463233415_2_WP.jpg","contentUrl":"https:\/\/zewo.ch\/wp-content\/uploads\/2019\/11\/shutterstock_1463233415_2_WP.jpg","width":2200,"height":440,"caption":"Header Pr\u00fcfung beantragen"},{"@type":"BreadcrumbList","@id":"https:\/\/zewo.ch\/fr\/comment-parvenir-au-label-de-qualite-zewo\/demander-un-examen-complet\/#breadcrumb","itemListElement":[{"@type":"ListItem","position":1,"name":"Home","item":"https:\/\/zewo.ch\/fr\/"},{"@type":"ListItem","position":2,"name":"Comment parvenir au label de qualit\u00e9 Zewo","item":"https:\/\/zewo.ch\/fr\/der-weg-zum-zewo-guetesiegel\/"},{"@type":"ListItem","position":3,"name":"Demander un examen complet"}]},{"@type":"WebSite","@id":"https:\/\/zewo.ch\/fr\/#website","url":"https:\/\/zewo.ch\/fr\/","name":"Zewo","description":"Votre don en bonnes mains.","publisher":{"@id":"https:\/\/zewo.ch\/fr\/#organization"},"potentialAction":[{"@type":"SearchAction","target":{"@type":"EntryPoint","urlTemplate":"https:\/\/zewo.ch\/fr\/?s={search_term_string}"},"query-input":{"@type":"PropertyValueSpecification","valueRequired":true,"valueName":"search_term_string"}}],"inLanguage":"fr-FR"},{"@type":"Organization","@id":"https:\/\/zewo.ch\/fr\/#organization","name":"Stiftung Zewo","url":"https:\/\/zewo.ch\/fr\/","logo":{"@type":"ImageObject","inLanguage":"fr-FR","@id":"https:\/\/zewo.ch\/fr\/#\/schema\/logo\/image\/","url":"https:\/\/zewo.ch\/wp-content\/uploads\/2019\/08\/Zewo_Logo_Claim_D.svg","contentUrl":"https:\/\/zewo.ch\/wp-content\/uploads\/2019\/08\/Zewo_Logo_Claim_D.svg","width":1,"height":1,"caption":"Stiftung Zewo"},"image":{"@id":"https:\/\/zewo.ch\/fr\/#\/schema\/logo\/image\/"},"sameAs":["https:\/\/www.facebook.com\/Stiftung.ZEWO\/","https:\/\/x.com\/stiftung_zewo","https:\/\/www.linkedin.com\/company\/stiftung-zewo","https:\/\/www.youtube.com\/channel\/UCzjsVJro12OXcvvx1LQP8tw","https:\/\/de.wikipedia.org\/wiki\/Zewo"]}]}},"publishpress_future_action":{"enabled":false,"date":"2026-04-23 03:39:49","action":"change-status","newStatus":"draft","terms":[],"taxonomy":"translation_priority","extraData":[]},"publishpress_future_workflow_manual_trigger":{"enabledWorkflows":[]},"_links":{"self":[{"href":"https:\/\/zewo.ch\/fr\/wp-json\/wp\/v2\/pages\/497568","targetHints":{"allow":["GET"]}}],"collection":[{"href":"https:\/\/zewo.ch\/fr\/wp-json\/wp\/v2\/pages"}],"about":[{"href":"https:\/\/zewo.ch\/fr\/wp-json\/wp\/v2\/types\/page"}],"author":[{"embeddable":true,"href":"https:\/\/zewo.ch\/fr\/wp-json\/wp\/v2\/users\/38"}],"replies":[{"embeddable":true,"href":"https:\/\/zewo.ch\/fr\/wp-json\/wp\/v2\/comments?post=497568"}],"version-history":[{"count":18,"href":"https:\/\/zewo.ch\/fr\/wp-json\/wp\/v2\/pages\/497568\/revisions"}],"predecessor-version":[{"id":5917913,"href":"https:\/\/zewo.ch\/fr\/wp-json\/wp\/v2\/pages\/497568\/revisions\/5917913"}],"up":[{"embeddable":true,"href":"https:\/\/zewo.ch\/fr\/wp-json\/wp\/v2\/pages\/492853"}],"wp:featuredmedia":[{"embeddable":true,"href":"https:\/\/zewo.ch\/fr\/wp-json\/wp\/v2\/media\/666064"}],"wp:attachment":[{"href":"https:\/\/zewo.ch\/fr\/wp-json\/wp\/v2\/media?parent=497568"}],"wp:term":[{"taxonomy":"folder","embeddable":true,"href":"https:\/\/zewo.ch\/fr\/wp-json\/wp\/v2\/folder?post=497568"}],"curies":[{"name":"wp","href":"https:\/\/api.w.org\/{rel}","templated":true}]}}