{"id":492874,"date":"2019-07-30T17:10:50","date_gmt":"2019-07-30T15:10:50","guid":{"rendered":"https:\/\/www.zewo.ch\/?page_id=492874"},"modified":"2025-07-23T16:58:15","modified_gmt":"2025-07-23T14:58:15","slug":"solliciter-une-estimation-sans-engagement","status":"publish","type":"page","link":"https:\/\/zewo.ch\/fr\/comment-parvenir-au-label-de-qualite-zewo\/solliciter-une-estimation-sans-engagement\/","title":{"rendered":"Solliciter une estimation sans engagement"},"content":{"rendered":"\n<p>Pr\u00eat\u00b7e\u00b7s pour le label de qualit\u00e9 Zewo ?<\/p>\n\n\n\n<h2 class=\"wp-block-heading\">Estimation sans engagement pour votre OBNL \u2013 rapide, simple et personnalis\u00e9e<\/h2>\n\n\n\n<p>Votre organisation \u00e0 but non lucratif (OBNL) est-elle pr\u00eate pour la certification Zewo ? D\u00e9couvrez-le gr\u00e2ce \u00e0 une estimation professionnelle sans engagement propos\u00e9e par la Zewo. Vous obtenez un bilan clair de votre situation actuelle et des recommandations concr\u00e8tes pour pr\u00e9parer efficacement votre OBNL \u00e0 l\u2019obtention du label de qualit\u00e9 Zewo.<\/p>\n\n\n\n<h2 class=\"wp-block-heading\" id=\"Pourquoi-demander-une-estimation-sans-engagement-?\">Pourquoi demander une estimation sans engagement ?<\/h2>\n\n\n\n<p>Vous souhaitez avoir une premi\u00e8re vue d\u2019ensemble ou clarifier certaines questions cl\u00e9s ? M\u00eame avec peu de documents, vous recevrez une analyse professionnelle accompagn\u00e9e de conseils cibl\u00e9s pour faire progresser votre OBNL vers la certification Zewo.<\/p>\n\n\n\n<h2 class=\"wp-block-heading\" id=\"Comment-se-d\u00e9roule-l\u2019estimation-?\">Comment se d\u00e9roule l\u2019estimation ?<\/h2>\n\n\n\n<p><strong>1. Remplir le questionnaire et soumettre vos documents<\/strong><br>R\u00e9pondez au court questionnaire ci-dessous et transmettez les documents d\u00e9j\u00e0 disponibles de votre organisation.<\/p>\n\n\n\n<p><strong>2. Entretien personnalis\u00e9 avec Zewo<\/strong><br>Une fois vos documents analys\u00e9s, nous vous inviterons \u00e0 un entretien. Ensemble, nous \u00e9valuerons les points forts de votre OBNL et identifierons les aspects \u00e0 optimiser pour r\u00e9pondre aux <a href=\"\/fr\/apercu-des-21-normes-zewo-condense-et-clair\/\">exigences du label de qualit\u00e9 Zewo.<\/a><\/p>\n\n\n\n<p><strong>3. R\u00e9sultat sous forme \u00e9crite<\/strong><br>Quelques jours apr\u00e8s l\u2019entretien, vous recevrez une estimation \u00e9crite. Ce document fournit des recommandations concr\u00e8tes sur les \u00e9l\u00e9ments \u00e0 am\u00e9liorer avant l\u2019audit officiel, ainsi qu\u2019un aper\u00e7u des points qui seront examin\u00e9s plus en d\u00e9tail lors d\u2019un examen complet.<\/p>\n\n\n\n<h2 class=\"wp-block-heading\">Vous avez des questions sp\u00e9cifiques ?<\/h2>\n\n\n\n<p>Pas de probl\u00e8me. Si vous souhaitez discuter de th\u00e9matiques particuli\u00e8res \u2013 telles que la gouvernance, la structure, les co\u00fbts ou l\u2019impact social de votre organisation \u2013 indiquez-le-nous d\u00e8s le d\u00e9but. Nous adapterons l\u2019estimation \u00e0 vos priorit\u00e9s.<\/p>\n\n\n\n<h2 class=\"wp-block-heading\" id=\"Co\u00fbts-et-d\u00e9lais-\u2013-en-un-coup-d\u2019\u0153il\">Co\u00fbts et d\u00e9lais \u2013 en un coup d\u2019\u0153il<\/h2>\n\n\n\n<ul class=\"wp-block-list\">\n<li><strong>Co\u00fbts<\/strong> : CHF 500.\u2013 (hors TVA), tarif forfaitaire<\/li>\n\n\n\n<li><strong>D\u00e9lais<\/strong> : dans les 30 jours suivant la r\u00e9ception de vos documents, vous recevrez une invitation \u00e0 l\u2019entretien. L\u2019estimation \u00e9crite vous parviendra quelques jours apr\u00e8s l&rsquo;entretien.<\/li>\n<\/ul>\n\n\n\n<h2 class=\"wp-block-heading\" id=\"Solliciter-une-estimation-sans-engagement\">Solliciter une estimation sans engagement d\u00e8s maintenant<\/h2>\n\n\n\n<div id=\"surveyhero-embed-mqncs3xw\"><\/div>\n<script src=\"https:\/\/embed-cdn.surveyhero.com\/js\/user\/embed.mqncs3xw.js\" async><\/script>\n\n\n\n<p><\/p>\n\n\n\n<h2 class=\"wp-block-heading\" id=\"Informations-compl\u00e9mentaires\">Informations compl\u00e9mentaires<\/h2>\n\n\n\n<div class=\"wp-block-columns is-layout-flex wp-container-core-columns-is-layout-9d6595d7 wp-block-columns-is-layout-flex\">\n<div class=\"wp-block-column is-layout-flow wp-block-column-is-layout-flow\">\n<div class=\"cell small-12 medium-6\"><div class=\"wp-block-cgb-block-zewo-block-image-teaser ab-block-cta bg-color-secondary\"><div class=\"ab-cta-image-wrap bg-color-secondary\"><img decoding=\"async\" class=\"ab-cta-image\" src=\"https:\/\/zewo.ch\/wp-content\/uploads\/2019\/11\/shutterstock_1463233415_2_WP.jpg\" alt=\"Header Pr\u00fcfung beantragen\"\/><\/div><div class=\"ab-cta-content\"><h2 class=\"ab-cta-title\">Vous souhaitez faire certifier votre organisation ?<\/h2><\/div><div class=\"ab-cta-button\"><a href=\"\/fr\/comment-parvenir-au-label-de-qualite-zewo\/demander-un-examen-complet\/\" target=\"_self\" rel=\"noopener noreferrer\" class=\"button primary button-teaser\"><span class=\"button-arrow\"><\/span>Demander un examen complet<\/a><\/div><a href=\"\/fr\/comment-parvenir-au-label-de-qualite-zewo\/demander-un-examen-complet\/\" target=\"_self\" rel=\"noopener noreferrer\" class=\"button-teaser--is-full\"><\/a><\/div><\/div>\n<\/div>\n\n\n\n<div class=\"wp-block-column is-layout-flow wp-block-column-is-layout-flow\">\n<div class=\"cell small-12 medium-6\"><div class=\"wp-block-cgb-block-zewo-block-image-teaser ab-block-cta bg-color-secondary\"><div class=\"ab-cta-image-wrap bg-color-secondary\"><img decoding=\"async\" class=\"ab-cta-image\" src=\"https:\/\/zewo.ch\/wp-content\/uploads\/2019\/05\/21-zewo-standards-1.png\" alt=\"Die 21 Zewo-Standards f\u00fcr Spenden sammelnde NPO\"\/><\/div><div class=\"ab-cta-content\"><h2 class=\"ab-cta-title\">Les 21 normes Zewo<\/h2><\/div><div class=\"ab-cta-button\"><a href=\"\/fr\/apercu-des-21-normes-zewo-condense-et-clair\/\" target=\"_self\" rel=\"noopener noreferrer\" class=\"button primary button-teaser\"><span class=\"button-arrow\"><\/span>En savoir plus<\/a><\/div><a href=\"\/fr\/apercu-des-21-normes-zewo-condense-et-clair\/\" target=\"_self\" rel=\"noopener noreferrer\" class=\"button-teaser--is-full\"><\/a><\/div><\/div>\n\n\n\n<div class=\"wp-block-cgb-block-zewo-block-columns-container container bg-color-light-gray\"><div class=\"grid-x grid-margin-x\" data-columns=\"2\"><\/div><\/div>\n<\/div>\n<\/div>\n\n\n\n<div class=\"wp-block-cgb-block-zewo-block-columns-container container bg-color-light-gray\"><div class=\"grid-x grid-margin-x\" data-columns=\"2\"><\/div><\/div>\n","protected":false},"excerpt":{"rendered":"<p>Pr\u00eat\u00b7e\u00b7s pour le label de qualit\u00e9 Zewo ? Estimation sans engagement pour votre OBNL \u2013 rapide, simple et personnalis\u00e9e Votre organisation \u00e0 but non lucratif (OBNL) est-elle pr\u00eate pour la certification Zewo ? D\u00e9couvrez-le gr\u00e2ce \u00e0 une estimation professionnelle sans engagement propos\u00e9e par la Zewo. Vous obtenez un bilan clair de votre situation actuelle et [&hellip;]<\/p>\n","protected":false},"author":38,"featured_media":666064,"parent":492853,"menu_order":6,"comment_status":"closed","ping_status":"closed","template":"","meta":{"_acf_changed":false,"footnotes":""},"folder":[6643],"class_list":["post-492874","page","type-page","status-publish","has-post-thumbnail","hentry"],"acf":[],"yoast_head":"<!-- This site is optimized with the Yoast SEO Premium plugin v26.0 (Yoast SEO v26.0) - https:\/\/yoast.com\/wordpress\/plugins\/seo\/ -->\n<title>Zewo<\/title>\n<meta name=\"description\" content=\"Obtenez d\u00e8s maintenant une estimation rapide et sans engagement \u00e0 tarif avantageux \u2013 id\u00e9ale pour vous pr\u00e9parer \u00e0 la certification Zewo.\" \/>\n<meta name=\"robots\" content=\"index, follow, max-snippet:-1, max-image-preview:large, max-video-preview:-1\" \/>\n<link rel=\"canonical\" href=\"https:\/\/zewo.ch\/fr\/comment-parvenir-au-label-de-qualite-zewo\/solliciter-une-estimation-sans-engagement\/\" \/>\n<meta property=\"og:locale\" content=\"fr_FR\" \/>\n<meta property=\"og:type\" content=\"article\" \/>\n<meta property=\"og:description\" content=\"Obtenez d\u00e8s maintenant une estimation rapide et sans engagement \u00e0 tarif avantageux \u2013 id\u00e9ale pour vous pr\u00e9parer \u00e0 la certification Zewo.\" \/>\n<meta property=\"og:url\" content=\"https:\/\/zewo.ch\/fr\/comment-parvenir-au-label-de-qualite-zewo\/solliciter-une-estimation-sans-engagement\/\" \/>\n<meta property=\"og:site_name\" content=\"Zewo\" \/>\n<meta property=\"article:publisher\" content=\"https:\/\/www.facebook.com\/Stiftung.ZEWO\/\" \/>\n<meta property=\"article:modified_time\" content=\"2025-07-23T14:58:15+00:00\" \/>\n<meta property=\"og:image\" content=\"https:\/\/zewo.ch\/wp-content\/uploads\/2019\/11\/shutterstock_1463233415_2_WP.jpg\" \/>\n\t<meta property=\"og:image:width\" content=\"2200\" \/>\n\t<meta property=\"og:image:height\" content=\"440\" \/>\n\t<meta property=\"og:image:type\" content=\"image\/jpeg\" \/>\n<meta name=\"twitter:card\" content=\"summary_large_image\" \/>\n<meta name=\"twitter:site\" content=\"@stiftung_zewo\" \/>\n<meta name=\"twitter:label1\" content=\"Dur\u00e9e de lecture estim\u00e9e\" \/>\n\t<meta name=\"twitter:data1\" content=\"5 minutes\" \/>\n<script type=\"application\/ld+json\" class=\"yoast-schema-graph\">{\"@context\":\"https:\/\/schema.org\",\"@graph\":[{\"@type\":\"WebPage\",\"@id\":\"https:\/\/zewo.ch\/fr\/comment-parvenir-au-label-de-qualite-zewo\/solliciter-une-estimation-sans-engagement\/#webpage\",\"url\":\"https:\/\/zewo.ch\/fr\/comment-parvenir-au-label-de-qualite-zewo\/solliciter-une-estimation-sans-engagement\/#webpage\",\"name\":\"\",\"isPartOf\":{\"@id\":\"https:\/\/zewo.ch\/fr\/#website\"},\"primaryImageOfPage\":{\"@id\":\"https:\/\/zewo.ch\/fr\/comment-parvenir-au-label-de-qualite-zewo\/solliciter-une-estimation-sans-engagement\/#primaryimage\"},\"image\":{\"@id\":\"https:\/\/zewo.ch\/fr\/comment-parvenir-au-label-de-qualite-zewo\/solliciter-une-estimation-sans-engagement\/#primaryimage\"},\"thumbnailUrl\":\"https:\/\/zewo.ch\/wp-content\/uploads\/2019\/11\/shutterstock_1463233415_2_WP.jpg\",\"datePublished\":\"2019-07-30T15:10:50+00:00\",\"dateModified\":\"2025-07-23T14:58:15+00:00\",\"description\":\"Obtenez d\u00e8s maintenant une estimation rapide et sans engagement \u00e0 tarif avantageux \u2013 id\u00e9ale pour vous pr\u00e9parer \u00e0 la certification Zewo.\",\"breadcrumb\":{\"@id\":\"https:\/\/zewo.ch\/fr\/comment-parvenir-au-label-de-qualite-zewo\/solliciter-une-estimation-sans-engagement\/#breadcrumb\"},\"inLanguage\":\"fr-FR\",\"potentialAction\":[{\"@type\":\"ReadAction\",\"target\":[\"https:\/\/zewo.ch\/fr\/comment-parvenir-au-label-de-qualite-zewo\/solliciter-une-estimation-sans-engagement\/\"]}]},{\"@type\":\"ImageObject\",\"inLanguage\":\"fr-FR\",\"@id\":\"https:\/\/zewo.ch\/fr\/comment-parvenir-au-label-de-qualite-zewo\/solliciter-une-estimation-sans-engagement\/#primaryimage\",\"url\":\"https:\/\/zewo.ch\/wp-content\/uploads\/2019\/11\/shutterstock_1463233415_2_WP.jpg\",\"contentUrl\":\"https:\/\/zewo.ch\/wp-content\/uploads\/2019\/11\/shutterstock_1463233415_2_WP.jpg\",\"width\":2200,\"height\":440,\"caption\":\"Header Pr\u00fcfung beantragen\"},{\"@type\":\"BreadcrumbList\",\"@id\":\"https:\/\/zewo.ch\/fr\/comment-parvenir-au-label-de-qualite-zewo\/solliciter-une-estimation-sans-engagement\/#breadcrumb\",\"itemListElement\":[{\"@type\":\"ListItem\",\"position\":1,\"name\":\"Home\",\"item\":\"https:\/\/zewo.ch\/fr\/\"},{\"@type\":\"ListItem\",\"position\":2,\"name\":\"Comment parvenir au label de qualit\u00e9 Zewo\",\"item\":\"https:\/\/zewo.ch\/fr\/der-weg-zum-zewo-guetesiegel\/\"},{\"@type\":\"ListItem\",\"position\":3,\"name\":\"Solliciter une estimation sans engagement\"}]},{\"@type\":\"WebSite\",\"@id\":\"https:\/\/zewo.ch\/fr\/#website\",\"url\":\"https:\/\/zewo.ch\/fr\/\",\"name\":\"Zewo\",\"description\":\"Votre don en bonnes mains.\",\"publisher\":{\"@id\":\"https:\/\/zewo.ch\/fr\/#organization\"},\"potentialAction\":[{\"@type\":\"SearchAction\",\"target\":{\"@type\":\"EntryPoint\",\"urlTemplate\":\"https:\/\/zewo.ch\/fr\/?s={search_term_string}\"},\"query-input\":{\"@type\":\"PropertyValueSpecification\",\"valueRequired\":true,\"valueName\":\"search_term_string\"}}],\"inLanguage\":\"fr-FR\"},{\"@type\":\"Organization\",\"@id\":\"https:\/\/zewo.ch\/fr\/#organization\",\"name\":\"Stiftung Zewo\",\"url\":\"https:\/\/zewo.ch\/fr\/\",\"logo\":{\"@type\":\"ImageObject\",\"inLanguage\":\"fr-FR\",\"@id\":\"https:\/\/zewo.ch\/fr\/#\/schema\/logo\/image\/\",\"url\":\"https:\/\/zewo.ch\/wp-content\/uploads\/2019\/08\/Zewo_Logo_Claim_D.svg\",\"contentUrl\":\"https:\/\/zewo.ch\/wp-content\/uploads\/2019\/08\/Zewo_Logo_Claim_D.svg\",\"width\":1,\"height\":1,\"caption\":\"Stiftung Zewo\"},\"image\":{\"@id\":\"https:\/\/zewo.ch\/fr\/#\/schema\/logo\/image\/\"},\"sameAs\":[\"https:\/\/www.facebook.com\/Stiftung.ZEWO\/\",\"https:\/\/x.com\/stiftung_zewo\",\"https:\/\/www.linkedin.com\/company\/stiftung-zewo\",\"https:\/\/www.youtube.com\/channel\/UCzjsVJro12OXcvvx1LQP8tw\",\"https:\/\/de.wikipedia.org\/wiki\/Zewo\"]}]}<\/script>\n<!-- \/ Yoast SEO Premium plugin. -->","yoast_head_json":{"title":"Zewo","description":"Obtenez d\u00e8s maintenant une estimation rapide et sans engagement \u00e0 tarif avantageux \u2013 id\u00e9ale pour vous pr\u00e9parer \u00e0 la certification Zewo.","robots":{"index":"index","follow":"follow","max-snippet":"max-snippet:-1","max-image-preview":"max-image-preview:large","max-video-preview":"max-video-preview:-1"},"canonical":"https:\/\/zewo.ch\/fr\/comment-parvenir-au-label-de-qualite-zewo\/solliciter-une-estimation-sans-engagement\/","og_locale":"fr_FR","og_type":"article","og_description":"Obtenez d\u00e8s maintenant une estimation rapide et sans engagement \u00e0 tarif avantageux \u2013 id\u00e9ale pour vous pr\u00e9parer \u00e0 la certification Zewo.","og_url":"https:\/\/zewo.ch\/fr\/comment-parvenir-au-label-de-qualite-zewo\/solliciter-une-estimation-sans-engagement\/","og_site_name":"Zewo","article_publisher":"https:\/\/www.facebook.com\/Stiftung.ZEWO\/","article_modified_time":"2025-07-23T14:58:15+00:00","og_image":[{"width":2200,"height":440,"url":"https:\/\/zewo.ch\/wp-content\/uploads\/2019\/11\/shutterstock_1463233415_2_WP.jpg","type":"image\/jpeg"}],"twitter_card":"summary_large_image","twitter_site":"@stiftung_zewo","twitter_misc":{"Dur\u00e9e de lecture estim\u00e9e":"5 minutes"},"schema":{"@context":"https:\/\/schema.org","@graph":[{"@type":"WebPage","@id":"https:\/\/zewo.ch\/fr\/comment-parvenir-au-label-de-qualite-zewo\/solliciter-une-estimation-sans-engagement\/#webpage","url":"https:\/\/zewo.ch\/fr\/comment-parvenir-au-label-de-qualite-zewo\/solliciter-une-estimation-sans-engagement\/#webpage","name":"","isPartOf":{"@id":"https:\/\/zewo.ch\/fr\/#website"},"primaryImageOfPage":{"@id":"https:\/\/zewo.ch\/fr\/comment-parvenir-au-label-de-qualite-zewo\/solliciter-une-estimation-sans-engagement\/#primaryimage"},"image":{"@id":"https:\/\/zewo.ch\/fr\/comment-parvenir-au-label-de-qualite-zewo\/solliciter-une-estimation-sans-engagement\/#primaryimage"},"thumbnailUrl":"https:\/\/zewo.ch\/wp-content\/uploads\/2019\/11\/shutterstock_1463233415_2_WP.jpg","datePublished":"2019-07-30T15:10:50+00:00","dateModified":"2025-07-23T14:58:15+00:00","description":"Obtenez d\u00e8s maintenant une estimation rapide et sans engagement \u00e0 tarif avantageux \u2013 id\u00e9ale pour vous pr\u00e9parer \u00e0 la certification Zewo.","breadcrumb":{"@id":"https:\/\/zewo.ch\/fr\/comment-parvenir-au-label-de-qualite-zewo\/solliciter-une-estimation-sans-engagement\/#breadcrumb"},"inLanguage":"fr-FR","potentialAction":[{"@type":"ReadAction","target":["https:\/\/zewo.ch\/fr\/comment-parvenir-au-label-de-qualite-zewo\/solliciter-une-estimation-sans-engagement\/"]}]},{"@type":"ImageObject","inLanguage":"fr-FR","@id":"https:\/\/zewo.ch\/fr\/comment-parvenir-au-label-de-qualite-zewo\/solliciter-une-estimation-sans-engagement\/#primaryimage","url":"https:\/\/zewo.ch\/wp-content\/uploads\/2019\/11\/shutterstock_1463233415_2_WP.jpg","contentUrl":"https:\/\/zewo.ch\/wp-content\/uploads\/2019\/11\/shutterstock_1463233415_2_WP.jpg","width":2200,"height":440,"caption":"Header Pr\u00fcfung beantragen"},{"@type":"BreadcrumbList","@id":"https:\/\/zewo.ch\/fr\/comment-parvenir-au-label-de-qualite-zewo\/solliciter-une-estimation-sans-engagement\/#breadcrumb","itemListElement":[{"@type":"ListItem","position":1,"name":"Home","item":"https:\/\/zewo.ch\/fr\/"},{"@type":"ListItem","position":2,"name":"Comment parvenir au label de qualit\u00e9 Zewo","item":"https:\/\/zewo.ch\/fr\/der-weg-zum-zewo-guetesiegel\/"},{"@type":"ListItem","position":3,"name":"Solliciter une estimation sans engagement"}]},{"@type":"WebSite","@id":"https:\/\/zewo.ch\/fr\/#website","url":"https:\/\/zewo.ch\/fr\/","name":"Zewo","description":"Votre don en bonnes mains.","publisher":{"@id":"https:\/\/zewo.ch\/fr\/#organization"},"potentialAction":[{"@type":"SearchAction","target":{"@type":"EntryPoint","urlTemplate":"https:\/\/zewo.ch\/fr\/?s={search_term_string}"},"query-input":{"@type":"PropertyValueSpecification","valueRequired":true,"valueName":"search_term_string"}}],"inLanguage":"fr-FR"},{"@type":"Organization","@id":"https:\/\/zewo.ch\/fr\/#organization","name":"Stiftung Zewo","url":"https:\/\/zewo.ch\/fr\/","logo":{"@type":"ImageObject","inLanguage":"fr-FR","@id":"https:\/\/zewo.ch\/fr\/#\/schema\/logo\/image\/","url":"https:\/\/zewo.ch\/wp-content\/uploads\/2019\/08\/Zewo_Logo_Claim_D.svg","contentUrl":"https:\/\/zewo.ch\/wp-content\/uploads\/2019\/08\/Zewo_Logo_Claim_D.svg","width":1,"height":1,"caption":"Stiftung Zewo"},"image":{"@id":"https:\/\/zewo.ch\/fr\/#\/schema\/logo\/image\/"},"sameAs":["https:\/\/www.facebook.com\/Stiftung.ZEWO\/","https:\/\/x.com\/stiftung_zewo","https:\/\/www.linkedin.com\/company\/stiftung-zewo","https:\/\/www.youtube.com\/channel\/UCzjsVJro12OXcvvx1LQP8tw","https:\/\/de.wikipedia.org\/wiki\/Zewo"]}]}},"publishpress_future_action":{"enabled":false,"date":"2026-04-22 23:35:21","action":"change-status","newStatus":"draft","terms":[],"taxonomy":"translation_priority","extraData":[]},"publishpress_future_workflow_manual_trigger":{"enabledWorkflows":[]},"_links":{"self":[{"href":"https:\/\/zewo.ch\/fr\/wp-json\/wp\/v2\/pages\/492874","targetHints":{"allow":["GET"]}}],"collection":[{"href":"https:\/\/zewo.ch\/fr\/wp-json\/wp\/v2\/pages"}],"about":[{"href":"https:\/\/zewo.ch\/fr\/wp-json\/wp\/v2\/types\/page"}],"author":[{"embeddable":true,"href":"https:\/\/zewo.ch\/fr\/wp-json\/wp\/v2\/users\/38"}],"replies":[{"embeddable":true,"href":"https:\/\/zewo.ch\/fr\/wp-json\/wp\/v2\/comments?post=492874"}],"version-history":[{"count":21,"href":"https:\/\/zewo.ch\/fr\/wp-json\/wp\/v2\/pages\/492874\/revisions"}],"predecessor-version":[{"id":5931329,"href":"https:\/\/zewo.ch\/fr\/wp-json\/wp\/v2\/pages\/492874\/revisions\/5931329"}],"up":[{"embeddable":true,"href":"https:\/\/zewo.ch\/fr\/wp-json\/wp\/v2\/pages\/492853"}],"wp:featuredmedia":[{"embeddable":true,"href":"https:\/\/zewo.ch\/fr\/wp-json\/wp\/v2\/media\/666064"}],"wp:attachment":[{"href":"https:\/\/zewo.ch\/fr\/wp-json\/wp\/v2\/media?parent=492874"}],"wp:term":[{"taxonomy":"folder","embeddable":true,"href":"https:\/\/zewo.ch\/fr\/wp-json\/wp\/v2\/folder?post=492874"}],"curies":[{"name":"wp","href":"https:\/\/api.w.org\/{rel}","templated":true}]}}