{"id":492853,"date":"2019-07-30T16:38:35","date_gmt":"2019-07-30T14:38:35","guid":{"rendered":"https:\/\/www.zewo.ch\/?page_id=492853"},"modified":"2020-01-09T13:55:41","modified_gmt":"2020-01-09T12:55:41","slug":"comment-parvenir-au-label-de-qualite-zewo","status":"publish","type":"page","link":"https:\/\/zewo.ch\/fr\/comment-parvenir-au-label-de-qualite-zewo\/","title":{"rendered":"Comment parvenir au label de qualit\u00e9 Zewo"},"content":{"rendered":"\n<h2 class=\"wp-block-heading\">Aper\u00e7u des proc\u00e9dures d\u2019examen<\/h2>\n\n\n\n<p><strong>Une bonne pr\u00e9paration en vaut la peine. D\u00e9couvrez comment obtenir et conserver le label de qualit\u00e9 Zewo pour votre OBNL.<\/strong><\/p>\n\n\n\n<h3 class=\"wp-block-heading\" id=\"1\">Autotest: \u00e9valuer les conditions pr\u00e9alables<\/h3>\n\n\n\n<p>Vous\nsouhaitez savoir si votre OBNL peut se soumettre \u00e0 l\u2019examen de la Zewo ? Gr\u00e2ce\nau test d\u2019aptitude, vous aurez les r\u00e9ponses \u00e0 vos questions en un clin d&rsquo;\u0153il.\nIl vous permet en effet d\u2019\u00e9valuer si votre organisation poss\u00e8de d\u00e9j\u00e0 les bases n\u00e9cessaires\npour obtenir le label de qualit\u00e9 Zewo.<\/p>\n\n\n\n<ul class=\"wp-block-cgb-block-zewo-block-links container container-columns-1\">\n<li class=\"wp-block-cgb-block-zewo-block-link ab-block-link\"><a href=\"https:\/\/zewo.ch\/fr\/comment-parvenir-au-label-de-qualite-zewo\/autotest\/\" class=\"button\"><span>Vers l&rsquo;autotest<\/span><span class=\"button-arrow--long\"><\/span><\/a><\/li>\n<\/ul>\n\n\n\n<h3 class=\"wp-block-heading\" id=\"2\">Estimation sans engagement : bien pr\u00e9par\u00e9 pour l\u2019examen<\/h3>\n\n\n\n<p>Vous souhaitez savoir si votre OBNL a des chances de passer l\u2019examen avec succ\u00e8s ? Une estimation sans engagement est donc ce qu\u2019il vous faut. Cela vous permettra de savoir \u00e0 l\u2019avance ce qu&rsquo;il vous reste \u00e0 faire. Avec une bonne pr\u00e9paration, l\u2019examen ne sera qu\u2019un d\u00e9tail pour votre OBNL.<\/p>\n\n\n\n<ul class=\"wp-block-cgb-block-zewo-block-links container container-columns-1\">\n<li class=\"wp-block-cgb-block-zewo-block-link ab-block-link\"><a href=\"https:\/\/zewo.ch\/fr\/comment-parvenir-au-label-de-qualite-zewo\/solliciter-une-estimation-sans-engagement\/\" class=\"button\"><span>Acc\u00e9der \u00e0 l&rsquo;estimation sans engagement<\/span><span class=\"button-arrow--long\"><\/span><\/a><\/li>\n<\/ul>\n\n\n\n<h3 class=\"wp-block-heading\" id=\"3\">Demander l\u2019examen : obtenir le label de qualit\u00e9<\/h3>\n\n\n\n<p>Vous vous \u00eates bien pr\u00e9par\u00e9 et \u00eates convaincu que votre organisation r\u00e9pond aux 21 normes Zewo&nbsp;? Demandez donc \u00e0 vous soumette \u00e0 l\u2019examen. Les OBNL qui passent cette \u00e9tape avec succ\u00e8s obtiennent ensuite le label de qualit\u00e9 Zewo.<\/p>\n\n\n\n<ul class=\"wp-block-cgb-block-zewo-block-links container container-columns-1\">\n<li class=\"wp-block-cgb-block-zewo-block-link ab-block-link\"><a href=\"https:\/\/zewo.ch\/fr\/comment-parvenir-au-label-de-qualite-zewo\/demander-un-examen-complet\/\" class=\"button\"><span>Acc\u00e9der \u00e0 l&rsquo;examen complet<\/span><span class=\"button-arrow--long\"><\/span><\/a><\/li>\n\n\n\n<li class=\"wp-block-cgb-block-zewo-block-link ab-block-link\"><a href=\"https:\/\/zewo.ch\/fr\/apercu-des-21-normes-zewo-condense-et-clair\/\" class=\"button\"><span>Aper\u00e7u des 21 normes Zewo condense et clair<\/span><span class=\"button-arrow--long\"><\/span><\/a><\/li>\n<\/ul>\n\n\n\n<h3 class=\"wp-block-heading\">R\u00e8glements applicables<\/h3>\n\n\n\n<ul class=\"list-icons wp-block-list\"><li><a rel=\"noreferrer noopener\" href=\"https:\/\/zewo.ch\/fr\/reglement-des-taxes\/\" target=\"_blank\">R\u00e8glement des taxes<\/a><\/li><li><a rel=\"noreferrer noopener\" href=\"https:\/\/zewo.ch\/fr\/reglement-relatif-au-label-de-qualite-zewo-2016\/\" target=\"_blank\">R\u00e8glement relatif au label de qualit\u00e9 Zewo<\/a><\/li><\/ul>\n\n\n\n<h3 class=\"wp-block-heading\" id=\"4\">Conserver le label de qualit\u00e9 : passer les contr\u00f4les avec succ\u00e8s<\/h3>\n\n\n\n<p>Tous les cinq ans, la Zewo passe au crible les OBNL certifi\u00e9es. Elle v\u00e9rifie que celles-ci respectent toujours ses 21 normes. Si la Zewo note des \u00e9carts, elle soumet le processus de recertification \u00e0 certaines conditions. Veillez \u00e0 respecter les d\u00e9lais impos\u00e9s car les contr\u00f4les de la Zewo sont stricts. En cas de violation des 21 normes Zewo, l\u2019OBNL risque le retrait du label de qualit\u00e9.<\/p>\n\n\n\n<ul class=\"wp-block-cgb-block-zewo-block-links container container-columns-1\">\n<li class=\"wp-block-cgb-block-zewo-block-link ab-block-link\"><a href=\"https:\/\/zewo.ch\/fr\/comment-parvenir-au-label-de-qualite-zewo\/se-soumettre-aux-controles-reguliers-et-eviter-les-sanctions\/\" class=\"button\"><span>Voici comment proc\u00e8de la Zewo lors des contr\u00f4les<\/span><span class=\"button-arrow--long\"><\/span><\/a><\/li>\n<\/ul>\n\n\n\n<h3 class=\"wp-block-heading\" id=\"5\">Recours possibles<\/h3>\n\n\n\n<p>Les OBNL qui n\u2019ont pas obtenu le label de qualit\u00e9 ou se le sont vu retir\u00e9 peuvent faire appel de la d\u00e9cision devant le tribunal des recours du conseil de fondation Zewo.<\/p>\n\n\n\n<ul class=\"wp-block-cgb-block-zewo-block-links container container-columns-1\">\n<li class=\"wp-block-cgb-block-zewo-block-link ab-block-link\"><a href=\"https:\/\/zewo.ch\/fr\/tribunal-des-recours\/\" class=\"button\"><span>Plus d&rsquo;informations sur le tribunal des recours<\/span><span class=\"button-arrow--long\"><\/span><\/a><\/li>\n\n\n\n<p><\/p>\n<\/ul>\n\n\n\n<h3 class=\"wp-block-heading\" id=\"6\">Questions et r\u00e9ponses au sujet de la certification<\/h3>\n\n\n\n<p>Vous avez des questions au sujet de la proc\u00e9dure d\u2019examen ? T\u00e9l\u00e9phonez-nous au 044 366 99 55 ou envoyez-nous un <a href=\"mailto:info@zewo.ch\">e-mail<\/a>. L\u2019\u00e9quipe Zewo est \u00e0 votre disposition en cas de besoin.<\/p>\n\n\n\n<ul class=\"wp-block-cgb-block-zewo-block-links container container-columns-1\">\n<li class=\"wp-block-cgb-block-zewo-block-link ab-block-link\"><a href=\"https:\/\/zewo.ch\/fr\/comment-parvenir-au-label-de-qualite-zewo\/question-et-reponses-sur-la-certification\/\" class=\"button\"><span>R\u00e9ponses aux principales questions en rapport avec la certification<\/span><span class=\"button-arrow--long\"><\/span><\/a><\/li>\n<\/ul>\n\n\n\n<div class=\"wp-block-cgb-block-zewo-block-columns-container container bg-color-light-gray\"><div class=\"grid-x grid-margin-x\" data-columns=\"2\">\n<div class=\"cell small-12 medium-6\"><div class=\"wp-block-cgb-block-zewo-block-image-teaser ab-block-cta bg-color-secondary\"><div class=\"ab-cta-image-wrap bg-color-secondary\"><img decoding=\"async\" class=\"ab-cta-image\" src=\"https:\/\/zewo.ch\/wp-content\/uploads\/2019\/05\/21-zewo-standards-1.png\" alt=\"Die 21 Zewo-Standards f\u00fcr Spenden sammelnde NPO\"\/><\/div><div class=\"ab-cta-content\"><h2 class=\"ab-cta-title\">Les 21 normes Zewo<\/h2><\/div><div class=\"ab-cta-button\"><a href=\"\/fr\/apercu-des-21-normes-zewo-condense-et-clair\/\" target=\"_self\" rel=\"noopener noreferrer\" class=\"button primary button-teaser\"><span class=\"button-arrow\"><\/span>En savoir plus<\/a><\/div><a href=\"\/fr\/apercu-des-21-normes-zewo-condense-et-clair\/\" target=\"_self\" rel=\"noopener noreferrer\" class=\"button-teaser--is-full\"><\/a><\/div><\/div>\n\n\n\n<div class=\"wp-block-cgb-block-zewo-block-columns-container container bg-color-light-gray\"><div class=\"grid-x grid-margin-x\" data-columns=\"2\"><\/div><\/div>\n\n\n<\/div><\/div>\n","protected":false},"excerpt":{"rendered":"<p>Aper\u00e7u des proc\u00e9dures d\u2019examen Une bonne pr\u00e9paration en vaut la peine. D\u00e9couvrez comment obtenir et conserver le label de qualit\u00e9 Zewo pour votre OBNL. Autotest: \u00e9valuer les conditions pr\u00e9alables Vous souhaitez savoir si votre OBNL peut se soumettre \u00e0 l\u2019examen de la Zewo ? Gr\u00e2ce au test d\u2019aptitude, vous aurez les r\u00e9ponses \u00e0 vos questions [&hellip;]<\/p>\n","protected":false},"author":38,"featured_media":666079,"parent":0,"menu_order":192,"comment_status":"closed","ping_status":"closed","template":"","meta":{"_acf_changed":false,"footnotes":""},"folder":[6643],"class_list":["post-492853","page","type-page","status-publish","has-post-thumbnail","hentry"],"acf":[],"yoast_head":"<!-- This site is optimized with the Yoast SEO Premium plugin v26.0 (Yoast SEO v26.0) - https:\/\/yoast.com\/wordpress\/plugins\/seo\/ -->\n<title>Zewo<\/title>\n<meta name=\"description\" content=\"Les organisations \u00e0 but non lucratif doivent passer avec succ\u00e8s une proc\u00e9dure d\u2019examen tr\u00e8s stricte pour pouvoir obtenir le label de qualit\u00e9 de la Zewo.\" \/>\n<meta name=\"robots\" content=\"index, follow, max-snippet:-1, max-image-preview:large, max-video-preview:-1\" \/>\n<link rel=\"canonical\" href=\"https:\/\/zewo.ch\/fr\/comment-parvenir-au-label-de-qualite-zewo\/\" \/>\n<meta property=\"og:locale\" content=\"fr_FR\" \/>\n<meta property=\"og:type\" content=\"article\" \/>\n<meta property=\"og:description\" content=\"Les organisations \u00e0 but non lucratif doivent passer avec succ\u00e8s une proc\u00e9dure d\u2019examen tr\u00e8s stricte pour pouvoir obtenir le label de qualit\u00e9 de la Zewo.\" \/>\n<meta property=\"og:url\" content=\"https:\/\/zewo.ch\/fr\/comment-parvenir-au-label-de-qualite-zewo\/\" \/>\n<meta property=\"og:site_name\" content=\"Zewo\" \/>\n<meta property=\"article:publisher\" content=\"https:\/\/www.facebook.com\/Stiftung.ZEWO\/\" \/>\n<meta property=\"article:modified_time\" content=\"2020-01-09T12:55:41+00:00\" \/>\n<meta property=\"og:image\" content=\"https:\/\/zewo.ch\/wp-content\/uploads\/2019\/11\/shutterstock_327359792_WP.jpg\" \/>\n\t<meta property=\"og:image:width\" content=\"2200\" \/>\n\t<meta property=\"og:image:height\" content=\"440\" \/>\n\t<meta property=\"og:image:type\" content=\"image\/jpeg\" \/>\n<meta name=\"twitter:card\" content=\"summary_large_image\" \/>\n<meta name=\"twitter:site\" content=\"@stiftung_zewo\" \/>\n<meta name=\"twitter:label1\" content=\"Dur\u00e9e de lecture estim\u00e9e\" \/>\n\t<meta name=\"twitter:data1\" content=\"2 minutes\" \/>\n<script type=\"application\/ld+json\" class=\"yoast-schema-graph\">{\"@context\":\"https:\/\/schema.org\",\"@graph\":[{\"@type\":\"WebPage\",\"@id\":\"https:\/\/zewo.ch\/fr\/comment-parvenir-au-label-de-qualite-zewo\/#webpage\",\"url\":\"https:\/\/zewo.ch\/fr\/comment-parvenir-au-label-de-qualite-zewo\/#webpage\",\"name\":\"\",\"isPartOf\":{\"@id\":\"https:\/\/zewo.ch\/fr\/#website\"},\"primaryImageOfPage\":{\"@id\":\"https:\/\/zewo.ch\/fr\/comment-parvenir-au-label-de-qualite-zewo\/#primaryimage\"},\"image\":{\"@id\":\"https:\/\/zewo.ch\/fr\/comment-parvenir-au-label-de-qualite-zewo\/#primaryimage\"},\"thumbnailUrl\":\"https:\/\/zewo.ch\/wp-content\/uploads\/2019\/11\/shutterstock_327359792_WP.jpg\",\"datePublished\":\"2019-07-30T14:38:35+00:00\",\"dateModified\":\"2020-01-09T12:55:41+00:00\",\"description\":\"Les organisations \u00e0 but non lucratif doivent passer avec succ\u00e8s une proc\u00e9dure d\u2019examen tr\u00e8s stricte pour pouvoir obtenir le label de qualit\u00e9 de la Zewo.\",\"breadcrumb\":{\"@id\":\"https:\/\/zewo.ch\/fr\/comment-parvenir-au-label-de-qualite-zewo\/#breadcrumb\"},\"inLanguage\":\"fr-FR\",\"potentialAction\":[{\"@type\":\"ReadAction\",\"target\":[\"https:\/\/zewo.ch\/fr\/comment-parvenir-au-label-de-qualite-zewo\/\"]}]},{\"@type\":\"ImageObject\",\"inLanguage\":\"fr-FR\",\"@id\":\"https:\/\/zewo.ch\/fr\/comment-parvenir-au-label-de-qualite-zewo\/#primaryimage\",\"url\":\"https:\/\/zewo.ch\/wp-content\/uploads\/2019\/11\/shutterstock_327359792_WP.jpg\",\"contentUrl\":\"https:\/\/zewo.ch\/wp-content\/uploads\/2019\/11\/shutterstock_327359792_WP.jpg\",\"width\":2200,\"height\":440},{\"@type\":\"BreadcrumbList\",\"@id\":\"https:\/\/zewo.ch\/fr\/comment-parvenir-au-label-de-qualite-zewo\/#breadcrumb\",\"itemListElement\":[{\"@type\":\"ListItem\",\"position\":1,\"name\":\"Home\",\"item\":\"https:\/\/zewo.ch\/fr\/\"},{\"@type\":\"ListItem\",\"position\":2,\"name\":\"Comment parvenir au label de qualit\u00e9 Zewo\"}]},{\"@type\":\"WebSite\",\"@id\":\"https:\/\/zewo.ch\/fr\/#website\",\"url\":\"https:\/\/zewo.ch\/fr\/\",\"name\":\"Zewo\",\"description\":\"Votre don en bonnes mains.\",\"publisher\":{\"@id\":\"https:\/\/zewo.ch\/fr\/#organization\"},\"potentialAction\":[{\"@type\":\"SearchAction\",\"target\":{\"@type\":\"EntryPoint\",\"urlTemplate\":\"https:\/\/zewo.ch\/fr\/?s={search_term_string}\"},\"query-input\":{\"@type\":\"PropertyValueSpecification\",\"valueRequired\":true,\"valueName\":\"search_term_string\"}}],\"inLanguage\":\"fr-FR\"},{\"@type\":\"Organization\",\"@id\":\"https:\/\/zewo.ch\/fr\/#organization\",\"name\":\"Stiftung Zewo\",\"url\":\"https:\/\/zewo.ch\/fr\/\",\"logo\":{\"@type\":\"ImageObject\",\"inLanguage\":\"fr-FR\",\"@id\":\"https:\/\/zewo.ch\/fr\/#\/schema\/logo\/image\/\",\"url\":\"https:\/\/zewo.ch\/wp-content\/uploads\/2019\/08\/Zewo_Logo_Claim_D.svg\",\"contentUrl\":\"https:\/\/zewo.ch\/wp-content\/uploads\/2019\/08\/Zewo_Logo_Claim_D.svg\",\"width\":1,\"height\":1,\"caption\":\"Stiftung Zewo\"},\"image\":{\"@id\":\"https:\/\/zewo.ch\/fr\/#\/schema\/logo\/image\/\"},\"sameAs\":[\"https:\/\/www.facebook.com\/Stiftung.ZEWO\/\",\"https:\/\/x.com\/stiftung_zewo\",\"https:\/\/www.linkedin.com\/company\/stiftung-zewo\",\"https:\/\/www.youtube.com\/channel\/UCzjsVJro12OXcvvx1LQP8tw\",\"https:\/\/de.wikipedia.org\/wiki\/Zewo\"]}]}<\/script>\n<!-- \/ Yoast SEO Premium plugin. -->","yoast_head_json":{"title":"Zewo","description":"Les organisations \u00e0 but non lucratif doivent passer avec succ\u00e8s une proc\u00e9dure d\u2019examen tr\u00e8s stricte pour pouvoir obtenir le label de qualit\u00e9 de la Zewo.","robots":{"index":"index","follow":"follow","max-snippet":"max-snippet:-1","max-image-preview":"max-image-preview:large","max-video-preview":"max-video-preview:-1"},"canonical":"https:\/\/zewo.ch\/fr\/comment-parvenir-au-label-de-qualite-zewo\/","og_locale":"fr_FR","og_type":"article","og_description":"Les organisations \u00e0 but non lucratif doivent passer avec succ\u00e8s une proc\u00e9dure d\u2019examen tr\u00e8s stricte pour pouvoir obtenir le label de qualit\u00e9 de la Zewo.","og_url":"https:\/\/zewo.ch\/fr\/comment-parvenir-au-label-de-qualite-zewo\/","og_site_name":"Zewo","article_publisher":"https:\/\/www.facebook.com\/Stiftung.ZEWO\/","article_modified_time":"2020-01-09T12:55:41+00:00","og_image":[{"width":2200,"height":440,"url":"https:\/\/zewo.ch\/wp-content\/uploads\/2019\/11\/shutterstock_327359792_WP.jpg","type":"image\/jpeg"}],"twitter_card":"summary_large_image","twitter_site":"@stiftung_zewo","twitter_misc":{"Dur\u00e9e de lecture estim\u00e9e":"2 minutes"},"schema":{"@context":"https:\/\/schema.org","@graph":[{"@type":"WebPage","@id":"https:\/\/zewo.ch\/fr\/comment-parvenir-au-label-de-qualite-zewo\/#webpage","url":"https:\/\/zewo.ch\/fr\/comment-parvenir-au-label-de-qualite-zewo\/#webpage","name":"","isPartOf":{"@id":"https:\/\/zewo.ch\/fr\/#website"},"primaryImageOfPage":{"@id":"https:\/\/zewo.ch\/fr\/comment-parvenir-au-label-de-qualite-zewo\/#primaryimage"},"image":{"@id":"https:\/\/zewo.ch\/fr\/comment-parvenir-au-label-de-qualite-zewo\/#primaryimage"},"thumbnailUrl":"https:\/\/zewo.ch\/wp-content\/uploads\/2019\/11\/shutterstock_327359792_WP.jpg","datePublished":"2019-07-30T14:38:35+00:00","dateModified":"2020-01-09T12:55:41+00:00","description":"Les organisations \u00e0 but non lucratif doivent passer avec succ\u00e8s une proc\u00e9dure d\u2019examen tr\u00e8s stricte pour pouvoir obtenir le label de qualit\u00e9 de la Zewo.","breadcrumb":{"@id":"https:\/\/zewo.ch\/fr\/comment-parvenir-au-label-de-qualite-zewo\/#breadcrumb"},"inLanguage":"fr-FR","potentialAction":[{"@type":"ReadAction","target":["https:\/\/zewo.ch\/fr\/comment-parvenir-au-label-de-qualite-zewo\/"]}]},{"@type":"ImageObject","inLanguage":"fr-FR","@id":"https:\/\/zewo.ch\/fr\/comment-parvenir-au-label-de-qualite-zewo\/#primaryimage","url":"https:\/\/zewo.ch\/wp-content\/uploads\/2019\/11\/shutterstock_327359792_WP.jpg","contentUrl":"https:\/\/zewo.ch\/wp-content\/uploads\/2019\/11\/shutterstock_327359792_WP.jpg","width":2200,"height":440},{"@type":"BreadcrumbList","@id":"https:\/\/zewo.ch\/fr\/comment-parvenir-au-label-de-qualite-zewo\/#breadcrumb","itemListElement":[{"@type":"ListItem","position":1,"name":"Home","item":"https:\/\/zewo.ch\/fr\/"},{"@type":"ListItem","position":2,"name":"Comment parvenir au label de qualit\u00e9 Zewo"}]},{"@type":"WebSite","@id":"https:\/\/zewo.ch\/fr\/#website","url":"https:\/\/zewo.ch\/fr\/","name":"Zewo","description":"Votre don en bonnes mains.","publisher":{"@id":"https:\/\/zewo.ch\/fr\/#organization"},"potentialAction":[{"@type":"SearchAction","target":{"@type":"EntryPoint","urlTemplate":"https:\/\/zewo.ch\/fr\/?s={search_term_string}"},"query-input":{"@type":"PropertyValueSpecification","valueRequired":true,"valueName":"search_term_string"}}],"inLanguage":"fr-FR"},{"@type":"Organization","@id":"https:\/\/zewo.ch\/fr\/#organization","name":"Stiftung Zewo","url":"https:\/\/zewo.ch\/fr\/","logo":{"@type":"ImageObject","inLanguage":"fr-FR","@id":"https:\/\/zewo.ch\/fr\/#\/schema\/logo\/image\/","url":"https:\/\/zewo.ch\/wp-content\/uploads\/2019\/08\/Zewo_Logo_Claim_D.svg","contentUrl":"https:\/\/zewo.ch\/wp-content\/uploads\/2019\/08\/Zewo_Logo_Claim_D.svg","width":1,"height":1,"caption":"Stiftung Zewo"},"image":{"@id":"https:\/\/zewo.ch\/fr\/#\/schema\/logo\/image\/"},"sameAs":["https:\/\/www.facebook.com\/Stiftung.ZEWO\/","https:\/\/x.com\/stiftung_zewo","https:\/\/www.linkedin.com\/company\/stiftung-zewo","https:\/\/www.youtube.com\/channel\/UCzjsVJro12OXcvvx1LQP8tw","https:\/\/de.wikipedia.org\/wiki\/Zewo"]}]}},"publishpress_future_action":{"enabled":false,"date":"2026-04-25 10:58:49","action":"change-status","newStatus":"draft","terms":[],"taxonomy":"translation_priority","extraData":[]},"publishpress_future_workflow_manual_trigger":{"enabledWorkflows":[]},"_links":{"self":[{"href":"https:\/\/zewo.ch\/fr\/wp-json\/wp\/v2\/pages\/492853","targetHints":{"allow":["GET"]}}],"collection":[{"href":"https:\/\/zewo.ch\/fr\/wp-json\/wp\/v2\/pages"}],"about":[{"href":"https:\/\/zewo.ch\/fr\/wp-json\/wp\/v2\/types\/page"}],"author":[{"embeddable":true,"href":"https:\/\/zewo.ch\/fr\/wp-json\/wp\/v2\/users\/38"}],"replies":[{"embeddable":true,"href":"https:\/\/zewo.ch\/fr\/wp-json\/wp\/v2\/comments?post=492853"}],"version-history":[{"count":23,"href":"https:\/\/zewo.ch\/fr\/wp-json\/wp\/v2\/pages\/492853\/revisions"}],"predecessor-version":[{"id":4424389,"href":"https:\/\/zewo.ch\/fr\/wp-json\/wp\/v2\/pages\/492853\/revisions\/4424389"}],"wp:featuredmedia":[{"embeddable":true,"href":"https:\/\/zewo.ch\/fr\/wp-json\/wp\/v2\/media\/666079"}],"wp:attachment":[{"href":"https:\/\/zewo.ch\/fr\/wp-json\/wp\/v2\/media?parent=492853"}],"wp:term":[{"taxonomy":"folder","embeddable":true,"href":"https:\/\/zewo.ch\/fr\/wp-json\/wp\/v2\/folder?post=492853"}],"curies":[{"name":"wp","href":"https:\/\/api.w.org\/{rel}","templated":true}]}}