{"id":492845,"date":"2019-07-30T16:25:21","date_gmt":"2019-07-30T14:25:21","guid":{"rendered":"https:\/\/www.zewo.ch\/?page_id=492845"},"modified":"2025-11-24T07:23:04","modified_gmt":"2025-11-24T06:23:04","slug":"supplement-dons","status":"publish","type":"page","link":"https:\/\/zewo.ch\/fr\/supplement-dons\/","title":{"rendered":"Suppl\u00e9ment dons"},"content":{"rendered":"\n<h2 class=\"wp-block-heading\" id=\"h-donner-pendant-la-periode-de-l-avent\">Donner pendant la p\u00e9riode de l&rsquo;Avent<meta charset=\"utf-8\"><\/h2>\n\n\n\n<p>Le magazine du don para\u00eet \u00e0 l&rsquo;approche de la p\u00e9riode de l&rsquo;Avent. Ins\u00e9r\u00e9 dans la NZZ am Sonntag, la SonntagsZeitung et Le Matin Dimanche, il informe sur la mani\u00e8re dont les organisations d&rsquo;entraide interviennent en Suisse et dans le monde entier gr\u00e2ce aux dons. Il aborde des th\u00e8mes actuels autour des dons et contient des conseils importants pour les donatrices et donateurs. La fondation Zewo publie le suppl\u00e9ment dons en collaboration avec Swissfundraising.<\/p>\n\n\n\n<h2 class=\"wp-block-heading\" id=\"h-edition-2025-prendre-soin-de-notre-monde\">\u00c9dition 2025 | Prendre soin de notre monde<\/h2>\n\n\n\n<iframe loading=\"lazy\" width=\"620px\" height=\"584px\" src=\"https:\/\/www.yumpu.com\/fr\/embed\/view\/p6AaGLT3ef7YKq0Q\" frameborder=\"0\" allowfullscreen=\"true\"  allowtransparency=\"t\n\n\n\n<div style=\"height:30px\" aria-hidden=\"true\" class=\"wp-block-spacer\"><\/div>\n\n\n\n<ul class=\"wp-block-list\">\n<li><strong>Aide en Suisse \u2013 ce pour quoi nos organisations d&rsquo;entraide s&rsquo;engagent dans leur propre pays<\/strong><\/li>\n\n\n\n<li><strong>O\u00f9 les organisations d&rsquo;entraide suisses sont actives \u00e0 l&rsquo;\u00e9tranger <\/strong>\u2013 <strong>et comment elles am\u00e9liorent la vie d&rsquo;innombrables personnes gr\u00e2ce aux dons<\/strong><\/li>\n\n\n\n<li><strong>La coop\u00e9ration au d\u00e9veloppement est une politique de s\u00e9curit\u00e9<\/strong> <strong>\u2013<\/strong> entretien avec <strong>Ren\u00e9 Holenstein<\/strong>, auteur et expert en coop\u00e9ration au d\u00e9veloppement. <strong>Il <\/strong>montre pourquoi la coop\u00e9ration au d\u00e9veloppement est garante de stabilit\u00e9 et ne doit pas \u00eatre r\u00e9duite.<\/li>\n\n\n\n<li><strong>Pourquoi les dons contribuent \u00e0 la coh\u00e9sion de notre soci\u00e9t\u00e9<\/strong> \u2013 <strong>Martina Ziegerer<\/strong>, directrice de la Fondation Zewo, explique pourquoi les dons sont un geste important.<\/li>\n\n\n\n<li><strong>Bien faire un don <\/strong>\u2013 ce \u00e0 quoi il faut veiller lorsqu&rsquo;on aide \u2013 les conseils les plus importants<\/li>\n<\/ul>\n\n\n\n<div class=\"wp-block-cgb-block-zewo-block-button ab-block-button\"><a href=\"https:\/\/zewo.ch\/wp-content\/uploads\/2025\/11\/GzD-Spendenmagazin-2025-fr.pdf\" target=\"_blank\" rel=\"noopener noreferrer\" class=\"button default\"><span class=\"button-arrow\"><\/span>T\u00e9l\u00e9charger le magazine du don 2025<\/a><\/div>\n\n\n\n<p><\/p>\n\n\n\n<div class=\"wp-block-cgb-block-zewo-block-columns-container container bg-color-light-gray\"><div class=\"grid-x grid-margin-x\" data-columns=\"3\">\n<div class=\"cell small-12 medium-6\"><div class=\"wp-block-cgb-block-zewo-block-image-text-teaser ab-block-cta\"><div class=\"ab-cta-image-wrap bg-color-secondary\"><img decoding=\"async\" class=\"ab-cta-image\" src=\"https:\/\/zewo.ch\/wp-content\/uploads\/2019\/05\/ha\u0308ufige-fragen-7.png\" alt=\"H\u00e4ufige Fragen und Antworten rund ums Spenden\"\/><\/div><div class=\"ab-cta-content\"><h2 class=\"ab-cta-title\">Questions fr\u00e9quemment pos\u00e9es autour du don<\/h2><div class=\"ab-cta-text\">\n<p>Le guide de la Zewo renseigne sur le don<\/p>\n<\/div><\/div><div class=\"ab-cta-button\"><a href=\"\/fr\/questions-et-reponses\/\" target=\"_self\" rel=\"noopener noreferrer\" class=\"button primary button-teaser\"><span class=\"button-arrow\"><\/span>R\u00e9ponses autour du don<\/a><\/div><a href=\"\/fr\/questions-et-reponses\/\" target=\"_self\" rel=\"noopener noreferrer\" class=\"button-teaser--is-full\"><\/a><\/div><\/div>\n\n\n\n<div class=\"cell small-12 medium-6\"><div class=\"wp-block-cgb-block-zewo-block-image-text-teaser ab-block-cta\"><div class=\"ab-cta-image-wrap bg-color-secondary\"><img decoding=\"async\" class=\"ab-cta-image\" src=\"https:\/\/zewo.ch\/wp-content\/uploads\/2019\/05\/wachhund.png\" alt=\"Vorsicht \u2013 hier warnt die Zewo vor intransparenten NPO\"\/><\/div><div class=\"ab-cta-content\"><h2 class=\"ab-cta-title\">Zewo d\u00e9conseille de faire des dons<\/h2><div class=\"ab-cta-text\">\n<p>Ces OBNL ne sont pas transparentes.<\/p>\n<\/div><\/div><div class=\"ab-cta-button\"><a href=\"\/fr\/zewo-deconseille-de-faire-des-dons\/\" target=\"_self\" rel=\"noopener noreferrer\" class=\"button primary button-teaser\"><span class=\"button-arrow\"><\/span>Informez-vous<\/a><\/div><a href=\"\/fr\/zewo-deconseille-de-faire-des-dons\/\" target=\"_self\" rel=\"noopener noreferrer\" class=\"button-teaser--is-full\"><\/a><\/div><\/div>\n\n\n\n<div class=\"cell small-12 medium-6\"><div class=\"wp-block-cgb-block-zewo-block-image-text-teaser ab-block-cta\"><div class=\"ab-cta-image-wrap bg-color-secondary\"><img decoding=\"async\" class=\"ab-cta-image\" src=\"https:\/\/zewo.ch\/wp-content\/uploads\/2019\/08\/10-conseils.png\" alt=\"5 conseils pour donner\"\/><\/div><div class=\"ab-cta-content\"><h2 class=\"ab-cta-title\">Les 10 conseils pour donner<\/h2><div class=\"ab-cta-text\">\n<p>D\u00e8s maintenant, prendre acte des 10 principales r\u00e8gles et faire des dons efficaces.<\/p>\n<\/div><\/div><div class=\"ab-cta-button\"><a href=\"\/fr\/les-5-regles-essentielles-pour-les-dons\/\" target=\"_self\" rel=\"noopener noreferrer\" class=\"button primary button-teaser\"><span class=\"button-arrow\"><\/span>Lire d\u00e8s maintenant les conseils pour donner<\/a><\/div><a href=\"\/fr\/les-5-regles-essentielles-pour-les-dons\/\" target=\"_self\" rel=\"noopener noreferrer\" class=\"button-teaser--is-full\"><\/a><\/div><\/div>\n<\/div><\/div>\n","protected":false},"excerpt":{"rendered":"<p>Donner pendant la p\u00e9riode de l&rsquo;Avent Le magazine du don para\u00eet \u00e0 l&rsquo;approche de la p\u00e9riode de l&rsquo;Avent. Ins\u00e9r\u00e9 dans la NZZ am Sonntag, la SonntagsZeitung et Le Matin Dimanche, il informe sur la mani\u00e8re dont les organisations d&rsquo;entraide interviennent en Suisse et dans le monde entier gr\u00e2ce aux dons. Il aborde des th\u00e8mes actuels [&hellip;]<\/p>\n","protected":false},"author":6,"featured_media":2483,"parent":0,"menu_order":178,"comment_status":"closed","ping_status":"closed","template":"","meta":{"_acf_changed":false,"footnotes":""},"folder":[6643],"class_list":["post-492845","page","type-page","status-publish","has-post-thumbnail","hentry"],"acf":[],"yoast_head":"<!-- This site is optimized with the Yoast SEO Premium plugin v26.0 (Yoast SEO v26.0) - https:\/\/yoast.com\/wordpress\/plugins\/seo\/ -->\n<title>Zewo<\/title>\n<meta name=\"description\" content=\"Apprenez-en plus sur les dons dans notre suppl\u00e9ment th\u00e9matique.\" \/>\n<meta name=\"robots\" content=\"index, follow, max-snippet:-1, max-image-preview:large, max-video-preview:-1\" \/>\n<link rel=\"canonical\" href=\"https:\/\/zewo.ch\/fr\/supplement-dons\/\" \/>\n<meta property=\"og:locale\" content=\"fr_FR\" \/>\n<meta property=\"og:type\" content=\"article\" \/>\n<meta property=\"og:description\" content=\"Apprenez-en plus sur les dons dans notre suppl\u00e9ment th\u00e9matique.\" \/>\n<meta property=\"og:url\" content=\"https:\/\/zewo.ch\/fr\/supplement-dons\/\" \/>\n<meta property=\"og:site_name\" content=\"Zewo\" \/>\n<meta property=\"article:publisher\" content=\"https:\/\/www.facebook.com\/Stiftung.ZEWO\/\" \/>\n<meta property=\"article:modified_time\" content=\"2025-11-24T06:23:04+00:00\" \/>\n<meta property=\"og:image\" content=\"https:\/\/zewo.ch\/wp-content\/uploads\/2019\/05\/shutterstock_216950590.jpg\" \/>\n\t<meta property=\"og:image:width\" content=\"2200\" \/>\n\t<meta property=\"og:image:height\" content=\"650\" \/>\n\t<meta property=\"og:image:type\" content=\"image\/jpeg\" \/>\n<meta name=\"twitter:card\" content=\"summary_large_image\" \/>\n<meta name=\"twitter:site\" content=\"@stiftung_zewo\" \/>\n<meta name=\"twitter:label1\" content=\"Dur\u00e9e de lecture estim\u00e9e\" \/>\n\t<meta name=\"twitter:data1\" content=\"5 minutes\" \/>\n<script type=\"application\/ld+json\" class=\"yoast-schema-graph\">{\"@context\":\"https:\/\/schema.org\",\"@graph\":[{\"@type\":\"WebPage\",\"@id\":\"https:\/\/zewo.ch\/fr\/supplement-dons\/#webpage\",\"url\":\"https:\/\/zewo.ch\/fr\/supplement-dons\/#webpage\",\"name\":\"\",\"isPartOf\":{\"@id\":\"https:\/\/zewo.ch\/fr\/#website\"},\"primaryImageOfPage\":{\"@id\":\"https:\/\/zewo.ch\/fr\/supplement-dons\/#primaryimage\"},\"image\":{\"@id\":\"https:\/\/zewo.ch\/fr\/supplement-dons\/#primaryimage\"},\"thumbnailUrl\":\"https:\/\/zewo.ch\/wp-content\/uploads\/2019\/05\/shutterstock_216950590.jpg\",\"datePublished\":\"2019-07-30T14:25:21+00:00\",\"dateModified\":\"2025-11-24T06:23:04+00:00\",\"description\":\"Apprenez-en plus sur les dons dans notre suppl\u00e9ment th\u00e9matique.\",\"breadcrumb\":{\"@id\":\"https:\/\/zewo.ch\/fr\/supplement-dons\/#breadcrumb\"},\"inLanguage\":\"fr-FR\",\"potentialAction\":[{\"@type\":\"ReadAction\",\"target\":[\"https:\/\/zewo.ch\/fr\/supplement-dons\/\"]}]},{\"@type\":\"ImageObject\",\"inLanguage\":\"fr-FR\",\"@id\":\"https:\/\/zewo.ch\/fr\/supplement-dons\/#primaryimage\",\"url\":\"https:\/\/zewo.ch\/wp-content\/uploads\/2019\/05\/shutterstock_216950590.jpg\",\"contentUrl\":\"https:\/\/zewo.ch\/wp-content\/uploads\/2019\/05\/shutterstock_216950590.jpg\",\"width\":2200,\"height\":650,\"caption\":\"Entwicklungszusammenarbeit\"},{\"@type\":\"BreadcrumbList\",\"@id\":\"https:\/\/zewo.ch\/fr\/supplement-dons\/#breadcrumb\",\"itemListElement\":[{\"@type\":\"ListItem\",\"position\":1,\"name\":\"Home\",\"item\":\"https:\/\/zewo.ch\/fr\/\"},{\"@type\":\"ListItem\",\"position\":2,\"name\":\"Suppl\u00e9ment dons\"}]},{\"@type\":\"WebSite\",\"@id\":\"https:\/\/zewo.ch\/fr\/#website\",\"url\":\"https:\/\/zewo.ch\/fr\/\",\"name\":\"Zewo\",\"description\":\"Votre don en bonnes mains.\",\"publisher\":{\"@id\":\"https:\/\/zewo.ch\/fr\/#organization\"},\"potentialAction\":[{\"@type\":\"SearchAction\",\"target\":{\"@type\":\"EntryPoint\",\"urlTemplate\":\"https:\/\/zewo.ch\/fr\/?s={search_term_string}\"},\"query-input\":{\"@type\":\"PropertyValueSpecification\",\"valueRequired\":true,\"valueName\":\"search_term_string\"}}],\"inLanguage\":\"fr-FR\"},{\"@type\":\"Organization\",\"@id\":\"https:\/\/zewo.ch\/fr\/#organization\",\"name\":\"Stiftung Zewo\",\"url\":\"https:\/\/zewo.ch\/fr\/\",\"logo\":{\"@type\":\"ImageObject\",\"inLanguage\":\"fr-FR\",\"@id\":\"https:\/\/zewo.ch\/fr\/#\/schema\/logo\/image\/\",\"url\":\"https:\/\/zewo.ch\/wp-content\/uploads\/2019\/08\/Zewo_Logo_Claim_D.svg\",\"contentUrl\":\"https:\/\/zewo.ch\/wp-content\/uploads\/2019\/08\/Zewo_Logo_Claim_D.svg\",\"width\":1,\"height\":1,\"caption\":\"Stiftung Zewo\"},\"image\":{\"@id\":\"https:\/\/zewo.ch\/fr\/#\/schema\/logo\/image\/\"},\"sameAs\":[\"https:\/\/www.facebook.com\/Stiftung.ZEWO\/\",\"https:\/\/x.com\/stiftung_zewo\",\"https:\/\/www.linkedin.com\/company\/stiftung-zewo\",\"https:\/\/www.youtube.com\/channel\/UCzjsVJro12OXcvvx1LQP8tw\",\"https:\/\/de.wikipedia.org\/wiki\/Zewo\"]}]}<\/script>\n<!-- \/ Yoast SEO Premium plugin. -->","yoast_head_json":{"title":"Zewo","description":"Apprenez-en plus sur les dons dans notre suppl\u00e9ment th\u00e9matique.","robots":{"index":"index","follow":"follow","max-snippet":"max-snippet:-1","max-image-preview":"max-image-preview:large","max-video-preview":"max-video-preview:-1"},"canonical":"https:\/\/zewo.ch\/fr\/supplement-dons\/","og_locale":"fr_FR","og_type":"article","og_description":"Apprenez-en plus sur les dons dans notre suppl\u00e9ment th\u00e9matique.","og_url":"https:\/\/zewo.ch\/fr\/supplement-dons\/","og_site_name":"Zewo","article_publisher":"https:\/\/www.facebook.com\/Stiftung.ZEWO\/","article_modified_time":"2025-11-24T06:23:04+00:00","og_image":[{"width":2200,"height":650,"url":"https:\/\/zewo.ch\/wp-content\/uploads\/2019\/05\/shutterstock_216950590.jpg","type":"image\/jpeg"}],"twitter_card":"summary_large_image","twitter_site":"@stiftung_zewo","twitter_misc":{"Dur\u00e9e de lecture estim\u00e9e":"5 minutes"},"schema":{"@context":"https:\/\/schema.org","@graph":[{"@type":"WebPage","@id":"https:\/\/zewo.ch\/fr\/supplement-dons\/#webpage","url":"https:\/\/zewo.ch\/fr\/supplement-dons\/#webpage","name":"","isPartOf":{"@id":"https:\/\/zewo.ch\/fr\/#website"},"primaryImageOfPage":{"@id":"https:\/\/zewo.ch\/fr\/supplement-dons\/#primaryimage"},"image":{"@id":"https:\/\/zewo.ch\/fr\/supplement-dons\/#primaryimage"},"thumbnailUrl":"https:\/\/zewo.ch\/wp-content\/uploads\/2019\/05\/shutterstock_216950590.jpg","datePublished":"2019-07-30T14:25:21+00:00","dateModified":"2025-11-24T06:23:04+00:00","description":"Apprenez-en plus sur les dons dans notre suppl\u00e9ment th\u00e9matique.","breadcrumb":{"@id":"https:\/\/zewo.ch\/fr\/supplement-dons\/#breadcrumb"},"inLanguage":"fr-FR","potentialAction":[{"@type":"ReadAction","target":["https:\/\/zewo.ch\/fr\/supplement-dons\/"]}]},{"@type":"ImageObject","inLanguage":"fr-FR","@id":"https:\/\/zewo.ch\/fr\/supplement-dons\/#primaryimage","url":"https:\/\/zewo.ch\/wp-content\/uploads\/2019\/05\/shutterstock_216950590.jpg","contentUrl":"https:\/\/zewo.ch\/wp-content\/uploads\/2019\/05\/shutterstock_216950590.jpg","width":2200,"height":650,"caption":"Entwicklungszusammenarbeit"},{"@type":"BreadcrumbList","@id":"https:\/\/zewo.ch\/fr\/supplement-dons\/#breadcrumb","itemListElement":[{"@type":"ListItem","position":1,"name":"Home","item":"https:\/\/zewo.ch\/fr\/"},{"@type":"ListItem","position":2,"name":"Suppl\u00e9ment dons"}]},{"@type":"WebSite","@id":"https:\/\/zewo.ch\/fr\/#website","url":"https:\/\/zewo.ch\/fr\/","name":"Zewo","description":"Votre don en bonnes mains.","publisher":{"@id":"https:\/\/zewo.ch\/fr\/#organization"},"potentialAction":[{"@type":"SearchAction","target":{"@type":"EntryPoint","urlTemplate":"https:\/\/zewo.ch\/fr\/?s={search_term_string}"},"query-input":{"@type":"PropertyValueSpecification","valueRequired":true,"valueName":"search_term_string"}}],"inLanguage":"fr-FR"},{"@type":"Organization","@id":"https:\/\/zewo.ch\/fr\/#organization","name":"Stiftung Zewo","url":"https:\/\/zewo.ch\/fr\/","logo":{"@type":"ImageObject","inLanguage":"fr-FR","@id":"https:\/\/zewo.ch\/fr\/#\/schema\/logo\/image\/","url":"https:\/\/zewo.ch\/wp-content\/uploads\/2019\/08\/Zewo_Logo_Claim_D.svg","contentUrl":"https:\/\/zewo.ch\/wp-content\/uploads\/2019\/08\/Zewo_Logo_Claim_D.svg","width":1,"height":1,"caption":"Stiftung Zewo"},"image":{"@id":"https:\/\/zewo.ch\/fr\/#\/schema\/logo\/image\/"},"sameAs":["https:\/\/www.facebook.com\/Stiftung.ZEWO\/","https:\/\/x.com\/stiftung_zewo","https:\/\/www.linkedin.com\/company\/stiftung-zewo","https:\/\/www.youtube.com\/channel\/UCzjsVJro12OXcvvx1LQP8tw","https:\/\/de.wikipedia.org\/wiki\/Zewo"]}]}},"publishpress_future_action":{"enabled":false,"date":"2026-04-23 11:00:05","action":"change-status","newStatus":"draft","terms":[],"taxonomy":"translation_priority","extraData":[]},"publishpress_future_workflow_manual_trigger":{"enabledWorkflows":[]},"_links":{"self":[{"href":"https:\/\/zewo.ch\/fr\/wp-json\/wp\/v2\/pages\/492845","targetHints":{"allow":["GET"]}}],"collection":[{"href":"https:\/\/zewo.ch\/fr\/wp-json\/wp\/v2\/pages"}],"about":[{"href":"https:\/\/zewo.ch\/fr\/wp-json\/wp\/v2\/types\/page"}],"author":[{"embeddable":true,"href":"https:\/\/zewo.ch\/fr\/wp-json\/wp\/v2\/users\/6"}],"replies":[{"embeddable":true,"href":"https:\/\/zewo.ch\/fr\/wp-json\/wp\/v2\/comments?post=492845"}],"version-history":[{"count":42,"href":"https:\/\/zewo.ch\/fr\/wp-json\/wp\/v2\/pages\/492845\/revisions"}],"predecessor-version":[{"id":5934593,"href":"https:\/\/zewo.ch\/fr\/wp-json\/wp\/v2\/pages\/492845\/revisions\/5934593"}],"wp:featuredmedia":[{"embeddable":true,"href":"https:\/\/zewo.ch\/fr\/wp-json\/wp\/v2\/media\/2483"}],"wp:attachment":[{"href":"https:\/\/zewo.ch\/fr\/wp-json\/wp\/v2\/media?parent=492845"}],"wp:term":[{"taxonomy":"folder","embeddable":true,"href":"https:\/\/zewo.ch\/fr\/wp-json\/wp\/v2\/folder?post=492845"}],"curies":[{"name":"wp","href":"https:\/\/api.w.org\/{rel}","templated":true}]}}