{"id":486772,"date":"2019-07-29T14:34:33","date_gmt":"2019-07-29T12:34:33","guid":{"rendered":"https:\/\/www.zewo.ch\/?page_id=486772"},"modified":"2021-04-26T14:17:41","modified_gmt":"2021-04-26T12:17:41","slug":"association-daricheha","status":"publish","type":"page","link":"https:\/\/zewo.ch\/fr\/association-daricheha\/","title":{"rendered":"Association Daricheha"},"content":{"rendered":"\n<p><strong>7 octobre 2009<\/strong><\/p>\n\n\n\n<p><strong>L\u2019organisation \u00abAssociation Daricheha\u00bb n\u2019est pas titulaire du label de qualit\u00e9 Zewo et n\u2019est donc pas soumise \u00e0 notre contr\u00f4le. Nous connaissons toutefois l\u2019association \u00abAssociation Daricheha\u00bb qui ne remplit pas, actuellement, les crit\u00e8res Zewo. <\/strong><\/p>\n\n\n\n<p>Les aspects suivants divergent fortement des standards Zewo (\u00e9tat octobre 2008):<\/p>\n\n\n\n<p>Les donateurs et les donatrices se plaignent de subir\nune pression due aux m\u00e9thodes de collecte agressives et au fait qu\u2019on leur\nr\u00e9clame des sommes anormalement importantes. En certains cantons, par exemple \u00e0\nb\u00e2le-campagne, il y a eu des plaines.L\u2019organisation n\u2019\u00e9tablit pas de rapport\nannuel ni de comptes annuels respectivement refuse de publier ces documents sur\nson site Internet. En plus les comptes annuels ne sont pas imprim\u00e9 dans le\nrapport annuel.<\/p>\n\n\n\n<p>L\u2019organe directeur se compose de seulement 3 membres,\nce qui n\u2019est pas assez pour \u00eatre bien equilibr\u00e9. Selon les Zewo standards\nl\u2019organe directeur doit \u00eatre compos\u00e9 au moins de 5 membres. L\u2019organisation ne\ndispose pas de comptes annuels pertinents, \u00e9tablis conform\u00e9ment \u00e0 Swiss GAAP\nRPC.<\/p>\n\n\n\n<p>Les organisations dignes de confiance qui collectent des dons aupr\u00e8s du public informent \u00e9galement ce dernier de l\u2019utilisation des fonds r\u00e9colt\u00e9s. Zewo appelle \u00e0 la prudence pour les dons aux organisations qui ne sont pas transparentes envers le public et recommande de soutenir, par principe, celles qui ont \u00e9t\u00e9 contr\u00f4l\u00e9es par Zewo.<\/p>\n\n\n\n<p><em>Addendum 2021 : L&rsquo;association est actuellement en liquidation.<\/em><\/p>\n\n\n\n<div class=\"wp-block-cgb-block-zewo-block-button ab-block-button\"><a href=\"\/fr\/zewo-deconseille-de-faire-des-dons\/\" class=\"button primary\"><span class=\"button-arrow\"><\/span>Retour \u00e0 l&rsquo;aper\u00e7u<\/a><\/div>\n","protected":false},"excerpt":{"rendered":"<p>7 octobre 2009 L\u2019organisation \u00abAssociation Daricheha\u00bb n\u2019est pas titulaire du label de qualit\u00e9 Zewo et n\u2019est donc pas soumise \u00e0 notre contr\u00f4le. Nous connaissons toutefois l\u2019association \u00abAssociation Daricheha\u00bb qui ne remplit pas, actuellement, les crit\u00e8res Zewo. Les aspects suivants divergent fortement des standards Zewo (\u00e9tat octobre 2008): Les donateurs et les donatrices se plaignent de [&hellip;]<\/p>\n","protected":false},"author":38,"featured_media":501110,"parent":0,"menu_order":176,"comment_status":"closed","ping_status":"closed","template":"","meta":{"_acf_changed":false,"footnotes":""},"folder":[6643],"class_list":["post-486772","page","type-page","status-publish","has-post-thumbnail","hentry"],"acf":[],"yoast_head":"<!-- This site is optimized with the Yoast SEO Premium plugin v26.0 (Yoast SEO v26.0) - https:\/\/yoast.com\/wordpress\/plugins\/seo\/ -->\n<title>Zewo<\/title>\n<meta name=\"description\" content=\"Zewo d\u00e9conseille de faire des dons \u00e0 l\u2019Association Daricheha.\" \/>\n<meta name=\"robots\" content=\"index, follow, max-snippet:-1, max-image-preview:large, max-video-preview:-1\" \/>\n<link rel=\"canonical\" href=\"https:\/\/zewo.ch\/fr\/association-daricheha\/\" \/>\n<meta property=\"og:locale\" content=\"fr_FR\" \/>\n<meta property=\"og:type\" content=\"article\" \/>\n<meta property=\"og:description\" content=\"Zewo d\u00e9conseille de faire des dons \u00e0 l\u2019Association Daricheha.\" \/>\n<meta property=\"og:url\" content=\"https:\/\/zewo.ch\/fr\/association-daricheha\/\" \/>\n<meta property=\"og:site_name\" content=\"Zewo\" \/>\n<meta property=\"article:publisher\" content=\"https:\/\/www.facebook.com\/Stiftung.ZEWO\/\" \/>\n<meta property=\"article:modified_time\" content=\"2021-04-26T12:17:41+00:00\" \/>\n<meta property=\"og:image\" content=\"https:\/\/zewo.ch\/wp-content\/uploads\/2019\/08\/watchdog-header.png\" \/>\n\t<meta property=\"og:image:width\" content=\"2200\" \/>\n\t<meta property=\"og:image:height\" content=\"440\" \/>\n\t<meta property=\"og:image:type\" content=\"image\/png\" \/>\n<meta name=\"twitter:card\" content=\"summary_large_image\" \/>\n<meta name=\"twitter:site\" content=\"@stiftung_zewo\" \/>\n<meta name=\"twitter:label1\" content=\"Dur\u00e9e de lecture estim\u00e9e\" \/>\n\t<meta name=\"twitter:data1\" content=\"1 minute\" \/>\n<script type=\"application\/ld+json\" class=\"yoast-schema-graph\">{\"@context\":\"https:\/\/schema.org\",\"@graph\":[{\"@type\":\"WebPage\",\"@id\":\"https:\/\/zewo.ch\/fr\/association-daricheha\/#webpage\",\"url\":\"https:\/\/zewo.ch\/fr\/association-daricheha\/#webpage\",\"name\":\"\",\"isPartOf\":{\"@id\":\"https:\/\/zewo.ch\/fr\/#website\"},\"primaryImageOfPage\":{\"@id\":\"https:\/\/zewo.ch\/fr\/association-daricheha\/#primaryimage\"},\"image\":{\"@id\":\"https:\/\/zewo.ch\/fr\/association-daricheha\/#primaryimage\"},\"thumbnailUrl\":\"https:\/\/zewo.ch\/wp-content\/uploads\/2019\/08\/watchdog-header.png\",\"datePublished\":\"2019-07-29T12:34:33+00:00\",\"dateModified\":\"2021-04-26T12:17:41+00:00\",\"description\":\"Zewo d\u00e9conseille de faire des dons \u00e0 l\u2019Association Daricheha.\",\"breadcrumb\":{\"@id\":\"https:\/\/zewo.ch\/fr\/association-daricheha\/#breadcrumb\"},\"inLanguage\":\"fr-FR\",\"potentialAction\":[{\"@type\":\"ReadAction\",\"target\":[\"https:\/\/zewo.ch\/fr\/association-daricheha\/\"]}]},{\"@type\":\"ImageObject\",\"inLanguage\":\"fr-FR\",\"@id\":\"https:\/\/zewo.ch\/fr\/association-daricheha\/#primaryimage\",\"url\":\"https:\/\/zewo.ch\/wp-content\/uploads\/2019\/08\/watchdog-header.png\",\"contentUrl\":\"https:\/\/zewo.ch\/wp-content\/uploads\/2019\/08\/watchdog-header.png\",\"width\":2200,\"height\":440,\"caption\":\"Hier warnt die Zewo\"},{\"@type\":\"BreadcrumbList\",\"@id\":\"https:\/\/zewo.ch\/fr\/association-daricheha\/#breadcrumb\",\"itemListElement\":[{\"@type\":\"ListItem\",\"position\":1,\"name\":\"Home\",\"item\":\"https:\/\/zewo.ch\/fr\/\"},{\"@type\":\"ListItem\",\"position\":2,\"name\":\"Association Daricheha\"}]},{\"@type\":\"WebSite\",\"@id\":\"https:\/\/zewo.ch\/fr\/#website\",\"url\":\"https:\/\/zewo.ch\/fr\/\",\"name\":\"Zewo\",\"description\":\"Votre don en bonnes mains.\",\"publisher\":{\"@id\":\"https:\/\/zewo.ch\/fr\/#organization\"},\"potentialAction\":[{\"@type\":\"SearchAction\",\"target\":{\"@type\":\"EntryPoint\",\"urlTemplate\":\"https:\/\/zewo.ch\/fr\/?s={search_term_string}\"},\"query-input\":{\"@type\":\"PropertyValueSpecification\",\"valueRequired\":true,\"valueName\":\"search_term_string\"}}],\"inLanguage\":\"fr-FR\"},{\"@type\":\"Organization\",\"@id\":\"https:\/\/zewo.ch\/fr\/#organization\",\"name\":\"Stiftung Zewo\",\"url\":\"https:\/\/zewo.ch\/fr\/\",\"logo\":{\"@type\":\"ImageObject\",\"inLanguage\":\"fr-FR\",\"@id\":\"https:\/\/zewo.ch\/fr\/#\/schema\/logo\/image\/\",\"url\":\"https:\/\/zewo.ch\/wp-content\/uploads\/2019\/08\/Zewo_Logo_Claim_D.svg\",\"contentUrl\":\"https:\/\/zewo.ch\/wp-content\/uploads\/2019\/08\/Zewo_Logo_Claim_D.svg\",\"width\":1,\"height\":1,\"caption\":\"Stiftung Zewo\"},\"image\":{\"@id\":\"https:\/\/zewo.ch\/fr\/#\/schema\/logo\/image\/\"},\"sameAs\":[\"https:\/\/www.facebook.com\/Stiftung.ZEWO\/\",\"https:\/\/x.com\/stiftung_zewo\",\"https:\/\/www.linkedin.com\/company\/stiftung-zewo\",\"https:\/\/www.youtube.com\/channel\/UCzjsVJro12OXcvvx1LQP8tw\",\"https:\/\/de.wikipedia.org\/wiki\/Zewo\"]}]}<\/script>\n<!-- \/ Yoast SEO Premium plugin. -->","yoast_head_json":{"title":"Zewo","description":"Zewo d\u00e9conseille de faire des dons \u00e0 l\u2019Association Daricheha.","robots":{"index":"index","follow":"follow","max-snippet":"max-snippet:-1","max-image-preview":"max-image-preview:large","max-video-preview":"max-video-preview:-1"},"canonical":"https:\/\/zewo.ch\/fr\/association-daricheha\/","og_locale":"fr_FR","og_type":"article","og_description":"Zewo d\u00e9conseille de faire des dons \u00e0 l\u2019Association Daricheha.","og_url":"https:\/\/zewo.ch\/fr\/association-daricheha\/","og_site_name":"Zewo","article_publisher":"https:\/\/www.facebook.com\/Stiftung.ZEWO\/","article_modified_time":"2021-04-26T12:17:41+00:00","og_image":[{"width":2200,"height":440,"url":"https:\/\/zewo.ch\/wp-content\/uploads\/2019\/08\/watchdog-header.png","type":"image\/png"}],"twitter_card":"summary_large_image","twitter_site":"@stiftung_zewo","twitter_misc":{"Dur\u00e9e de lecture estim\u00e9e":"1 minute"},"schema":{"@context":"https:\/\/schema.org","@graph":[{"@type":"WebPage","@id":"https:\/\/zewo.ch\/fr\/association-daricheha\/#webpage","url":"https:\/\/zewo.ch\/fr\/association-daricheha\/#webpage","name":"","isPartOf":{"@id":"https:\/\/zewo.ch\/fr\/#website"},"primaryImageOfPage":{"@id":"https:\/\/zewo.ch\/fr\/association-daricheha\/#primaryimage"},"image":{"@id":"https:\/\/zewo.ch\/fr\/association-daricheha\/#primaryimage"},"thumbnailUrl":"https:\/\/zewo.ch\/wp-content\/uploads\/2019\/08\/watchdog-header.png","datePublished":"2019-07-29T12:34:33+00:00","dateModified":"2021-04-26T12:17:41+00:00","description":"Zewo d\u00e9conseille de faire des dons \u00e0 l\u2019Association Daricheha.","breadcrumb":{"@id":"https:\/\/zewo.ch\/fr\/association-daricheha\/#breadcrumb"},"inLanguage":"fr-FR","potentialAction":[{"@type":"ReadAction","target":["https:\/\/zewo.ch\/fr\/association-daricheha\/"]}]},{"@type":"ImageObject","inLanguage":"fr-FR","@id":"https:\/\/zewo.ch\/fr\/association-daricheha\/#primaryimage","url":"https:\/\/zewo.ch\/wp-content\/uploads\/2019\/08\/watchdog-header.png","contentUrl":"https:\/\/zewo.ch\/wp-content\/uploads\/2019\/08\/watchdog-header.png","width":2200,"height":440,"caption":"Hier warnt die Zewo"},{"@type":"BreadcrumbList","@id":"https:\/\/zewo.ch\/fr\/association-daricheha\/#breadcrumb","itemListElement":[{"@type":"ListItem","position":1,"name":"Home","item":"https:\/\/zewo.ch\/fr\/"},{"@type":"ListItem","position":2,"name":"Association Daricheha"}]},{"@type":"WebSite","@id":"https:\/\/zewo.ch\/fr\/#website","url":"https:\/\/zewo.ch\/fr\/","name":"Zewo","description":"Votre don en bonnes mains.","publisher":{"@id":"https:\/\/zewo.ch\/fr\/#organization"},"potentialAction":[{"@type":"SearchAction","target":{"@type":"EntryPoint","urlTemplate":"https:\/\/zewo.ch\/fr\/?s={search_term_string}"},"query-input":{"@type":"PropertyValueSpecification","valueRequired":true,"valueName":"search_term_string"}}],"inLanguage":"fr-FR"},{"@type":"Organization","@id":"https:\/\/zewo.ch\/fr\/#organization","name":"Stiftung Zewo","url":"https:\/\/zewo.ch\/fr\/","logo":{"@type":"ImageObject","inLanguage":"fr-FR","@id":"https:\/\/zewo.ch\/fr\/#\/schema\/logo\/image\/","url":"https:\/\/zewo.ch\/wp-content\/uploads\/2019\/08\/Zewo_Logo_Claim_D.svg","contentUrl":"https:\/\/zewo.ch\/wp-content\/uploads\/2019\/08\/Zewo_Logo_Claim_D.svg","width":1,"height":1,"caption":"Stiftung Zewo"},"image":{"@id":"https:\/\/zewo.ch\/fr\/#\/schema\/logo\/image\/"},"sameAs":["https:\/\/www.facebook.com\/Stiftung.ZEWO\/","https:\/\/x.com\/stiftung_zewo","https:\/\/www.linkedin.com\/company\/stiftung-zewo","https:\/\/www.youtube.com\/channel\/UCzjsVJro12OXcvvx1LQP8tw","https:\/\/de.wikipedia.org\/wiki\/Zewo"]}]}},"publishpress_future_action":{"enabled":false,"date":"2026-04-24 10:19:03","action":"change-status","newStatus":"draft","terms":[],"taxonomy":"translation_priority","extraData":[]},"publishpress_future_workflow_manual_trigger":{"enabledWorkflows":[]},"_links":{"self":[{"href":"https:\/\/zewo.ch\/fr\/wp-json\/wp\/v2\/pages\/486772","targetHints":{"allow":["GET"]}}],"collection":[{"href":"https:\/\/zewo.ch\/fr\/wp-json\/wp\/v2\/pages"}],"about":[{"href":"https:\/\/zewo.ch\/fr\/wp-json\/wp\/v2\/types\/page"}],"author":[{"embeddable":true,"href":"https:\/\/zewo.ch\/fr\/wp-json\/wp\/v2\/users\/38"}],"replies":[{"embeddable":true,"href":"https:\/\/zewo.ch\/fr\/wp-json\/wp\/v2\/comments?post=486772"}],"version-history":[{"count":9,"href":"https:\/\/zewo.ch\/fr\/wp-json\/wp\/v2\/pages\/486772\/revisions"}],"predecessor-version":[{"id":4667546,"href":"https:\/\/zewo.ch\/fr\/wp-json\/wp\/v2\/pages\/486772\/revisions\/4667546"}],"wp:featuredmedia":[{"embeddable":true,"href":"https:\/\/zewo.ch\/fr\/wp-json\/wp\/v2\/media\/501110"}],"wp:attachment":[{"href":"https:\/\/zewo.ch\/fr\/wp-json\/wp\/v2\/media?parent=486772"}],"wp:term":[{"taxonomy":"folder","embeddable":true,"href":"https:\/\/zewo.ch\/fr\/wp-json\/wp\/v2\/folder?post=486772"}],"curies":[{"name":"wp","href":"https:\/\/api.w.org\/{rel}","templated":true}]}}