{"id":486749,"date":"2019-07-29T14:13:44","date_gmt":"2019-07-29T12:13:44","guid":{"rendered":"https:\/\/www.zewo.ch\/?page_id=486749"},"modified":"2021-04-26T14:17:02","modified_gmt":"2021-04-26T12:17:02","slug":"association-suisse-des-enfants-victimes-du-cancer-asevc","status":"publish","type":"page","link":"https:\/\/zewo.ch\/fr\/association-suisse-des-enfants-victimes-du-cancer-asevc\/","title":{"rendered":"Association suisse des enfants victimes du cancer \u2013 ASEVC"},"content":{"rendered":"\n<p><strong>5 juin 2019<\/strong><\/p>\n\n\n\n<p><strong>L\u2019\u00abAssociation d\u2019Aide aux Enfants Handicap\u00e9s de Suisse (A.A.E.H.S.)\u00bb et l\u2019\u00abAssociation suisse des enfants victimes du cancer-ASEVC\u00bb ne sont pas titulaires du label de qualit\u00e9 Zewo et ne sont donc pas soumises \u00e0 notre contr\u00f4le. Suite \u00e0 une recrudescence des demandes d\u2019information et des plaintes de donatrices et donateurs d\u00e9sorient\u00e9s les organisations ont \u00e9t\u00e9 port\u00e9es \u00e0 notre attention particuli\u00e8re. <\/strong><\/p>\n\n\n\n<p>C\u2019est pourquoi nous donnons au public des informations au sujet de ces organisations. Les points suivants s\u2019\u00e9cartent, dans les documents les plus r\u00e9cents dont nous avons connaissance (derni\u00e8re mise \u00e0 jour mars 2017), des standards de Zewo.<\/p>\n\n\n\n<p>Des donatrices et donateurs se plaignent que l\u2019organisation cherche \u00e0 vendre, de mani\u00e8re importune, par t\u00e9l\u00e9phone, des bracelets symboliques au prix tr\u00e8s \u00e9lev\u00e9 de 100 francs par unit\u00e9. Les donatrices et donateurs re\u00e7oivent des organisations des documents qui ne sont pas parlants et suscitent peu la confiance. Il en va de m\u00eame pour le site web asevc-cancer.ch, qui ne comporte aucune indication au sujet de projets \u00e9ventuels soutenus par l\u2019organisation. Conform\u00e9ment aux standards de Zewo, les collectes de dons pas t\u00e9l\u00e9phone ne doivent pas avoir un caract\u00e8re importun et des informations transparentes sur l\u2019organisation r\u00e9alisant les collectes doivent \u00eatre envoy\u00e9es aux donatrices et donateurs.&nbsp;<\/p>\n\n\n\n<p>Selon le\nregistre du commerce, Monsieur Thierry Ellezam est membre du comit\u00e9 des deux\norganisations. Monsieur Ellezam a confirm\u00e9 \u00e0 Zewo, par e-mail, qu\u2019il a fond\u00e9\nces deux organisations. Monsieur Ellezam a fait savoir qu\u2019il ne voulait faire\nparvenir aucun document (notamment rapport annuel et comptes annuels) des deux\norganisations \u00e0 Zewo. Sur le site web asevc-cancer.ch, le rapport annuel et les\ncomptes annuels de l\u2019organisation ne sont pas non plus diffus\u00e9s. Selon les\nstandards de Zewo, les organisations collectant des dons doivent publier un\nrapport annuel parlant et des comptes annuels transparents et les faire\nparvenir, sur demande, \u00e0 tous les int\u00e9ress\u00e9s.<\/p>\n\n\n\n<div class=\"wp-block-cgb-block-zewo-block-button ab-block-button\"><a href=\"\/fr\/zewo-deconseille-de-faire-des-dons\/\" class=\"button primary\"><span class=\"button-arrow\"><\/span>Retour \u00e0 l&rsquo;aper\u00e7u<\/a><\/div>\n","protected":false},"excerpt":{"rendered":"<p>5 juin 2019 L\u2019\u00abAssociation d\u2019Aide aux Enfants Handicap\u00e9s de Suisse (A.A.E.H.S.)\u00bb et l\u2019\u00abAssociation suisse des enfants victimes du cancer-ASEVC\u00bb ne sont pas titulaires du label de qualit\u00e9 Zewo et ne sont donc pas soumises \u00e0 notre contr\u00f4le. Suite \u00e0 une recrudescence des demandes d\u2019information et des plaintes de donatrices et donateurs d\u00e9sorient\u00e9s les organisations ont [&hellip;]<\/p>\n","protected":false},"author":38,"featured_media":501110,"parent":0,"menu_order":174,"comment_status":"closed","ping_status":"closed","template":"","meta":{"_acf_changed":false,"footnotes":""},"folder":[6643],"class_list":["post-486749","page","type-page","status-publish","has-post-thumbnail","hentry"],"acf":[],"yoast_head":"<!-- This site is optimized with the Yoast SEO Premium plugin v26.0 (Yoast SEO v26.0) - https:\/\/yoast.com\/wordpress\/plugins\/seo\/ -->\n<title>Zewo<\/title>\n<meta name=\"description\" content=\"Zewo d\u00e9conseille de faire des dons \u00e0 l\u2019Association suisse des enfants victimes du cancer.\" \/>\n<meta name=\"robots\" content=\"index, follow, max-snippet:-1, max-image-preview:large, max-video-preview:-1\" \/>\n<link rel=\"canonical\" href=\"https:\/\/zewo.ch\/fr\/association-suisse-des-enfants-victimes-du-cancer-asevc\/\" \/>\n<meta property=\"og:locale\" content=\"fr_FR\" \/>\n<meta property=\"og:type\" content=\"article\" \/>\n<meta property=\"og:description\" content=\"Zewo d\u00e9conseille de faire des dons \u00e0 l\u2019Association suisse des enfants victimes du cancer.\" \/>\n<meta property=\"og:url\" content=\"https:\/\/zewo.ch\/fr\/association-suisse-des-enfants-victimes-du-cancer-asevc\/\" \/>\n<meta property=\"og:site_name\" content=\"Zewo\" \/>\n<meta property=\"article:publisher\" content=\"https:\/\/www.facebook.com\/Stiftung.ZEWO\/\" \/>\n<meta property=\"article:modified_time\" content=\"2021-04-26T12:17:02+00:00\" \/>\n<meta property=\"og:image\" content=\"https:\/\/zewo.ch\/wp-content\/uploads\/2019\/08\/watchdog-header.png\" \/>\n\t<meta property=\"og:image:width\" content=\"2200\" \/>\n\t<meta property=\"og:image:height\" content=\"440\" \/>\n\t<meta property=\"og:image:type\" content=\"image\/png\" \/>\n<meta name=\"twitter:card\" content=\"summary_large_image\" \/>\n<meta name=\"twitter:site\" content=\"@stiftung_zewo\" \/>\n<meta name=\"twitter:label1\" content=\"Dur\u00e9e de lecture estim\u00e9e\" \/>\n\t<meta name=\"twitter:data1\" content=\"2 minutes\" \/>\n<script type=\"application\/ld+json\" class=\"yoast-schema-graph\">{\"@context\":\"https:\/\/schema.org\",\"@graph\":[{\"@type\":\"WebPage\",\"@id\":\"https:\/\/zewo.ch\/fr\/association-suisse-des-enfants-victimes-du-cancer-asevc\/#webpage\",\"url\":\"https:\/\/zewo.ch\/fr\/association-suisse-des-enfants-victimes-du-cancer-asevc\/#webpage\",\"name\":\"\",\"isPartOf\":{\"@id\":\"https:\/\/zewo.ch\/fr\/#website\"},\"primaryImageOfPage\":{\"@id\":\"https:\/\/zewo.ch\/fr\/association-suisse-des-enfants-victimes-du-cancer-asevc\/#primaryimage\"},\"image\":{\"@id\":\"https:\/\/zewo.ch\/fr\/association-suisse-des-enfants-victimes-du-cancer-asevc\/#primaryimage\"},\"thumbnailUrl\":\"https:\/\/zewo.ch\/wp-content\/uploads\/2019\/08\/watchdog-header.png\",\"datePublished\":\"2019-07-29T12:13:44+00:00\",\"dateModified\":\"2021-04-26T12:17:02+00:00\",\"description\":\"Zewo d\u00e9conseille de faire des dons \u00e0 l\u2019Association suisse des enfants victimes du cancer.\",\"breadcrumb\":{\"@id\":\"https:\/\/zewo.ch\/fr\/association-suisse-des-enfants-victimes-du-cancer-asevc\/#breadcrumb\"},\"inLanguage\":\"fr-FR\",\"potentialAction\":[{\"@type\":\"ReadAction\",\"target\":[\"https:\/\/zewo.ch\/fr\/association-suisse-des-enfants-victimes-du-cancer-asevc\/\"]}]},{\"@type\":\"ImageObject\",\"inLanguage\":\"fr-FR\",\"@id\":\"https:\/\/zewo.ch\/fr\/association-suisse-des-enfants-victimes-du-cancer-asevc\/#primaryimage\",\"url\":\"https:\/\/zewo.ch\/wp-content\/uploads\/2019\/08\/watchdog-header.png\",\"contentUrl\":\"https:\/\/zewo.ch\/wp-content\/uploads\/2019\/08\/watchdog-header.png\",\"width\":2200,\"height\":440,\"caption\":\"Hier warnt die Zewo\"},{\"@type\":\"BreadcrumbList\",\"@id\":\"https:\/\/zewo.ch\/fr\/association-suisse-des-enfants-victimes-du-cancer-asevc\/#breadcrumb\",\"itemListElement\":[{\"@type\":\"ListItem\",\"position\":1,\"name\":\"Home\",\"item\":\"https:\/\/zewo.ch\/fr\/\"},{\"@type\":\"ListItem\",\"position\":2,\"name\":\"Association suisse des enfants victimes du cancer \u2013 ASEVC\"}]},{\"@type\":\"WebSite\",\"@id\":\"https:\/\/zewo.ch\/fr\/#website\",\"url\":\"https:\/\/zewo.ch\/fr\/\",\"name\":\"Zewo\",\"description\":\"Votre don en bonnes mains.\",\"publisher\":{\"@id\":\"https:\/\/zewo.ch\/fr\/#organization\"},\"potentialAction\":[{\"@type\":\"SearchAction\",\"target\":{\"@type\":\"EntryPoint\",\"urlTemplate\":\"https:\/\/zewo.ch\/fr\/?s={search_term_string}\"},\"query-input\":{\"@type\":\"PropertyValueSpecification\",\"valueRequired\":true,\"valueName\":\"search_term_string\"}}],\"inLanguage\":\"fr-FR\"},{\"@type\":\"Organization\",\"@id\":\"https:\/\/zewo.ch\/fr\/#organization\",\"name\":\"Stiftung Zewo\",\"url\":\"https:\/\/zewo.ch\/fr\/\",\"logo\":{\"@type\":\"ImageObject\",\"inLanguage\":\"fr-FR\",\"@id\":\"https:\/\/zewo.ch\/fr\/#\/schema\/logo\/image\/\",\"url\":\"https:\/\/zewo.ch\/wp-content\/uploads\/2019\/08\/Zewo_Logo_Claim_D.svg\",\"contentUrl\":\"https:\/\/zewo.ch\/wp-content\/uploads\/2019\/08\/Zewo_Logo_Claim_D.svg\",\"width\":1,\"height\":1,\"caption\":\"Stiftung Zewo\"},\"image\":{\"@id\":\"https:\/\/zewo.ch\/fr\/#\/schema\/logo\/image\/\"},\"sameAs\":[\"https:\/\/www.facebook.com\/Stiftung.ZEWO\/\",\"https:\/\/x.com\/stiftung_zewo\",\"https:\/\/www.linkedin.com\/company\/stiftung-zewo\",\"https:\/\/www.youtube.com\/channel\/UCzjsVJro12OXcvvx1LQP8tw\",\"https:\/\/de.wikipedia.org\/wiki\/Zewo\"]}]}<\/script>\n<!-- \/ Yoast SEO Premium plugin. -->","yoast_head_json":{"title":"Zewo","description":"Zewo d\u00e9conseille de faire des dons \u00e0 l\u2019Association suisse des enfants victimes du cancer.","robots":{"index":"index","follow":"follow","max-snippet":"max-snippet:-1","max-image-preview":"max-image-preview:large","max-video-preview":"max-video-preview:-1"},"canonical":"https:\/\/zewo.ch\/fr\/association-suisse-des-enfants-victimes-du-cancer-asevc\/","og_locale":"fr_FR","og_type":"article","og_description":"Zewo d\u00e9conseille de faire des dons \u00e0 l\u2019Association suisse des enfants victimes du cancer.","og_url":"https:\/\/zewo.ch\/fr\/association-suisse-des-enfants-victimes-du-cancer-asevc\/","og_site_name":"Zewo","article_publisher":"https:\/\/www.facebook.com\/Stiftung.ZEWO\/","article_modified_time":"2021-04-26T12:17:02+00:00","og_image":[{"width":2200,"height":440,"url":"https:\/\/zewo.ch\/wp-content\/uploads\/2019\/08\/watchdog-header.png","type":"image\/png"}],"twitter_card":"summary_large_image","twitter_site":"@stiftung_zewo","twitter_misc":{"Dur\u00e9e de lecture estim\u00e9e":"2 minutes"},"schema":{"@context":"https:\/\/schema.org","@graph":[{"@type":"WebPage","@id":"https:\/\/zewo.ch\/fr\/association-suisse-des-enfants-victimes-du-cancer-asevc\/#webpage","url":"https:\/\/zewo.ch\/fr\/association-suisse-des-enfants-victimes-du-cancer-asevc\/#webpage","name":"","isPartOf":{"@id":"https:\/\/zewo.ch\/fr\/#website"},"primaryImageOfPage":{"@id":"https:\/\/zewo.ch\/fr\/association-suisse-des-enfants-victimes-du-cancer-asevc\/#primaryimage"},"image":{"@id":"https:\/\/zewo.ch\/fr\/association-suisse-des-enfants-victimes-du-cancer-asevc\/#primaryimage"},"thumbnailUrl":"https:\/\/zewo.ch\/wp-content\/uploads\/2019\/08\/watchdog-header.png","datePublished":"2019-07-29T12:13:44+00:00","dateModified":"2021-04-26T12:17:02+00:00","description":"Zewo d\u00e9conseille de faire des dons \u00e0 l\u2019Association suisse des enfants victimes du cancer.","breadcrumb":{"@id":"https:\/\/zewo.ch\/fr\/association-suisse-des-enfants-victimes-du-cancer-asevc\/#breadcrumb"},"inLanguage":"fr-FR","potentialAction":[{"@type":"ReadAction","target":["https:\/\/zewo.ch\/fr\/association-suisse-des-enfants-victimes-du-cancer-asevc\/"]}]},{"@type":"ImageObject","inLanguage":"fr-FR","@id":"https:\/\/zewo.ch\/fr\/association-suisse-des-enfants-victimes-du-cancer-asevc\/#primaryimage","url":"https:\/\/zewo.ch\/wp-content\/uploads\/2019\/08\/watchdog-header.png","contentUrl":"https:\/\/zewo.ch\/wp-content\/uploads\/2019\/08\/watchdog-header.png","width":2200,"height":440,"caption":"Hier warnt die Zewo"},{"@type":"BreadcrumbList","@id":"https:\/\/zewo.ch\/fr\/association-suisse-des-enfants-victimes-du-cancer-asevc\/#breadcrumb","itemListElement":[{"@type":"ListItem","position":1,"name":"Home","item":"https:\/\/zewo.ch\/fr\/"},{"@type":"ListItem","position":2,"name":"Association suisse des enfants victimes du cancer \u2013 ASEVC"}]},{"@type":"WebSite","@id":"https:\/\/zewo.ch\/fr\/#website","url":"https:\/\/zewo.ch\/fr\/","name":"Zewo","description":"Votre don en bonnes mains.","publisher":{"@id":"https:\/\/zewo.ch\/fr\/#organization"},"potentialAction":[{"@type":"SearchAction","target":{"@type":"EntryPoint","urlTemplate":"https:\/\/zewo.ch\/fr\/?s={search_term_string}"},"query-input":{"@type":"PropertyValueSpecification","valueRequired":true,"valueName":"search_term_string"}}],"inLanguage":"fr-FR"},{"@type":"Organization","@id":"https:\/\/zewo.ch\/fr\/#organization","name":"Stiftung Zewo","url":"https:\/\/zewo.ch\/fr\/","logo":{"@type":"ImageObject","inLanguage":"fr-FR","@id":"https:\/\/zewo.ch\/fr\/#\/schema\/logo\/image\/","url":"https:\/\/zewo.ch\/wp-content\/uploads\/2019\/08\/Zewo_Logo_Claim_D.svg","contentUrl":"https:\/\/zewo.ch\/wp-content\/uploads\/2019\/08\/Zewo_Logo_Claim_D.svg","width":1,"height":1,"caption":"Stiftung Zewo"},"image":{"@id":"https:\/\/zewo.ch\/fr\/#\/schema\/logo\/image\/"},"sameAs":["https:\/\/www.facebook.com\/Stiftung.ZEWO\/","https:\/\/x.com\/stiftung_zewo","https:\/\/www.linkedin.com\/company\/stiftung-zewo","https:\/\/www.youtube.com\/channel\/UCzjsVJro12OXcvvx1LQP8tw","https:\/\/de.wikipedia.org\/wiki\/Zewo"]}]}},"publishpress_future_action":{"enabled":false,"date":"2026-04-22 22:19:14","action":"change-status","newStatus":"draft","terms":[],"taxonomy":"translation_priority","extraData":[]},"publishpress_future_workflow_manual_trigger":{"enabledWorkflows":[]},"_links":{"self":[{"href":"https:\/\/zewo.ch\/fr\/wp-json\/wp\/v2\/pages\/486749","targetHints":{"allow":["GET"]}}],"collection":[{"href":"https:\/\/zewo.ch\/fr\/wp-json\/wp\/v2\/pages"}],"about":[{"href":"https:\/\/zewo.ch\/fr\/wp-json\/wp\/v2\/types\/page"}],"author":[{"embeddable":true,"href":"https:\/\/zewo.ch\/fr\/wp-json\/wp\/v2\/users\/38"}],"replies":[{"embeddable":true,"href":"https:\/\/zewo.ch\/fr\/wp-json\/wp\/v2\/comments?post=486749"}],"version-history":[{"count":10,"href":"https:\/\/zewo.ch\/fr\/wp-json\/wp\/v2\/pages\/486749\/revisions"}],"predecessor-version":[{"id":4667549,"href":"https:\/\/zewo.ch\/fr\/wp-json\/wp\/v2\/pages\/486749\/revisions\/4667549"}],"wp:featuredmedia":[{"embeddable":true,"href":"https:\/\/zewo.ch\/fr\/wp-json\/wp\/v2\/media\/501110"}],"wp:attachment":[{"href":"https:\/\/zewo.ch\/fr\/wp-json\/wp\/v2\/media?parent=486749"}],"wp:term":[{"taxonomy":"folder","embeddable":true,"href":"https:\/\/zewo.ch\/fr\/wp-json\/wp\/v2\/folder?post=486749"}],"curies":[{"name":"wp","href":"https:\/\/api.w.org\/{rel}","templated":true}]}}