{"id":486735,"date":"2019-07-29T13:48:39","date_gmt":"2019-07-29T11:48:39","guid":{"rendered":"https:\/\/www.zewo.ch\/?page_id=486735"},"modified":"2021-04-26T14:15:16","modified_gmt":"2021-04-26T12:15:16","slug":"reeso-suisse-n-est-pas-transparent","status":"publish","type":"page","link":"https:\/\/zewo.ch\/fr\/reeso-suisse-n-est-pas-transparent\/","title":{"rendered":"Reeso Suisse n&rsquo;est pas transparent"},"content":{"rendered":"\n<p><strong>19 mars 2021<\/strong><\/p>\n\n\n\n<p><strong>Des donatrices et donateurs ont adress\u00e9 \u00e0 la Zewo plusieurs plaintes concernant des appels t\u00e9l\u00e9phoniques de \u00abReeso Suisse\u00bb. <\/strong><\/p>\n\n\n\n<p>Ils reprochent \u00e0 l\u2019organisation de faire de fausses d\u00e9clarations au sujet de dons ant\u00e9rieurs. \u00abReeso Suisse\u00bb enverrait \u00e9galement des bulletins de versement pour des promesses de don qui n\u2019auraient jamais \u00e9t\u00e9 faites. Dans l&rsquo;annuaire t\u00e9l\u00e9phonique suisse (local.ch), le num\u00e9ro de t\u00e9l\u00e9phone de \u00abReeso Suisse\u00bb est r\u00e9pertori\u00e9 comme \u00abMarketing t\u00e9l\u00e9phonique&nbsp;ind\u00e9sirable\u00bb. <\/p>\n\n\n\n<p>\u00abReeso Suisse\u00bb n\u2019est pas titulaire du label de qualit\u00e9 Zewo et son fonctionnement n\u2019est pas transparent. L\u2019organisation ne publie pas de rapport annuel ni de comptes annuels r\u00e9vis\u00e9s. M\u00eame en en faisant la demande, la Zewo n\u2019a re\u00e7u aucun document. L&rsquo;utilisation des dons collect\u00e9s par l&rsquo;organisation n&rsquo;est absolument pas claire. En outre, l&rsquo;organisation ne b\u00e9n\u00e9ficie pas d&rsquo;une exon\u00e9ration fiscale&nbsp;cantonale&nbsp;pour cause d\u2019utilit\u00e9 publique. Cela signifie que les dons \u00e0 \u00abReeso Suisse\u00bb ne peuvent pas \u00eatre d\u00e9duits des imp\u00f4ts.<\/p>\n\n\n\n<p>La Zewo place donc \u00abReeso Suisse\u00bb sur la liste des organisations non transparentes.<\/p>\n\n\n\n<p>Elle recommande aux donatrices et donateurs d\u2019ignorer les appels de \u00abReeso Suisse\u00bb. Seules les organisations \u00e0 but non lucratif qui pratiquent une communication honn\u00eate et une information ouverte sont dignes de confiance.<\/p>\n\n\n\n<div class=\"wp-block-cgb-block-zewo-block-button ab-block-button\"><a href=\"\/fr\/zewo-deconseille-de-faire-des-dons\/\" class=\"button primary\"><span class=\"button-arrow\"><\/span>Retour \u00e0 l&rsquo;aper\u00e7u<\/a><\/div>\n","protected":false},"excerpt":{"rendered":"<p>19 mars 2021 Des donatrices et donateurs ont adress\u00e9 \u00e0 la Zewo plusieurs plaintes concernant des appels t\u00e9l\u00e9phoniques de \u00abReeso Suisse\u00bb. Ils reprochent \u00e0 l\u2019organisation de faire de fausses d\u00e9clarations au sujet de dons ant\u00e9rieurs. \u00abReeso Suisse\u00bb enverrait \u00e9galement des bulletins de versement pour des promesses de don qui n\u2019auraient jamais \u00e9t\u00e9 faites. Dans l&rsquo;annuaire [&hellip;]<\/p>\n","protected":false},"author":38,"featured_media":501110,"parent":0,"menu_order":170,"comment_status":"closed","ping_status":"closed","template":"","meta":{"_acf_changed":false,"footnotes":""},"folder":[6643],"class_list":["post-486735","page","type-page","status-publish","has-post-thumbnail","hentry"],"acf":[],"yoast_head":"<!-- This site is optimized with the Yoast SEO Premium plugin v26.0 (Yoast SEO v26.0) - https:\/\/yoast.com\/wordpress\/plugins\/seo\/ -->\n<title>Zewo<\/title>\n<meta name=\"description\" content=\"Zewo d\u00e9conseille de faire des dons \u00e0 Reeso Suisse.\" \/>\n<meta name=\"robots\" content=\"index, follow, max-snippet:-1, max-image-preview:large, max-video-preview:-1\" \/>\n<link rel=\"canonical\" href=\"https:\/\/zewo.ch\/fr\/reeso-suisse-n-est-pas-transparent\/\" \/>\n<meta property=\"og:locale\" content=\"fr_FR\" \/>\n<meta property=\"og:type\" content=\"article\" \/>\n<meta property=\"og:description\" content=\"Zewo d\u00e9conseille de faire des dons \u00e0 Reeso Suisse.\" \/>\n<meta property=\"og:url\" content=\"https:\/\/zewo.ch\/fr\/reeso-suisse-n-est-pas-transparent\/\" \/>\n<meta property=\"og:site_name\" content=\"Zewo\" \/>\n<meta property=\"article:publisher\" content=\"https:\/\/www.facebook.com\/Stiftung.ZEWO\/\" \/>\n<meta property=\"article:modified_time\" content=\"2021-04-26T12:15:16+00:00\" \/>\n<meta property=\"og:image\" content=\"https:\/\/zewo.ch\/wp-content\/uploads\/2019\/08\/watchdog-header.png\" \/>\n\t<meta property=\"og:image:width\" content=\"2200\" \/>\n\t<meta property=\"og:image:height\" content=\"440\" \/>\n\t<meta property=\"og:image:type\" content=\"image\/png\" \/>\n<meta name=\"twitter:card\" content=\"summary_large_image\" \/>\n<meta name=\"twitter:site\" content=\"@stiftung_zewo\" \/>\n<meta name=\"twitter:label1\" content=\"Dur\u00e9e de lecture estim\u00e9e\" \/>\n\t<meta name=\"twitter:data1\" content=\"1 minute\" \/>\n<script type=\"application\/ld+json\" class=\"yoast-schema-graph\">{\"@context\":\"https:\/\/schema.org\",\"@graph\":[{\"@type\":\"WebPage\",\"@id\":\"https:\/\/zewo.ch\/fr\/reeso-suisse-n-est-pas-transparent\/#webpage\",\"url\":\"https:\/\/zewo.ch\/fr\/reeso-suisse-n-est-pas-transparent\/#webpage\",\"name\":\"\",\"isPartOf\":{\"@id\":\"https:\/\/zewo.ch\/fr\/#website\"},\"primaryImageOfPage\":{\"@id\":\"https:\/\/zewo.ch\/fr\/reeso-suisse-n-est-pas-transparent\/#primaryimage\"},\"image\":{\"@id\":\"https:\/\/zewo.ch\/fr\/reeso-suisse-n-est-pas-transparent\/#primaryimage\"},\"thumbnailUrl\":\"https:\/\/zewo.ch\/wp-content\/uploads\/2019\/08\/watchdog-header.png\",\"datePublished\":\"2019-07-29T11:48:39+00:00\",\"dateModified\":\"2021-04-26T12:15:16+00:00\",\"description\":\"Zewo d\u00e9conseille de faire des dons \u00e0 Reeso Suisse.\",\"breadcrumb\":{\"@id\":\"https:\/\/zewo.ch\/fr\/reeso-suisse-n-est-pas-transparent\/#breadcrumb\"},\"inLanguage\":\"fr-FR\",\"potentialAction\":[{\"@type\":\"ReadAction\",\"target\":[\"https:\/\/zewo.ch\/fr\/reeso-suisse-n-est-pas-transparent\/\"]}]},{\"@type\":\"ImageObject\",\"inLanguage\":\"fr-FR\",\"@id\":\"https:\/\/zewo.ch\/fr\/reeso-suisse-n-est-pas-transparent\/#primaryimage\",\"url\":\"https:\/\/zewo.ch\/wp-content\/uploads\/2019\/08\/watchdog-header.png\",\"contentUrl\":\"https:\/\/zewo.ch\/wp-content\/uploads\/2019\/08\/watchdog-header.png\",\"width\":2200,\"height\":440,\"caption\":\"Hier warnt die Zewo\"},{\"@type\":\"BreadcrumbList\",\"@id\":\"https:\/\/zewo.ch\/fr\/reeso-suisse-n-est-pas-transparent\/#breadcrumb\",\"itemListElement\":[{\"@type\":\"ListItem\",\"position\":1,\"name\":\"Home\",\"item\":\"https:\/\/zewo.ch\/fr\/\"},{\"@type\":\"ListItem\",\"position\":2,\"name\":\"Reeso Suisse n&#8217;est pas transparent\"}]},{\"@type\":\"WebSite\",\"@id\":\"https:\/\/zewo.ch\/fr\/#website\",\"url\":\"https:\/\/zewo.ch\/fr\/\",\"name\":\"Zewo\",\"description\":\"Votre don en bonnes mains.\",\"publisher\":{\"@id\":\"https:\/\/zewo.ch\/fr\/#organization\"},\"potentialAction\":[{\"@type\":\"SearchAction\",\"target\":{\"@type\":\"EntryPoint\",\"urlTemplate\":\"https:\/\/zewo.ch\/fr\/?s={search_term_string}\"},\"query-input\":{\"@type\":\"PropertyValueSpecification\",\"valueRequired\":true,\"valueName\":\"search_term_string\"}}],\"inLanguage\":\"fr-FR\"},{\"@type\":\"Organization\",\"@id\":\"https:\/\/zewo.ch\/fr\/#organization\",\"name\":\"Stiftung Zewo\",\"url\":\"https:\/\/zewo.ch\/fr\/\",\"logo\":{\"@type\":\"ImageObject\",\"inLanguage\":\"fr-FR\",\"@id\":\"https:\/\/zewo.ch\/fr\/#\/schema\/logo\/image\/\",\"url\":\"https:\/\/zewo.ch\/wp-content\/uploads\/2019\/08\/Zewo_Logo_Claim_D.svg\",\"contentUrl\":\"https:\/\/zewo.ch\/wp-content\/uploads\/2019\/08\/Zewo_Logo_Claim_D.svg\",\"width\":1,\"height\":1,\"caption\":\"Stiftung Zewo\"},\"image\":{\"@id\":\"https:\/\/zewo.ch\/fr\/#\/schema\/logo\/image\/\"},\"sameAs\":[\"https:\/\/www.facebook.com\/Stiftung.ZEWO\/\",\"https:\/\/x.com\/stiftung_zewo\",\"https:\/\/www.linkedin.com\/company\/stiftung-zewo\",\"https:\/\/www.youtube.com\/channel\/UCzjsVJro12OXcvvx1LQP8tw\",\"https:\/\/de.wikipedia.org\/wiki\/Zewo\"]}]}<\/script>\n<!-- \/ Yoast SEO Premium plugin. -->","yoast_head_json":{"title":"Zewo","description":"Zewo d\u00e9conseille de faire des dons \u00e0 Reeso Suisse.","robots":{"index":"index","follow":"follow","max-snippet":"max-snippet:-1","max-image-preview":"max-image-preview:large","max-video-preview":"max-video-preview:-1"},"canonical":"https:\/\/zewo.ch\/fr\/reeso-suisse-n-est-pas-transparent\/","og_locale":"fr_FR","og_type":"article","og_description":"Zewo d\u00e9conseille de faire des dons \u00e0 Reeso Suisse.","og_url":"https:\/\/zewo.ch\/fr\/reeso-suisse-n-est-pas-transparent\/","og_site_name":"Zewo","article_publisher":"https:\/\/www.facebook.com\/Stiftung.ZEWO\/","article_modified_time":"2021-04-26T12:15:16+00:00","og_image":[{"width":2200,"height":440,"url":"https:\/\/zewo.ch\/wp-content\/uploads\/2019\/08\/watchdog-header.png","type":"image\/png"}],"twitter_card":"summary_large_image","twitter_site":"@stiftung_zewo","twitter_misc":{"Dur\u00e9e de lecture estim\u00e9e":"1 minute"},"schema":{"@context":"https:\/\/schema.org","@graph":[{"@type":"WebPage","@id":"https:\/\/zewo.ch\/fr\/reeso-suisse-n-est-pas-transparent\/#webpage","url":"https:\/\/zewo.ch\/fr\/reeso-suisse-n-est-pas-transparent\/#webpage","name":"","isPartOf":{"@id":"https:\/\/zewo.ch\/fr\/#website"},"primaryImageOfPage":{"@id":"https:\/\/zewo.ch\/fr\/reeso-suisse-n-est-pas-transparent\/#primaryimage"},"image":{"@id":"https:\/\/zewo.ch\/fr\/reeso-suisse-n-est-pas-transparent\/#primaryimage"},"thumbnailUrl":"https:\/\/zewo.ch\/wp-content\/uploads\/2019\/08\/watchdog-header.png","datePublished":"2019-07-29T11:48:39+00:00","dateModified":"2021-04-26T12:15:16+00:00","description":"Zewo d\u00e9conseille de faire des dons \u00e0 Reeso Suisse.","breadcrumb":{"@id":"https:\/\/zewo.ch\/fr\/reeso-suisse-n-est-pas-transparent\/#breadcrumb"},"inLanguage":"fr-FR","potentialAction":[{"@type":"ReadAction","target":["https:\/\/zewo.ch\/fr\/reeso-suisse-n-est-pas-transparent\/"]}]},{"@type":"ImageObject","inLanguage":"fr-FR","@id":"https:\/\/zewo.ch\/fr\/reeso-suisse-n-est-pas-transparent\/#primaryimage","url":"https:\/\/zewo.ch\/wp-content\/uploads\/2019\/08\/watchdog-header.png","contentUrl":"https:\/\/zewo.ch\/wp-content\/uploads\/2019\/08\/watchdog-header.png","width":2200,"height":440,"caption":"Hier warnt die Zewo"},{"@type":"BreadcrumbList","@id":"https:\/\/zewo.ch\/fr\/reeso-suisse-n-est-pas-transparent\/#breadcrumb","itemListElement":[{"@type":"ListItem","position":1,"name":"Home","item":"https:\/\/zewo.ch\/fr\/"},{"@type":"ListItem","position":2,"name":"Reeso Suisse n&#8217;est pas transparent"}]},{"@type":"WebSite","@id":"https:\/\/zewo.ch\/fr\/#website","url":"https:\/\/zewo.ch\/fr\/","name":"Zewo","description":"Votre don en bonnes mains.","publisher":{"@id":"https:\/\/zewo.ch\/fr\/#organization"},"potentialAction":[{"@type":"SearchAction","target":{"@type":"EntryPoint","urlTemplate":"https:\/\/zewo.ch\/fr\/?s={search_term_string}"},"query-input":{"@type":"PropertyValueSpecification","valueRequired":true,"valueName":"search_term_string"}}],"inLanguage":"fr-FR"},{"@type":"Organization","@id":"https:\/\/zewo.ch\/fr\/#organization","name":"Stiftung Zewo","url":"https:\/\/zewo.ch\/fr\/","logo":{"@type":"ImageObject","inLanguage":"fr-FR","@id":"https:\/\/zewo.ch\/fr\/#\/schema\/logo\/image\/","url":"https:\/\/zewo.ch\/wp-content\/uploads\/2019\/08\/Zewo_Logo_Claim_D.svg","contentUrl":"https:\/\/zewo.ch\/wp-content\/uploads\/2019\/08\/Zewo_Logo_Claim_D.svg","width":1,"height":1,"caption":"Stiftung Zewo"},"image":{"@id":"https:\/\/zewo.ch\/fr\/#\/schema\/logo\/image\/"},"sameAs":["https:\/\/www.facebook.com\/Stiftung.ZEWO\/","https:\/\/x.com\/stiftung_zewo","https:\/\/www.linkedin.com\/company\/stiftung-zewo","https:\/\/www.youtube.com\/channel\/UCzjsVJro12OXcvvx1LQP8tw","https:\/\/de.wikipedia.org\/wiki\/Zewo"]}]}},"publishpress_future_action":{"enabled":false,"date":"2026-04-24 10:19:03","action":"change-status","newStatus":"draft","terms":[],"taxonomy":"translation_priority","extraData":[]},"publishpress_future_workflow_manual_trigger":{"enabledWorkflows":[]},"_links":{"self":[{"href":"https:\/\/zewo.ch\/fr\/wp-json\/wp\/v2\/pages\/486735","targetHints":{"allow":["GET"]}}],"collection":[{"href":"https:\/\/zewo.ch\/fr\/wp-json\/wp\/v2\/pages"}],"about":[{"href":"https:\/\/zewo.ch\/fr\/wp-json\/wp\/v2\/types\/page"}],"author":[{"embeddable":true,"href":"https:\/\/zewo.ch\/fr\/wp-json\/wp\/v2\/users\/38"}],"replies":[{"embeddable":true,"href":"https:\/\/zewo.ch\/fr\/wp-json\/wp\/v2\/comments?post=486735"}],"version-history":[{"count":12,"href":"https:\/\/zewo.ch\/fr\/wp-json\/wp\/v2\/pages\/486735\/revisions"}],"predecessor-version":[{"id":4667555,"href":"https:\/\/zewo.ch\/fr\/wp-json\/wp\/v2\/pages\/486735\/revisions\/4667555"}],"wp:featuredmedia":[{"embeddable":true,"href":"https:\/\/zewo.ch\/fr\/wp-json\/wp\/v2\/media\/501110"}],"wp:attachment":[{"href":"https:\/\/zewo.ch\/fr\/wp-json\/wp\/v2\/media?parent=486735"}],"wp:term":[{"taxonomy":"folder","embeddable":true,"href":"https:\/\/zewo.ch\/fr\/wp-json\/wp\/v2\/folder?post=486735"}],"curies":[{"name":"wp","href":"https:\/\/api.w.org\/{rel}","templated":true}]}}