{"id":486684,"date":"2019-07-29T11:37:16","date_gmt":"2019-07-29T09:37:16","guid":{"rendered":"https:\/\/www.zewo.ch\/?page_id=486684"},"modified":"2025-07-14T09:13:08","modified_gmt":"2025-07-14T07:13:08","slug":"zewo-deconseille-de-faire-des-dons","status":"publish","type":"page","link":"https:\/\/zewo.ch\/fr\/zewo-deconseille-de-faire-des-dons\/","title":{"rendered":"Zewo d\u00e9conseille de faire des dons"},"content":{"rendered":"\n<h2 class=\"wp-block-heading\">Vigilant en donnant<\/h2>\n\n\n\n<p><strong>Les donatrices et donateurs veulent avoir la certitude que leur don arrive au bon endroit. La Zewo est donc \u00e9galement vigilante lorsqu\u2019il s\u2019agit de collectes de dons effectu\u00e9es par des organisations ne disposant pas du label de qualit\u00e9. Elle attire l\u2019attention sur les collectes de fonds, qui s&rsquo;\u00e9cartent fortement des normes Zewo.<\/strong><\/p>\n\n\n\n<p>Il arrive r\u00e9guli\u00e8rement que les donatrices et donateurs se tournent vers la Zewo pour des questions concernant les collectes d&rsquo;organisations non certifi\u00e9es Zewo. Pour y r\u00e9pondre, elle consulte les informations et documents disponibles publiquement afin de se faire une image de l\u2019organisation en question. Si les informations sont insuffisantes, la Zewo contacte directement l\u2019organisation.<\/p>\n\n\n\n<h2 class=\"wp-block-heading\" id=\"1\">Ces organisations ne sont pas transparentes<\/h2>\n\n\n\n<p>Enfin, si elle n&rsquo;obtient aucune r\u00e9ponse satisfaisante, elle signale un manque de transparence de la part de l\u2019organisation. Elle l\u2019ajoute \u00e9galement \u00e0 la liste ci-dessous. Celle-ci rassemble les organisations qui effectuent des collectes de dons publiques et manquent de transparence quant \u00e0 l\u2019utilisation de l\u2019argent r\u00e9colt\u00e9. Cette liste est non-exhaustive.<\/p>\n\n\n\n<ul class=\"wp-block-list\">\n<li>Building Skills Welfare Switzerland (anciennement Hope and Light Community Welfare Switzerland), derni\u00e8re mise \u00e0 jour en juin 2024<\/li>\n\n\n\n<li>Umuntu Movement, Ermatingen, derni\u00e8re mise \u00e0 jour en d\u00e9cembre 2020<\/li>\n\n\n\n<li>Fondation pour le cheval, Berne, derni\u00e8re mise \u00e0 jour en juin 2020<\/li>\n<\/ul>\n\n\n\n<h2 class=\"wp-block-heading\" id=\"h-ces-collectes-divergent-fortement-des-normes-zewo\">Ces collectes divergent fortement des normes Zewo<\/h2>\n\n\n\n<p>Si la Zewo re\u00e7oit des documents pertinents, elle se fait une id\u00e9e si l&rsquo;organisation s&rsquo;\u00e9carte des normes Zewo sur des points essentiels. Elle r\u00e9pond ensuite aux demandes sur la base de cette constatation.<\/p>\n\n\n\n<p>Si la Zewo constate un \u00e9cart massif par rapport \u00e0 ses normes, elle en informe sur cette page. La liste ne pr\u00e9tend pas \u00eatre exhaustive.<\/p>\n\n\n\n<div class=\"wp-block-cgb-block-zewo-block-columns-container container bg-color-light-gray\"><div class=\"grid-x grid-margin-x\" data-columns=\"3\">\n<div class=\"cell small-12 medium-6\"><div class=\"wp-block-cgb-block-zewo-block-image-teaser ab-block-cta bg-color-secondary\"><div class=\"ab-cta-content\"><h2 class=\"ab-cta-title\"><strong>Association d&rsquo;Aide aux Enfants Handicap\u00e9s de Suisse (A.A.E.H.S.)\ufeff<\/strong> <\/h2><\/div><div class=\"ab-cta-button\"><a href=\"\/fr\/association-daide-aux-enfants-handicapes-de-suisse-a-a-e-h-s\/\" target=\"_self\" rel=\"noopener noreferrer\" class=\"button primary button-teaser\"><span class=\"button-arrow\"><\/span>Lisez maintenant<\/a><\/div><a href=\"\/fr\/association-daide-aux-enfants-handicapes-de-suisse-a-a-e-h-s\/\" target=\"_self\" rel=\"noopener noreferrer\" class=\"button-teaser--is-full\"><\/a><\/div><\/div>\n<\/div><\/div>\n\n\n\n<p><\/p>\n\n\n\n<h2 class=\"wp-block-heading\" id=\"h-organisations-en-liquidation-ou-dissoutes\">Organisations en liquidation ou dissoutes<\/h2>\n\n\n\n<p>Ces organisations figuraient auparavant sur cette page, mais sont actuellement en liquidation ou ont d\u00e9j\u00e0 \u00e9t\u00e9 dissoutes :<\/p>\n\n\n\n<ul class=\"wp-block-list\">\n<li>Association suisse des enfants victimes du cancer-ASEVC<\/li>\n\n\n\n<li>Association Suisse des Donneurs de Sang<\/li>\n\n\n\n<li>Retten Sie Leben<\/li>\n\n\n\n<li>SOS Gerasjuta Stiftung<\/li>\n\n\n\n<li>Stiftung Krebs-Hilfe<\/li>\n\n\n\n<li>Verein Daricheha <\/li>\n<\/ul>\n\n\n\n<h2 class=\"wp-block-heading\" id=\"2\">Pour des dons \u00e9clair\u00e9s<\/h2>\n\n\n\n<p>Renseignez-vous\nbien avant d\u2019effectuer un don. Si l\u2019OBNL ne dispose pas du label de qualit\u00e9\nZewo, demandez-lui de la documentation. Le bilan ou les comptes annuels\ncomplets et r\u00e9vis\u00e9s constituent une bonne base de r\u00e9f\u00e9rence. Essayez de\ncomprendre comment l\u2019OBNL met \u00e0 profit les moyens dont elle dispose.<\/p>\n\n\n\n<p>N\u00e9anmoins, ce travail de recherche demande du temps et de l\u2019exp\u00e9rience. C\u2019est pourquoi la Zewo s\u2019en charge pour les donatrices et donateurs. Elle ne certifie que les OBNL r\u00e9pondant aux&nbsp;<a href=\"\/fr\/apercu-des-21-normes-zewo-condense-et-clair\/\">normes Zewo<\/a>. Les dons effectu\u00e9s aux <a href=\"\/fr\/npo-recherche\/\">OBNL certifi\u00e9es<\/a> sont en bonnes mains. Pour vous faciliter la t\u00e2che, vous pouvez donc vous fier au <a href=\"\/fr\/label-de-qualite\/\">label de qualit\u00e9 de la Zewo<\/a>.<\/p>\n","protected":false},"excerpt":{"rendered":"<p>Vigilant en donnant Les donatrices et donateurs veulent avoir la certitude que leur don arrive au bon endroit. La Zewo est donc \u00e9galement vigilante lorsqu\u2019il s\u2019agit de collectes de dons effectu\u00e9es par des organisations ne disposant pas du label de qualit\u00e9. Elle attire l\u2019attention sur les collectes de fonds, qui s&rsquo;\u00e9cartent fortement des normes Zewo. [&hellip;]<\/p>\n","protected":false},"author":38,"featured_media":501110,"parent":0,"menu_order":161,"comment_status":"closed","ping_status":"closed","template":"","meta":{"_acf_changed":false,"footnotes":""},"folder":[6643],"class_list":["post-486684","page","type-page","status-publish","has-post-thumbnail","hentry"],"acf":[],"yoast_head":"<!-- This site is optimized with the Yoast SEO Premium plugin v26.0 (Yoast SEO v26.0) - https:\/\/yoast.com\/wordpress\/plugins\/seo\/ -->\n<title>Zewo<\/title>\n<meta name=\"description\" content=\"Tout donateur veut \u00eatre s\u00fbr que son don arrive \u00e0 destination. La Zewo met en garde contre les collectes de fonds, qui s&#039;\u00e9cartent fortement des normes Zewo.\" \/>\n<meta name=\"robots\" content=\"index, follow, max-snippet:-1, max-image-preview:large, max-video-preview:-1\" \/>\n<link rel=\"canonical\" href=\"https:\/\/zewo.ch\/fr\/zewo-deconseille-de-faire-des-dons\/\" \/>\n<meta property=\"og:locale\" content=\"fr_FR\" \/>\n<meta property=\"og:type\" content=\"article\" \/>\n<meta property=\"og:description\" content=\"Tout donateur veut \u00eatre s\u00fbr que son don arrive \u00e0 destination. La Zewo met en garde contre les collectes de fonds, qui s&#039;\u00e9cartent fortement des normes Zewo.\" \/>\n<meta property=\"og:url\" content=\"https:\/\/zewo.ch\/fr\/zewo-deconseille-de-faire-des-dons\/\" \/>\n<meta property=\"og:site_name\" content=\"Zewo\" \/>\n<meta property=\"article:publisher\" content=\"https:\/\/www.facebook.com\/Stiftung.ZEWO\/\" \/>\n<meta property=\"article:modified_time\" content=\"2025-07-14T07:13:08+00:00\" \/>\n<meta property=\"og:image\" content=\"https:\/\/zewo.ch\/wp-content\/uploads\/2019\/08\/watchdog-header.png\" \/>\n\t<meta property=\"og:image:width\" content=\"2200\" \/>\n\t<meta property=\"og:image:height\" content=\"440\" \/>\n\t<meta property=\"og:image:type\" content=\"image\/png\" \/>\n<meta name=\"twitter:card\" content=\"summary_large_image\" \/>\n<meta name=\"twitter:site\" content=\"@stiftung_zewo\" \/>\n<meta name=\"twitter:label1\" content=\"Dur\u00e9e de lecture estim\u00e9e\" \/>\n\t<meta name=\"twitter:data1\" content=\"3 minutes\" \/>\n<script type=\"application\/ld+json\" class=\"yoast-schema-graph\">{\"@context\":\"https:\/\/schema.org\",\"@graph\":[{\"@type\":\"WebPage\",\"@id\":\"https:\/\/zewo.ch\/fr\/zewo-deconseille-de-faire-des-dons\/#webpage\",\"url\":\"https:\/\/zewo.ch\/fr\/zewo-deconseille-de-faire-des-dons\/#webpage\",\"name\":\"\",\"isPartOf\":{\"@id\":\"https:\/\/zewo.ch\/fr\/#website\"},\"primaryImageOfPage\":{\"@id\":\"https:\/\/zewo.ch\/fr\/zewo-deconseille-de-faire-des-dons\/#primaryimage\"},\"image\":{\"@id\":\"https:\/\/zewo.ch\/fr\/zewo-deconseille-de-faire-des-dons\/#primaryimage\"},\"thumbnailUrl\":\"https:\/\/zewo.ch\/wp-content\/uploads\/2019\/08\/watchdog-header.png\",\"datePublished\":\"2019-07-29T09:37:16+00:00\",\"dateModified\":\"2025-07-14T07:13:08+00:00\",\"description\":\"Tout donateur veut \u00eatre s\u00fbr que son don arrive \u00e0 destination. La Zewo met en garde contre les collectes de fonds, qui s'\u00e9cartent fortement des normes Zewo.\",\"breadcrumb\":{\"@id\":\"https:\/\/zewo.ch\/fr\/zewo-deconseille-de-faire-des-dons\/#breadcrumb\"},\"inLanguage\":\"fr-FR\",\"potentialAction\":[{\"@type\":\"ReadAction\",\"target\":[\"https:\/\/zewo.ch\/fr\/zewo-deconseille-de-faire-des-dons\/\"]}]},{\"@type\":\"ImageObject\",\"inLanguage\":\"fr-FR\",\"@id\":\"https:\/\/zewo.ch\/fr\/zewo-deconseille-de-faire-des-dons\/#primaryimage\",\"url\":\"https:\/\/zewo.ch\/wp-content\/uploads\/2019\/08\/watchdog-header.png\",\"contentUrl\":\"https:\/\/zewo.ch\/wp-content\/uploads\/2019\/08\/watchdog-header.png\",\"width\":2200,\"height\":440,\"caption\":\"Hier warnt die Zewo\"},{\"@type\":\"BreadcrumbList\",\"@id\":\"https:\/\/zewo.ch\/fr\/zewo-deconseille-de-faire-des-dons\/#breadcrumb\",\"itemListElement\":[{\"@type\":\"ListItem\",\"position\":1,\"name\":\"Home\",\"item\":\"https:\/\/zewo.ch\/fr\/\"},{\"@type\":\"ListItem\",\"position\":2,\"name\":\"Zewo d\u00e9conseille de faire des dons\"}]},{\"@type\":\"WebSite\",\"@id\":\"https:\/\/zewo.ch\/fr\/#website\",\"url\":\"https:\/\/zewo.ch\/fr\/\",\"name\":\"Zewo\",\"description\":\"Votre don en bonnes mains.\",\"publisher\":{\"@id\":\"https:\/\/zewo.ch\/fr\/#organization\"},\"potentialAction\":[{\"@type\":\"SearchAction\",\"target\":{\"@type\":\"EntryPoint\",\"urlTemplate\":\"https:\/\/zewo.ch\/fr\/?s={search_term_string}\"},\"query-input\":{\"@type\":\"PropertyValueSpecification\",\"valueRequired\":true,\"valueName\":\"search_term_string\"}}],\"inLanguage\":\"fr-FR\"},{\"@type\":\"Organization\",\"@id\":\"https:\/\/zewo.ch\/fr\/#organization\",\"name\":\"Stiftung Zewo\",\"url\":\"https:\/\/zewo.ch\/fr\/\",\"logo\":{\"@type\":\"ImageObject\",\"inLanguage\":\"fr-FR\",\"@id\":\"https:\/\/zewo.ch\/fr\/#\/schema\/logo\/image\/\",\"url\":\"https:\/\/zewo.ch\/wp-content\/uploads\/2019\/08\/Zewo_Logo_Claim_D.svg\",\"contentUrl\":\"https:\/\/zewo.ch\/wp-content\/uploads\/2019\/08\/Zewo_Logo_Claim_D.svg\",\"width\":1,\"height\":1,\"caption\":\"Stiftung Zewo\"},\"image\":{\"@id\":\"https:\/\/zewo.ch\/fr\/#\/schema\/logo\/image\/\"},\"sameAs\":[\"https:\/\/www.facebook.com\/Stiftung.ZEWO\/\",\"https:\/\/x.com\/stiftung_zewo\",\"https:\/\/www.linkedin.com\/company\/stiftung-zewo\",\"https:\/\/www.youtube.com\/channel\/UCzjsVJro12OXcvvx1LQP8tw\",\"https:\/\/de.wikipedia.org\/wiki\/Zewo\"]}]}<\/script>\n<!-- \/ Yoast SEO Premium plugin. -->","yoast_head_json":{"title":"Zewo","description":"Tout donateur veut \u00eatre s\u00fbr que son don arrive \u00e0 destination. La Zewo met en garde contre les collectes de fonds, qui s'\u00e9cartent fortement des normes Zewo.","robots":{"index":"index","follow":"follow","max-snippet":"max-snippet:-1","max-image-preview":"max-image-preview:large","max-video-preview":"max-video-preview:-1"},"canonical":"https:\/\/zewo.ch\/fr\/zewo-deconseille-de-faire-des-dons\/","og_locale":"fr_FR","og_type":"article","og_description":"Tout donateur veut \u00eatre s\u00fbr que son don arrive \u00e0 destination. La Zewo met en garde contre les collectes de fonds, qui s'\u00e9cartent fortement des normes Zewo.","og_url":"https:\/\/zewo.ch\/fr\/zewo-deconseille-de-faire-des-dons\/","og_site_name":"Zewo","article_publisher":"https:\/\/www.facebook.com\/Stiftung.ZEWO\/","article_modified_time":"2025-07-14T07:13:08+00:00","og_image":[{"width":2200,"height":440,"url":"https:\/\/zewo.ch\/wp-content\/uploads\/2019\/08\/watchdog-header.png","type":"image\/png"}],"twitter_card":"summary_large_image","twitter_site":"@stiftung_zewo","twitter_misc":{"Dur\u00e9e de lecture estim\u00e9e":"3 minutes"},"schema":{"@context":"https:\/\/schema.org","@graph":[{"@type":"WebPage","@id":"https:\/\/zewo.ch\/fr\/zewo-deconseille-de-faire-des-dons\/#webpage","url":"https:\/\/zewo.ch\/fr\/zewo-deconseille-de-faire-des-dons\/#webpage","name":"","isPartOf":{"@id":"https:\/\/zewo.ch\/fr\/#website"},"primaryImageOfPage":{"@id":"https:\/\/zewo.ch\/fr\/zewo-deconseille-de-faire-des-dons\/#primaryimage"},"image":{"@id":"https:\/\/zewo.ch\/fr\/zewo-deconseille-de-faire-des-dons\/#primaryimage"},"thumbnailUrl":"https:\/\/zewo.ch\/wp-content\/uploads\/2019\/08\/watchdog-header.png","datePublished":"2019-07-29T09:37:16+00:00","dateModified":"2025-07-14T07:13:08+00:00","description":"Tout donateur veut \u00eatre s\u00fbr que son don arrive \u00e0 destination. La Zewo met en garde contre les collectes de fonds, qui s'\u00e9cartent fortement des normes Zewo.","breadcrumb":{"@id":"https:\/\/zewo.ch\/fr\/zewo-deconseille-de-faire-des-dons\/#breadcrumb"},"inLanguage":"fr-FR","potentialAction":[{"@type":"ReadAction","target":["https:\/\/zewo.ch\/fr\/zewo-deconseille-de-faire-des-dons\/"]}]},{"@type":"ImageObject","inLanguage":"fr-FR","@id":"https:\/\/zewo.ch\/fr\/zewo-deconseille-de-faire-des-dons\/#primaryimage","url":"https:\/\/zewo.ch\/wp-content\/uploads\/2019\/08\/watchdog-header.png","contentUrl":"https:\/\/zewo.ch\/wp-content\/uploads\/2019\/08\/watchdog-header.png","width":2200,"height":440,"caption":"Hier warnt die Zewo"},{"@type":"BreadcrumbList","@id":"https:\/\/zewo.ch\/fr\/zewo-deconseille-de-faire-des-dons\/#breadcrumb","itemListElement":[{"@type":"ListItem","position":1,"name":"Home","item":"https:\/\/zewo.ch\/fr\/"},{"@type":"ListItem","position":2,"name":"Zewo d\u00e9conseille de faire des dons"}]},{"@type":"WebSite","@id":"https:\/\/zewo.ch\/fr\/#website","url":"https:\/\/zewo.ch\/fr\/","name":"Zewo","description":"Votre don en bonnes mains.","publisher":{"@id":"https:\/\/zewo.ch\/fr\/#organization"},"potentialAction":[{"@type":"SearchAction","target":{"@type":"EntryPoint","urlTemplate":"https:\/\/zewo.ch\/fr\/?s={search_term_string}"},"query-input":{"@type":"PropertyValueSpecification","valueRequired":true,"valueName":"search_term_string"}}],"inLanguage":"fr-FR"},{"@type":"Organization","@id":"https:\/\/zewo.ch\/fr\/#organization","name":"Stiftung Zewo","url":"https:\/\/zewo.ch\/fr\/","logo":{"@type":"ImageObject","inLanguage":"fr-FR","@id":"https:\/\/zewo.ch\/fr\/#\/schema\/logo\/image\/","url":"https:\/\/zewo.ch\/wp-content\/uploads\/2019\/08\/Zewo_Logo_Claim_D.svg","contentUrl":"https:\/\/zewo.ch\/wp-content\/uploads\/2019\/08\/Zewo_Logo_Claim_D.svg","width":1,"height":1,"caption":"Stiftung Zewo"},"image":{"@id":"https:\/\/zewo.ch\/fr\/#\/schema\/logo\/image\/"},"sameAs":["https:\/\/www.facebook.com\/Stiftung.ZEWO\/","https:\/\/x.com\/stiftung_zewo","https:\/\/www.linkedin.com\/company\/stiftung-zewo","https:\/\/www.youtube.com\/channel\/UCzjsVJro12OXcvvx1LQP8tw","https:\/\/de.wikipedia.org\/wiki\/Zewo"]}]}},"publishpress_future_action":{"enabled":false,"date":"2026-04-23 10:52:41","action":"change-status","newStatus":"draft","terms":[],"taxonomy":"translation_priority","extraData":[]},"publishpress_future_workflow_manual_trigger":{"enabledWorkflows":[]},"_links":{"self":[{"href":"https:\/\/zewo.ch\/fr\/wp-json\/wp\/v2\/pages\/486684","targetHints":{"allow":["GET"]}}],"collection":[{"href":"https:\/\/zewo.ch\/fr\/wp-json\/wp\/v2\/pages"}],"about":[{"href":"https:\/\/zewo.ch\/fr\/wp-json\/wp\/v2\/types\/page"}],"author":[{"embeddable":true,"href":"https:\/\/zewo.ch\/fr\/wp-json\/wp\/v2\/users\/38"}],"replies":[{"embeddable":true,"href":"https:\/\/zewo.ch\/fr\/wp-json\/wp\/v2\/comments?post=486684"}],"version-history":[{"count":54,"href":"https:\/\/zewo.ch\/fr\/wp-json\/wp\/v2\/pages\/486684\/revisions"}],"predecessor-version":[{"id":5930736,"href":"https:\/\/zewo.ch\/fr\/wp-json\/wp\/v2\/pages\/486684\/revisions\/5930736"}],"wp:featuredmedia":[{"embeddable":true,"href":"https:\/\/zewo.ch\/fr\/wp-json\/wp\/v2\/media\/501110"}],"wp:attachment":[{"href":"https:\/\/zewo.ch\/fr\/wp-json\/wp\/v2\/media?parent=486684"}],"wp:term":[{"taxonomy":"folder","embeddable":true,"href":"https:\/\/zewo.ch\/fr\/wp-json\/wp\/v2\/folder?post=486684"}],"curies":[{"name":"wp","href":"https:\/\/api.w.org\/{rel}","templated":true}]}}