{"id":463293,"date":"2019-07-25T15:13:57","date_gmt":"2019-07-25T13:13:57","guid":{"rendered":"https:\/\/www.zewo.ch\/?page_id=463293"},"modified":"2020-03-11T12:06:32","modified_gmt":"2020-03-11T11:06:32","slug":"vous-etes-type-f-rationnel","status":"publish","type":"page","link":"https:\/\/zewo.ch\/fr\/vous-etes-type-f-rationnel\/","title":{"rendered":"Vous \u00eates type F: Rationnel"},"content":{"rendered":"\n<h3 class=\"wp-block-heading\">Lisez le r\u00e9sultat<\/h3>\n\n\n\n<svg version=\"1.1\" xmlns=\"http:\/\/www.w3.org\/2000\/svg\" xmlns:xlink=\"http:\/\/www.w3.org\/1999\/xlink\" x=\"0px\" y=\"0px\" width=\"120px\" height=\"120px\" viewbox=\"0 0 120 120\" enable-background=\"new 0 0 120 120\" xml:space=\"preserve\"> \n <style type=\"text\/css\">\n<!--\ncircle { transition: .6s fill;}\ncircle:hover { fill: #F90000; }\ncircle.rot:hover {fill: #000000;}\n-->\n<\/style> \n <title>Sie sind der rationale Typ. Sie finden das Spendenkonto von seri\u00f6sen Hilfswerken mit der Zewo Online-Suche.<\/title>\n  <circle fill=\"#000000\" cx=\"60\" cy=\"60\" r=\"60\" \/> \n <g id=\"Ebene_1\"> \n  <g> \n   <path fill=\"#FFFFFF\" d=\"M61.2,97.55l-0.29,0.76c0.16,0.47,0.23,1.08,0.23,1.85s-0.37,1.46-1.11,2.08\n\t\t\tc-0.74,0.62-1.72,0.94-2.93,0.94c-2.31,0-3.46-2.56-3.46-7.68c0-7.62-0.4-22.01-1.2-43.18c-0.8-21.17-1.61-32.38-2.43-33.63\n\t\t\tc0.04-4.14,2.87-6.35,8.5-6.62c0.86-0.04,2.02-0.06,3.49-0.06s2.62,0.27,3.46,0.82c0.84,0.55,1.26,1.66,1.26,3.34\n\t\t\tc0,1.68-1.11,2.52-3.34,2.52l-2.93-0.12c-2.23,0-3.34,0.45-3.34,1.35c0,3.71,0.29,9.15,0.88,16.32c0.59,7.17,0.9,12.47,0.94,15.91\n\t\t\tc0.51-0.08,1.19-0.23,2.05-0.47c2.03-0.55,3.54-0.82,4.51-0.82c0.98,0,1.79,0.38,2.43,1.14s0.97,1.61,0.97,2.55\n\t\t\tc0,2.62-3.32,3.93-9.96,3.93c0,4.34,0.38,10.84,1.14,19.51S61.2,93.17,61.2,97.55z\" \/> \n  <\/g> \n <\/g> \n<\/svg>\n\n\n\n<h3 class=\"wp-block-heading\">Rationnel<\/h3>\n\n\n\n<p>Pour vous, donner sur Internet est id\u00e9al. Transf\u00e9rez la somme directement de votre compte bancaire ou postal sur le compte d\u2019une \u0153uvre de bienfaisance digne de confiance.<\/p>\n\n\n\n<p><strong>Conseil\u2002<\/strong>Gr\u00e2ce \u00e0 la<a href=\"\/fr\/npo-recherche\/\"> recherche en ligne<\/a> sur zewo.ch trouvez le compte de dons d\u2019\u0153uvres de bienfaisance s\u00e9rieuses.<\/p>\n\n\n\n<div class=\"wp-block-cgb-block-zewo-block-button ab-block-button\"><a href=\"https:\/\/zewo.ch\/fr\/dons-quel-est-mon-profil\/\" class=\"button primary\"><span class=\"button-arrow\"><\/span>Retour \u00e0 l\u2019aper\u00e7u<\/a><\/div>\n\n\n\n<div class=\"wp-block-cgb-block-zewo-block-columns-container container bg-color-light-gray\"><div class=\"grid-x grid-margin-x\" data-columns=\"3\">\n<div class=\"cell small-12 medium-6\"><div class=\"wp-block-cgb-block-zewo-block-image-text-teaser ab-block-cta\"><div class=\"ab-cta-image-wrap bg-color-secondary\"><img decoding=\"async\" class=\"ab-cta-image\" src=\"https:\/\/zewo.ch\/wp-content\/uploads\/2019\/05\/ha\u0308ufige-fragen-7.png\" alt=\"H\u00e4ufige Fragen und Antworten rund ums Spenden\"\/><\/div><div class=\"ab-cta-content\"><h2 class=\"ab-cta-title\">Questions fr\u00e9quemment pos\u00e9es autour du don<\/h2><div class=\"ab-cta-text\">\n<p>Le guide de la Zewo renseigne sur le don<\/p>\n<\/div><\/div><div class=\"ab-cta-button\"><a href=\"\/fr\/questions-et-reponses\/\" target=\"_self\" rel=\"noopener noreferrer\" class=\"button primary button-teaser\"><span class=\"button-arrow\"><\/span>R\u00e9ponses autour du don<\/a><\/div><a href=\"\/fr\/questions-et-reponses\/\" target=\"_self\" rel=\"noopener noreferrer\" class=\"button-teaser--is-full\"><\/a><\/div><\/div>\n\n\n\n<div class=\"cell small-12 medium-6\"><div class=\"wp-block-cgb-block-zewo-block-image-text-teaser ab-block-cta\"><div class=\"ab-cta-image-wrap bg-color-secondary\"><img decoding=\"async\" class=\"ab-cta-image\" src=\"https:\/\/zewo.ch\/wp-content\/uploads\/2019\/05\/Mit-Spenden-Steuern-sparen.png\" alt=\"Mit gutem Gewissen Steuern sparen\"\/><\/div><div class=\"ab-cta-content\"><h2 class=\"ab-cta-title\"><strong>\u00c9conomiser des imp\u00f4ts en toute bonne conscience<\/strong><\/h2><div class=\"ab-cta-text\">\n<p>\u00c0 quelles d\u00e9ductions avez-vous droit? Consultez le r\u00e9capitulatif des dispositions en vigueur dans votre canton pour les personnes qui effectuent des dons. <\/p>\n<\/div><\/div><div class=\"ab-cta-button\"><a href=\"\/fr\/deduire-les-dons-de-ses-impots\/\" target=\"_self\" rel=\"noopener noreferrer\" class=\"button primary button-teaser\"><span class=\"button-arrow\"><\/span>Voir le r\u00e9capitulatif<\/a><\/div><a href=\"\/fr\/deduire-les-dons-de-ses-impots\/\" target=\"_self\" rel=\"noopener noreferrer\" class=\"button-teaser--is-full\"><\/a><\/div><\/div>\n\n\n\n<div class=\"cell small-12 medium-6\"><div class=\"wp-block-cgb-block-zewo-block-image-text-teaser ab-block-cta\"><div class=\"ab-cta-image-wrap bg-color-secondary\"><img decoding=\"async\" class=\"ab-cta-image\" src=\"https:\/\/zewo.ch\/wp-content\/uploads\/2019\/05\/sinnvollegeschenke-teaserbox.jpg\" alt=\"Sinnvolle Geschenke\"\/><\/div><div class=\"ab-cta-content\"><h2 class=\"ab-cta-title\">Des cadeaux qui ont un sens procurent deux fois plus de joie<\/h2><div class=\"ab-cta-text\">\n<p>Id\u00e9es de cadeaux d&rsquo;\u0153uvres de bienfaisance suisses<\/p>\n<\/div><\/div><div class=\"ab-cta-button\"><a href=\"\/fr\/cadeaux-qui-ont-un-sens\/\" target=\"_self\" rel=\"noopener noreferrer\" class=\"button primary button-teaser\"><span class=\"button-arrow\"><\/span>Essayer maintenant<\/a><\/div><a href=\"\/fr\/cadeaux-qui-ont-un-sens\/\" target=\"_self\" rel=\"noopener noreferrer\" class=\"button-teaser--is-full\"><\/a><\/div><\/div>\n<\/div><\/div>\n","protected":false},"excerpt":{"rendered":"<p>Lisez le r\u00e9sultat Sie sind der rationale Typ. Sie finden das Spendenkonto von seri\u00f6sen Hilfswerken mit der Zewo Online-Suche. Rationnel Pour vous, donner sur Internet est id\u00e9al. Transf\u00e9rez la somme directement de votre compte bancaire ou postal sur le compte d\u2019une \u0153uvre de bienfaisance digne de confiance. Conseil\u2002Gr\u00e2ce \u00e0 la recherche en ligne sur zewo.ch [&hellip;]<\/p>\n","protected":false},"author":6,"featured_media":0,"parent":0,"menu_order":160,"comment_status":"closed","ping_status":"closed","template":"","meta":{"_acf_changed":false,"footnotes":""},"folder":[6643],"class_list":["post-463293","page","type-page","status-publish","hentry"],"acf":[],"yoast_head":"<!-- This site is optimized with the Yoast SEO Premium plugin v26.0 (Yoast SEO v26.0) - https:\/\/yoast.com\/wordpress\/plugins\/seo\/ -->\n<title>Zewo<\/title>\n<meta name=\"description\" content=\"Il existe de nombreux moyens de soutenir une bonne cause. Quelle est la fa\u00e7on d\u2019aider qui vous correspond? D\u00e9couvrez quel type de donateur vous \u00eates.\" \/>\n<meta name=\"robots\" content=\"index, follow, max-snippet:-1, max-image-preview:large, max-video-preview:-1\" \/>\n<link rel=\"canonical\" href=\"https:\/\/zewo.ch\/fr\/vous-etes-type-f-rationnel\/\" \/>\n<meta property=\"og:locale\" content=\"fr_FR\" \/>\n<meta property=\"og:type\" content=\"article\" \/>\n<meta property=\"og:description\" content=\"Il existe de nombreux moyens de soutenir une bonne cause. Quelle est la fa\u00e7on d\u2019aider qui vous correspond? D\u00e9couvrez quel type de donateur vous \u00eates.\" \/>\n<meta property=\"og:url\" content=\"https:\/\/zewo.ch\/fr\/vous-etes-type-f-rationnel\/\" \/>\n<meta property=\"og:site_name\" content=\"Zewo\" \/>\n<meta property=\"article:publisher\" content=\"https:\/\/www.facebook.com\/Stiftung.ZEWO\/\" \/>\n<meta property=\"article:modified_time\" content=\"2020-03-11T11:06:32+00:00\" \/>\n<meta name=\"twitter:card\" content=\"summary_large_image\" \/>\n<meta name=\"twitter:site\" content=\"@stiftung_zewo\" \/>\n<script type=\"application\/ld+json\" class=\"yoast-schema-graph\">{\"@context\":\"https:\/\/schema.org\",\"@graph\":[{\"@type\":\"WebPage\",\"@id\":\"https:\/\/zewo.ch\/fr\/vous-etes-type-f-rationnel\/#webpage\",\"url\":\"https:\/\/zewo.ch\/fr\/vous-etes-type-f-rationnel\/#webpage\",\"name\":\"\",\"isPartOf\":{\"@id\":\"https:\/\/zewo.ch\/fr\/#website\"},\"datePublished\":\"2019-07-25T13:13:57+00:00\",\"dateModified\":\"2020-03-11T11:06:32+00:00\",\"description\":\"Il existe de nombreux moyens de soutenir une bonne cause. Quelle est la fa\u00e7on d\u2019aider qui vous correspond? D\u00e9couvrez quel type de donateur vous \u00eates.\",\"breadcrumb\":{\"@id\":\"https:\/\/zewo.ch\/fr\/vous-etes-type-f-rationnel\/#breadcrumb\"},\"inLanguage\":\"fr-FR\",\"potentialAction\":[{\"@type\":\"ReadAction\",\"target\":[\"https:\/\/zewo.ch\/fr\/vous-etes-type-f-rationnel\/\"]}]},{\"@type\":\"BreadcrumbList\",\"@id\":\"https:\/\/zewo.ch\/fr\/vous-etes-type-f-rationnel\/#breadcrumb\",\"itemListElement\":[{\"@type\":\"ListItem\",\"position\":1,\"name\":\"Home\",\"item\":\"https:\/\/zewo.ch\/fr\/\"},{\"@type\":\"ListItem\",\"position\":2,\"name\":\"Vous \u00eates type F: Rationnel\"}]},{\"@type\":\"WebSite\",\"@id\":\"https:\/\/zewo.ch\/fr\/#website\",\"url\":\"https:\/\/zewo.ch\/fr\/\",\"name\":\"Zewo\",\"description\":\"Votre don en bonnes mains.\",\"publisher\":{\"@id\":\"https:\/\/zewo.ch\/fr\/#organization\"},\"potentialAction\":[{\"@type\":\"SearchAction\",\"target\":{\"@type\":\"EntryPoint\",\"urlTemplate\":\"https:\/\/zewo.ch\/fr\/?s={search_term_string}\"},\"query-input\":{\"@type\":\"PropertyValueSpecification\",\"valueRequired\":true,\"valueName\":\"search_term_string\"}}],\"inLanguage\":\"fr-FR\"},{\"@type\":\"Organization\",\"@id\":\"https:\/\/zewo.ch\/fr\/#organization\",\"name\":\"Stiftung Zewo\",\"url\":\"https:\/\/zewo.ch\/fr\/\",\"logo\":{\"@type\":\"ImageObject\",\"inLanguage\":\"fr-FR\",\"@id\":\"https:\/\/zewo.ch\/fr\/#\/schema\/logo\/image\/\",\"url\":\"https:\/\/zewo.ch\/wp-content\/uploads\/2019\/08\/Zewo_Logo_Claim_D.svg\",\"contentUrl\":\"https:\/\/zewo.ch\/wp-content\/uploads\/2019\/08\/Zewo_Logo_Claim_D.svg\",\"width\":1,\"height\":1,\"caption\":\"Stiftung Zewo\"},\"image\":{\"@id\":\"https:\/\/zewo.ch\/fr\/#\/schema\/logo\/image\/\"},\"sameAs\":[\"https:\/\/www.facebook.com\/Stiftung.ZEWO\/\",\"https:\/\/x.com\/stiftung_zewo\",\"https:\/\/www.linkedin.com\/company\/stiftung-zewo\",\"https:\/\/www.youtube.com\/channel\/UCzjsVJro12OXcvvx1LQP8tw\",\"https:\/\/de.wikipedia.org\/wiki\/Zewo\"]}]}<\/script>\n<!-- \/ Yoast SEO Premium plugin. -->","yoast_head_json":{"title":"Zewo","description":"Il existe de nombreux moyens de soutenir une bonne cause. Quelle est la fa\u00e7on d\u2019aider qui vous correspond? D\u00e9couvrez quel type de donateur vous \u00eates.","robots":{"index":"index","follow":"follow","max-snippet":"max-snippet:-1","max-image-preview":"max-image-preview:large","max-video-preview":"max-video-preview:-1"},"canonical":"https:\/\/zewo.ch\/fr\/vous-etes-type-f-rationnel\/","og_locale":"fr_FR","og_type":"article","og_description":"Il existe de nombreux moyens de soutenir une bonne cause. Quelle est la fa\u00e7on d\u2019aider qui vous correspond? D\u00e9couvrez quel type de donateur vous \u00eates.","og_url":"https:\/\/zewo.ch\/fr\/vous-etes-type-f-rationnel\/","og_site_name":"Zewo","article_publisher":"https:\/\/www.facebook.com\/Stiftung.ZEWO\/","article_modified_time":"2020-03-11T11:06:32+00:00","twitter_card":"summary_large_image","twitter_site":"@stiftung_zewo","schema":{"@context":"https:\/\/schema.org","@graph":[{"@type":"WebPage","@id":"https:\/\/zewo.ch\/fr\/vous-etes-type-f-rationnel\/#webpage","url":"https:\/\/zewo.ch\/fr\/vous-etes-type-f-rationnel\/#webpage","name":"","isPartOf":{"@id":"https:\/\/zewo.ch\/fr\/#website"},"datePublished":"2019-07-25T13:13:57+00:00","dateModified":"2020-03-11T11:06:32+00:00","description":"Il existe de nombreux moyens de soutenir une bonne cause. Quelle est la fa\u00e7on d\u2019aider qui vous correspond? D\u00e9couvrez quel type de donateur vous \u00eates.","breadcrumb":{"@id":"https:\/\/zewo.ch\/fr\/vous-etes-type-f-rationnel\/#breadcrumb"},"inLanguage":"fr-FR","potentialAction":[{"@type":"ReadAction","target":["https:\/\/zewo.ch\/fr\/vous-etes-type-f-rationnel\/"]}]},{"@type":"BreadcrumbList","@id":"https:\/\/zewo.ch\/fr\/vous-etes-type-f-rationnel\/#breadcrumb","itemListElement":[{"@type":"ListItem","position":1,"name":"Home","item":"https:\/\/zewo.ch\/fr\/"},{"@type":"ListItem","position":2,"name":"Vous \u00eates type F: Rationnel"}]},{"@type":"WebSite","@id":"https:\/\/zewo.ch\/fr\/#website","url":"https:\/\/zewo.ch\/fr\/","name":"Zewo","description":"Votre don en bonnes mains.","publisher":{"@id":"https:\/\/zewo.ch\/fr\/#organization"},"potentialAction":[{"@type":"SearchAction","target":{"@type":"EntryPoint","urlTemplate":"https:\/\/zewo.ch\/fr\/?s={search_term_string}"},"query-input":{"@type":"PropertyValueSpecification","valueRequired":true,"valueName":"search_term_string"}}],"inLanguage":"fr-FR"},{"@type":"Organization","@id":"https:\/\/zewo.ch\/fr\/#organization","name":"Stiftung Zewo","url":"https:\/\/zewo.ch\/fr\/","logo":{"@type":"ImageObject","inLanguage":"fr-FR","@id":"https:\/\/zewo.ch\/fr\/#\/schema\/logo\/image\/","url":"https:\/\/zewo.ch\/wp-content\/uploads\/2019\/08\/Zewo_Logo_Claim_D.svg","contentUrl":"https:\/\/zewo.ch\/wp-content\/uploads\/2019\/08\/Zewo_Logo_Claim_D.svg","width":1,"height":1,"caption":"Stiftung Zewo"},"image":{"@id":"https:\/\/zewo.ch\/fr\/#\/schema\/logo\/image\/"},"sameAs":["https:\/\/www.facebook.com\/Stiftung.ZEWO\/","https:\/\/x.com\/stiftung_zewo","https:\/\/www.linkedin.com\/company\/stiftung-zewo","https:\/\/www.youtube.com\/channel\/UCzjsVJro12OXcvvx1LQP8tw","https:\/\/de.wikipedia.org\/wiki\/Zewo"]}]}},"publishpress_future_action":{"enabled":false,"date":"2026-04-21 23:19:10","action":"change-status","newStatus":"draft","terms":[],"taxonomy":"translation_priority","extraData":[]},"publishpress_future_workflow_manual_trigger":{"enabledWorkflows":[]},"_links":{"self":[{"href":"https:\/\/zewo.ch\/fr\/wp-json\/wp\/v2\/pages\/463293","targetHints":{"allow":["GET"]}}],"collection":[{"href":"https:\/\/zewo.ch\/fr\/wp-json\/wp\/v2\/pages"}],"about":[{"href":"https:\/\/zewo.ch\/fr\/wp-json\/wp\/v2\/types\/page"}],"author":[{"embeddable":true,"href":"https:\/\/zewo.ch\/fr\/wp-json\/wp\/v2\/users\/6"}],"replies":[{"embeddable":true,"href":"https:\/\/zewo.ch\/fr\/wp-json\/wp\/v2\/comments?post=463293"}],"version-history":[{"count":11,"href":"https:\/\/zewo.ch\/fr\/wp-json\/wp\/v2\/pages\/463293\/revisions"}],"predecessor-version":[{"id":5784490,"href":"https:\/\/zewo.ch\/fr\/wp-json\/wp\/v2\/pages\/463293\/revisions\/5784490"}],"wp:attachment":[{"href":"https:\/\/zewo.ch\/fr\/wp-json\/wp\/v2\/media?parent=463293"}],"wp:term":[{"taxonomy":"folder","embeddable":true,"href":"https:\/\/zewo.ch\/fr\/wp-json\/wp\/v2\/folder?post=463293"}],"curies":[{"name":"wp","href":"https:\/\/api.w.org\/{rel}","templated":true}]}}