{"id":463284,"date":"2019-07-25T15:05:53","date_gmt":"2019-07-25T13:05:53","guid":{"rendered":"https:\/\/www.zewo.ch\/?page_id=463284"},"modified":"2020-03-11T12:05:33","modified_gmt":"2020-03-11T11:05:33","slug":"vous-etes-type-e-spontane","status":"publish","type":"page","link":"https:\/\/zewo.ch\/fr\/vous-etes-type-e-spontane\/","title":{"rendered":"Vous \u00eates type E: spontan\u00e9"},"content":{"rendered":"\n<h3 class=\"wp-block-heading\">Lisez le r\u00e9sultat<\/h3>\n\n\n\n<svg version=\"1.1\" xmlns=\"http:\/\/www.w3.org\/2000\/svg\" xmlns:xlink=\"http:\/\/www.w3.org\/1999\/xlink\" x=\"0px\" y=\"0px\" width=\"120px\" height=\"120px\" viewbox=\"0 0 120 120\" enable-background=\"new 0 0 120 120\" xml:space=\"preserve\"> \n <style type=\"text\/css\">\n<!--\ncircle { transition: .6s fill;}\ncircle:hover { fill: #F90000; }\ncircle.rot:hover {fill: #000000;}\n-->\n<\/style> \n <title>Sie sind der spontane Typ. Hier finden Sie die Vor- und Nachteile von SMS-Spenden.<\/title>\n  <circle fill=\"#F28D00\" cx=\"60\" cy=\"60\" r=\"60\" \/>\n <g id=\"Ebene_1\"> \n  <g> \n   <path fill=\"#FFFFFF\" d=\"M63.19,59.11l-2.99-0.12c-1.17,0-1.99,0.29-2.46,0.88V96.9c4.1-0.23,6.33-0.35,6.68-0.35\n\t\t\tc4.57,0,6.86,1.05,6.86,3.16v0.41c-0.55,1.09-1.49,1.93-2.81,2.52c-1.33,0.59-2.5,0.92-3.52,1c-1.02,0.08-2.32,0.12-3.93,0.12\n\t\t\th-3.75c-2.97,0-4.8-0.59-5.51-1.76c-0.31-0.55-0.47-1.27-0.47-2.17V30.1c0-1.37-0.27-3.4-0.82-6.09s-0.82-4.75-0.82-6.15v-0.41\n\t\t\tc1.33-2.19,2.32-3.59,2.99-4.22l8.91-1.05c1.21,0,2.43,0.36,3.66,1.08c1.23,0.72,1.85,1.67,1.85,2.84c0,2.38-1.82,3.57-5.45,3.57\n\t\t\tl-3.46-0.12c-0.59,0-1.02,0.02-1.29,0.06l0.94,19.8c0,1.6-0.1,3.94-0.29,7c-0.2,3.07-0.29,5.3-0.29,6.71\n\t\t\tc0.43-0.08,1.02-0.21,1.76-0.41c1.64-0.43,2.92-0.64,3.84-0.64c0.92,0,1.74,0.33,2.46,1c0.72,0.67,1.08,1.46,1.08,2.4\n\t\t\ts-0.29,1.78-0.88,2.52C64.89,58.74,64.13,59.11,63.19,59.11z\" \/> \n  <\/g> \n <\/g> \n<\/svg>\n\n\n\n<h3 class=\"wp-block-heading\">Spontan\u00e9<\/h3>\n\n\n\n<p>Lorsque vous faites un don, cela doit \u00eatre rapide, simple et sans paperasse. Vous trouvez tr\u00e8s pratique que votre contribution soit collect\u00e9e par votre op\u00e9rateur de t\u00e9l\u00e9phonie mobile et d\u00e9bit\u00e9e sur votre facture mensuelle. Vous pouvez choisir si vous souhaitez communiquer vos donn\u00e9es personnelles. Vous recevez alors une attestation de don que vous pouvez faire valoir aupr\u00e8s des imp\u00f4ts. Vous savez que les op\u00e9rateurs de t\u00e9l\u00e9phonie mobile peuvent pr\u00e9lever une partie du don.<\/p>\n\n\n\n<p><strong>Conseil\u2002<\/strong>\u00ad\u00adPlus d\u2019informations sur les avantages et les inconv\u00e9nients du don par SMS&nbsp;ici.<\/p>\n\n\n\n<div class=\"wp-block-cgb-block-zewo-block-button ab-block-button\"><a href=\"https:\/\/zewo.ch\/fr\/dons-quel-est-mon-profil\/\" class=\"button primary\"><span class=\"button-arrow\"><\/span>Retour \u00e0 l\u2019aper\u00e7u<\/a><\/div>\n\n\n\n<div class=\"wp-block-cgb-block-zewo-block-columns-container container bg-color-light-gray\"><div class=\"grid-x grid-margin-x\" data-columns=\"3\">\n<div class=\"cell small-12 medium-6\"><div class=\"wp-block-cgb-block-zewo-block-image-text-teaser ab-block-cta\"><div class=\"ab-cta-image-wrap bg-color-secondary\"><img decoding=\"async\" class=\"ab-cta-image\" src=\"https:\/\/zewo.ch\/wp-content\/uploads\/2019\/05\/ha\u0308ufige-fragen-7.png\" alt=\"H\u00e4ufige Fragen und Antworten rund ums Spenden\"\/><\/div><div class=\"ab-cta-content\"><h2 class=\"ab-cta-title\">Questions fr\u00e9quemment pos\u00e9es autour du don<\/h2><div class=\"ab-cta-text\">\n<p>Le guide de la Zewo renseigne sur le don<\/p>\n<\/div><\/div><div class=\"ab-cta-button\"><a href=\"\/fr\/questions-et-reponses\/\" target=\"_self\" rel=\"noopener noreferrer\" class=\"button primary button-teaser\"><span class=\"button-arrow\"><\/span>R\u00e9ponses autour du don<\/a><\/div><a href=\"\/fr\/questions-et-reponses\/\" target=\"_self\" rel=\"noopener noreferrer\" class=\"button-teaser--is-full\"><\/a><\/div><\/div>\n\n\n\n<div class=\"cell small-12 medium-6\"><div class=\"wp-block-cgb-block-zewo-block-image-text-teaser ab-block-cta\"><div class=\"ab-cta-image-wrap bg-color-secondary\"><img decoding=\"async\" class=\"ab-cta-image\" src=\"https:\/\/zewo.ch\/wp-content\/uploads\/2019\/05\/Mit-Spenden-Steuern-sparen.png\" alt=\"Mit gutem Gewissen Steuern sparen\"\/><\/div><div class=\"ab-cta-content\"><h2 class=\"ab-cta-title\"><strong>\u00c9conomiser des imp\u00f4ts en toute bonne conscience<\/strong><\/h2><div class=\"ab-cta-text\">\n<p>\u00c0 quelles d\u00e9ductions avez-vous droit? Consultez le r\u00e9capitulatif des dispositions en vigueur dans votre canton pour les personnes qui effectuent des dons. <\/p>\n<\/div><\/div><div class=\"ab-cta-button\"><a href=\"\/fr\/deduire-les-dons-de-ses-impots\/\" target=\"_self\" rel=\"noopener noreferrer\" class=\"button primary button-teaser\"><span class=\"button-arrow\"><\/span>Voir le r\u00e9capitulatif<\/a><\/div><a href=\"\/fr\/deduire-les-dons-de-ses-impots\/\" target=\"_self\" rel=\"noopener noreferrer\" class=\"button-teaser--is-full\"><\/a><\/div><\/div>\n\n\n\n<div class=\"cell small-12 medium-6\"><div class=\"wp-block-cgb-block-zewo-block-image-text-teaser ab-block-cta\"><div class=\"ab-cta-image-wrap bg-color-secondary\"><img decoding=\"async\" class=\"ab-cta-image\" src=\"https:\/\/zewo.ch\/wp-content\/uploads\/2019\/05\/sinnvollegeschenke-teaserbox.jpg\" alt=\"Sinnvolle Geschenke\"\/><\/div><div class=\"ab-cta-content\"><h2 class=\"ab-cta-title\">Des cadeaux qui ont un sens procurent deux fois plus de joie<\/h2><div class=\"ab-cta-text\">\n<p>Id\u00e9es de cadeaux d&rsquo;\u0153uvres de bienfaisance suisses<\/p>\n<\/div><\/div><div class=\"ab-cta-button\"><a href=\"\/fr\/cadeaux-qui-ont-un-sens\/\" target=\"_self\" rel=\"noopener noreferrer\" class=\"button primary button-teaser\"><span class=\"button-arrow\"><\/span>Essayer maintenant<\/a><\/div><a href=\"\/fr\/cadeaux-qui-ont-un-sens\/\" target=\"_self\" rel=\"noopener noreferrer\" class=\"button-teaser--is-full\"><\/a><\/div><\/div>\n<\/div><\/div>\n","protected":false},"excerpt":{"rendered":"<p>Lisez le r\u00e9sultat Sie sind der spontane Typ. Hier finden Sie die Vor- und Nachteile von SMS-Spenden. Spontan\u00e9 Lorsque vous faites un don, cela doit \u00eatre rapide, simple et sans paperasse. Vous trouvez tr\u00e8s pratique que votre contribution soit collect\u00e9e par votre op\u00e9rateur de t\u00e9l\u00e9phonie mobile et d\u00e9bit\u00e9e sur votre facture mensuelle. Vous pouvez choisir [&hellip;]<\/p>\n","protected":false},"author":6,"featured_media":0,"parent":0,"menu_order":159,"comment_status":"closed","ping_status":"closed","template":"","meta":{"_acf_changed":false,"footnotes":""},"folder":[6643],"class_list":["post-463284","page","type-page","status-publish","hentry"],"acf":[],"yoast_head":"<!-- This site is optimized with the Yoast SEO Premium plugin v26.0 (Yoast SEO v26.0) - https:\/\/yoast.com\/wordpress\/plugins\/seo\/ -->\n<title>Zewo<\/title>\n<meta name=\"description\" content=\"Il existe de nombreux moyens de soutenir une bonne cause. Quelle est la fa\u00e7on d\u2019aider qui vous correspond? D\u00e9couvrez quel type de donateur vous \u00eates.\" \/>\n<meta name=\"robots\" content=\"index, follow, max-snippet:-1, max-image-preview:large, max-video-preview:-1\" \/>\n<link rel=\"canonical\" href=\"https:\/\/zewo.ch\/fr\/vous-etes-type-e-spontane\/\" \/>\n<meta property=\"og:locale\" content=\"fr_FR\" \/>\n<meta property=\"og:type\" content=\"article\" \/>\n<meta property=\"og:description\" content=\"Il existe de nombreux moyens de soutenir une bonne cause. Quelle est la fa\u00e7on d\u2019aider qui vous correspond? D\u00e9couvrez quel type de donateur vous \u00eates.\" \/>\n<meta property=\"og:url\" content=\"https:\/\/zewo.ch\/fr\/vous-etes-type-e-spontane\/\" \/>\n<meta property=\"og:site_name\" content=\"Zewo\" \/>\n<meta property=\"article:publisher\" content=\"https:\/\/www.facebook.com\/Stiftung.ZEWO\/\" \/>\n<meta property=\"article:modified_time\" content=\"2020-03-11T11:05:33+00:00\" \/>\n<meta name=\"twitter:card\" content=\"summary_large_image\" \/>\n<meta name=\"twitter:site\" content=\"@stiftung_zewo\" \/>\n<meta name=\"twitter:label1\" content=\"Dur\u00e9e de lecture estim\u00e9e\" \/>\n\t<meta name=\"twitter:data1\" content=\"1 minute\" \/>\n<script type=\"application\/ld+json\" class=\"yoast-schema-graph\">{\"@context\":\"https:\/\/schema.org\",\"@graph\":[{\"@type\":\"WebPage\",\"@id\":\"https:\/\/zewo.ch\/fr\/vous-etes-type-e-spontane\/#webpage\",\"url\":\"https:\/\/zewo.ch\/fr\/vous-etes-type-e-spontane\/#webpage\",\"name\":\"\",\"isPartOf\":{\"@id\":\"https:\/\/zewo.ch\/fr\/#website\"},\"datePublished\":\"2019-07-25T13:05:53+00:00\",\"dateModified\":\"2020-03-11T11:05:33+00:00\",\"description\":\"Il existe de nombreux moyens de soutenir une bonne cause. Quelle est la fa\u00e7on d\u2019aider qui vous correspond? D\u00e9couvrez quel type de donateur vous \u00eates.\",\"breadcrumb\":{\"@id\":\"https:\/\/zewo.ch\/fr\/vous-etes-type-e-spontane\/#breadcrumb\"},\"inLanguage\":\"fr-FR\",\"potentialAction\":[{\"@type\":\"ReadAction\",\"target\":[\"https:\/\/zewo.ch\/fr\/vous-etes-type-e-spontane\/\"]}]},{\"@type\":\"BreadcrumbList\",\"@id\":\"https:\/\/zewo.ch\/fr\/vous-etes-type-e-spontane\/#breadcrumb\",\"itemListElement\":[{\"@type\":\"ListItem\",\"position\":1,\"name\":\"Home\",\"item\":\"https:\/\/zewo.ch\/fr\/\"},{\"@type\":\"ListItem\",\"position\":2,\"name\":\"Vous \u00eates type E: spontan\u00e9\"}]},{\"@type\":\"WebSite\",\"@id\":\"https:\/\/zewo.ch\/fr\/#website\",\"url\":\"https:\/\/zewo.ch\/fr\/\",\"name\":\"Zewo\",\"description\":\"Votre don en bonnes mains.\",\"publisher\":{\"@id\":\"https:\/\/zewo.ch\/fr\/#organization\"},\"potentialAction\":[{\"@type\":\"SearchAction\",\"target\":{\"@type\":\"EntryPoint\",\"urlTemplate\":\"https:\/\/zewo.ch\/fr\/?s={search_term_string}\"},\"query-input\":{\"@type\":\"PropertyValueSpecification\",\"valueRequired\":true,\"valueName\":\"search_term_string\"}}],\"inLanguage\":\"fr-FR\"},{\"@type\":\"Organization\",\"@id\":\"https:\/\/zewo.ch\/fr\/#organization\",\"name\":\"Stiftung Zewo\",\"url\":\"https:\/\/zewo.ch\/fr\/\",\"logo\":{\"@type\":\"ImageObject\",\"inLanguage\":\"fr-FR\",\"@id\":\"https:\/\/zewo.ch\/fr\/#\/schema\/logo\/image\/\",\"url\":\"https:\/\/zewo.ch\/wp-content\/uploads\/2019\/08\/Zewo_Logo_Claim_D.svg\",\"contentUrl\":\"https:\/\/zewo.ch\/wp-content\/uploads\/2019\/08\/Zewo_Logo_Claim_D.svg\",\"width\":1,\"height\":1,\"caption\":\"Stiftung Zewo\"},\"image\":{\"@id\":\"https:\/\/zewo.ch\/fr\/#\/schema\/logo\/image\/\"},\"sameAs\":[\"https:\/\/www.facebook.com\/Stiftung.ZEWO\/\",\"https:\/\/x.com\/stiftung_zewo\",\"https:\/\/www.linkedin.com\/company\/stiftung-zewo\",\"https:\/\/www.youtube.com\/channel\/UCzjsVJro12OXcvvx1LQP8tw\",\"https:\/\/de.wikipedia.org\/wiki\/Zewo\"]}]}<\/script>\n<!-- \/ Yoast SEO Premium plugin. -->","yoast_head_json":{"title":"Zewo","description":"Il existe de nombreux moyens de soutenir une bonne cause. Quelle est la fa\u00e7on d\u2019aider qui vous correspond? D\u00e9couvrez quel type de donateur vous \u00eates.","robots":{"index":"index","follow":"follow","max-snippet":"max-snippet:-1","max-image-preview":"max-image-preview:large","max-video-preview":"max-video-preview:-1"},"canonical":"https:\/\/zewo.ch\/fr\/vous-etes-type-e-spontane\/","og_locale":"fr_FR","og_type":"article","og_description":"Il existe de nombreux moyens de soutenir une bonne cause. Quelle est la fa\u00e7on d\u2019aider qui vous correspond? D\u00e9couvrez quel type de donateur vous \u00eates.","og_url":"https:\/\/zewo.ch\/fr\/vous-etes-type-e-spontane\/","og_site_name":"Zewo","article_publisher":"https:\/\/www.facebook.com\/Stiftung.ZEWO\/","article_modified_time":"2020-03-11T11:05:33+00:00","twitter_card":"summary_large_image","twitter_site":"@stiftung_zewo","twitter_misc":{"Dur\u00e9e de lecture estim\u00e9e":"1 minute"},"schema":{"@context":"https:\/\/schema.org","@graph":[{"@type":"WebPage","@id":"https:\/\/zewo.ch\/fr\/vous-etes-type-e-spontane\/#webpage","url":"https:\/\/zewo.ch\/fr\/vous-etes-type-e-spontane\/#webpage","name":"","isPartOf":{"@id":"https:\/\/zewo.ch\/fr\/#website"},"datePublished":"2019-07-25T13:05:53+00:00","dateModified":"2020-03-11T11:05:33+00:00","description":"Il existe de nombreux moyens de soutenir une bonne cause. Quelle est la fa\u00e7on d\u2019aider qui vous correspond? D\u00e9couvrez quel type de donateur vous \u00eates.","breadcrumb":{"@id":"https:\/\/zewo.ch\/fr\/vous-etes-type-e-spontane\/#breadcrumb"},"inLanguage":"fr-FR","potentialAction":[{"@type":"ReadAction","target":["https:\/\/zewo.ch\/fr\/vous-etes-type-e-spontane\/"]}]},{"@type":"BreadcrumbList","@id":"https:\/\/zewo.ch\/fr\/vous-etes-type-e-spontane\/#breadcrumb","itemListElement":[{"@type":"ListItem","position":1,"name":"Home","item":"https:\/\/zewo.ch\/fr\/"},{"@type":"ListItem","position":2,"name":"Vous \u00eates type E: spontan\u00e9"}]},{"@type":"WebSite","@id":"https:\/\/zewo.ch\/fr\/#website","url":"https:\/\/zewo.ch\/fr\/","name":"Zewo","description":"Votre don en bonnes mains.","publisher":{"@id":"https:\/\/zewo.ch\/fr\/#organization"},"potentialAction":[{"@type":"SearchAction","target":{"@type":"EntryPoint","urlTemplate":"https:\/\/zewo.ch\/fr\/?s={search_term_string}"},"query-input":{"@type":"PropertyValueSpecification","valueRequired":true,"valueName":"search_term_string"}}],"inLanguage":"fr-FR"},{"@type":"Organization","@id":"https:\/\/zewo.ch\/fr\/#organization","name":"Stiftung Zewo","url":"https:\/\/zewo.ch\/fr\/","logo":{"@type":"ImageObject","inLanguage":"fr-FR","@id":"https:\/\/zewo.ch\/fr\/#\/schema\/logo\/image\/","url":"https:\/\/zewo.ch\/wp-content\/uploads\/2019\/08\/Zewo_Logo_Claim_D.svg","contentUrl":"https:\/\/zewo.ch\/wp-content\/uploads\/2019\/08\/Zewo_Logo_Claim_D.svg","width":1,"height":1,"caption":"Stiftung Zewo"},"image":{"@id":"https:\/\/zewo.ch\/fr\/#\/schema\/logo\/image\/"},"sameAs":["https:\/\/www.facebook.com\/Stiftung.ZEWO\/","https:\/\/x.com\/stiftung_zewo","https:\/\/www.linkedin.com\/company\/stiftung-zewo","https:\/\/www.youtube.com\/channel\/UCzjsVJro12OXcvvx1LQP8tw","https:\/\/de.wikipedia.org\/wiki\/Zewo"]}]}},"publishpress_future_action":{"enabled":false,"date":"2026-05-07 08:29:32","action":"change-status","newStatus":"draft","terms":[],"taxonomy":"translation_priority","extraData":[]},"publishpress_future_workflow_manual_trigger":{"enabledWorkflows":[]},"_links":{"self":[{"href":"https:\/\/zewo.ch\/fr\/wp-json\/wp\/v2\/pages\/463284","targetHints":{"allow":["GET"]}}],"collection":[{"href":"https:\/\/zewo.ch\/fr\/wp-json\/wp\/v2\/pages"}],"about":[{"href":"https:\/\/zewo.ch\/fr\/wp-json\/wp\/v2\/types\/page"}],"author":[{"embeddable":true,"href":"https:\/\/zewo.ch\/fr\/wp-json\/wp\/v2\/users\/6"}],"replies":[{"embeddable":true,"href":"https:\/\/zewo.ch\/fr\/wp-json\/wp\/v2\/comments?post=463284"}],"version-history":[{"count":7,"href":"https:\/\/zewo.ch\/fr\/wp-json\/wp\/v2\/pages\/463284\/revisions"}],"predecessor-version":[{"id":4498531,"href":"https:\/\/zewo.ch\/fr\/wp-json\/wp\/v2\/pages\/463284\/revisions\/4498531"}],"wp:attachment":[{"href":"https:\/\/zewo.ch\/fr\/wp-json\/wp\/v2\/media?parent=463284"}],"wp:term":[{"taxonomy":"folder","embeddable":true,"href":"https:\/\/zewo.ch\/fr\/wp-json\/wp\/v2\/folder?post=463284"}],"curies":[{"name":"wp","href":"https:\/\/api.w.org\/{rel}","templated":true}]}}