{"id":4615819,"date":"2020-11-26T14:12:16","date_gmt":"2020-11-26T13:12:16","guid":{"rendered":"https:\/\/zewo.ch\/?page_id=4615819"},"modified":"2025-12-17T17:32:09","modified_gmt":"2025-12-17T16:32:09","slug":"rapport-sur-les-dons","status":"publish","type":"page","link":"https:\/\/zewo.ch\/fr\/rapport-sur-les-dons\/","title":{"rendered":"Rapport sur les dons"},"content":{"rendered":"\n<h2 class=\"wp-block-heading\" id=\"h-rapport-sur-les-dons-2025-tendances-defis-et-opportunites\">Rapport sur les dons 2025 \u2013 Tendances, d\u00e9fis et opportunit\u00e9s<\/h2>\n\n\n<div class=\"wp-block-image\">\n<figure class=\"aligncenter size-full is-resized\"><img loading=\"lazy\" decoding=\"async\" width=\"400\" height=\"600\" src=\"https:\/\/zewo.ch\/wp-content\/uploads\/2025\/11\/Spendenreport_2025_FR.png\" alt=\"Image rapport sur les dons 2025\" class=\"wp-image-5934721\" style=\"width:400px\" srcset=\"https:\/\/zewo.ch\/wp-content\/uploads\/2025\/11\/Spendenreport_2025_FR.png 400w, https:\/\/zewo.ch\/wp-content\/uploads\/2025\/11\/Spendenreport_2025_FR-200x300.png 200w\" sizes=\"auto, (min-width: 960px) 75vw, 100vw\" \/><\/figure><\/div>\n\n\n<p><strong>La g\u00e9n\u00e9rosit\u00e9 des donateurs suisses reste \u00e9lev\u00e9e. <strong>En m\u00eame temps<\/strong>, les organisations d&rsquo;entraide sont sous pression, entre une concurrence accrue sur les r\u00e9seaux sociaux et la r\u00e9duction des <strong>fonds publics<\/strong>. Le rapport sur les dons 2025 montre comment les organisations font face \u00e0 ces difficult\u00e9s <strong>et utilisent le vent favorable de la solidarit\u00e9, soutenues par des personnes et des institutions qui agissent avec c\u0153ur et conviction.<\/strong><\/strong><\/p>\n\n\n\n<p>Voici les <strong>points forts <\/strong>du rapport sur les dons 2025, publi\u00e9 conjointement par Swissfundraising et la Fondation Zewo :<\/p>\n\n\n\n<ul class=\"wp-block-list\">\n<li><strong>Markus H\u00e4fliger, Andr\u00e9 Chatelain et Stefan H\u00e4derli<\/strong> de l&rsquo;Arm\u00e9e du Salut Suisse mettent en lumi\u00e8re les d\u00e9fis actuels de la coop\u00e9ration au d\u00e9veloppement<\/li>\n\n\n\n<li><strong>Alexandra Karle<\/strong>, d&rsquo;Amnesty International Suisse, analyse le discours politique et l&rsquo;engagement de la soci\u00e9t\u00e9 civile dans le <strong>domaine de l&rsquo;asile<\/strong>.<\/li>\n\n\n\n<li><strong>Andreas Lustenberger<\/strong>, Caritas Suisse, sur les d\u00e9veloppements actuels dans le domaine de l&rsquo;aide sociale nationale<\/li>\n\n\n\n<li><strong>Barom\u00e8tre des dons et de l&rsquo;image <\/strong>de Swissfundraising \u2013 <strong>Ruth Wagner<\/strong> sur les raisons pour lesquelles il faut repenser le mix m\u00e9dia et la fid\u00e9lisation des donateurs<\/li>\n\n\n\n<li>Aper\u00e7u de la <strong>Suisse, pays des dons<\/strong>, avec les chiffres cl\u00e9s les plus importants<\/li>\n\n\n\n<li><strong>Analyse de la communication (\u00e9tude INKA)<\/strong> de Mediafocus 2024\/2025 \u2013 <strong>Roger Tinner<\/strong> sur la communication des organisations d&rsquo;entraide et comment elles \u0153uvrent dans le champ de tension entre port\u00e9e et cr\u00e9dibilit\u00e9<\/li>\n\n\n\n<li><strong>Hanspeter Bigler <\/strong>sur les <strong>directives de Swissfundraising en mati\u00e8re d&rsquo;IA<\/strong> et le potentiel \u00e9norme, mais aussi les risques importants li\u00e9s \u00e0 l&rsquo;utilisation de l&rsquo;IA<\/li>\n\n\n\n<li><strong>Martina Ziegerer<\/strong>, la Zewo, en parle sur la mani\u00e8re dont les OBNL renforcent leur <strong>cr\u00e9dibilit\u00e9 en se concentrant sur l&rsquo;impact<\/strong> \u2013 \u00e0 l&rsquo;aide du <strong>Zewo Impact Tool<\/strong><\/li>\n<\/ul>\n\n\n\n<p>Le rapport sur les dons de la Zewo et Swissfundraising fournit des analyses pr\u00e9cieuses sur le monde des OBNL et des orientations pour l&rsquo;avenir. <\/p>\n\n\n\n<p>Feuilletez ici le <strong>rapport sur les dons Suisse 2025<\/strong> sous forme de magazine en ligne ou t\u00e9l\u00e9chargez le PDF :<\/p>\n\n\n\n<div style=\"position:relative;overflow:hidden;height:566px;max-width:100%;\" data-page-width=\"453\" data-page-height=\"640\"><iframe style=\"position:absolute;top:0;left:0;width:100%;height:100%;\"   src=\"https:\/\/www.yumpu.com\/fr\/embed\/view\/CfRjHJkawrlP85d7\" frameborder=\"0\" allowfullscreen=\"true\"  allowtransparency=\"true\"><\/iframe><\/div>\n\n\n\n<div style=\"height:41px\" aria-hidden=\"true\" class=\"wp-block-spacer\"><\/div>\n\n\n\n<h2 class=\"wp-block-heading\" id=\"h-telechargement-pdf\">T\u00e9l\u00e9chargement PDF<\/h2>\n\n\n\n<div class=\"wp-block-cgb-block-zewo-block-button ab-block-button\"><a href=\"https:\/\/zewo.ch\/wp-content\/uploads\/2025\/12\/Spendenreport_2025_FR.pdf\" class=\"button primary\"><span class=\"button-arrow\"><\/span>T\u00e9l\u00e9chargement PDF <\/a><\/div>\n\n\n\n<h2 class=\"wp-block-heading\" id=\"h-archive-rapport-sur-les-dons-suisse\">Archive Rapport sur les dons Suisse<\/h2>\n\n\n\n<ul class=\"wp-block-list list-icons\">\n<li><a href=\"https:\/\/zewo.ch\/wp-content\/uploads\/2024\/12\/Spendenreport_2024_fr_ES.pdf\">Rapport sur les dons 2024<\/a><\/li>\n\n\n\n<li><a href=\"https:\/\/zewo.ch\/wp-content\/uploads\/2024\/01\/Spendenreport_2023_fr.pdf\">Rapport sur les dons 2023<\/a><\/li>\n\n\n\n<li><a href=\"https:\/\/zewo.ch\/wp-content\/uploads\/2024\/01\/Spendenreport_2022_fr_ES.pdf\">Rapport sur les dons 2022<\/a><\/li>\n\n\n\n<li><a href=\"https:\/\/zewo.ch\/wp-content\/uploads\/2022\/01\/Rapport_sur_les_dons_2021.pdf\" target=\"_blank\" rel=\"noreferrer noopener\">Rapport sur les dons 2021<\/a><\/li>\n\n\n\n<li><a href=\"\/wp-content\/uploads\/2021\/01\/rapport_sur_les_dons_2020.pdf\" target=\"_blank\" rel=\"noreferrer noopener\">Rapport sur les dons 2020<\/a><\/li>\n\n\n\n<li><a href=\"https:\/\/zewo.ch\/fr\/spendenreport_lr-2\/\" target=\"_blank\" rel=\"noreferrer noopener\">Rapport sur les dons 2019<\/a><\/li>\n<\/ul>\n\n\n\n<div class=\"wp-block-cgb-block-zewo-block-columns-container container bg-color-light-gray\"><div class=\"grid-x grid-margin-x\" data-columns=\"3\">\n<div class=\"cell small-12 medium-6\"><div class=\"wp-block-cgb-block-zewo-block-image-teaser ab-block-cta bg-color-secondary\"><div class=\"ab-cta-image-wrap bg-color-secondary\"><img decoding=\"async\" class=\"ab-cta-image\" src=\"https:\/\/zewo.ch\/wp-content\/uploads\/2019\/10\/frau-am-bildschirm-1.png\" alt=\"Finden Sie heraus, ob sich Ihre NPO pr\u00fcfen lassen kann.\"\/><\/div><div class=\"ab-cta-content\"><h2 class=\"ab-cta-title\">D\u00e9terminez si votre OBNL peut\u00a0solliciter un examen.<\/h2><\/div><div class=\"ab-cta-button\"><a href=\"\/fr\/comment-parvenir-au-label-de-qualite-zewo\/autotest\/\" target=\"_self\" rel=\"noopener noreferrer\" class=\"button primary button-teaser\"><span class=\"button-arrow\"><\/span>Faire l\u2019autotest<\/a><\/div><a href=\"\/fr\/comment-parvenir-au-label-de-qualite-zewo\/autotest\/\" target=\"_self\" rel=\"noopener noreferrer\" class=\"button-teaser--is-full\"><\/a><\/div><\/div>\n\n\n\n<div class=\"cell small-12 medium-6\"><div class=\"wp-block-cgb-block-zewo-block-image-teaser ab-block-cta bg-color-secondary\"><div class=\"ab-cta-image-wrap bg-color-secondary\"><img decoding=\"async\" class=\"ab-cta-image\" src=\"https:\/\/zewo.ch\/wp-content\/uploads\/2019\/05\/21-zewo-standards-1.png\" alt=\"Die 21 Zewo-Standards f\u00fcr Spenden sammelnde NPO\"\/><\/div><div class=\"ab-cta-content\"><h2 class=\"ab-cta-title\">Les 21 normes Zewo<\/h2><\/div><div class=\"ab-cta-button\"><a href=\"\/fr\/apercu-des-21-normes-zewo-condense-et-clair\/\" target=\"_self\" rel=\"noopener noreferrer\" class=\"button primary button-teaser\"><span class=\"button-arrow\"><\/span>En savoir plus<\/a><\/div><a href=\"\/fr\/apercu-des-21-normes-zewo-condense-et-clair\/\" target=\"_self\" rel=\"noopener noreferrer\" class=\"button-teaser--is-full\"><\/a><\/div><\/div>\n\n\n\n<div class=\"wp-block-cgb-block-zewo-block-columns-container container bg-color-light-gray\"><div class=\"grid-x grid-margin-x\" data-columns=\"2\"><\/div><\/div>\n\n\n\n<p><\/p>\n\n\n\n<div class=\"cell small-12 medium-6\"><div class=\"wp-block-cgb-block-zewo-block-image-teaser ab-block-cta bg-color-secondary\"><div class=\"ab-cta-image-wrap bg-color-secondary\"><img decoding=\"async\" class=\"ab-cta-image\" src=\"https:\/\/zewo.ch\/wp-content\/uploads\/2019\/10\/pruefung-beantragen-1.png\" alt=\"Pr\u00fcfung beantragen\"\/><\/div><div class=\"ab-cta-content\"><h2 class=\"ab-cta-title\">Comment obtenir le label de\u00a0qualit\u00e9 Zewo?<\/h2><\/div><div class=\"ab-cta-button\"><a href=\"\/fr\/comment-parvenir-au-label-de-qualite-zewo\/demander-un-examen-complet\/\" target=\"_self\" rel=\"noopener noreferrer\" class=\"button primary button-teaser\"><span class=\"button-arrow\"><\/span>Demander\u00a0un examen <\/a><\/div><a href=\"\/fr\/comment-parvenir-au-label-de-qualite-zewo\/demander-un-examen-complet\/\" target=\"_self\" rel=\"noopener noreferrer\" class=\"button-teaser--is-full\"><\/a><\/div><\/div>\n\n\n\n<p><\/p>\n<\/div><\/div>\n\n\n\n<p><\/p>\n","protected":false},"excerpt":{"rendered":"<p>Rapport sur les dons 2025 \u2013 Tendances, d\u00e9fis et opportunit\u00e9s La g\u00e9n\u00e9rosit\u00e9 des donateurs suisses reste \u00e9lev\u00e9e. En m\u00eame temps, les organisations d&rsquo;entraide sont sous pression, entre une concurrence accrue sur les r\u00e9seaux sociaux et la r\u00e9duction des fonds publics. Le rapport sur les dons 2025 montre comment les organisations font face \u00e0 ces difficult\u00e9s [&hellip;]<\/p>\n","protected":false},"author":6,"featured_media":666082,"parent":0,"menu_order":237,"comment_status":"closed","ping_status":"closed","template":"","meta":{"_acf_changed":false,"footnotes":""},"folder":[6643],"class_list":["post-4615819","page","type-page","status-publish","has-post-thumbnail","hentry"],"acf":[],"yoast_head":"<!-- This site is optimized with the Yoast SEO Premium plugin v26.0 (Yoast SEO v26.0) - https:\/\/yoast.com\/wordpress\/plugins\/seo\/ -->\n<title>Zewo<\/title>\n<meta name=\"description\" content=\"Le coronavirus, les dons num\u00e9riques et la politique ont marqu\u00e9 la Suisse, un pays de donateurs\" \/>\n<meta name=\"robots\" content=\"index, follow, max-snippet:-1, max-image-preview:large, max-video-preview:-1\" \/>\n<link rel=\"canonical\" href=\"https:\/\/zewo.ch\/fr\/rapport-sur-les-dons\/\" \/>\n<meta property=\"og:locale\" content=\"fr_FR\" \/>\n<meta property=\"og:type\" content=\"article\" \/>\n<meta property=\"og:description\" content=\"Le coronavirus, les dons num\u00e9riques et la politique ont marqu\u00e9 la Suisse, un pays de donateurs\" \/>\n<meta property=\"og:url\" content=\"https:\/\/zewo.ch\/fr\/rapport-sur-les-dons\/\" \/>\n<meta property=\"og:site_name\" content=\"Zewo\" \/>\n<meta property=\"article:publisher\" content=\"https:\/\/www.facebook.com\/Stiftung.ZEWO\/\" \/>\n<meta property=\"article:modified_time\" content=\"2025-12-17T16:32:09+00:00\" \/>\n<meta property=\"og:image\" content=\"https:\/\/zewo.ch\/wp-content\/uploads\/2019\/11\/shutterstock_1481495567_WP.jpg\" \/>\n\t<meta property=\"og:image:width\" content=\"2200\" \/>\n\t<meta property=\"og:image:height\" content=\"440\" \/>\n\t<meta property=\"og:image:type\" content=\"image\/jpeg\" \/>\n<meta name=\"twitter:card\" content=\"summary_large_image\" \/>\n<meta name=\"twitter:site\" content=\"@stiftung_zewo\" \/>\n<meta name=\"twitter:label1\" content=\"Dur\u00e9e de lecture estim\u00e9e\" \/>\n\t<meta name=\"twitter:data1\" content=\"9 minutes\" \/>\n<script type=\"application\/ld+json\" class=\"yoast-schema-graph\">{\"@context\":\"https:\/\/schema.org\",\"@graph\":[{\"@type\":\"WebPage\",\"@id\":\"https:\/\/zewo.ch\/fr\/rapport-sur-les-dons\/#webpage\",\"url\":\"https:\/\/zewo.ch\/fr\/rapport-sur-les-dons\/#webpage\",\"name\":\"\",\"isPartOf\":{\"@id\":\"https:\/\/zewo.ch\/fr\/#website\"},\"primaryImageOfPage\":{\"@id\":\"https:\/\/zewo.ch\/fr\/rapport-sur-les-dons\/#primaryimage\"},\"image\":{\"@id\":\"https:\/\/zewo.ch\/fr\/rapport-sur-les-dons\/#primaryimage\"},\"thumbnailUrl\":\"https:\/\/zewo.ch\/wp-content\/uploads\/2019\/11\/shutterstock_1481495567_WP.jpg\",\"datePublished\":\"2020-11-26T13:12:16+00:00\",\"dateModified\":\"2025-12-17T16:32:09+00:00\",\"description\":\"Le coronavirus, les dons num\u00e9riques et la politique ont marqu\u00e9 la Suisse, un pays de donateurs\",\"breadcrumb\":{\"@id\":\"https:\/\/zewo.ch\/fr\/rapport-sur-les-dons\/#breadcrumb\"},\"inLanguage\":\"fr-FR\",\"potentialAction\":[{\"@type\":\"ReadAction\",\"target\":[\"https:\/\/zewo.ch\/fr\/rapport-sur-les-dons\/\"]}]},{\"@type\":\"ImageObject\",\"inLanguage\":\"fr-FR\",\"@id\":\"https:\/\/zewo.ch\/fr\/rapport-sur-les-dons\/#primaryimage\",\"url\":\"https:\/\/zewo.ch\/wp-content\/uploads\/2019\/11\/shutterstock_1481495567_WP.jpg\",\"contentUrl\":\"https:\/\/zewo.ch\/wp-content\/uploads\/2019\/11\/shutterstock_1481495567_WP.jpg\",\"width\":2200,\"height\":440},{\"@type\":\"BreadcrumbList\",\"@id\":\"https:\/\/zewo.ch\/fr\/rapport-sur-les-dons\/#breadcrumb\",\"itemListElement\":[{\"@type\":\"ListItem\",\"position\":1,\"name\":\"Home\",\"item\":\"https:\/\/zewo.ch\/fr\/\"},{\"@type\":\"ListItem\",\"position\":2,\"name\":\"Rapport sur les dons\"}]},{\"@type\":\"WebSite\",\"@id\":\"https:\/\/zewo.ch\/fr\/#website\",\"url\":\"https:\/\/zewo.ch\/fr\/\",\"name\":\"Zewo\",\"description\":\"Votre don en bonnes mains.\",\"publisher\":{\"@id\":\"https:\/\/zewo.ch\/fr\/#organization\"},\"potentialAction\":[{\"@type\":\"SearchAction\",\"target\":{\"@type\":\"EntryPoint\",\"urlTemplate\":\"https:\/\/zewo.ch\/fr\/?s={search_term_string}\"},\"query-input\":{\"@type\":\"PropertyValueSpecification\",\"valueRequired\":true,\"valueName\":\"search_term_string\"}}],\"inLanguage\":\"fr-FR\"},{\"@type\":\"Organization\",\"@id\":\"https:\/\/zewo.ch\/fr\/#organization\",\"name\":\"Stiftung Zewo\",\"url\":\"https:\/\/zewo.ch\/fr\/\",\"logo\":{\"@type\":\"ImageObject\",\"inLanguage\":\"fr-FR\",\"@id\":\"https:\/\/zewo.ch\/fr\/#\/schema\/logo\/image\/\",\"url\":\"https:\/\/zewo.ch\/wp-content\/uploads\/2019\/08\/Zewo_Logo_Claim_D.svg\",\"contentUrl\":\"https:\/\/zewo.ch\/wp-content\/uploads\/2019\/08\/Zewo_Logo_Claim_D.svg\",\"width\":1,\"height\":1,\"caption\":\"Stiftung Zewo\"},\"image\":{\"@id\":\"https:\/\/zewo.ch\/fr\/#\/schema\/logo\/image\/\"},\"sameAs\":[\"https:\/\/www.facebook.com\/Stiftung.ZEWO\/\",\"https:\/\/x.com\/stiftung_zewo\",\"https:\/\/www.linkedin.com\/company\/stiftung-zewo\",\"https:\/\/www.youtube.com\/channel\/UCzjsVJro12OXcvvx1LQP8tw\",\"https:\/\/de.wikipedia.org\/wiki\/Zewo\"]}]}<\/script>\n<!-- \/ Yoast SEO Premium plugin. -->","yoast_head_json":{"title":"Zewo","description":"Le coronavirus, les dons num\u00e9riques et la politique ont marqu\u00e9 la Suisse, un pays de donateurs","robots":{"index":"index","follow":"follow","max-snippet":"max-snippet:-1","max-image-preview":"max-image-preview:large","max-video-preview":"max-video-preview:-1"},"canonical":"https:\/\/zewo.ch\/fr\/rapport-sur-les-dons\/","og_locale":"fr_FR","og_type":"article","og_description":"Le coronavirus, les dons num\u00e9riques et la politique ont marqu\u00e9 la Suisse, un pays de donateurs","og_url":"https:\/\/zewo.ch\/fr\/rapport-sur-les-dons\/","og_site_name":"Zewo","article_publisher":"https:\/\/www.facebook.com\/Stiftung.ZEWO\/","article_modified_time":"2025-12-17T16:32:09+00:00","og_image":[{"width":2200,"height":440,"url":"https:\/\/zewo.ch\/wp-content\/uploads\/2019\/11\/shutterstock_1481495567_WP.jpg","type":"image\/jpeg"}],"twitter_card":"summary_large_image","twitter_site":"@stiftung_zewo","twitter_misc":{"Dur\u00e9e de lecture estim\u00e9e":"9 minutes"},"schema":{"@context":"https:\/\/schema.org","@graph":[{"@type":"WebPage","@id":"https:\/\/zewo.ch\/fr\/rapport-sur-les-dons\/#webpage","url":"https:\/\/zewo.ch\/fr\/rapport-sur-les-dons\/#webpage","name":"","isPartOf":{"@id":"https:\/\/zewo.ch\/fr\/#website"},"primaryImageOfPage":{"@id":"https:\/\/zewo.ch\/fr\/rapport-sur-les-dons\/#primaryimage"},"image":{"@id":"https:\/\/zewo.ch\/fr\/rapport-sur-les-dons\/#primaryimage"},"thumbnailUrl":"https:\/\/zewo.ch\/wp-content\/uploads\/2019\/11\/shutterstock_1481495567_WP.jpg","datePublished":"2020-11-26T13:12:16+00:00","dateModified":"2025-12-17T16:32:09+00:00","description":"Le coronavirus, les dons num\u00e9riques et la politique ont marqu\u00e9 la Suisse, un pays de donateurs","breadcrumb":{"@id":"https:\/\/zewo.ch\/fr\/rapport-sur-les-dons\/#breadcrumb"},"inLanguage":"fr-FR","potentialAction":[{"@type":"ReadAction","target":["https:\/\/zewo.ch\/fr\/rapport-sur-les-dons\/"]}]},{"@type":"ImageObject","inLanguage":"fr-FR","@id":"https:\/\/zewo.ch\/fr\/rapport-sur-les-dons\/#primaryimage","url":"https:\/\/zewo.ch\/wp-content\/uploads\/2019\/11\/shutterstock_1481495567_WP.jpg","contentUrl":"https:\/\/zewo.ch\/wp-content\/uploads\/2019\/11\/shutterstock_1481495567_WP.jpg","width":2200,"height":440},{"@type":"BreadcrumbList","@id":"https:\/\/zewo.ch\/fr\/rapport-sur-les-dons\/#breadcrumb","itemListElement":[{"@type":"ListItem","position":1,"name":"Home","item":"https:\/\/zewo.ch\/fr\/"},{"@type":"ListItem","position":2,"name":"Rapport sur les dons"}]},{"@type":"WebSite","@id":"https:\/\/zewo.ch\/fr\/#website","url":"https:\/\/zewo.ch\/fr\/","name":"Zewo","description":"Votre don en bonnes mains.","publisher":{"@id":"https:\/\/zewo.ch\/fr\/#organization"},"potentialAction":[{"@type":"SearchAction","target":{"@type":"EntryPoint","urlTemplate":"https:\/\/zewo.ch\/fr\/?s={search_term_string}"},"query-input":{"@type":"PropertyValueSpecification","valueRequired":true,"valueName":"search_term_string"}}],"inLanguage":"fr-FR"},{"@type":"Organization","@id":"https:\/\/zewo.ch\/fr\/#organization","name":"Stiftung Zewo","url":"https:\/\/zewo.ch\/fr\/","logo":{"@type":"ImageObject","inLanguage":"fr-FR","@id":"https:\/\/zewo.ch\/fr\/#\/schema\/logo\/image\/","url":"https:\/\/zewo.ch\/wp-content\/uploads\/2019\/08\/Zewo_Logo_Claim_D.svg","contentUrl":"https:\/\/zewo.ch\/wp-content\/uploads\/2019\/08\/Zewo_Logo_Claim_D.svg","width":1,"height":1,"caption":"Stiftung Zewo"},"image":{"@id":"https:\/\/zewo.ch\/fr\/#\/schema\/logo\/image\/"},"sameAs":["https:\/\/www.facebook.com\/Stiftung.ZEWO\/","https:\/\/x.com\/stiftung_zewo","https:\/\/www.linkedin.com\/company\/stiftung-zewo","https:\/\/www.youtube.com\/channel\/UCzjsVJro12OXcvvx1LQP8tw","https:\/\/de.wikipedia.org\/wiki\/Zewo"]}]}},"publishpress_future_action":{"enabled":false,"date":"2026-04-17 11:35:11","action":"change-status","newStatus":"draft","terms":[],"taxonomy":"translation_priority","extraData":[]},"publishpress_future_workflow_manual_trigger":{"enabledWorkflows":[]},"_links":{"self":[{"href":"https:\/\/zewo.ch\/fr\/wp-json\/wp\/v2\/pages\/4615819","targetHints":{"allow":["GET"]}}],"collection":[{"href":"https:\/\/zewo.ch\/fr\/wp-json\/wp\/v2\/pages"}],"about":[{"href":"https:\/\/zewo.ch\/fr\/wp-json\/wp\/v2\/types\/page"}],"author":[{"embeddable":true,"href":"https:\/\/zewo.ch\/fr\/wp-json\/wp\/v2\/users\/6"}],"replies":[{"embeddable":true,"href":"https:\/\/zewo.ch\/fr\/wp-json\/wp\/v2\/comments?post=4615819"}],"version-history":[{"count":25,"href":"https:\/\/zewo.ch\/fr\/wp-json\/wp\/v2\/pages\/4615819\/revisions"}],"predecessor-version":[{"id":5935114,"href":"https:\/\/zewo.ch\/fr\/wp-json\/wp\/v2\/pages\/4615819\/revisions\/5935114"}],"wp:featuredmedia":[{"embeddable":true,"href":"https:\/\/zewo.ch\/fr\/wp-json\/wp\/v2\/media\/666082"}],"wp:attachment":[{"href":"https:\/\/zewo.ch\/fr\/wp-json\/wp\/v2\/media?parent=4615819"}],"wp:term":[{"taxonomy":"folder","embeddable":true,"href":"https:\/\/zewo.ch\/fr\/wp-json\/wp\/v2\/folder?post=4615819"}],"curies":[{"name":"wp","href":"https:\/\/api.w.org\/{rel}","templated":true}]}}