{"id":459504,"date":"2019-04-01T14:39:26","date_gmt":"2019-04-01T12:39:26","guid":{"rendered":"https:\/\/www.zewo.ch\/?page_id=459504"},"modified":"2026-02-18T14:36:44","modified_gmt":"2026-02-18T13:36:44","slug":"collectes-nationales-actuelles","status":"publish","type":"page","link":"https:\/\/zewo.ch\/fr\/collectes-nationales-actuelles\/","title":{"rendered":"Collectes nationales actuelles"},"content":{"rendered":"\n<h2 class=\"wp-block-heading\" id=\"h-calendrier-de-dons\">Calendrier de dons <\/h2>\n\n\n\n<p><strong>Les OBNL certifi\u00e9es disposent de p\u00e9riodes d\u00e9finies pour mettre en place leurs collectes de dons. La Zewo coordonne ces dates de collecte pour \u00e9viter que toutes les organisations appellent aux dons en m\u00eame temps.<\/strong><\/p>\n\n\n\n<p>Actuellement, les OBNL certifi\u00e9es suivantes collectent des dons en Suisse. Elles m\u00e9ritent votre soutien. Faites un don d\u00e8s maintenant.<\/p>\n\n\n\n\n\n\n\n\n\n\n\n\n\n\n\n\n\n\n\n\n\n\n\n\n\n\n\n\n\n\n\n\n\n\n\n\n\n\n\n\n\n\n\n\n\n\n\n\n\n\n\n\n\n\n\n\n\n\n\n\n\n\n\n\n\n\n\n\n\n\n\n\n\n\n\n\n\n\n\n\n\n\n\n\n\n\n\n\n\n\n\n\n\n\n\n\n\n\n\n\n\n\n\n\n\n\n\n\n\n\n\n\n\n\n\n\n\n\n\n\n\n\n\n\n\n\n\n\n\n\n\n\n\n\n\n\n\n\n\n\n\n\n\n\n\n\n\n\n\n\n\n\n\n\n\n\n\n\n\n\n\n\n\n\n\n\n\n\n\n\n\n\n\n\n\n\n\n\n\n\n\n\n\n\n\n\n\n\n\n\n\n\n\n\n\n\n\n\n\n\n\n\n\n\n\n\n<b>Schweizer Patenschaft f\u00fcr Berggemeinden:<\/b><br \/>\nLa collecte aura lieu du 6 avril au 18 avril 2026. En savoir plus : <a href=\"https:\/\/patenschaftberggemeinden.ch\"> www.patenschaftberggemeinden.ch<\/a> <br \/>\n\n\n\n\n\n\n\n\n\n\n\n\n\n\n\n\n\n\n\n\n\n\n\n\n\n\n\n\n\n\n\n\n\n\n\n\n\n\n\n\n\n\n\n\n\n\n\n\n\n\n\n\n\n\n\n\n\n\n\n\n\n\n\n\n\n\n\n\n\n\n\n\n\n\n\n\n\n\n\n\n\n\n\n\n\n\n\n\n\n<b>Swissaid:<\/b><br \/>\nLa collecte aura lieu du 13 avril au 18 avril 2026. En savoir plus : <a href=\"https:\/\/www.swissaid.ch\/fr\/\"> www.swissaid.ch<\/a> <br \/>\n\n\n\n\n\n\n\n\n\n\n\n\n\n\n\n\n\n\n\n\n\n<p><\/p>\n\n\n\n<p><\/p>\n\n\n\n<div class=\"wp-block-cgb-block-zewo-block-columns-container container bg-color-light-gray\"><div class=\"grid-x grid-margin-x\" data-columns=\"3\">\n<div class=\"cell small-12 medium-6\"><div class=\"wp-block-cgb-block-zewo-block-image-text-teaser ab-block-cta\"><div class=\"ab-cta-image-wrap bg-color-secondary\"><img decoding=\"async\" class=\"ab-cta-image\" src=\"https:\/\/zewo.ch\/wp-content\/uploads\/2019\/05\/ha\u0308ufige-fragen-7.png\" alt=\"H\u00e4ufige Fragen und Antworten rund ums Spenden\"\/><\/div><div class=\"ab-cta-content\"><h2 class=\"ab-cta-title\">Questions fr\u00e9quemment pos\u00e9es autour du don<\/h2><div class=\"ab-cta-text\">\n<p>Le guide de la Zewo renseigne sur le don<\/p>\n<\/div><\/div><div class=\"ab-cta-button\"><a href=\"\/fr\/questions-et-reponses\/\" target=\"_self\" rel=\"noopener noreferrer\" class=\"button primary button-teaser\"><span class=\"button-arrow\"><\/span>R\u00e9ponses autour du don<\/a><\/div><a href=\"\/fr\/questions-et-reponses\/\" target=\"_self\" rel=\"noopener noreferrer\" class=\"button-teaser--is-full\"><\/a><\/div><\/div>\n\n\n\n<div class=\"cell small-12 medium-6\"><div class=\"wp-block-cgb-block-zewo-block-image-text-teaser ab-block-cta\"><div class=\"ab-cta-image-wrap bg-color-secondary\"><img decoding=\"async\" class=\"ab-cta-image\" src=\"https:\/\/zewo.ch\/wp-content\/uploads\/2019\/08\/10-conseils.png\" alt=\"5 conseils pour donner\"\/><\/div><div class=\"ab-cta-content\"><h2 class=\"ab-cta-title\">Les 10 conseils pour donner<\/h2><div class=\"ab-cta-text\">\n<p>D\u00e8s maintenant, prendre acte des 10 principales r\u00e8gles et faire des dons efficaces.<\/p>\n<\/div><\/div><div class=\"ab-cta-button\"><a href=\"\/fr\/les-5-regles-essentielles-pour-les-dons\/\" target=\"_self\" rel=\"noopener noreferrer\" class=\"button primary button-teaser\"><span class=\"button-arrow\"><\/span>Lire d\u00e8s maintenant les conseils pour donner<\/a><\/div><a href=\"\/fr\/les-5-regles-essentielles-pour-les-dons\/\" target=\"_self\" rel=\"noopener noreferrer\" class=\"button-teaser--is-full\"><\/a><\/div><\/div>\n\n\n\n<div class=\"cell small-12 medium-6\"><div class=\"wp-block-cgb-block-zewo-block-image-text-teaser ab-block-cta\"><div class=\"ab-cta-image-wrap bg-color-secondary\"><img decoding=\"async\" class=\"ab-cta-image\" src=\"https:\/\/zewo.ch\/wp-content\/uploads\/2019\/05\/spendenmagazin-2018-1.jpg\" alt=\"Das Spendenmagazin 2018\"\/><\/div><div class=\"ab-cta-content\"><h2 class=\"ab-cta-title\">Le Suppl\u00e9ment dons<\/h2><div class=\"ab-cta-text\">\n<p>Connaissez-vous le Suppl\u00e9ment dons?<\/p>\n<\/div><\/div><div class=\"ab-cta-button\"><a href=\"\/fr\/supplement-dons\/\" target=\"_self\" rel=\"noopener noreferrer\" class=\"button primary button-teaser\"><span class=\"button-arrow\"><\/span>Lire le Suppl\u00e9ment dons maintenant<\/a><\/div><a href=\"\/fr\/supplement-dons\/\" target=\"_self\" rel=\"noopener noreferrer\" class=\"button-teaser--is-full\"><\/a><\/div><\/div>\n<\/div><\/div>\n","protected":false},"excerpt":{"rendered":"<p>Calendrier de dons Les OBNL certifi\u00e9es disposent de p\u00e9riodes d\u00e9finies pour mettre en place leurs collectes de dons. La Zewo coordonne ces dates de collecte pour \u00e9viter que toutes les organisations appellent aux dons en m\u00eame temps. Actuellement, les OBNL certifi\u00e9es suivantes collectent des dons en Suisse. Elles m\u00e9ritent votre soutien. Faites un don d\u00e8s [&hellip;]<\/p>\n","protected":false},"author":6,"featured_media":511958,"parent":0,"menu_order":129,"comment_status":"closed","ping_status":"closed","template":"","meta":{"_acf_changed":false,"footnotes":""},"folder":[6643],"class_list":["post-459504","page","type-page","status-publish","has-post-thumbnail","hentry"],"acf":[],"yoast_head":"<!-- This site is optimized with the Yoast SEO Premium plugin v26.0 (Yoast SEO v26.0) - https:\/\/yoast.com\/wordpress\/plugins\/seo\/ -->\n<title>Zewo<\/title>\n<meta name=\"description\" content=\"Obtenez un aper\u00e7u des campagnes de dons et des collectes nationales actuelles des organisations d&#039;entraide certifi\u00e9es en Suisse.\" \/>\n<meta name=\"robots\" content=\"index, follow, max-snippet:-1, max-image-preview:large, max-video-preview:-1\" \/>\n<link rel=\"canonical\" href=\"https:\/\/zewo.ch\/fr\/collectes-nationales-actuelles\/\" \/>\n<meta property=\"og:locale\" content=\"fr_FR\" \/>\n<meta property=\"og:type\" content=\"article\" \/>\n<meta property=\"og:description\" content=\"Obtenez un aper\u00e7u des campagnes de dons et des collectes nationales actuelles des organisations d&#039;entraide certifi\u00e9es en Suisse.\" \/>\n<meta property=\"og:url\" content=\"https:\/\/zewo.ch\/fr\/collectes-nationales-actuelles\/\" \/>\n<meta property=\"og:site_name\" content=\"Zewo\" \/>\n<meta property=\"article:publisher\" content=\"https:\/\/www.facebook.com\/Stiftung.ZEWO\/\" \/>\n<meta property=\"article:modified_time\" content=\"2026-02-18T13:36:44+00:00\" \/>\n<meta property=\"og:image\" content=\"https:\/\/zewo.ch\/wp-content\/uploads\/2019\/09\/shutterstock_1241744881.jpg\" \/>\n\t<meta property=\"og:image:width\" content=\"2200\" \/>\n\t<meta property=\"og:image:height\" content=\"440\" \/>\n\t<meta property=\"og:image:type\" content=\"image\/jpeg\" \/>\n<meta name=\"twitter:card\" content=\"summary_large_image\" \/>\n<meta name=\"twitter:site\" content=\"@stiftung_zewo\" \/>\n<meta name=\"twitter:label1\" content=\"Dur\u00e9e de lecture estim\u00e9e\" \/>\n\t<meta name=\"twitter:data1\" content=\"53 minutes\" \/>\n<script type=\"application\/ld+json\" class=\"yoast-schema-graph\">{\"@context\":\"https:\/\/schema.org\",\"@graph\":[{\"@type\":\"WebPage\",\"@id\":\"https:\/\/zewo.ch\/fr\/collectes-nationales-actuelles\/#webpage\",\"url\":\"https:\/\/zewo.ch\/fr\/collectes-nationales-actuelles\/#webpage\",\"name\":\"\",\"isPartOf\":{\"@id\":\"https:\/\/zewo.ch\/fr\/#website\"},\"primaryImageOfPage\":{\"@id\":\"https:\/\/zewo.ch\/fr\/collectes-nationales-actuelles\/#primaryimage\"},\"image\":{\"@id\":\"https:\/\/zewo.ch\/fr\/collectes-nationales-actuelles\/#primaryimage\"},\"thumbnailUrl\":\"https:\/\/zewo.ch\/wp-content\/uploads\/2019\/09\/shutterstock_1241744881.jpg\",\"datePublished\":\"2019-04-01T12:39:26+00:00\",\"dateModified\":\"2026-02-18T13:36:44+00:00\",\"description\":\"Obtenez un aper\u00e7u des campagnes de dons et des collectes nationales actuelles des organisations d'entraide certifi\u00e9es en Suisse.\",\"breadcrumb\":{\"@id\":\"https:\/\/zewo.ch\/fr\/collectes-nationales-actuelles\/#breadcrumb\"},\"inLanguage\":\"fr-FR\",\"potentialAction\":[{\"@type\":\"ReadAction\",\"target\":[\"https:\/\/zewo.ch\/fr\/collectes-nationales-actuelles\/\"]}]},{\"@type\":\"ImageObject\",\"inLanguage\":\"fr-FR\",\"@id\":\"https:\/\/zewo.ch\/fr\/collectes-nationales-actuelles\/#primaryimage\",\"url\":\"https:\/\/zewo.ch\/wp-content\/uploads\/2019\/09\/shutterstock_1241744881.jpg\",\"contentUrl\":\"https:\/\/zewo.ch\/wp-content\/uploads\/2019\/09\/shutterstock_1241744881.jpg\",\"width\":2200,\"height\":440,\"caption\":\"Biene auf einer pinkfarbenen Blume.\"},{\"@type\":\"BreadcrumbList\",\"@id\":\"https:\/\/zewo.ch\/fr\/collectes-nationales-actuelles\/#breadcrumb\",\"itemListElement\":[{\"@type\":\"ListItem\",\"position\":1,\"name\":\"Home\",\"item\":\"https:\/\/zewo.ch\/fr\/\"},{\"@type\":\"ListItem\",\"position\":2,\"name\":\"Collectes nationales actuelles\"}]},{\"@type\":\"WebSite\",\"@id\":\"https:\/\/zewo.ch\/fr\/#website\",\"url\":\"https:\/\/zewo.ch\/fr\/\",\"name\":\"Zewo\",\"description\":\"Votre don en bonnes mains.\",\"publisher\":{\"@id\":\"https:\/\/zewo.ch\/fr\/#organization\"},\"potentialAction\":[{\"@type\":\"SearchAction\",\"target\":{\"@type\":\"EntryPoint\",\"urlTemplate\":\"https:\/\/zewo.ch\/fr\/?s={search_term_string}\"},\"query-input\":{\"@type\":\"PropertyValueSpecification\",\"valueRequired\":true,\"valueName\":\"search_term_string\"}}],\"inLanguage\":\"fr-FR\"},{\"@type\":\"Organization\",\"@id\":\"https:\/\/zewo.ch\/fr\/#organization\",\"name\":\"Stiftung Zewo\",\"url\":\"https:\/\/zewo.ch\/fr\/\",\"logo\":{\"@type\":\"ImageObject\",\"inLanguage\":\"fr-FR\",\"@id\":\"https:\/\/zewo.ch\/fr\/#\/schema\/logo\/image\/\",\"url\":\"https:\/\/zewo.ch\/wp-content\/uploads\/2019\/08\/Zewo_Logo_Claim_D.svg\",\"contentUrl\":\"https:\/\/zewo.ch\/wp-content\/uploads\/2019\/08\/Zewo_Logo_Claim_D.svg\",\"width\":1,\"height\":1,\"caption\":\"Stiftung Zewo\"},\"image\":{\"@id\":\"https:\/\/zewo.ch\/fr\/#\/schema\/logo\/image\/\"},\"sameAs\":[\"https:\/\/www.facebook.com\/Stiftung.ZEWO\/\",\"https:\/\/x.com\/stiftung_zewo\",\"https:\/\/www.linkedin.com\/company\/stiftung-zewo\",\"https:\/\/www.youtube.com\/channel\/UCzjsVJro12OXcvvx1LQP8tw\",\"https:\/\/de.wikipedia.org\/wiki\/Zewo\"]}]}<\/script>\n<!-- \/ Yoast SEO Premium plugin. -->","yoast_head_json":{"title":"Zewo","description":"Obtenez un aper\u00e7u des campagnes de dons et des collectes nationales actuelles des organisations d'entraide certifi\u00e9es en Suisse.","robots":{"index":"index","follow":"follow","max-snippet":"max-snippet:-1","max-image-preview":"max-image-preview:large","max-video-preview":"max-video-preview:-1"},"canonical":"https:\/\/zewo.ch\/fr\/collectes-nationales-actuelles\/","og_locale":"fr_FR","og_type":"article","og_description":"Obtenez un aper\u00e7u des campagnes de dons et des collectes nationales actuelles des organisations d'entraide certifi\u00e9es en Suisse.","og_url":"https:\/\/zewo.ch\/fr\/collectes-nationales-actuelles\/","og_site_name":"Zewo","article_publisher":"https:\/\/www.facebook.com\/Stiftung.ZEWO\/","article_modified_time":"2026-02-18T13:36:44+00:00","og_image":[{"width":2200,"height":440,"url":"https:\/\/zewo.ch\/wp-content\/uploads\/2019\/09\/shutterstock_1241744881.jpg","type":"image\/jpeg"}],"twitter_card":"summary_large_image","twitter_site":"@stiftung_zewo","twitter_misc":{"Dur\u00e9e de lecture estim\u00e9e":"53 minutes"},"schema":{"@context":"https:\/\/schema.org","@graph":[{"@type":"WebPage","@id":"https:\/\/zewo.ch\/fr\/collectes-nationales-actuelles\/#webpage","url":"https:\/\/zewo.ch\/fr\/collectes-nationales-actuelles\/#webpage","name":"","isPartOf":{"@id":"https:\/\/zewo.ch\/fr\/#website"},"primaryImageOfPage":{"@id":"https:\/\/zewo.ch\/fr\/collectes-nationales-actuelles\/#primaryimage"},"image":{"@id":"https:\/\/zewo.ch\/fr\/collectes-nationales-actuelles\/#primaryimage"},"thumbnailUrl":"https:\/\/zewo.ch\/wp-content\/uploads\/2019\/09\/shutterstock_1241744881.jpg","datePublished":"2019-04-01T12:39:26+00:00","dateModified":"2026-02-18T13:36:44+00:00","description":"Obtenez un aper\u00e7u des campagnes de dons et des collectes nationales actuelles des organisations d'entraide certifi\u00e9es en Suisse.","breadcrumb":{"@id":"https:\/\/zewo.ch\/fr\/collectes-nationales-actuelles\/#breadcrumb"},"inLanguage":"fr-FR","potentialAction":[{"@type":"ReadAction","target":["https:\/\/zewo.ch\/fr\/collectes-nationales-actuelles\/"]}]},{"@type":"ImageObject","inLanguage":"fr-FR","@id":"https:\/\/zewo.ch\/fr\/collectes-nationales-actuelles\/#primaryimage","url":"https:\/\/zewo.ch\/wp-content\/uploads\/2019\/09\/shutterstock_1241744881.jpg","contentUrl":"https:\/\/zewo.ch\/wp-content\/uploads\/2019\/09\/shutterstock_1241744881.jpg","width":2200,"height":440,"caption":"Biene auf einer pinkfarbenen Blume."},{"@type":"BreadcrumbList","@id":"https:\/\/zewo.ch\/fr\/collectes-nationales-actuelles\/#breadcrumb","itemListElement":[{"@type":"ListItem","position":1,"name":"Home","item":"https:\/\/zewo.ch\/fr\/"},{"@type":"ListItem","position":2,"name":"Collectes nationales actuelles"}]},{"@type":"WebSite","@id":"https:\/\/zewo.ch\/fr\/#website","url":"https:\/\/zewo.ch\/fr\/","name":"Zewo","description":"Votre don en bonnes mains.","publisher":{"@id":"https:\/\/zewo.ch\/fr\/#organization"},"potentialAction":[{"@type":"SearchAction","target":{"@type":"EntryPoint","urlTemplate":"https:\/\/zewo.ch\/fr\/?s={search_term_string}"},"query-input":{"@type":"PropertyValueSpecification","valueRequired":true,"valueName":"search_term_string"}}],"inLanguage":"fr-FR"},{"@type":"Organization","@id":"https:\/\/zewo.ch\/fr\/#organization","name":"Stiftung Zewo","url":"https:\/\/zewo.ch\/fr\/","logo":{"@type":"ImageObject","inLanguage":"fr-FR","@id":"https:\/\/zewo.ch\/fr\/#\/schema\/logo\/image\/","url":"https:\/\/zewo.ch\/wp-content\/uploads\/2019\/08\/Zewo_Logo_Claim_D.svg","contentUrl":"https:\/\/zewo.ch\/wp-content\/uploads\/2019\/08\/Zewo_Logo_Claim_D.svg","width":1,"height":1,"caption":"Stiftung Zewo"},"image":{"@id":"https:\/\/zewo.ch\/fr\/#\/schema\/logo\/image\/"},"sameAs":["https:\/\/www.facebook.com\/Stiftung.ZEWO\/","https:\/\/x.com\/stiftung_zewo","https:\/\/www.linkedin.com\/company\/stiftung-zewo","https:\/\/www.youtube.com\/channel\/UCzjsVJro12OXcvvx1LQP8tw","https:\/\/de.wikipedia.org\/wiki\/Zewo"]}]}},"publishpress_future_action":{"enabled":false,"date":"2026-04-23 04:35:40","action":"change-status","newStatus":"draft","terms":[],"taxonomy":"translation_priority","extraData":[]},"publishpress_future_workflow_manual_trigger":{"enabledWorkflows":[]},"_links":{"self":[{"href":"https:\/\/zewo.ch\/fr\/wp-json\/wp\/v2\/pages\/459504","targetHints":{"allow":["GET"]}}],"collection":[{"href":"https:\/\/zewo.ch\/fr\/wp-json\/wp\/v2\/pages"}],"about":[{"href":"https:\/\/zewo.ch\/fr\/wp-json\/wp\/v2\/types\/page"}],"author":[{"embeddable":true,"href":"https:\/\/zewo.ch\/fr\/wp-json\/wp\/v2\/users\/6"}],"replies":[{"embeddable":true,"href":"https:\/\/zewo.ch\/fr\/wp-json\/wp\/v2\/comments?post=459504"}],"version-history":[{"count":420,"href":"https:\/\/zewo.ch\/fr\/wp-json\/wp\/v2\/pages\/459504\/revisions"}],"predecessor-version":[{"id":5938465,"href":"https:\/\/zewo.ch\/fr\/wp-json\/wp\/v2\/pages\/459504\/revisions\/5938465"}],"wp:featuredmedia":[{"embeddable":true,"href":"https:\/\/zewo.ch\/fr\/wp-json\/wp\/v2\/media\/511958"}],"wp:attachment":[{"href":"https:\/\/zewo.ch\/fr\/wp-json\/wp\/v2\/media?parent=459504"}],"wp:term":[{"taxonomy":"folder","embeddable":true,"href":"https:\/\/zewo.ch\/fr\/wp-json\/wp\/v2\/folder?post=459504"}],"curies":[{"name":"wp","href":"https:\/\/api.w.org\/{rel}","templated":true}]}}