{"id":458747,"date":"2019-07-24T07:47:03","date_gmt":"2019-07-24T05:47:03","guid":{"rendered":"https:\/\/www.zewo.ch\/?page_id=458747"},"modified":"2026-01-05T14:48:08","modified_gmt":"2026-01-05T13:48:08","slug":"sans-le-label-de-qualite-zewo","status":"publish","type":"page","link":"https:\/\/zewo.ch\/fr\/sans-le-label-de-qualite-zewo\/","title":{"rendered":"Sans le label de qualit\u00e9 Zewo"},"content":{"rendered":"\n<h2 class=\"wp-block-heading\">Ces OBNL ne portent plus le label de qualit\u00e9 Zewo<\/h2>\n\n\n\n<p><strong>Les donatrices et donateurs peuvent voir en un coup d\u2019\u0153il quelles organisations ne portent plus le label de qualit\u00e9 Zewo. Ces OBNL ne sont plus soumises au contr\u00f4le de la Zewo, et ce pour des raisons vari\u00e9es.<\/strong><\/p>\n\n\n\n<p>Si, en effectuant un <a href=\"https:\/\/zewo.ch\/fr\/comment-parvenir-au-label-de-qualite-zewo\/se-soumettre-aux-controles-reguliers-et-eviter-les-sanctions\/\">contr\u00f4le<\/a>, la Zewo constate qu&rsquo;une OBNL ne respecte plus les <a href=\"https:\/\/zewo.ch\/fr\/apercu-des-21-normes-zewo-condense-et-clair\/\">21 normes<\/a>, alors cette derni\u00e8re perd le label de qualit\u00e9. Lorsqu&rsquo;une OBNL certifi\u00e9e est int\u00e9gr\u00e9e \u00e0 une autre, non certifi\u00e9e, la premi\u00e8re n\u2019est plus autoris\u00e9e \u00e0 porter le label de qualit\u00e9. Il arrive parfois que les OBNL renoncent d\u2019elles-m\u00eames au label, par exemple en cas de dissolution ou d&rsquo;impossibilit\u00e9 de r\u00e9pondre aux crit\u00e8res de la Zewo. <\/p>\n\n\n\n<h2 class=\"wp-block-heading\" id=\"h-sans-label-de-qualite-depuis-2026\">Sans label de qualit\u00e9 depuis 2026<\/h2>\n\n\n\n<p><strong>Pas de renouvellement du label de qualit\u00e9 Zewo<\/strong><\/p>\n\n\n\n<ul class=\"wp-block-list\">\n<li>Association Suisse des Fibromyalgiques ASFM (sous-organisation)<\/li>\n\n\n\n<li>Association Suisse des Polyarthritiques ASP(sous-organisation)<\/li>\n<\/ul>\n\n\n\n<p><strong>Retour du label de qualit\u00e9&nbsp;Zewo<\/strong><\/p>\n\n\n\n<ul class=\"wp-block-list\">\n<li>team 72<\/li>\n<\/ul>\n\n\n\n<h2 class=\"wp-block-heading\" id=\"h-sans-label-de-qualite-depuis-2025\">Sans label de qualit\u00e9 depuis 2025<\/h2>\n\n\n\n<p><strong>Pas de renouvellement du label de qualit\u00e9 Zewo<\/strong><\/p>\n\n\n\n<ul class=\"wp-block-list\">\n<li>IOGT Suisse<\/li>\n\n\n\n<li>Z\u00fcrcher Lighthouse<\/li>\n<\/ul>\n\n\n\n<p><strong>Retour du label de qualit\u00e9&nbsp;Zewo<\/strong><\/p>\n\n\n\n<ul class=\"wp-block-list\">\n<li>Johanna Spyri-Stiftung&nbsp;<\/li>\n\n\n\n<li>fairunterwegs&nbsp;<\/li>\n<\/ul>\n\n\n\n<h2 class=\"wp-block-heading\" id=\"h-sans-label-de-qualite-depuis-2024\">Sans label de qualit\u00e9 depuis 2024<\/h2>\n\n\n\n<p><strong>Pas de renouvellement du label de qualit\u00e9 Zewo<\/strong><\/p>\n\n\n\n<ul class=\"wp-block-list\">\n<li>FoRom \u00e9coute<\/li>\n\n\n\n<li>IWAZ<\/li>\n<\/ul>\n\n\n\n<p><strong>Retour du label de qualit\u00e9&nbsp;Zewo<\/strong><\/p>\n\n\n\n<ul class=\"wp-block-list\">\n<li>EurAsia Heart<\/li>\n\n\n\n<li>Stiftung M\u00fchlehalde<\/li>\n\n\n\n<li>Suchtfachstelle Z\u00fcrich<\/li>\n<\/ul>\n\n\n\n<h2 class=\"wp-block-heading\" id=\"Sans-label-de-qualit\u00e9-depuis-2023\">Sans label de qualit\u00e9 depuis 2023<\/h2>\n\n\n\n<p><strong>Pas de renouvellement du label de qualit\u00e9 Zewo<\/strong><\/p>\n\n\n\n<ul class=\"wp-block-list\">\n<li>Zonaprotetta, Lugano (sous-organisation)<\/li>\n\n\n\n<li>Fondation NAK-Humanitas<\/li>\n<\/ul>\n\n\n\n<p><strong>Retour du label de qualit\u00e9&nbsp;Zewo<\/strong><\/p>\n\n\n\n<ul class=\"wp-block-list\">\n<li>Association Paz Mundo<\/li>\n\n\n\n<li>COMPAGNA Sektion B\u00e2le-Ville<\/li>\n<\/ul>\n\n\n\n<ul class=\"wp-block-list\">\n<li>Association Lunge Z\u00fcrich (sous-organisation, retrait du r\u00e9seau)<\/li>\n<\/ul>\n\n\n\n<h2 class=\"wp-block-heading\" id=\"1\">Sans label de qualit\u00e9 depuis 2022<\/h2>\n\n\n\n<h3 class=\"wp-block-heading\"><meta charset=\"utf-8\">Pas de renouvellement du label de qualit\u00e9 Zewo<\/h3>\n\n\n\n<ul class=\"wp-block-list\">\n<li>Les Coll\u00e9giens Akadiens et leurs Amis Africains (CAAA), Zurich<\/li>\n<\/ul>\n\n\n\n<h3 class=\"wp-block-heading\">Retour du label de qualit\u00e9&nbsp;Zewo<\/h3>\n\n\n\n<ul class=\"wp-block-list\">\n<li>Association S\u00e9n\u00e9galit\u00e9<\/li>\n\n\n\n<li>Fondation de Vernand<\/li>\n\n\n\n<li>Parkinson Suisse<\/li>\n\n\n\n<li>Wohnen f\u00fcr K\u00f6rperbehinderte WKB<\/li>\n<\/ul>\n\n\n\n<ul class=\"wp-block-list\">\n<li>Associazione Ticinese per i Diabetici (sous-organisation)<\/li>\n\n\n\n<li>Diabetes-Gesellschaft GL-GR-FL (sous-organisation)<\/li>\n\n\n\n<li>Fragile Ticino (sous-organisation)<\/li>\n\n\n\n<li>insieme Region Zurzach (sous-organisation)<\/li>\n\n\n\n<li>Z\u00fcrcher Diabetes-Gesellschaft (sous-organisation)<\/li>\n<\/ul>\n\n\n\n<h2 class=\"wp-block-heading\" id=\"2\">Sans label de qualit\u00e9 depuis 2021<\/h2>\n\n\n\n<h3 class=\"wp-block-heading\">Pas de renouvellement du label de qualit\u00e9 Zewo<\/h3>\n\n\n\n<ul class=\"wp-block-list\">\n<li>Soci\u00e9t\u00e9 Suisse d&rsquo;Utilit\u00e9 Publique (SSUP)<\/li>\n\n\n\n<li>Stiftung Mosaik<\/li>\n\n\n\n<li>Stiftung Kinderheime Solothurn<\/li>\n<\/ul>\n\n\n\n<h3 class=\"wp-block-heading\">Retour du label de qualit\u00e9&nbsp;Zewo<\/h3>\n\n\n\n<ul class=\"wp-block-list\">\n<li>Verein Werkst\u00e4tte Drahtzug<\/li>\n<\/ul>\n\n\n\n<ul class=\"wp-block-list\">\n<li>Association fribourgeoise du diab\u00e8te Diab\u00e8tefribourg (sous-organisation)<\/li>\n\n\n\n<li>Fondation Pro Juventute Gen\u00e8ve (sous-organisation) (2021 nouvellement certifi\u00e9e comme Fondation 022 Familles)<\/li>\n\n\n\n<li>insieme Neuch\u00e2tel (sous-organisation)<\/li>\n\n\n\n<li>Inter-agire (sous-organisation)<\/li>\n<\/ul>\n\n\n\n<h2 class=\"wp-block-heading\" id=\"3\">Sans label de qualit\u00e9 depuis 2020<\/h2>\n\n\n\n<h3 class=\"wp-block-heading\">Pas de renouvellement du label de qualit\u00e9 Zewo<\/h3>\n\n\n\n<ul class=\"wp-block-list\">\n<li>Fondation Ciomal de l&rsquo;Ordre de Malte<\/li>\n\n\n\n<li>Schweizerischer Verband Pro Filia<\/li>\n\n\n\n<li>Solidarit\u00e4tsfonds Luzerner Bergbev\u00f6lkerung<\/li>\n\n\n\n<li>Z\u00fcrcher Vereinigung zur Begleitung Schwerkranker<\/li>\n<\/ul>\n\n\n\n<ul id=\"block-1b541cc9-402a-43ee-907b-b98861ef4fc5\" class=\"wp-block-list\">\n<li>La Main Tendue Neuch\u00e2teloise (sous-organisation)<\/li>\n\n\n\n<li>Lega ticinese contro il cancro (sous-organisation)<\/li>\n<\/ul>\n\n\n\n<h3 class=\"wp-block-heading\">Retour du label de qualit\u00e9&nbsp;Zewo<\/h3>\n\n\n\n<ul class=\"wp-block-list\">\n<li>Behindertenforum<\/li>\n\n\n\n<li>Schweizerische Multiple Sklerose Gesellschaft<\/li>\n<\/ul>\n\n\n\n<ul class=\"wp-block-list\">\n<li>Pro Juventute Bern (sous-organisation), (2021 nouvellement certifi\u00e9e comme Chindernetz Bern)<\/li>\n\n\n\n<li>Pro Juventute Graub\u00fcnden (sous-organisation)<\/li>\n<\/ul>\n\n\n\n<h2 class=\"wp-block-heading\" id=\"4\">Sans label de qualit\u00e9 depuis 2019<\/h2>\n\n\n\n<h3 class=\"wp-block-heading\">Retour du label de qualit\u00e9&nbsp;Zewo<\/h3>\n\n\n\n<ul class=\"wp-block-list\">\n<li>Gr\u00fcnes Kreuz Schweiz<\/li>\n<\/ul>\n\n\n\n<h2 class=\"wp-block-heading\" id=\"5\">Sans label de qualit\u00e9 depuis 2018<\/h2>\n\n\n\n<h3 class=\"wp-block-heading\">Pas de renouvellement du label de qualit\u00e9 Zewo<\/h3>\n\n\n\n<ul class=\"wp-block-list\">\n<li>Stiftung Nachbar in Not<\/li>\n<\/ul>\n\n\n\n<h2 class=\"wp-block-heading\" id=\"6\">Sans label de qualit\u00e9 depuis 2017<\/h2>\n\n\n\n<h3 class=\"wp-block-heading\">Pas de renouvellement du label de qualit\u00e9 Zewo<\/h3>\n\n\n\n<ul class=\"wp-block-list\">\n<li>E-Changer<\/li>\n\n\n\n<li>Handicap International \u2013 Section Suisse<\/li>\n\n\n\n<li>Interpeace<\/li>\n\n\n\n<li>Pro Famila Schweiz<\/li>\n\n\n\n<li>Schweizerische Verein Compagna<\/li>\n\n\n\n<li>Stiftung f\u00fcr Behinderte Aarau-Lenzburg<\/li>\n\n\n\n<li>Stiftung Schloss Turbenthal \u2013 Geh\u00f6rlosendorf<\/li>\n<\/ul>\n\n\n\n<ul class=\"wp-block-list\">\n<li>Pflegekinder-Aktion Bern (sous-organisation)<\/li>\n\n\n\n<li>Pflegekinder-Aktion Graub\u00fcnden (sous-organisation)<\/li>\n\n\n\n<li>Pflegekinder-Aktion St. Gallen (sous-organisation)<\/li>\n\n\n\n<li>Pflegekinder-Aktion Zentralschweiz&nbsp;(sous-organisation)<\/li>\n<\/ul>\n\n\n\n<h2 class=\"wp-block-heading\" id=\"7\">Sans label de qualit\u00e9 depuis 2016<\/h2>\n\n\n\n<h3 class=\"wp-block-heading\">Pas de renouvellement du label de qualit\u00e9 Zewo<\/h3>\n\n\n\n<ul class=\"wp-block-list\">\n<li>Action Innocence<\/li>\n\n\n\n<li>ASA-Valais<\/li>\n\n\n\n<li>Rokpa International<\/li>\n\n\n\n<li>Selbsthilfezentrum Z\u00fcrcher Oberland<\/li>\n\n\n\n<li>sonos<\/li>\n<\/ul>\n\n\n\n<h2 class=\"wp-block-heading\" id=\"8\">Sans label de qualit\u00e9 depuis 2015<\/h2>\n\n\n\n<h3 class=\"wp-block-heading\">Pas de renouvellement du label de qualit\u00e9 Zewo<\/h3>\n\n\n\n<ul class=\"wp-block-list\">\n<li>Agile.ch<\/li>\n<\/ul>\n\n\n\n<ul class=\"wp-block-list\">\n<li>insieme Uri (sous-organisation)<\/li>\n\n\n\n<li>insieme Region Bern (sous-organisation)<\/li>\n\n\n\n<li>Schweizerische Diabetes-Stiftung (sous-organisation)<\/li>\n<\/ul>\n\n\n\n<h2 class=\"wp-block-heading\" id=\"9\">Sans label de qualit\u00e9 depuis 2013<\/h2>\n\n\n\n<h3 class=\"wp-block-heading\">Pas de renouvellement du label de qualit\u00e9 Zewo<\/h3>\n\n\n\n<ul class=\"wp-block-list\">\n<li>Genossenschaft Geh\u00f6rlosenhilfe Z\u00fcrich (GGHZ)<\/li>\n\n\n\n<li>Rega \u2013 Schweiz. Rettungsflugwacht<\/li>\n\n\n\n<li>Schweizer Jugendherbergen<\/li>\n\n\n\n<li>Stiftung Vivendra<\/li>\n\n\n\n<li>Stiftung Freundeskreis Indien<\/li>\n\n\n\n<li>Wohnst\u00e4tten Zwyssig<br><\/li>\n<\/ul>\n\n\n\n<ul class=\"wp-block-list\">\n<li>Rheumaliga Fribourg (sous-organisation)<\/li>\n\n\n\n<li>Rheumaliga Tessin (sous-organisation)<\/li>\n\n\n\n<li>Paracelsus Spital Richterswil (sous-organisation)<\/li>\n\n\n\n<li>WWF St. Gallen (sous-organisation)<\/li>\n\n\n\n<li>Zweidihei Verein f\u00fcr Kinderbetreuung (sous-organisation)<\/li>\n<\/ul>\n\n\n\n<h2 class=\"wp-block-heading\" id=\"10\">Sans label de qualit\u00e9 depuis 2012<\/h2>\n\n\n\n<h3 class=\"wp-block-heading\">Pas de renouvellement du label de qualit\u00e9 Zewo<\/h3>\n\n\n\n<ul class=\"wp-block-list\">\n<li>Altersstiftung Eglisau<\/li>\n\n\n\n<li>Gesellschaft f\u00fcr bedrohte V\u00f6lker<\/li>\n\n\n\n<li>Insos<\/li>\n\n\n\n<li>Talerverkauf f\u00fcr Heimat und Naturschutz<\/li>\n<\/ul>\n\n\n\n<h2 class=\"wp-block-heading\" id=\"11\">Sans label de qualit\u00e9 depuis 2011<\/h2>\n\n\n\n<h3 class=\"wp-block-heading\">Pas de renouvellement du label de qualit\u00e9 Zewo<\/h3>\n\n\n\n<ul class=\"wp-block-list\">\n<li>Interessengemeinschaft Sozialpsychiatrie Bern<\/li>\n\n\n\n<li>IWB Integriertes Wohnen f\u00fcr Behinderte<\/li>\n\n\n\n<li>Katholischer F\u00fcrsorgeverein Baselland<\/li>\n\n\n\n<li>Pro Patria<\/li>\n\n\n\n<li>Schweiz. Liga gegen Epilepsie<\/li>\n\n\n\n<li>Solino<\/li>\n\n\n\n<li>Stiftung Kinderbetreuung im Hochschulraum Z\u00fcrich<\/li>\n\n\n\n<li>Zentrum Selbsthilfe<\/li>\n<\/ul>\n\n\n\n<ul class=\"wp-block-list\">\n<li>Berner Diabetes-Stiftung (sous-organisation)<\/li>\n\n\n\n<li>Diabetes-Gesellschaft Oberwallis&nbsp;(sous-organisation)<\/li>\n\n\n\n<li>La Main Tendue Gen\u00e8ve&nbsp;(sous-organisation)<\/li>\n\n\n\n<li>La Main Tendue Valaisanne (sous-organisation)<\/li>\n\n\n\n<li>Pro Filia Thurgau&nbsp;(sous-organisation)<\/li>\n\n\n\n<li>Procap Fribourg&nbsp;(sous-organisation)<\/li>\n\n\n\n<li>Rheumaliga Zug&nbsp;(sous-organisation)<\/li>\n\n\n\n<li>Stiftung der Diabetes-Gesellschaft Oberwallis&nbsp;(sous-organisation)<\/li>\n<\/ul>\n\n\n\n<h2 class=\"wp-block-heading\" id=\"12\">Ces OBNL conservent le label de qualit\u00e9<\/h2>\n\n\n\n<p>Gr\u00e2ce au <a href=\"https:\/\/zewo.ch\/fr\/label-de-qualite\/\">label de qualit\u00e9 Zewo<\/a>, les donatrices et donateurs savent imm\u00e9diatement que leur don est en bonnes mains. Ce label distingue les organisations s\u00e9rieuses qui utilisent les dons efficacement, conform\u00e9ment \u00e0 leur but et \u00e0 leurs ressources financi\u00e8res. La Zewo <a href=\"https:\/\/zewo.ch\/fr\/comment-parvenir-au-label-de-qualite-zewo\/se-soumettre-aux-controles-reguliers-et-eviter-les-sanctions\/\">contr\u00f4le<\/a> r\u00e9guli\u00e8rement les OBNL certifi\u00e9es<strong>.&nbsp;<\/strong>Vous trouverez la liste compl\u00e8te des OBNL b\u00e9n\u00e9ficiant du label de qualit\u00e9&nbsp;gr\u00e2ce \u00e0 l\u2019outil de <a href=\"https:\/\/zewo.ch\/fr\/npo-recherche\/\">recherche en ligne<\/a>.<\/p>\n\n\n\n<div class=\"wp-block-cgb-block-zewo-block-columns-container container bg-color-light-gray\"><div class=\"grid-x grid-margin-x\" data-columns=\"3\">\n<div class=\"cell small-12 medium-6\"><div class=\"wp-block-cgb-block-zewo-block-image-text-teaser ab-block-cta\"><div class=\"ab-cta-image-wrap bg-color-secondary\"><img decoding=\"async\" class=\"ab-cta-image\" src=\"https:\/\/zewo.ch\/wp-content\/uploads\/2019\/08\/10-conseils.png\" alt=\"5 conseils pour donner\"\/><\/div><div class=\"ab-cta-content\"><h2 class=\"ab-cta-title\">Les 10 conseils pour donner<\/h2><div class=\"ab-cta-text\">\n<p>D\u00e8s maintenant, prendre acte des 10 principales r\u00e8gles et faire des dons efficaces.<\/p>\n<\/div><\/div><div class=\"ab-cta-button\"><a href=\"\/fr\/les-5-regles-essentielles-pour-les-dons\/\" target=\"_self\" rel=\"noopener noreferrer\" class=\"button primary button-teaser\"><span class=\"button-arrow\"><\/span>Lire d\u00e8s maintenant les conseils pour donner<\/a><\/div><a href=\"\/fr\/les-5-regles-essentielles-pour-les-dons\/\" target=\"_self\" rel=\"noopener noreferrer\" class=\"button-teaser--is-full\"><\/a><\/div><\/div>\n\n\n\n<div class=\"cell small-12 medium-6\"><div class=\"wp-block-cgb-block-zewo-block-image-text-teaser ab-block-cta\"><div class=\"ab-cta-image-wrap bg-color-secondary\"><img decoding=\"async\" class=\"ab-cta-image\" src=\"https:\/\/zewo.ch\/wp-content\/uploads\/2019\/05\/wachhund.png\" alt=\"Vorsicht \u2013 hier warnt die Zewo vor intransparenten NPO\"\/><\/div><div class=\"ab-cta-content\"><h2 class=\"ab-cta-title\">Zewo d\u00e9conseille de faire des dons<\/h2><div class=\"ab-cta-text\">\n<p>Ces OBNL ne sont pas transparentes.<\/p>\n<\/div><\/div><div class=\"ab-cta-button\"><a href=\"\/fr\/zewo-deconseille-de-faire-des-dons\/\" target=\"_self\" rel=\"noopener noreferrer\" class=\"button primary button-teaser\"><span class=\"button-arrow\"><\/span>Informez-vous<\/a><\/div><a href=\"\/fr\/zewo-deconseille-de-faire-des-dons\/\" target=\"_self\" rel=\"noopener noreferrer\" class=\"button-teaser--is-full\"><\/a><\/div><\/div>\n\n\n\n<div class=\"cell small-12 medium-6\"><div class=\"wp-block-cgb-block-zewo-block-image-text-teaser ab-block-cta\"><div class=\"ab-cta-image-wrap bg-color-secondary\"><img decoding=\"async\" class=\"ab-cta-image\" src=\"https:\/\/zewo.ch\/wp-content\/uploads\/2019\/05\/ha\u0308ufige-fragen-7.png\" alt=\"H\u00e4ufige Fragen und Antworten rund ums Spenden\"\/><\/div><div class=\"ab-cta-content\"><h2 class=\"ab-cta-title\">Questions fr\u00e9quemment pos\u00e9es autour du don<\/h2><div class=\"ab-cta-text\">\n<p>Le guide de la Zewo renseigne sur le don<\/p>\n<\/div><\/div><div class=\"ab-cta-button\"><a href=\"\/fr\/questions-et-reponses\/\" target=\"_self\" rel=\"noopener noreferrer\" class=\"button primary button-teaser\"><span class=\"button-arrow\"><\/span>R\u00e9ponses autour du don<\/a><\/div><a href=\"\/fr\/questions-et-reponses\/\" target=\"_self\" rel=\"noopener noreferrer\" class=\"button-teaser--is-full\"><\/a><\/div><\/div>\n<\/div><\/div>\n","protected":false},"excerpt":{"rendered":"<p>Ces OBNL ne portent plus le label de qualit\u00e9 Zewo Les donatrices et donateurs peuvent voir en un coup d\u2019\u0153il quelles organisations ne portent plus le label de qualit\u00e9 Zewo. Ces OBNL ne sont plus soumises au contr\u00f4le de la Zewo, et ce pour des raisons vari\u00e9es. Si, en effectuant un contr\u00f4le, la Zewo constate [&hellip;]<\/p>\n","protected":false},"author":38,"featured_media":666082,"parent":0,"menu_order":100,"comment_status":"closed","ping_status":"closed","template":"","meta":{"_acf_changed":false,"footnotes":""},"folder":[6643],"class_list":["post-458747","page","type-page","status-publish","has-post-thumbnail","hentry"],"acf":[],"yoast_head":"<!-- This site is optimized with the Yoast SEO Premium plugin v26.0 (Yoast SEO v26.0) - https:\/\/yoast.com\/wordpress\/plugins\/seo\/ -->\n<title>Zewo<\/title>\n<meta name=\"description\" content=\"Aper\u00e7u des organisations qui ne portent plus le label de qualit\u00e9. Cela peut \u00eatre volontaire ou suite au refus de renouvellement par la Zewo.\" \/>\n<meta name=\"robots\" content=\"index, follow, max-snippet:-1, max-image-preview:large, max-video-preview:-1\" \/>\n<link rel=\"canonical\" href=\"https:\/\/zewo.ch\/fr\/sans-le-label-de-qualite-zewo\/\" \/>\n<meta property=\"og:locale\" content=\"fr_FR\" \/>\n<meta property=\"og:type\" content=\"article\" \/>\n<meta property=\"og:description\" content=\"Aper\u00e7u des organisations qui ne portent plus le label de qualit\u00e9. Cela peut \u00eatre volontaire ou suite au refus de renouvellement par la Zewo.\" \/>\n<meta property=\"og:url\" content=\"https:\/\/zewo.ch\/fr\/sans-le-label-de-qualite-zewo\/\" \/>\n<meta property=\"og:site_name\" content=\"Zewo\" \/>\n<meta property=\"article:publisher\" content=\"https:\/\/www.facebook.com\/Stiftung.ZEWO\/\" \/>\n<meta property=\"article:modified_time\" content=\"2026-01-05T13:48:08+00:00\" \/>\n<meta property=\"og:image\" content=\"https:\/\/zewo.ch\/wp-content\/uploads\/2019\/11\/shutterstock_1481495567_WP.jpg\" \/>\n\t<meta property=\"og:image:width\" content=\"2200\" \/>\n\t<meta property=\"og:image:height\" content=\"440\" \/>\n\t<meta property=\"og:image:type\" content=\"image\/jpeg\" \/>\n<meta name=\"twitter:card\" content=\"summary_large_image\" \/>\n<meta name=\"twitter:site\" content=\"@stiftung_zewo\" \/>\n<meta name=\"twitter:label1\" content=\"Dur\u00e9e de lecture estim\u00e9e\" \/>\n\t<meta name=\"twitter:data1\" content=\"18 minutes\" \/>\n<script type=\"application\/ld+json\" class=\"yoast-schema-graph\">{\"@context\":\"https:\/\/schema.org\",\"@graph\":[{\"@type\":\"WebPage\",\"@id\":\"https:\/\/zewo.ch\/fr\/sans-le-label-de-qualite-zewo\/#webpage\",\"url\":\"https:\/\/zewo.ch\/fr\/sans-le-label-de-qualite-zewo\/#webpage\",\"name\":\"\",\"isPartOf\":{\"@id\":\"https:\/\/zewo.ch\/fr\/#website\"},\"primaryImageOfPage\":{\"@id\":\"https:\/\/zewo.ch\/fr\/sans-le-label-de-qualite-zewo\/#primaryimage\"},\"image\":{\"@id\":\"https:\/\/zewo.ch\/fr\/sans-le-label-de-qualite-zewo\/#primaryimage\"},\"thumbnailUrl\":\"https:\/\/zewo.ch\/wp-content\/uploads\/2019\/11\/shutterstock_1481495567_WP.jpg\",\"datePublished\":\"2019-07-24T05:47:03+00:00\",\"dateModified\":\"2026-01-05T13:48:08+00:00\",\"description\":\"Aper\u00e7u des organisations qui ne portent plus le label de qualit\u00e9. Cela peut \u00eatre volontaire ou suite au refus de renouvellement par la Zewo.\",\"breadcrumb\":{\"@id\":\"https:\/\/zewo.ch\/fr\/sans-le-label-de-qualite-zewo\/#breadcrumb\"},\"inLanguage\":\"fr-FR\",\"potentialAction\":[{\"@type\":\"ReadAction\",\"target\":[\"https:\/\/zewo.ch\/fr\/sans-le-label-de-qualite-zewo\/\"]}]},{\"@type\":\"ImageObject\",\"inLanguage\":\"fr-FR\",\"@id\":\"https:\/\/zewo.ch\/fr\/sans-le-label-de-qualite-zewo\/#primaryimage\",\"url\":\"https:\/\/zewo.ch\/wp-content\/uploads\/2019\/11\/shutterstock_1481495567_WP.jpg\",\"contentUrl\":\"https:\/\/zewo.ch\/wp-content\/uploads\/2019\/11\/shutterstock_1481495567_WP.jpg\",\"width\":2200,\"height\":440},{\"@type\":\"BreadcrumbList\",\"@id\":\"https:\/\/zewo.ch\/fr\/sans-le-label-de-qualite-zewo\/#breadcrumb\",\"itemListElement\":[{\"@type\":\"ListItem\",\"position\":1,\"name\":\"Home\",\"item\":\"https:\/\/zewo.ch\/fr\/\"},{\"@type\":\"ListItem\",\"position\":2,\"name\":\"Sans le label de qualit\u00e9 Zewo\"}]},{\"@type\":\"WebSite\",\"@id\":\"https:\/\/zewo.ch\/fr\/#website\",\"url\":\"https:\/\/zewo.ch\/fr\/\",\"name\":\"Zewo\",\"description\":\"Votre don en bonnes mains.\",\"publisher\":{\"@id\":\"https:\/\/zewo.ch\/fr\/#organization\"},\"potentialAction\":[{\"@type\":\"SearchAction\",\"target\":{\"@type\":\"EntryPoint\",\"urlTemplate\":\"https:\/\/zewo.ch\/fr\/?s={search_term_string}\"},\"query-input\":{\"@type\":\"PropertyValueSpecification\",\"valueRequired\":true,\"valueName\":\"search_term_string\"}}],\"inLanguage\":\"fr-FR\"},{\"@type\":\"Organization\",\"@id\":\"https:\/\/zewo.ch\/fr\/#organization\",\"name\":\"Stiftung Zewo\",\"url\":\"https:\/\/zewo.ch\/fr\/\",\"logo\":{\"@type\":\"ImageObject\",\"inLanguage\":\"fr-FR\",\"@id\":\"https:\/\/zewo.ch\/fr\/#\/schema\/logo\/image\/\",\"url\":\"https:\/\/zewo.ch\/wp-content\/uploads\/2019\/08\/Zewo_Logo_Claim_D.svg\",\"contentUrl\":\"https:\/\/zewo.ch\/wp-content\/uploads\/2019\/08\/Zewo_Logo_Claim_D.svg\",\"width\":1,\"height\":1,\"caption\":\"Stiftung Zewo\"},\"image\":{\"@id\":\"https:\/\/zewo.ch\/fr\/#\/schema\/logo\/image\/\"},\"sameAs\":[\"https:\/\/www.facebook.com\/Stiftung.ZEWO\/\",\"https:\/\/x.com\/stiftung_zewo\",\"https:\/\/www.linkedin.com\/company\/stiftung-zewo\",\"https:\/\/www.youtube.com\/channel\/UCzjsVJro12OXcvvx1LQP8tw\",\"https:\/\/de.wikipedia.org\/wiki\/Zewo\"]}]}<\/script>\n<!-- \/ Yoast SEO Premium plugin. -->","yoast_head_json":{"title":"Zewo","description":"Aper\u00e7u des organisations qui ne portent plus le label de qualit\u00e9. Cela peut \u00eatre volontaire ou suite au refus de renouvellement par la Zewo.","robots":{"index":"index","follow":"follow","max-snippet":"max-snippet:-1","max-image-preview":"max-image-preview:large","max-video-preview":"max-video-preview:-1"},"canonical":"https:\/\/zewo.ch\/fr\/sans-le-label-de-qualite-zewo\/","og_locale":"fr_FR","og_type":"article","og_description":"Aper\u00e7u des organisations qui ne portent plus le label de qualit\u00e9. Cela peut \u00eatre volontaire ou suite au refus de renouvellement par la Zewo.","og_url":"https:\/\/zewo.ch\/fr\/sans-le-label-de-qualite-zewo\/","og_site_name":"Zewo","article_publisher":"https:\/\/www.facebook.com\/Stiftung.ZEWO\/","article_modified_time":"2026-01-05T13:48:08+00:00","og_image":[{"width":2200,"height":440,"url":"https:\/\/zewo.ch\/wp-content\/uploads\/2019\/11\/shutterstock_1481495567_WP.jpg","type":"image\/jpeg"}],"twitter_card":"summary_large_image","twitter_site":"@stiftung_zewo","twitter_misc":{"Dur\u00e9e de lecture estim\u00e9e":"18 minutes"},"schema":{"@context":"https:\/\/schema.org","@graph":[{"@type":"WebPage","@id":"https:\/\/zewo.ch\/fr\/sans-le-label-de-qualite-zewo\/#webpage","url":"https:\/\/zewo.ch\/fr\/sans-le-label-de-qualite-zewo\/#webpage","name":"","isPartOf":{"@id":"https:\/\/zewo.ch\/fr\/#website"},"primaryImageOfPage":{"@id":"https:\/\/zewo.ch\/fr\/sans-le-label-de-qualite-zewo\/#primaryimage"},"image":{"@id":"https:\/\/zewo.ch\/fr\/sans-le-label-de-qualite-zewo\/#primaryimage"},"thumbnailUrl":"https:\/\/zewo.ch\/wp-content\/uploads\/2019\/11\/shutterstock_1481495567_WP.jpg","datePublished":"2019-07-24T05:47:03+00:00","dateModified":"2026-01-05T13:48:08+00:00","description":"Aper\u00e7u des organisations qui ne portent plus le label de qualit\u00e9. Cela peut \u00eatre volontaire ou suite au refus de renouvellement par la Zewo.","breadcrumb":{"@id":"https:\/\/zewo.ch\/fr\/sans-le-label-de-qualite-zewo\/#breadcrumb"},"inLanguage":"fr-FR","potentialAction":[{"@type":"ReadAction","target":["https:\/\/zewo.ch\/fr\/sans-le-label-de-qualite-zewo\/"]}]},{"@type":"ImageObject","inLanguage":"fr-FR","@id":"https:\/\/zewo.ch\/fr\/sans-le-label-de-qualite-zewo\/#primaryimage","url":"https:\/\/zewo.ch\/wp-content\/uploads\/2019\/11\/shutterstock_1481495567_WP.jpg","contentUrl":"https:\/\/zewo.ch\/wp-content\/uploads\/2019\/11\/shutterstock_1481495567_WP.jpg","width":2200,"height":440},{"@type":"BreadcrumbList","@id":"https:\/\/zewo.ch\/fr\/sans-le-label-de-qualite-zewo\/#breadcrumb","itemListElement":[{"@type":"ListItem","position":1,"name":"Home","item":"https:\/\/zewo.ch\/fr\/"},{"@type":"ListItem","position":2,"name":"Sans le label de qualit\u00e9 Zewo"}]},{"@type":"WebSite","@id":"https:\/\/zewo.ch\/fr\/#website","url":"https:\/\/zewo.ch\/fr\/","name":"Zewo","description":"Votre don en bonnes mains.","publisher":{"@id":"https:\/\/zewo.ch\/fr\/#organization"},"potentialAction":[{"@type":"SearchAction","target":{"@type":"EntryPoint","urlTemplate":"https:\/\/zewo.ch\/fr\/?s={search_term_string}"},"query-input":{"@type":"PropertyValueSpecification","valueRequired":true,"valueName":"search_term_string"}}],"inLanguage":"fr-FR"},{"@type":"Organization","@id":"https:\/\/zewo.ch\/fr\/#organization","name":"Stiftung Zewo","url":"https:\/\/zewo.ch\/fr\/","logo":{"@type":"ImageObject","inLanguage":"fr-FR","@id":"https:\/\/zewo.ch\/fr\/#\/schema\/logo\/image\/","url":"https:\/\/zewo.ch\/wp-content\/uploads\/2019\/08\/Zewo_Logo_Claim_D.svg","contentUrl":"https:\/\/zewo.ch\/wp-content\/uploads\/2019\/08\/Zewo_Logo_Claim_D.svg","width":1,"height":1,"caption":"Stiftung Zewo"},"image":{"@id":"https:\/\/zewo.ch\/fr\/#\/schema\/logo\/image\/"},"sameAs":["https:\/\/www.facebook.com\/Stiftung.ZEWO\/","https:\/\/x.com\/stiftung_zewo","https:\/\/www.linkedin.com\/company\/stiftung-zewo","https:\/\/www.youtube.com\/channel\/UCzjsVJro12OXcvvx1LQP8tw","https:\/\/de.wikipedia.org\/wiki\/Zewo"]}]}},"publishpress_future_action":{"enabled":false,"date":"2026-04-23 11:00:06","action":"change-status","newStatus":"draft","terms":[],"taxonomy":"translation_priority","extraData":[]},"publishpress_future_workflow_manual_trigger":{"enabledWorkflows":[]},"_links":{"self":[{"href":"https:\/\/zewo.ch\/fr\/wp-json\/wp\/v2\/pages\/458747","targetHints":{"allow":["GET"]}}],"collection":[{"href":"https:\/\/zewo.ch\/fr\/wp-json\/wp\/v2\/pages"}],"about":[{"href":"https:\/\/zewo.ch\/fr\/wp-json\/wp\/v2\/types\/page"}],"author":[{"embeddable":true,"href":"https:\/\/zewo.ch\/fr\/wp-json\/wp\/v2\/users\/38"}],"replies":[{"embeddable":true,"href":"https:\/\/zewo.ch\/fr\/wp-json\/wp\/v2\/comments?post=458747"}],"version-history":[{"count":95,"href":"https:\/\/zewo.ch\/fr\/wp-json\/wp\/v2\/pages\/458747\/revisions"}],"predecessor-version":[{"id":5935328,"href":"https:\/\/zewo.ch\/fr\/wp-json\/wp\/v2\/pages\/458747\/revisions\/5935328"}],"wp:featuredmedia":[{"embeddable":true,"href":"https:\/\/zewo.ch\/fr\/wp-json\/wp\/v2\/media\/666082"}],"wp:attachment":[{"href":"https:\/\/zewo.ch\/fr\/wp-json\/wp\/v2\/media?parent=458747"}],"wp:term":[{"taxonomy":"folder","embeddable":true,"href":"https:\/\/zewo.ch\/fr\/wp-json\/wp\/v2\/folder?post=458747"}],"curies":[{"name":"wp","href":"https:\/\/api.w.org\/{rel}","templated":true}]}}