{"id":4582627,"date":"2020-11-17T09:30:24","date_gmt":"2020-11-17T08:30:24","guid":{"rendered":"https:\/\/zewo.ch\/?page_id=4582627"},"modified":"2023-11-03T16:49:06","modified_gmt":"2023-11-03T15:49:06","slug":"utilisation-des-dons","status":"publish","type":"page","link":"https:\/\/zewo.ch\/fr\/utilisation-des-dons\/","title":{"rendered":"Utilisation des dons"},"content":{"rendered":"\n<h2 class=\"wp-block-heading\" id=\"h-quelle-part-de-mes-dons-parvient-aux-projets-d-entraide\">Quelle part de mes dons parvient aux projets d\u2019entraide?<\/h2>\n\n\n\n<p><strong>La Suisse est solidaire. Y compris en mati\u00e8re de dons: en 2020, les organisations d&rsquo;entraide suisses ont re\u00e7u 2,05 milliard de francs de dons, un montant \u00e0 ce jour in\u00e9gal\u00e9<sup>1<\/sup>. Ces moyens sont importants car c\u2019est gr\u00e2ce \u00e0 eux que les organisations d\u2019utilit\u00e9 publique sont en mesure d\u2019aider. Mais quel pourcentage des dons parvient effectivement aux personnes concern\u00e9es?<\/strong><\/p>\n\n\n\n<h3 class=\"wp-block-heading\" id=\"h-plus-que-ce-que-beaucoup-de-personnes-pensent\">Plus que ce que beaucoup de personnes pensent<\/h3>\n\n\n\n<p>Les organisations d&rsquo;entraide titulaires du label de qualit\u00e9 Zewo consacrent en moyenne 81% de leurs moyens aux projets et prestations d\u2019aide. Elles utilisent en moyenne 12% de leurs ressources pour les t\u00e2ches administratives et 7% pour la collecte de fonds. Les d\u00e9clarations de certaines organisations affirmant que 100% de leurs dons sont consacr\u00e9s aux projets doivent \u00eatre consid\u00e9r\u00e9es d\u2019un \u0153il critique. En effet, chaque organisation digne de confiance doit s\u2019acquitter de t\u00e2ches administratives n\u00e9cessaires: par exemple pour tenir une comptabilit\u00e9 correcte et la contr\u00f4ler, pour publier des informations et des comptes-rendus ou encore pour collecter des dons. Ces t\u00e2ches peuvent \u00eatre financ\u00e9es par des dons ou par d\u2019autres revenus. L\u2019important, toutefois, est que la part des co\u00fbts inh\u00e9rents aux t\u00e2ches administratives reste raisonnable.<\/p>\n\n\n\n<h3 class=\"wp-block-heading\" id=\"h-combien-une-organisation-d-entraide-a-t-elle-le-droit-de-d-penser-en-charges-administratives\">Combien une organisation d&rsquo;entraide a-t-elle le droit de d\u00e9penser en charges administratives?<\/h3>\n\n\n\n<p>M\u00eame si les t\u00e2ches administratives sont n\u00e9cessaires, il y a certaines limites: au moins 65% des recettes de dons doivent \u00eatre utilis\u00e9es pour les prestations, pas plus de 25% pour la collecte de dons et la publicit\u00e9. Bien entendu, on ne peut pas comparer des pommes avec des poires. Les organisations d&rsquo;entraide sont en effet tr\u00e8s vari\u00e9es. Elles diff\u00e8rent fortement au niveau de leurs actions, de leur taille, de la r\u00e9partition de leurs t\u00e2ches au sein des r\u00e9seaux et de leur acc\u00e8s aux fonds publics. C\u2019est pourquoi la Zewo contr\u00f4le r\u00e9guli\u00e8rement les co\u00fbts des organisations d&rsquo;entraide titulaires du label de qualit\u00e9 Zewo et prend en compte ces facteurs d\u2019influence.<\/p>\n\n\n\n<h3 class=\"wp-block-heading\" id=\"h-votre-don-en-bonnes-mains\">Votre don en bonnes mains<\/h3>\n\n\n\n<p>Pour beaucoup, donner est une affaire de c\u0153ur. Et les personnes qui s\u2019informent au pr\u00e9alable savent que leur soutien arrive \u00e0 bon port. Envisagez-vous \u00e9galement de soutenir une organisation d&rsquo;entraide? Gr\u00e2ce \u00e0 ces <a href=\"\/fr\/les-5-regles-essentielles-pour-les-dons\/\">r\u00e8gles essentielles pour les dons<\/a>, votre don est en bonnes mains.<\/p>\n\n\n\n<p>Sources:<\/p>\n\n\n\n<ul class=\"wp-block-list\"><li><a href=\"\/fr\/statistiques-des-dons\/\">Zewo Statistiques des dons 2020<\/a><\/li><\/ul>\n\n\n\n<div class=\"wp-block-cgb-block-zewo-block-columns-container container bg-color-light-gray\"><div class=\"grid-x grid-margin-x\" data-columns=\"3\">\n<div class=\"cell small-12 medium-6\"><div class=\"wp-block-cgb-block-zewo-block-image-text-teaser ab-block-cta\"><div class=\"ab-cta-image-wrap bg-color-secondary\"><img decoding=\"async\" class=\"ab-cta-image\" src=\"https:\/\/zewo.ch\/wp-content\/uploads\/2019\/05\/wachhund.png\" alt=\"Vorsicht \u2013 hier warnt die Zewo vor intransparenten NPO\"\/><\/div><div class=\"ab-cta-content\"><h2 class=\"ab-cta-title\">Zewo d\u00e9conseille de faire des dons<\/h2><div class=\"ab-cta-text\">\n<p>Ces OBNL ne sont pas transparentes.<\/p>\n<\/div><\/div><div class=\"ab-cta-button\"><a href=\"\/fr\/zewo-deconseille-de-faire-des-dons\/\" target=\"_self\" rel=\"noopener noreferrer\" class=\"button primary button-teaser\"><span class=\"button-arrow\"><\/span>Informez-vous<\/a><\/div><a href=\"\/fr\/zewo-deconseille-de-faire-des-dons\/\" target=\"_self\" rel=\"noopener noreferrer\" class=\"button-teaser--is-full\"><\/a><\/div><\/div>\n\n\n\n\n\n<div class=\"cell small-12 medium-6\"><div class=\"wp-block-cgb-block-zewo-block-image-text-teaser ab-block-cta\"><div class=\"ab-cta-image-wrap bg-color-secondary\"><img decoding=\"async\" class=\"ab-cta-image\" src=\"https:\/\/zewo.ch\/wp-content\/uploads\/2019\/08\/10-conseils.png\" alt=\"5 conseils pour donner\"\/><\/div><div class=\"ab-cta-content\"><h2 class=\"ab-cta-title\">Les 10 conseils pour donner<\/h2><div class=\"ab-cta-text\">\n<p>D\u00e8s maintenant, prendre acte des 10 principales r\u00e8gles et faire des dons efficaces.<\/p>\n<\/div><\/div><div class=\"ab-cta-button\"><a href=\"\/fr\/les-5-regles-essentielles-pour-les-dons\/\" target=\"_self\" rel=\"noopener noreferrer\" class=\"button primary button-teaser\"><span class=\"button-arrow\"><\/span>Lire d\u00e8s maintenant les conseils pour donner<\/a><\/div><a href=\"\/fr\/les-5-regles-essentielles-pour-les-dons\/\" target=\"_self\" rel=\"noopener noreferrer\" class=\"button-teaser--is-full\"><\/a><\/div><\/div>\n<\/div><\/div>\n","protected":false},"excerpt":{"rendered":"<p>Quelle part de mes dons parvient aux projets d\u2019entraide? La Suisse est solidaire. Y compris en mati\u00e8re de dons: en 2020, les organisations d&rsquo;entraide suisses ont re\u00e7u 2,05 milliard de francs de dons, un montant \u00e0 ce jour in\u00e9gal\u00e91. Ces moyens sont importants car c\u2019est gr\u00e2ce \u00e0 eux que les organisations d\u2019utilit\u00e9 publique sont en [&hellip;]<\/p>\n","protected":false},"author":38,"featured_media":4580648,"parent":0,"menu_order":0,"comment_status":"closed","ping_status":"closed","template":"","meta":{"_acf_changed":false,"footnotes":""},"folder":[6643],"class_list":["post-4582627","page","type-page","status-publish","has-post-thumbnail","hentry"],"acf":[],"yoast_head":"<!-- This site is optimized with the Yoast SEO Premium plugin v26.0 (Yoast SEO v26.0) - https:\/\/yoast.com\/wordpress\/plugins\/seo\/ -->\n<title>Zewo<\/title>\n<meta name=\"description\" content=\"La Suisse est solidaire. En 2019, les \u0153uvres de bienfaisance suisses ont re\u00e7u 1,91 milliard de francs de dons, un montant \u00e0 ce jour in\u00e9gal\u00e9.\" \/>\n<meta name=\"robots\" content=\"index, follow, max-snippet:-1, max-image-preview:large, max-video-preview:-1\" \/>\n<link rel=\"canonical\" href=\"https:\/\/zewo.ch\/fr\/utilisation-des-dons\/\" \/>\n<meta property=\"og:locale\" content=\"fr_FR\" \/>\n<meta property=\"og:type\" content=\"article\" \/>\n<meta property=\"og:description\" content=\"La Suisse est solidaire. En 2019, les \u0153uvres de bienfaisance suisses ont re\u00e7u 1,91 milliard de francs de dons, un montant \u00e0 ce jour in\u00e9gal\u00e9.\" \/>\n<meta property=\"og:url\" content=\"https:\/\/zewo.ch\/fr\/utilisation-des-dons\/\" \/>\n<meta property=\"og:site_name\" content=\"Zewo\" \/>\n<meta property=\"article:publisher\" content=\"https:\/\/www.facebook.com\/Stiftung.ZEWO\/\" \/>\n<meta property=\"article:modified_time\" content=\"2023-11-03T15:49:06+00:00\" \/>\n<meta property=\"og:image\" content=\"https:\/\/zewo.ch\/wp-content\/uploads\/2020\/11\/bild-wasser-hand.jpg\" \/>\n\t<meta property=\"og:image:width\" content=\"2200\" \/>\n\t<meta property=\"og:image:height\" content=\"440\" \/>\n\t<meta property=\"og:image:type\" content=\"image\/jpeg\" \/>\n<meta name=\"twitter:card\" content=\"summary_large_image\" \/>\n<meta name=\"twitter:site\" content=\"@stiftung_zewo\" \/>\n<meta name=\"twitter:label1\" content=\"Dur\u00e9e de lecture estim\u00e9e\" \/>\n\t<meta name=\"twitter:data1\" content=\"2 minutes\" \/>\n<script type=\"application\/ld+json\" class=\"yoast-schema-graph\">{\"@context\":\"https:\/\/schema.org\",\"@graph\":[{\"@type\":\"WebPage\",\"@id\":\"https:\/\/zewo.ch\/fr\/utilisation-des-dons\/#webpage\",\"url\":\"https:\/\/zewo.ch\/fr\/utilisation-des-dons\/#webpage\",\"name\":\"\",\"isPartOf\":{\"@id\":\"https:\/\/zewo.ch\/fr\/#website\"},\"primaryImageOfPage\":{\"@id\":\"https:\/\/zewo.ch\/fr\/utilisation-des-dons\/#primaryimage\"},\"image\":{\"@id\":\"https:\/\/zewo.ch\/fr\/utilisation-des-dons\/#primaryimage\"},\"thumbnailUrl\":\"https:\/\/zewo.ch\/wp-content\/uploads\/2020\/11\/bild-wasser-hand.jpg\",\"datePublished\":\"2020-11-17T08:30:24+00:00\",\"dateModified\":\"2023-11-03T15:49:06+00:00\",\"description\":\"La Suisse est solidaire. En 2019, les \u0153uvres de bienfaisance suisses ont re\u00e7u 1,91 milliard de francs de dons, un montant \u00e0 ce jour in\u00e9gal\u00e9.\",\"breadcrumb\":{\"@id\":\"https:\/\/zewo.ch\/fr\/utilisation-des-dons\/#breadcrumb\"},\"inLanguage\":\"fr-FR\",\"potentialAction\":[{\"@type\":\"ReadAction\",\"target\":[\"https:\/\/zewo.ch\/fr\/utilisation-des-dons\/\"]}]},{\"@type\":\"ImageObject\",\"inLanguage\":\"fr-FR\",\"@id\":\"https:\/\/zewo.ch\/fr\/utilisation-des-dons\/#primaryimage\",\"url\":\"https:\/\/zewo.ch\/wp-content\/uploads\/2020\/11\/bild-wasser-hand.jpg\",\"contentUrl\":\"https:\/\/zewo.ch\/wp-content\/uploads\/2020\/11\/bild-wasser-hand.jpg\",\"width\":2200,\"height\":440},{\"@type\":\"BreadcrumbList\",\"@id\":\"https:\/\/zewo.ch\/fr\/utilisation-des-dons\/#breadcrumb\",\"itemListElement\":[{\"@type\":\"ListItem\",\"position\":1,\"name\":\"Home\",\"item\":\"https:\/\/zewo.ch\/fr\/\"},{\"@type\":\"ListItem\",\"position\":2,\"name\":\"Utilisation des dons\"}]},{\"@type\":\"WebSite\",\"@id\":\"https:\/\/zewo.ch\/fr\/#website\",\"url\":\"https:\/\/zewo.ch\/fr\/\",\"name\":\"Zewo\",\"description\":\"Votre don en bonnes mains.\",\"publisher\":{\"@id\":\"https:\/\/zewo.ch\/fr\/#organization\"},\"potentialAction\":[{\"@type\":\"SearchAction\",\"target\":{\"@type\":\"EntryPoint\",\"urlTemplate\":\"https:\/\/zewo.ch\/fr\/?s={search_term_string}\"},\"query-input\":{\"@type\":\"PropertyValueSpecification\",\"valueRequired\":true,\"valueName\":\"search_term_string\"}}],\"inLanguage\":\"fr-FR\"},{\"@type\":\"Organization\",\"@id\":\"https:\/\/zewo.ch\/fr\/#organization\",\"name\":\"Stiftung Zewo\",\"url\":\"https:\/\/zewo.ch\/fr\/\",\"logo\":{\"@type\":\"ImageObject\",\"inLanguage\":\"fr-FR\",\"@id\":\"https:\/\/zewo.ch\/fr\/#\/schema\/logo\/image\/\",\"url\":\"https:\/\/zewo.ch\/wp-content\/uploads\/2019\/08\/Zewo_Logo_Claim_D.svg\",\"contentUrl\":\"https:\/\/zewo.ch\/wp-content\/uploads\/2019\/08\/Zewo_Logo_Claim_D.svg\",\"width\":1,\"height\":1,\"caption\":\"Stiftung Zewo\"},\"image\":{\"@id\":\"https:\/\/zewo.ch\/fr\/#\/schema\/logo\/image\/\"},\"sameAs\":[\"https:\/\/www.facebook.com\/Stiftung.ZEWO\/\",\"https:\/\/x.com\/stiftung_zewo\",\"https:\/\/www.linkedin.com\/company\/stiftung-zewo\",\"https:\/\/www.youtube.com\/channel\/UCzjsVJro12OXcvvx1LQP8tw\",\"https:\/\/de.wikipedia.org\/wiki\/Zewo\"]}]}<\/script>\n<!-- \/ Yoast SEO Premium plugin. -->","yoast_head_json":{"title":"Zewo","description":"La Suisse est solidaire. En 2019, les \u0153uvres de bienfaisance suisses ont re\u00e7u 1,91 milliard de francs de dons, un montant \u00e0 ce jour in\u00e9gal\u00e9.","robots":{"index":"index","follow":"follow","max-snippet":"max-snippet:-1","max-image-preview":"max-image-preview:large","max-video-preview":"max-video-preview:-1"},"canonical":"https:\/\/zewo.ch\/fr\/utilisation-des-dons\/","og_locale":"fr_FR","og_type":"article","og_description":"La Suisse est solidaire. En 2019, les \u0153uvres de bienfaisance suisses ont re\u00e7u 1,91 milliard de francs de dons, un montant \u00e0 ce jour in\u00e9gal\u00e9.","og_url":"https:\/\/zewo.ch\/fr\/utilisation-des-dons\/","og_site_name":"Zewo","article_publisher":"https:\/\/www.facebook.com\/Stiftung.ZEWO\/","article_modified_time":"2023-11-03T15:49:06+00:00","og_image":[{"width":2200,"height":440,"url":"https:\/\/zewo.ch\/wp-content\/uploads\/2020\/11\/bild-wasser-hand.jpg","type":"image\/jpeg"}],"twitter_card":"summary_large_image","twitter_site":"@stiftung_zewo","twitter_misc":{"Dur\u00e9e de lecture estim\u00e9e":"2 minutes"},"schema":{"@context":"https:\/\/schema.org","@graph":[{"@type":"WebPage","@id":"https:\/\/zewo.ch\/fr\/utilisation-des-dons\/#webpage","url":"https:\/\/zewo.ch\/fr\/utilisation-des-dons\/#webpage","name":"","isPartOf":{"@id":"https:\/\/zewo.ch\/fr\/#website"},"primaryImageOfPage":{"@id":"https:\/\/zewo.ch\/fr\/utilisation-des-dons\/#primaryimage"},"image":{"@id":"https:\/\/zewo.ch\/fr\/utilisation-des-dons\/#primaryimage"},"thumbnailUrl":"https:\/\/zewo.ch\/wp-content\/uploads\/2020\/11\/bild-wasser-hand.jpg","datePublished":"2020-11-17T08:30:24+00:00","dateModified":"2023-11-03T15:49:06+00:00","description":"La Suisse est solidaire. En 2019, les \u0153uvres de bienfaisance suisses ont re\u00e7u 1,91 milliard de francs de dons, un montant \u00e0 ce jour in\u00e9gal\u00e9.","breadcrumb":{"@id":"https:\/\/zewo.ch\/fr\/utilisation-des-dons\/#breadcrumb"},"inLanguage":"fr-FR","potentialAction":[{"@type":"ReadAction","target":["https:\/\/zewo.ch\/fr\/utilisation-des-dons\/"]}]},{"@type":"ImageObject","inLanguage":"fr-FR","@id":"https:\/\/zewo.ch\/fr\/utilisation-des-dons\/#primaryimage","url":"https:\/\/zewo.ch\/wp-content\/uploads\/2020\/11\/bild-wasser-hand.jpg","contentUrl":"https:\/\/zewo.ch\/wp-content\/uploads\/2020\/11\/bild-wasser-hand.jpg","width":2200,"height":440},{"@type":"BreadcrumbList","@id":"https:\/\/zewo.ch\/fr\/utilisation-des-dons\/#breadcrumb","itemListElement":[{"@type":"ListItem","position":1,"name":"Home","item":"https:\/\/zewo.ch\/fr\/"},{"@type":"ListItem","position":2,"name":"Utilisation des dons"}]},{"@type":"WebSite","@id":"https:\/\/zewo.ch\/fr\/#website","url":"https:\/\/zewo.ch\/fr\/","name":"Zewo","description":"Votre don en bonnes mains.","publisher":{"@id":"https:\/\/zewo.ch\/fr\/#organization"},"potentialAction":[{"@type":"SearchAction","target":{"@type":"EntryPoint","urlTemplate":"https:\/\/zewo.ch\/fr\/?s={search_term_string}"},"query-input":{"@type":"PropertyValueSpecification","valueRequired":true,"valueName":"search_term_string"}}],"inLanguage":"fr-FR"},{"@type":"Organization","@id":"https:\/\/zewo.ch\/fr\/#organization","name":"Stiftung Zewo","url":"https:\/\/zewo.ch\/fr\/","logo":{"@type":"ImageObject","inLanguage":"fr-FR","@id":"https:\/\/zewo.ch\/fr\/#\/schema\/logo\/image\/","url":"https:\/\/zewo.ch\/wp-content\/uploads\/2019\/08\/Zewo_Logo_Claim_D.svg","contentUrl":"https:\/\/zewo.ch\/wp-content\/uploads\/2019\/08\/Zewo_Logo_Claim_D.svg","width":1,"height":1,"caption":"Stiftung Zewo"},"image":{"@id":"https:\/\/zewo.ch\/fr\/#\/schema\/logo\/image\/"},"sameAs":["https:\/\/www.facebook.com\/Stiftung.ZEWO\/","https:\/\/x.com\/stiftung_zewo","https:\/\/www.linkedin.com\/company\/stiftung-zewo","https:\/\/www.youtube.com\/channel\/UCzjsVJro12OXcvvx1LQP8tw","https:\/\/de.wikipedia.org\/wiki\/Zewo"]}]}},"publishpress_future_action":{"enabled":false,"date":"2026-04-25 11:10:39","action":"change-status","newStatus":"draft","terms":[],"taxonomy":"translation_priority","extraData":[]},"publishpress_future_workflow_manual_trigger":{"enabledWorkflows":[]},"_links":{"self":[{"href":"https:\/\/zewo.ch\/fr\/wp-json\/wp\/v2\/pages\/4582627","targetHints":{"allow":["GET"]}}],"collection":[{"href":"https:\/\/zewo.ch\/fr\/wp-json\/wp\/v2\/pages"}],"about":[{"href":"https:\/\/zewo.ch\/fr\/wp-json\/wp\/v2\/types\/page"}],"author":[{"embeddable":true,"href":"https:\/\/zewo.ch\/fr\/wp-json\/wp\/v2\/users\/38"}],"replies":[{"embeddable":true,"href":"https:\/\/zewo.ch\/fr\/wp-json\/wp\/v2\/comments?post=4582627"}],"version-history":[{"count":6,"href":"https:\/\/zewo.ch\/fr\/wp-json\/wp\/v2\/pages\/4582627\/revisions"}],"predecessor-version":[{"id":5801461,"href":"https:\/\/zewo.ch\/fr\/wp-json\/wp\/v2\/pages\/4582627\/revisions\/5801461"}],"wp:featuredmedia":[{"embeddable":true,"href":"https:\/\/zewo.ch\/fr\/wp-json\/wp\/v2\/media\/4580648"}],"wp:attachment":[{"href":"https:\/\/zewo.ch\/fr\/wp-json\/wp\/v2\/media?parent=4582627"}],"wp:term":[{"taxonomy":"folder","embeddable":true,"href":"https:\/\/zewo.ch\/fr\/wp-json\/wp\/v2\/folder?post=4582627"}],"curies":[{"name":"wp","href":"https:\/\/api.w.org\/{rel}","templated":true}]}}