{"id":449440,"date":"2019-04-01T11:39:55","date_gmt":"2019-04-01T09:39:55","guid":{"rendered":"https:\/\/www.zewo.ch\/?page_id=449440"},"modified":"2025-02-19T16:38:02","modified_gmt":"2025-02-19T15:38:02","slug":"npo","status":"publish","type":"page","link":"https:\/\/zewo.ch\/fr\/npo\/","title":{"rendered":"NPO"},"content":{"rendered":"\n<h2 class=\"wp-block-heading\" id=\"h-le-label-de-qualite-zewo-aide-votre-organisation-a-collecter-des-dons\">Le label de qualit\u00e9 Zewo aide votre organisation \u00e0 collecter des dons<\/h2>\n\n\n\n<p><strong>Les OBNL d\u2019utilit\u00e9 publique d\u00e9pendent de la confiance que leur accordent les donatrices et donateurs. Le label de qualit\u00e9 Zewo certifie que votre OBNL m\u00e9rite cette confiance et l\u2019aide \u00e0 recueillir des dons. Il donne \u00e9galement acc\u00e8s \u00e0 des rabais int\u00e9ressants et \u00e0 de nombreux services pour les OBNL.<\/strong><\/p>\n\n\n\n<p>Seules les OBNL qui se soumettent \u00e0 un examen minutieux et respectent les <a href=\"\/fr\/apercu-des-21-normes-zewo-condense-et-clair\/\">21&nbsp;normes Zewo<\/a> re\u00e7oivent le pr\u00e9cieux label de qualit\u00e9. Et leurs efforts sont r\u00e9compens\u00e9s. Car les OBNL qui acceptent et r\u00e9ussissent ce contr\u00f4le sont cr\u00e9dibles.<\/p>\n\n\n\n<p>Vous \u00eates une OBNL et vous souhaitez savoir quel chemin il vous reste \u00e0 parcourir pour obtenir le label de qualit\u00e9? R\u00e9alisez <a href=\"\/fr\/comment-parvenir-au-label-de-qualite-zewo\/autotest\/\">l\u2019autotest<\/a> et demandez une <a href=\"\/fr\/comment-parvenir-au-label-de-qualite-zewo\/solliciter-une-estimation-sans-engagement\/\">estimation sans engagement<\/a>. Vous pourrez ainsi vous pr\u00e9parer de fa\u00e7on optimale \u00e0 la certification, ce qui all\u00e8gera le processus en r\u00e9duisant le d\u00e9lai entre la demande de certification et <a href=\"\/fr\/comment-parvenir-au-label-de-qualite-zewo\/demander-un-examen-complet\/\">la r\u00e9ussite de l\u2019examen<\/a>.<\/p>\n\n\n\n<h2 class=\"wp-block-heading\" id=\"h-comment-parvenir-au-label-de-qualite-zewo\">Comment parvenir au label de qualit\u00e9 Zewo<\/h2>\n\n\n\n<div class=\"wp-block-cgb-block-zewo-block-columns-container container bg-color-light-gray\"><div class=\"grid-x grid-margin-x\" data-columns=\"3\">\n<div class=\"cell small-12 medium-6\"><div class=\"wp-block-cgb-block-zewo-block-image-teaser ab-block-cta bg-color-secondary\"><div class=\"ab-cta-content\"><h2 class=\"ab-cta-title\">Solliciter une estimation sans engagement<\/h2><\/div><div class=\"ab-cta-button\"><a href=\"\/fr\/comment-parvenir-au-label-de-qualite-zewo\/solliciter-une-estimation-sans-engagement\/\" target=\"_self\" rel=\"noopener noreferrer\" class=\"button primary button-teaser\"><span class=\"button-arrow\"><\/span>Sollicitez une estimation sans engagement<\/a><\/div><a href=\"\/fr\/comment-parvenir-au-label-de-qualite-zewo\/solliciter-une-estimation-sans-engagement\/\" target=\"_self\" rel=\"noopener noreferrer\" class=\"button-teaser--is-full\"><\/a><\/div><\/div>\n\n\n\n<div class=\"cell small-12 medium-6\"><div class=\"wp-block-cgb-block-zewo-block-image-teaser ab-block-cta bg-color-secondary\"><div class=\"ab-cta-content\"><h2 class=\"ab-cta-title\">Comment parvenir au label de qualit\u00e9 Zewo<strong> <\/strong><\/h2><\/div><div class=\"ab-cta-button\"><a href=\"\/fr\/comment-parvenir-au-label-de-qualite-zewo\/\" target=\"_self\" rel=\"noopener noreferrer\" class=\"button primary button-teaser\"><span class=\"button-arrow\"><\/span>Aper\u00e7u de la proc\u00e9dure<\/a><\/div><a href=\"\/fr\/comment-parvenir-au-label-de-qualite-zewo\/\" target=\"_self\" rel=\"noopener noreferrer\" class=\"button-teaser--is-full\"><\/a><\/div><\/div>\n\n\n<\/div><\/div>\n\n\n\n<h2 class=\"wp-block-heading\" id=\"h-avantages-et-rabais-pour-les-obnl\">Avantages et rabais pour les OBNL<\/h2>\n\n\n\n<p>Les OBNL certifi\u00e9es ont acc\u00e8s \u00e0 des offres\nint\u00e9ressantes et \u00e0 un \u00e9ventail de services. Elles peuvent \u00e9galement se tenir au\ncourant des actualit\u00e9s li\u00e9es aux normes Zewo et aux dons.<\/p>\n\n\n\n<div class=\"wp-block-cgb-block-zewo-block-columns-container container bg-color-light-gray\"><div class=\"grid-x grid-margin-x\" data-columns=\"3\">\n<div class=\"cell small-12 medium-6\"><div class=\"wp-block-cgb-block-zewo-block-image-text-teaser ab-block-cta\"><div class=\"ab-cta-image-wrap bg-color-secondary\"><img decoding=\"async\" class=\"ab-cta-image\" src=\"https:\/\/zewo.ch\/wp-content\/uploads\/2019\/09\/Gu\u0308tesiegel-1.png\" alt=\"Zewo-G\u00fctesiegel\"\/><\/div><div class=\"ab-cta-content\"><h2 class=\"ab-cta-title\"><strong>Le label de qualit\u00e9: un vrai plus<\/strong><\/h2><div class=\"ab-cta-text\">\n<p>Le label de qualit\u00e9 Zewo n\u2019aide pas seulement les donateurs et les donatrices \u00e0 s\u2019y retrouver. Il donne \u00e9galement acc\u00e8s \u00e0 de nombreux avantages et rabais pour les OBNL certifi\u00e9es.<\/p>\n<\/div><\/div><div class=\"ab-cta-button\"><a href=\"https:\/\/zewo.ch\/fr\/avantages-pour-les-organisations-titulaires-du-label-de-qualite-zewo\/\" target=\"_self\" rel=\"noopener noreferrer\" class=\"button primary button-teaser\"><span class=\"button-arrow\"><\/span>Voir les offres<\/a><\/div><a href=\"https:\/\/zewo.ch\/fr\/avantages-pour-les-organisations-titulaires-du-label-de-qualite-zewo\/\" target=\"_self\" rel=\"noopener noreferrer\" class=\"button-teaser--is-full\"><\/a><\/div><\/div>\n\n\n\n<div class=\"cell small-12 medium-6\"><div class=\"wp-block-cgb-block-zewo-block-image-text-teaser ab-block-cta\"><div class=\"ab-cta-image-wrap bg-color-secondary\"><img decoding=\"async\" class=\"ab-cta-image\" src=\"https:\/\/zewo.ch\/wp-content\/uploads\/2024\/06\/Bild_Zewo_Tagung24_F.png\" alt=\"Image Congr\u00e8s Zewo 2024\"\/><\/div><div class=\"ab-cta-content\"><h2 class=\"ab-cta-title\">Congr\u00e8s Zewo<\/h2><div class=\"ab-cta-text\">\n<p>Le congr\u00e8s Zewo offre aux OBNL une plateforme unique pour rester au fait des derni\u00e8res tendances et \u00e9changer avec des coll\u00e8gues d\u2019autres organisations. Ne manquez pas cet \u00e9v\u00e9nement.<\/p>\n<\/div><\/div><div class=\"ab-cta-button\"><a href=\"\/fr\/congres-zewo\/\" target=\"_self\" rel=\"noopener noreferrer\" class=\"button primary button-teaser\"><span class=\"button-arrow\"><\/span>Plus d\u2019informations<\/a><\/div><a href=\"\/fr\/congres-zewo\/\" target=\"_self\" rel=\"noopener noreferrer\" class=\"button-teaser--is-full\"><\/a><\/div><\/div>\n\n\n\n<div class=\"cell small-12 medium-6\"><div class=\"wp-block-cgb-block-zewo-block-image-text-teaser ab-block-cta\"><div class=\"ab-cta-image-wrap bg-color-secondary\"><img decoding=\"async\" class=\"ab-cta-image\" src=\"https:\/\/zewo.ch\/wp-content\/uploads\/2019\/08\/Spendenland-CH-2017-900px.png\" alt=\"Spendenland Schweiz\"\/><\/div><div class=\"ab-cta-content\"><h2 class=\"ab-cta-title\">Statistiques des dons<\/h2><div class=\"ab-cta-text\">\n<p>La Suisse, un pays donateur<\/p>\n<\/div><\/div><div class=\"ab-cta-button\"><a href=\"\/fr\/statistiques-des-dons\/\" target=\"_self\" rel=\"noopener noreferrer\" class=\"button primary button-teaser\"><span class=\"button-arrow\"><\/span>En savoir plus<\/a><\/div><a href=\"\/fr\/statistiques-des-dons\/\" target=\"_self\" rel=\"noopener noreferrer\" class=\"button-teaser--is-full\"><\/a><\/div><\/div>\n<\/div><\/div>\n\n\n\n<h2 class=\"wp-block-heading\" id=\"h-actualites-pour-les-obnl\"><strong>Actualit\u00e9s pour les OBNL<\/strong><\/h2>\n\n\n<div class=\"wp-block-cgb-block-zewo-block-columns-container container bg-color-light-gray margin-top-3 margin-bottom-2 wp-block--latest-posts\"><div class=\"grid-x grid-margin-x\"><div class=\"cell small-12 medium-6 large-4\"><div class=\"wp-block-cgb-block-zewo-block-image-text-teaser ab-block-cta\"><div class=\"ab-cta-image-wrap bg-color-secondary\"><img loading=\"lazy\" decoding=\"async\" width=\"600\" height=\"400\" src=\"https:\/\/zewo.ch\/wp-content\/uploads\/2026\/04\/Spendenprognose_2025_F.png\" class=\"alm-thumbnail ab-cta-image wp-post-image\" alt=\"\" srcset=\"https:\/\/zewo.ch\/wp-content\/uploads\/2026\/04\/Spendenprognose_2025_F.png 600w, https:\/\/zewo.ch\/wp-content\/uploads\/2026\/04\/Spendenprognose_2025_F-300x200.png 300w\" sizes=\"auto, (min-width: 960px) 75vw, 100vw\" \/><\/div><div class=\"ab-cta-content\"><h2 class=\"ab-cta-title\">Pr\u00e9visions des dons 2025 : volume de dons stable \u2013 contexte en mutation<\/h2><div class=\"ab-cta-text\">Les dons en Suisse se maintiennent \u00e0 un niveau \u00e9lev\u00e9. Pour 2025, les pr\u00e9visions de la Zewo tablent sur un total d\u2019environ 2,3 milliards de francs, soit l\u00e9g\u00e8rement plus que l\u2019ann\u00e9e pr\u00e9c\u00e9dente. Dans le m\u00eame temps, la composition des dons \u00e9volue : alors que les contributions des m\u00e9nages priv\u00e9s et les legs reculent l\u00e9g\u00e8rement, les dons institutionnels augmentent nettement.<\/div><\/div><div class=\"ab-cta-button\"><a href=\"https:\/\/zewo.ch\/fr\/news-previsions-des-dons-2025-volume-de-dons-stable-contexte-en-mutation\/\" target=\"_self\" rel=\"noopener noreferrer\" class=\"button primary button-teaser\"><span class=\"button-arrow\"><\/span>En savoir plus<\/a><span class=\"entry-meta\">7.4.26<\/span><\/div><a href=\"https:\/\/zewo.ch\/fr\/news-previsions-des-dons-2025-volume-de-dons-stable-contexte-en-mutation\/\" target=\"_self\" rel=\"noopener noreferrer\" class=\"button-teaser--is-full\"><\/a><\/div><\/div><div class=\"cell small-12 medium-6 large-4\"><div class=\"wp-block-cgb-block-zewo-block-image-text-teaser ab-block-cta\"><div class=\"ab-cta-image-wrap bg-color-secondary\"><img loading=\"lazy\" decoding=\"async\" width=\"600\" height=\"400\" src=\"https:\/\/zewo.ch\/wp-content\/uploads\/2026\/01\/Bild_QA-Expert_Suisse_FR.png\" class=\"alm-thumbnail ab-cta-image wp-post-image\" alt=\"Bild Q&amp;A Expert Suisse FR\" srcset=\"https:\/\/zewo.ch\/wp-content\/uploads\/2026\/01\/Bild_QA-Expert_Suisse_FR.png 600w, https:\/\/zewo.ch\/wp-content\/uploads\/2026\/01\/Bild_QA-Expert_Suisse_FR-300x200.png 300w\" sizes=\"auto, (min-width: 960px) 75vw, 100vw\" \/><\/div><div class=\"ab-cta-content\"><h2 class=\"ab-cta-title\">\u00c9tablir et v\u00e9rifier les comptes annuels en toute s\u00e9curit\u00e9 : Q&amp;A actualis\u00e9s sur la norme Swiss GAAP RPC 21<\/h2><div class=\"ab-cta-text\">La Fondation Zewo et EXPERTsuisse ont r\u00e9vis\u00e9 et actualis\u00e9 le Q&#038;A sur la pr\u00e9sentation et la v\u00e9rification des comptes annuels selon la norme Swiss GAAP RPC 21 (version janvier 2026).\nCe document contient des questions et r\u00e9ponses pratiques sur l&rsquo;\u00e9tablissement et la v\u00e9rification des comptes annuels des organisations d&rsquo;entraide selon Swiss GAAP RPC 21. \n\nIl constitue un outil de travail actuel et fiable pour l&rsquo;\u00e9tablissement et la v\u00e9rification de vos comptes annuels 2025.<\/div><\/div><div class=\"ab-cta-button\"><a href=\"https:\/\/zewo.ch\/fr\/news-nouvelles-questions-reponses-au-sujet-de-la-norme-la-zewo-13-rapport-annuel\/\" target=\"_self\" rel=\"noopener noreferrer\" class=\"button primary button-teaser\"><span class=\"button-arrow\"><\/span>En savoir plus<\/a><span class=\"entry-meta\">13.1.26<\/span><\/div><a href=\"https:\/\/zewo.ch\/fr\/news-nouvelles-questions-reponses-au-sujet-de-la-norme-la-zewo-13-rapport-annuel\/\" target=\"_self\" rel=\"noopener noreferrer\" class=\"button-teaser--is-full\"><\/a><\/div><\/div><div class=\"cell small-12 medium-6 large-4\"><div class=\"wp-block-cgb-block-zewo-block-image-text-teaser ab-block-cta\"><div class=\"ab-cta-image-wrap bg-color-secondary\"><img loading=\"lazy\" decoding=\"async\" width=\"550\" height=\"400\" src=\"https:\/\/zewo.ch\/wp-content\/uploads\/2025\/11\/Spendenreport-2025-FR_Komm.png\" class=\"alm-thumbnail ab-cta-image wp-post-image\" alt=\"Image Rapport sur les dons\" srcset=\"https:\/\/zewo.ch\/wp-content\/uploads\/2025\/11\/Spendenreport-2025-FR_Komm.png 550w, https:\/\/zewo.ch\/wp-content\/uploads\/2025\/11\/Spendenreport-2025-FR_Komm-300x218.png 300w\" sizes=\"auto, (min-width: 960px) 75vw, 100vw\" \/><\/div><div class=\"ab-cta-content\"><h2 class=\"ab-cta-title\">Le rapport sur les dons 2025 est l\u00e0 \u2013 les tendances, les d\u00e9fis et les opportunit\u00e9s<\/h2><div class=\"ab-cta-text\">La g\u00e9n\u00e9rosit\u00e9 des donateurs reste \u00e9lev\u00e9e en Suisse, mais les organisations d&rsquo;entraide sont confront\u00e9es \u00e0 de nouveaux d\u00e9fis. Le rapport sur les dons 2025 montre comment les organisations font face \u00e0 ces difficult\u00e9s et tirent parti de la vague de solidarit\u00e9. <\/div><\/div><div class=\"ab-cta-button\"><a href=\"https:\/\/zewo.ch\/fr\/news-le-rapport-sur-les-dons-2025-est-la-les-tendances-les-defis-et-les-opportunites\/\" target=\"_self\" rel=\"noopener noreferrer\" class=\"button primary button-teaser\"><span class=\"button-arrow\"><\/span>En savoir plus<\/a><span class=\"entry-meta\">27.11.25<\/span><\/div><a href=\"https:\/\/zewo.ch\/fr\/news-le-rapport-sur-les-dons-2025-est-la-les-tendances-les-defis-et-les-opportunites\/\" target=\"_self\" rel=\"noopener noreferrer\" class=\"button-teaser--is-full\"><\/a><\/div><\/div><\/div><\/div>\n\n\n<div class=\"wp-block-cgb-block-zewo-block-wrapper ab-block-wrapper\">\n<div class=\"wp-block-cgb-block-zewo-block-button ab-block-button\"><a href=\"\/fr\/zewo-blog\/\" class=\"button primary\"><span class=\"button-arrow\"><\/span>Plus d\u2019articles<\/a><\/div>\n<\/div>\n\n\n\n<h2 class=\"wp-block-heading\" id=\"h-autres-sujets-qui-pourraient-vous-interesser\"><strong>Autres sujets qui pourraient vous int\u00e9resser<\/strong><\/h2>\n\n\n\n<ul class=\"wp-block-cgb-block-zewo-block-links container container-columns-1\">\n<li class=\"wp-block-cgb-block-zewo-block-link ab-block-link\"><a href=\"\/fr\/apercu-des-21-normes-zewo-condense-et-clair\/\" class=\"button\"><span>Les 21 Normes Zewo<\/span><span class=\"button-arrow--long\"><\/span><\/a><\/li>\n\n\n\n<li class=\"wp-block-cgb-block-zewo-block-link ab-block-link\"><a href=\"\/fr\/comment-parvenir-au-label-de-qualite-zewo\/question-et-reponses-sur-la-certification\/\" class=\"button\"><span>Question et r\u00e9ponses sur la certification<\/span><span class=\"button-arrow--long\"><\/span><\/a><\/li>\n\n\n\n<li class=\"wp-block-cgb-block-zewo-block-link ab-block-link\"><a href=\"\/fr\/publications\/\" class=\"button\"><span>Publications<\/span><span class=\"button-arrow--long\"><\/span><\/a><\/li>\n\n\n\n<li class=\"wp-block-cgb-block-zewo-block-link ab-block-link\"><a href=\"\/fr\/statistiques-des-dons\/\" class=\"button\"><span>Statistiques des dons<\/span><span class=\"button-arrow--long\"><\/span><\/a><\/li>\n<\/ul>\n","protected":false},"excerpt":{"rendered":"<p>Le label de qualit\u00e9 Zewo aide votre organisation \u00e0 collecter des dons Les OBNL d\u2019utilit\u00e9 publique d\u00e9pendent de la confiance que leur accordent les donatrices et donateurs. Le label de qualit\u00e9 Zewo certifie que votre OBNL m\u00e9rite cette confiance et l\u2019aide \u00e0 recueillir des dons. Il donne \u00e9galement acc\u00e8s \u00e0 des rabais int\u00e9ressants et \u00e0 [&hellip;]<\/p>\n","protected":false},"author":6,"featured_media":666079,"parent":0,"menu_order":180,"comment_status":"closed","ping_status":"closed","template":"","meta":{"_acf_changed":false,"footnotes":""},"folder":[6643],"class_list":["post-449440","page","type-page","status-publish","has-post-thumbnail","hentry"],"acf":[],"yoast_head":"<!-- This site is optimized with the Yoast SEO Premium plugin v26.0 (Yoast SEO v26.0) - https:\/\/yoast.com\/wordpress\/plugins\/seo\/ -->\n<title>Zewo<\/title>\n<meta name=\"description\" content=\"D\u00e9couvrez le label de qualit\u00e9 Zewo et comment il peut aider votre organisation d&#039;entraide \u00e0 renforcer la confiance et \u00e0 collecter des dons.\" \/>\n<meta name=\"robots\" content=\"index, follow, max-snippet:-1, max-image-preview:large, max-video-preview:-1\" \/>\n<link rel=\"canonical\" href=\"https:\/\/zewo.ch\/fr\/npo\/\" \/>\n<meta property=\"og:locale\" content=\"fr_FR\" \/>\n<meta property=\"og:type\" content=\"article\" \/>\n<meta property=\"og:description\" content=\"D\u00e9couvrez le label de qualit\u00e9 Zewo et comment il peut aider votre organisation d&#039;entraide \u00e0 renforcer la confiance et \u00e0 collecter des dons.\" \/>\n<meta property=\"og:url\" content=\"https:\/\/zewo.ch\/fr\/npo\/\" \/>\n<meta property=\"og:site_name\" content=\"Zewo\" \/>\n<meta property=\"article:publisher\" content=\"https:\/\/www.facebook.com\/Stiftung.ZEWO\/\" \/>\n<meta property=\"article:modified_time\" content=\"2025-02-19T15:38:02+00:00\" \/>\n<meta property=\"og:image\" content=\"https:\/\/zewo.ch\/wp-content\/uploads\/2019\/11\/shutterstock_327359792_WP.jpg\" \/>\n\t<meta property=\"og:image:width\" content=\"2200\" \/>\n\t<meta property=\"og:image:height\" content=\"440\" \/>\n\t<meta property=\"og:image:type\" content=\"image\/jpeg\" \/>\n<meta name=\"twitter:card\" content=\"summary_large_image\" \/>\n<meta name=\"twitter:site\" content=\"@stiftung_zewo\" \/>\n<meta name=\"twitter:label1\" content=\"Dur\u00e9e de lecture estim\u00e9e\" \/>\n\t<meta name=\"twitter:data1\" content=\"11 minutes\" \/>\n<script type=\"application\/ld+json\" class=\"yoast-schema-graph\">{\"@context\":\"https:\/\/schema.org\",\"@graph\":[{\"@type\":\"WebPage\",\"@id\":\"https:\/\/zewo.ch\/fr\/npo\/#webpage\",\"url\":\"https:\/\/zewo.ch\/fr\/npo\/#webpage\",\"name\":\"\",\"isPartOf\":{\"@id\":\"https:\/\/zewo.ch\/fr\/#website\"},\"primaryImageOfPage\":{\"@id\":\"https:\/\/zewo.ch\/fr\/npo\/#primaryimage\"},\"image\":{\"@id\":\"https:\/\/zewo.ch\/fr\/npo\/#primaryimage\"},\"thumbnailUrl\":\"https:\/\/zewo.ch\/wp-content\/uploads\/2019\/11\/shutterstock_327359792_WP.jpg\",\"datePublished\":\"2019-04-01T09:39:55+00:00\",\"dateModified\":\"2025-02-19T15:38:02+00:00\",\"description\":\"D\u00e9couvrez le label de qualit\u00e9 Zewo et comment il peut aider votre organisation d'entraide \u00e0 renforcer la confiance et \u00e0 collecter des dons.\",\"breadcrumb\":{\"@id\":\"https:\/\/zewo.ch\/fr\/npo\/#breadcrumb\"},\"inLanguage\":\"fr-FR\",\"potentialAction\":[{\"@type\":\"ReadAction\",\"target\":[\"https:\/\/zewo.ch\/fr\/npo\/\"]}]},{\"@type\":\"ImageObject\",\"inLanguage\":\"fr-FR\",\"@id\":\"https:\/\/zewo.ch\/fr\/npo\/#primaryimage\",\"url\":\"https:\/\/zewo.ch\/wp-content\/uploads\/2019\/11\/shutterstock_327359792_WP.jpg\",\"contentUrl\":\"https:\/\/zewo.ch\/wp-content\/uploads\/2019\/11\/shutterstock_327359792_WP.jpg\",\"width\":2200,\"height\":440},{\"@type\":\"BreadcrumbList\",\"@id\":\"https:\/\/zewo.ch\/fr\/npo\/#breadcrumb\",\"itemListElement\":[{\"@type\":\"ListItem\",\"position\":1,\"name\":\"Home\",\"item\":\"https:\/\/zewo.ch\/fr\/\"},{\"@type\":\"ListItem\",\"position\":2,\"name\":\"NPO\"}]},{\"@type\":\"WebSite\",\"@id\":\"https:\/\/zewo.ch\/fr\/#website\",\"url\":\"https:\/\/zewo.ch\/fr\/\",\"name\":\"Zewo\",\"description\":\"Votre don en bonnes mains.\",\"publisher\":{\"@id\":\"https:\/\/zewo.ch\/fr\/#organization\"},\"potentialAction\":[{\"@type\":\"SearchAction\",\"target\":{\"@type\":\"EntryPoint\",\"urlTemplate\":\"https:\/\/zewo.ch\/fr\/?s={search_term_string}\"},\"query-input\":{\"@type\":\"PropertyValueSpecification\",\"valueRequired\":true,\"valueName\":\"search_term_string\"}}],\"inLanguage\":\"fr-FR\"},{\"@type\":\"Organization\",\"@id\":\"https:\/\/zewo.ch\/fr\/#organization\",\"name\":\"Stiftung Zewo\",\"url\":\"https:\/\/zewo.ch\/fr\/\",\"logo\":{\"@type\":\"ImageObject\",\"inLanguage\":\"fr-FR\",\"@id\":\"https:\/\/zewo.ch\/fr\/#\/schema\/logo\/image\/\",\"url\":\"https:\/\/zewo.ch\/wp-content\/uploads\/2019\/08\/Zewo_Logo_Claim_D.svg\",\"contentUrl\":\"https:\/\/zewo.ch\/wp-content\/uploads\/2019\/08\/Zewo_Logo_Claim_D.svg\",\"width\":1,\"height\":1,\"caption\":\"Stiftung Zewo\"},\"image\":{\"@id\":\"https:\/\/zewo.ch\/fr\/#\/schema\/logo\/image\/\"},\"sameAs\":[\"https:\/\/www.facebook.com\/Stiftung.ZEWO\/\",\"https:\/\/x.com\/stiftung_zewo\",\"https:\/\/www.linkedin.com\/company\/stiftung-zewo\",\"https:\/\/www.youtube.com\/channel\/UCzjsVJro12OXcvvx1LQP8tw\",\"https:\/\/de.wikipedia.org\/wiki\/Zewo\"]}]}<\/script>\n<!-- \/ Yoast SEO Premium plugin. -->","yoast_head_json":{"title":"Zewo","description":"D\u00e9couvrez le label de qualit\u00e9 Zewo et comment il peut aider votre organisation d'entraide \u00e0 renforcer la confiance et \u00e0 collecter des dons.","robots":{"index":"index","follow":"follow","max-snippet":"max-snippet:-1","max-image-preview":"max-image-preview:large","max-video-preview":"max-video-preview:-1"},"canonical":"https:\/\/zewo.ch\/fr\/npo\/","og_locale":"fr_FR","og_type":"article","og_description":"D\u00e9couvrez le label de qualit\u00e9 Zewo et comment il peut aider votre organisation d'entraide \u00e0 renforcer la confiance et \u00e0 collecter des dons.","og_url":"https:\/\/zewo.ch\/fr\/npo\/","og_site_name":"Zewo","article_publisher":"https:\/\/www.facebook.com\/Stiftung.ZEWO\/","article_modified_time":"2025-02-19T15:38:02+00:00","og_image":[{"width":2200,"height":440,"url":"https:\/\/zewo.ch\/wp-content\/uploads\/2019\/11\/shutterstock_327359792_WP.jpg","type":"image\/jpeg"}],"twitter_card":"summary_large_image","twitter_site":"@stiftung_zewo","twitter_misc":{"Dur\u00e9e de lecture estim\u00e9e":"11 minutes"},"schema":{"@context":"https:\/\/schema.org","@graph":[{"@type":"WebPage","@id":"https:\/\/zewo.ch\/fr\/npo\/#webpage","url":"https:\/\/zewo.ch\/fr\/npo\/#webpage","name":"","isPartOf":{"@id":"https:\/\/zewo.ch\/fr\/#website"},"primaryImageOfPage":{"@id":"https:\/\/zewo.ch\/fr\/npo\/#primaryimage"},"image":{"@id":"https:\/\/zewo.ch\/fr\/npo\/#primaryimage"},"thumbnailUrl":"https:\/\/zewo.ch\/wp-content\/uploads\/2019\/11\/shutterstock_327359792_WP.jpg","datePublished":"2019-04-01T09:39:55+00:00","dateModified":"2025-02-19T15:38:02+00:00","description":"D\u00e9couvrez le label de qualit\u00e9 Zewo et comment il peut aider votre organisation d'entraide \u00e0 renforcer la confiance et \u00e0 collecter des dons.","breadcrumb":{"@id":"https:\/\/zewo.ch\/fr\/npo\/#breadcrumb"},"inLanguage":"fr-FR","potentialAction":[{"@type":"ReadAction","target":["https:\/\/zewo.ch\/fr\/npo\/"]}]},{"@type":"ImageObject","inLanguage":"fr-FR","@id":"https:\/\/zewo.ch\/fr\/npo\/#primaryimage","url":"https:\/\/zewo.ch\/wp-content\/uploads\/2019\/11\/shutterstock_327359792_WP.jpg","contentUrl":"https:\/\/zewo.ch\/wp-content\/uploads\/2019\/11\/shutterstock_327359792_WP.jpg","width":2200,"height":440},{"@type":"BreadcrumbList","@id":"https:\/\/zewo.ch\/fr\/npo\/#breadcrumb","itemListElement":[{"@type":"ListItem","position":1,"name":"Home","item":"https:\/\/zewo.ch\/fr\/"},{"@type":"ListItem","position":2,"name":"NPO"}]},{"@type":"WebSite","@id":"https:\/\/zewo.ch\/fr\/#website","url":"https:\/\/zewo.ch\/fr\/","name":"Zewo","description":"Votre don en bonnes mains.","publisher":{"@id":"https:\/\/zewo.ch\/fr\/#organization"},"potentialAction":[{"@type":"SearchAction","target":{"@type":"EntryPoint","urlTemplate":"https:\/\/zewo.ch\/fr\/?s={search_term_string}"},"query-input":{"@type":"PropertyValueSpecification","valueRequired":true,"valueName":"search_term_string"}}],"inLanguage":"fr-FR"},{"@type":"Organization","@id":"https:\/\/zewo.ch\/fr\/#organization","name":"Stiftung Zewo","url":"https:\/\/zewo.ch\/fr\/","logo":{"@type":"ImageObject","inLanguage":"fr-FR","@id":"https:\/\/zewo.ch\/fr\/#\/schema\/logo\/image\/","url":"https:\/\/zewo.ch\/wp-content\/uploads\/2019\/08\/Zewo_Logo_Claim_D.svg","contentUrl":"https:\/\/zewo.ch\/wp-content\/uploads\/2019\/08\/Zewo_Logo_Claim_D.svg","width":1,"height":1,"caption":"Stiftung Zewo"},"image":{"@id":"https:\/\/zewo.ch\/fr\/#\/schema\/logo\/image\/"},"sameAs":["https:\/\/www.facebook.com\/Stiftung.ZEWO\/","https:\/\/x.com\/stiftung_zewo","https:\/\/www.linkedin.com\/company\/stiftung-zewo","https:\/\/www.youtube.com\/channel\/UCzjsVJro12OXcvvx1LQP8tw","https:\/\/de.wikipedia.org\/wiki\/Zewo"]}]}},"publishpress_future_action":{"enabled":false,"date":"2026-04-25 12:19:33","action":"change-status","newStatus":"draft","terms":[],"taxonomy":"translation_priority","extraData":[]},"publishpress_future_workflow_manual_trigger":{"enabledWorkflows":[]},"_links":{"self":[{"href":"https:\/\/zewo.ch\/fr\/wp-json\/wp\/v2\/pages\/449440","targetHints":{"allow":["GET"]}}],"collection":[{"href":"https:\/\/zewo.ch\/fr\/wp-json\/wp\/v2\/pages"}],"about":[{"href":"https:\/\/zewo.ch\/fr\/wp-json\/wp\/v2\/types\/page"}],"author":[{"embeddable":true,"href":"https:\/\/zewo.ch\/fr\/wp-json\/wp\/v2\/users\/6"}],"replies":[{"embeddable":true,"href":"https:\/\/zewo.ch\/fr\/wp-json\/wp\/v2\/comments?post=449440"}],"version-history":[{"count":19,"href":"https:\/\/zewo.ch\/fr\/wp-json\/wp\/v2\/pages\/449440\/revisions"}],"predecessor-version":[{"id":5926569,"href":"https:\/\/zewo.ch\/fr\/wp-json\/wp\/v2\/pages\/449440\/revisions\/5926569"}],"wp:featuredmedia":[{"embeddable":true,"href":"https:\/\/zewo.ch\/fr\/wp-json\/wp\/v2\/media\/666079"}],"wp:attachment":[{"href":"https:\/\/zewo.ch\/fr\/wp-json\/wp\/v2\/media?parent=449440"}],"wp:term":[{"taxonomy":"folder","embeddable":true,"href":"https:\/\/zewo.ch\/fr\/wp-json\/wp\/v2\/folder?post=449440"}],"curies":[{"name":"wp","href":"https:\/\/api.w.org\/{rel}","templated":true}]}}