{"id":425667,"date":"2019-07-17T16:52:49","date_gmt":"2019-07-17T14:52:49","guid":{"rendered":"https:\/\/www.zewo.ch\/?page_id=425667"},"modified":"2023-10-25T15:57:57","modified_gmt":"2023-10-25T13:57:57","slug":"methode-zewo","status":"publish","type":"page","link":"https:\/\/zewo.ch\/fr\/methode-zewo\/","title":{"rendered":"M\u00e9thode Zewo"},"content":{"rendered":"\n<h2 class=\"wp-block-heading\" id=\"h-un-calcul-des-co-ts-identique-pour-les-obnl\">Un calcul des co\u00fbts identique pour les OBNL<\/h2>\n\n\n\n<p><strong>La transparence, un gage de confiance. Toutes les OBNL certifi\u00e9es utilisent les m\u00eames calculs pour effectuer les comptes annuels qui seront ensuite soumis \u00e0 inspection. La m\u00e9thode actuelle de la Zewo est en application depuis le 1er janvier 2018.<\/strong><\/p>\n\n\n\n<p>Dans\nleurs comptes annuels, les OBNL portant le label de qualit\u00e9 Zewo doivent indiquer\nles montants qu\u2019elles investissent dans des projets, ce que leur co\u00fbtent les\ncollectes de fonds et quelles sont leurs charges administratives. La m\u00e9thode\nZewo permet d\u2019obtenir des chiffres uniformes et coh\u00e9rents. Elle explique en\nquelques points aux OBNL comment classer les d\u00e9penses op\u00e9rationnelles li\u00e9es \u00e0\nleurs projets, les revenus issus de dons ainsi que les frais administratifs.\nCette m\u00e9thode r\u00e9vis\u00e9e et actualis\u00e9e s\u2019applique obligatoirement \u00e0 toutes les\nOBNL certifi\u00e9es depuis la publication des comptes annuels de 2018.<\/p>\n\n\n\n<pre class=\"wp-block-preformatted\"><style>.embed-container { position: relative; padding-bottom:56.25%; height:0; overflow: hidden; max-width: 100%; } .embed-container iframe, .embed-container object, .embed-container embed { position: absolute; top: 0; left: 0; width: 100%; height: 100%;}<\/style><div class=\"embed-container\" data-page-width=\"452\" data-page-height=\"640\" id=\"ypembedcontainer\"><iframe src=\"https:\/\/www.yumpu.com\/fr\/embed\/view\/y9APTB6UcFYDlZ8j\" frameborder=\"0\" allowfullscreen=\"true\" allowtransparency=\"true\"><\/iframe><\/div><script src=\"https:\/\/players.yumpu.com\/modules\/embed\/yp_r_iframe.js\"><\/script><\/pre>\n\n\n\n<p><strong>Question cl\u00e9 : quelle est la\nsource des d\u00e9penses ?<\/strong><\/p>\n\n\n\n<p>Les\nbases sont simples : l\u2019activit\u00e9 qui occasionne une d\u00e9pense d\u00e9termine la\ncat\u00e9gorie \u00e0 laquelle cette derni\u00e8re est rattach\u00e9e. Pour savoir si elle d\u00e9pend d\u2019un\nprojet, il suffit de se demander si le projet aurait \u00e9t\u00e9 possible sans cette\nd\u00e9pense. Cela ne concerne donc pas seulement l\u2019ex\u00e9cution du projet, mais aussi\nla planification et les contr\u00f4les qui y sont li\u00e9s. Si une activit\u00e9 est\nn\u00e9cessaire, ind\u00e9pendamment d&rsquo;un projet concret, alors elle est se rattache aux\nfrais administratifs. Cela vaut par exemple pour les frais de comptabilit\u00e9. Les\nd\u00e9penses engendr\u00e9es lors du financement de projets font partie des sources de\nrevenu, et ce m\u00eame si le financement en question est rattach\u00e9 \u00e0 un projet en\nparticulier.<\/p>\n\n\n\n<p>La\nm\u00e9thode Zewo traite des questions sp\u00e9cifiques li\u00e9es \u00e0 la r\u00e9partition des co\u00fbts\net explique aux OBNL, \u00e0 l\u2019aide d\u2019exemples, comment bien classer leurs frais.<\/p>\n\n\n\n<ul class=\"list-icons wp-block-list\"><li><a aria-label=\"La m\u00e9thode Zewo \u00e0 t\u00e9l\u00e9charger (\u00f6ffnet in neuem Tab)\" rel=\"noreferrer noopener\" href=\"https:\/\/zewo.ch\/fr\/methode-zewo-f\/\" target=\"_blank\">La m\u00e9thode Zewo \u00e0 t\u00e9l\u00e9charger<\/a><\/li><li><a href=\"https:\/\/zewo.ch\/wp-content\/uploads\/2023\/10\/Pre\u0302ts-pour-la-comptabilisation-des-cou\u0302ts.pdf\">Lettre d&rsquo;information Zewo sur le lancement de la m\u00e9thode Zewo (\u00e0 t\u00e9l\u00e9charger)<\/a><\/li><\/ul>\n\n\n\n<div class=\"wp-block-cgb-block-zewo-block-columns-container container bg-color-light-gray\"><div class=\"grid-x grid-margin-x\" data-columns=\"2\">\n<div class=\"cell small-12 medium-6\"><div class=\"wp-block-cgb-block-zewo-block-image-teaser ab-block-cta bg-color-secondary\"><div class=\"ab-cta-image-wrap bg-color-secondary\"><img decoding=\"async\" class=\"ab-cta-image\" src=\"https:\/\/zewo.ch\/wp-content\/uploads\/2019\/05\/21-zewo-standards-1.png\" alt=\"Die 21 Zewo-Standards f\u00fcr Spenden sammelnde NPO\"\/><\/div><div class=\"ab-cta-content\"><h2 class=\"ab-cta-title\">Les 21 normes Zewo<\/h2><\/div><div class=\"ab-cta-button\"><a href=\"\/fr\/apercu-des-21-normes-zewo-condense-et-clair\/\" target=\"_self\" rel=\"noopener noreferrer\" class=\"button primary button-teaser\"><span class=\"button-arrow\"><\/span>En savoir plus<\/a><\/div><a href=\"\/fr\/apercu-des-21-normes-zewo-condense-et-clair\/\" target=\"_self\" rel=\"noopener noreferrer\" class=\"button-teaser--is-full\"><\/a><\/div><\/div>\n\n\n\n<div class=\"wp-block-cgb-block-zewo-block-columns-container container bg-color-light-gray\"><div class=\"grid-x grid-margin-x\" data-columns=\"2\"><\/div><\/div>\n\n\n\n<div class=\"cell small-12 medium-6\"><div class=\"wp-block-cgb-block-zewo-block-image-teaser ab-block-cta bg-color-secondary\"><div class=\"ab-cta-content\"><h2 class=\"ab-cta-title\">Comment parvenir au label de qualit\u00e9 Zewo<strong> <\/strong><\/h2><\/div><div class=\"ab-cta-button\"><a href=\"\/fr\/comment-parvenir-au-label-de-qualite-zewo\/\" target=\"_self\" rel=\"noopener noreferrer\" class=\"button primary button-teaser\"><span class=\"button-arrow\"><\/span>Aper\u00e7u de la proc\u00e9dure<\/a><\/div><a href=\"\/fr\/comment-parvenir-au-label-de-qualite-zewo\/\" target=\"_self\" rel=\"noopener noreferrer\" class=\"button-teaser--is-full\"><\/a><\/div><\/div>\n<\/div><\/div>\n","protected":false},"excerpt":{"rendered":"<p>Un calcul des co\u00fbts identique pour les OBNL La transparence, un gage de confiance. Toutes les OBNL certifi\u00e9es utilisent les m\u00eames calculs pour effectuer les comptes annuels qui seront ensuite soumis \u00e0 inspection. La m\u00e9thode actuelle de la Zewo est en application depuis le 1er janvier 2018. Dans leurs comptes annuels, les OBNL portant le [&hellip;]<\/p>\n","protected":false},"author":38,"featured_media":666061,"parent":0,"menu_order":185,"comment_status":"closed","ping_status":"closed","template":"","meta":{"_acf_changed":false,"footnotes":""},"folder":[6643],"class_list":["post-425667","page","type-page","status-publish","has-post-thumbnail","hentry"],"acf":[],"yoast_head":"<!-- This site is optimized with the Yoast SEO Premium plugin v26.0 (Yoast SEO v26.0) - https:\/\/yoast.com\/wordpress\/plugins\/seo\/ -->\n<title>Zewo<\/title>\n<meta name=\"description\" content=\"Calculer maintenant les charges de projets ou de prestations, d\u2019obtention de financements et d\u2019administration avec la m\u00e9thode Zewo.\" \/>\n<meta name=\"robots\" content=\"index, follow, max-snippet:-1, max-image-preview:large, max-video-preview:-1\" \/>\n<link rel=\"canonical\" href=\"https:\/\/zewo.ch\/fr\/methode-zewo\/\" \/>\n<meta property=\"og:locale\" content=\"fr_FR\" \/>\n<meta property=\"og:type\" content=\"article\" \/>\n<meta property=\"og:description\" content=\"Calculer maintenant les charges de projets ou de prestations, d\u2019obtention de financements et d\u2019administration avec la m\u00e9thode Zewo.\" \/>\n<meta property=\"og:url\" content=\"https:\/\/zewo.ch\/fr\/methode-zewo\/\" \/>\n<meta property=\"og:site_name\" content=\"Zewo\" \/>\n<meta property=\"article:publisher\" content=\"https:\/\/www.facebook.com\/Stiftung.ZEWO\/\" \/>\n<meta property=\"article:modified_time\" content=\"2023-10-25T13:57:57+00:00\" \/>\n<meta property=\"og:image\" content=\"https:\/\/zewo.ch\/wp-content\/uploads\/2019\/11\/shutterstock_1399301303_2_WP.jpg\" \/>\n\t<meta property=\"og:image:width\" content=\"2200\" \/>\n\t<meta property=\"og:image:height\" content=\"440\" \/>\n\t<meta property=\"og:image:type\" content=\"image\/jpeg\" \/>\n<meta name=\"twitter:card\" content=\"summary_large_image\" \/>\n<meta name=\"twitter:site\" content=\"@stiftung_zewo\" \/>\n<meta name=\"twitter:label1\" content=\"Dur\u00e9e de lecture estim\u00e9e\" \/>\n\t<meta name=\"twitter:data1\" content=\"2 minutes\" \/>\n<script type=\"application\/ld+json\" class=\"yoast-schema-graph\">{\"@context\":\"https:\/\/schema.org\",\"@graph\":[{\"@type\":\"WebPage\",\"@id\":\"https:\/\/zewo.ch\/fr\/methode-zewo\/#webpage\",\"url\":\"https:\/\/zewo.ch\/fr\/methode-zewo\/#webpage\",\"name\":\"\",\"isPartOf\":{\"@id\":\"https:\/\/zewo.ch\/fr\/#website\"},\"primaryImageOfPage\":{\"@id\":\"https:\/\/zewo.ch\/fr\/methode-zewo\/#primaryimage\"},\"image\":{\"@id\":\"https:\/\/zewo.ch\/fr\/methode-zewo\/#primaryimage\"},\"thumbnailUrl\":\"https:\/\/zewo.ch\/wp-content\/uploads\/2019\/11\/shutterstock_1399301303_2_WP.jpg\",\"datePublished\":\"2019-07-17T14:52:49+00:00\",\"dateModified\":\"2023-10-25T13:57:57+00:00\",\"description\":\"Calculer maintenant les charges de projets ou de prestations, d\u2019obtention de financements et d\u2019administration avec la m\u00e9thode Zewo.\",\"breadcrumb\":{\"@id\":\"https:\/\/zewo.ch\/fr\/methode-zewo\/#breadcrumb\"},\"inLanguage\":\"fr-FR\",\"potentialAction\":[{\"@type\":\"ReadAction\",\"target\":[\"https:\/\/zewo.ch\/fr\/methode-zewo\/\"]}]},{\"@type\":\"ImageObject\",\"inLanguage\":\"fr-FR\",\"@id\":\"https:\/\/zewo.ch\/fr\/methode-zewo\/#primaryimage\",\"url\":\"https:\/\/zewo.ch\/wp-content\/uploads\/2019\/11\/shutterstock_1399301303_2_WP.jpg\",\"contentUrl\":\"https:\/\/zewo.ch\/wp-content\/uploads\/2019\/11\/shutterstock_1399301303_2_WP.jpg\",\"width\":2200,\"height\":440},{\"@type\":\"BreadcrumbList\",\"@id\":\"https:\/\/zewo.ch\/fr\/methode-zewo\/#breadcrumb\",\"itemListElement\":[{\"@type\":\"ListItem\",\"position\":1,\"name\":\"Home\",\"item\":\"https:\/\/zewo.ch\/fr\/\"},{\"@type\":\"ListItem\",\"position\":2,\"name\":\"M\u00e9thode Zewo\"}]},{\"@type\":\"WebSite\",\"@id\":\"https:\/\/zewo.ch\/fr\/#website\",\"url\":\"https:\/\/zewo.ch\/fr\/\",\"name\":\"Zewo\",\"description\":\"Votre don en bonnes mains.\",\"publisher\":{\"@id\":\"https:\/\/zewo.ch\/fr\/#organization\"},\"potentialAction\":[{\"@type\":\"SearchAction\",\"target\":{\"@type\":\"EntryPoint\",\"urlTemplate\":\"https:\/\/zewo.ch\/fr\/?s={search_term_string}\"},\"query-input\":{\"@type\":\"PropertyValueSpecification\",\"valueRequired\":true,\"valueName\":\"search_term_string\"}}],\"inLanguage\":\"fr-FR\"},{\"@type\":\"Organization\",\"@id\":\"https:\/\/zewo.ch\/fr\/#organization\",\"name\":\"Stiftung Zewo\",\"url\":\"https:\/\/zewo.ch\/fr\/\",\"logo\":{\"@type\":\"ImageObject\",\"inLanguage\":\"fr-FR\",\"@id\":\"https:\/\/zewo.ch\/fr\/#\/schema\/logo\/image\/\",\"url\":\"https:\/\/zewo.ch\/wp-content\/uploads\/2019\/08\/Zewo_Logo_Claim_D.svg\",\"contentUrl\":\"https:\/\/zewo.ch\/wp-content\/uploads\/2019\/08\/Zewo_Logo_Claim_D.svg\",\"width\":1,\"height\":1,\"caption\":\"Stiftung Zewo\"},\"image\":{\"@id\":\"https:\/\/zewo.ch\/fr\/#\/schema\/logo\/image\/\"},\"sameAs\":[\"https:\/\/www.facebook.com\/Stiftung.ZEWO\/\",\"https:\/\/x.com\/stiftung_zewo\",\"https:\/\/www.linkedin.com\/company\/stiftung-zewo\",\"https:\/\/www.youtube.com\/channel\/UCzjsVJro12OXcvvx1LQP8tw\",\"https:\/\/de.wikipedia.org\/wiki\/Zewo\"]}]}<\/script>\n<!-- \/ Yoast SEO Premium plugin. -->","yoast_head_json":{"title":"Zewo","description":"Calculer maintenant les charges de projets ou de prestations, d\u2019obtention de financements et d\u2019administration avec la m\u00e9thode Zewo.","robots":{"index":"index","follow":"follow","max-snippet":"max-snippet:-1","max-image-preview":"max-image-preview:large","max-video-preview":"max-video-preview:-1"},"canonical":"https:\/\/zewo.ch\/fr\/methode-zewo\/","og_locale":"fr_FR","og_type":"article","og_description":"Calculer maintenant les charges de projets ou de prestations, d\u2019obtention de financements et d\u2019administration avec la m\u00e9thode Zewo.","og_url":"https:\/\/zewo.ch\/fr\/methode-zewo\/","og_site_name":"Zewo","article_publisher":"https:\/\/www.facebook.com\/Stiftung.ZEWO\/","article_modified_time":"2023-10-25T13:57:57+00:00","og_image":[{"width":2200,"height":440,"url":"https:\/\/zewo.ch\/wp-content\/uploads\/2019\/11\/shutterstock_1399301303_2_WP.jpg","type":"image\/jpeg"}],"twitter_card":"summary_large_image","twitter_site":"@stiftung_zewo","twitter_misc":{"Dur\u00e9e de lecture estim\u00e9e":"2 minutes"},"schema":{"@context":"https:\/\/schema.org","@graph":[{"@type":"WebPage","@id":"https:\/\/zewo.ch\/fr\/methode-zewo\/#webpage","url":"https:\/\/zewo.ch\/fr\/methode-zewo\/#webpage","name":"","isPartOf":{"@id":"https:\/\/zewo.ch\/fr\/#website"},"primaryImageOfPage":{"@id":"https:\/\/zewo.ch\/fr\/methode-zewo\/#primaryimage"},"image":{"@id":"https:\/\/zewo.ch\/fr\/methode-zewo\/#primaryimage"},"thumbnailUrl":"https:\/\/zewo.ch\/wp-content\/uploads\/2019\/11\/shutterstock_1399301303_2_WP.jpg","datePublished":"2019-07-17T14:52:49+00:00","dateModified":"2023-10-25T13:57:57+00:00","description":"Calculer maintenant les charges de projets ou de prestations, d\u2019obtention de financements et d\u2019administration avec la m\u00e9thode Zewo.","breadcrumb":{"@id":"https:\/\/zewo.ch\/fr\/methode-zewo\/#breadcrumb"},"inLanguage":"fr-FR","potentialAction":[{"@type":"ReadAction","target":["https:\/\/zewo.ch\/fr\/methode-zewo\/"]}]},{"@type":"ImageObject","inLanguage":"fr-FR","@id":"https:\/\/zewo.ch\/fr\/methode-zewo\/#primaryimage","url":"https:\/\/zewo.ch\/wp-content\/uploads\/2019\/11\/shutterstock_1399301303_2_WP.jpg","contentUrl":"https:\/\/zewo.ch\/wp-content\/uploads\/2019\/11\/shutterstock_1399301303_2_WP.jpg","width":2200,"height":440},{"@type":"BreadcrumbList","@id":"https:\/\/zewo.ch\/fr\/methode-zewo\/#breadcrumb","itemListElement":[{"@type":"ListItem","position":1,"name":"Home","item":"https:\/\/zewo.ch\/fr\/"},{"@type":"ListItem","position":2,"name":"M\u00e9thode Zewo"}]},{"@type":"WebSite","@id":"https:\/\/zewo.ch\/fr\/#website","url":"https:\/\/zewo.ch\/fr\/","name":"Zewo","description":"Votre don en bonnes mains.","publisher":{"@id":"https:\/\/zewo.ch\/fr\/#organization"},"potentialAction":[{"@type":"SearchAction","target":{"@type":"EntryPoint","urlTemplate":"https:\/\/zewo.ch\/fr\/?s={search_term_string}"},"query-input":{"@type":"PropertyValueSpecification","valueRequired":true,"valueName":"search_term_string"}}],"inLanguage":"fr-FR"},{"@type":"Organization","@id":"https:\/\/zewo.ch\/fr\/#organization","name":"Stiftung Zewo","url":"https:\/\/zewo.ch\/fr\/","logo":{"@type":"ImageObject","inLanguage":"fr-FR","@id":"https:\/\/zewo.ch\/fr\/#\/schema\/logo\/image\/","url":"https:\/\/zewo.ch\/wp-content\/uploads\/2019\/08\/Zewo_Logo_Claim_D.svg","contentUrl":"https:\/\/zewo.ch\/wp-content\/uploads\/2019\/08\/Zewo_Logo_Claim_D.svg","width":1,"height":1,"caption":"Stiftung Zewo"},"image":{"@id":"https:\/\/zewo.ch\/fr\/#\/schema\/logo\/image\/"},"sameAs":["https:\/\/www.facebook.com\/Stiftung.ZEWO\/","https:\/\/x.com\/stiftung_zewo","https:\/\/www.linkedin.com\/company\/stiftung-zewo","https:\/\/www.youtube.com\/channel\/UCzjsVJro12OXcvvx1LQP8tw","https:\/\/de.wikipedia.org\/wiki\/Zewo"]}]}},"publishpress_future_action":{"enabled":false,"date":"2026-04-25 16:30:58","action":"change-status","newStatus":"draft","terms":[],"taxonomy":"translation_priority","extraData":[]},"publishpress_future_workflow_manual_trigger":{"enabledWorkflows":[]},"_links":{"self":[{"href":"https:\/\/zewo.ch\/fr\/wp-json\/wp\/v2\/pages\/425667","targetHints":{"allow":["GET"]}}],"collection":[{"href":"https:\/\/zewo.ch\/fr\/wp-json\/wp\/v2\/pages"}],"about":[{"href":"https:\/\/zewo.ch\/fr\/wp-json\/wp\/v2\/types\/page"}],"author":[{"embeddable":true,"href":"https:\/\/zewo.ch\/fr\/wp-json\/wp\/v2\/users\/38"}],"replies":[{"embeddable":true,"href":"https:\/\/zewo.ch\/fr\/wp-json\/wp\/v2\/comments?post=425667"}],"version-history":[{"count":15,"href":"https:\/\/zewo.ch\/fr\/wp-json\/wp\/v2\/pages\/425667\/revisions"}],"predecessor-version":[{"id":5801129,"href":"https:\/\/zewo.ch\/fr\/wp-json\/wp\/v2\/pages\/425667\/revisions\/5801129"}],"wp:featuredmedia":[{"embeddable":true,"href":"https:\/\/zewo.ch\/fr\/wp-json\/wp\/v2\/media\/666061"}],"wp:attachment":[{"href":"https:\/\/zewo.ch\/fr\/wp-json\/wp\/v2\/media?parent=425667"}],"wp:term":[{"taxonomy":"folder","embeddable":true,"href":"https:\/\/zewo.ch\/fr\/wp-json\/wp\/v2\/folder?post=425667"}],"curies":[{"name":"wp","href":"https:\/\/api.w.org\/{rel}","templated":true}]}}