{"id":2210389,"date":"2019-12-11T10:44:47","date_gmt":"2019-12-11T09:44:47","guid":{"rendered":"https:\/\/www.zewo.ch\/?page_id=2210389"},"modified":"2024-11-27T09:50:42","modified_gmt":"2024-11-27T08:50:42","slug":"limpact-de-la-communication-des-obnl","status":"publish","type":"page","link":"https:\/\/zewo.ch\/fr\/limpact-de-la-communication-des-obnl\/","title":{"rendered":"L&rsquo;impact de la communication des OBNL"},"content":{"rendered":"\n<h2 class=\"wp-block-heading\" id=\"h-etude-zewo-effectuez-de-bonnes-actions-et-parlez-en\">Etude Zewo: effectuez de bonnes actions et parlez-en <\/h2>\n\n\n\n<p><strong>Neuf OBNL sur dix pr\u00e9sentent leur action au grand public d&rsquo;une mani\u00e8re ou d&rsquo;une autre. Une sur deux trouve cette \u00e9tape difficile. Elles sont particuli\u00e8rement mises \u00e0 l\u2019\u00e9preuve lorsqu\u2019il s\u2019agit de concilier collectes de fonds et rapports d&rsquo;impact. Voici les principaux r\u00e9sultats r\u00e9v\u00e9l\u00e9s par une \u00e9tude de la Zewo bas\u00e9e sur une enqu\u00eate repr\u00e9sentative men\u00e9e aupr\u00e8s de 244 organisations d&rsquo;entraide.<\/strong><\/p>\n\n\n\n<p>Si les OBNL r\u00e9coltent plus de dons lorsqu\u2019elles parlent des actions qu\u2019elles&nbsp;<em>souhaitent mener<\/em>, elles ne re\u00e7oivent pas plus de fonds de la part des foyers priv\u00e9s lorsqu\u2019elles pr\u00e9sentent le rapport des actions qu\u2019elles&nbsp;<em>ont effectivement men\u00e9es<\/em>.&nbsp;Voici ce qui ressort de l\u2019\u00e9tude Zewo \u00ab&nbsp;Faites une bonne action et parlez-en&nbsp;\u00bb.<\/p>\n\n\n\n<ul class=\"list-arrows wp-block-list\">\n<li><a href=\"mailto:info@zewo.ch\">Commander l&rsquo;\u00e9tude (seulement disponible en allemand)<\/a><\/li>\n<\/ul>\n\n\n\n<p><strong>Abonnez-vous \u00e0 Zewo News pour rester inform\u00e9:<\/strong><\/p>\n\n\n\n<ul class=\"list-arrows wp-block-list\">\n<li><a href=\"\/fr\/sabonner-a-la-newsletter\/\">S\u2019abonner \u00e0 la newsletter<\/a><\/li>\n<\/ul>\n\n\n\n<p>Les donateurs institutionnels portent un int\u00e9r\u00eat plus ou moins grand \u00e0 l\u2019impact des OBNL. Ce sont les institutions priv\u00e9es telles que les fondations donatrices, les structures de collecte ou les entreprises qui montrent le plus grand int\u00e9r\u00eat. Lorsque les montants en jeu sont plus cons\u00e9quents, l\u2019acc\u00e8s au financement peut d\u00e9pendre du fait que l\u2019OBNL dispose ou non de rapports sur l\u2019impact de son travail.&nbsp;En revanche, face aux autorit\u00e9s publiques, les OBNL pr\u00e9sentent principalement les actions qu\u2019elles&nbsp;<em>souhaitent mener<\/em>.&nbsp;Les organisations qui doivent avant tout rendre compte des actions qu\u2019elles&nbsp;<em>ont effectivement men\u00e9es<\/em>&nbsp;sont celles qui travaillent dans le domaine de l\u2019aide au d\u00e9veloppement.<\/p>\n\n\n\n<h3 class=\"wp-block-heading\" id=\"h-les-faits-completent-les-histoires\"><strong>Les faits compl\u00e8tent les histoires<\/strong><\/h3>\n\n\n\n<p>Face au grand public, les OBNL aiment utiliser des supports divertissants pour parler de leurs actions. Elles montrent aux donatrices et donateurs l\u2019impact de leur engagement \u00e0 l\u2019aide d\u2019histoires vraies, de portraits ou de reportages men\u00e9s lors de visites sur place. Beaucoup compl\u00e8tent ces \u00e9l\u00e9ments \u00e0 l\u2019aide de chiffres, de donn\u00e9es, de statistiques ou encore d&rsquo;une description de leurs projets. Pour ce qui est des rapports avec les institutions priv\u00e9es et les pouvoirs publics, les OBNL misent plut\u00f4t sur une communication informative avec des rapports de projets ou d\u2019\u00e9valuation.<\/p>\n\n\n\n<h3 class=\"wp-block-heading\" id=\"h-renforcer-leur-reputation\"><strong>Renforcer leur r\u00e9putation<\/strong><\/h3>\n\n\n\n<p>La plupart des OBNL se chargent elles-m\u00eames de parler de leur impact. Cela leur permet en premier lieu de renforcer la confiance du public dans leur action et dans le secteur des OBNL. De plus, elles encouragent ainsi, au sein m\u00eame de l\u2019OBNL, une r\u00e9flexion et une action toutes deux ax\u00e9es sur les r\u00e9sultats. Cela ne garantit qu\u2019en partie une aide financi\u00e8re plus importante. Toutefois, les OBNL disposent d\u2019exigences diff\u00e9rentes quant \u00e0 l\u2019\u00e9valuation de leur impact. Une OBNL sur trois n\u2019\u00e9value pas l\u2019impact de son engagement. Souvent, cela s\u2019explique par un manque de ressources. Une OBNL sur quatre rend compte de son impact sans m\u00eame l\u2019avoir \u00e9valu\u00e9. Ces organisations mettent en p\u00e9ril leur r\u00e9putation plus qu\u2019elles ne la renforcent.<\/p>\n\n\n\n<h3 class=\"wp-block-heading\" id=\"h-potentiel-d-amelioration\"><strong>Potentiel d\u2019am\u00e9lioration<\/strong><\/h3>\n\n\n\n<p>Au vu de ces \u00e9l\u00e9ments, il n\u2019est pas surprenant que les OBNL \u00e9prouvent des difficult\u00e9s \u00e0 concilier collectes de fonds et rapports d\u2019impact. Deux OBNL sur trois sont ouvertes aux offres qui leur permettraient de pr\u00e9senter efficacement au public leur impact. En outre, les OBNL affichent un int\u00e9r\u00eat pour les directives de bonnes pratiques ou les exemples de meilleures pratiques.<\/p>\n\n\n\n<h3 class=\"wp-block-heading\" id=\"h-49-pour-cent-de-taux-de-reponse\"><strong>49 pour cent de taux de r\u00e9ponse<\/strong><\/h3>\n\n\n\n<p>Dans son \u00e9tude, la Zewo s\u2019est int\u00e9ress\u00e9e en premier lieu \u00e0 la communication des OBNL certifi\u00e9es r\u00e9coltant des dons en Suisse, ainsi qu\u2019\u00e0 l\u2019impact de cette communication. Sur les 495 OBNL, 244 ont particip\u00e9 \u00e0 l\u2019enqu\u00eate men\u00e9e du 4 au 22 mars 2019.<\/p>\n\n\n\n<h3 class=\"wp-block-heading\"><strong>NOUVEAU : Mesurer l&rsquo;impact avec le <a href=\"\/fr\/limpact-de-la-communication-des-obnl\/\">Zewo Impact Tool<\/a><\/strong><\/h3>\n\n\n\n<p>Connaissez-vous d\u00e9j\u00e0 le nouvel outil de mesure de l&rsquo;impact, le Zewo Impact Tool (ZIT) ?<\/p>\n\n\n\n<div class=\"wp-block-cgb-block-zewo-block-button ab-block-button\"><a href=\"\/fr\/zewo-impact-tool-demontrez-votre-efficacite\/\" target=\"_blank\" rel=\"noopener noreferrer\" class=\"button secondary\"><span class=\"button-arrow\"><\/span>Tester le Zewo Impact Tool gratuitement<\/a><\/div>\n","protected":false},"excerpt":{"rendered":"<p>Etude Zewo: effectuez de bonnes actions et parlez-en Neuf OBNL sur dix pr\u00e9sentent leur action au grand public d&rsquo;une mani\u00e8re ou d&rsquo;une autre. Une sur deux trouve cette \u00e9tape difficile. Elles sont particuli\u00e8rement mises \u00e0 l\u2019\u00e9preuve lorsqu\u2019il s\u2019agit de concilier collectes de fonds et rapports d&rsquo;impact. Voici les principaux r\u00e9sultats r\u00e9v\u00e9l\u00e9s par une \u00e9tude de [&hellip;]<\/p>\n","protected":false},"author":6,"featured_media":666031,"parent":0,"menu_order":239,"comment_status":"closed","ping_status":"closed","template":"","meta":{"_acf_changed":false,"footnotes":""},"folder":[6643],"class_list":["post-2210389","page","type-page","status-publish","has-post-thumbnail","hentry"],"acf":[],"yoast_head":"<!-- This site is optimized with the Yoast SEO Premium plugin v26.0 (Yoast SEO v26.0) - https:\/\/yoast.com\/wordpress\/plugins\/seo\/ -->\n<title>Zewo<\/title>\n<meta name=\"description\" content=\"Etude Zewo: effectuez de bonnes actions et parlez-en\" \/>\n<meta name=\"robots\" content=\"index, follow, max-snippet:-1, max-image-preview:large, max-video-preview:-1\" \/>\n<link rel=\"canonical\" href=\"https:\/\/zewo.ch\/fr\/limpact-de-la-communication-des-obnl\/\" \/>\n<meta property=\"og:locale\" content=\"fr_FR\" \/>\n<meta property=\"og:type\" content=\"article\" \/>\n<meta property=\"og:description\" content=\"Etude Zewo: effectuez de bonnes actions et parlez-en\" \/>\n<meta property=\"og:url\" content=\"https:\/\/zewo.ch\/fr\/limpact-de-la-communication-des-obnl\/\" \/>\n<meta property=\"og:site_name\" content=\"Zewo\" \/>\n<meta property=\"article:publisher\" content=\"https:\/\/www.facebook.com\/Stiftung.ZEWO\/\" \/>\n<meta property=\"article:modified_time\" content=\"2024-11-27T08:50:42+00:00\" \/>\n<meta property=\"og:image\" content=\"https:\/\/zewo.ch\/wp-content\/uploads\/2019\/11\/shutterstock_169271552_WP.jpg\" \/>\n\t<meta property=\"og:image:width\" content=\"2200\" \/>\n\t<meta property=\"og:image:height\" content=\"440\" \/>\n\t<meta property=\"og:image:type\" content=\"image\/jpeg\" \/>\n<meta name=\"twitter:card\" content=\"summary_large_image\" \/>\n<meta name=\"twitter:site\" content=\"@stiftung_zewo\" \/>\n<meta name=\"twitter:label1\" content=\"Dur\u00e9e de lecture estim\u00e9e\" \/>\n\t<meta name=\"twitter:data1\" content=\"4 minutes\" \/>\n<script type=\"application\/ld+json\" class=\"yoast-schema-graph\">{\"@context\":\"https:\/\/schema.org\",\"@graph\":[{\"@type\":\"WebPage\",\"@id\":\"https:\/\/zewo.ch\/fr\/limpact-de-la-communication-des-obnl\/#webpage\",\"url\":\"https:\/\/zewo.ch\/fr\/limpact-de-la-communication-des-obnl\/#webpage\",\"name\":\"\",\"isPartOf\":{\"@id\":\"https:\/\/zewo.ch\/fr\/#website\"},\"primaryImageOfPage\":{\"@id\":\"https:\/\/zewo.ch\/fr\/limpact-de-la-communication-des-obnl\/#primaryimage\"},\"image\":{\"@id\":\"https:\/\/zewo.ch\/fr\/limpact-de-la-communication-des-obnl\/#primaryimage\"},\"thumbnailUrl\":\"https:\/\/zewo.ch\/wp-content\/uploads\/2019\/11\/shutterstock_169271552_WP.jpg\",\"datePublished\":\"2019-12-11T09:44:47+00:00\",\"dateModified\":\"2024-11-27T08:50:42+00:00\",\"description\":\"Etude Zewo: effectuez de bonnes actions et parlez-en\",\"breadcrumb\":{\"@id\":\"https:\/\/zewo.ch\/fr\/limpact-de-la-communication-des-obnl\/#breadcrumb\"},\"inLanguage\":\"fr-FR\",\"potentialAction\":[{\"@type\":\"ReadAction\",\"target\":[\"https:\/\/zewo.ch\/fr\/limpact-de-la-communication-des-obnl\/\"]}]},{\"@type\":\"ImageObject\",\"inLanguage\":\"fr-FR\",\"@id\":\"https:\/\/zewo.ch\/fr\/limpact-de-la-communication-des-obnl\/#primaryimage\",\"url\":\"https:\/\/zewo.ch\/wp-content\/uploads\/2019\/11\/shutterstock_169271552_WP.jpg\",\"contentUrl\":\"https:\/\/zewo.ch\/wp-content\/uploads\/2019\/11\/shutterstock_169271552_WP.jpg\",\"width\":2200,\"height\":440},{\"@type\":\"BreadcrumbList\",\"@id\":\"https:\/\/zewo.ch\/fr\/limpact-de-la-communication-des-obnl\/#breadcrumb\",\"itemListElement\":[{\"@type\":\"ListItem\",\"position\":1,\"name\":\"Home\",\"item\":\"https:\/\/zewo.ch\/fr\/\"},{\"@type\":\"ListItem\",\"position\":2,\"name\":\"L&#8217;impact de la communication des OBNL\"}]},{\"@type\":\"WebSite\",\"@id\":\"https:\/\/zewo.ch\/fr\/#website\",\"url\":\"https:\/\/zewo.ch\/fr\/\",\"name\":\"Zewo\",\"description\":\"Votre don en bonnes mains.\",\"publisher\":{\"@id\":\"https:\/\/zewo.ch\/fr\/#organization\"},\"potentialAction\":[{\"@type\":\"SearchAction\",\"target\":{\"@type\":\"EntryPoint\",\"urlTemplate\":\"https:\/\/zewo.ch\/fr\/?s={search_term_string}\"},\"query-input\":{\"@type\":\"PropertyValueSpecification\",\"valueRequired\":true,\"valueName\":\"search_term_string\"}}],\"inLanguage\":\"fr-FR\"},{\"@type\":\"Organization\",\"@id\":\"https:\/\/zewo.ch\/fr\/#organization\",\"name\":\"Stiftung Zewo\",\"url\":\"https:\/\/zewo.ch\/fr\/\",\"logo\":{\"@type\":\"ImageObject\",\"inLanguage\":\"fr-FR\",\"@id\":\"https:\/\/zewo.ch\/fr\/#\/schema\/logo\/image\/\",\"url\":\"https:\/\/zewo.ch\/wp-content\/uploads\/2019\/08\/Zewo_Logo_Claim_D.svg\",\"contentUrl\":\"https:\/\/zewo.ch\/wp-content\/uploads\/2019\/08\/Zewo_Logo_Claim_D.svg\",\"width\":1,\"height\":1,\"caption\":\"Stiftung Zewo\"},\"image\":{\"@id\":\"https:\/\/zewo.ch\/fr\/#\/schema\/logo\/image\/\"},\"sameAs\":[\"https:\/\/www.facebook.com\/Stiftung.ZEWO\/\",\"https:\/\/x.com\/stiftung_zewo\",\"https:\/\/www.linkedin.com\/company\/stiftung-zewo\",\"https:\/\/www.youtube.com\/channel\/UCzjsVJro12OXcvvx1LQP8tw\",\"https:\/\/de.wikipedia.org\/wiki\/Zewo\"]}]}<\/script>\n<!-- \/ Yoast SEO Premium plugin. -->","yoast_head_json":{"title":"Zewo","description":"Etude Zewo: effectuez de bonnes actions et parlez-en","robots":{"index":"index","follow":"follow","max-snippet":"max-snippet:-1","max-image-preview":"max-image-preview:large","max-video-preview":"max-video-preview:-1"},"canonical":"https:\/\/zewo.ch\/fr\/limpact-de-la-communication-des-obnl\/","og_locale":"fr_FR","og_type":"article","og_description":"Etude Zewo: effectuez de bonnes actions et parlez-en","og_url":"https:\/\/zewo.ch\/fr\/limpact-de-la-communication-des-obnl\/","og_site_name":"Zewo","article_publisher":"https:\/\/www.facebook.com\/Stiftung.ZEWO\/","article_modified_time":"2024-11-27T08:50:42+00:00","og_image":[{"width":2200,"height":440,"url":"https:\/\/zewo.ch\/wp-content\/uploads\/2019\/11\/shutterstock_169271552_WP.jpg","type":"image\/jpeg"}],"twitter_card":"summary_large_image","twitter_site":"@stiftung_zewo","twitter_misc":{"Dur\u00e9e de lecture estim\u00e9e":"4 minutes"},"schema":{"@context":"https:\/\/schema.org","@graph":[{"@type":"WebPage","@id":"https:\/\/zewo.ch\/fr\/limpact-de-la-communication-des-obnl\/#webpage","url":"https:\/\/zewo.ch\/fr\/limpact-de-la-communication-des-obnl\/#webpage","name":"","isPartOf":{"@id":"https:\/\/zewo.ch\/fr\/#website"},"primaryImageOfPage":{"@id":"https:\/\/zewo.ch\/fr\/limpact-de-la-communication-des-obnl\/#primaryimage"},"image":{"@id":"https:\/\/zewo.ch\/fr\/limpact-de-la-communication-des-obnl\/#primaryimage"},"thumbnailUrl":"https:\/\/zewo.ch\/wp-content\/uploads\/2019\/11\/shutterstock_169271552_WP.jpg","datePublished":"2019-12-11T09:44:47+00:00","dateModified":"2024-11-27T08:50:42+00:00","description":"Etude Zewo: effectuez de bonnes actions et parlez-en","breadcrumb":{"@id":"https:\/\/zewo.ch\/fr\/limpact-de-la-communication-des-obnl\/#breadcrumb"},"inLanguage":"fr-FR","potentialAction":[{"@type":"ReadAction","target":["https:\/\/zewo.ch\/fr\/limpact-de-la-communication-des-obnl\/"]}]},{"@type":"ImageObject","inLanguage":"fr-FR","@id":"https:\/\/zewo.ch\/fr\/limpact-de-la-communication-des-obnl\/#primaryimage","url":"https:\/\/zewo.ch\/wp-content\/uploads\/2019\/11\/shutterstock_169271552_WP.jpg","contentUrl":"https:\/\/zewo.ch\/wp-content\/uploads\/2019\/11\/shutterstock_169271552_WP.jpg","width":2200,"height":440},{"@type":"BreadcrumbList","@id":"https:\/\/zewo.ch\/fr\/limpact-de-la-communication-des-obnl\/#breadcrumb","itemListElement":[{"@type":"ListItem","position":1,"name":"Home","item":"https:\/\/zewo.ch\/fr\/"},{"@type":"ListItem","position":2,"name":"L&#8217;impact de la communication des OBNL"}]},{"@type":"WebSite","@id":"https:\/\/zewo.ch\/fr\/#website","url":"https:\/\/zewo.ch\/fr\/","name":"Zewo","description":"Votre don en bonnes mains.","publisher":{"@id":"https:\/\/zewo.ch\/fr\/#organization"},"potentialAction":[{"@type":"SearchAction","target":{"@type":"EntryPoint","urlTemplate":"https:\/\/zewo.ch\/fr\/?s={search_term_string}"},"query-input":{"@type":"PropertyValueSpecification","valueRequired":true,"valueName":"search_term_string"}}],"inLanguage":"fr-FR"},{"@type":"Organization","@id":"https:\/\/zewo.ch\/fr\/#organization","name":"Stiftung Zewo","url":"https:\/\/zewo.ch\/fr\/","logo":{"@type":"ImageObject","inLanguage":"fr-FR","@id":"https:\/\/zewo.ch\/fr\/#\/schema\/logo\/image\/","url":"https:\/\/zewo.ch\/wp-content\/uploads\/2019\/08\/Zewo_Logo_Claim_D.svg","contentUrl":"https:\/\/zewo.ch\/wp-content\/uploads\/2019\/08\/Zewo_Logo_Claim_D.svg","width":1,"height":1,"caption":"Stiftung Zewo"},"image":{"@id":"https:\/\/zewo.ch\/fr\/#\/schema\/logo\/image\/"},"sameAs":["https:\/\/www.facebook.com\/Stiftung.ZEWO\/","https:\/\/x.com\/stiftung_zewo","https:\/\/www.linkedin.com\/company\/stiftung-zewo","https:\/\/www.youtube.com\/channel\/UCzjsVJro12OXcvvx1LQP8tw","https:\/\/de.wikipedia.org\/wiki\/Zewo"]}]}},"publishpress_future_action":{"enabled":false,"date":"2026-04-25 12:52:05","action":"change-status","newStatus":"draft","terms":[],"taxonomy":"translation_priority","extraData":[]},"publishpress_future_workflow_manual_trigger":{"enabledWorkflows":[]},"_links":{"self":[{"href":"https:\/\/zewo.ch\/fr\/wp-json\/wp\/v2\/pages\/2210389","targetHints":{"allow":["GET"]}}],"collection":[{"href":"https:\/\/zewo.ch\/fr\/wp-json\/wp\/v2\/pages"}],"about":[{"href":"https:\/\/zewo.ch\/fr\/wp-json\/wp\/v2\/types\/page"}],"author":[{"embeddable":true,"href":"https:\/\/zewo.ch\/fr\/wp-json\/wp\/v2\/users\/6"}],"replies":[{"embeddable":true,"href":"https:\/\/zewo.ch\/fr\/wp-json\/wp\/v2\/comments?post=2210389"}],"version-history":[{"count":12,"href":"https:\/\/zewo.ch\/fr\/wp-json\/wp\/v2\/pages\/2210389\/revisions"}],"predecessor-version":[{"id":5925472,"href":"https:\/\/zewo.ch\/fr\/wp-json\/wp\/v2\/pages\/2210389\/revisions\/5925472"}],"wp:featuredmedia":[{"embeddable":true,"href":"https:\/\/zewo.ch\/fr\/wp-json\/wp\/v2\/media\/666031"}],"wp:attachment":[{"href":"https:\/\/zewo.ch\/fr\/wp-json\/wp\/v2\/media?parent=2210389"}],"wp:term":[{"taxonomy":"folder","embeddable":true,"href":"https:\/\/zewo.ch\/fr\/wp-json\/wp\/v2\/folder?post=2210389"}],"curies":[{"name":"wp","href":"https:\/\/api.w.org\/{rel}","templated":true}]}}