{"id":946,"date":"2019-04-30T11:32:06","date_gmt":"2019-04-30T09:32:06","guid":{"rendered":"https:\/\/www.zewo.ch\/?page_id=946"},"modified":"2026-02-11T14:35:37","modified_gmt":"2026-02-11T13:35:37","slug":"geschaeftsstelle","status":"publish","type":"page","link":"https:\/\/zewo.ch\/de\/geschaeftsstelle\/","title":{"rendered":"Gesch\u00e4ftsstelle"},"content":{"rendered":"\n<h2 class=\"wp-block-heading\">Das Team der Zewo ist f\u00fcr Sie da<\/h2>\n\n\n\n<p><strong>Haben Sie Fragen rund ums Spenden? M\u00f6chten Sie mehr erfahren \u00fcber die Pr\u00fcfung f\u00fcr NPO und das Zewo-G\u00fctesiegel? Das Team der Zewo hilft gerne weiter.  <\/strong><\/p>\n\n\n\n<div class=\"wp-block-group\"><div class=\"wp-block-group__inner-container is-layout-constrained wp-block-group-is-layout-constrained\">\n<div class=\"wp-block-group\"><div class=\"wp-block-group__inner-container is-layout-constrained wp-block-group-is-layout-constrained\">\n<div class=\"wp-block-group\"><div class=\"wp-block-group__inner-container is-layout-constrained wp-block-group-is-layout-constrained\">\n<div class=\"wp-block-group is-vertical is-layout-flex wp-container-core-group-is-layout-8cf370e7 wp-block-group-is-layout-flex\">\n<div class=\"wp-block-cgb-block-zewo-block-columns-container container bg-color-light-gray\"><div class=\"grid-x grid-margin-x\" data-columns=\"3\">\n<div class=\"cell small-12 medium-6\"><div class=\"wp-block-cgb-block-zewo-block-image-text-teaser ab-block-cta\"><div class=\"ab-cta-image-wrap bg-color-secondary\"><img decoding=\"async\" class=\"ab-cta-image\" src=\"https:\/\/zewo.ch\/wp-content\/uploads\/2022\/04\/ZEWO_Ziegerer_Zewo.jpg\" alt=\"Martina Ziegerer, Zewo\"\/><\/div><div class=\"ab-cta-content\"><h2 class=\"ab-cta-title\">Martina Ziegerer<\/h2><div class=\"ab-cta-text\">\n<p>Gesch\u00e4ftsleiterin<\/p>\n\n\n\n<p>Telefon +41 44 366 99 55<\/p>\n<\/div><\/div><div class=\"ab-cta-button\"><a href=\"mailto:medienanfrage@zewo.ch\" target=\"_self\" rel=\"noopener noreferrer\" class=\"button primary button-teaser\"><span class=\"button-arrow\"><\/span>Medienanfragen<\/a><\/div><a href=\"mailto:medienanfrage@zewo.ch\" target=\"_self\" rel=\"noopener noreferrer\" class=\"button-teaser--is-full\"><\/a><\/div><\/div>\n<\/div><\/div>\n<\/div>\n<\/div><\/div>\n<\/div><\/div>\n<\/div><\/div>\n\n\n\n<div class=\"wp-block-columns is-layout-flex wp-container-core-columns-is-layout-9d6595d7 wp-block-columns-is-layout-flex\">\n<div class=\"wp-block-column is-layout-flow wp-block-column-is-layout-flow\">\n<p><\/p>\n<\/div>\n<\/div>\n\n\n\n<div class=\"wp-block-columns is-layout-flex wp-container-core-columns-is-layout-9d6595d7 wp-block-columns-is-layout-flex\">\n<div class=\"wp-block-column is-layout-flow wp-block-column-is-layout-flow\">\n<div class=\"cell small-12 medium-6\"><div class=\"wp-block-cgb-block-zewo-block-image-text-teaser ab-block-cta\"><div class=\"ab-cta-image-wrap bg-color-secondary\"><img decoding=\"async\" class=\"ab-cta-image\" src=\"https:\/\/zewo.ch\/wp-content\/uploads\/2026\/02\/Bild_Caroline_Erni-1.jpg?ver=1770807872\" alt=\"\"\/><\/div><div class=\"ab-cta-content\"><h2 class=\"ab-cta-title\">Caroline Erni<\/h2><div class=\"ab-cta-text\">\n<p>G\u00fctesiegelbereich<\/p>\n\n\n\n<p>Telefon +41 44 366 99 54<\/p>\n<\/div><\/div><div class=\"ab-cta-button\"><a href=\"mailto:erni@zewo.ch\" target=\"_self\" rel=\"noopener noreferrer\" class=\"button primary button-teaser\"><span class=\"button-arrow\"><\/span>E-Mail senden<\/a><\/div><a href=\"mailto:erni@zewo.ch\" target=\"_self\" rel=\"noopener noreferrer\" class=\"button-teaser--is-full\"><\/a><\/div><\/div>\n\n\n\n<div class=\"cell small-12 medium-6\"><div class=\"wp-block-cgb-block-zewo-block-image-text-teaser ab-block-cta\"><div class=\"ab-cta-image-wrap bg-color-secondary\"><img decoding=\"async\" class=\"ab-cta-image\" src=\"https:\/\/zewo.ch\/wp-content\/uploads\/2024\/03\/NH_Foto_opt_1.jpg\" alt=\"Foto Nathalie Haeubi\"\/><\/div><div class=\"ab-cta-content\"><h2 class=\"ab-cta-title\">Nathalie H\u00e4ubi<\/h2><div class=\"ab-cta-text\">\n<p>G\u00fctesiegelbereich<\/p>\n\n\n\n<p>Telefon +41 44 366 99 52<\/p>\n<\/div><\/div><div class=\"ab-cta-button\"><a href=\"mailto:haeubi@zewo.ch\" target=\"_self\" rel=\"noopener noreferrer\" class=\"button primary button-teaser\"><span class=\"button-arrow\"><\/span>E-Mail senden<\/a><\/div><a href=\"mailto:haeubi@zewo.ch\" target=\"_self\" rel=\"noopener noreferrer\" class=\"button-teaser--is-full\"><\/a><\/div><\/div>\n\n\n\n<div class=\"wp-block-group is-nowrap is-layout-flex wp-container-core-group-is-layout-ad2f72ca wp-block-group-is-layout-flex\">\n<div class=\"cell small-12 medium-6\"><div class=\"wp-block-cgb-block-zewo-block-image-text-teaser ab-block-cta\"><div class=\"ab-cta-image-wrap bg-color-secondary\"><img decoding=\"async\" class=\"ab-cta-image\" src=\"https:\/\/zewo.ch\/wp-content\/uploads\/2025\/10\/DSC_2351_Moira_Fernandez-scaled.jpg\" alt=\"Foto Moira Fernandez\"\/><\/div><div class=\"ab-cta-content\"><h2 class=\"ab-cta-title\">Moira Fernandez<\/h2><div class=\"ab-cta-text\">\n<p>Sekretariat | Auskunftsdienst f\u00fcr Spendende<\/p>\n\n\n\n<p>Telefon +41 44 366 99 55<\/p>\n<\/div><\/div><div class=\"ab-cta-button\"><a href=\"mailto:fernandez@zewo.ch\" target=\"_self\" rel=\"noopener noreferrer\" class=\"button primary button-teaser\"><span class=\"button-arrow\"><\/span>E-Mail senden<\/a><\/div><a href=\"mailto:fernandez@zewo.ch\" target=\"_self\" rel=\"noopener noreferrer\" class=\"button-teaser--is-full\"><\/a><\/div><\/div>\n\n\n\n<div class=\"cell small-12 medium-6\"><div class=\"wp-block-cgb-block-zewo-block-image-text-teaser ab-block-cta\"><div class=\"ab-cta-image-wrap bg-color-secondary\"><img decoding=\"async\" class=\"ab-cta-image\" src=\"https:\/\/zewo.ch\/wp-content\/uploads\/2025\/12\/Bild_Maja_Gloor_bearbeitet-1-scaled.jpg\" alt=\"\"\/><\/div><div class=\"ab-cta-content\"><h2 class=\"ab-cta-title\">Maja Gloor<\/h2><div class=\"ab-cta-text\">\n<p>Sekretariat | Auskunftsdienst f\u00fcr Spendende<\/p>\n\n\n\n<p>Telefon +41 44 366 99 55<\/p>\n<\/div><\/div><div class=\"ab-cta-button\"><a href=\"mailto:gloor@zewo.ch\" target=\"_self\" rel=\"noopener noreferrer\" class=\"button primary button-teaser\"><span class=\"button-arrow\"><\/span>E-Mail senden<\/a><\/div><a href=\"mailto:gloor@zewo.ch\" target=\"_self\" rel=\"noopener noreferrer\" class=\"button-teaser--is-full\"><\/a><\/div><\/div>\n<\/div>\n\n\n\n<div class=\"cell small-12 medium-6\"><div class=\"wp-block-cgb-block-zewo-block-image-text-teaser ab-block-cta\"><div class=\"ab-cta-image-wrap bg-color-secondary\"><img decoding=\"async\" class=\"ab-cta-image\" src=\"https:\/\/zewo.ch\/wp-content\/uploads\/2024\/03\/cdb-Foto_opt-scaled.jpg\" alt=\"Foto Catherine Baud-Lavigne\"\/><\/div><div class=\"ab-cta-content\"><h2 class=\"ab-cta-title\">Catherine Baud-Lavigne<\/h2><div class=\"ab-cta-text\">\n<p style=\"font-size:9px\">(Foto: Guillaume M\u00e9gevand)<\/p>\n\n\n\n<p>Mandataire Suisse romande<\/p>\n<\/div><\/div><div class=\"ab-cta-button\"><a href=\"mailto:baudlavigne@zewo.ch\" target=\"_self\" rel=\"noopener noreferrer\" class=\"button primary button-teaser\"><span class=\"button-arrow\"><\/span>E-Mail senden<\/a><\/div><a href=\"mailto:baudlavigne@zewo.ch\" target=\"_self\" rel=\"noopener noreferrer\" class=\"button-teaser--is-full\"><\/a><\/div><\/div>\n<\/div>\n\n\n\n<div class=\"wp-block-column is-layout-flow wp-block-column-is-layout-flow\">\n<div class=\"cell small-12 medium-6\"><div class=\"wp-block-cgb-block-zewo-block-image-text-teaser ab-block-cta\"><div class=\"ab-cta-image-wrap bg-color-secondary\"><img decoding=\"async\" class=\"ab-cta-image\" src=\"https:\/\/zewo.ch\/wp-content\/uploads\/2025\/12\/Bild_Jan_Hauser_bearbeitet-1-scaled.jpg\" alt=\"\"\/><\/div><div class=\"ab-cta-content\"><h2 class=\"ab-cta-title\">Jan Hauser<\/h2><div class=\"ab-cta-text\">\n<p>G\u00fctesiegelbereich<\/p>\n\n\n\n<p>Telefon +41 44 366 99 57<\/p>\n<\/div><\/div><div class=\"ab-cta-button\"><a href=\"mailto:hauser@zewo.ch\" target=\"_self\" rel=\"noopener noreferrer\" class=\"button primary button-teaser\"><span class=\"button-arrow\"><\/span>E-Mail senden<\/a><\/div><a href=\"mailto:hauser@zewo.ch\" target=\"_self\" rel=\"noopener noreferrer\" class=\"button-teaser--is-full\"><\/a><\/div><\/div>\n\n\n\n<div class=\"cell small-12 medium-6\"><div class=\"wp-block-cgb-block-zewo-block-image-text-teaser ab-block-cta\"><div class=\"ab-cta-image-wrap bg-color-secondary\"><img decoding=\"async\" class=\"ab-cta-image\" src=\"https:\/\/zewo.ch\/wp-content\/uploads\/2026\/02\/Bild_Yves_Wegmann-1.jpg\" alt=\"\"\/><\/div><div class=\"ab-cta-content\"><h2 class=\"ab-cta-title\">Yves Wegmann<\/h2><div class=\"ab-cta-text\">\n<p>G\u00fctesiegelbereich<\/p>\n\n\n\n<p>Telefon +41 44 366 99 55 56<\/p>\n<\/div><\/div><div class=\"ab-cta-button\"><a href=\"mailto:wegmann@zewo.ch\" target=\"_self\" rel=\"noopener noreferrer\" class=\"button primary button-teaser\"><span class=\"button-arrow\"><\/span>E-Mail senden<\/a><\/div><a href=\"mailto:wegmann@zewo.ch\" target=\"_self\" rel=\"noopener noreferrer\" class=\"button-teaser--is-full\"><\/a><\/div><\/div>\n<\/div>\n<\/div>\n\n\n\n<h2 class=\"wp-block-heading\" id=\"h-so-erreichen-sie-uns\">So erreichen Sie uns<\/h2>\n\n\n\n<p>Stiftung Zewo<br>Pfingstweidstrasse 10<br>8005 Z\u00fcrich<\/p>\n\n\n\n<p>Telefon +41 44 366 99 55<br><br>Montag bis Freitag&nbsp;<br>9h bis 12h<br>14h bis 17h <\/p>\n\n\n\n<ul class=\"wp-block-cgb-block-zewo-block-links container container-columns-2\">\n<li class=\"wp-block-cgb-block-zewo-block-link ab-block-link\"><a href=\"\/de\/kontaktformular\/\" class=\"button\"><span>Kontakt<\/span><span class=\"button-arrow--long\"><\/span><\/a><\/li>\n\n\n\n<li class=\"wp-block-cgb-block-zewo-block-link ab-block-link\"><a href=\"\/de\/medien\/\" class=\"button\"><span>Mediencorner<\/span><span class=\"button-arrow--long\"><\/span><\/a><\/li>\n<\/ul>\n\n\n\n<div class=\"wp-block-cgb-block-zewo-block-columns-container container bg-color-light-gray\"><div class=\"grid-x grid-margin-x\" data-columns=\"3\">\n\n\n<div class=\"cell small-12 medium-6\"><div class=\"wp-block-cgb-block-zewo-block-image-text-teaser ab-block-cta\"><div class=\"ab-cta-image-wrap bg-color-secondary\"><img decoding=\"async\" class=\"ab-cta-image\" src=\"https:\/\/zewo.ch\/wp-content\/uploads\/2019\/05\/spendenmagazin-2018-1.jpg\" alt=\"Das Spendenmagazin 2018\"\/><\/div><div class=\"ab-cta-content\"><h2 class=\"ab-cta-title\">Das Spendenmagazin<\/h2><div class=\"ab-cta-text\">\n<p>Kennen Sie das Spendenmagazin?<\/p>\n<\/div><\/div><div class=\"ab-cta-button\"><a href=\"\/de\/spendenmagazin\/\" target=\"_self\" rel=\"noopener noreferrer\" class=\"button primary button-teaser\"><span class=\"button-arrow\"><\/span>Jetzt Spendenmagazin lesen<\/a><\/div><a href=\"\/de\/spendenmagazin\/\" target=\"_self\" rel=\"noopener noreferrer\" class=\"button-teaser--is-full\"><\/a><\/div><\/div>\n\n\n\n<div class=\"cell small-12 medium-6\"><div class=\"wp-block-cgb-block-zewo-block-image-text-teaser ab-block-cta\"><div class=\"ab-cta-image-wrap bg-color-secondary\"><img decoding=\"async\" class=\"ab-cta-image\" src=\"https:\/\/zewo.ch\/wp-content\/uploads\/2019\/05\/ha\u0308ufige-fragen-7.png\" alt=\"H\u00e4ufige Fragen und Antworten rund ums Spenden\"\/><\/div><div class=\"ab-cta-content\"><h2 class=\"ab-cta-title\">H\u00e4ufige Fragen rund ums Spenden<\/h2><div class=\"ab-cta-text\">\n<p>Der Spenden-Ratgeber der Zewo gibt Ihnen Auskunft zu den wichtigsten Fragen rund ums Spenden.<\/p>\n<\/div><\/div><div class=\"ab-cta-button\"><a href=\"\/de\/fragen-und-antworten-rund-ums-spenden\/\" target=\"_self\" rel=\"noopener noreferrer\" class=\"button primary button-teaser\"><span class=\"button-arrow\"><\/span>Jetzt ansehen<\/a><\/div><a href=\"\/de\/fragen-und-antworten-rund-ums-spenden\/\" target=\"_self\" rel=\"noopener noreferrer\" class=\"button-teaser--is-full\"><\/a><\/div><\/div>\n<\/div><\/div>\n","protected":false},"excerpt":{"rendered":"<p>Das Team der Zewo ist f\u00fcr Sie da Haben Sie Fragen rund ums Spenden? M\u00f6chten Sie mehr erfahren \u00fcber die Pr\u00fcfung f\u00fcr NPO und das Zewo-G\u00fctesiegel? Das Team der Zewo hilft gerne weiter. So erreichen Sie uns Stiftung ZewoPfingstweidstrasse 108005 Z\u00fcrich Telefon +41 44 366 99 55 Montag bis Freitag&nbsp;9h bis 12h14h bis 17h<\/p>\n","protected":false},"author":6,"featured_media":511488,"parent":0,"menu_order":363,"comment_status":"closed","ping_status":"closed","template":"","meta":{"_acf_changed":false,"footnotes":""},"folder":[6639],"class_list":["post-946","page","type-page","status-publish","has-post-thumbnail","hentry"],"acf":[],"yoast_head":"<!-- This site is optimized with the Yoast SEO Premium plugin v26.0 (Yoast SEO v26.0) - https:\/\/yoast.com\/wordpress\/plugins\/seo\/ -->\n<title>Zewo<\/title>\n<meta name=\"description\" content=\"Haben Sie Fragen rund ums Spenden? M\u00f6chten Sie mehr erfahren \u00fcber die Pr\u00fcfung von NPO und das Zewo-G\u00fctesiegel? Das Team der Zewo hilft Ihnen gerne weiter.\" \/>\n<meta name=\"robots\" content=\"index, follow, max-snippet:-1, max-image-preview:large, max-video-preview:-1\" \/>\n<link rel=\"canonical\" href=\"https:\/\/zewo.ch\/de\/geschaeftsstelle\/\" \/>\n<meta property=\"og:locale\" content=\"de_DE\" \/>\n<meta property=\"og:type\" content=\"article\" \/>\n<meta property=\"og:description\" content=\"Haben Sie Fragen rund ums Spenden? M\u00f6chten Sie mehr erfahren \u00fcber die Pr\u00fcfung von NPO und das Zewo-G\u00fctesiegel? Das Team der Zewo hilft Ihnen gerne weiter.\" \/>\n<meta property=\"og:url\" content=\"https:\/\/zewo.ch\/de\/geschaeftsstelle\/\" \/>\n<meta property=\"og:site_name\" content=\"Zewo\" \/>\n<meta property=\"article:publisher\" content=\"https:\/\/www.facebook.com\/Stiftung.ZEWO\/\" \/>\n<meta property=\"article:modified_time\" content=\"2026-02-11T13:35:37+00:00\" \/>\n<meta property=\"og:image\" content=\"https:\/\/zewo.ch\/wp-content\/uploads\/2019\/09\/ZEWO_Aussenaufnahme_2200px.jpg\" \/>\n\t<meta property=\"og:image:width\" content=\"2200\" \/>\n\t<meta property=\"og:image:height\" content=\"440\" \/>\n\t<meta property=\"og:image:type\" content=\"image\/jpeg\" \/>\n<meta name=\"twitter:card\" content=\"summary_large_image\" \/>\n<meta name=\"twitter:site\" content=\"@stiftung_zewo\" \/>\n<meta name=\"twitter:label1\" content=\"Gesch\u00e4tzte Lesezeit\" \/>\n\t<meta name=\"twitter:data1\" content=\"11\u00a0Minuten\" \/>\n<script type=\"application\/ld+json\" class=\"yoast-schema-graph\">{\"@context\":\"https:\/\/schema.org\",\"@graph\":[{\"@type\":\"WebPage\",\"@id\":\"https:\/\/zewo.ch\/de\/geschaeftsstelle\/#webpage\",\"url\":\"https:\/\/zewo.ch\/de\/geschaeftsstelle\/#webpage\",\"name\":\"\",\"isPartOf\":{\"@id\":\"https:\/\/zewo.ch\/de\/#website\"},\"primaryImageOfPage\":{\"@id\":\"https:\/\/zewo.ch\/de\/geschaeftsstelle\/#primaryimage\"},\"image\":{\"@id\":\"https:\/\/zewo.ch\/de\/geschaeftsstelle\/#primaryimage\"},\"thumbnailUrl\":\"https:\/\/zewo.ch\/wp-content\/uploads\/2019\/09\/ZEWO_Aussenaufnahme_2200px.jpg\",\"datePublished\":\"2019-04-30T09:32:06+00:00\",\"dateModified\":\"2026-02-11T13:35:37+00:00\",\"description\":\"Haben Sie Fragen rund ums Spenden? M\u00f6chten Sie mehr erfahren \u00fcber die Pr\u00fcfung von NPO und das Zewo-G\u00fctesiegel? Das Team der Zewo hilft Ihnen gerne weiter.\",\"breadcrumb\":{\"@id\":\"https:\/\/zewo.ch\/de\/geschaeftsstelle\/#breadcrumb\"},\"inLanguage\":\"de\",\"potentialAction\":[{\"@type\":\"ReadAction\",\"target\":[\"https:\/\/zewo.ch\/de\/geschaeftsstelle\/\"]}]},{\"@type\":\"ImageObject\",\"inLanguage\":\"de\",\"@id\":\"https:\/\/zewo.ch\/de\/geschaeftsstelle\/#primaryimage\",\"url\":\"https:\/\/zewo.ch\/wp-content\/uploads\/2019\/09\/ZEWO_Aussenaufnahme_2200px.jpg\",\"contentUrl\":\"https:\/\/zewo.ch\/wp-content\/uploads\/2019\/09\/ZEWO_Aussenaufnahme_2200px.jpg\",\"width\":2200,\"height\":440,\"caption\":\"Gesch\u00e4ftsstelle der Stiftung Zewo\"},{\"@type\":\"BreadcrumbList\",\"@id\":\"https:\/\/zewo.ch\/de\/geschaeftsstelle\/#breadcrumb\",\"itemListElement\":[{\"@type\":\"ListItem\",\"position\":1,\"name\":\"Home\",\"item\":\"https:\/\/zewo.ch\/de\/\"},{\"@type\":\"ListItem\",\"position\":2,\"name\":\"Gesch\u00e4ftsstelle\"}]},{\"@type\":\"WebSite\",\"@id\":\"https:\/\/zewo.ch\/de\/#website\",\"url\":\"https:\/\/zewo.ch\/de\/\",\"name\":\"Zewo\",\"description\":\"Ihre Spende in guten H\u00e4nden.\",\"publisher\":{\"@id\":\"https:\/\/zewo.ch\/de\/#organization\"},\"potentialAction\":[{\"@type\":\"SearchAction\",\"target\":{\"@type\":\"EntryPoint\",\"urlTemplate\":\"https:\/\/zewo.ch\/de\/?s={search_term_string}\"},\"query-input\":{\"@type\":\"PropertyValueSpecification\",\"valueRequired\":true,\"valueName\":\"search_term_string\"}}],\"inLanguage\":\"de\"},{\"@type\":\"Organization\",\"@id\":\"https:\/\/zewo.ch\/de\/#organization\",\"name\":\"Stiftung Zewo\",\"url\":\"https:\/\/zewo.ch\/de\/\",\"logo\":{\"@type\":\"ImageObject\",\"inLanguage\":\"de\",\"@id\":\"https:\/\/zewo.ch\/de\/#\/schema\/logo\/image\/\",\"url\":\"https:\/\/zewo.ch\/wp-content\/uploads\/2019\/08\/Zewo_Logo_Claim_D.svg\",\"contentUrl\":\"https:\/\/zewo.ch\/wp-content\/uploads\/2019\/08\/Zewo_Logo_Claim_D.svg\",\"width\":1,\"height\":1,\"caption\":\"Stiftung Zewo\"},\"image\":{\"@id\":\"https:\/\/zewo.ch\/de\/#\/schema\/logo\/image\/\"},\"sameAs\":[\"https:\/\/www.facebook.com\/Stiftung.ZEWO\/\",\"https:\/\/x.com\/stiftung_zewo\",\"https:\/\/www.linkedin.com\/company\/stiftung-zewo\",\"https:\/\/www.youtube.com\/channel\/UCzjsVJro12OXcvvx1LQP8tw\",\"https:\/\/de.wikipedia.org\/wiki\/Zewo\"]}]}<\/script>\n<!-- \/ Yoast SEO Premium plugin. -->","yoast_head_json":{"title":"Zewo","description":"Haben Sie Fragen rund ums Spenden? M\u00f6chten Sie mehr erfahren \u00fcber die Pr\u00fcfung von NPO und das Zewo-G\u00fctesiegel? Das Team der Zewo hilft Ihnen gerne weiter.","robots":{"index":"index","follow":"follow","max-snippet":"max-snippet:-1","max-image-preview":"max-image-preview:large","max-video-preview":"max-video-preview:-1"},"canonical":"https:\/\/zewo.ch\/de\/geschaeftsstelle\/","og_locale":"de_DE","og_type":"article","og_description":"Haben Sie Fragen rund ums Spenden? M\u00f6chten Sie mehr erfahren \u00fcber die Pr\u00fcfung von NPO und das Zewo-G\u00fctesiegel? Das Team der Zewo hilft Ihnen gerne weiter.","og_url":"https:\/\/zewo.ch\/de\/geschaeftsstelle\/","og_site_name":"Zewo","article_publisher":"https:\/\/www.facebook.com\/Stiftung.ZEWO\/","article_modified_time":"2026-02-11T13:35:37+00:00","og_image":[{"width":2200,"height":440,"url":"https:\/\/zewo.ch\/wp-content\/uploads\/2019\/09\/ZEWO_Aussenaufnahme_2200px.jpg","type":"image\/jpeg"}],"twitter_card":"summary_large_image","twitter_site":"@stiftung_zewo","twitter_misc":{"Gesch\u00e4tzte Lesezeit":"11\u00a0Minuten"},"schema":{"@context":"https:\/\/schema.org","@graph":[{"@type":"WebPage","@id":"https:\/\/zewo.ch\/de\/geschaeftsstelle\/#webpage","url":"https:\/\/zewo.ch\/de\/geschaeftsstelle\/#webpage","name":"","isPartOf":{"@id":"https:\/\/zewo.ch\/de\/#website"},"primaryImageOfPage":{"@id":"https:\/\/zewo.ch\/de\/geschaeftsstelle\/#primaryimage"},"image":{"@id":"https:\/\/zewo.ch\/de\/geschaeftsstelle\/#primaryimage"},"thumbnailUrl":"https:\/\/zewo.ch\/wp-content\/uploads\/2019\/09\/ZEWO_Aussenaufnahme_2200px.jpg","datePublished":"2019-04-30T09:32:06+00:00","dateModified":"2026-02-11T13:35:37+00:00","description":"Haben Sie Fragen rund ums Spenden? M\u00f6chten Sie mehr erfahren \u00fcber die Pr\u00fcfung von NPO und das Zewo-G\u00fctesiegel? Das Team der Zewo hilft Ihnen gerne weiter.","breadcrumb":{"@id":"https:\/\/zewo.ch\/de\/geschaeftsstelle\/#breadcrumb"},"inLanguage":"de","potentialAction":[{"@type":"ReadAction","target":["https:\/\/zewo.ch\/de\/geschaeftsstelle\/"]}]},{"@type":"ImageObject","inLanguage":"de","@id":"https:\/\/zewo.ch\/de\/geschaeftsstelle\/#primaryimage","url":"https:\/\/zewo.ch\/wp-content\/uploads\/2019\/09\/ZEWO_Aussenaufnahme_2200px.jpg","contentUrl":"https:\/\/zewo.ch\/wp-content\/uploads\/2019\/09\/ZEWO_Aussenaufnahme_2200px.jpg","width":2200,"height":440,"caption":"Gesch\u00e4ftsstelle der Stiftung Zewo"},{"@type":"BreadcrumbList","@id":"https:\/\/zewo.ch\/de\/geschaeftsstelle\/#breadcrumb","itemListElement":[{"@type":"ListItem","position":1,"name":"Home","item":"https:\/\/zewo.ch\/de\/"},{"@type":"ListItem","position":2,"name":"Gesch\u00e4ftsstelle"}]},{"@type":"WebSite","@id":"https:\/\/zewo.ch\/de\/#website","url":"https:\/\/zewo.ch\/de\/","name":"Zewo","description":"Ihre Spende in guten H\u00e4nden.","publisher":{"@id":"https:\/\/zewo.ch\/de\/#organization"},"potentialAction":[{"@type":"SearchAction","target":{"@type":"EntryPoint","urlTemplate":"https:\/\/zewo.ch\/de\/?s={search_term_string}"},"query-input":{"@type":"PropertyValueSpecification","valueRequired":true,"valueName":"search_term_string"}}],"inLanguage":"de"},{"@type":"Organization","@id":"https:\/\/zewo.ch\/de\/#organization","name":"Stiftung Zewo","url":"https:\/\/zewo.ch\/de\/","logo":{"@type":"ImageObject","inLanguage":"de","@id":"https:\/\/zewo.ch\/de\/#\/schema\/logo\/image\/","url":"https:\/\/zewo.ch\/wp-content\/uploads\/2019\/08\/Zewo_Logo_Claim_D.svg","contentUrl":"https:\/\/zewo.ch\/wp-content\/uploads\/2019\/08\/Zewo_Logo_Claim_D.svg","width":1,"height":1,"caption":"Stiftung Zewo"},"image":{"@id":"https:\/\/zewo.ch\/de\/#\/schema\/logo\/image\/"},"sameAs":["https:\/\/www.facebook.com\/Stiftung.ZEWO\/","https:\/\/x.com\/stiftung_zewo","https:\/\/www.linkedin.com\/company\/stiftung-zewo","https:\/\/www.youtube.com\/channel\/UCzjsVJro12OXcvvx1LQP8tw","https:\/\/de.wikipedia.org\/wiki\/Zewo"]}]}},"publishpress_future_action":{"enabled":false,"date":"2026-04-24 00:40:17","action":"change-status","newStatus":"draft","terms":[],"taxonomy":"translation_priority","extraData":[]},"publishpress_future_workflow_manual_trigger":{"enabledWorkflows":[]},"_links":{"self":[{"href":"https:\/\/zewo.ch\/de\/wp-json\/wp\/v2\/pages\/946","targetHints":{"allow":["GET"]}}],"collection":[{"href":"https:\/\/zewo.ch\/de\/wp-json\/wp\/v2\/pages"}],"about":[{"href":"https:\/\/zewo.ch\/de\/wp-json\/wp\/v2\/types\/page"}],"author":[{"embeddable":true,"href":"https:\/\/zewo.ch\/de\/wp-json\/wp\/v2\/users\/6"}],"replies":[{"embeddable":true,"href":"https:\/\/zewo.ch\/de\/wp-json\/wp\/v2\/comments?post=946"}],"version-history":[{"count":189,"href":"https:\/\/zewo.ch\/de\/wp-json\/wp\/v2\/pages\/946\/revisions"}],"predecessor-version":[{"id":5938156,"href":"https:\/\/zewo.ch\/de\/wp-json\/wp\/v2\/pages\/946\/revisions\/5938156"}],"wp:featuredmedia":[{"embeddable":true,"href":"https:\/\/zewo.ch\/de\/wp-json\/wp\/v2\/media\/511488"}],"wp:attachment":[{"href":"https:\/\/zewo.ch\/de\/wp-json\/wp\/v2\/media?parent=946"}],"wp:term":[{"taxonomy":"folder","embeddable":true,"href":"https:\/\/zewo.ch\/de\/wp-json\/wp\/v2\/folder?post=946"}],"curies":[{"name":"wp","href":"https:\/\/api.w.org\/{rel}","templated":true}]}}