{"id":904,"date":"2019-04-18T10:57:04","date_gmt":"2019-04-18T08:57:04","guid":{"rendered":"https:\/\/www.zewo.ch\/?page_id=904"},"modified":"2021-07-01T17:11:33","modified_gmt":"2021-07-01T15:11:33","slug":"anmeldung-zur-zewo-tagung","status":"publish","type":"page","link":"https:\/\/zewo.ch\/de\/anmeldung-zur-zewo-tagung\/","title":{"rendered":"Vormerkung Zewo-Tagung"},"content":{"rendered":"\n<p>Die Tagung 2019 ist schon vorbei \u2013 wegen der Coronavirus Pandemie f\u00e4llt dieses Jahr die Veranstaltung leider aus. Wir begr\u00fcssen Sie aber gerne im n\u00e4chstes Jahr: <strong>am 9. September 2021 in Bern<\/strong>.<\/p>\n\n\n\n<p>Melden Sie sich f\u00fcr unseren Newsletter an und bleiben Sie auf dem Laufenden.<\/p>\n\n\n<script>(function() {\n\twindow.mc4wp = window.mc4wp || {\n\t\tlisteners: [],\n\t\tforms: {\n\t\t\ton: function(evt, cb) {\n\t\t\t\twindow.mc4wp.listeners.push(\n\t\t\t\t\t{\n\t\t\t\t\t\tevent   : evt,\n\t\t\t\t\t\tcallback: cb\n\t\t\t\t\t}\n\t\t\t\t);\n\t\t\t}\n\t\t}\n\t}\n})();\n<\/script><!-- Mailchimp for WordPress v4.10.7 - https:\/\/wordpress.org\/plugins\/mailchimp-for-wp\/ --><form id=\"mc4wp-form-1\" class=\"mc4wp-form mc4wp-form-835\" method=\"post\" data-id=\"835\" data-name=\"Zewo Newsletter\" ><div class=\"mc4wp-form-fields\"><div class=\"form-field\">\r\n  <label for=\"field_news1\"> Vorname* <\/label><br>\r\n  <span>\r\n  \t<input id=\"field_news1\" type=\"text\" name=\"FNAME\" value=\"\" aria-required=\"true\" aria-invalid=\"false\" required=\"\">\r\n  <\/span>\r\n<\/div>\r\n                                                                                                  \r\n<div class=\"form-field\">\r\n  <label for=\"field_news2\"> Nachname* <\/label><br>\r\n  <span>\r\n  \t<input id=\"field_news2\" type=\"text\" name=\"LNAME\" value=\"\" aria-required=\"true\" aria-invalid=\"false\" required=\"\">\r\n  <\/span>\r\n<\/div>\r\n               \r\n<div class=\"form-field\">\r\n  <label for=\"field_news3\"> E-Mail* <\/label><br>\r\n  <span>\r\n  \t<input id=\"field_news3\" type=\"email\" name=\"EMAIL\" value=\"\" aria-required=\"true\" aria-invalid=\"false\" required=\"\">\r\n  <\/span>\r\n<\/div>\r\n\r\n<div class=\"form-field\">\r\n  <label for=\"field_news4\"> Organisation <\/label><br>\r\n  <span>\r\n  \t<input id=\"field_news4\" type=\"text\" name=\"ORAGNI\" value=\"\">\r\n  <\/span>\r\n<\/div>\r\n\r\n<p>\r\n  <button type=\"submit\" class=\"button is--transparent margin-top-1\"><span class=\"button-arrow\"><\/span>Abonnieren<\/button>\r\n<\/p>\r\n\r\n<p>\r\n  <div class=\"custom-field\">\r\n    <span class=\"opt-call\">\r\n        <span>\r\n            <span class=\"first last\">\r\n                <label>\r\n                    <input type=\"checkbox\" name=\"AGREE_TO_TERMS\" value=\"1\" aria-required=\"true\" aria-invalid=\"false\">\r\n                    <span><a href=\"\/de\/impressum-und-datenschutzerklaerung\/\" target=\"_blank\">Ich stimme den Datenschutzbestimmungen zu. <\/a><\/span>\r\n                <\/label>\r\n            <\/span>\r\n        <\/span>\r\n    <\/span>\r\n  <\/div>\r\n<\/p><\/div><label style=\"display: none !important;\">Wenn du ein Mensch bist, lasse das Feld leer: <input type=\"text\" name=\"_mc4wp_honeypot\" value=\"\" tabindex=\"-1\" autocomplete=\"off\" \/><\/label><input type=\"hidden\" name=\"_mc4wp_timestamp\" value=\"1776363923\" \/><input type=\"hidden\" name=\"_mc4wp_form_id\" value=\"835\" \/><input type=\"hidden\" name=\"_mc4wp_form_element_id\" value=\"mc4wp-form-1\" \/><div class=\"mc4wp-response\"><\/div><\/form><!-- \/ Mailchimp for WordPress Plugin -->","protected":false},"excerpt":{"rendered":"<p>Die Tagung 2019 ist schon vorbei \u2013 wegen der Coronavirus Pandemie f\u00e4llt dieses Jahr die Veranstaltung leider aus. Wir begr\u00fcssen Sie aber gerne im n\u00e4chstes Jahr: am 9. September 2021 in Bern. Melden Sie sich f\u00fcr unseren Newsletter an und bleiben Sie auf dem Laufenden.<\/p>\n","protected":false},"author":6,"featured_media":666029,"parent":0,"menu_order":334,"comment_status":"closed","ping_status":"closed","template":"","meta":{"_acf_changed":false,"footnotes":""},"folder":[6639],"class_list":["post-904","page","type-page","status-publish","has-post-thumbnail","hentry"],"acf":[],"yoast_head":"<!-- This site is optimized with the Yoast SEO Premium plugin v26.0 (Yoast SEO v26.0) - https:\/\/yoast.com\/wordpress\/plugins\/seo\/ -->\n<title>Zewo<\/title>\n<meta name=\"description\" content=\"Bei der Zewo-Tagung werden jedes Jahr interessante Referate und Workshops zu aktuellen Themen im Spendenmarkt angeboten. Melden Sie sich noch jetzt an.\" \/>\n<meta name=\"robots\" content=\"index, follow, max-snippet:-1, max-image-preview:large, max-video-preview:-1\" \/>\n<link rel=\"canonical\" href=\"https:\/\/zewo.ch\/de\/anmeldung-zur-zewo-tagung\/\" \/>\n<meta property=\"og:locale\" content=\"de_DE\" \/>\n<meta property=\"og:type\" content=\"article\" \/>\n<meta property=\"og:description\" content=\"Bei der Zewo-Tagung werden jedes Jahr interessante Referate und Workshops zu aktuellen Themen im Spendenmarkt angeboten. Melden Sie sich noch jetzt an.\" \/>\n<meta property=\"og:url\" content=\"https:\/\/zewo.ch\/de\/anmeldung-zur-zewo-tagung\/\" \/>\n<meta property=\"og:site_name\" content=\"Zewo\" \/>\n<meta property=\"article:publisher\" content=\"https:\/\/www.facebook.com\/Stiftung.ZEWO\/\" \/>\n<meta property=\"article:modified_time\" content=\"2021-07-01T15:11:33+00:00\" \/>\n<meta property=\"og:image\" content=\"https:\/\/zewo.ch\/wp-content\/uploads\/2019\/11\/shutterstock_169271552_WP.jpg\" \/>\n\t<meta property=\"og:image:width\" content=\"2200\" \/>\n\t<meta property=\"og:image:height\" content=\"440\" \/>\n\t<meta property=\"og:image:type\" content=\"image\/jpeg\" \/>\n<meta name=\"twitter:card\" content=\"summary_large_image\" \/>\n<meta name=\"twitter:site\" content=\"@stiftung_zewo\" \/>\n<script type=\"application\/ld+json\" class=\"yoast-schema-graph\">{\"@context\":\"https:\/\/schema.org\",\"@graph\":[{\"@type\":\"WebPage\",\"@id\":\"https:\/\/zewo.ch\/de\/anmeldung-zur-zewo-tagung\/#webpage\",\"url\":\"https:\/\/zewo.ch\/de\/anmeldung-zur-zewo-tagung\/#webpage\",\"name\":\"\",\"isPartOf\":{\"@id\":\"https:\/\/zewo.ch\/de\/#website\"},\"primaryImageOfPage\":{\"@id\":\"https:\/\/zewo.ch\/de\/anmeldung-zur-zewo-tagung\/#primaryimage\"},\"image\":{\"@id\":\"https:\/\/zewo.ch\/de\/anmeldung-zur-zewo-tagung\/#primaryimage\"},\"thumbnailUrl\":\"https:\/\/zewo.ch\/wp-content\/uploads\/2019\/11\/shutterstock_169271552_WP.jpg\",\"datePublished\":\"2019-04-18T08:57:04+00:00\",\"dateModified\":\"2021-07-01T15:11:33+00:00\",\"description\":\"Bei der Zewo-Tagung werden jedes Jahr interessante Referate und Workshops zu aktuellen Themen im Spendenmarkt angeboten. Melden Sie sich noch jetzt an.\",\"breadcrumb\":{\"@id\":\"https:\/\/zewo.ch\/de\/anmeldung-zur-zewo-tagung\/#breadcrumb\"},\"inLanguage\":\"de\",\"potentialAction\":[{\"@type\":\"ReadAction\",\"target\":[\"https:\/\/zewo.ch\/de\/anmeldung-zur-zewo-tagung\/\"]}]},{\"@type\":\"ImageObject\",\"inLanguage\":\"de\",\"@id\":\"https:\/\/zewo.ch\/de\/anmeldung-zur-zewo-tagung\/#primaryimage\",\"url\":\"https:\/\/zewo.ch\/wp-content\/uploads\/2019\/11\/shutterstock_169271552_WP.jpg\",\"contentUrl\":\"https:\/\/zewo.ch\/wp-content\/uploads\/2019\/11\/shutterstock_169271552_WP.jpg\",\"width\":2200,\"height\":440},{\"@type\":\"BreadcrumbList\",\"@id\":\"https:\/\/zewo.ch\/de\/anmeldung-zur-zewo-tagung\/#breadcrumb\",\"itemListElement\":[{\"@type\":\"ListItem\",\"position\":1,\"name\":\"Home\",\"item\":\"https:\/\/zewo.ch\/de\/\"},{\"@type\":\"ListItem\",\"position\":2,\"name\":\"Vormerkung Zewo-Tagung\"}]},{\"@type\":\"WebSite\",\"@id\":\"https:\/\/zewo.ch\/de\/#website\",\"url\":\"https:\/\/zewo.ch\/de\/\",\"name\":\"Zewo\",\"description\":\"Ihre Spende in guten H\u00e4nden.\",\"publisher\":{\"@id\":\"https:\/\/zewo.ch\/de\/#organization\"},\"potentialAction\":[{\"@type\":\"SearchAction\",\"target\":{\"@type\":\"EntryPoint\",\"urlTemplate\":\"https:\/\/zewo.ch\/de\/?s={search_term_string}\"},\"query-input\":{\"@type\":\"PropertyValueSpecification\",\"valueRequired\":true,\"valueName\":\"search_term_string\"}}],\"inLanguage\":\"de\"},{\"@type\":\"Organization\",\"@id\":\"https:\/\/zewo.ch\/de\/#organization\",\"name\":\"Stiftung Zewo\",\"url\":\"https:\/\/zewo.ch\/de\/\",\"logo\":{\"@type\":\"ImageObject\",\"inLanguage\":\"de\",\"@id\":\"https:\/\/zewo.ch\/de\/#\/schema\/logo\/image\/\",\"url\":\"https:\/\/zewo.ch\/wp-content\/uploads\/2019\/08\/Zewo_Logo_Claim_D.svg\",\"contentUrl\":\"https:\/\/zewo.ch\/wp-content\/uploads\/2019\/08\/Zewo_Logo_Claim_D.svg\",\"width\":1,\"height\":1,\"caption\":\"Stiftung Zewo\"},\"image\":{\"@id\":\"https:\/\/zewo.ch\/de\/#\/schema\/logo\/image\/\"},\"sameAs\":[\"https:\/\/www.facebook.com\/Stiftung.ZEWO\/\",\"https:\/\/x.com\/stiftung_zewo\",\"https:\/\/www.linkedin.com\/company\/stiftung-zewo\",\"https:\/\/www.youtube.com\/channel\/UCzjsVJro12OXcvvx1LQP8tw\",\"https:\/\/de.wikipedia.org\/wiki\/Zewo\"]}]}<\/script>\n<!-- \/ Yoast SEO Premium plugin. -->","yoast_head_json":{"title":"Zewo","description":"Bei der Zewo-Tagung werden jedes Jahr interessante Referate und Workshops zu aktuellen Themen im Spendenmarkt angeboten. Melden Sie sich noch jetzt an.","robots":{"index":"index","follow":"follow","max-snippet":"max-snippet:-1","max-image-preview":"max-image-preview:large","max-video-preview":"max-video-preview:-1"},"canonical":"https:\/\/zewo.ch\/de\/anmeldung-zur-zewo-tagung\/","og_locale":"de_DE","og_type":"article","og_description":"Bei der Zewo-Tagung werden jedes Jahr interessante Referate und Workshops zu aktuellen Themen im Spendenmarkt angeboten. Melden Sie sich noch jetzt an.","og_url":"https:\/\/zewo.ch\/de\/anmeldung-zur-zewo-tagung\/","og_site_name":"Zewo","article_publisher":"https:\/\/www.facebook.com\/Stiftung.ZEWO\/","article_modified_time":"2021-07-01T15:11:33+00:00","og_image":[{"width":2200,"height":440,"url":"https:\/\/zewo.ch\/wp-content\/uploads\/2019\/11\/shutterstock_169271552_WP.jpg","type":"image\/jpeg"}],"twitter_card":"summary_large_image","twitter_site":"@stiftung_zewo","schema":{"@context":"https:\/\/schema.org","@graph":[{"@type":"WebPage","@id":"https:\/\/zewo.ch\/de\/anmeldung-zur-zewo-tagung\/#webpage","url":"https:\/\/zewo.ch\/de\/anmeldung-zur-zewo-tagung\/#webpage","name":"","isPartOf":{"@id":"https:\/\/zewo.ch\/de\/#website"},"primaryImageOfPage":{"@id":"https:\/\/zewo.ch\/de\/anmeldung-zur-zewo-tagung\/#primaryimage"},"image":{"@id":"https:\/\/zewo.ch\/de\/anmeldung-zur-zewo-tagung\/#primaryimage"},"thumbnailUrl":"https:\/\/zewo.ch\/wp-content\/uploads\/2019\/11\/shutterstock_169271552_WP.jpg","datePublished":"2019-04-18T08:57:04+00:00","dateModified":"2021-07-01T15:11:33+00:00","description":"Bei der Zewo-Tagung werden jedes Jahr interessante Referate und Workshops zu aktuellen Themen im Spendenmarkt angeboten. Melden Sie sich noch jetzt an.","breadcrumb":{"@id":"https:\/\/zewo.ch\/de\/anmeldung-zur-zewo-tagung\/#breadcrumb"},"inLanguage":"de","potentialAction":[{"@type":"ReadAction","target":["https:\/\/zewo.ch\/de\/anmeldung-zur-zewo-tagung\/"]}]},{"@type":"ImageObject","inLanguage":"de","@id":"https:\/\/zewo.ch\/de\/anmeldung-zur-zewo-tagung\/#primaryimage","url":"https:\/\/zewo.ch\/wp-content\/uploads\/2019\/11\/shutterstock_169271552_WP.jpg","contentUrl":"https:\/\/zewo.ch\/wp-content\/uploads\/2019\/11\/shutterstock_169271552_WP.jpg","width":2200,"height":440},{"@type":"BreadcrumbList","@id":"https:\/\/zewo.ch\/de\/anmeldung-zur-zewo-tagung\/#breadcrumb","itemListElement":[{"@type":"ListItem","position":1,"name":"Home","item":"https:\/\/zewo.ch\/de\/"},{"@type":"ListItem","position":2,"name":"Vormerkung Zewo-Tagung"}]},{"@type":"WebSite","@id":"https:\/\/zewo.ch\/de\/#website","url":"https:\/\/zewo.ch\/de\/","name":"Zewo","description":"Ihre Spende in guten H\u00e4nden.","publisher":{"@id":"https:\/\/zewo.ch\/de\/#organization"},"potentialAction":[{"@type":"SearchAction","target":{"@type":"EntryPoint","urlTemplate":"https:\/\/zewo.ch\/de\/?s={search_term_string}"},"query-input":{"@type":"PropertyValueSpecification","valueRequired":true,"valueName":"search_term_string"}}],"inLanguage":"de"},{"@type":"Organization","@id":"https:\/\/zewo.ch\/de\/#organization","name":"Stiftung Zewo","url":"https:\/\/zewo.ch\/de\/","logo":{"@type":"ImageObject","inLanguage":"de","@id":"https:\/\/zewo.ch\/de\/#\/schema\/logo\/image\/","url":"https:\/\/zewo.ch\/wp-content\/uploads\/2019\/08\/Zewo_Logo_Claim_D.svg","contentUrl":"https:\/\/zewo.ch\/wp-content\/uploads\/2019\/08\/Zewo_Logo_Claim_D.svg","width":1,"height":1,"caption":"Stiftung Zewo"},"image":{"@id":"https:\/\/zewo.ch\/de\/#\/schema\/logo\/image\/"},"sameAs":["https:\/\/www.facebook.com\/Stiftung.ZEWO\/","https:\/\/x.com\/stiftung_zewo","https:\/\/www.linkedin.com\/company\/stiftung-zewo","https:\/\/www.youtube.com\/channel\/UCzjsVJro12OXcvvx1LQP8tw","https:\/\/de.wikipedia.org\/wiki\/Zewo"]}]}},"publishpress_future_action":{"enabled":false,"date":"2026-04-23 20:25:23","action":"change-status","newStatus":"draft","terms":[],"taxonomy":"translation_priority","extraData":[]},"publishpress_future_workflow_manual_trigger":{"enabledWorkflows":[]},"_links":{"self":[{"href":"https:\/\/zewo.ch\/de\/wp-json\/wp\/v2\/pages\/904","targetHints":{"allow":["GET"]}}],"collection":[{"href":"https:\/\/zewo.ch\/de\/wp-json\/wp\/v2\/pages"}],"about":[{"href":"https:\/\/zewo.ch\/de\/wp-json\/wp\/v2\/types\/page"}],"author":[{"embeddable":true,"href":"https:\/\/zewo.ch\/de\/wp-json\/wp\/v2\/users\/6"}],"replies":[{"embeddable":true,"href":"https:\/\/zewo.ch\/de\/wp-json\/wp\/v2\/comments?post=904"}],"version-history":[{"count":14,"href":"https:\/\/zewo.ch\/de\/wp-json\/wp\/v2\/pages\/904\/revisions"}],"predecessor-version":[{"id":5781608,"href":"https:\/\/zewo.ch\/de\/wp-json\/wp\/v2\/pages\/904\/revisions\/5781608"}],"wp:featuredmedia":[{"embeddable":true,"href":"https:\/\/zewo.ch\/de\/wp-json\/wp\/v2\/media\/666029"}],"wp:attachment":[{"href":"https:\/\/zewo.ch\/de\/wp-json\/wp\/v2\/media?parent=904"}],"wp:term":[{"taxonomy":"folder","embeddable":true,"href":"https:\/\/zewo.ch\/de\/wp-json\/wp\/v2\/folder?post=904"}],"curies":[{"name":"wp","href":"https:\/\/api.w.org\/{rel}","templated":true}]}}