{"id":82458,"date":"2019-05-20T15:13:33","date_gmt":"2019-05-20T13:13:33","guid":{"rendered":"https:\/\/www.zewo.ch\/?page_id=82458"},"modified":"2026-01-29T17:02:28","modified_gmt":"2026-01-29T16:02:28","slug":"nicht-mehr-zertifiziert","status":"publish","type":"page","link":"https:\/\/zewo.ch\/de\/nicht-mehr-zertifiziert\/","title":{"rendered":"Nicht mehr zertifiziert"},"content":{"rendered":"\n<h2 class=\"wp-block-heading\">Diese NPO tragen kein Zewo-G\u00fctesiegel mehr <\/h2>\n\n\n\n<p><strong>Spenderinnen und Spender erkennen auf einen Blick, welche NPO das G\u00fctesiegel nicht mehr tragen. Diese NPO unterstehen nicht mehr der Kontrolle durch die Zewo. Die Gr\u00fcnde daf\u00fcr sind unterschiedlich.<\/strong><\/p>\n\n\n\n<p>Kommt die Zewo bei einer <a href=\"\/de\/der-weg-zum-zewo-guetesiegel\/guetesiegel-behalten\/\">Kontrolle<\/a> zu dem Schluss, dass eine NPO die <a href=\"\/de\/die-21-zewo-standards\/\">21 Standards<\/a> nicht mehr erf\u00fcllt, verliert diese das G\u00fctesiegel. Wird eine zertifizierte NPO in eine andere Organisation integriert, die kein G\u00fctesiegel tr\u00e4gt,&nbsp;darf sie das G\u00fctesiegel nicht mehr tragen. Mitunter verzichten NPO auch von sich aus auf das G\u00fctesiegel. Zum Beispiel, weil sie sich aufl\u00f6sen, oder weil sie die Standards der Zewo nicht mehr erf\u00fcllen. <\/p>\n\n\n\n<h2 class=\"wp-block-heading\" id=\"h-seit-2026-ohne-gutesiegel\">Seit 2026 ohne G\u00fctesiegel<\/h2>\n\n\n\n<p><strong>Erneuerung des Zewo-G\u00fctesiegels kam nicht Zustande<\/strong><\/p>\n\n\n\n<ul class=\"wp-block-list\">\n<li>Schweizerische Polyarthritiker-Vereinigung (Unterorganisation)<\/li>\n\n\n\n<li>Schweizerische Fibromyalgie Vereinigung (Unterorganisation)<\/li>\n<\/ul>\n\n\n\n<p><strong>R\u00fcckgabe des Zewo-G\u00fctesiegels<\/strong><\/p>\n\n\n\n<ul class=\"wp-block-list\">\n<li>team 72<\/li>\n<\/ul>\n\n\n\n<h2 class=\"wp-block-heading\" id=\"h-seit-2025-ohne-gutesiegel\">Seit 2025 ohne G\u00fctesiegel<\/h2>\n\n\n\n<p><strong>Erneuerung des Zewo-G\u00fctesiegels kam nicht Zustande<\/strong><\/p>\n\n\n\n<ul class=\"wp-block-list\">\n<li>IOGT Schweiz<\/li>\n\n\n\n<li>Z\u00fcrcher Lighthouse<\/li>\n<\/ul>\n\n\n\n<p><strong>R\u00fcckgabe des Zewo-G\u00fctesiegels<\/strong><\/p>\n\n\n\n<ul class=\"wp-block-list\">\n<li>Johanna Spyri-Stiftung&nbsp;<\/li>\n\n\n\n<li>fairunterwegs&nbsp;<\/li>\n<\/ul>\n\n\n\n<h2 class=\"wp-block-heading\" id=\"h-seit-2024-ohne-gutesiegel\">Seit 2024 ohne G\u00fctesiegel<\/h2>\n\n\n\n<p><strong>Erneuerung des Zewo-G\u00fctesiegels kam nicht zustande<\/strong><\/p>\n\n\n\n<ul class=\"wp-block-list\">\n<li>FoRom \u00e9coute<\/li>\n\n\n\n<li>IWAZ<\/li>\n<\/ul>\n\n\n\n<p><strong>R\u00fcckgabe des Zewo-G\u00fctesiegels <\/strong><\/p>\n\n\n\n<ul class=\"wp-block-list\">\n<li>EurAsia Heart<\/li>\n\n\n\n<li>Stiftung M\u00fchlehalde<\/li>\n\n\n\n<li>Suchtfachstelle Z\u00fcrich<\/li>\n<\/ul>\n\n\n\n<h2 class=\"wp-block-heading\" id=\"Seit-2023-ohne-G\u00fctesiegel\">Seit 2023 ohne G\u00fctesiegel <\/h2>\n\n\n\n<p><strong>Erneuerung des Zewo-G\u00fctesiegels kam nicht zustande<\/strong><\/p>\n\n\n\n<ul class=\"wp-block-list\">\n<li>Zonaprotetta, Lugano (Unterorganisation)<\/li>\n\n\n\n<li>Stiftung NAK-Humanitas<\/li>\n<\/ul>\n\n\n\n<p><strong>R\u00fcckgabe des Zewo-G\u00fctesiegels<\/strong> <\/p>\n\n\n\n<ul class=\"wp-block-list\">\n<li>Verein Paz Mundo<\/li>\n\n\n\n<li>COMPAGNA Sektion Basel-Stadt<\/li>\n<\/ul>\n\n\n\n<ul class=\"wp-block-list\">\n<li>Verein Lunge Z\u00fcrich (Unterorganisation, Austritt aus dem Netzwerk)<\/li>\n<\/ul>\n\n\n\n<h2 class=\"wp-block-heading\" id=\"Seit-2022-ohne-G\u00fctesiegel\">Seit 2022 ohne G\u00fctesiegel<\/h2>\n\n\n\n<h3 class=\"wp-block-heading\">Erneuerung des Zewo-G\u00fctesiegels kam nicht zustande<\/h3>\n\n\n\n<ul class=\"wp-block-list\">\n<li>Les Coll\u00e9giens Akadiens et leurs Amis Africains (CAAA), Z\u00fcrich<\/li>\n<\/ul>\n\n\n\n<h3 class=\"wp-block-heading\">R\u00fcckgabe des Zewo-G\u00fctesiegels<\/h3>\n\n\n\n<ul class=\"wp-block-list\">\n<li>Association S\u00e9n\u00e9galit\u00e9<\/li>\n\n\n\n<li>Fondation de Vernand<\/li>\n\n\n\n<li>Parkinson Schweiz<\/li>\n\n\n\n<li>Wohnen f\u00fcr K\u00f6rperbehinderte WKB<\/li>\n<\/ul>\n\n\n\n<ul class=\"wp-block-list\">\n<li>Associazione Ticinese per i Diabetici (Unterorganisation)<\/li>\n\n\n\n<li>Diabetes-Gesellschaft GL-GR-FL (Unterorganisation)<\/li>\n\n\n\n<li>Fragile Ticino (Unterorganisation) <\/li>\n\n\n\n<li>insieme Region Zurzach (Unterorganisation)<\/li>\n\n\n\n<li>Z\u00fcrcher Diabetes-Gesellschaft (Unterorganisation)<\/li>\n<\/ul>\n\n\n\n<h2 class=\"wp-block-heading\" id=\"Seit-2021-ohne-G\u00fctesiegel\">Seit 2021 ohne G\u00fctesiegel<\/h2>\n\n\n\n<p><strong>Erneuerung des Zewo-G\u00fctesiegels kam nicht zustande<\/strong><\/p>\n\n\n\n<ul class=\"wp-block-list\">\n<li>Schweizerische Gemeinn\u00fctzige Gesellschaft (SGG)<\/li>\n\n\n\n<li>Stiftung Mosaik<\/li>\n\n\n\n<li>Stiftung Kinderheime Solothurn<\/li>\n<\/ul>\n\n\n\n<p><strong>R\u00fcckgabe des Zewo-G\u00fctesiegels<\/strong><\/p>\n\n\n\n<ul class=\"wp-block-list\">\n<li>Verein Werkst\u00e4tte Drahtzug<\/li>\n<\/ul>\n\n\n\n<ul class=\"wp-block-list\">\n<li>Association fribourgeoise du diab\u00e8te Diab\u00e8tefribourg (Unterorganisation)<\/li>\n\n\n\n<li>Fondation Pro Juventute Gen\u00e8ve (Unterorganisation), (2021 neu-zertifiziert als Fondation 022 Famille)<\/li>\n\n\n\n<li>insieme Neuch\u00e2tel (Unterorganisation)<\/li>\n\n\n\n<li>Inter-agire (Unterorganisation)<\/li>\n<\/ul>\n\n\n\n<h2 class=\"wp-block-heading\" id=\"4\">Seit 2020 ohne G\u00fctesiegel<\/h2>\n\n\n\n<h3 class=\"wp-block-heading\">Erneuerung des Zewo-G\u00fctesiegels kam nicht zustande<\/h3>\n\n\n\n<ul class=\"wp-block-list\">\n<li>Fondation Ciomal de l&#8217;Ordre de Malte<\/li>\n\n\n\n<li>Schweizerischer Verband Pro Filia<\/li>\n\n\n\n<li>Solidarit\u00e4tsfonds Luzerner Bergbev\u00f6lkerung<\/li>\n\n\n\n<li>Z\u00fcrcher Vereinigung zur Begleitung Schwerkranker<\/li>\n<\/ul>\n\n\n\n<ul id=\"block-f956e456-98d8-4322-b5d4-31e5cec0f7f7\" class=\"wp-block-list\">\n<li>La Main Tendue Neuch\u00e2teloise (Unterorganisation)<\/li>\n\n\n\n<li>Lega ticinese contro il cancro (Unterorganisation)<\/li>\n<\/ul>\n\n\n\n<h3 class=\"wp-block-heading\">R\u00fcckgabe des Zewo-G\u00fctesiegels<\/h3>\n\n\n\n<ul class=\"wp-block-list\">\n<li>Behindertenforum<\/li>\n\n\n\n<li>Schweizerische Multiple Sklerose Gesellschaft<\/li>\n<\/ul>\n\n\n\n<ul class=\"wp-block-list\">\n<li>Pro Juventute Bern (Unterorganisation), (2021 neu-zertifiziert als Chindernetz Bern)<\/li>\n\n\n\n<li>Pro Juventute Graub\u00fcnden (Unterorganisation)<\/li>\n<\/ul>\n\n\n\n<h2 class=\"wp-block-heading\" id=\"5\">Seit 2019 ohne G\u00fctesiegel<\/h2>\n\n\n\n<h3 class=\"wp-block-heading\">R\u00fcckgabe des Zewo-G\u00fctesiegels<\/h3>\n\n\n\n<ul class=\"wp-block-list\">\n<li>Gr\u00fcnes Kreuz Schweiz<\/li>\n<\/ul>\n\n\n\n<h2 class=\"wp-block-heading\" id=\"5\">Seit 2018 ohne G\u00fctesiegel<\/h2>\n\n\n\n<h3 class=\"wp-block-heading\">Erneuerung des Zewo-G\u00fctesiegels kam nicht zustande<\/h3>\n\n\n\n<ul class=\"wp-block-list\">\n<li>Stiftung Nachbar in Not<\/li>\n<\/ul>\n\n\n\n<h2 class=\"wp-block-heading\" id=\"7\">Seit 2017 ohne G\u00fctesiegel<\/h2>\n\n\n\n<h3 class=\"wp-block-heading\">Erneuerung des Zewo-G\u00fctesiegels kam nicht zustande<\/h3>\n\n\n\n<ul class=\"wp-block-list\">\n<li>E-Changer<\/li>\n\n\n\n<li>Handicap International \u2013 Section Suisse<\/li>\n\n\n\n<li>Interpeace<\/li>\n\n\n\n<li>Pro Famila Schweiz<\/li>\n\n\n\n<li>Schweizerische Verein Compagna<\/li>\n\n\n\n<li>Stiftung f\u00fcr Behinderte Aarau-Lenzburg<\/li>\n\n\n\n<li>Stiftung Schloss Turbenthal \u2013 Geh\u00f6rlosendorf<\/li>\n<\/ul>\n\n\n\n<ul class=\"wp-block-list\">\n<li>Pflegekinder-Aktion Bern (Unterorganisation)<\/li>\n\n\n\n<li>Pflegekinder-Aktion Graub\u00fcnden (Unterorganisation)<\/li>\n\n\n\n<li>Pflegekinder-Aktion St. Gallen (Unterorganisation)<\/li>\n\n\n\n<li>Pflegekinder-Aktion Zentralschweiz&nbsp;(Unterorganisation)<\/li>\n<\/ul>\n\n\n\n<h2 class=\"wp-block-heading\" id=\"9\">Seit 2016 ohne G\u00fctesiegel<\/h2>\n\n\n\n<h3 class=\"wp-block-heading\">Erneuerung des Zewo-G\u00fctesiegels kam nicht zustande<\/h3>\n\n\n\n<ul class=\"wp-block-list\">\n<li>Action Innocence<\/li>\n\n\n\n<li>ASA-Valais<\/li>\n\n\n\n<li>Rokpa International<\/li>\n\n\n\n<li>Selbsthilfezentrum Z\u00fcrcher Oberland<\/li>\n\n\n\n<li>sonos<\/li>\n<\/ul>\n\n\n\n<h2 class=\"wp-block-heading\" id=\"9\">Seit 2015 ohne G\u00fctesiegel<\/h2>\n\n\n\n<h3 class=\"wp-block-heading\">Erneuerung des Zewo-G\u00fctesiegels kam nicht zustande<\/h3>\n\n\n\n<ul class=\"wp-block-list\">\n<li>Agile.ch<\/li>\n<\/ul>\n\n\n\n<ul class=\"wp-block-list\">\n<li>insieme Uri (Unterorganisation)<\/li>\n\n\n\n<li>insieme Region Bern (Unterorganisation)<\/li>\n\n\n\n<li>Schweizerische Diabetes-Stiftung (Unterorganisation)<\/li>\n<\/ul>\n\n\n\n<h2 class=\"wp-block-heading\" id=\"10\">Seit 2013 ohne G\u00fctesiegel<\/h2>\n\n\n\n<h3 class=\"wp-block-heading\">Erneuerung des Zewo-G\u00fctesiegels kam nicht zustande<\/h3>\n\n\n\n<ul class=\"wp-block-list\">\n<li>Genossenschaft Geh\u00f6rlosenhilfe Z\u00fcrich (GGHZ)<\/li>\n\n\n\n<li>Rega \u2013 Schweiz. Rettungsflugwacht<\/li>\n\n\n\n<li>Schweizer Jugendherbergen<\/li>\n\n\n\n<li>Stiftung Vivendra<\/li>\n\n\n\n<li>Stiftung Freundeskreis Indien<\/li>\n\n\n\n<li>Wohnst\u00e4tten Zwyssig<br><\/li>\n<\/ul>\n\n\n\n<ul class=\"wp-block-list\">\n<li>Rheumaliga Fribourg (Unterorganisation)<\/li>\n\n\n\n<li>Rheumaliga Tessin (Unterorganisation)<\/li>\n\n\n\n<li>Paracelsus Spital Richterswil (Unterorganisation)<\/li>\n\n\n\n<li>WWF St. Gallen (Unterorganisation)<\/li>\n\n\n\n<li>Zweidihei Verein f\u00fcr Kinderbetreuung&nbsp;(Unterorganisation)<\/li>\n<\/ul>\n\n\n\n<h2 class=\"wp-block-heading\" id=\"10\">Seit 2012 ohne G\u00fctesiegel<\/h2>\n\n\n\n<h3 class=\"wp-block-heading\">Erneuerung des Zewo-G\u00fctesiegels kam nicht zustande<\/h3>\n\n\n\n<ul class=\"wp-block-list\">\n<li>Altersstiftung Eglisau<\/li>\n\n\n\n<li>Gesellschaft f\u00fcr bedrohte V\u00f6lker<\/li>\n\n\n\n<li>Insos<\/li>\n\n\n\n<li>Talerverkauf f\u00fcr Heimat und Naturschutz<\/li>\n<\/ul>\n\n\n\n<h2 class=\"wp-block-heading\" id=\"11\">Seit 2011 ohne G\u00fctesiegel<\/h2>\n\n\n\n<h3 class=\"wp-block-heading\">Erneuerung des Zewo-G\u00fctesiegels kam nicht zustande<\/h3>\n\n\n\n<ul class=\"wp-block-list\">\n<li>Interessengemeinschaft Sozialpsychiatrie Bern<\/li>\n\n\n\n<li>IWB Integriertes Wohnen f\u00fcr Behinderte<\/li>\n\n\n\n<li>Katholischer F\u00fcrsorgeverein Baselland<\/li>\n\n\n\n<li>Pro Patria<\/li>\n\n\n\n<li>Schweiz. Liga gegen Epilepsie<\/li>\n\n\n\n<li>Solino<\/li>\n\n\n\n<li>Stiftung Kinderbetreuung im Hochschulraum Z\u00fcrich<\/li>\n\n\n\n<li>Zentrum Selbsthilfe<\/li>\n<\/ul>\n\n\n\n<ul class=\"wp-block-list\">\n<li>Berner Diabetes-Stiftung&nbsp;(Unterorganisation)<\/li>\n\n\n\n<li>Diabetes-Gesellschaft Oberwallis&nbsp;(Unterorganisation)<\/li>\n\n\n\n<li>La Main Tendue Gen\u00e8ve&nbsp;(Unterorganisation)<\/li>\n\n\n\n<li>La Main Tendue Valaisanne&nbsp;(Unterorganisation)<\/li>\n\n\n\n<li>Pro Filia Thurgau (Unterorganisation)<\/li>\n\n\n\n<li>Procap Fribourg&nbsp;(Unterorganisation)<\/li>\n\n\n\n<li>Rheumaliga Zug&nbsp;(Unterorganisation)<\/li>\n\n\n\n<li>Stiftung der Diabetes-Gesellschaft Oberwallis&nbsp;(Unterorganisation)<\/li>\n<\/ul>\n\n\n\n<h2 class=\"wp-block-heading\" id=\"12\">Diese NPO tragen das G\u00fctesiegel weiterhin<\/h2>\n\n\n\n<p>Am&nbsp;<a href=\"\/de\/zewo-guetesiegel\/\">Zewo-G\u00fctesiegel<\/a>&nbsp;erkennen Spenderinnen und Spender sofort, dass ihre Spende in guten H\u00e4nden ist. Es zeichnet NPO aus, die Spenden zweckbestimmt, wirtschaftlich und wirkungsorientiert einsetzen. Die Zewo <a href=\"\/de\/der-weg-zum-zewo-guetesiegel\/guetesiegel-behalten\/\">kontrolliert<\/a>&nbsp;zertifizierte NPO regelm\u00e4ssig<strong>.&nbsp;<\/strong>Alle NPO, die zurzeit das G\u00fctesiegel tragen, finden Sie mit der&nbsp;<a href=\"\/de\/npo-suche\/\">Online-Suche<\/a>.<\/p>\n\n\n\n<div class=\"wp-block-cgb-block-zewo-block-columns-container container bg-color-light-gray\"><div class=\"grid-x grid-margin-x\" data-columns=\"3\">\n\n\n\n\n<div class=\"cell small-12 medium-6\"><div class=\"wp-block-cgb-block-zewo-block-image-text-teaser ab-block-cta\"><div class=\"ab-cta-image-wrap bg-color-secondary\"><img decoding=\"async\" class=\"ab-cta-image\" src=\"https:\/\/zewo.ch\/wp-content\/uploads\/2019\/05\/ha\u0308ufige-fragen-7.png\" alt=\"H\u00e4ufige Fragen und Antworten rund ums Spenden\"\/><\/div><div class=\"ab-cta-content\"><h2 class=\"ab-cta-title\">H\u00e4ufige Fragen rund ums Spenden<\/h2><div class=\"ab-cta-text\">\n<p>Der Spenden-Ratgeber der Zewo gibt Ihnen Auskunft zu den wichtigsten Fragen rund ums Spenden.<\/p>\n<\/div><\/div><div class=\"ab-cta-button\"><a href=\"\/de\/fragen-und-antworten-rund-ums-spenden\/\" target=\"_self\" rel=\"noopener noreferrer\" class=\"button primary button-teaser\"><span class=\"button-arrow\"><\/span>Jetzt ansehen<\/a><\/div><a href=\"\/de\/fragen-und-antworten-rund-ums-spenden\/\" target=\"_self\" rel=\"noopener noreferrer\" class=\"button-teaser--is-full\"><\/a><\/div><\/div>\n<\/div><\/div>\n","protected":false},"excerpt":{"rendered":"<p>Diese NPO tragen kein Zewo-G\u00fctesiegel mehr Spenderinnen und Spender erkennen auf einen Blick, welche NPO das G\u00fctesiegel nicht mehr tragen. Diese NPO unterstehen nicht mehr der Kontrolle durch die Zewo. Die Gr\u00fcnde daf\u00fcr sind unterschiedlich. Kommt die Zewo bei einer Kontrolle zu dem Schluss, dass eine NPO die 21 Standards nicht mehr erf\u00fcllt, verliert diese [&hellip;]<\/p>\n","protected":false},"author":7,"featured_media":666080,"parent":0,"menu_order":100,"comment_status":"closed","ping_status":"closed","template":"","meta":{"_acf_changed":false,"footnotes":""},"folder":[6639],"class_list":["post-82458","page","type-page","status-publish","has-post-thumbnail","hentry"],"acf":[],"yoast_head":"<!-- This site is optimized with the Yoast SEO Premium plugin v26.0 (Yoast SEO v26.0) - https:\/\/yoast.com\/wordpress\/plugins\/seo\/ -->\n<title>Zewo<\/title>\n<meta name=\"description\" content=\"Organisationen, die kein G\u00fctesiegel mehr tragen. Dies kann entweder freiwillig geschehen, oder die Erneuerung wurde durch die Zewo verweigert.\" \/>\n<meta name=\"robots\" content=\"index, follow, max-snippet:-1, max-image-preview:large, max-video-preview:-1\" \/>\n<link rel=\"canonical\" href=\"https:\/\/zewo.ch\/de\/nicht-mehr-zertifiziert\/\" \/>\n<meta property=\"og:locale\" content=\"de_DE\" \/>\n<meta property=\"og:type\" content=\"article\" \/>\n<meta property=\"og:description\" content=\"Organisationen, die kein G\u00fctesiegel mehr tragen. Dies kann entweder freiwillig geschehen, oder die Erneuerung wurde durch die Zewo verweigert.\" \/>\n<meta property=\"og:url\" content=\"https:\/\/zewo.ch\/de\/nicht-mehr-zertifiziert\/\" \/>\n<meta property=\"og:site_name\" content=\"Zewo\" \/>\n<meta property=\"article:publisher\" content=\"https:\/\/www.facebook.com\/Stiftung.ZEWO\/\" \/>\n<meta property=\"article:modified_time\" content=\"2026-01-29T16:02:28+00:00\" \/>\n<meta property=\"og:image\" content=\"https:\/\/zewo.ch\/wp-content\/uploads\/2019\/11\/shutterstock_1481495567_WP.jpg\" \/>\n\t<meta property=\"og:image:width\" content=\"2200\" \/>\n\t<meta property=\"og:image:height\" content=\"440\" \/>\n\t<meta property=\"og:image:type\" content=\"image\/jpeg\" \/>\n<meta name=\"twitter:card\" content=\"summary_large_image\" \/>\n<meta name=\"twitter:site\" content=\"@stiftung_zewo\" \/>\n<meta name=\"twitter:label1\" content=\"Gesch\u00e4tzte Lesezeit\" \/>\n\t<meta name=\"twitter:data1\" content=\"15\u00a0Minuten\" \/>\n<script type=\"application\/ld+json\" class=\"yoast-schema-graph\">{\"@context\":\"https:\/\/schema.org\",\"@graph\":[{\"@type\":\"WebPage\",\"@id\":\"https:\/\/zewo.ch\/de\/nicht-mehr-zertifiziert\/#webpage\",\"url\":\"https:\/\/zewo.ch\/de\/nicht-mehr-zertifiziert\/#webpage\",\"name\":\"\",\"isPartOf\":{\"@id\":\"https:\/\/zewo.ch\/de\/#website\"},\"primaryImageOfPage\":{\"@id\":\"https:\/\/zewo.ch\/de\/nicht-mehr-zertifiziert\/#primaryimage\"},\"image\":{\"@id\":\"https:\/\/zewo.ch\/de\/nicht-mehr-zertifiziert\/#primaryimage\"},\"thumbnailUrl\":\"https:\/\/zewo.ch\/wp-content\/uploads\/2019\/11\/shutterstock_1481495567_WP.jpg\",\"datePublished\":\"2019-05-20T13:13:33+00:00\",\"dateModified\":\"2026-01-29T16:02:28+00:00\",\"description\":\"Organisationen, die kein G\u00fctesiegel mehr tragen. Dies kann entweder freiwillig geschehen, oder die Erneuerung wurde durch die Zewo verweigert.\",\"breadcrumb\":{\"@id\":\"https:\/\/zewo.ch\/de\/nicht-mehr-zertifiziert\/#breadcrumb\"},\"inLanguage\":\"de\",\"potentialAction\":[{\"@type\":\"ReadAction\",\"target\":[\"https:\/\/zewo.ch\/de\/nicht-mehr-zertifiziert\/\"]}]},{\"@type\":\"ImageObject\",\"inLanguage\":\"de\",\"@id\":\"https:\/\/zewo.ch\/de\/nicht-mehr-zertifiziert\/#primaryimage\",\"url\":\"https:\/\/zewo.ch\/wp-content\/uploads\/2019\/11\/shutterstock_1481495567_WP.jpg\",\"contentUrl\":\"https:\/\/zewo.ch\/wp-content\/uploads\/2019\/11\/shutterstock_1481495567_WP.jpg\",\"width\":2200,\"height\":440},{\"@type\":\"BreadcrumbList\",\"@id\":\"https:\/\/zewo.ch\/de\/nicht-mehr-zertifiziert\/#breadcrumb\",\"itemListElement\":[{\"@type\":\"ListItem\",\"position\":1,\"name\":\"Home\",\"item\":\"https:\/\/zewo.ch\/de\/\"},{\"@type\":\"ListItem\",\"position\":2,\"name\":\"Nicht mehr zertifiziert\"}]},{\"@type\":\"WebSite\",\"@id\":\"https:\/\/zewo.ch\/de\/#website\",\"url\":\"https:\/\/zewo.ch\/de\/\",\"name\":\"Zewo\",\"description\":\"Ihre Spende in guten H\u00e4nden.\",\"publisher\":{\"@id\":\"https:\/\/zewo.ch\/de\/#organization\"},\"potentialAction\":[{\"@type\":\"SearchAction\",\"target\":{\"@type\":\"EntryPoint\",\"urlTemplate\":\"https:\/\/zewo.ch\/de\/?s={search_term_string}\"},\"query-input\":{\"@type\":\"PropertyValueSpecification\",\"valueRequired\":true,\"valueName\":\"search_term_string\"}}],\"inLanguage\":\"de\"},{\"@type\":\"Organization\",\"@id\":\"https:\/\/zewo.ch\/de\/#organization\",\"name\":\"Stiftung Zewo\",\"url\":\"https:\/\/zewo.ch\/de\/\",\"logo\":{\"@type\":\"ImageObject\",\"inLanguage\":\"de\",\"@id\":\"https:\/\/zewo.ch\/de\/#\/schema\/logo\/image\/\",\"url\":\"https:\/\/zewo.ch\/wp-content\/uploads\/2019\/08\/Zewo_Logo_Claim_D.svg\",\"contentUrl\":\"https:\/\/zewo.ch\/wp-content\/uploads\/2019\/08\/Zewo_Logo_Claim_D.svg\",\"width\":1,\"height\":1,\"caption\":\"Stiftung Zewo\"},\"image\":{\"@id\":\"https:\/\/zewo.ch\/de\/#\/schema\/logo\/image\/\"},\"sameAs\":[\"https:\/\/www.facebook.com\/Stiftung.ZEWO\/\",\"https:\/\/x.com\/stiftung_zewo\",\"https:\/\/www.linkedin.com\/company\/stiftung-zewo\",\"https:\/\/www.youtube.com\/channel\/UCzjsVJro12OXcvvx1LQP8tw\",\"https:\/\/de.wikipedia.org\/wiki\/Zewo\"]}]}<\/script>\n<!-- \/ Yoast SEO Premium plugin. -->","yoast_head_json":{"title":"Zewo","description":"Organisationen, die kein G\u00fctesiegel mehr tragen. Dies kann entweder freiwillig geschehen, oder die Erneuerung wurde durch die Zewo verweigert.","robots":{"index":"index","follow":"follow","max-snippet":"max-snippet:-1","max-image-preview":"max-image-preview:large","max-video-preview":"max-video-preview:-1"},"canonical":"https:\/\/zewo.ch\/de\/nicht-mehr-zertifiziert\/","og_locale":"de_DE","og_type":"article","og_description":"Organisationen, die kein G\u00fctesiegel mehr tragen. Dies kann entweder freiwillig geschehen, oder die Erneuerung wurde durch die Zewo verweigert.","og_url":"https:\/\/zewo.ch\/de\/nicht-mehr-zertifiziert\/","og_site_name":"Zewo","article_publisher":"https:\/\/www.facebook.com\/Stiftung.ZEWO\/","article_modified_time":"2026-01-29T16:02:28+00:00","og_image":[{"width":2200,"height":440,"url":"https:\/\/zewo.ch\/wp-content\/uploads\/2019\/11\/shutterstock_1481495567_WP.jpg","type":"image\/jpeg"}],"twitter_card":"summary_large_image","twitter_site":"@stiftung_zewo","twitter_misc":{"Gesch\u00e4tzte Lesezeit":"15\u00a0Minuten"},"schema":{"@context":"https:\/\/schema.org","@graph":[{"@type":"WebPage","@id":"https:\/\/zewo.ch\/de\/nicht-mehr-zertifiziert\/#webpage","url":"https:\/\/zewo.ch\/de\/nicht-mehr-zertifiziert\/#webpage","name":"","isPartOf":{"@id":"https:\/\/zewo.ch\/de\/#website"},"primaryImageOfPage":{"@id":"https:\/\/zewo.ch\/de\/nicht-mehr-zertifiziert\/#primaryimage"},"image":{"@id":"https:\/\/zewo.ch\/de\/nicht-mehr-zertifiziert\/#primaryimage"},"thumbnailUrl":"https:\/\/zewo.ch\/wp-content\/uploads\/2019\/11\/shutterstock_1481495567_WP.jpg","datePublished":"2019-05-20T13:13:33+00:00","dateModified":"2026-01-29T16:02:28+00:00","description":"Organisationen, die kein G\u00fctesiegel mehr tragen. Dies kann entweder freiwillig geschehen, oder die Erneuerung wurde durch die Zewo verweigert.","breadcrumb":{"@id":"https:\/\/zewo.ch\/de\/nicht-mehr-zertifiziert\/#breadcrumb"},"inLanguage":"de","potentialAction":[{"@type":"ReadAction","target":["https:\/\/zewo.ch\/de\/nicht-mehr-zertifiziert\/"]}]},{"@type":"ImageObject","inLanguage":"de","@id":"https:\/\/zewo.ch\/de\/nicht-mehr-zertifiziert\/#primaryimage","url":"https:\/\/zewo.ch\/wp-content\/uploads\/2019\/11\/shutterstock_1481495567_WP.jpg","contentUrl":"https:\/\/zewo.ch\/wp-content\/uploads\/2019\/11\/shutterstock_1481495567_WP.jpg","width":2200,"height":440},{"@type":"BreadcrumbList","@id":"https:\/\/zewo.ch\/de\/nicht-mehr-zertifiziert\/#breadcrumb","itemListElement":[{"@type":"ListItem","position":1,"name":"Home","item":"https:\/\/zewo.ch\/de\/"},{"@type":"ListItem","position":2,"name":"Nicht mehr zertifiziert"}]},{"@type":"WebSite","@id":"https:\/\/zewo.ch\/de\/#website","url":"https:\/\/zewo.ch\/de\/","name":"Zewo","description":"Ihre Spende in guten H\u00e4nden.","publisher":{"@id":"https:\/\/zewo.ch\/de\/#organization"},"potentialAction":[{"@type":"SearchAction","target":{"@type":"EntryPoint","urlTemplate":"https:\/\/zewo.ch\/de\/?s={search_term_string}"},"query-input":{"@type":"PropertyValueSpecification","valueRequired":true,"valueName":"search_term_string"}}],"inLanguage":"de"},{"@type":"Organization","@id":"https:\/\/zewo.ch\/de\/#organization","name":"Stiftung Zewo","url":"https:\/\/zewo.ch\/de\/","logo":{"@type":"ImageObject","inLanguage":"de","@id":"https:\/\/zewo.ch\/de\/#\/schema\/logo\/image\/","url":"https:\/\/zewo.ch\/wp-content\/uploads\/2019\/08\/Zewo_Logo_Claim_D.svg","contentUrl":"https:\/\/zewo.ch\/wp-content\/uploads\/2019\/08\/Zewo_Logo_Claim_D.svg","width":1,"height":1,"caption":"Stiftung Zewo"},"image":{"@id":"https:\/\/zewo.ch\/de\/#\/schema\/logo\/image\/"},"sameAs":["https:\/\/www.facebook.com\/Stiftung.ZEWO\/","https:\/\/x.com\/stiftung_zewo","https:\/\/www.linkedin.com\/company\/stiftung-zewo","https:\/\/www.youtube.com\/channel\/UCzjsVJro12OXcvvx1LQP8tw","https:\/\/de.wikipedia.org\/wiki\/Zewo"]}]}},"publishpress_future_action":{"enabled":false,"date":"2026-04-21 18:49:16","action":"change-status","newStatus":"draft","terms":[],"taxonomy":"translation_priority","extraData":[]},"publishpress_future_workflow_manual_trigger":{"enabledWorkflows":[]},"_links":{"self":[{"href":"https:\/\/zewo.ch\/de\/wp-json\/wp\/v2\/pages\/82458","targetHints":{"allow":["GET"]}}],"collection":[{"href":"https:\/\/zewo.ch\/de\/wp-json\/wp\/v2\/pages"}],"about":[{"href":"https:\/\/zewo.ch\/de\/wp-json\/wp\/v2\/types\/page"}],"author":[{"embeddable":true,"href":"https:\/\/zewo.ch\/de\/wp-json\/wp\/v2\/users\/7"}],"replies":[{"embeddable":true,"href":"https:\/\/zewo.ch\/de\/wp-json\/wp\/v2\/comments?post=82458"}],"version-history":[{"count":145,"href":"https:\/\/zewo.ch\/de\/wp-json\/wp\/v2\/pages\/82458\/revisions"}],"predecessor-version":[{"id":5935326,"href":"https:\/\/zewo.ch\/de\/wp-json\/wp\/v2\/pages\/82458\/revisions\/5935326"}],"wp:featuredmedia":[{"embeddable":true,"href":"https:\/\/zewo.ch\/de\/wp-json\/wp\/v2\/media\/666080"}],"wp:attachment":[{"href":"https:\/\/zewo.ch\/de\/wp-json\/wp\/v2\/media?parent=82458"}],"wp:term":[{"taxonomy":"folder","embeddable":true,"href":"https:\/\/zewo.ch\/de\/wp-json\/wp\/v2\/folder?post=82458"}],"curies":[{"name":"wp","href":"https:\/\/api.w.org\/{rel}","templated":true}]}}