{"id":819,"date":"2019-04-16T16:25:31","date_gmt":"2019-04-16T14:25:31","guid":{"rendered":"https:\/\/www.zewo.ch\/?page_id=819"},"modified":"2025-12-03T08:17:27","modified_gmt":"2025-12-03T07:17:27","slug":"netzwerk","status":"publish","type":"page","link":"https:\/\/zewo.ch\/de\/netzwerk\/","title":{"rendered":"Netzwerk"},"content":{"rendered":"\n<h2 class=\"wp-block-heading\">Gut vernetzt und rundum informiert <\/h2>\n\n\n\n<p><b>Sie interessieren sich f\u00fcr das Spendenwesen und gemeinn\u00fctzige NPO? Bei spezifischen Fragen und besonderen Anliegen hilft Ihnen das Netzwerk der Zewo weiter. Diese Links k\u00f6nnten Sie interessieren.<\/b><\/p>\n\n\n\n<h3 class=\"wp-block-heading\" id=\"1\">Zertifizierte NPO<\/h3>\n\n\n\n<ul class=\"wp-block-cgb-block-zewo-block-links container container-columns-1\">\n<li class=\"wp-block-cgb-block-zewo-block-link ab-block-link\"><a href=\"\/de\/npo-suche\/\" class=\"button\"><span>Online-Suche nach NPO mit Zewo-G\u00fctesiegel<\/span><span class=\"button-arrow--long\"><\/span><\/a><\/li>\n<\/ul>\n\n\n\n<h3 class=\"wp-block-heading\" id=\"2\">Auskunftsstellen<\/h3>\n\n\n\n<ul class=\"wp-block-cgb-block-zewo-block-links container container-columns-1\">\n<li class=\"wp-block-cgb-block-zewo-block-link ab-block-link\"><a href=\"http:\/\/www.cinfo.ch\/de\" target=\"_blank\" rel=\"noopener noreferrer\" class=\"button\"><span>cinfo &#8211; Zentrum f\u00fcr Information, Beratung und Bildung f\u00fcr Berufe der internationalen Zusammenarbeit<\/span><span class=\"button-arrow--long\"><\/span><\/a><\/li>\n\n\n\n<li class=\"wp-block-cgb-block-zewo-block-link ab-block-link\"><a href=\"http:\/\/www.infosekta.ch\/\" target=\"_blank\" rel=\"noopener noreferrer\" class=\"button\"><span>infoSekta Informations- und Beratungsstelle f\u00fcr Sekten- und Kultfragen<\/span><span class=\"button-arrow--long\"><\/span><\/a><\/li>\n<\/ul>\n\n\n\n<h3 class=\"wp-block-heading\" id=\"3\">Beh\u00f6rden<\/h3>\n\n\n\n<ul class=\"wp-block-cgb-block-zewo-block-links container container-columns-1\">\n<li class=\"wp-block-cgb-block-zewo-block-link ab-block-link\"><a href=\"https:\/\/www.bsv.admin.ch\/\" target=\"_blank\" rel=\"noopener noreferrer\" class=\"button\"><span>Bundesamt f\u00fcr Sozialversicherung (BSV)<\/span><span class=\"button-arrow--long\"><\/span><\/a><\/li>\n\n\n\n<li class=\"wp-block-cgb-block-zewo-block-link ab-block-link\"><span>Direktion f\u00fcr Entwicklung und Zusammenarbeit DEZA<\/span><span class=\"button-arrow--long\"><\/span><\/li>\n\n\n\n<li class=\"wp-block-cgb-block-zewo-block-link ab-block-link\"><a href=\"https:\/\/www.esa.admin.ch\/de\" target=\"_blank\" rel=\"noopener noreferrer\" class=\"button\"><span>Eidgen\u00f6ssische Stiftungsaufsicht<\/span><span class=\"button-arrow--long\"><\/span><\/a><\/li>\n\n\n\n<li class=\"wp-block-cgb-block-zewo-block-link ab-block-link\"><a href=\"https:\/\/www.edoeb.admin.ch\/de\" target=\"_blank\" rel=\"noopener noreferrer\" class=\"button\"><span>Eidgen\u00f6ssischer Datenschutzbeauftragter<\/span><span class=\"button-arrow--long\"><\/span><\/a><\/li>\n\n\n\n<li class=\"wp-block-cgb-block-zewo-block-link ab-block-link\"><a href=\"http:\/\/www.faire-werbung.ch\/\" target=\"_blank\" rel=\"noopener noreferrer\" class=\"button\"><span>Schweizerische Lauterkeitskommission<\/span><span class=\"button-arrow--long\"><\/span><\/a><\/li>\n<\/ul>\n\n\n\n<h3 class=\"wp-block-heading\" id=\"4\">Berufs- und Branchenverb\u00e4nde<\/h3>\n\n\n\n<ul class=\"wp-block-cgb-block-zewo-block-links container container-columns-1\">\n<li class=\"wp-block-cgb-block-zewo-block-link ab-block-link\"><a href=\"http:\/\/www.profonds.org\/\" target=\"_blank\" rel=\"noopener noreferrer\" class=\"button\"><span>ProFonds &#8211; Dachverband gemeinn\u00fctziger Stiftungen der Schweiz<\/span><span class=\"button-arrow--long\"><\/span><\/a><\/li>\n\n\n\n<li class=\"wp-block-cgb-block-zewo-block-link ab-block-link\"><a href=\"http:\/\/www.swissfundraising.org\/\" target=\"_blank\" rel=\"noopener noreferrer\" class=\"button\"><span>Swissfundraising <\/span><span class=\"button-arrow--long\"><\/span><\/a><\/li>\n\n\n\n<li class=\"wp-block-cgb-block-zewo-block-link ab-block-link\"><a href=\"http:\/\/www.fer.ch\/\" target=\"_blank\" rel=\"noopener noreferrer\" class=\"button\"><span>Stiftung FER<\/span><span class=\"button-arrow--long\"><\/span><\/a><\/li>\n\n\n\n<li class=\"wp-block-cgb-block-zewo-block-link ab-block-link\"><a href=\"http:\/\/www.swissfoundations.ch\/\" target=\"_blank\" rel=\"noopener noreferrer\" class=\"button\"><span>SwissFoundations<\/span><span class=\"button-arrow--long\"><\/span><\/a><\/li>\n<\/ul>\n\n\n\n<h3 class=\"wp-block-heading\" id=\"5\">Forschung und Bildung<\/h3>\n\n\n\n<ul class=\"wp-block-cgb-block-zewo-block-links container container-columns-1\">\n<li class=\"wp-block-cgb-block-zewo-block-link ab-block-link\"><a href=\"http:\/\/www.unil.ch\/idheap\/home.html\" target=\"_blank\" rel=\"noopener noreferrer\" class=\"button\"><span>Hochschulinstitut f\u00fcr \u00f6ffentliche Verwaltung<\/span><span class=\"button-arrow--long\"><\/span><\/a><\/li>\n\n\n\n<li class=\"wp-block-cgb-block-zewo-block-link ab-block-link\"><a href=\"https:\/\/nadel.ethz.ch\/the-group.html\" target=\"_blank\" rel=\"noopener noreferrer\" class=\"button\"><span>Nachdipliomstudium f\u00fcr Entwicklungsl\u00e4nder (NADEL \u2013 Center for Global Cooperation and Sustainable Development), ETH Z\u00fcrich<\/span><span class=\"button-arrow--long\"><\/span><\/a><\/li>\n\n\n\n<li class=\"wp-block-cgb-block-zewo-block-link ab-block-link\"><a href=\"https:\/\/www.seval.ch\/\" target=\"_blank\" rel=\"noopener noreferrer\" class=\"button\"><span>SEVAL &#8211; Schweizerische Evaluationsgesellschaft<\/span><span class=\"button-arrow--long\"><\/span><\/a><\/li>\n\n\n\n<li class=\"wp-block-cgb-block-zewo-block-link ab-block-link\"><a href=\"http:\/\/www.zuw.unibe.ch\/content\/index_ger.html\" target=\"_blank\" rel=\"noopener noreferrer\" class=\"button\"><span>Zentrum f\u00fcr universit\u00e4re Weiterbildung der Universit\u00e4t Bern<\/span><span class=\"button-arrow--long\"><\/span><\/a><\/li>\n\n\n\n<li class=\"wp-block-cgb-block-zewo-block-link ab-block-link\"><a href=\"http:\/\/www.unil.ch\/idheap\/home.html\" target=\"_blank\" rel=\"noopener noreferrer\" class=\"button\"><span>Cours de sensibilisation \u00e0 l&#8217;\u00e9valuation des politiques publiques<\/span><span class=\"button-arrow--long\"><\/span><\/a><\/li>\n<\/ul>\n\n\n\n<h3 class=\"wp-block-heading\" id=\"6\">Freiwilligenarbeit<\/h3>\n\n\n\n<ul class=\"wp-block-cgb-block-zewo-block-links container container-columns-1\">\n<li class=\"wp-block-cgb-block-zewo-block-link ab-block-link\"><a href=\"http:\/\/www.benevol.ch\/\" target=\"_blank\" rel=\"noopener noreferrer\" class=\"button\"><span>Benevol Schweiz<\/span><span class=\"button-arrow--long\"><\/span><\/a><\/li>\n\n\n\n<li class=\"wp-block-cgb-block-zewo-block-link ab-block-link\"><a href=\"http:\/\/www.dossier-freiwillig-engagiert.ch\/\" target=\"_blank\" rel=\"noopener noreferrer\" class=\"button\"><span>Schweiz. Sozialzeitausweis<\/span><span class=\"button-arrow--long\"><\/span><\/a><\/li>\n\n\n\n<li class=\"wp-block-cgb-block-zewo-block-link ab-block-link\"><a href=\"https:\/\/www.vitaminb.ch\/\" target=\"_blank\" rel=\"noopener noreferrer\" class=\"button\"><span>Vitamin B Unterst\u00fctzung f\u00fcr ehrenamtliche Vorst\u00e4nde<\/span><span class=\"button-arrow--long\"><\/span><\/a><\/li>\n<\/ul>\n\n\n\n<h3 class=\"wp-block-heading\" id=\"7\">Internationales Netzwerk<\/h3>\n\n\n\n<figure class=\"wp-block-image size-large is-resized\"><img loading=\"lazy\" decoding=\"async\" width=\"1024\" height=\"576\" src=\"https:\/\/zewo.ch\/wp-content\/uploads\/2024\/03\/Logo_CMW_fullcolor-1024x576.png\" alt=\"Logo CMW\" class=\"wp-image-5917203\" style=\"width:300px\" srcset=\"https:\/\/zewo.ch\/wp-content\/uploads\/2024\/03\/Logo_CMW_fullcolor-1024x576.png 1024w, https:\/\/zewo.ch\/wp-content\/uploads\/2024\/03\/Logo_CMW_fullcolor-300x169.png 300w, https:\/\/zewo.ch\/wp-content\/uploads\/2024\/03\/Logo_CMW_fullcolor-768x432.png 768w, https:\/\/zewo.ch\/wp-content\/uploads\/2024\/03\/Logo_CMW_fullcolor-1536x864.png 1536w, https:\/\/zewo.ch\/wp-content\/uploads\/2024\/03\/Logo_CMW_fullcolor.png 1920w\" sizes=\"auto, (min-width: 960px) 75vw, 100vw\" \/><\/figure>\n\n\n\n<p><strong>Charity Monitoring Worldwide CMW (ehemals ICFO)<\/strong><\/p>\n\n\n\n<p>Die Stiftung Zewo ist Teil von Charity Monitoring Worldwide (CMW), einem globalen Netzwerk zur Zertifizierung von Hilfswerken. Das Netzwerk st\u00e4rkt das Vertrauen in gemeinn\u00fctzige Organisationen durch unabh\u00e4ngige Pr\u00fcfung. Es setzt sich f\u00fcr Transparenz und hohe Governance-Standards ein, um sicherzustellen, dass Spenden korrekt gesammelt und wirksam eingesetzt werden.<\/p>\n\n\n\n<ul class=\"wp-block-cgb-block-zewo-block-links container container-columns-1\">\n<li class=\"wp-block-cgb-block-zewo-block-link ab-block-link\"><a href=\"https:\/\/www.charitymonitoringworldwide.org\/\" target=\"_blank\" rel=\"noopener noreferrer\" class=\"button\"><span>Charity Monitoring Worldwide CMW (ehemals ICFO)<\/span><span class=\"button-arrow--long\"><\/span><\/a><\/li>\n<\/ul>\n\n\n\n<h3 class=\"wp-block-heading\" id=\"8\">Konsumentenorganisationen<\/h3>\n\n\n\n<ul class=\"wp-block-cgb-block-zewo-block-links container container-columns-1\">\n<li class=\"wp-block-cgb-block-zewo-block-link ab-block-link\"><a href=\"http:\/\/www.acsi.ch\/\" target=\"_blank\" rel=\"noopener noreferrer\" class=\"button\"><span>Associazione consumatrici delle svizzera italiana ACSI, Lugano<\/span><span class=\"button-arrow--long\"><\/span><\/a><\/li>\n\n\n\n<li class=\"wp-block-cgb-block-zewo-block-link ab-block-link\"><a href=\"http:\/\/www.frc.ch\/\" target=\"_blank\" rel=\"noopener noreferrer\" class=\"button\"><span>FRC &#8211; Conseil F\u00e9d\u00e9ration des Consommateurs, Lausanne<\/span><span class=\"button-arrow--long\"><\/span><\/a><\/li>\n\n\n\n<li class=\"wp-block-cgb-block-zewo-block-link ab-block-link\"><a href=\"https:\/\/konsum.ch\/\" target=\"_blank\" rel=\"noopener noreferrer\" class=\"button\"><span>Konsumentenforum kf, Bern<\/span><span class=\"button-arrow--long\"><\/span><\/a><\/li>\n\n\n\n<li class=\"wp-block-cgb-block-zewo-block-link ab-block-link\"><a href=\"https:\/\/www.konsumentenschutz.ch\/\" target=\"_blank\" rel=\"noopener noreferrer\" class=\"button\"><span>Stiftung f\u00fcr Konsumentenschutz, Bern<\/span><span class=\"button-arrow--long\"><\/span><\/a><\/li>\n<\/ul>\n\n\n\n<h3 class=\"wp-block-heading\" id=\"9\">Wissenschaftliche Partner<\/h3>\n\n\n\n<ul class=\"wp-block-cgb-block-zewo-block-links container container-columns-1\">\n<li class=\"wp-block-cgb-block-zewo-block-link ab-block-link\"><a href=\"http:\/\/www.vmi.ch\/\" target=\"_blank\" rel=\"noopener noreferrer\" class=\"button\"><span>VMI Verbandsmanagement Institut<\/span><span class=\"button-arrow--long\"><\/span><\/a><\/li>\n\n\n\n<li class=\"wp-block-cgb-block-zewo-block-link ab-block-link\"><a href=\"https:\/\/www.foeg.uzh.ch\/de.html\" target=\"_blank\" rel=\"noopener noreferrer\" class=\"button\"><span>Forschungsinstitut \u00d6ffentlichkeit und Gesellschaft f\u00f6g<\/span><span class=\"button-arrow--long\"><\/span><\/a><\/li>\n<\/ul>\n\n\n\n<h3 class=\"wp-block-heading\" id=\"h-weitere-partner\">Weitere Partner<\/h3>\n\n\n\nDank UmfrageOnline.ch k&ouml;nnen wir aussagekr&auml;ftige <a href=\"https:\/\/www.umfrageonline.ch\/\" target=\"_blank\" rel=\"noopener noreferrer\">Umfragen erstellen<\/a>.\n\n\n\n<div class=\"wp-block-cgb-block-zewo-block-columns-container container bg-color-light-gray\"><div class=\"grid-x grid-margin-x\" data-columns=\"2\">\n<div class=\"wp-block-columns is-layout-flex wp-container-core-columns-is-layout-9d6595d7 wp-block-columns-is-layout-flex\">\n<div class=\"wp-block-column is-layout-flow wp-block-column-is-layout-flow\" style=\"flex-basis:100%\">\n<div class=\"wp-block-columns is-layout-flex wp-container-core-columns-is-layout-9d6595d7 wp-block-columns-is-layout-flex\">\n<div class=\"wp-block-column is-layout-flow wp-block-column-is-layout-flow\" style=\"flex-basis:100%\">\n<div class=\"wp-block-group is-nowrap is-layout-flex wp-container-core-group-is-layout-ad2f72ca wp-block-group-is-layout-flex\">\n<div class=\"cell small-12 medium-6\"><div class=\"wp-block-cgb-block-zewo-block-image-teaser ab-block-cta bg-color-secondary\"><div class=\"ab-cta-image-wrap bg-color-secondary\"><img decoding=\"async\" class=\"ab-cta-image\" src=\"https:\/\/zewo.ch\/wp-content\/uploads\/2019\/05\/21-zewo-standards-1.png\" alt=\"Die 21 Zewo-Standards f\u00fcr Spenden sammelnde NPO\"\/><\/div><div class=\"ab-cta-content\"><h2 class=\"ab-cta-title\">Die 21 Zewo-Standards<\/h2><\/div><div class=\"ab-cta-button\"><a href=\"\/de\/die-21-zewo-standards\/\" target=\"_self\" rel=\"noopener noreferrer\" class=\"button primary button-teaser\"><span class=\"button-arrow\"><\/span>Mehr erfahren<\/a><\/div><a href=\"\/de\/die-21-zewo-standards\/\" target=\"_self\" rel=\"noopener noreferrer\" class=\"button-teaser--is-full\"><\/a><\/div><\/div>\n<\/div>\n<\/div>\n<\/div>\n<\/div>\n<\/div>\n\n\n\n<div class=\"wp-block-columns is-layout-flex wp-container-core-columns-is-layout-9d6595d7 wp-block-columns-is-layout-flex\">\n<div class=\"wp-block-column is-layout-flow wp-block-column-is-layout-flow\" style=\"flex-basis:100%\"><\/div>\n<\/div>\n<\/div><\/div>\n\n\n\n<div class=\"wp-block-cgb-block-zewo-block-columns-container container bg-color-light-gray\"><div class=\"grid-x grid-margin-x\" data-columns=\"2\"><\/div><\/div>\n","protected":false},"excerpt":{"rendered":"<p>Gut vernetzt und rundum informiert Sie interessieren sich f\u00fcr das Spendenwesen und gemeinn\u00fctzige NPO? Bei spezifischen Fragen und besonderen Anliegen hilft Ihnen das Netzwerk der Zewo weiter. Diese Links k\u00f6nnten Sie interessieren. Zertifizierte NPO Auskunftsstellen Beh\u00f6rden Berufs- und Branchenverb\u00e4nde Forschung und Bildung Freiwilligenarbeit Internationales Netzwerk Charity Monitoring Worldwide CMW (ehemals ICFO) Die Stiftung Zewo ist [&hellip;]<\/p>\n","protected":false},"author":6,"featured_media":5802051,"parent":0,"menu_order":413,"comment_status":"closed","ping_status":"closed","template":"","meta":{"_acf_changed":false,"footnotes":""},"folder":[6639],"class_list":["post-819","page","type-page","status-publish","has-post-thumbnail","hentry"],"acf":[],"yoast_head":"<!-- This site is optimized with the Yoast SEO Premium plugin v26.0 (Yoast SEO v26.0) - https:\/\/yoast.com\/wordpress\/plugins\/seo\/ -->\n<title>Zewo<\/title>\n<meta name=\"description\" content=\"Interesse am Spendenwesen und gemeinn\u00fctzigen NPO? Bei spezifischen Fragen und besonderen Anliegen hilft Ihnen das Netzwerk der Zewo weiter.\" \/>\n<meta name=\"robots\" content=\"index, follow, max-snippet:-1, max-image-preview:large, max-video-preview:-1\" \/>\n<link rel=\"canonical\" href=\"https:\/\/zewo.ch\/de\/netzwerk\/\" \/>\n<meta property=\"og:locale\" content=\"de_DE\" \/>\n<meta property=\"og:type\" content=\"article\" \/>\n<meta property=\"og:description\" content=\"Interesse am Spendenwesen und gemeinn\u00fctzigen NPO? Bei spezifischen Fragen und besonderen Anliegen hilft Ihnen das Netzwerk der Zewo weiter.\" \/>\n<meta property=\"og:url\" content=\"https:\/\/zewo.ch\/de\/netzwerk\/\" \/>\n<meta property=\"og:site_name\" content=\"Zewo\" \/>\n<meta property=\"article:publisher\" content=\"https:\/\/www.facebook.com\/Stiftung.ZEWO\/\" \/>\n<meta property=\"article:modified_time\" content=\"2025-12-03T07:17:27+00:00\" \/>\n<meta property=\"og:image\" content=\"https:\/\/zewo.ch\/wp-content\/uploads\/2023\/11\/netzwerkHeader.jpg\" \/>\n\t<meta property=\"og:image:width\" content=\"2200\" \/>\n\t<meta property=\"og:image:height\" content=\"650\" \/>\n\t<meta property=\"og:image:type\" content=\"image\/jpeg\" \/>\n<meta name=\"twitter:card\" content=\"summary_large_image\" \/>\n<meta name=\"twitter:site\" content=\"@stiftung_zewo\" \/>\n<meta name=\"twitter:label1\" content=\"Gesch\u00e4tzte Lesezeit\" \/>\n\t<meta name=\"twitter:data1\" content=\"4\u00a0Minuten\" \/>\n<script type=\"application\/ld+json\" class=\"yoast-schema-graph\">{\"@context\":\"https:\/\/schema.org\",\"@graph\":[{\"@type\":\"WebPage\",\"@id\":\"https:\/\/zewo.ch\/de\/netzwerk\/#webpage\",\"url\":\"https:\/\/zewo.ch\/de\/netzwerk\/#webpage\",\"name\":\"\",\"isPartOf\":{\"@id\":\"https:\/\/zewo.ch\/de\/#website\"},\"primaryImageOfPage\":{\"@id\":\"https:\/\/zewo.ch\/de\/netzwerk\/#primaryimage\"},\"image\":{\"@id\":\"https:\/\/zewo.ch\/de\/netzwerk\/#primaryimage\"},\"thumbnailUrl\":\"https:\/\/zewo.ch\/wp-content\/uploads\/2023\/11\/netzwerkHeader.jpg\",\"datePublished\":\"2019-04-16T14:25:31+00:00\",\"dateModified\":\"2025-12-03T07:17:27+00:00\",\"description\":\"Interesse am Spendenwesen und gemeinn\u00fctzigen NPO? Bei spezifischen Fragen und besonderen Anliegen hilft Ihnen das Netzwerk der Zewo weiter.\",\"breadcrumb\":{\"@id\":\"https:\/\/zewo.ch\/de\/netzwerk\/#breadcrumb\"},\"inLanguage\":\"de\",\"potentialAction\":[{\"@type\":\"ReadAction\",\"target\":[\"https:\/\/zewo.ch\/de\/netzwerk\/\"]}]},{\"@type\":\"ImageObject\",\"inLanguage\":\"de\",\"@id\":\"https:\/\/zewo.ch\/de\/netzwerk\/#primaryimage\",\"url\":\"https:\/\/zewo.ch\/wp-content\/uploads\/2023\/11\/netzwerkHeader.jpg\",\"contentUrl\":\"https:\/\/zewo.ch\/wp-content\/uploads\/2023\/11\/netzwerkHeader.jpg\",\"width\":2200,\"height\":650},{\"@type\":\"BreadcrumbList\",\"@id\":\"https:\/\/zewo.ch\/de\/netzwerk\/#breadcrumb\",\"itemListElement\":[{\"@type\":\"ListItem\",\"position\":1,\"name\":\"Home\",\"item\":\"https:\/\/zewo.ch\/de\/\"},{\"@type\":\"ListItem\",\"position\":2,\"name\":\"Netzwerk\"}]},{\"@type\":\"WebSite\",\"@id\":\"https:\/\/zewo.ch\/de\/#website\",\"url\":\"https:\/\/zewo.ch\/de\/\",\"name\":\"Zewo\",\"description\":\"Ihre Spende in guten H\u00e4nden.\",\"publisher\":{\"@id\":\"https:\/\/zewo.ch\/de\/#organization\"},\"potentialAction\":[{\"@type\":\"SearchAction\",\"target\":{\"@type\":\"EntryPoint\",\"urlTemplate\":\"https:\/\/zewo.ch\/de\/?s={search_term_string}\"},\"query-input\":{\"@type\":\"PropertyValueSpecification\",\"valueRequired\":true,\"valueName\":\"search_term_string\"}}],\"inLanguage\":\"de\"},{\"@type\":\"Organization\",\"@id\":\"https:\/\/zewo.ch\/de\/#organization\",\"name\":\"Stiftung Zewo\",\"url\":\"https:\/\/zewo.ch\/de\/\",\"logo\":{\"@type\":\"ImageObject\",\"inLanguage\":\"de\",\"@id\":\"https:\/\/zewo.ch\/de\/#\/schema\/logo\/image\/\",\"url\":\"https:\/\/zewo.ch\/wp-content\/uploads\/2019\/08\/Zewo_Logo_Claim_D.svg\",\"contentUrl\":\"https:\/\/zewo.ch\/wp-content\/uploads\/2019\/08\/Zewo_Logo_Claim_D.svg\",\"width\":1,\"height\":1,\"caption\":\"Stiftung Zewo\"},\"image\":{\"@id\":\"https:\/\/zewo.ch\/de\/#\/schema\/logo\/image\/\"},\"sameAs\":[\"https:\/\/www.facebook.com\/Stiftung.ZEWO\/\",\"https:\/\/x.com\/stiftung_zewo\",\"https:\/\/www.linkedin.com\/company\/stiftung-zewo\",\"https:\/\/www.youtube.com\/channel\/UCzjsVJro12OXcvvx1LQP8tw\",\"https:\/\/de.wikipedia.org\/wiki\/Zewo\"]}]}<\/script>\n<!-- \/ Yoast SEO Premium plugin. -->","yoast_head_json":{"title":"Zewo","description":"Interesse am Spendenwesen und gemeinn\u00fctzigen NPO? Bei spezifischen Fragen und besonderen Anliegen hilft Ihnen das Netzwerk der Zewo weiter.","robots":{"index":"index","follow":"follow","max-snippet":"max-snippet:-1","max-image-preview":"max-image-preview:large","max-video-preview":"max-video-preview:-1"},"canonical":"https:\/\/zewo.ch\/de\/netzwerk\/","og_locale":"de_DE","og_type":"article","og_description":"Interesse am Spendenwesen und gemeinn\u00fctzigen NPO? Bei spezifischen Fragen und besonderen Anliegen hilft Ihnen das Netzwerk der Zewo weiter.","og_url":"https:\/\/zewo.ch\/de\/netzwerk\/","og_site_name":"Zewo","article_publisher":"https:\/\/www.facebook.com\/Stiftung.ZEWO\/","article_modified_time":"2025-12-03T07:17:27+00:00","og_image":[{"width":2200,"height":650,"url":"https:\/\/zewo.ch\/wp-content\/uploads\/2023\/11\/netzwerkHeader.jpg","type":"image\/jpeg"}],"twitter_card":"summary_large_image","twitter_site":"@stiftung_zewo","twitter_misc":{"Gesch\u00e4tzte Lesezeit":"4\u00a0Minuten"},"schema":{"@context":"https:\/\/schema.org","@graph":[{"@type":"WebPage","@id":"https:\/\/zewo.ch\/de\/netzwerk\/#webpage","url":"https:\/\/zewo.ch\/de\/netzwerk\/#webpage","name":"","isPartOf":{"@id":"https:\/\/zewo.ch\/de\/#website"},"primaryImageOfPage":{"@id":"https:\/\/zewo.ch\/de\/netzwerk\/#primaryimage"},"image":{"@id":"https:\/\/zewo.ch\/de\/netzwerk\/#primaryimage"},"thumbnailUrl":"https:\/\/zewo.ch\/wp-content\/uploads\/2023\/11\/netzwerkHeader.jpg","datePublished":"2019-04-16T14:25:31+00:00","dateModified":"2025-12-03T07:17:27+00:00","description":"Interesse am Spendenwesen und gemeinn\u00fctzigen NPO? Bei spezifischen Fragen und besonderen Anliegen hilft Ihnen das Netzwerk der Zewo weiter.","breadcrumb":{"@id":"https:\/\/zewo.ch\/de\/netzwerk\/#breadcrumb"},"inLanguage":"de","potentialAction":[{"@type":"ReadAction","target":["https:\/\/zewo.ch\/de\/netzwerk\/"]}]},{"@type":"ImageObject","inLanguage":"de","@id":"https:\/\/zewo.ch\/de\/netzwerk\/#primaryimage","url":"https:\/\/zewo.ch\/wp-content\/uploads\/2023\/11\/netzwerkHeader.jpg","contentUrl":"https:\/\/zewo.ch\/wp-content\/uploads\/2023\/11\/netzwerkHeader.jpg","width":2200,"height":650},{"@type":"BreadcrumbList","@id":"https:\/\/zewo.ch\/de\/netzwerk\/#breadcrumb","itemListElement":[{"@type":"ListItem","position":1,"name":"Home","item":"https:\/\/zewo.ch\/de\/"},{"@type":"ListItem","position":2,"name":"Netzwerk"}]},{"@type":"WebSite","@id":"https:\/\/zewo.ch\/de\/#website","url":"https:\/\/zewo.ch\/de\/","name":"Zewo","description":"Ihre Spende in guten H\u00e4nden.","publisher":{"@id":"https:\/\/zewo.ch\/de\/#organization"},"potentialAction":[{"@type":"SearchAction","target":{"@type":"EntryPoint","urlTemplate":"https:\/\/zewo.ch\/de\/?s={search_term_string}"},"query-input":{"@type":"PropertyValueSpecification","valueRequired":true,"valueName":"search_term_string"}}],"inLanguage":"de"},{"@type":"Organization","@id":"https:\/\/zewo.ch\/de\/#organization","name":"Stiftung Zewo","url":"https:\/\/zewo.ch\/de\/","logo":{"@type":"ImageObject","inLanguage":"de","@id":"https:\/\/zewo.ch\/de\/#\/schema\/logo\/image\/","url":"https:\/\/zewo.ch\/wp-content\/uploads\/2019\/08\/Zewo_Logo_Claim_D.svg","contentUrl":"https:\/\/zewo.ch\/wp-content\/uploads\/2019\/08\/Zewo_Logo_Claim_D.svg","width":1,"height":1,"caption":"Stiftung Zewo"},"image":{"@id":"https:\/\/zewo.ch\/de\/#\/schema\/logo\/image\/"},"sameAs":["https:\/\/www.facebook.com\/Stiftung.ZEWO\/","https:\/\/x.com\/stiftung_zewo","https:\/\/www.linkedin.com\/company\/stiftung-zewo","https:\/\/www.youtube.com\/channel\/UCzjsVJro12OXcvvx1LQP8tw","https:\/\/de.wikipedia.org\/wiki\/Zewo"]}]}},"publishpress_future_action":{"enabled":false,"date":"2026-04-21 18:49:16","action":"change-status","newStatus":"draft","terms":[],"taxonomy":"translation_priority","extraData":[]},"publishpress_future_workflow_manual_trigger":{"enabledWorkflows":[]},"_links":{"self":[{"href":"https:\/\/zewo.ch\/de\/wp-json\/wp\/v2\/pages\/819","targetHints":{"allow":["GET"]}}],"collection":[{"href":"https:\/\/zewo.ch\/de\/wp-json\/wp\/v2\/pages"}],"about":[{"href":"https:\/\/zewo.ch\/de\/wp-json\/wp\/v2\/types\/page"}],"author":[{"embeddable":true,"href":"https:\/\/zewo.ch\/de\/wp-json\/wp\/v2\/users\/6"}],"replies":[{"embeddable":true,"href":"https:\/\/zewo.ch\/de\/wp-json\/wp\/v2\/comments?post=819"}],"version-history":[{"count":60,"href":"https:\/\/zewo.ch\/de\/wp-json\/wp\/v2\/pages\/819\/revisions"}],"predecessor-version":[{"id":5934942,"href":"https:\/\/zewo.ch\/de\/wp-json\/wp\/v2\/pages\/819\/revisions\/5934942"}],"wp:featuredmedia":[{"embeddable":true,"href":"https:\/\/zewo.ch\/de\/wp-json\/wp\/v2\/media\/5802051"}],"wp:attachment":[{"href":"https:\/\/zewo.ch\/de\/wp-json\/wp\/v2\/media?parent=819"}],"wp:term":[{"taxonomy":"folder","embeddable":true,"href":"https:\/\/zewo.ch\/de\/wp-json\/wp\/v2\/folder?post=819"}],"curies":[{"name":"wp","href":"https:\/\/api.w.org\/{rel}","templated":true}]}}