{"id":813,"date":"2019-04-16T16:05:56","date_gmt":"2019-04-16T14:05:56","guid":{"rendered":"https:\/\/www.zewo.ch\/?page_id=813"},"modified":"2026-02-25T09:56:11","modified_gmt":"2026-02-25T08:56:11","slug":"rekursgericht","status":"publish","type":"page","link":"https:\/\/zewo.ch\/de\/rekursgericht\/","title":{"rendered":"Rekursgericht"},"content":{"rendered":"\n<h2 class=\"wp-block-heading\">Schutz vor Willk\u00fcr <\/h2>\n\n\n\n<p><strong>Hat Ihre NPO das G\u00fctesiegel nicht erhalten oder wurde es ihr entzogen? NPO, die mit einem solchen Entscheid des Zewo-Stiftungsrat nicht einverstanden sind, k\u00f6nnen sich an das Rekursgericht wenden.   <\/strong><\/p>\n\n\n\n<p>Die Entscheide des <a href=\"\/de\/stiftungsrat\">Zewo-Stiftungsrats<\/a> basieren auf der Pr\u00fcfung der NPO durch die <a href=\"\/de\/geschaeftsstelle\">Gesch\u00e4ftsstelle<\/a>. Diese muss sich bei der Pr\u00fcfung an die <a href=\"\/de\/die-21-zewo-standards\/\">Zewo-Standards<\/a> und an das Pr\u00fcfreglement halten. Sie begr\u00fcndet ihre Antr\u00e4ge an den Stiftungsrat, der \u00fcber die Verleihung oder den Entzug des G\u00fctesiegels entscheidet. Ist die NPO mit dem Entscheid des Zewo-Stiftungsrats nicht einverstanden, kann sie diesen innerhalb von 30 Tagen beim Rekursgericht anfechten. Dasselbe gilt, wenn die Zewo auf ein Pr\u00fcfgesuch nicht eingeht. Das Rekursgericht entscheidet unabh\u00e4ngig vom Zewo-Stiftungsrat und in letzter Instanz. Es sch\u00fctzt NPO vor willk\u00fcrlichen Entscheiden, die nicht nachvollziehbar sind. <\/p>\n\n\n\n<p>Das Rekursgericht besteht aus f\u00fcnf Mitgliedern. Eine Amtsdauer betr\u00e4gt vier Jahre. Die Abberufung ist nicht m\u00f6glich.<\/p>\n\n\n\n<p><strong>Ursula Widmer, Pr\u00e4sidentin<\/strong><br>a. Bundesrichterin, Vitznau<\/p>\n\n\n\n<p><strong>Barbara Blut-Kaufmann<\/strong><br>Rechtsanw\u00e4ltin, stv. Leitende Gerichtsschreiberin, Verwaltungsgericht des Kantons Solothurn, Kriegstetten<\/p>\n\n\n\n<p><strong>Stephan Mazan<\/strong><br>Rechtsanwalt, Oberrichter, Obergericht des Kantons Z\u00fcrich, Z\u00fcrich<\/p>\n\n\n\n<p><strong>Marie-Claire Pont Veuthey<\/strong><br>Rechtsanw\u00e4ltin, ehemalige nebenamtliche Richterin am Bundesgericht, Martigny<\/p>\n\n\n\n<p><strong>Urs Th\u00f6nen<\/strong><br>Advokat, Allschwil<br>stv. Pfarrer, reformierte Kirche Frenkendorf-F\u00fcllinsdorf<br><\/p>\n\n\n\n<h3 class=\"wp-block-heading\" id=\"h-reglement\">Reglement<\/h3>\n\n\n\n<ul class=\"wp-block-list list-icons\">\n<li><a href=\"\/de\/reglement-rekursgericht\/\" target=\"_blank\" rel=\"noreferrer noopener\" aria-label=\" (\u00f6ffnet in neuem Tab)\">Reglement Rekursgericht<\/a><\/li>\n<\/ul>\n\n\n\n<div class=\"wp-block-cgb-block-zewo-block-columns-container container bg-color-light-gray\"><div class=\"grid-x grid-margin-x\" data-columns=\"2\">\n<div class=\"wp-block-columns is-layout-flex wp-container-core-columns-is-layout-9d6595d7 wp-block-columns-is-layout-flex\">\n<div class=\"wp-block-column is-layout-flow wp-block-column-is-layout-flow\" style=\"flex-basis:100%\">\n<div class=\"wp-block-columns is-layout-flex wp-container-core-columns-is-layout-9d6595d7 wp-block-columns-is-layout-flex\">\n<div class=\"wp-block-column is-layout-flow wp-block-column-is-layout-flow\" style=\"flex-basis:100%\">\n<div class=\"wp-block-group is-nowrap is-layout-flex wp-container-core-group-is-layout-ad2f72ca wp-block-group-is-layout-flex\">\n<div class=\"cell small-12 medium-6\"><div class=\"wp-block-cgb-block-zewo-block-image-teaser ab-block-cta bg-color-secondary\"><div class=\"ab-cta-image-wrap bg-color-secondary\"><img decoding=\"async\" class=\"ab-cta-image\" src=\"https:\/\/zewo.ch\/wp-content\/uploads\/2019\/05\/21-zewo-standards-1.png\" alt=\"Die 21 Zewo-Standards f\u00fcr Spenden sammelnde NPO\"\/><\/div><div class=\"ab-cta-content\"><h2 class=\"ab-cta-title\">Die 21 Zewo-Standards<\/h2><\/div><div class=\"ab-cta-button\"><a href=\"\/de\/die-21-zewo-standards\/\" target=\"_self\" rel=\"noopener noreferrer\" class=\"button primary button-teaser\"><span class=\"button-arrow\"><\/span>Mehr erfahren<\/a><\/div><a href=\"\/de\/die-21-zewo-standards\/\" target=\"_self\" rel=\"noopener noreferrer\" class=\"button-teaser--is-full\"><\/a><\/div><\/div>\n<\/div>\n<\/div>\n<\/div>\n<\/div>\n<\/div>\n\n\n\n<div class=\"wp-block-columns is-layout-flex wp-container-core-columns-is-layout-9d6595d7 wp-block-columns-is-layout-flex\">\n<div class=\"wp-block-column is-layout-flow wp-block-column-is-layout-flow\" style=\"flex-basis:100%\"><\/div>\n<\/div>\n\n\n\n<div class=\"cell small-12 medium-6\"><div class=\"wp-block-cgb-block-zewo-block-image-teaser ab-block-cta bg-color-secondary\"><div class=\"ab-cta-image-wrap bg-color-secondary\"><img decoding=\"async\" class=\"ab-cta-image\" src=\"https:\/\/zewo.ch\/wp-content\/uploads\/2019\/07\/Pokal-1.png\" alt=\"Der Weg zum Zewo-G\u00fctesiegel\"\/><\/div><div class=\"ab-cta-content\"><h2 class=\"ab-cta-title\">Der Weg zum Zewo-G\u00fctesiegel<\/h2><\/div><div class=\"ab-cta-button\"><a href=\"\/de\/der-weg-zum-zewo-guetesiegel\/\" target=\"_self\" rel=\"noopener noreferrer\" class=\"button primary button-teaser\"><span class=\"button-arrow\"><\/span>Jetzt informieren<\/a><\/div><a href=\"\/de\/der-weg-zum-zewo-guetesiegel\/\" target=\"_self\" rel=\"noopener noreferrer\" class=\"button-teaser--is-full\"><\/a><\/div><\/div>\n<\/div><\/div>\n","protected":false},"excerpt":{"rendered":"<p>Schutz vor Willk\u00fcr Hat Ihre NPO das G\u00fctesiegel nicht erhalten oder wurde es ihr entzogen? NPO, die mit einem solchen Entscheid des Zewo-Stiftungsrat nicht einverstanden sind, k\u00f6nnen sich an das Rekursgericht wenden. Die Entscheide des Zewo-Stiftungsrats basieren auf der Pr\u00fcfung der NPO durch die Gesch\u00e4ftsstelle. Diese muss sich bei der Pr\u00fcfung an die Zewo-Standards und [&hellip;]<\/p>\n","protected":false},"author":6,"featured_media":0,"parent":0,"menu_order":398,"comment_status":"closed","ping_status":"closed","template":"","meta":{"_acf_changed":false,"footnotes":""},"folder":[6639],"class_list":["post-813","page","type-page","status-publish","hentry"],"acf":[],"yoast_head":"<!-- This site is optimized with the Yoast SEO Premium plugin v26.0 (Yoast SEO v26.0) - https:\/\/yoast.com\/wordpress\/plugins\/seo\/ -->\n<title>Zewo<\/title>\n<meta name=\"description\" content=\"Der Entscheid \u00fcber Verweigerung oder Entzug des G\u00fctesiegels kann an das Rekursgericht weitergezogen werden. Dieses besteht aus 5 Mitgliedern.\" \/>\n<meta name=\"robots\" content=\"index, follow, max-snippet:-1, max-image-preview:large, max-video-preview:-1\" \/>\n<link rel=\"canonical\" href=\"https:\/\/zewo.ch\/de\/rekursgericht\/\" \/>\n<meta property=\"og:locale\" content=\"de_DE\" \/>\n<meta property=\"og:type\" content=\"article\" \/>\n<meta property=\"og:description\" content=\"Der Entscheid \u00fcber Verweigerung oder Entzug des G\u00fctesiegels kann an das Rekursgericht weitergezogen werden. Dieses besteht aus 5 Mitgliedern.\" \/>\n<meta property=\"og:url\" content=\"https:\/\/zewo.ch\/de\/rekursgericht\/\" \/>\n<meta property=\"og:site_name\" content=\"Zewo\" \/>\n<meta property=\"article:publisher\" content=\"https:\/\/www.facebook.com\/Stiftung.ZEWO\/\" \/>\n<meta property=\"article:modified_time\" content=\"2026-02-25T08:56:11+00:00\" \/>\n<meta name=\"twitter:card\" content=\"summary_large_image\" \/>\n<meta name=\"twitter:site\" content=\"@stiftung_zewo\" \/>\n<meta name=\"twitter:label1\" content=\"Gesch\u00e4tzte Lesezeit\" \/>\n\t<meta name=\"twitter:data1\" content=\"4\u00a0Minuten\" \/>\n<script type=\"application\/ld+json\" class=\"yoast-schema-graph\">{\"@context\":\"https:\/\/schema.org\",\"@graph\":[{\"@type\":\"WebPage\",\"@id\":\"https:\/\/zewo.ch\/de\/rekursgericht\/#webpage\",\"url\":\"https:\/\/zewo.ch\/de\/rekursgericht\/#webpage\",\"name\":\"\",\"isPartOf\":{\"@id\":\"https:\/\/zewo.ch\/de\/#website\"},\"datePublished\":\"2019-04-16T14:05:56+00:00\",\"dateModified\":\"2026-02-25T08:56:11+00:00\",\"description\":\"Der Entscheid \u00fcber Verweigerung oder Entzug des G\u00fctesiegels kann an das Rekursgericht weitergezogen werden. Dieses besteht aus 5 Mitgliedern.\",\"breadcrumb\":{\"@id\":\"https:\/\/zewo.ch\/de\/rekursgericht\/#breadcrumb\"},\"inLanguage\":\"de\",\"potentialAction\":[{\"@type\":\"ReadAction\",\"target\":[\"https:\/\/zewo.ch\/de\/rekursgericht\/\"]}]},{\"@type\":\"BreadcrumbList\",\"@id\":\"https:\/\/zewo.ch\/de\/rekursgericht\/#breadcrumb\",\"itemListElement\":[{\"@type\":\"ListItem\",\"position\":1,\"name\":\"Home\",\"item\":\"https:\/\/zewo.ch\/de\/\"},{\"@type\":\"ListItem\",\"position\":2,\"name\":\"Rekursgericht\"}]},{\"@type\":\"WebSite\",\"@id\":\"https:\/\/zewo.ch\/de\/#website\",\"url\":\"https:\/\/zewo.ch\/de\/\",\"name\":\"Zewo\",\"description\":\"Ihre Spende in guten H\u00e4nden.\",\"publisher\":{\"@id\":\"https:\/\/zewo.ch\/de\/#organization\"},\"potentialAction\":[{\"@type\":\"SearchAction\",\"target\":{\"@type\":\"EntryPoint\",\"urlTemplate\":\"https:\/\/zewo.ch\/de\/?s={search_term_string}\"},\"query-input\":{\"@type\":\"PropertyValueSpecification\",\"valueRequired\":true,\"valueName\":\"search_term_string\"}}],\"inLanguage\":\"de\"},{\"@type\":\"Organization\",\"@id\":\"https:\/\/zewo.ch\/de\/#organization\",\"name\":\"Stiftung Zewo\",\"url\":\"https:\/\/zewo.ch\/de\/\",\"logo\":{\"@type\":\"ImageObject\",\"inLanguage\":\"de\",\"@id\":\"https:\/\/zewo.ch\/de\/#\/schema\/logo\/image\/\",\"url\":\"https:\/\/zewo.ch\/wp-content\/uploads\/2019\/08\/Zewo_Logo_Claim_D.svg\",\"contentUrl\":\"https:\/\/zewo.ch\/wp-content\/uploads\/2019\/08\/Zewo_Logo_Claim_D.svg\",\"width\":1,\"height\":1,\"caption\":\"Stiftung Zewo\"},\"image\":{\"@id\":\"https:\/\/zewo.ch\/de\/#\/schema\/logo\/image\/\"},\"sameAs\":[\"https:\/\/www.facebook.com\/Stiftung.ZEWO\/\",\"https:\/\/x.com\/stiftung_zewo\",\"https:\/\/www.linkedin.com\/company\/stiftung-zewo\",\"https:\/\/www.youtube.com\/channel\/UCzjsVJro12OXcvvx1LQP8tw\",\"https:\/\/de.wikipedia.org\/wiki\/Zewo\"]}]}<\/script>\n<!-- \/ Yoast SEO Premium plugin. -->","yoast_head_json":{"title":"Zewo","description":"Der Entscheid \u00fcber Verweigerung oder Entzug des G\u00fctesiegels kann an das Rekursgericht weitergezogen werden. Dieses besteht aus 5 Mitgliedern.","robots":{"index":"index","follow":"follow","max-snippet":"max-snippet:-1","max-image-preview":"max-image-preview:large","max-video-preview":"max-video-preview:-1"},"canonical":"https:\/\/zewo.ch\/de\/rekursgericht\/","og_locale":"de_DE","og_type":"article","og_description":"Der Entscheid \u00fcber Verweigerung oder Entzug des G\u00fctesiegels kann an das Rekursgericht weitergezogen werden. Dieses besteht aus 5 Mitgliedern.","og_url":"https:\/\/zewo.ch\/de\/rekursgericht\/","og_site_name":"Zewo","article_publisher":"https:\/\/www.facebook.com\/Stiftung.ZEWO\/","article_modified_time":"2026-02-25T08:56:11+00:00","twitter_card":"summary_large_image","twitter_site":"@stiftung_zewo","twitter_misc":{"Gesch\u00e4tzte Lesezeit":"4\u00a0Minuten"},"schema":{"@context":"https:\/\/schema.org","@graph":[{"@type":"WebPage","@id":"https:\/\/zewo.ch\/de\/rekursgericht\/#webpage","url":"https:\/\/zewo.ch\/de\/rekursgericht\/#webpage","name":"","isPartOf":{"@id":"https:\/\/zewo.ch\/de\/#website"},"datePublished":"2019-04-16T14:05:56+00:00","dateModified":"2026-02-25T08:56:11+00:00","description":"Der Entscheid \u00fcber Verweigerung oder Entzug des G\u00fctesiegels kann an das Rekursgericht weitergezogen werden. Dieses besteht aus 5 Mitgliedern.","breadcrumb":{"@id":"https:\/\/zewo.ch\/de\/rekursgericht\/#breadcrumb"},"inLanguage":"de","potentialAction":[{"@type":"ReadAction","target":["https:\/\/zewo.ch\/de\/rekursgericht\/"]}]},{"@type":"BreadcrumbList","@id":"https:\/\/zewo.ch\/de\/rekursgericht\/#breadcrumb","itemListElement":[{"@type":"ListItem","position":1,"name":"Home","item":"https:\/\/zewo.ch\/de\/"},{"@type":"ListItem","position":2,"name":"Rekursgericht"}]},{"@type":"WebSite","@id":"https:\/\/zewo.ch\/de\/#website","url":"https:\/\/zewo.ch\/de\/","name":"Zewo","description":"Ihre Spende in guten H\u00e4nden.","publisher":{"@id":"https:\/\/zewo.ch\/de\/#organization"},"potentialAction":[{"@type":"SearchAction","target":{"@type":"EntryPoint","urlTemplate":"https:\/\/zewo.ch\/de\/?s={search_term_string}"},"query-input":{"@type":"PropertyValueSpecification","valueRequired":true,"valueName":"search_term_string"}}],"inLanguage":"de"},{"@type":"Organization","@id":"https:\/\/zewo.ch\/de\/#organization","name":"Stiftung Zewo","url":"https:\/\/zewo.ch\/de\/","logo":{"@type":"ImageObject","inLanguage":"de","@id":"https:\/\/zewo.ch\/de\/#\/schema\/logo\/image\/","url":"https:\/\/zewo.ch\/wp-content\/uploads\/2019\/08\/Zewo_Logo_Claim_D.svg","contentUrl":"https:\/\/zewo.ch\/wp-content\/uploads\/2019\/08\/Zewo_Logo_Claim_D.svg","width":1,"height":1,"caption":"Stiftung Zewo"},"image":{"@id":"https:\/\/zewo.ch\/de\/#\/schema\/logo\/image\/"},"sameAs":["https:\/\/www.facebook.com\/Stiftung.ZEWO\/","https:\/\/x.com\/stiftung_zewo","https:\/\/www.linkedin.com\/company\/stiftung-zewo","https:\/\/www.youtube.com\/channel\/UCzjsVJro12OXcvvx1LQP8tw","https:\/\/de.wikipedia.org\/wiki\/Zewo"]}]}},"publishpress_future_action":{"enabled":false,"date":"2026-04-21 18:58:47","action":"change-status","newStatus":"draft","terms":[],"taxonomy":"translation_priority","extraData":[]},"publishpress_future_workflow_manual_trigger":{"enabledWorkflows":[]},"_links":{"self":[{"href":"https:\/\/zewo.ch\/de\/wp-json\/wp\/v2\/pages\/813","targetHints":{"allow":["GET"]}}],"collection":[{"href":"https:\/\/zewo.ch\/de\/wp-json\/wp\/v2\/pages"}],"about":[{"href":"https:\/\/zewo.ch\/de\/wp-json\/wp\/v2\/types\/page"}],"author":[{"embeddable":true,"href":"https:\/\/zewo.ch\/de\/wp-json\/wp\/v2\/users\/6"}],"replies":[{"embeddable":true,"href":"https:\/\/zewo.ch\/de\/wp-json\/wp\/v2\/comments?post=813"}],"version-history":[{"count":40,"href":"https:\/\/zewo.ch\/de\/wp-json\/wp\/v2\/pages\/813\/revisions"}],"predecessor-version":[{"id":5938603,"href":"https:\/\/zewo.ch\/de\/wp-json\/wp\/v2\/pages\/813\/revisions\/5938603"}],"wp:attachment":[{"href":"https:\/\/zewo.ch\/de\/wp-json\/wp\/v2\/media?parent=813"}],"wp:term":[{"taxonomy":"folder","embeddable":true,"href":"https:\/\/zewo.ch\/de\/wp-json\/wp\/v2\/folder?post=813"}],"curies":[{"name":"wp","href":"https:\/\/api.w.org\/{rel}","templated":true}]}}