{"id":804,"date":"2019-04-16T15:56:41","date_gmt":"2019-04-16T13:56:41","guid":{"rendered":"https:\/\/www.zewo.ch\/?page_id=804"},"modified":"2025-10-10T16:20:25","modified_gmt":"2025-10-10T14:20:25","slug":"zertifizierungsausschuss","status":"publish","type":"page","link":"https:\/\/zewo.ch\/de\/zertifizierungsausschuss\/","title":{"rendered":"Zertifizierungsausschuss"},"content":{"rendered":"\n<h2 class=\"wp-block-heading\">Revisorenteam unterst\u00fctzt die Zewo <\/h2>\n\n\n\n<p><strong>Die Zewo arbeitet mit ausgewiesenen, praxiserfahrenen und kompetenten Revisoren zusammen,&nbsp;wenn sie die Jahresrechnungen von NPO beurteilt. <\/strong><\/p>\n\n\n\n<p>Die Zewo verlangt, dass zertifizierte NPO einen Jahresabschluss ver\u00f6ffentlichen, der aussagekr\u00e4ftig und klar ist. Massgebend ist der eigens f\u00fcr gemeinn\u00fctzige NPO entwickelte Standard zur Rechnungslegung, <a rel=\"noreferrer noopener\" aria-label=\" (\u00f6ffnet in neuem Tab)\" href=\"https:\/\/www.fer.ch\/standards\/swiss-gaap-fer-21-rechnungslegung-fuer-gemeinnuetzige-nonprofit-organisationen\/\" target=\"_blank\">Swiss GAAP FER 21<\/a>. Zusammen mit den von der Zewo zus\u00e4tzlich verlangen Angaben sollen sich Spenderinnen und Spender ein Bild von der tats\u00e4chliche Verm\u00f6gens-, Finanz- und Ertragslage einer NPO machen k\u00f6nnen. <\/p>\n\n\n\n<p>Ob die Jahresrechnung einer NPO den verlangten Anforderungen entspricht, pr\u00fcft die Zewo bei Erst- und Rezertifizierungen. Revisoren aus dem Zertifizierungsausschuss unterst\u00fctzen sie dabei. Der Ausschuss setzt sich aus den folgenden Mitgliedern zusammen, die vom  <a href=\"\/de\/stiftungsrat\/\">Stiftungsrat<\/a> der Zewo gew\u00e4hlt sind: <\/p>\n\n\n\n<h3 class=\"wp-block-heading\" id=\"h-christof-battig\">\ufeffChristof B\u00e4ttig<\/h3>\n\n\n\n<p>Dipl. Wirtschaftspr\u00fcfer, Emmenbr\u00fccke<\/p>\n\n\n\n<h3 class=\"wp-block-heading\" id=\"h-andreas-bechtiger\">Andreas Bechtiger\ufeff<\/h3>\n\n\n\n<p>Dipl. Wirtschaftspr\u00fcfer, Oberrieden<\/p>\n\n\n\n<h3 class=\"wp-block-heading\" id=\"h-michael-brugger\">Michael Br\u00fcgger\ufeff<\/h3>\n\n\n\n<p>Dipl. Wirtschaftspr\u00fcfer, Seedorf BE <\/p>\n\n\n\n<h3 class=\"wp-block-heading\" id=\"h-laurence-gillieron\">Laurence Gilli\u00e9ron<\/h3>\n\n\n\n<p>Dipl. Wirtschaftspr\u00fcferin, Bern<\/p>\n\n\n\n<h3 class=\"wp-block-heading\" id=\"h-michael-herzog\">Michael Herzog\ufeff<\/h3>\n\n\n\n<p>Dipl. Wirtschaftspr\u00fcfer, Z\u00fcrich <\/p>\n\n\n\n<div class=\"wp-block-cgb-block-zewo-block-columns-container container bg-color-light-gray\"><div class=\"grid-x grid-margin-x\" data-columns=\"2\">\n<div class=\"wp-block-columns is-layout-flex wp-container-core-columns-is-layout-9d6595d7 wp-block-columns-is-layout-flex\">\n<div class=\"wp-block-column is-layout-flow wp-block-column-is-layout-flow\" style=\"flex-basis:100%\">\n<div class=\"wp-block-columns is-layout-flex wp-container-core-columns-is-layout-9d6595d7 wp-block-columns-is-layout-flex\">\n<div class=\"wp-block-column is-layout-flow wp-block-column-is-layout-flow\" style=\"flex-basis:100%\">\n<div class=\"wp-block-group is-nowrap is-layout-flex wp-container-core-group-is-layout-ad2f72ca wp-block-group-is-layout-flex\">\n<div class=\"cell small-12 medium-6\"><div class=\"wp-block-cgb-block-zewo-block-image-teaser ab-block-cta bg-color-secondary\"><div class=\"ab-cta-image-wrap bg-color-secondary\"><img decoding=\"async\" class=\"ab-cta-image\" src=\"https:\/\/zewo.ch\/wp-content\/uploads\/2019\/05\/21-zewo-standards-1.png\" alt=\"Die 21 Zewo-Standards f\u00fcr Spenden sammelnde NPO\"\/><\/div><div class=\"ab-cta-content\"><h2 class=\"ab-cta-title\">Die 21 Zewo-Standards<\/h2><\/div><div class=\"ab-cta-button\"><a href=\"\/de\/die-21-zewo-standards\/\" target=\"_self\" rel=\"noopener noreferrer\" class=\"button primary button-teaser\"><span class=\"button-arrow\"><\/span>Mehr erfahren<\/a><\/div><a href=\"\/de\/die-21-zewo-standards\/\" target=\"_self\" rel=\"noopener noreferrer\" class=\"button-teaser--is-full\"><\/a><\/div><\/div>\n<\/div>\n<\/div>\n<\/div>\n<\/div>\n<\/div>\n\n\n\n<div class=\"wp-block-columns is-layout-flex wp-container-core-columns-is-layout-9d6595d7 wp-block-columns-is-layout-flex\">\n<div class=\"wp-block-column is-layout-flow wp-block-column-is-layout-flow\" style=\"flex-basis:100%\"><\/div>\n<\/div>\n\n\n\n<div class=\"cell small-12 medium-6\"><div class=\"wp-block-cgb-block-zewo-block-image-teaser ab-block-cta bg-color-secondary\"><div class=\"ab-cta-image-wrap bg-color-secondary\"><img decoding=\"async\" class=\"ab-cta-image\" src=\"https:\/\/zewo.ch\/wp-content\/uploads\/2019\/07\/Pokal-1.png\" alt=\"Der Weg zum Zewo-G\u00fctesiegel\"\/><\/div><div class=\"ab-cta-content\"><h2 class=\"ab-cta-title\">Der Weg zum Zewo-G\u00fctesiegel<\/h2><\/div><div class=\"ab-cta-button\"><a href=\"\/de\/der-weg-zum-zewo-guetesiegel\/\" target=\"_self\" rel=\"noopener noreferrer\" class=\"button primary button-teaser\"><span class=\"button-arrow\"><\/span>Jetzt informieren<\/a><\/div><a href=\"\/de\/der-weg-zum-zewo-guetesiegel\/\" target=\"_self\" rel=\"noopener noreferrer\" class=\"button-teaser--is-full\"><\/a><\/div><\/div>\n<\/div><\/div>\n","protected":false},"excerpt":{"rendered":"<p>Revisorenteam unterst\u00fctzt die Zewo Die Zewo arbeitet mit ausgewiesenen, praxiserfahrenen und kompetenten Revisoren zusammen,&nbsp;wenn sie die Jahresrechnungen von NPO beurteilt. Die Zewo verlangt, dass zertifizierte NPO einen Jahresabschluss ver\u00f6ffentlichen, der aussagekr\u00e4ftig und klar ist. Massgebend ist der eigens f\u00fcr gemeinn\u00fctzige NPO entwickelte Standard zur Rechnungslegung, Swiss GAAP FER 21. Zusammen mit den von der Zewo [&hellip;]<\/p>\n","protected":false},"author":6,"featured_media":0,"parent":0,"menu_order":397,"comment_status":"closed","ping_status":"closed","template":"","meta":{"_acf_changed":false,"footnotes":""},"folder":[6639],"class_list":["post-804","page","type-page","status-publish","hentry"],"acf":[],"yoast_head":"<!-- This site is optimized with the Yoast SEO Premium plugin v26.0 (Yoast SEO v26.0) - https:\/\/yoast.com\/wordpress\/plugins\/seo\/ -->\n<title>Zewo<\/title>\n<meta name=\"description\" content=\"Praxiserfahren und kompetent. Die Zewo beurteilt die Jahresrechnungen von NPO mit der Unterst\u00fctzung von ausgewiesenen Finanzfachleuten.\" \/>\n<meta name=\"robots\" content=\"index, follow, max-snippet:-1, max-image-preview:large, max-video-preview:-1\" \/>\n<link rel=\"canonical\" href=\"https:\/\/zewo.ch\/de\/zertifizierungsausschuss\/\" \/>\n<meta property=\"og:locale\" content=\"de_DE\" \/>\n<meta property=\"og:type\" content=\"article\" \/>\n<meta property=\"og:description\" content=\"Praxiserfahren und kompetent. Die Zewo beurteilt die Jahresrechnungen von NPO mit der Unterst\u00fctzung von ausgewiesenen Finanzfachleuten.\" \/>\n<meta property=\"og:url\" content=\"https:\/\/zewo.ch\/de\/zertifizierungsausschuss\/\" \/>\n<meta property=\"og:site_name\" content=\"Zewo\" \/>\n<meta property=\"article:publisher\" content=\"https:\/\/www.facebook.com\/Stiftung.ZEWO\/\" \/>\n<meta property=\"article:modified_time\" content=\"2025-10-10T14:20:25+00:00\" \/>\n<meta name=\"twitter:card\" content=\"summary_large_image\" \/>\n<meta name=\"twitter:site\" content=\"@stiftung_zewo\" \/>\n<meta name=\"twitter:label1\" content=\"Gesch\u00e4tzte Lesezeit\" \/>\n\t<meta name=\"twitter:data1\" content=\"3\u00a0Minuten\" \/>\n<script type=\"application\/ld+json\" class=\"yoast-schema-graph\">{\"@context\":\"https:\/\/schema.org\",\"@graph\":[{\"@type\":\"WebPage\",\"@id\":\"https:\/\/zewo.ch\/de\/zertifizierungsausschuss\/#webpage\",\"url\":\"https:\/\/zewo.ch\/de\/zertifizierungsausschuss\/#webpage\",\"name\":\"\",\"isPartOf\":{\"@id\":\"https:\/\/zewo.ch\/de\/#website\"},\"datePublished\":\"2019-04-16T13:56:41+00:00\",\"dateModified\":\"2025-10-10T14:20:25+00:00\",\"description\":\"Praxiserfahren und kompetent. Die Zewo beurteilt die Jahresrechnungen von NPO mit der Unterst\u00fctzung von ausgewiesenen Finanzfachleuten.\",\"breadcrumb\":{\"@id\":\"https:\/\/zewo.ch\/de\/zertifizierungsausschuss\/#breadcrumb\"},\"inLanguage\":\"de\",\"potentialAction\":[{\"@type\":\"ReadAction\",\"target\":[\"https:\/\/zewo.ch\/de\/zertifizierungsausschuss\/\"]}]},{\"@type\":\"BreadcrumbList\",\"@id\":\"https:\/\/zewo.ch\/de\/zertifizierungsausschuss\/#breadcrumb\",\"itemListElement\":[{\"@type\":\"ListItem\",\"position\":1,\"name\":\"Home\",\"item\":\"https:\/\/zewo.ch\/de\/\"},{\"@type\":\"ListItem\",\"position\":2,\"name\":\"Zertifizierungsausschuss\"}]},{\"@type\":\"WebSite\",\"@id\":\"https:\/\/zewo.ch\/de\/#website\",\"url\":\"https:\/\/zewo.ch\/de\/\",\"name\":\"Zewo\",\"description\":\"Ihre Spende in guten H\u00e4nden.\",\"publisher\":{\"@id\":\"https:\/\/zewo.ch\/de\/#organization\"},\"potentialAction\":[{\"@type\":\"SearchAction\",\"target\":{\"@type\":\"EntryPoint\",\"urlTemplate\":\"https:\/\/zewo.ch\/de\/?s={search_term_string}\"},\"query-input\":{\"@type\":\"PropertyValueSpecification\",\"valueRequired\":true,\"valueName\":\"search_term_string\"}}],\"inLanguage\":\"de\"},{\"@type\":\"Organization\",\"@id\":\"https:\/\/zewo.ch\/de\/#organization\",\"name\":\"Stiftung Zewo\",\"url\":\"https:\/\/zewo.ch\/de\/\",\"logo\":{\"@type\":\"ImageObject\",\"inLanguage\":\"de\",\"@id\":\"https:\/\/zewo.ch\/de\/#\/schema\/logo\/image\/\",\"url\":\"https:\/\/zewo.ch\/wp-content\/uploads\/2019\/08\/Zewo_Logo_Claim_D.svg\",\"contentUrl\":\"https:\/\/zewo.ch\/wp-content\/uploads\/2019\/08\/Zewo_Logo_Claim_D.svg\",\"width\":1,\"height\":1,\"caption\":\"Stiftung Zewo\"},\"image\":{\"@id\":\"https:\/\/zewo.ch\/de\/#\/schema\/logo\/image\/\"},\"sameAs\":[\"https:\/\/www.facebook.com\/Stiftung.ZEWO\/\",\"https:\/\/x.com\/stiftung_zewo\",\"https:\/\/www.linkedin.com\/company\/stiftung-zewo\",\"https:\/\/www.youtube.com\/channel\/UCzjsVJro12OXcvvx1LQP8tw\",\"https:\/\/de.wikipedia.org\/wiki\/Zewo\"]}]}<\/script>\n<!-- \/ Yoast SEO Premium plugin. -->","yoast_head_json":{"title":"Zewo","description":"Praxiserfahren und kompetent. Die Zewo beurteilt die Jahresrechnungen von NPO mit der Unterst\u00fctzung von ausgewiesenen Finanzfachleuten.","robots":{"index":"index","follow":"follow","max-snippet":"max-snippet:-1","max-image-preview":"max-image-preview:large","max-video-preview":"max-video-preview:-1"},"canonical":"https:\/\/zewo.ch\/de\/zertifizierungsausschuss\/","og_locale":"de_DE","og_type":"article","og_description":"Praxiserfahren und kompetent. Die Zewo beurteilt die Jahresrechnungen von NPO mit der Unterst\u00fctzung von ausgewiesenen Finanzfachleuten.","og_url":"https:\/\/zewo.ch\/de\/zertifizierungsausschuss\/","og_site_name":"Zewo","article_publisher":"https:\/\/www.facebook.com\/Stiftung.ZEWO\/","article_modified_time":"2025-10-10T14:20:25+00:00","twitter_card":"summary_large_image","twitter_site":"@stiftung_zewo","twitter_misc":{"Gesch\u00e4tzte Lesezeit":"3\u00a0Minuten"},"schema":{"@context":"https:\/\/schema.org","@graph":[{"@type":"WebPage","@id":"https:\/\/zewo.ch\/de\/zertifizierungsausschuss\/#webpage","url":"https:\/\/zewo.ch\/de\/zertifizierungsausschuss\/#webpage","name":"","isPartOf":{"@id":"https:\/\/zewo.ch\/de\/#website"},"datePublished":"2019-04-16T13:56:41+00:00","dateModified":"2025-10-10T14:20:25+00:00","description":"Praxiserfahren und kompetent. Die Zewo beurteilt die Jahresrechnungen von NPO mit der Unterst\u00fctzung von ausgewiesenen Finanzfachleuten.","breadcrumb":{"@id":"https:\/\/zewo.ch\/de\/zertifizierungsausschuss\/#breadcrumb"},"inLanguage":"de","potentialAction":[{"@type":"ReadAction","target":["https:\/\/zewo.ch\/de\/zertifizierungsausschuss\/"]}]},{"@type":"BreadcrumbList","@id":"https:\/\/zewo.ch\/de\/zertifizierungsausschuss\/#breadcrumb","itemListElement":[{"@type":"ListItem","position":1,"name":"Home","item":"https:\/\/zewo.ch\/de\/"},{"@type":"ListItem","position":2,"name":"Zertifizierungsausschuss"}]},{"@type":"WebSite","@id":"https:\/\/zewo.ch\/de\/#website","url":"https:\/\/zewo.ch\/de\/","name":"Zewo","description":"Ihre Spende in guten H\u00e4nden.","publisher":{"@id":"https:\/\/zewo.ch\/de\/#organization"},"potentialAction":[{"@type":"SearchAction","target":{"@type":"EntryPoint","urlTemplate":"https:\/\/zewo.ch\/de\/?s={search_term_string}"},"query-input":{"@type":"PropertyValueSpecification","valueRequired":true,"valueName":"search_term_string"}}],"inLanguage":"de"},{"@type":"Organization","@id":"https:\/\/zewo.ch\/de\/#organization","name":"Stiftung Zewo","url":"https:\/\/zewo.ch\/de\/","logo":{"@type":"ImageObject","inLanguage":"de","@id":"https:\/\/zewo.ch\/de\/#\/schema\/logo\/image\/","url":"https:\/\/zewo.ch\/wp-content\/uploads\/2019\/08\/Zewo_Logo_Claim_D.svg","contentUrl":"https:\/\/zewo.ch\/wp-content\/uploads\/2019\/08\/Zewo_Logo_Claim_D.svg","width":1,"height":1,"caption":"Stiftung Zewo"},"image":{"@id":"https:\/\/zewo.ch\/de\/#\/schema\/logo\/image\/"},"sameAs":["https:\/\/www.facebook.com\/Stiftung.ZEWO\/","https:\/\/x.com\/stiftung_zewo","https:\/\/www.linkedin.com\/company\/stiftung-zewo","https:\/\/www.youtube.com\/channel\/UCzjsVJro12OXcvvx1LQP8tw","https:\/\/de.wikipedia.org\/wiki\/Zewo"]}]}},"publishpress_future_action":{"enabled":false,"date":"2026-04-22 21:39:55","action":"change-status","newStatus":"draft","terms":[],"taxonomy":"translation_priority","extraData":[]},"publishpress_future_workflow_manual_trigger":{"enabledWorkflows":[]},"_links":{"self":[{"href":"https:\/\/zewo.ch\/de\/wp-json\/wp\/v2\/pages\/804","targetHints":{"allow":["GET"]}}],"collection":[{"href":"https:\/\/zewo.ch\/de\/wp-json\/wp\/v2\/pages"}],"about":[{"href":"https:\/\/zewo.ch\/de\/wp-json\/wp\/v2\/types\/page"}],"author":[{"embeddable":true,"href":"https:\/\/zewo.ch\/de\/wp-json\/wp\/v2\/users\/6"}],"replies":[{"embeddable":true,"href":"https:\/\/zewo.ch\/de\/wp-json\/wp\/v2\/comments?post=804"}],"version-history":[{"count":34,"href":"https:\/\/zewo.ch\/de\/wp-json\/wp\/v2\/pages\/804\/revisions"}],"predecessor-version":[{"id":5933358,"href":"https:\/\/zewo.ch\/de\/wp-json\/wp\/v2\/pages\/804\/revisions\/5933358"}],"wp:attachment":[{"href":"https:\/\/zewo.ch\/de\/wp-json\/wp\/v2\/media?parent=804"}],"wp:term":[{"taxonomy":"folder","embeddable":true,"href":"https:\/\/zewo.ch\/de\/wp-json\/wp\/v2\/folder?post=804"}],"curies":[{"name":"wp","href":"https:\/\/api.w.org\/{rel}","templated":true}]}}