{"id":596,"date":"2019-04-09T10:54:37","date_gmt":"2019-04-09T08:54:37","guid":{"rendered":"https:\/\/www.zewo.ch\/?page_id=596"},"modified":"2026-01-19T16:20:07","modified_gmt":"2026-01-19T15:20:07","slug":"stiftungsrat","status":"publish","type":"page","link":"https:\/\/zewo.ch\/de\/stiftungsrat\/","title":{"rendered":"Stiftungsrat"},"content":{"rendered":"\n<h2 class=\"wp-block-heading\" id=\"h-aufsicht-und-oberstes-organ\">Aufsicht und oberstes Organ<\/h2>\n\n\n\n<p><strong>Im ehrenamtlichen Stiftungsrat der Zewo sind unabh\u00e4ngige Personen und wichtige Interessensgruppen vertreten. Die Zusammensetzung ist ausgewogen und breit abgest\u00fctzt, denn einzelne Interessen d\u00fcrfen nicht \u00fcberwiegen<\/strong>.<\/p>\n\n\n\n<p>Als oberstes Leitungsorgan erl\u00e4sst der Stiftungsrat die Standards der Zewo. Er setzt die Pr\u00fcfreglemente in Kraft und entscheidet \u00fcber die Verleihung oder den Entzug des Zewo-G\u00fctesiegels. Zudem nimmt er die Aufsicht \u00fcber die operative Gesch\u00e4ftst\u00e4tigkeit wahr. Zur Vorbereitung der Gesch\u00e4fte hat der Stiftungsrat einen Ausschuss eingesetzt. <\/p>\n\n\n\n<ul class=\"list-icons wp-block-list\">\n<li><a href=\"https:\/\/zewo.ch\/wp-content\/uploads\/2024\/02\/Statuten_Zewo_D_Revision2023.pdf\" target=\"_blank\" rel=\"noreferrer noopener\">Statuten der  Zewo<\/a><\/li>\n<\/ul>\n\n\n\n<p>Der Anlageausschuss sorgt daf\u00fcr, dass die Anlagen der Stiftung nach dem geltenden Anlagereglement der Zewo bewirtschaftet werden. <\/p>\n\n\n\n<ul class=\"list-icons wp-block-list\">\n<li><a href=\"\/de\/anlagereglement_zewo_9_nov_2009\/\" target=\"_blank\" rel=\"noreferrer noopener\" aria-label=\"Anlagereglement Zewo (\u00f6ffnet in neuem Tab)\">Anlagereglement Zewo<\/a><\/li>\n<\/ul>\n\n\n\n<div class=\"wp-block-cgb-block-zewo-block-columns-container container bg-color-light-gray\"><div class=\"grid-x grid-margin-x\" data-columns=\"3\">\n<div class=\"cell small-12 medium-6\"><div class=\"wp-block-cgb-block-zewo-block-image-text-teaser ab-block-cta\"><div class=\"ab-cta-image-wrap bg-color-secondary\"><img decoding=\"async\" class=\"ab-cta-image\" src=\"https:\/\/zewo.ch\/wp-content\/uploads\/2019\/07\/kurt-gruter.png\" alt=\"Kurt Gr\u00fcter, Pr\u00e4sident Zewo\"\/><\/div><div class=\"ab-cta-content\"><h2 class=\"ab-cta-title\">Kurt Gr\u00fcter<\/h2><div class=\"ab-cta-text\">\n<p>Pr\u00e4sident Stiftung Zewo, Bern<\/p>\n\n\n\n<p>Ehemaliger Direktor der Eidgen\u00f6ssischen Finanzkontrolle Bern<\/p>\n<\/div><\/div><div class=\"ab-cta-button\"><a href=\"\/de\/kurt-grueter\/\" target=\"_self\" rel=\"noopener noreferrer\" class=\"button primary button-teaser\"><span class=\"button-arrow\"><\/span>Weitere Engagements<\/a><\/div><a href=\"\/de\/kurt-grueter\/\" target=\"_self\" rel=\"noopener noreferrer\" class=\"button-teaser--is-full\"><\/a><\/div><\/div>\n\n\n\n<div class=\"cell small-12 medium-6\"><div class=\"wp-block-cgb-block-zewo-block-image-text-teaser ab-block-cta\"><div class=\"ab-cta-image-wrap bg-color-secondary\"><img decoding=\"async\" class=\"ab-cta-image\" src=\"https:\/\/zewo.ch\/wp-content\/uploads\/2020\/05\/didier-berberat.png\" alt=\"Didier Berberat, Stiftungsrat Zewo\"\/><\/div><div class=\"ab-cta-content\"><h2 class=\"ab-cta-title\">Didier Berberat<\/h2><div class=\"ab-cta-text\">\n<p>Ehemaliger National- und St\u00e4nderat, La Chaux-de-Fonds<\/p>\n\n\n\n<p>Rechtsanwalt<\/p>\n\n\n\n<p><\/p>\n<\/div><\/div><div class=\"ab-cta-button\"><a href=\"\/de\/didier-berberat\/\" target=\"_self\" rel=\"noopener noreferrer\" class=\"button primary button-teaser\"><span class=\"button-arrow\"><\/span>Weitere Engagements<\/a><\/div><a href=\"\/de\/didier-berberat\/\" target=\"_self\" rel=\"noopener noreferrer\" class=\"button-teaser--is-full\"><\/a><\/div><\/div>\n\n\n\n<div class=\"cell small-12 medium-6\"><div class=\"wp-block-cgb-block-zewo-block-image-text-teaser ab-block-cta\"><div class=\"ab-cta-image-wrap bg-color-secondary\"><img decoding=\"async\" class=\"ab-cta-image\" src=\"https:\/\/zewo.ch\/wp-content\/uploads\/2019\/07\/christine-egerszegi.png\" alt=\"Christine Egerszegi, Stiftungsr\u00e4tin Zewo\"\/><\/div><div class=\"ab-cta-content\"><h2 class=\"ab-cta-title\">Christine Egerszegi<\/h2><div class=\"ab-cta-text\">\n<p>Ehemalige National- und St\u00e4nder\u00e4tin, Mellingen<\/p>\n\n\n\n<p>Pr\u00e4sidentin der Eidgen\u00f6ssischen Kommission f\u00fcr die berufliche Vorsorge<\/p>\n<\/div><\/div><\/div><\/div>\n\n\n\n<div class=\"cell small-12 medium-6\"><div class=\"wp-block-cgb-block-zewo-block-image-text-teaser ab-block-cta\"><div class=\"ab-cta-image-wrap bg-color-secondary\"><img decoding=\"async\" class=\"ab-cta-image\" src=\"https:\/\/zewo.ch\/wp-content\/uploads\/2020\/01\/susanne-giger-1.png\" alt=\"Susanne Giger, Zewo-Stiftungsr\u00e4tin\"\/><\/div><div class=\"ab-cta-content\"><h2 class=\"ab-cta-title\">Susanne Giger<\/h2><div class=\"ab-cta-text\">\n<p>Verwaltungsr\u00e4tin, Moderatorin, Medientrainerin, Susanne Giger GmbH, Zollikon<\/p>\n<\/div><\/div><div class=\"ab-cta-button\"><a href=\"\/de\/susanne-giger\/\" target=\"_self\" rel=\"noopener noreferrer\" class=\"button primary button-teaser\"><span class=\"button-arrow\"><\/span>Weitere Engagements<\/a><\/div><a href=\"\/de\/susanne-giger\/\" target=\"_self\" rel=\"noopener noreferrer\" class=\"button-teaser--is-full\"><\/a><\/div><\/div>\n\n\n\n<div class=\"cell small-12 medium-6\"><div class=\"wp-block-cgb-block-zewo-block-image-text-teaser ab-block-cta\"><div class=\"ab-cta-image-wrap bg-color-secondary\"><img decoding=\"async\" class=\"ab-cta-image\" src=\"https:\/\/zewo.ch\/wp-content\/uploads\/2025\/05\/Illustration_MarcKempe.jpg\" alt=\"Illustration Marc Kempe\"\/><\/div><div class=\"ab-cta-content\"><h2 class=\"ab-cta-title\">Marc Kempe<\/h2><div class=\"ab-cta-text\">\n<p>Mitglied der Gesch\u00e4ftsleitung, Co-Leiter Kommunikation und Fundraising, SOS-Kinderdorf Schweiz, Bern<\/p>\n<\/div><\/div><div class=\"ab-cta-button\"><a href=\"\/de\/marc-kempe\/\" target=\"_self\" rel=\"noopener noreferrer\" class=\"button primary button-teaser\"><span class=\"button-arrow\"><\/span>Weitere Engagements<\/a><\/div><a href=\"\/de\/marc-kempe\/\" target=\"_self\" rel=\"noopener noreferrer\" class=\"button-teaser--is-full\"><\/a><\/div><\/div>\n\n\n\n<div class=\"cell small-12 medium-6\"><div class=\"wp-block-cgb-block-zewo-block-image-text-teaser ab-block-cta\"><div class=\"ab-cta-image-wrap bg-color-secondary\"><img decoding=\"async\" class=\"ab-cta-image\" src=\"https:\/\/zewo.ch\/wp-content\/uploads\/2019\/07\/erich-ramsauer.png\" alt=\"Erich Ramsauer, Stiftungsrat Zewo\"\/><\/div><div class=\"ab-cta-content\"><h2 class=\"ab-cta-title\">Erich Ramsauer<\/h2><div class=\"ab-cta-text\">\n<p>Anlagespezialist, Arosa<\/p>\n<\/div><\/div><\/div><\/div>\n\n\n\n<div class=\"cell small-12 medium-6\"><div class=\"wp-block-cgb-block-zewo-block-image-text-teaser ab-block-cta\"><div class=\"ab-cta-image-wrap bg-color-secondary\"><img decoding=\"async\" class=\"ab-cta-image\" src=\"https:\/\/zewo.ch\/wp-content\/uploads\/2022\/05\/K_Schweizer.png\" alt=\"Kathrin Schweizer, Zewo-Stiftungsr\u00e4tin\"\/><\/div><div class=\"ab-cta-content\"><h2 class=\"ab-cta-title\">Kathrin Schweizer<\/h2><div class=\"ab-cta-text\">\n<p>Regierungsr\u00e4tin Kanton Basel-Landschaft, Liestal<\/p>\n<\/div><\/div><\/div><\/div>\n\n\n\n<div class=\"cell small-12 medium-6\"><div class=\"wp-block-cgb-block-zewo-block-image-text-teaser ab-block-cta\"><div class=\"ab-cta-image-wrap bg-color-secondary\"><img decoding=\"async\" class=\"ab-cta-image\" src=\"https:\/\/zewo.ch\/wp-content\/uploads\/2019\/07\/Babette-Sigg.png\" alt=\"Babette Sigg, Stiftungsr\u00e4tin Zewo\"\/><\/div><div class=\"ab-cta-content\"><h2 class=\"ab-cta-title\">Babette Sigg Frank<\/h2><div class=\"ab-cta-text\">\n<p>Pr\u00e4sidentin Schweizerisches Konsumentenforum kf, Bern<\/p>\n<\/div><\/div><div class=\"ab-cta-button\"><a href=\"\/de\/babette-sigg\/\" target=\"_self\" rel=\"noopener noreferrer\" class=\"button primary button-teaser\"><span class=\"button-arrow\"><\/span>Weitere Engagements<\/a><\/div><a href=\"\/de\/babette-sigg\/\" target=\"_self\" rel=\"noopener noreferrer\" class=\"button-teaser--is-full\"><\/a><\/div><\/div>\n\n\n\n<div class=\"cell small-12 medium-6\"><div class=\"wp-block-cgb-block-zewo-block-image-text-teaser ab-block-cta\"><div class=\"ab-cta-image-wrap bg-color-secondary\"><img decoding=\"async\" class=\"ab-cta-image\" src=\"https:\/\/zewo.ch\/wp-content\/uploads\/2020\/01\/erich-wigger.png\" alt=\"Erich Wigger, Zewo-Stiftungsrat\"\/><\/div><div class=\"ab-cta-content\"><h2 class=\"ab-cta-title\">Erich Wigger<\/h2><div class=\"ab-cta-text\">\n<p>Ehemaliger Leiter Finanzen und Dienste Helvetas Swiss Intercooperation, Bern<\/p>\n<\/div><\/div><div class=\"ab-cta-button\"><a href=\"\/de\/erich-wigger\/\" target=\"_self\" rel=\"noopener noreferrer\" class=\"button primary button-teaser\"><span class=\"button-arrow\"><\/span>Weitere Engagements<\/a><\/div><a href=\"\/de\/erich-wigger\/\" target=\"_self\" rel=\"noopener noreferrer\" class=\"button-teaser--is-full\"><\/a><\/div><\/div>\n<\/div><\/div>\n\n\n\n<h3 class=\"wp-block-heading\" id=\"h-offenlegung-und-ausstand\">Offenlegung und Ausstand<\/h3>\n\n\n\n<p>Die Stiftungsr\u00e4te der Zewo legen ihre Interessenbindungen offen. Sie treten in den Ausstand, falls Gesch\u00e4fte behandelt werden, welche ihre eigenen Interessen oder die Interessen von ihnen nahestehenden nat\u00fcrlichen oder juristischen Personen betreffen.<\/p>\n\n\n\n<h3 class=\"wp-block-heading\" id=\"h-amtszeit\">Amtszeit<\/h3>\n\n\n\n<p>Die Stiftungsr\u00e4te sind f\u00fcr vier Jahre gew\u00e4hlt. Eine Wiederwahl ist m\u00f6glich. Die maximale Amtszeit ist auf drei Amtsperioden begrenzt. <\/p>\n\n\n\n<div class=\"wp-block-cgb-block-zewo-block-columns-container container bg-color-light-gray\"><div class=\"grid-x grid-margin-x\" data-columns=\"2\">\n<div class=\"wp-block-columns is-layout-flex wp-container-core-columns-is-layout-9d6595d7 wp-block-columns-is-layout-flex\">\n<div class=\"wp-block-column is-layout-flow wp-block-column-is-layout-flow\" style=\"flex-basis:100%\">\n<div class=\"wp-block-columns is-layout-flex wp-container-core-columns-is-layout-9d6595d7 wp-block-columns-is-layout-flex\">\n<div class=\"wp-block-column is-layout-flow wp-block-column-is-layout-flow\" style=\"flex-basis:100%\">\n<div class=\"wp-block-group is-nowrap is-layout-flex wp-container-core-group-is-layout-ad2f72ca wp-block-group-is-layout-flex\">\n<div class=\"cell small-12 medium-6\"><div class=\"wp-block-cgb-block-zewo-block-image-teaser ab-block-cta bg-color-secondary\"><div class=\"ab-cta-image-wrap bg-color-secondary\"><img decoding=\"async\" class=\"ab-cta-image\" src=\"https:\/\/zewo.ch\/wp-content\/uploads\/2019\/05\/21-zewo-standards-1.png\" alt=\"Die 21 Zewo-Standards f\u00fcr Spenden sammelnde NPO\"\/><\/div><div class=\"ab-cta-content\"><h2 class=\"ab-cta-title\">Die 21 Zewo-Standards<\/h2><\/div><div class=\"ab-cta-button\"><a href=\"\/de\/die-21-zewo-standards\/\" target=\"_self\" rel=\"noopener noreferrer\" class=\"button primary button-teaser\"><span class=\"button-arrow\"><\/span>Mehr erfahren<\/a><\/div><a href=\"\/de\/die-21-zewo-standards\/\" target=\"_self\" rel=\"noopener noreferrer\" class=\"button-teaser--is-full\"><\/a><\/div><\/div>\n<\/div>\n<\/div>\n<\/div>\n<\/div>\n<\/div>\n\n\n\n<div class=\"wp-block-columns is-layout-flex wp-container-core-columns-is-layout-9d6595d7 wp-block-columns-is-layout-flex\">\n<div class=\"wp-block-column is-layout-flow wp-block-column-is-layout-flow\" style=\"flex-basis:100%\"><\/div>\n<\/div>\n\n\n\n<div class=\"cell small-12 medium-6\"><div class=\"wp-block-cgb-block-zewo-block-image-teaser ab-block-cta bg-color-secondary\"><div class=\"ab-cta-image-wrap bg-color-secondary\"><img decoding=\"async\" class=\"ab-cta-image\" src=\"https:\/\/zewo.ch\/wp-content\/uploads\/2019\/07\/Pokal-1.png\" alt=\"Der Weg zum Zewo-G\u00fctesiegel\"\/><\/div><div class=\"ab-cta-content\"><h2 class=\"ab-cta-title\">Der Weg zum Zewo-G\u00fctesiegel<\/h2><\/div><div class=\"ab-cta-button\"><a href=\"\/de\/der-weg-zum-zewo-guetesiegel\/\" target=\"_self\" rel=\"noopener noreferrer\" class=\"button primary button-teaser\"><span class=\"button-arrow\"><\/span>Jetzt informieren<\/a><\/div><a href=\"\/de\/der-weg-zum-zewo-guetesiegel\/\" target=\"_self\" rel=\"noopener noreferrer\" class=\"button-teaser--is-full\"><\/a><\/div><\/div>\n<\/div><\/div>\n","protected":false},"excerpt":{"rendered":"<p>Aufsicht und oberstes Organ Im ehrenamtlichen Stiftungsrat der Zewo sind unabh\u00e4ngige Personen und wichtige Interessensgruppen vertreten. Die Zusammensetzung ist ausgewogen und breit abgest\u00fctzt, denn einzelne Interessen d\u00fcrfen nicht \u00fcberwiegen. Als oberstes Leitungsorgan erl\u00e4sst der Stiftungsrat die Standards der Zewo. Er setzt die Pr\u00fcfreglemente in Kraft und entscheidet \u00fcber die Verleihung oder den Entzug des Zewo-G\u00fctesiegels. [&hellip;]<\/p>\n","protected":false},"author":6,"featured_media":0,"parent":0,"menu_order":354,"comment_status":"closed","ping_status":"closed","template":"","meta":{"_acf_changed":false,"footnotes":""},"folder":[6639],"class_list":["post-596","page","type-page","status-publish","hentry"],"acf":[],"yoast_head":"<!-- This site is optimized with the Yoast SEO Premium plugin v26.0 (Yoast SEO v26.0) - https:\/\/yoast.com\/wordpress\/plugins\/seo\/ -->\n<title>Zewo<\/title>\n<meta name=\"description\" content=\"Der Stiftungsrat entscheidet \u00fcber die Zertifizierung und besteht aus mindestens 9 Mitgliedern. Die Zusammensetzung sichert Ausgewogenheit.\" \/>\n<meta name=\"robots\" content=\"index, follow, max-snippet:-1, max-image-preview:large, max-video-preview:-1\" \/>\n<link rel=\"canonical\" href=\"https:\/\/zewo.ch\/de\/stiftungsrat\/\" \/>\n<meta property=\"og:locale\" content=\"de_DE\" \/>\n<meta property=\"og:type\" content=\"article\" \/>\n<meta property=\"og:description\" content=\"Der Stiftungsrat entscheidet \u00fcber die Zertifizierung und besteht aus mindestens 9 Mitgliedern. Die Zusammensetzung sichert Ausgewogenheit.\" \/>\n<meta property=\"og:url\" content=\"https:\/\/zewo.ch\/de\/stiftungsrat\/\" \/>\n<meta property=\"og:site_name\" content=\"Zewo\" \/>\n<meta property=\"article:publisher\" content=\"https:\/\/www.facebook.com\/Stiftung.ZEWO\/\" \/>\n<meta property=\"article:modified_time\" content=\"2026-01-19T15:20:07+00:00\" \/>\n<meta property=\"og:image\" content=\"https:\/\/zewo.ch\/wp-content\/uploads\/2019\/07\/kurt-gruter.png\" \/>\n<meta name=\"twitter:card\" content=\"summary_large_image\" \/>\n<meta name=\"twitter:site\" content=\"@stiftung_zewo\" \/>\n<meta name=\"twitter:label1\" content=\"Gesch\u00e4tzte Lesezeit\" \/>\n\t<meta name=\"twitter:data1\" content=\"12\u00a0Minuten\" \/>\n<script type=\"application\/ld+json\" class=\"yoast-schema-graph\">{\"@context\":\"https:\/\/schema.org\",\"@graph\":[{\"@type\":\"WebPage\",\"@id\":\"https:\/\/zewo.ch\/de\/stiftungsrat\/#webpage\",\"url\":\"https:\/\/zewo.ch\/de\/stiftungsrat\/#webpage\",\"name\":\"\",\"isPartOf\":{\"@id\":\"https:\/\/zewo.ch\/de\/#website\"},\"primaryImageOfPage\":{\"@id\":\"https:\/\/zewo.ch\/de\/stiftungsrat\/#primaryimage\"},\"image\":{\"@id\":\"https:\/\/zewo.ch\/de\/stiftungsrat\/#primaryimage\"},\"thumbnailUrl\":\"https:\/\/zewo.ch\/wp-content\/uploads\/2019\/07\/kurt-gruter.png\",\"datePublished\":\"2019-04-09T08:54:37+00:00\",\"dateModified\":\"2026-01-19T15:20:07+00:00\",\"description\":\"Der Stiftungsrat entscheidet \u00fcber die Zertifizierung und besteht aus mindestens 9 Mitgliedern. Die Zusammensetzung sichert Ausgewogenheit.\",\"breadcrumb\":{\"@id\":\"https:\/\/zewo.ch\/de\/stiftungsrat\/#breadcrumb\"},\"inLanguage\":\"de\",\"potentialAction\":[{\"@type\":\"ReadAction\",\"target\":[\"https:\/\/zewo.ch\/de\/stiftungsrat\/\"]}]},{\"@type\":\"ImageObject\",\"inLanguage\":\"de\",\"@id\":\"https:\/\/zewo.ch\/de\/stiftungsrat\/#primaryimage\",\"url\":\"https:\/\/zewo.ch\/wp-content\/uploads\/2019\/07\/kurt-gruter.png\",\"contentUrl\":\"https:\/\/zewo.ch\/wp-content\/uploads\/2019\/07\/kurt-gruter.png\"},{\"@type\":\"BreadcrumbList\",\"@id\":\"https:\/\/zewo.ch\/de\/stiftungsrat\/#breadcrumb\",\"itemListElement\":[{\"@type\":\"ListItem\",\"position\":1,\"name\":\"Home\",\"item\":\"https:\/\/zewo.ch\/de\/\"},{\"@type\":\"ListItem\",\"position\":2,\"name\":\"Stiftungsrat\"}]},{\"@type\":\"WebSite\",\"@id\":\"https:\/\/zewo.ch\/de\/#website\",\"url\":\"https:\/\/zewo.ch\/de\/\",\"name\":\"Zewo\",\"description\":\"Ihre Spende in guten H\u00e4nden.\",\"publisher\":{\"@id\":\"https:\/\/zewo.ch\/de\/#organization\"},\"potentialAction\":[{\"@type\":\"SearchAction\",\"target\":{\"@type\":\"EntryPoint\",\"urlTemplate\":\"https:\/\/zewo.ch\/de\/?s={search_term_string}\"},\"query-input\":{\"@type\":\"PropertyValueSpecification\",\"valueRequired\":true,\"valueName\":\"search_term_string\"}}],\"inLanguage\":\"de\"},{\"@type\":\"Organization\",\"@id\":\"https:\/\/zewo.ch\/de\/#organization\",\"name\":\"Stiftung Zewo\",\"url\":\"https:\/\/zewo.ch\/de\/\",\"logo\":{\"@type\":\"ImageObject\",\"inLanguage\":\"de\",\"@id\":\"https:\/\/zewo.ch\/de\/#\/schema\/logo\/image\/\",\"url\":\"https:\/\/zewo.ch\/wp-content\/uploads\/2019\/08\/Zewo_Logo_Claim_D.svg\",\"contentUrl\":\"https:\/\/zewo.ch\/wp-content\/uploads\/2019\/08\/Zewo_Logo_Claim_D.svg\",\"width\":1,\"height\":1,\"caption\":\"Stiftung Zewo\"},\"image\":{\"@id\":\"https:\/\/zewo.ch\/de\/#\/schema\/logo\/image\/\"},\"sameAs\":[\"https:\/\/www.facebook.com\/Stiftung.ZEWO\/\",\"https:\/\/x.com\/stiftung_zewo\",\"https:\/\/www.linkedin.com\/company\/stiftung-zewo\",\"https:\/\/www.youtube.com\/channel\/UCzjsVJro12OXcvvx1LQP8tw\",\"https:\/\/de.wikipedia.org\/wiki\/Zewo\"]}]}<\/script>\n<!-- \/ Yoast SEO Premium plugin. -->","yoast_head_json":{"title":"Zewo","description":"Der Stiftungsrat entscheidet \u00fcber die Zertifizierung und besteht aus mindestens 9 Mitgliedern. Die Zusammensetzung sichert Ausgewogenheit.","robots":{"index":"index","follow":"follow","max-snippet":"max-snippet:-1","max-image-preview":"max-image-preview:large","max-video-preview":"max-video-preview:-1"},"canonical":"https:\/\/zewo.ch\/de\/stiftungsrat\/","og_locale":"de_DE","og_type":"article","og_description":"Der Stiftungsrat entscheidet \u00fcber die Zertifizierung und besteht aus mindestens 9 Mitgliedern. Die Zusammensetzung sichert Ausgewogenheit.","og_url":"https:\/\/zewo.ch\/de\/stiftungsrat\/","og_site_name":"Zewo","article_publisher":"https:\/\/www.facebook.com\/Stiftung.ZEWO\/","article_modified_time":"2026-01-19T15:20:07+00:00","og_image":[{"url":"https:\/\/zewo.ch\/wp-content\/uploads\/2019\/07\/kurt-gruter.png","type":"","width":"","height":""}],"twitter_card":"summary_large_image","twitter_site":"@stiftung_zewo","twitter_misc":{"Gesch\u00e4tzte Lesezeit":"12\u00a0Minuten"},"schema":{"@context":"https:\/\/schema.org","@graph":[{"@type":"WebPage","@id":"https:\/\/zewo.ch\/de\/stiftungsrat\/#webpage","url":"https:\/\/zewo.ch\/de\/stiftungsrat\/#webpage","name":"","isPartOf":{"@id":"https:\/\/zewo.ch\/de\/#website"},"primaryImageOfPage":{"@id":"https:\/\/zewo.ch\/de\/stiftungsrat\/#primaryimage"},"image":{"@id":"https:\/\/zewo.ch\/de\/stiftungsrat\/#primaryimage"},"thumbnailUrl":"https:\/\/zewo.ch\/wp-content\/uploads\/2019\/07\/kurt-gruter.png","datePublished":"2019-04-09T08:54:37+00:00","dateModified":"2026-01-19T15:20:07+00:00","description":"Der Stiftungsrat entscheidet \u00fcber die Zertifizierung und besteht aus mindestens 9 Mitgliedern. Die Zusammensetzung sichert Ausgewogenheit.","breadcrumb":{"@id":"https:\/\/zewo.ch\/de\/stiftungsrat\/#breadcrumb"},"inLanguage":"de","potentialAction":[{"@type":"ReadAction","target":["https:\/\/zewo.ch\/de\/stiftungsrat\/"]}]},{"@type":"ImageObject","inLanguage":"de","@id":"https:\/\/zewo.ch\/de\/stiftungsrat\/#primaryimage","url":"https:\/\/zewo.ch\/wp-content\/uploads\/2019\/07\/kurt-gruter.png","contentUrl":"https:\/\/zewo.ch\/wp-content\/uploads\/2019\/07\/kurt-gruter.png"},{"@type":"BreadcrumbList","@id":"https:\/\/zewo.ch\/de\/stiftungsrat\/#breadcrumb","itemListElement":[{"@type":"ListItem","position":1,"name":"Home","item":"https:\/\/zewo.ch\/de\/"},{"@type":"ListItem","position":2,"name":"Stiftungsrat"}]},{"@type":"WebSite","@id":"https:\/\/zewo.ch\/de\/#website","url":"https:\/\/zewo.ch\/de\/","name":"Zewo","description":"Ihre Spende in guten H\u00e4nden.","publisher":{"@id":"https:\/\/zewo.ch\/de\/#organization"},"potentialAction":[{"@type":"SearchAction","target":{"@type":"EntryPoint","urlTemplate":"https:\/\/zewo.ch\/de\/?s={search_term_string}"},"query-input":{"@type":"PropertyValueSpecification","valueRequired":true,"valueName":"search_term_string"}}],"inLanguage":"de"},{"@type":"Organization","@id":"https:\/\/zewo.ch\/de\/#organization","name":"Stiftung Zewo","url":"https:\/\/zewo.ch\/de\/","logo":{"@type":"ImageObject","inLanguage":"de","@id":"https:\/\/zewo.ch\/de\/#\/schema\/logo\/image\/","url":"https:\/\/zewo.ch\/wp-content\/uploads\/2019\/08\/Zewo_Logo_Claim_D.svg","contentUrl":"https:\/\/zewo.ch\/wp-content\/uploads\/2019\/08\/Zewo_Logo_Claim_D.svg","width":1,"height":1,"caption":"Stiftung Zewo"},"image":{"@id":"https:\/\/zewo.ch\/de\/#\/schema\/logo\/image\/"},"sameAs":["https:\/\/www.facebook.com\/Stiftung.ZEWO\/","https:\/\/x.com\/stiftung_zewo","https:\/\/www.linkedin.com\/company\/stiftung-zewo","https:\/\/www.youtube.com\/channel\/UCzjsVJro12OXcvvx1LQP8tw","https:\/\/de.wikipedia.org\/wiki\/Zewo"]}]}},"publishpress_future_action":{"enabled":false,"date":"2026-04-23 17:35:15","action":"change-status","newStatus":"draft","terms":[],"taxonomy":"translation_priority","extraData":[]},"publishpress_future_workflow_manual_trigger":{"enabledWorkflows":[]},"_links":{"self":[{"href":"https:\/\/zewo.ch\/de\/wp-json\/wp\/v2\/pages\/596","targetHints":{"allow":["GET"]}}],"collection":[{"href":"https:\/\/zewo.ch\/de\/wp-json\/wp\/v2\/pages"}],"about":[{"href":"https:\/\/zewo.ch\/de\/wp-json\/wp\/v2\/types\/page"}],"author":[{"embeddable":true,"href":"https:\/\/zewo.ch\/de\/wp-json\/wp\/v2\/users\/6"}],"replies":[{"embeddable":true,"href":"https:\/\/zewo.ch\/de\/wp-json\/wp\/v2\/comments?post=596"}],"version-history":[{"count":167,"href":"https:\/\/zewo.ch\/de\/wp-json\/wp\/v2\/pages\/596\/revisions"}],"predecessor-version":[{"id":5928146,"href":"https:\/\/zewo.ch\/de\/wp-json\/wp\/v2\/pages\/596\/revisions\/5928146"}],"wp:attachment":[{"href":"https:\/\/zewo.ch\/de\/wp-json\/wp\/v2\/media?parent=596"}],"wp:term":[{"taxonomy":"folder","embeddable":true,"href":"https:\/\/zewo.ch\/de\/wp-json\/wp\/v2\/folder?post=596"}],"curies":[{"name":"wp","href":"https:\/\/api.w.org\/{rel}","templated":true}]}}