{"id":5938685,"date":"2026-03-06T16:42:42","date_gmt":"2026-03-06T15:42:42","guid":{"rendered":"https:\/\/zewo.ch\/?page_id=5938685"},"modified":"2026-03-26T14:13:32","modified_gmt":"2026-03-26T13:13:32","slug":"konflikt-im-nahen-osten-nothilfe-fuer-die-bevoelkerung","status":"publish","type":"page","link":"https:\/\/zewo.ch\/de\/konflikt-im-nahen-osten-nothilfe-fuer-die-bevoelkerung\/","title":{"rendered":"Konflikt im Nahen Osten: Nothilfe f\u00fcr die Bev\u00f6lkerung"},"content":{"rendered":"\n<p>Die Eskalation des Konflikts im Nahen Osten bringt unz\u00e4hlige Menschen in grosse Not. In mehreren L\u00e4ndern der Region kam es zu heftigen Angriffen. Die humanit\u00e4re Lage bleibt angespannt und stellt die betroffenen Gemeinschaften vor grosse Herausforderungen.&nbsp;Zewo-zertifizierte Hilfswerke und deren lokale Partner sind vor Ort aktiv und leisten Hilfe.<\/p>\n\n\n\n<p><strong>Jetzt handeln:<\/strong> Unterst\u00fctzen Sie die betroffene Bev\u00f6lkerung mit einer Spende \u2013 Ihre Hilfe ist bei diesen zertifizierten Hilfswerken in guten H\u00e4nden:<\/p>\n\n\n\n<ul class=\"wp-block-cgb-block-zewo-block-links container container-columns-1\">\n<li class=\"wp-block-cgb-block-zewo-block-link ab-block-link\"><a href=\"https:\/\/www.caritas.ch\/de\/spenden\/hilfe-fuer-die-betroffenen-menschen-im-libanon\/\" class=\"button\"><span>Caritas<\/span><span class=\"button-arrow--long\"><\/span><\/a><\/li>\n\n\n\n<li class=\"wp-block-cgb-block-zewo-block-link ab-block-link\"><a href=\"https:\/\/ena-schweiz.ch\/erkunden\/nothilfe\/nothilfe-im-libanon\/\" class=\"button\"><span>Ena<\/span><span class=\"button-arrow--long\"><\/span><\/a><\/li>\n\n\n\n<li class=\"wp-block-cgb-block-zewo-block-link ab-block-link\"><a href=\"http:\/\/www.heks.ch\/nothilfe-naher-osten\" class=\"button\"><span>HEKS<\/span><span class=\"button-arrow--long\"><\/span><\/a><\/li>\n\n\n\n<li class=\"wp-block-cgb-block-zewo-block-link ab-block-link\"><a href=\"https:\/\/www.redcross.ch\/de\/unser-engagement\/news-und-geschichten\/konflikt-naher-osten\" class=\"button\"><span>Schweizerisches Rotes Kreuz<\/span><span class=\"button-arrow--long\"><\/span><\/a><\/li>\n\n\n\n<li class=\"wp-block-cgb-block-zewo-block-link ab-block-link\"><a href=\"https:\/\/fsh.ngo\/de\/projet\/gaza-hungert-ihre-hilfe-ist-ihre-einzige-hoffnung\/\" class=\"button\"><span>Stiftung Humanit\u00e4re Hilfe FSH<\/span><span class=\"button-arrow--long\"><\/span><\/a><\/li>\n<\/ul>\n\n\n\n<p><\/p>\n","protected":false},"excerpt":{"rendered":"<p>Die Eskalation des Konflikts im Nahen Osten bringt unz\u00e4hlige Menschen in grosse Not. In mehreren L\u00e4ndern der Region kam es zu heftigen Angriffen. Die humanit\u00e4re Lage bleibt angespannt und stellt die betroffenen Gemeinschaften vor grosse Herausforderungen.&nbsp;Zewo-zertifizierte Hilfswerke und deren lokale Partner sind vor Ort aktiv und leisten Hilfe. Jetzt handeln: Unterst\u00fctzen Sie die betroffene Bev\u00f6lkerung [&hellip;]<\/p>\n","protected":false},"author":204,"featured_media":5938689,"parent":0,"menu_order":0,"comment_status":"closed","ping_status":"closed","template":"","meta":{"_acf_changed":false,"footnotes":""},"folder":[],"class_list":["post-5938685","page","type-page","status-publish","has-post-thumbnail","hentry"],"acf":[],"yoast_head":"<!-- This site is optimized with the Yoast SEO Premium plugin v26.0 (Yoast SEO v26.0) - https:\/\/yoast.com\/wordpress\/plugins\/seo\/ -->\n<title>Zewo<\/title>\n<meta name=\"description\" content=\"Zewo-zertifizierte Hilfswerke leisten humanit\u00e4re Hilfe f\u00fcr die vom Nahostkonflikt betroffene Bev\u00f6lkerung.\" \/>\n<meta name=\"robots\" content=\"index, follow, max-snippet:-1, max-image-preview:large, max-video-preview:-1\" \/>\n<link rel=\"canonical\" href=\"https:\/\/zewo.ch\/de\/konflikt-im-nahen-osten-nothilfe-fuer-die-bevoelkerung\/\" \/>\n<meta property=\"og:locale\" content=\"de_DE\" \/>\n<meta property=\"og:type\" content=\"article\" \/>\n<meta property=\"og:description\" content=\"Zewo-zertifizierte Hilfswerke leisten humanit\u00e4re Hilfe f\u00fcr die vom Nahostkonflikt betroffene Bev\u00f6lkerung.\" \/>\n<meta property=\"og:url\" content=\"https:\/\/zewo.ch\/de\/konflikt-im-nahen-osten-nothilfe-fuer-die-bevoelkerung\/\" \/>\n<meta property=\"og:site_name\" content=\"Zewo\" \/>\n<meta property=\"article:publisher\" content=\"https:\/\/www.facebook.com\/Stiftung.ZEWO\/\" \/>\n<meta property=\"article:modified_time\" content=\"2026-03-26T13:13:32+00:00\" \/>\n<meta property=\"og:image\" content=\"https:\/\/zewo.ch\/wp-content\/uploads\/2026\/03\/Bild_Nahost_Konflikt.png?ver=1773303786\" \/>\n\t<meta property=\"og:image:width\" content=\"600\" \/>\n\t<meta property=\"og:image:height\" content=\"400\" \/>\n\t<meta property=\"og:image:type\" content=\"image\/png\" \/>\n<meta name=\"twitter:card\" content=\"summary_large_image\" \/>\n<meta name=\"twitter:site\" content=\"@stiftung_zewo\" \/>\n<meta name=\"twitter:label1\" content=\"Gesch\u00e4tzte Lesezeit\" \/>\n\t<meta name=\"twitter:data1\" content=\"1\u00a0Minute\" \/>\n<script type=\"application\/ld+json\" class=\"yoast-schema-graph\">{\"@context\":\"https:\/\/schema.org\",\"@graph\":[{\"@type\":\"WebPage\",\"@id\":\"https:\/\/zewo.ch\/de\/konflikt-im-nahen-osten-nothilfe-fuer-die-bevoelkerung\/#webpage\",\"url\":\"https:\/\/zewo.ch\/de\/konflikt-im-nahen-osten-nothilfe-fuer-die-bevoelkerung\/#webpage\",\"name\":\"\",\"isPartOf\":{\"@id\":\"https:\/\/zewo.ch\/de\/#website\"},\"primaryImageOfPage\":{\"@id\":\"https:\/\/zewo.ch\/de\/konflikt-im-nahen-osten-nothilfe-fuer-die-bevoelkerung\/#primaryimage\"},\"image\":{\"@id\":\"https:\/\/zewo.ch\/de\/konflikt-im-nahen-osten-nothilfe-fuer-die-bevoelkerung\/#primaryimage\"},\"thumbnailUrl\":\"https:\/\/zewo.ch\/wp-content\/uploads\/2026\/03\/Bild_Nahost_Konflikt.png?ver=1773303786\",\"datePublished\":\"2026-03-06T15:42:42+00:00\",\"dateModified\":\"2026-03-26T13:13:32+00:00\",\"description\":\"Zewo-zertifizierte Hilfswerke leisten humanit\u00e4re Hilfe f\u00fcr die vom Nahostkonflikt betroffene Bev\u00f6lkerung.\",\"breadcrumb\":{\"@id\":\"https:\/\/zewo.ch\/de\/konflikt-im-nahen-osten-nothilfe-fuer-die-bevoelkerung\/#breadcrumb\"},\"inLanguage\":\"de\",\"potentialAction\":[{\"@type\":\"ReadAction\",\"target\":[\"https:\/\/zewo.ch\/de\/konflikt-im-nahen-osten-nothilfe-fuer-die-bevoelkerung\/\"]}]},{\"@type\":\"ImageObject\",\"inLanguage\":\"de\",\"@id\":\"https:\/\/zewo.ch\/de\/konflikt-im-nahen-osten-nothilfe-fuer-die-bevoelkerung\/#primaryimage\",\"url\":\"https:\/\/zewo.ch\/wp-content\/uploads\/2026\/03\/Bild_Nahost_Konflikt.png?ver=1773303786\",\"contentUrl\":\"https:\/\/zewo.ch\/wp-content\/uploads\/2026\/03\/Bild_Nahost_Konflikt.png?ver=1773303786\",\"width\":600,\"height\":400},{\"@type\":\"BreadcrumbList\",\"@id\":\"https:\/\/zewo.ch\/de\/konflikt-im-nahen-osten-nothilfe-fuer-die-bevoelkerung\/#breadcrumb\",\"itemListElement\":[{\"@type\":\"ListItem\",\"position\":1,\"name\":\"Home\",\"item\":\"https:\/\/zewo.ch\/de\/\"},{\"@type\":\"ListItem\",\"position\":2,\"name\":\"Konflikt im Nahen Osten: Nothilfe f\u00fcr die Bev\u00f6lkerung\"}]},{\"@type\":\"WebSite\",\"@id\":\"https:\/\/zewo.ch\/de\/#website\",\"url\":\"https:\/\/zewo.ch\/de\/\",\"name\":\"Zewo\",\"description\":\"Ihre Spende in guten H\u00e4nden.\",\"publisher\":{\"@id\":\"https:\/\/zewo.ch\/de\/#organization\"},\"potentialAction\":[{\"@type\":\"SearchAction\",\"target\":{\"@type\":\"EntryPoint\",\"urlTemplate\":\"https:\/\/zewo.ch\/de\/?s={search_term_string}\"},\"query-input\":{\"@type\":\"PropertyValueSpecification\",\"valueRequired\":true,\"valueName\":\"search_term_string\"}}],\"inLanguage\":\"de\"},{\"@type\":\"Organization\",\"@id\":\"https:\/\/zewo.ch\/de\/#organization\",\"name\":\"Stiftung Zewo\",\"url\":\"https:\/\/zewo.ch\/de\/\",\"logo\":{\"@type\":\"ImageObject\",\"inLanguage\":\"de\",\"@id\":\"https:\/\/zewo.ch\/de\/#\/schema\/logo\/image\/\",\"url\":\"https:\/\/zewo.ch\/wp-content\/uploads\/2019\/08\/Zewo_Logo_Claim_D.svg\",\"contentUrl\":\"https:\/\/zewo.ch\/wp-content\/uploads\/2019\/08\/Zewo_Logo_Claim_D.svg\",\"width\":1,\"height\":1,\"caption\":\"Stiftung Zewo\"},\"image\":{\"@id\":\"https:\/\/zewo.ch\/de\/#\/schema\/logo\/image\/\"},\"sameAs\":[\"https:\/\/www.facebook.com\/Stiftung.ZEWO\/\",\"https:\/\/x.com\/stiftung_zewo\",\"https:\/\/www.linkedin.com\/company\/stiftung-zewo\",\"https:\/\/www.youtube.com\/channel\/UCzjsVJro12OXcvvx1LQP8tw\",\"https:\/\/de.wikipedia.org\/wiki\/Zewo\"]}]}<\/script>\n<!-- \/ Yoast SEO Premium plugin. -->","yoast_head_json":{"title":"Zewo","description":"Zewo-zertifizierte Hilfswerke leisten humanit\u00e4re Hilfe f\u00fcr die vom Nahostkonflikt betroffene Bev\u00f6lkerung.","robots":{"index":"index","follow":"follow","max-snippet":"max-snippet:-1","max-image-preview":"max-image-preview:large","max-video-preview":"max-video-preview:-1"},"canonical":"https:\/\/zewo.ch\/de\/konflikt-im-nahen-osten-nothilfe-fuer-die-bevoelkerung\/","og_locale":"de_DE","og_type":"article","og_description":"Zewo-zertifizierte Hilfswerke leisten humanit\u00e4re Hilfe f\u00fcr die vom Nahostkonflikt betroffene Bev\u00f6lkerung.","og_url":"https:\/\/zewo.ch\/de\/konflikt-im-nahen-osten-nothilfe-fuer-die-bevoelkerung\/","og_site_name":"Zewo","article_publisher":"https:\/\/www.facebook.com\/Stiftung.ZEWO\/","article_modified_time":"2026-03-26T13:13:32+00:00","og_image":[{"width":600,"height":400,"url":"https:\/\/zewo.ch\/wp-content\/uploads\/2026\/03\/Bild_Nahost_Konflikt.png?ver=1773303786","type":"image\/png"}],"twitter_card":"summary_large_image","twitter_site":"@stiftung_zewo","twitter_misc":{"Gesch\u00e4tzte Lesezeit":"1\u00a0Minute"},"schema":{"@context":"https:\/\/schema.org","@graph":[{"@type":"WebPage","@id":"https:\/\/zewo.ch\/de\/konflikt-im-nahen-osten-nothilfe-fuer-die-bevoelkerung\/#webpage","url":"https:\/\/zewo.ch\/de\/konflikt-im-nahen-osten-nothilfe-fuer-die-bevoelkerung\/#webpage","name":"","isPartOf":{"@id":"https:\/\/zewo.ch\/de\/#website"},"primaryImageOfPage":{"@id":"https:\/\/zewo.ch\/de\/konflikt-im-nahen-osten-nothilfe-fuer-die-bevoelkerung\/#primaryimage"},"image":{"@id":"https:\/\/zewo.ch\/de\/konflikt-im-nahen-osten-nothilfe-fuer-die-bevoelkerung\/#primaryimage"},"thumbnailUrl":"https:\/\/zewo.ch\/wp-content\/uploads\/2026\/03\/Bild_Nahost_Konflikt.png?ver=1773303786","datePublished":"2026-03-06T15:42:42+00:00","dateModified":"2026-03-26T13:13:32+00:00","description":"Zewo-zertifizierte Hilfswerke leisten humanit\u00e4re Hilfe f\u00fcr die vom Nahostkonflikt betroffene Bev\u00f6lkerung.","breadcrumb":{"@id":"https:\/\/zewo.ch\/de\/konflikt-im-nahen-osten-nothilfe-fuer-die-bevoelkerung\/#breadcrumb"},"inLanguage":"de","potentialAction":[{"@type":"ReadAction","target":["https:\/\/zewo.ch\/de\/konflikt-im-nahen-osten-nothilfe-fuer-die-bevoelkerung\/"]}]},{"@type":"ImageObject","inLanguage":"de","@id":"https:\/\/zewo.ch\/de\/konflikt-im-nahen-osten-nothilfe-fuer-die-bevoelkerung\/#primaryimage","url":"https:\/\/zewo.ch\/wp-content\/uploads\/2026\/03\/Bild_Nahost_Konflikt.png?ver=1773303786","contentUrl":"https:\/\/zewo.ch\/wp-content\/uploads\/2026\/03\/Bild_Nahost_Konflikt.png?ver=1773303786","width":600,"height":400},{"@type":"BreadcrumbList","@id":"https:\/\/zewo.ch\/de\/konflikt-im-nahen-osten-nothilfe-fuer-die-bevoelkerung\/#breadcrumb","itemListElement":[{"@type":"ListItem","position":1,"name":"Home","item":"https:\/\/zewo.ch\/de\/"},{"@type":"ListItem","position":2,"name":"Konflikt im Nahen Osten: Nothilfe f\u00fcr die Bev\u00f6lkerung"}]},{"@type":"WebSite","@id":"https:\/\/zewo.ch\/de\/#website","url":"https:\/\/zewo.ch\/de\/","name":"Zewo","description":"Ihre Spende in guten H\u00e4nden.","publisher":{"@id":"https:\/\/zewo.ch\/de\/#organization"},"potentialAction":[{"@type":"SearchAction","target":{"@type":"EntryPoint","urlTemplate":"https:\/\/zewo.ch\/de\/?s={search_term_string}"},"query-input":{"@type":"PropertyValueSpecification","valueRequired":true,"valueName":"search_term_string"}}],"inLanguage":"de"},{"@type":"Organization","@id":"https:\/\/zewo.ch\/de\/#organization","name":"Stiftung Zewo","url":"https:\/\/zewo.ch\/de\/","logo":{"@type":"ImageObject","inLanguage":"de","@id":"https:\/\/zewo.ch\/de\/#\/schema\/logo\/image\/","url":"https:\/\/zewo.ch\/wp-content\/uploads\/2019\/08\/Zewo_Logo_Claim_D.svg","contentUrl":"https:\/\/zewo.ch\/wp-content\/uploads\/2019\/08\/Zewo_Logo_Claim_D.svg","width":1,"height":1,"caption":"Stiftung Zewo"},"image":{"@id":"https:\/\/zewo.ch\/de\/#\/schema\/logo\/image\/"},"sameAs":["https:\/\/www.facebook.com\/Stiftung.ZEWO\/","https:\/\/x.com\/stiftung_zewo","https:\/\/www.linkedin.com\/company\/stiftung-zewo","https:\/\/www.youtube.com\/channel\/UCzjsVJro12OXcvvx1LQP8tw","https:\/\/de.wikipedia.org\/wiki\/Zewo"]}]}},"publishpress_future_action":{"enabled":false,"date":"2026-04-28 12:18:27","action":"change-status","newStatus":"draft","terms":[],"taxonomy":"translation_priority","extraData":[]},"publishpress_future_workflow_manual_trigger":{"enabledWorkflows":[]},"_links":{"self":[{"href":"https:\/\/zewo.ch\/de\/wp-json\/wp\/v2\/pages\/5938685","targetHints":{"allow":["GET"]}}],"collection":[{"href":"https:\/\/zewo.ch\/de\/wp-json\/wp\/v2\/pages"}],"about":[{"href":"https:\/\/zewo.ch\/de\/wp-json\/wp\/v2\/types\/page"}],"author":[{"embeddable":true,"href":"https:\/\/zewo.ch\/de\/wp-json\/wp\/v2\/users\/204"}],"replies":[{"embeddable":true,"href":"https:\/\/zewo.ch\/de\/wp-json\/wp\/v2\/comments?post=5938685"}],"version-history":[{"count":6,"href":"https:\/\/zewo.ch\/de\/wp-json\/wp\/v2\/pages\/5938685\/revisions"}],"predecessor-version":[{"id":5938902,"href":"https:\/\/zewo.ch\/de\/wp-json\/wp\/v2\/pages\/5938685\/revisions\/5938902"}],"wp:featuredmedia":[{"embeddable":true,"href":"https:\/\/zewo.ch\/de\/wp-json\/wp\/v2\/media\/5938689"}],"wp:attachment":[{"href":"https:\/\/zewo.ch\/de\/wp-json\/wp\/v2\/media?parent=5938685"}],"wp:term":[{"taxonomy":"folder","embeddable":true,"href":"https:\/\/zewo.ch\/de\/wp-json\/wp\/v2\/folder?post=5938685"}],"curies":[{"name":"wp","href":"https:\/\/api.w.org\/{rel}","templated":true}]}}