{"id":5936710,"date":"2026-01-21T16:45:07","date_gmt":"2026-01-21T15:45:07","guid":{"rendered":"https:\/\/zewo.ch\/?page_id=5936710"},"modified":"2026-01-21T16:45:08","modified_gmt":"2026-01-21T15:45:08","slug":"effektiver-altruismus","status":"publish","type":"page","link":"https:\/\/zewo.ch\/de\/effektiver-altruismus\/","title":{"rendered":"Effektiver Altruismus"},"content":{"rendered":"\n<h2 class=\"wp-block-heading\">Effektiver Altruismus greift zu kurz \u2013 eine Einordnung aus Sicht der Zewo<\/h2>\n\n\n\n<p><strong>Der effektive Altruismus verfolgt das Ziel, Spendengelder dort einzusetzen, wo sie pro eingesetzten Spendenfranken eine m\u00f6glichst grosse messbare Wirkung erzielen. Auch die Zewo setzt sich f\u00fcr einen effizienten, wirkungsorientierten, transparenten und sorgf\u00e4ltigen Einsatz von Spendengeldern ein. Aus Sicht der Zewo greift ein rein auf messbare Wirkung ausgerichteter Ansatz jedoch zu kurz, da er zentrale ethische, gesellschaftliche und strukturelle Aspekte gemeinn\u00fctzigen Handelns nicht ausreichend ber\u00fccksichtigt.<\/strong><\/p>\n\n\n\n<h2 class=\"wp-block-heading\" id=\"h-wirkung-ist-mehr-als-eine-kennzahl\">Wirkung ist mehr als eine Kennzahl<\/h2>\n\n\n\n<p>Gemeinn\u00fctziges Handeln findet h\u00e4ufig in komplexen gesellschaftlichen Zusammenh\u00e4ngen statt. N\u00e4he zu den betroffenen Menschen, lokales Wissen sowie eine langfristige Perspektive sind dabei zentrale Erfolgsfaktoren. Viele Organisationen arbeiten \u00fcber Jahre an strukturellen Ver\u00e4nderungen \u2013 etwa in den Bereichen Klima, Bildung, sozialer Zusammenhalt, Menschenrechte oder St\u00e4rkung der Zivilgesellschaft.<\/p>\n\n\n\n<p>Die erzielte Wirkung l\u00e4sst sich oft nur eingeschr\u00e4nkt messen, nicht eindeutig einzelnen Projekten zuordnen und kaum direkt vergleichen. Gr\u00fcnde daf\u00fcr sind unter anderem zeitlich verz\u00f6gerte Effekte, das Zusammenwirken verschiedener Akteure sowie externe Einfl\u00fcsse wie gesellschaftliche, politische oder wirtschaftliche Rahmenbedingungen.<\/p>\n\n\n\n<p>Ein starker Fokus auf kurzfristig messbare Effekte und auf den \u00abgr\u00f6ssten Impact pro Franken\u00bb beg\u00fcnstigt bestimmte Projektarten und blendet andere systematisch aus. So wird auch Unterst\u00fctzung im Inland aus dieser Perspektive h\u00e4ufig als zu wenig wirksam eingestuft. Wirkung entsteht jedoch nicht nur dort, wo sie unmittelbar messbar ist, sondern auch dort, wo Organisationen Bed\u00fcrfnisse ernst nehmen, partizipativ arbeiten, langfristig tragf\u00e4hige Strukturen aufbauen oder zu Bewusstseins- und Verhaltens\u00e4nderungen beitragen. Wirkung zeigt sich oft schrittweise, indirekt und \u00fcber einen l\u00e4ngeren Zeitraum.<\/p>\n\n\n\n<h2 class=\"wp-block-heading\" id=\"h-wirkungsorientiert-handeln\">Wirkungsorientiert handeln<\/h2>\n\n\n\n<p>Vertreterinnen und Vertreter des effektiven Altruismus kritisieren teilweise, dass G\u00fctesiegel zu wenig \u00fcber die tats\u00e4chliche Wirkung einer Organisation aussagen. Diese Einsch\u00e4tzung verkennt den Anspruch und die Funktion von G\u00fctesiegeln.<br><br>Das Zewo-G\u00fctesiegel ist bewusst kein Wirkungsranking&nbsp;und somit kein Instrument zur Bewertung oder zum Vergleich der Wirkung von Organisationen. Es pr\u00fcft vielmehr, ob Spendengelder verantwortungsvoll, kostenbewusst und wirkungsorientiert eingesetzt werden, ob die Organisation transparent informiert, nach den Grunds\u00e4tzen guter Governance gef\u00fchrt wird und ob die Mittel dem deklarierten Zweck entsprechend verwendet werden.<\/p>\n\n\n\n<p><a href=\"\/de\/die-21-zewo-standards\/\">Wirkungsorientierung<\/a> bedeutet f\u00fcr die Zewo, dass Organisationen klar formulieren, was sie ver\u00e4ndern wollen, ihren Beitrag zu dieser Wirkung reflektieren, ihre Aktivit\u00e4ten entsprechend steuern und als Institution lernen \u2013 auch wenn die von ihnen erzielte Wirkung nicht immer vollst\u00e4ndig messbar ist. Damit schafft das G\u00fctesiegel eine verl\u00e4ssliche Grundlage f\u00fcr Vertrauen \u2013 nicht eine Rangliste zum Vergleich von Organisationen oder Hilfsprojekten.<\/p>\n\n\n\n<h2 class=\"wp-block-heading\" id=\"h-verantwortung-statt-vergleiche\">Verantwortung statt Vergleiche<\/h2>\n\n\n\n<p>Eine Rangliste von NGOs nach ihrer vermeintlichen Wirksamkeit bedeutet, menschliche Not und Leid anhand messbarer Indikatoren zu vergleichen. Aus Sicht der Zewo ist dies ethisch problematisch. Solidarit\u00e4t, Menschenw\u00fcrde und gesellschaftliche Verantwortung lassen sich nicht allein mit Kennzahlen abbilden und sollten nicht reinen Kosten-Nutzen-\u00dcberlegungen untergeordnet werden.<\/p>\n\n\n\n<h2 class=\"wp-block-heading\" id=\"h-wirkung-braucht-weitblick\">Wirkung braucht Weitblick<\/h2>\n\n\n\n<p>Die St\u00e4rke des gemeinn\u00fctzigen Sektors liegt in seiner Vielfalt. Unterschiedliche Angebote, Zielgruppen und Wirkungslogiken erg\u00e4nzen sich und sind gesellschaftlich notwendig. Der effektive Altruismus kann zwar wichtige Impulse f\u00fcr die Auseinandersetzung mit Wirkung geben, ein ausschliesslich messbarer Wirkungsansatz greift jedoch zu kurz.<\/p>\n\n\n\n<p>Die Zewo verfolgt deshalb einen differenzierteren Ansatz und steht f\u00fcr <a href=\"\/de\/zewo-impact-tool-wirkung-zeigen\/\">einen breiten Wirkungsbegriff<\/a>: evidenzbasiert, zugleich werteorientiert und kontextsensibel. Gemeinn\u00fctzige Organisationen sollen nicht nur effizient und wirkungsorientiert handeln, sondern auch verantwortungsvoll, partizipativ und ethisch reflektiert \u2013 im Bewusstsein gesellschaftlicher Vielfalt, lokaler Bed\u00fcrfnisse und der Notwendigkeit einer langfristigen Perspektive.<\/p>\n\n\n\n<div style=\"height:40px\" aria-hidden=\"true\" class=\"wp-block-spacer\"><\/div>\n\n\n\n<div class=\"wp-block-columns is-layout-flex wp-container-core-columns-is-layout-9d6595d7 wp-block-columns-is-layout-flex\">\n<div class=\"wp-block-column is-layout-flow wp-block-column-is-layout-flow\">\n<div class=\"cell small-12 medium-6\"><div class=\"wp-block-cgb-block-zewo-block-image-text-teaser ab-block-cta\"><div class=\"ab-cta-image-wrap bg-color-secondary\"><img decoding=\"async\" class=\"ab-cta-image\" src=\"https:\/\/zewo.ch\/wp-content\/uploads\/2026\/01\/ZIT_Header_mit-Icon.png\" alt=\"Teaserbild Zewo Impact Tool\"\/><\/div><div class=\"ab-cta-content\"><h2 class=\"ab-cta-title\">Zewo Impact Tool \u2013 Wirkung zeigen<\/h2><div class=\"ab-cta-text\">\n<p><strong>Wirksam handeln ist der Schl\u00fcssel zum Erfolg<\/strong><br><br>Das Zewo Impact Tool unterst\u00fctzt Hilfswerke bei wirkungsorientiertem Handeln \u2013 jetzt mit <strong>neuen Exportfunktionen und Video-Tutorials.<\/strong><\/p>\n<\/div><\/div><div class=\"ab-cta-button\"><a href=\"https:\/\/zewo.ch\/de\/zewo-impact-tool-wirkung-zeigen\/\" target=\"_self\" rel=\"noopener noreferrer\" class=\"button primary button-teaser\"><span class=\"button-arrow\"><\/span>Mehr erfahren<\/a><\/div><a href=\"https:\/\/zewo.ch\/de\/zewo-impact-tool-wirkung-zeigen\/\" target=\"_self\" rel=\"noopener noreferrer\" class=\"button-teaser--is-full\"><\/a><\/div><\/div>\n<\/div>\n\n\n\n<div class=\"wp-block-column is-layout-flow wp-block-column-is-layout-flow\">\n<div class=\"wp-block-columns is-layout-flex wp-container-core-columns-is-layout-9d6595d7 wp-block-columns-is-layout-flex\">\n<div class=\"wp-block-column is-layout-flow wp-block-column-is-layout-flow\" style=\"flex-basis:100%\">\n<div class=\"wp-block-columns is-layout-flex wp-container-core-columns-is-layout-9d6595d7 wp-block-columns-is-layout-flex\">\n<div class=\"wp-block-column is-layout-flow wp-block-column-is-layout-flow\" style=\"flex-basis:100%\">\n<div class=\"wp-block-group is-nowrap is-layout-flex wp-container-core-group-is-layout-ad2f72ca wp-block-group-is-layout-flex\">\n<div class=\"cell small-12 medium-6\"><div class=\"wp-block-cgb-block-zewo-block-image-teaser ab-block-cta bg-color-secondary\"><div class=\"ab-cta-image-wrap bg-color-secondary\"><img decoding=\"async\" class=\"ab-cta-image\" src=\"https:\/\/zewo.ch\/wp-content\/uploads\/2019\/05\/21-zewo-standards-1.png\" alt=\"Die 21 Zewo-Standards f\u00fcr Spenden sammelnde NPO\"\/><\/div><div class=\"ab-cta-content\"><h2 class=\"ab-cta-title\">Die 21 Zewo-Standards<\/h2><\/div><div class=\"ab-cta-button\"><a href=\"\/de\/die-21-zewo-standards\/\" target=\"_self\" rel=\"noopener noreferrer\" class=\"button primary button-teaser\"><span class=\"button-arrow\"><\/span>Mehr erfahren<\/a><\/div><a href=\"\/de\/die-21-zewo-standards\/\" target=\"_self\" rel=\"noopener noreferrer\" class=\"button-teaser--is-full\"><\/a><\/div><\/div>\n<\/div>\n<\/div>\n<\/div>\n<\/div>\n<\/div>\n\n\n\n<div class=\"wp-block-columns is-layout-flex wp-container-core-columns-is-layout-9d6595d7 wp-block-columns-is-layout-flex\">\n<div class=\"wp-block-column is-layout-flow wp-block-column-is-layout-flow\" style=\"flex-basis:100%\"><\/div>\n<\/div>\n<\/div>\n<\/div>\n\n\n\n<div class=\"wp-block-columns is-layout-flex wp-container-core-columns-is-layout-9d6595d7 wp-block-columns-is-layout-flex\">\n<div class=\"wp-block-column is-layout-flow wp-block-column-is-layout-flow\"><\/div>\n\n\n\n<div class=\"wp-block-column is-layout-flow wp-block-column-is-layout-flow\"><\/div>\n<\/div>\n","protected":false},"excerpt":{"rendered":"<p>Effektiver Altruismus greift zu kurz \u2013 eine Einordnung aus Sicht der Zewo Der effektive Altruismus verfolgt das Ziel, Spendengelder dort einzusetzen, wo sie pro eingesetzten Spendenfranken eine m\u00f6glichst grosse messbare Wirkung erzielen. Auch die Zewo setzt sich f\u00fcr einen effizienten, wirkungsorientierten, transparenten und sorgf\u00e4ltigen Einsatz von Spendengeldern ein. Aus Sicht der Zewo greift ein rein [&hellip;]<\/p>\n","protected":false},"author":204,"featured_media":5937051,"parent":0,"menu_order":0,"comment_status":"closed","ping_status":"closed","template":"","meta":{"_acf_changed":false,"footnotes":""},"folder":[],"class_list":["post-5936710","page","type-page","status-publish","has-post-thumbnail","hentry"],"acf":[],"yoast_head":"<!-- This site is optimized with the Yoast SEO Premium plugin v26.0 (Yoast SEO v26.0) - https:\/\/yoast.com\/wordpress\/plugins\/seo\/ -->\n<title>Zewo<\/title>\n<meta name=\"description\" content=\"Warum ein rein messbarer Wirkungsansatz zu kurz greift: Die Zewo ordnet den effektiven Altruismus ein und zeigt, weshalb Wirkung, Verantwortung und Vertrauen mehr brauchen als Kennzahlen.\" \/>\n<meta name=\"robots\" content=\"index, follow, max-snippet:-1, max-image-preview:large, max-video-preview:-1\" \/>\n<link rel=\"canonical\" href=\"https:\/\/zewo.ch\/de\/effektiver-altruismus\/\" \/>\n<meta property=\"og:locale\" content=\"de_DE\" \/>\n<meta property=\"og:type\" content=\"article\" \/>\n<meta property=\"og:description\" content=\"Warum ein rein messbarer Wirkungsansatz zu kurz greift: Die Zewo ordnet den effektiven Altruismus ein und zeigt, weshalb Wirkung, Verantwortung und Vertrauen mehr brauchen als Kennzahlen.\" \/>\n<meta property=\"og:url\" content=\"https:\/\/zewo.ch\/de\/effektiver-altruismus\/\" \/>\n<meta property=\"og:site_name\" content=\"Zewo\" \/>\n<meta property=\"article:publisher\" content=\"https:\/\/www.facebook.com\/Stiftung.ZEWO\/\" \/>\n<meta property=\"article:modified_time\" content=\"2026-01-21T15:45:08+00:00\" \/>\n<meta property=\"og:image\" content=\"https:\/\/zewo.ch\/wp-content\/uploads\/2026\/01\/Header_effektiver_Altruismus_v3-1.jpg?ver=1768903277\" \/>\n\t<meta property=\"og:image:width\" content=\"2200\" \/>\n\t<meta property=\"og:image:height\" content=\"440\" \/>\n\t<meta property=\"og:image:type\" content=\"image\/jpeg\" \/>\n<meta name=\"twitter:card\" content=\"summary_large_image\" \/>\n<meta name=\"twitter:site\" content=\"@stiftung_zewo\" \/>\n<meta name=\"twitter:label1\" content=\"Gesch\u00e4tzte Lesezeit\" \/>\n\t<meta name=\"twitter:data1\" content=\"9\u00a0Minuten\" \/>\n<script type=\"application\/ld+json\" class=\"yoast-schema-graph\">{\"@context\":\"https:\/\/schema.org\",\"@graph\":[{\"@type\":\"WebPage\",\"@id\":\"https:\/\/zewo.ch\/de\/effektiver-altruismus\/#webpage\",\"url\":\"https:\/\/zewo.ch\/de\/effektiver-altruismus\/#webpage\",\"name\":\"\",\"isPartOf\":{\"@id\":\"https:\/\/zewo.ch\/de\/#website\"},\"primaryImageOfPage\":{\"@id\":\"https:\/\/zewo.ch\/de\/effektiver-altruismus\/#primaryimage\"},\"image\":{\"@id\":\"https:\/\/zewo.ch\/de\/effektiver-altruismus\/#primaryimage\"},\"thumbnailUrl\":\"https:\/\/zewo.ch\/wp-content\/uploads\/2026\/01\/Header_effektiver_Altruismus_v3-1.jpg?ver=1768903277\",\"datePublished\":\"2026-01-21T15:45:07+00:00\",\"dateModified\":\"2026-01-21T15:45:08+00:00\",\"description\":\"Warum ein rein messbarer Wirkungsansatz zu kurz greift: Die Zewo ordnet den effektiven Altruismus ein und zeigt, weshalb Wirkung, Verantwortung und Vertrauen mehr brauchen als Kennzahlen.\",\"breadcrumb\":{\"@id\":\"https:\/\/zewo.ch\/de\/effektiver-altruismus\/#breadcrumb\"},\"inLanguage\":\"de\",\"potentialAction\":[{\"@type\":\"ReadAction\",\"target\":[\"https:\/\/zewo.ch\/de\/effektiver-altruismus\/\"]}]},{\"@type\":\"ImageObject\",\"inLanguage\":\"de\",\"@id\":\"https:\/\/zewo.ch\/de\/effektiver-altruismus\/#primaryimage\",\"url\":\"https:\/\/zewo.ch\/wp-content\/uploads\/2026\/01\/Header_effektiver_Altruismus_v3-1.jpg?ver=1768903277\",\"contentUrl\":\"https:\/\/zewo.ch\/wp-content\/uploads\/2026\/01\/Header_effektiver_Altruismus_v3-1.jpg?ver=1768903277\",\"width\":2200,\"height\":440,\"caption\":\"Header Webseite effektiver Altruismus\"},{\"@type\":\"BreadcrumbList\",\"@id\":\"https:\/\/zewo.ch\/de\/effektiver-altruismus\/#breadcrumb\",\"itemListElement\":[{\"@type\":\"ListItem\",\"position\":1,\"name\":\"Home\",\"item\":\"https:\/\/zewo.ch\/de\/\"},{\"@type\":\"ListItem\",\"position\":2,\"name\":\"Effektiver Altruismus\"}]},{\"@type\":\"WebSite\",\"@id\":\"https:\/\/zewo.ch\/de\/#website\",\"url\":\"https:\/\/zewo.ch\/de\/\",\"name\":\"Zewo\",\"description\":\"Ihre Spende in guten H\u00e4nden.\",\"publisher\":{\"@id\":\"https:\/\/zewo.ch\/de\/#organization\"},\"potentialAction\":[{\"@type\":\"SearchAction\",\"target\":{\"@type\":\"EntryPoint\",\"urlTemplate\":\"https:\/\/zewo.ch\/de\/?s={search_term_string}\"},\"query-input\":{\"@type\":\"PropertyValueSpecification\",\"valueRequired\":true,\"valueName\":\"search_term_string\"}}],\"inLanguage\":\"de\"},{\"@type\":\"Organization\",\"@id\":\"https:\/\/zewo.ch\/de\/#organization\",\"name\":\"Stiftung Zewo\",\"url\":\"https:\/\/zewo.ch\/de\/\",\"logo\":{\"@type\":\"ImageObject\",\"inLanguage\":\"de\",\"@id\":\"https:\/\/zewo.ch\/de\/#\/schema\/logo\/image\/\",\"url\":\"https:\/\/zewo.ch\/wp-content\/uploads\/2019\/08\/Zewo_Logo_Claim_D.svg\",\"contentUrl\":\"https:\/\/zewo.ch\/wp-content\/uploads\/2019\/08\/Zewo_Logo_Claim_D.svg\",\"width\":1,\"height\":1,\"caption\":\"Stiftung Zewo\"},\"image\":{\"@id\":\"https:\/\/zewo.ch\/de\/#\/schema\/logo\/image\/\"},\"sameAs\":[\"https:\/\/www.facebook.com\/Stiftung.ZEWO\/\",\"https:\/\/x.com\/stiftung_zewo\",\"https:\/\/www.linkedin.com\/company\/stiftung-zewo\",\"https:\/\/www.youtube.com\/channel\/UCzjsVJro12OXcvvx1LQP8tw\",\"https:\/\/de.wikipedia.org\/wiki\/Zewo\"]}]}<\/script>\n<!-- \/ Yoast SEO Premium plugin. -->","yoast_head_json":{"title":"Zewo","description":"Warum ein rein messbarer Wirkungsansatz zu kurz greift: Die Zewo ordnet den effektiven Altruismus ein und zeigt, weshalb Wirkung, Verantwortung und Vertrauen mehr brauchen als Kennzahlen.","robots":{"index":"index","follow":"follow","max-snippet":"max-snippet:-1","max-image-preview":"max-image-preview:large","max-video-preview":"max-video-preview:-1"},"canonical":"https:\/\/zewo.ch\/de\/effektiver-altruismus\/","og_locale":"de_DE","og_type":"article","og_description":"Warum ein rein messbarer Wirkungsansatz zu kurz greift: Die Zewo ordnet den effektiven Altruismus ein und zeigt, weshalb Wirkung, Verantwortung und Vertrauen mehr brauchen als Kennzahlen.","og_url":"https:\/\/zewo.ch\/de\/effektiver-altruismus\/","og_site_name":"Zewo","article_publisher":"https:\/\/www.facebook.com\/Stiftung.ZEWO\/","article_modified_time":"2026-01-21T15:45:08+00:00","og_image":[{"width":2200,"height":440,"url":"https:\/\/zewo.ch\/wp-content\/uploads\/2026\/01\/Header_effektiver_Altruismus_v3-1.jpg?ver=1768903277","type":"image\/jpeg"}],"twitter_card":"summary_large_image","twitter_site":"@stiftung_zewo","twitter_misc":{"Gesch\u00e4tzte Lesezeit":"9\u00a0Minuten"},"schema":{"@context":"https:\/\/schema.org","@graph":[{"@type":"WebPage","@id":"https:\/\/zewo.ch\/de\/effektiver-altruismus\/#webpage","url":"https:\/\/zewo.ch\/de\/effektiver-altruismus\/#webpage","name":"","isPartOf":{"@id":"https:\/\/zewo.ch\/de\/#website"},"primaryImageOfPage":{"@id":"https:\/\/zewo.ch\/de\/effektiver-altruismus\/#primaryimage"},"image":{"@id":"https:\/\/zewo.ch\/de\/effektiver-altruismus\/#primaryimage"},"thumbnailUrl":"https:\/\/zewo.ch\/wp-content\/uploads\/2026\/01\/Header_effektiver_Altruismus_v3-1.jpg?ver=1768903277","datePublished":"2026-01-21T15:45:07+00:00","dateModified":"2026-01-21T15:45:08+00:00","description":"Warum ein rein messbarer Wirkungsansatz zu kurz greift: Die Zewo ordnet den effektiven Altruismus ein und zeigt, weshalb Wirkung, Verantwortung und Vertrauen mehr brauchen als Kennzahlen.","breadcrumb":{"@id":"https:\/\/zewo.ch\/de\/effektiver-altruismus\/#breadcrumb"},"inLanguage":"de","potentialAction":[{"@type":"ReadAction","target":["https:\/\/zewo.ch\/de\/effektiver-altruismus\/"]}]},{"@type":"ImageObject","inLanguage":"de","@id":"https:\/\/zewo.ch\/de\/effektiver-altruismus\/#primaryimage","url":"https:\/\/zewo.ch\/wp-content\/uploads\/2026\/01\/Header_effektiver_Altruismus_v3-1.jpg?ver=1768903277","contentUrl":"https:\/\/zewo.ch\/wp-content\/uploads\/2026\/01\/Header_effektiver_Altruismus_v3-1.jpg?ver=1768903277","width":2200,"height":440,"caption":"Header Webseite effektiver Altruismus"},{"@type":"BreadcrumbList","@id":"https:\/\/zewo.ch\/de\/effektiver-altruismus\/#breadcrumb","itemListElement":[{"@type":"ListItem","position":1,"name":"Home","item":"https:\/\/zewo.ch\/de\/"},{"@type":"ListItem","position":2,"name":"Effektiver Altruismus"}]},{"@type":"WebSite","@id":"https:\/\/zewo.ch\/de\/#website","url":"https:\/\/zewo.ch\/de\/","name":"Zewo","description":"Ihre Spende in guten H\u00e4nden.","publisher":{"@id":"https:\/\/zewo.ch\/de\/#organization"},"potentialAction":[{"@type":"SearchAction","target":{"@type":"EntryPoint","urlTemplate":"https:\/\/zewo.ch\/de\/?s={search_term_string}"},"query-input":{"@type":"PropertyValueSpecification","valueRequired":true,"valueName":"search_term_string"}}],"inLanguage":"de"},{"@type":"Organization","@id":"https:\/\/zewo.ch\/de\/#organization","name":"Stiftung Zewo","url":"https:\/\/zewo.ch\/de\/","logo":{"@type":"ImageObject","inLanguage":"de","@id":"https:\/\/zewo.ch\/de\/#\/schema\/logo\/image\/","url":"https:\/\/zewo.ch\/wp-content\/uploads\/2019\/08\/Zewo_Logo_Claim_D.svg","contentUrl":"https:\/\/zewo.ch\/wp-content\/uploads\/2019\/08\/Zewo_Logo_Claim_D.svg","width":1,"height":1,"caption":"Stiftung Zewo"},"image":{"@id":"https:\/\/zewo.ch\/de\/#\/schema\/logo\/image\/"},"sameAs":["https:\/\/www.facebook.com\/Stiftung.ZEWO\/","https:\/\/x.com\/stiftung_zewo","https:\/\/www.linkedin.com\/company\/stiftung-zewo","https:\/\/www.youtube.com\/channel\/UCzjsVJro12OXcvvx1LQP8tw","https:\/\/de.wikipedia.org\/wiki\/Zewo"]}]}},"publishpress_future_action":{"enabled":false,"date":"2026-04-20 11:37:25","action":"change-status","newStatus":"draft","terms":[],"taxonomy":"translation_priority","extraData":[]},"publishpress_future_workflow_manual_trigger":{"enabledWorkflows":[]},"_links":{"self":[{"href":"https:\/\/zewo.ch\/de\/wp-json\/wp\/v2\/pages\/5936710","targetHints":{"allow":["GET"]}}],"collection":[{"href":"https:\/\/zewo.ch\/de\/wp-json\/wp\/v2\/pages"}],"about":[{"href":"https:\/\/zewo.ch\/de\/wp-json\/wp\/v2\/types\/page"}],"author":[{"embeddable":true,"href":"https:\/\/zewo.ch\/de\/wp-json\/wp\/v2\/users\/204"}],"replies":[{"embeddable":true,"href":"https:\/\/zewo.ch\/de\/wp-json\/wp\/v2\/comments?post=5936710"}],"version-history":[{"count":15,"href":"https:\/\/zewo.ch\/de\/wp-json\/wp\/v2\/pages\/5936710\/revisions"}],"predecessor-version":[{"id":5937126,"href":"https:\/\/zewo.ch\/de\/wp-json\/wp\/v2\/pages\/5936710\/revisions\/5937126"}],"wp:featuredmedia":[{"embeddable":true,"href":"https:\/\/zewo.ch\/de\/wp-json\/wp\/v2\/media\/5937051"}],"wp:attachment":[{"href":"https:\/\/zewo.ch\/de\/wp-json\/wp\/v2\/media?parent=5936710"}],"wp:term":[{"taxonomy":"folder","embeddable":true,"href":"https:\/\/zewo.ch\/de\/wp-json\/wp\/v2\/folder?post=5936710"}],"curies":[{"name":"wp","href":"https:\/\/api.w.org\/{rel}","templated":true}]}}