{"id":593,"date":"2019-04-09T10:54:11","date_gmt":"2019-04-09T08:54:11","guid":{"rendered":"https:\/\/www.zewo.ch\/?page_id=593"},"modified":"2024-05-28T11:25:43","modified_gmt":"2024-05-28T09:25:43","slug":"ueber-die-zewo","status":"publish","type":"page","link":"https:\/\/zewo.ch\/de\/ueber-die-zewo\/","title":{"rendered":"\u00dcber die Zewo"},"content":{"rendered":"\n<h2 class=\"wp-block-heading\">Wer wir sind und was wir tun <\/h2>\n\n\n\n<p><strong>Die Zewo ist die Zertifizierungsstelle f\u00fcr gemeinn\u00fctzige NPO, die in der Schweiz Spenden sammeln. Sie sorgt f\u00fcr Klarheit und Vertrauen rund ums Spenden.<\/strong><\/p>\n\n\n\n<h3 class=\"wp-block-heading\" id=\"1\">NPO pr\u00fcfen und G\u00fctesiegel verleihen<\/h3>\n\n\n\n<p>Die Zewo setzt sich daf\u00fcr ein, dass&nbsp;gemeinn\u00fctzige NPO ihre Spenden zweckbestimmt, wirksam und wirtschaftlich einsetzen. Dazu hat sie 21 Standards verabschiedet. Sie verpflichten NPO zum vertrauensw\u00fcrdigen Umgang mit Spenden und zu einer klaren Information der Spenderinnen und Spender. <\/p>\n\n\n\n<p>NPO, die das G\u00fctesiegel der Zewo tragen wollen, m\u00fcssen sich von der Zewo pr\u00fcfen lassen. Erf\u00fcllen sie die 21 Standards, verleiht ihnen die Zewo das G\u00fctesiegel. Das G\u00fctesiegel dient Spenderinnen und Spendern als Orientierungshilfe. Sie erkennen daran, dass ihre Spende bei einer zertifizierten NPO in guten H\u00e4nden ist.<\/p>\n\n\n\n<h3 class=\"wp-block-heading\" id=\"2\">Die \u00d6ffentlichkeit informieren<\/h3>\n\n\n\n<p>Die Zewo informiert die \u00d6ffentlichkeit dar\u00fcber, welche NPO das Zewo-G\u00fctesiegel tragen. Sie macht das G\u00fctesiegel bekannt. Zudem beantwortet die Zewo Fragen rund ums Spenden. Sie geht Hinweisen auf Verst\u00f6sse gegen ihre Standards nach und kl\u00e4rt Beschwerden ab. Bei intransparenten Sammlungen r\u00e4t die Zewo vom Spenden ab.  <\/p>\n\n\n\n<h3 class=\"wp-block-heading\" id=\"3\">Organisation<\/h3>\n\n\n\n<ul class=\"wp-block-cgb-block-zewo-block-links container container-columns-2\">\n<li class=\"wp-block-cgb-block-zewo-block-link ab-block-link\"><a href=\"\/de\/stiftungsrat\/\" class=\"button\"><span>Stiftungsrat<\/span><span class=\"button-arrow--long\"><\/span><\/a><\/li>\n\n\n\n<li class=\"wp-block-cgb-block-zewo-block-link ab-block-link\"><a href=\"\/de\/geschaeftsstelle\/\" class=\"button\"><span>Gesch\u00e4ftsstelle<\/span><span class=\"button-arrow--long\"><\/span><\/a><\/li>\n\n\n\n<li class=\"wp-block-cgb-block-zewo-block-link ab-block-link\"><a href=\"\/de\/zertifizierungsausschuss\/\" class=\"button\"><span>Zertifizierungsausschuss<\/span><span class=\"button-arrow--long\"><\/span><\/a><\/li>\n\n\n\n<li class=\"wp-block-cgb-block-zewo-block-link ab-block-link\"><a href=\"\/de\/rekursgericht\/\" class=\"button\"><span>Rekursgericht<\/span><span class=\"button-arrow--long\"><\/span><\/a><\/li>\n<\/ul>\n\n\n\n<h3 class=\"wp-block-heading\" id=\"7\">Geschichte der Zewo<\/h3>\n\n\n\n<p>Zewo hat Ihre T\u00e4tigkeit 1934 als \u00abZentrale Auskunftsstelle f\u00fcr Wohlfahrtsunternehmungen\u00bb aufgenommen. 1936 konstituierte sie sich als Verein. Die Kurzform \u00abZewo\u00bb hat sich \u00fcber die Jahre etabliert und wird seit den 90er-Jahren ausschliesslich verwendet. Seit 2001 ist die Zewo eine unabh\u00e4ngige Stiftung. Bis heute ist ihr G\u00fctesiegel ein einzigartiger Qualit\u00e4tsausweis f\u00fcr gemeinn\u00fctzige NPO, die in der Schweiz Spenden sammeln. Das Signet dient Spenderinnen und Spendern als Orientierungshilfe. Es wurde 1940 erstmals amtlich registriert. <\/p>\n\n\n\n<div class=\"wp-block-cgb-block-zewo-block-button ab-block-button\"><a href=\"https:\/\/zewo.ch\/de\/jahresbericht-jahresrechnung-und-revisionsbericht\/\" class=\"button primary\"><span class=\"button-arrow\"><\/span>Jahresbericht, Jahresrechnung und Revisionsbericht<\/a><\/div>\n\n\n\n<div class=\"wp-block-cgb-block-zewo-block-columns-container container bg-color-light-gray\"><div class=\"grid-x grid-margin-x\" data-columns=\"2\">\n<div class=\"wp-block-columns is-layout-flex wp-container-core-columns-is-layout-9d6595d7 wp-block-columns-is-layout-flex\">\n<div class=\"wp-block-column is-layout-flow wp-block-column-is-layout-flow\" style=\"flex-basis:100%\">\n<div class=\"wp-block-columns is-layout-flex wp-container-core-columns-is-layout-9d6595d7 wp-block-columns-is-layout-flex\">\n<div class=\"wp-block-column is-layout-flow wp-block-column-is-layout-flow\" style=\"flex-basis:100%\">\n<div class=\"wp-block-group is-nowrap is-layout-flex wp-container-core-group-is-layout-ad2f72ca wp-block-group-is-layout-flex\">\n<div class=\"cell small-12 medium-6\"><div class=\"wp-block-cgb-block-zewo-block-image-teaser ab-block-cta bg-color-secondary\"><div class=\"ab-cta-image-wrap bg-color-secondary\"><img decoding=\"async\" class=\"ab-cta-image\" src=\"https:\/\/zewo.ch\/wp-content\/uploads\/2019\/05\/21-zewo-standards-1.png\" alt=\"Die 21 Zewo-Standards f\u00fcr Spenden sammelnde NPO\"\/><\/div><div class=\"ab-cta-content\"><h2 class=\"ab-cta-title\">Die 21 Zewo-Standards<\/h2><\/div><div class=\"ab-cta-button\"><a href=\"\/de\/die-21-zewo-standards\/\" target=\"_self\" rel=\"noopener noreferrer\" class=\"button primary button-teaser\"><span class=\"button-arrow\"><\/span>Mehr erfahren<\/a><\/div><a href=\"\/de\/die-21-zewo-standards\/\" target=\"_self\" rel=\"noopener noreferrer\" class=\"button-teaser--is-full\"><\/a><\/div><\/div>\n<\/div>\n<\/div>\n<\/div>\n<\/div>\n<\/div>\n\n\n\n<div class=\"wp-block-columns is-layout-flex wp-container-core-columns-is-layout-9d6595d7 wp-block-columns-is-layout-flex\">\n<div class=\"wp-block-column is-layout-flow wp-block-column-is-layout-flow\" style=\"flex-basis:100%\"><\/div>\n<\/div>\n\n\n\n<div class=\"cell small-12 medium-6\"><div class=\"wp-block-cgb-block-zewo-block-image-teaser ab-block-cta bg-color-secondary\"><div class=\"ab-cta-image-wrap bg-color-secondary\"><img decoding=\"async\" class=\"ab-cta-image\" src=\"https:\/\/zewo.ch\/wp-content\/uploads\/2019\/07\/Pokal-1.png\" alt=\"Der Weg zum Zewo-G\u00fctesiegel\"\/><\/div><div class=\"ab-cta-content\"><h2 class=\"ab-cta-title\">Der Weg zum Zewo-G\u00fctesiegel<\/h2><\/div><div class=\"ab-cta-button\"><a href=\"\/de\/der-weg-zum-zewo-guetesiegel\/\" target=\"_self\" rel=\"noopener noreferrer\" class=\"button primary button-teaser\"><span class=\"button-arrow\"><\/span>Jetzt informieren<\/a><\/div><a href=\"\/de\/der-weg-zum-zewo-guetesiegel\/\" target=\"_self\" rel=\"noopener noreferrer\" class=\"button-teaser--is-full\"><\/a><\/div><\/div>\n<\/div><\/div>\n","protected":false},"excerpt":{"rendered":"<p>Wer wir sind und was wir tun Die Zewo ist die Zertifizierungsstelle f\u00fcr gemeinn\u00fctzige NPO, die in der Schweiz Spenden sammeln. Sie sorgt f\u00fcr Klarheit und Vertrauen rund ums Spenden. NPO pr\u00fcfen und G\u00fctesiegel verleihen Die Zewo setzt sich daf\u00fcr ein, dass&nbsp;gemeinn\u00fctzige NPO ihre Spenden zweckbestimmt, wirksam und wirtschaftlich einsetzen. Dazu hat sie 21 Standards [&hellip;]<\/p>\n","protected":false},"author":6,"featured_media":0,"parent":0,"menu_order":337,"comment_status":"closed","ping_status":"closed","template":"","meta":{"_acf_changed":false,"footnotes":""},"folder":[6639],"class_list":["post-593","page","type-page","status-publish","hentry"],"acf":[],"yoast_head":"<!-- This site is optimized with the Yoast SEO Premium plugin v26.0 (Yoast SEO v26.0) - https:\/\/yoast.com\/wordpress\/plugins\/seo\/ -->\n<title>Zewo<\/title>\n<meta name=\"description\" content=\"Die Zewo ist die Zertifizierungsstelle f\u00fcr gemeinn\u00fctzige NPO, die in der Schweiz Spenden sammeln. Sie sorgt f\u00fcr Klarheit und Vertrauen rund ums Spenden.\" \/>\n<meta name=\"robots\" content=\"index, follow, max-snippet:-1, max-image-preview:large, max-video-preview:-1\" \/>\n<link rel=\"canonical\" href=\"https:\/\/zewo.ch\/de\/ueber-die-zewo\/\" \/>\n<meta property=\"og:locale\" content=\"de_DE\" \/>\n<meta property=\"og:type\" content=\"article\" \/>\n<meta property=\"og:description\" content=\"Die Zewo ist die Zertifizierungsstelle f\u00fcr gemeinn\u00fctzige NPO, die in der Schweiz Spenden sammeln. Sie sorgt f\u00fcr Klarheit und Vertrauen rund ums Spenden.\" \/>\n<meta property=\"og:url\" content=\"https:\/\/zewo.ch\/de\/ueber-die-zewo\/\" \/>\n<meta property=\"og:site_name\" content=\"Zewo\" \/>\n<meta property=\"article:publisher\" content=\"https:\/\/www.facebook.com\/Stiftung.ZEWO\/\" \/>\n<meta property=\"article:modified_time\" content=\"2024-05-28T09:25:43+00:00\" \/>\n<meta name=\"twitter:card\" content=\"summary_large_image\" \/>\n<meta name=\"twitter:site\" content=\"@stiftung_zewo\" \/>\n<meta name=\"twitter:label1\" content=\"Gesch\u00e4tzte Lesezeit\" \/>\n\t<meta name=\"twitter:data1\" content=\"5\u00a0Minuten\" \/>\n<script type=\"application\/ld+json\" class=\"yoast-schema-graph\">{\"@context\":\"https:\/\/schema.org\",\"@graph\":[{\"@type\":\"WebPage\",\"@id\":\"https:\/\/zewo.ch\/de\/ueber-die-zewo\/#webpage\",\"url\":\"https:\/\/zewo.ch\/de\/ueber-die-zewo\/#webpage\",\"name\":\"\",\"isPartOf\":{\"@id\":\"https:\/\/zewo.ch\/de\/#website\"},\"datePublished\":\"2019-04-09T08:54:11+00:00\",\"dateModified\":\"2024-05-28T09:25:43+00:00\",\"description\":\"Die Zewo ist die Zertifizierungsstelle f\u00fcr gemeinn\u00fctzige NPO, die in der Schweiz Spenden sammeln. Sie sorgt f\u00fcr Klarheit und Vertrauen rund ums Spenden.\",\"breadcrumb\":{\"@id\":\"https:\/\/zewo.ch\/de\/ueber-die-zewo\/#breadcrumb\"},\"inLanguage\":\"de\",\"potentialAction\":[{\"@type\":\"ReadAction\",\"target\":[\"https:\/\/zewo.ch\/de\/ueber-die-zewo\/\"]}]},{\"@type\":\"BreadcrumbList\",\"@id\":\"https:\/\/zewo.ch\/de\/ueber-die-zewo\/#breadcrumb\",\"itemListElement\":[{\"@type\":\"ListItem\",\"position\":1,\"name\":\"Home\",\"item\":\"https:\/\/zewo.ch\/de\/\"},{\"@type\":\"ListItem\",\"position\":2,\"name\":\"\u00dcber die Zewo\"}]},{\"@type\":\"WebSite\",\"@id\":\"https:\/\/zewo.ch\/de\/#website\",\"url\":\"https:\/\/zewo.ch\/de\/\",\"name\":\"Zewo\",\"description\":\"Ihre Spende in guten H\u00e4nden.\",\"publisher\":{\"@id\":\"https:\/\/zewo.ch\/de\/#organization\"},\"potentialAction\":[{\"@type\":\"SearchAction\",\"target\":{\"@type\":\"EntryPoint\",\"urlTemplate\":\"https:\/\/zewo.ch\/de\/?s={search_term_string}\"},\"query-input\":{\"@type\":\"PropertyValueSpecification\",\"valueRequired\":true,\"valueName\":\"search_term_string\"}}],\"inLanguage\":\"de\"},{\"@type\":\"Organization\",\"@id\":\"https:\/\/zewo.ch\/de\/#organization\",\"name\":\"Stiftung Zewo\",\"url\":\"https:\/\/zewo.ch\/de\/\",\"logo\":{\"@type\":\"ImageObject\",\"inLanguage\":\"de\",\"@id\":\"https:\/\/zewo.ch\/de\/#\/schema\/logo\/image\/\",\"url\":\"https:\/\/zewo.ch\/wp-content\/uploads\/2019\/08\/Zewo_Logo_Claim_D.svg\",\"contentUrl\":\"https:\/\/zewo.ch\/wp-content\/uploads\/2019\/08\/Zewo_Logo_Claim_D.svg\",\"width\":1,\"height\":1,\"caption\":\"Stiftung Zewo\"},\"image\":{\"@id\":\"https:\/\/zewo.ch\/de\/#\/schema\/logo\/image\/\"},\"sameAs\":[\"https:\/\/www.facebook.com\/Stiftung.ZEWO\/\",\"https:\/\/x.com\/stiftung_zewo\",\"https:\/\/www.linkedin.com\/company\/stiftung-zewo\",\"https:\/\/www.youtube.com\/channel\/UCzjsVJro12OXcvvx1LQP8tw\",\"https:\/\/de.wikipedia.org\/wiki\/Zewo\"]}]}<\/script>\n<!-- \/ Yoast SEO Premium plugin. -->","yoast_head_json":{"title":"Zewo","description":"Die Zewo ist die Zertifizierungsstelle f\u00fcr gemeinn\u00fctzige NPO, die in der Schweiz Spenden sammeln. Sie sorgt f\u00fcr Klarheit und Vertrauen rund ums Spenden.","robots":{"index":"index","follow":"follow","max-snippet":"max-snippet:-1","max-image-preview":"max-image-preview:large","max-video-preview":"max-video-preview:-1"},"canonical":"https:\/\/zewo.ch\/de\/ueber-die-zewo\/","og_locale":"de_DE","og_type":"article","og_description":"Die Zewo ist die Zertifizierungsstelle f\u00fcr gemeinn\u00fctzige NPO, die in der Schweiz Spenden sammeln. Sie sorgt f\u00fcr Klarheit und Vertrauen rund ums Spenden.","og_url":"https:\/\/zewo.ch\/de\/ueber-die-zewo\/","og_site_name":"Zewo","article_publisher":"https:\/\/www.facebook.com\/Stiftung.ZEWO\/","article_modified_time":"2024-05-28T09:25:43+00:00","twitter_card":"summary_large_image","twitter_site":"@stiftung_zewo","twitter_misc":{"Gesch\u00e4tzte Lesezeit":"5\u00a0Minuten"},"schema":{"@context":"https:\/\/schema.org","@graph":[{"@type":"WebPage","@id":"https:\/\/zewo.ch\/de\/ueber-die-zewo\/#webpage","url":"https:\/\/zewo.ch\/de\/ueber-die-zewo\/#webpage","name":"","isPartOf":{"@id":"https:\/\/zewo.ch\/de\/#website"},"datePublished":"2019-04-09T08:54:11+00:00","dateModified":"2024-05-28T09:25:43+00:00","description":"Die Zewo ist die Zertifizierungsstelle f\u00fcr gemeinn\u00fctzige NPO, die in der Schweiz Spenden sammeln. Sie sorgt f\u00fcr Klarheit und Vertrauen rund ums Spenden.","breadcrumb":{"@id":"https:\/\/zewo.ch\/de\/ueber-die-zewo\/#breadcrumb"},"inLanguage":"de","potentialAction":[{"@type":"ReadAction","target":["https:\/\/zewo.ch\/de\/ueber-die-zewo\/"]}]},{"@type":"BreadcrumbList","@id":"https:\/\/zewo.ch\/de\/ueber-die-zewo\/#breadcrumb","itemListElement":[{"@type":"ListItem","position":1,"name":"Home","item":"https:\/\/zewo.ch\/de\/"},{"@type":"ListItem","position":2,"name":"\u00dcber die Zewo"}]},{"@type":"WebSite","@id":"https:\/\/zewo.ch\/de\/#website","url":"https:\/\/zewo.ch\/de\/","name":"Zewo","description":"Ihre Spende in guten H\u00e4nden.","publisher":{"@id":"https:\/\/zewo.ch\/de\/#organization"},"potentialAction":[{"@type":"SearchAction","target":{"@type":"EntryPoint","urlTemplate":"https:\/\/zewo.ch\/de\/?s={search_term_string}"},"query-input":{"@type":"PropertyValueSpecification","valueRequired":true,"valueName":"search_term_string"}}],"inLanguage":"de"},{"@type":"Organization","@id":"https:\/\/zewo.ch\/de\/#organization","name":"Stiftung Zewo","url":"https:\/\/zewo.ch\/de\/","logo":{"@type":"ImageObject","inLanguage":"de","@id":"https:\/\/zewo.ch\/de\/#\/schema\/logo\/image\/","url":"https:\/\/zewo.ch\/wp-content\/uploads\/2019\/08\/Zewo_Logo_Claim_D.svg","contentUrl":"https:\/\/zewo.ch\/wp-content\/uploads\/2019\/08\/Zewo_Logo_Claim_D.svg","width":1,"height":1,"caption":"Stiftung Zewo"},"image":{"@id":"https:\/\/zewo.ch\/de\/#\/schema\/logo\/image\/"},"sameAs":["https:\/\/www.facebook.com\/Stiftung.ZEWO\/","https:\/\/x.com\/stiftung_zewo","https:\/\/www.linkedin.com\/company\/stiftung-zewo","https:\/\/www.youtube.com\/channel\/UCzjsVJro12OXcvvx1LQP8tw","https:\/\/de.wikipedia.org\/wiki\/Zewo"]}]}},"publishpress_future_action":{"enabled":false,"date":"2026-04-21 18:58:17","action":"change-status","newStatus":"draft","terms":[],"taxonomy":"translation_priority","extraData":[]},"publishpress_future_workflow_manual_trigger":{"enabledWorkflows":[]},"_links":{"self":[{"href":"https:\/\/zewo.ch\/de\/wp-json\/wp\/v2\/pages\/593","targetHints":{"allow":["GET"]}}],"collection":[{"href":"https:\/\/zewo.ch\/de\/wp-json\/wp\/v2\/pages"}],"about":[{"href":"https:\/\/zewo.ch\/de\/wp-json\/wp\/v2\/types\/page"}],"author":[{"embeddable":true,"href":"https:\/\/zewo.ch\/de\/wp-json\/wp\/v2\/users\/6"}],"replies":[{"embeddable":true,"href":"https:\/\/zewo.ch\/de\/wp-json\/wp\/v2\/comments?post=593"}],"version-history":[{"count":66,"href":"https:\/\/zewo.ch\/de\/wp-json\/wp\/v2\/pages\/593\/revisions"}],"predecessor-version":[{"id":5918806,"href":"https:\/\/zewo.ch\/de\/wp-json\/wp\/v2\/pages\/593\/revisions\/5918806"}],"wp:attachment":[{"href":"https:\/\/zewo.ch\/de\/wp-json\/wp\/v2\/media?parent=593"}],"wp:term":[{"taxonomy":"folder","embeddable":true,"href":"https:\/\/zewo.ch\/de\/wp-json\/wp\/v2\/folder?post=593"}],"curies":[{"name":"wp","href":"https:\/\/api.w.org\/{rel}","templated":true}]}}