{"id":5928535,"date":"2025-05-30T10:30:19","date_gmt":"2025-05-30T08:30:19","guid":{"rendered":"https:\/\/zewo.ch\/?page_id=5928535"},"modified":"2025-07-07T14:03:41","modified_gmt":"2025-07-07T12:03:41","slug":"nothilfe-bergsturz-im-loetschental","status":"publish","type":"page","link":"https:\/\/zewo.ch\/de\/nothilfe-bergsturz-im-loetschental\/","title":{"rendered":"Nothilfe Bergsturz im L\u00f6tschental"},"content":{"rendered":"\n<p>Der massive Bergsturz ausgel\u00f6st durch den Zusammenbruch des Birch-Gletschers versch\u00fcttete am 28. Mai 2025 die Walliser D\u00f6rfer Blatten und Ried. Die Sch\u00e4den sind immens und stellen die Menschen, die ihr Zuhause verloren haben, sowie die von den Folgen betroffene Bev\u00f6lkerung im L\u00f6tschental vor grosse Herausforderungen.\u00a0Zewo-zertifizierte Hilfswerke engagieren sich jetzt, um rasch und wirksam zu helfen. Sie rufen zu Spenden auf, um den Menschen im L\u00f6tschental beizustehen.<\/p>\n\n\n\n<p>Bei diesen zertifizierten Hilfswerken ist Ihre Spende f\u00fcr die Betroffenen in guten H\u00e4nden:<\/p>\n\n\n\n<ul class=\"wp-block-cgb-block-zewo-block-links container container-columns-1\">\n<li class=\"wp-block-cgb-block-zewo-block-link ab-block-link\"><a href=\"https:\/\/www.caritas.ch\/de\/bergsturz-im-loetschental-die-caritas-steht-den-betroffenen-zur-seite\/\" class=\"button\"><span>Caritas Schweiz<\/span><span class=\"button-arrow--long\"><\/span><\/a><\/li>\n\n\n\n<li class=\"wp-block-cgb-block-zewo-block-link ab-block-link\"><a href=\"https:\/\/www.redcross.ch\/de\/unser-engagement\/news-und-geschichten\/drohender-bergsturz-in-blatten-das-srk-bereitet-sich-vor\" class=\"button\"><span>Schweizerisches Rotes Kreuz<\/span><span class=\"button-arrow--long\"><\/span><\/a><\/li>\n<\/ul>\n","protected":false},"excerpt":{"rendered":"<p>Der massive Bergsturz ausgel\u00f6st durch den Zusammenbruch des Birch-Gletschers versch\u00fcttete am 28. Mai 2025 die Walliser D\u00f6rfer Blatten und Ried. Die Sch\u00e4den sind immens und stellen die Menschen, die ihr Zuhause verloren haben, sowie die von den Folgen betroffene Bev\u00f6lkerung im L\u00f6tschental vor grosse Herausforderungen.\u00a0Zewo-zertifizierte Hilfswerke engagieren sich jetzt, um rasch und wirksam zu helfen. [&hellip;]<\/p>\n","protected":false},"author":40,"featured_media":5928544,"parent":0,"menu_order":0,"comment_status":"closed","ping_status":"closed","template":"","meta":{"_acf_changed":false,"footnotes":""},"folder":[],"class_list":["post-5928535","page","type-page","status-publish","has-post-thumbnail","hentry"],"acf":[],"yoast_head":"<!-- This site is optimized with the Yoast SEO Premium plugin v26.0 (Yoast SEO v26.0) - https:\/\/yoast.com\/wordpress\/plugins\/seo\/ -->\n<title>Zewo<\/title>\n<meta name=\"description\" content=\"Diese Zewo-zertifizierten Hilfswerke helfen den von dem Bergsturz betroffenen Menschen in der Schweiz. Jetzt spenden!\" \/>\n<meta name=\"robots\" content=\"index, follow, max-snippet:-1, max-image-preview:large, max-video-preview:-1\" \/>\n<link rel=\"canonical\" href=\"https:\/\/zewo.ch\/de\/nothilfe-bergsturz-im-loetschental\/\" \/>\n<meta property=\"og:locale\" content=\"de_DE\" \/>\n<meta property=\"og:type\" content=\"article\" \/>\n<meta property=\"og:description\" content=\"Diese Zewo-zertifizierten Hilfswerke helfen den von dem Bergsturz betroffenen Menschen in der Schweiz. Jetzt spenden!\" \/>\n<meta property=\"og:url\" content=\"https:\/\/zewo.ch\/de\/nothilfe-bergsturz-im-loetschental\/\" \/>\n<meta property=\"og:site_name\" content=\"Zewo\" \/>\n<meta property=\"article:publisher\" content=\"https:\/\/www.facebook.com\/Stiftung.ZEWO\/\" \/>\n<meta property=\"article:modified_time\" content=\"2025-07-07T12:03:41+00:00\" \/>\n<meta property=\"og:image\" content=\"https:\/\/zewo.ch\/wp-content\/uploads\/2025\/05\/bergsturzloetschental-1.png\" \/>\n\t<meta property=\"og:image:width\" content=\"980\" \/>\n\t<meta property=\"og:image:height\" content=\"800\" \/>\n\t<meta property=\"og:image:type\" content=\"image\/png\" \/>\n<meta name=\"twitter:card\" content=\"summary_large_image\" \/>\n<meta name=\"twitter:site\" content=\"@stiftung_zewo\" \/>\n<meta name=\"twitter:label1\" content=\"Gesch\u00e4tzte Lesezeit\" \/>\n\t<meta name=\"twitter:data1\" content=\"1\u00a0Minute\" \/>\n<script type=\"application\/ld+json\" class=\"yoast-schema-graph\">{\"@context\":\"https:\/\/schema.org\",\"@graph\":[{\"@type\":\"WebPage\",\"@id\":\"https:\/\/zewo.ch\/de\/nothilfe-bergsturz-im-loetschental\/#webpage\",\"url\":\"https:\/\/zewo.ch\/de\/nothilfe-bergsturz-im-loetschental\/#webpage\",\"name\":\"\",\"isPartOf\":{\"@id\":\"https:\/\/zewo.ch\/de\/#website\"},\"primaryImageOfPage\":{\"@id\":\"https:\/\/zewo.ch\/de\/nothilfe-bergsturz-im-loetschental\/#primaryimage\"},\"image\":{\"@id\":\"https:\/\/zewo.ch\/de\/nothilfe-bergsturz-im-loetschental\/#primaryimage\"},\"thumbnailUrl\":\"https:\/\/zewo.ch\/wp-content\/uploads\/2025\/05\/bergsturzloetschental-1.png?ver=1773325620\",\"datePublished\":\"2025-05-30T08:30:19+00:00\",\"dateModified\":\"2025-07-07T12:03:41+00:00\",\"description\":\"Diese Zewo-zertifizierten Hilfswerke helfen den von dem Bergsturz betroffenen Menschen in der Schweiz. Jetzt spenden!\",\"breadcrumb\":{\"@id\":\"https:\/\/zewo.ch\/de\/nothilfe-bergsturz-im-loetschental\/#breadcrumb\"},\"inLanguage\":\"de\",\"potentialAction\":[{\"@type\":\"ReadAction\",\"target\":[\"https:\/\/zewo.ch\/de\/nothilfe-bergsturz-im-loetschental\/\"]}]},{\"@type\":\"ImageObject\",\"inLanguage\":\"de\",\"@id\":\"https:\/\/zewo.ch\/de\/nothilfe-bergsturz-im-loetschental\/#primaryimage\",\"url\":\"https:\/\/zewo.ch\/wp-content\/uploads\/2025\/05\/bergsturzloetschental-1.png?ver=1773325620\",\"contentUrl\":\"https:\/\/zewo.ch\/wp-content\/uploads\/2025\/05\/bergsturzloetschental-1.png?ver=1773325620\",\"width\":600,\"height\":400,\"caption\":\"Symbolbild Bergsturz L\u00f6tschental\"},{\"@type\":\"BreadcrumbList\",\"@id\":\"https:\/\/zewo.ch\/de\/nothilfe-bergsturz-im-loetschental\/#breadcrumb\",\"itemListElement\":[{\"@type\":\"ListItem\",\"position\":1,\"name\":\"Home\",\"item\":\"https:\/\/zewo.ch\/de\/\"},{\"@type\":\"ListItem\",\"position\":2,\"name\":\"Nothilfe Bergsturz im L\u00f6tschental\"}]},{\"@type\":\"WebSite\",\"@id\":\"https:\/\/zewo.ch\/de\/#website\",\"url\":\"https:\/\/zewo.ch\/de\/\",\"name\":\"Zewo\",\"description\":\"Ihre Spende in guten H\u00e4nden.\",\"publisher\":{\"@id\":\"https:\/\/zewo.ch\/de\/#organization\"},\"potentialAction\":[{\"@type\":\"SearchAction\",\"target\":{\"@type\":\"EntryPoint\",\"urlTemplate\":\"https:\/\/zewo.ch\/de\/?s={search_term_string}\"},\"query-input\":{\"@type\":\"PropertyValueSpecification\",\"valueRequired\":true,\"valueName\":\"search_term_string\"}}],\"inLanguage\":\"de\"},{\"@type\":\"Organization\",\"@id\":\"https:\/\/zewo.ch\/de\/#organization\",\"name\":\"Stiftung Zewo\",\"url\":\"https:\/\/zewo.ch\/de\/\",\"logo\":{\"@type\":\"ImageObject\",\"inLanguage\":\"de\",\"@id\":\"https:\/\/zewo.ch\/de\/#\/schema\/logo\/image\/\",\"url\":\"https:\/\/zewo.ch\/wp-content\/uploads\/2019\/08\/Zewo_Logo_Claim_D.svg\",\"contentUrl\":\"https:\/\/zewo.ch\/wp-content\/uploads\/2019\/08\/Zewo_Logo_Claim_D.svg\",\"width\":1,\"height\":1,\"caption\":\"Stiftung Zewo\"},\"image\":{\"@id\":\"https:\/\/zewo.ch\/de\/#\/schema\/logo\/image\/\"},\"sameAs\":[\"https:\/\/www.facebook.com\/Stiftung.ZEWO\/\",\"https:\/\/x.com\/stiftung_zewo\",\"https:\/\/www.linkedin.com\/company\/stiftung-zewo\",\"https:\/\/www.youtube.com\/channel\/UCzjsVJro12OXcvvx1LQP8tw\",\"https:\/\/de.wikipedia.org\/wiki\/Zewo\"]}]}<\/script>\n<!-- \/ Yoast SEO Premium plugin. -->","yoast_head_json":{"title":"Zewo","description":"Diese Zewo-zertifizierten Hilfswerke helfen den von dem Bergsturz betroffenen Menschen in der Schweiz. Jetzt spenden!","robots":{"index":"index","follow":"follow","max-snippet":"max-snippet:-1","max-image-preview":"max-image-preview:large","max-video-preview":"max-video-preview:-1"},"canonical":"https:\/\/zewo.ch\/de\/nothilfe-bergsturz-im-loetschental\/","og_locale":"de_DE","og_type":"article","og_description":"Diese Zewo-zertifizierten Hilfswerke helfen den von dem Bergsturz betroffenen Menschen in der Schweiz. Jetzt spenden!","og_url":"https:\/\/zewo.ch\/de\/nothilfe-bergsturz-im-loetschental\/","og_site_name":"Zewo","article_publisher":"https:\/\/www.facebook.com\/Stiftung.ZEWO\/","article_modified_time":"2025-07-07T12:03:41+00:00","og_image":[{"width":980,"height":800,"url":"https:\/\/zewo.ch\/wp-content\/uploads\/2025\/05\/bergsturzloetschental-1.png","type":"image\/png"}],"twitter_card":"summary_large_image","twitter_site":"@stiftung_zewo","twitter_misc":{"Gesch\u00e4tzte Lesezeit":"1\u00a0Minute"},"schema":{"@context":"https:\/\/schema.org","@graph":[{"@type":"WebPage","@id":"https:\/\/zewo.ch\/de\/nothilfe-bergsturz-im-loetschental\/#webpage","url":"https:\/\/zewo.ch\/de\/nothilfe-bergsturz-im-loetschental\/#webpage","name":"","isPartOf":{"@id":"https:\/\/zewo.ch\/de\/#website"},"primaryImageOfPage":{"@id":"https:\/\/zewo.ch\/de\/nothilfe-bergsturz-im-loetschental\/#primaryimage"},"image":{"@id":"https:\/\/zewo.ch\/de\/nothilfe-bergsturz-im-loetschental\/#primaryimage"},"thumbnailUrl":"https:\/\/zewo.ch\/wp-content\/uploads\/2025\/05\/bergsturzloetschental-1.png?ver=1773325620","datePublished":"2025-05-30T08:30:19+00:00","dateModified":"2025-07-07T12:03:41+00:00","description":"Diese Zewo-zertifizierten Hilfswerke helfen den von dem Bergsturz betroffenen Menschen in der Schweiz. Jetzt spenden!","breadcrumb":{"@id":"https:\/\/zewo.ch\/de\/nothilfe-bergsturz-im-loetschental\/#breadcrumb"},"inLanguage":"de","potentialAction":[{"@type":"ReadAction","target":["https:\/\/zewo.ch\/de\/nothilfe-bergsturz-im-loetschental\/"]}]},{"@type":"ImageObject","inLanguage":"de","@id":"https:\/\/zewo.ch\/de\/nothilfe-bergsturz-im-loetschental\/#primaryimage","url":"https:\/\/zewo.ch\/wp-content\/uploads\/2025\/05\/bergsturzloetschental-1.png?ver=1773325620","contentUrl":"https:\/\/zewo.ch\/wp-content\/uploads\/2025\/05\/bergsturzloetschental-1.png?ver=1773325620","width":600,"height":400,"caption":"Symbolbild Bergsturz L\u00f6tschental"},{"@type":"BreadcrumbList","@id":"https:\/\/zewo.ch\/de\/nothilfe-bergsturz-im-loetschental\/#breadcrumb","itemListElement":[{"@type":"ListItem","position":1,"name":"Home","item":"https:\/\/zewo.ch\/de\/"},{"@type":"ListItem","position":2,"name":"Nothilfe Bergsturz im L\u00f6tschental"}]},{"@type":"WebSite","@id":"https:\/\/zewo.ch\/de\/#website","url":"https:\/\/zewo.ch\/de\/","name":"Zewo","description":"Ihre Spende in guten H\u00e4nden.","publisher":{"@id":"https:\/\/zewo.ch\/de\/#organization"},"potentialAction":[{"@type":"SearchAction","target":{"@type":"EntryPoint","urlTemplate":"https:\/\/zewo.ch\/de\/?s={search_term_string}"},"query-input":{"@type":"PropertyValueSpecification","valueRequired":true,"valueName":"search_term_string"}}],"inLanguage":"de"},{"@type":"Organization","@id":"https:\/\/zewo.ch\/de\/#organization","name":"Stiftung Zewo","url":"https:\/\/zewo.ch\/de\/","logo":{"@type":"ImageObject","inLanguage":"de","@id":"https:\/\/zewo.ch\/de\/#\/schema\/logo\/image\/","url":"https:\/\/zewo.ch\/wp-content\/uploads\/2019\/08\/Zewo_Logo_Claim_D.svg","contentUrl":"https:\/\/zewo.ch\/wp-content\/uploads\/2019\/08\/Zewo_Logo_Claim_D.svg","width":1,"height":1,"caption":"Stiftung Zewo"},"image":{"@id":"https:\/\/zewo.ch\/de\/#\/schema\/logo\/image\/"},"sameAs":["https:\/\/www.facebook.com\/Stiftung.ZEWO\/","https:\/\/x.com\/stiftung_zewo","https:\/\/www.linkedin.com\/company\/stiftung-zewo","https:\/\/www.youtube.com\/channel\/UCzjsVJro12OXcvvx1LQP8tw","https:\/\/de.wikipedia.org\/wiki\/Zewo"]}]}},"publishpress_future_action":{"enabled":false,"date":"2026-04-28 12:04:48","action":"change-status","newStatus":"draft","terms":[],"taxonomy":"translation_priority","extraData":[]},"publishpress_future_workflow_manual_trigger":{"enabledWorkflows":[]},"_links":{"self":[{"href":"https:\/\/zewo.ch\/de\/wp-json\/wp\/v2\/pages\/5928535","targetHints":{"allow":["GET"]}}],"collection":[{"href":"https:\/\/zewo.ch\/de\/wp-json\/wp\/v2\/pages"}],"about":[{"href":"https:\/\/zewo.ch\/de\/wp-json\/wp\/v2\/types\/page"}],"author":[{"embeddable":true,"href":"https:\/\/zewo.ch\/de\/wp-json\/wp\/v2\/users\/40"}],"replies":[{"embeddable":true,"href":"https:\/\/zewo.ch\/de\/wp-json\/wp\/v2\/comments?post=5928535"}],"version-history":[{"count":8,"href":"https:\/\/zewo.ch\/de\/wp-json\/wp\/v2\/pages\/5928535\/revisions"}],"predecessor-version":[{"id":5938788,"href":"https:\/\/zewo.ch\/de\/wp-json\/wp\/v2\/pages\/5928535\/revisions\/5938788"}],"wp:featuredmedia":[{"embeddable":true,"href":"https:\/\/zewo.ch\/de\/wp-json\/wp\/v2\/media\/5928544"}],"wp:attachment":[{"href":"https:\/\/zewo.ch\/de\/wp-json\/wp\/v2\/media?parent=5928535"}],"wp:term":[{"taxonomy":"folder","embeddable":true,"href":"https:\/\/zewo.ch\/de\/wp-json\/wp\/v2\/folder?post=5928535"}],"curies":[{"name":"wp","href":"https:\/\/api.w.org\/{rel}","templated":true}]}}