{"id":5927507,"date":"2025-03-31T15:03:23","date_gmt":"2025-03-31T13:03:23","guid":{"rendered":"https:\/\/zewo.ch\/?page_id=5927507"},"modified":"2025-04-10T09:54:16","modified_gmt":"2025-04-10T07:54:16","slug":"nothilfe-erdbeben-in-suedostasien","status":"publish","type":"page","link":"https:\/\/zewo.ch\/de\/nothilfe-erdbeben-in-suedostasien\/","title":{"rendered":"Nothilfe Erdbeben in S\u00fcdostasien"},"content":{"rendered":"\n<p>Am 28. M\u00e4rz ereignete sich in Myanmar, Thailand und weiteren Teilen S\u00fcdostasiens ein verheerendes Erdbeben, das massive Zerst\u00f6rungen verursachte und zahlreiche Menschenleben forderte. Das Epizentrum lag in der N\u00e4he der Stadt Mandalay in Myanmar. Viele Opfer werden noch vermisst, und die Lage bleibt dramatisch. H\u00e4user, Infrastruktur und lebenswichtige Einrichtungen wurden schwer besch\u00e4digt, was die Rettungs- und Hilfsma\u00dfnahmen erschwert. <\/p>\n\n\n\n<p>Inmitten dieser Katastrophe ist die internationale Nothilfe angelaufen, um den betroffenen Regionen schnell die dringend notwendige Unterst\u00fctzung zu bieten. Auch Schweizer Hilfswerke mit dem Zewo-G\u00fctesiegel sind bereits vor Ort, um sofortige Hilfe zu leisten.<\/p>\n\n\n\n<p>M\u00f6chten Sie die Opfer des Erdbebens unterst\u00fctzen? Bei diesen zertifizierten Hilfswerken ist Ihre Spende f\u00fcr die notleidende Bev\u00f6lkerung in guten H\u00e4nden:<\/p>\n\n\n\n<ul class=\"wp-block-cgb-block-zewo-block-links container container-columns-1\">\n<li class=\"wp-block-cgb-block-zewo-block-link ab-block-link\"><a href=\"https:\/\/www.caritas.ch\/de\/erdbeben-myanmar-thailand-caritas-schweiz-stellt-50000-franken-fuer-soforthilfe-bereit\/\" class=\"button\"><span>Caritas Schweiz<\/span><span class=\"button-arrow--long\"><\/span><\/a><\/li>\n\n\n\n<li class=\"wp-block-cgb-block-zewo-block-link ab-block-link\"><a href=\"https:\/\/www.heks.ch\/nothilfe-erdbeben-suedostasien#block-beaker-content\" class=\"button\"><span>HEKS<\/span><span class=\"button-arrow--long\"><\/span><\/a><\/li>\n\n\n\n<li class=\"wp-block-cgb-block-zewo-block-link ab-block-link\"><a href=\"https:\/\/www.helvetas.org\/de\/schweiz\/was-sie-tun-koennen\/spenden\/Notfall\/spenden-erdbeben-myanmar\" class=\"button\"><span>Helvetas<\/span><span class=\"button-arrow--long\"><\/span><\/a><\/li>\n\n\n\n<li class=\"wp-block-cgb-block-zewo-block-link ab-block-link\"><a href=\"https:\/\/aerztederwelt.ch\/erdbeben-myanmar\/?utm_source=websiteDE&amp;utm_medium=pagemyanmarDE&amp;utm_campaign=zewomyanmarDE&amp;utm_id=zewomyanmarDE&amp;utm_content=flecheDE\" class=\"button\"><span>M\u00e9decins du Monde<\/span><span class=\"button-arrow--long\"><\/span><\/a><\/li>\n\n\n\n<li class=\"wp-block-cgb-block-zewo-block-link ab-block-link\"><a href=\"https:\/\/www.redcross.ch\/de\/katastrophe-erdbeben-im-suedostasien-hilfe-fuer-die-betroffenen\/erdbebenkatastrophe-in-suedostasien-unterstuetzen-sie-die-nothilfe\" class=\"button\"><span>Schweizerisches Rotes Kreuz<\/span><span class=\"button-arrow--long\"><\/span><\/a><\/li>\n\n\n\n<li class=\"wp-block-cgb-block-zewo-block-link ab-block-link\"><a href=\"https:\/\/www.pestalozzi.ch\/de\/spenden\" class=\"button\"><span>Kinderdorf Pestalozzi<\/span><span class=\"button-arrow--long\"><\/span><\/a><\/li>\n<\/ul>\n","protected":false},"excerpt":{"rendered":"<p>Am 28. M\u00e4rz ereignete sich in Myanmar, Thailand und weiteren Teilen S\u00fcdostasiens ein verheerendes Erdbeben, das massive Zerst\u00f6rungen verursachte und zahlreiche Menschenleben forderte. Das Epizentrum lag in der N\u00e4he der Stadt Mandalay in Myanmar. Viele Opfer werden noch vermisst, und die Lage bleibt dramatisch. H\u00e4user, Infrastruktur und lebenswichtige Einrichtungen wurden schwer besch\u00e4digt, was die Rettungs- [&hellip;]<\/p>\n","protected":false},"author":38,"featured_media":5927512,"parent":0,"menu_order":0,"comment_status":"closed","ping_status":"closed","template":"","meta":{"_acf_changed":false,"footnotes":""},"folder":[],"class_list":["post-5927507","page","type-page","status-publish","has-post-thumbnail","hentry"],"acf":[],"yoast_head":"<!-- This site is optimized with the Yoast SEO Premium plugin v26.0 (Yoast SEO v26.0) - https:\/\/yoast.com\/wordpress\/plugins\/seo\/ -->\n<title>Zewo<\/title>\n<meta name=\"description\" content=\"Informieren Sie sich \u00fcber die Nothilfe f\u00fcr die Opfer des Erdbebens in S\u00fcdostasien und wie Sie die Opfer unterst\u00fctzen k\u00f6nnen.\" \/>\n<meta name=\"robots\" content=\"index, follow, max-snippet:-1, max-image-preview:large, max-video-preview:-1\" \/>\n<link rel=\"canonical\" href=\"https:\/\/zewo.ch\/de\/nothilfe-erdbeben-in-suedostasien\/\" \/>\n<meta property=\"og:locale\" content=\"de_DE\" \/>\n<meta property=\"og:type\" content=\"article\" \/>\n<meta property=\"og:description\" content=\"Informieren Sie sich \u00fcber die Nothilfe f\u00fcr die Opfer des Erdbebens in S\u00fcdostasien und wie Sie die Opfer unterst\u00fctzen k\u00f6nnen.\" \/>\n<meta property=\"og:url\" content=\"https:\/\/zewo.ch\/de\/nothilfe-erdbeben-in-suedostasien\/\" \/>\n<meta property=\"og:site_name\" content=\"Zewo\" \/>\n<meta property=\"article:publisher\" content=\"https:\/\/www.facebook.com\/Stiftung.ZEWO\/\" \/>\n<meta property=\"article:modified_time\" content=\"2025-04-10T07:54:16+00:00\" \/>\n<meta property=\"og:image\" content=\"https:\/\/zewo.ch\/wp-content\/uploads\/2025\/03\/Erdbeben_Myanmar.jpg\" \/>\n\t<meta property=\"og:image:width\" content=\"1920\" \/>\n\t<meta property=\"og:image:height\" content=\"1080\" \/>\n\t<meta property=\"og:image:type\" content=\"image\/jpeg\" \/>\n<meta name=\"twitter:card\" content=\"summary_large_image\" \/>\n<meta name=\"twitter:site\" content=\"@stiftung_zewo\" \/>\n<meta name=\"twitter:label1\" content=\"Gesch\u00e4tzte Lesezeit\" \/>\n\t<meta name=\"twitter:data1\" content=\"1\u00a0Minute\" \/>\n<script type=\"application\/ld+json\" class=\"yoast-schema-graph\">{\"@context\":\"https:\/\/schema.org\",\"@graph\":[{\"@type\":\"WebPage\",\"@id\":\"https:\/\/zewo.ch\/de\/nothilfe-erdbeben-in-suedostasien\/#webpage\",\"url\":\"https:\/\/zewo.ch\/de\/nothilfe-erdbeben-in-suedostasien\/#webpage\",\"name\":\"\",\"isPartOf\":{\"@id\":\"https:\/\/zewo.ch\/de\/#website\"},\"primaryImageOfPage\":{\"@id\":\"https:\/\/zewo.ch\/de\/nothilfe-erdbeben-in-suedostasien\/#primaryimage\"},\"image\":{\"@id\":\"https:\/\/zewo.ch\/de\/nothilfe-erdbeben-in-suedostasien\/#primaryimage\"},\"thumbnailUrl\":\"https:\/\/zewo.ch\/wp-content\/uploads\/2025\/03\/Erdbeben_Myanmar.jpg\",\"datePublished\":\"2025-03-31T13:03:23+00:00\",\"dateModified\":\"2025-04-10T07:54:16+00:00\",\"description\":\"Informieren Sie sich \u00fcber die Nothilfe f\u00fcr die Opfer des Erdbebens in S\u00fcdostasien und wie Sie die Opfer unterst\u00fctzen k\u00f6nnen.\",\"breadcrumb\":{\"@id\":\"https:\/\/zewo.ch\/de\/nothilfe-erdbeben-in-suedostasien\/#breadcrumb\"},\"inLanguage\":\"de\",\"potentialAction\":[{\"@type\":\"ReadAction\",\"target\":[\"https:\/\/zewo.ch\/de\/nothilfe-erdbeben-in-suedostasien\/\"]}]},{\"@type\":\"ImageObject\",\"inLanguage\":\"de\",\"@id\":\"https:\/\/zewo.ch\/de\/nothilfe-erdbeben-in-suedostasien\/#primaryimage\",\"url\":\"https:\/\/zewo.ch\/wp-content\/uploads\/2025\/03\/Erdbeben_Myanmar.jpg\",\"contentUrl\":\"https:\/\/zewo.ch\/wp-content\/uploads\/2025\/03\/Erdbeben_Myanmar.jpg\",\"width\":1920,\"height\":1080,\"caption\":\"Bild Erdbeben Myanmar\"},{\"@type\":\"BreadcrumbList\",\"@id\":\"https:\/\/zewo.ch\/de\/nothilfe-erdbeben-in-suedostasien\/#breadcrumb\",\"itemListElement\":[{\"@type\":\"ListItem\",\"position\":1,\"name\":\"Home\",\"item\":\"https:\/\/zewo.ch\/de\/\"},{\"@type\":\"ListItem\",\"position\":2,\"name\":\"Nothilfe Erdbeben in S\u00fcdostasien\"}]},{\"@type\":\"WebSite\",\"@id\":\"https:\/\/zewo.ch\/de\/#website\",\"url\":\"https:\/\/zewo.ch\/de\/\",\"name\":\"Zewo\",\"description\":\"Ihre Spende in guten H\u00e4nden.\",\"publisher\":{\"@id\":\"https:\/\/zewo.ch\/de\/#organization\"},\"potentialAction\":[{\"@type\":\"SearchAction\",\"target\":{\"@type\":\"EntryPoint\",\"urlTemplate\":\"https:\/\/zewo.ch\/de\/?s={search_term_string}\"},\"query-input\":{\"@type\":\"PropertyValueSpecification\",\"valueRequired\":true,\"valueName\":\"search_term_string\"}}],\"inLanguage\":\"de\"},{\"@type\":\"Organization\",\"@id\":\"https:\/\/zewo.ch\/de\/#organization\",\"name\":\"Stiftung Zewo\",\"url\":\"https:\/\/zewo.ch\/de\/\",\"logo\":{\"@type\":\"ImageObject\",\"inLanguage\":\"de\",\"@id\":\"https:\/\/zewo.ch\/de\/#\/schema\/logo\/image\/\",\"url\":\"https:\/\/zewo.ch\/wp-content\/uploads\/2019\/08\/Zewo_Logo_Claim_D.svg\",\"contentUrl\":\"https:\/\/zewo.ch\/wp-content\/uploads\/2019\/08\/Zewo_Logo_Claim_D.svg\",\"width\":1,\"height\":1,\"caption\":\"Stiftung Zewo\"},\"image\":{\"@id\":\"https:\/\/zewo.ch\/de\/#\/schema\/logo\/image\/\"},\"sameAs\":[\"https:\/\/www.facebook.com\/Stiftung.ZEWO\/\",\"https:\/\/x.com\/stiftung_zewo\",\"https:\/\/www.linkedin.com\/company\/stiftung-zewo\",\"https:\/\/www.youtube.com\/channel\/UCzjsVJro12OXcvvx1LQP8tw\",\"https:\/\/de.wikipedia.org\/wiki\/Zewo\"]}]}<\/script>\n<!-- \/ Yoast SEO Premium plugin. -->","yoast_head_json":{"title":"Zewo","description":"Informieren Sie sich \u00fcber die Nothilfe f\u00fcr die Opfer des Erdbebens in S\u00fcdostasien und wie Sie die Opfer unterst\u00fctzen k\u00f6nnen.","robots":{"index":"index","follow":"follow","max-snippet":"max-snippet:-1","max-image-preview":"max-image-preview:large","max-video-preview":"max-video-preview:-1"},"canonical":"https:\/\/zewo.ch\/de\/nothilfe-erdbeben-in-suedostasien\/","og_locale":"de_DE","og_type":"article","og_description":"Informieren Sie sich \u00fcber die Nothilfe f\u00fcr die Opfer des Erdbebens in S\u00fcdostasien und wie Sie die Opfer unterst\u00fctzen k\u00f6nnen.","og_url":"https:\/\/zewo.ch\/de\/nothilfe-erdbeben-in-suedostasien\/","og_site_name":"Zewo","article_publisher":"https:\/\/www.facebook.com\/Stiftung.ZEWO\/","article_modified_time":"2025-04-10T07:54:16+00:00","og_image":[{"width":1920,"height":1080,"url":"https:\/\/zewo.ch\/wp-content\/uploads\/2025\/03\/Erdbeben_Myanmar.jpg","type":"image\/jpeg"}],"twitter_card":"summary_large_image","twitter_site":"@stiftung_zewo","twitter_misc":{"Gesch\u00e4tzte Lesezeit":"1\u00a0Minute"},"schema":{"@context":"https:\/\/schema.org","@graph":[{"@type":"WebPage","@id":"https:\/\/zewo.ch\/de\/nothilfe-erdbeben-in-suedostasien\/#webpage","url":"https:\/\/zewo.ch\/de\/nothilfe-erdbeben-in-suedostasien\/#webpage","name":"","isPartOf":{"@id":"https:\/\/zewo.ch\/de\/#website"},"primaryImageOfPage":{"@id":"https:\/\/zewo.ch\/de\/nothilfe-erdbeben-in-suedostasien\/#primaryimage"},"image":{"@id":"https:\/\/zewo.ch\/de\/nothilfe-erdbeben-in-suedostasien\/#primaryimage"},"thumbnailUrl":"https:\/\/zewo.ch\/wp-content\/uploads\/2025\/03\/Erdbeben_Myanmar.jpg","datePublished":"2025-03-31T13:03:23+00:00","dateModified":"2025-04-10T07:54:16+00:00","description":"Informieren Sie sich \u00fcber die Nothilfe f\u00fcr die Opfer des Erdbebens in S\u00fcdostasien und wie Sie die Opfer unterst\u00fctzen k\u00f6nnen.","breadcrumb":{"@id":"https:\/\/zewo.ch\/de\/nothilfe-erdbeben-in-suedostasien\/#breadcrumb"},"inLanguage":"de","potentialAction":[{"@type":"ReadAction","target":["https:\/\/zewo.ch\/de\/nothilfe-erdbeben-in-suedostasien\/"]}]},{"@type":"ImageObject","inLanguage":"de","@id":"https:\/\/zewo.ch\/de\/nothilfe-erdbeben-in-suedostasien\/#primaryimage","url":"https:\/\/zewo.ch\/wp-content\/uploads\/2025\/03\/Erdbeben_Myanmar.jpg","contentUrl":"https:\/\/zewo.ch\/wp-content\/uploads\/2025\/03\/Erdbeben_Myanmar.jpg","width":1920,"height":1080,"caption":"Bild Erdbeben Myanmar"},{"@type":"BreadcrumbList","@id":"https:\/\/zewo.ch\/de\/nothilfe-erdbeben-in-suedostasien\/#breadcrumb","itemListElement":[{"@type":"ListItem","position":1,"name":"Home","item":"https:\/\/zewo.ch\/de\/"},{"@type":"ListItem","position":2,"name":"Nothilfe Erdbeben in S\u00fcdostasien"}]},{"@type":"WebSite","@id":"https:\/\/zewo.ch\/de\/#website","url":"https:\/\/zewo.ch\/de\/","name":"Zewo","description":"Ihre Spende in guten H\u00e4nden.","publisher":{"@id":"https:\/\/zewo.ch\/de\/#organization"},"potentialAction":[{"@type":"SearchAction","target":{"@type":"EntryPoint","urlTemplate":"https:\/\/zewo.ch\/de\/?s={search_term_string}"},"query-input":{"@type":"PropertyValueSpecification","valueRequired":true,"valueName":"search_term_string"}}],"inLanguage":"de"},{"@type":"Organization","@id":"https:\/\/zewo.ch\/de\/#organization","name":"Stiftung Zewo","url":"https:\/\/zewo.ch\/de\/","logo":{"@type":"ImageObject","inLanguage":"de","@id":"https:\/\/zewo.ch\/de\/#\/schema\/logo\/image\/","url":"https:\/\/zewo.ch\/wp-content\/uploads\/2019\/08\/Zewo_Logo_Claim_D.svg","contentUrl":"https:\/\/zewo.ch\/wp-content\/uploads\/2019\/08\/Zewo_Logo_Claim_D.svg","width":1,"height":1,"caption":"Stiftung Zewo"},"image":{"@id":"https:\/\/zewo.ch\/de\/#\/schema\/logo\/image\/"},"sameAs":["https:\/\/www.facebook.com\/Stiftung.ZEWO\/","https:\/\/x.com\/stiftung_zewo","https:\/\/www.linkedin.com\/company\/stiftung-zewo","https:\/\/www.youtube.com\/channel\/UCzjsVJro12OXcvvx1LQP8tw","https:\/\/de.wikipedia.org\/wiki\/Zewo"]}]}},"publishpress_future_action":{"enabled":false,"date":"2026-04-22 08:16:25","action":"change-status","newStatus":"draft","terms":[],"taxonomy":"translation_priority","extraData":[]},"publishpress_future_workflow_manual_trigger":{"enabledWorkflows":[]},"_links":{"self":[{"href":"https:\/\/zewo.ch\/de\/wp-json\/wp\/v2\/pages\/5927507","targetHints":{"allow":["GET"]}}],"collection":[{"href":"https:\/\/zewo.ch\/de\/wp-json\/wp\/v2\/pages"}],"about":[{"href":"https:\/\/zewo.ch\/de\/wp-json\/wp\/v2\/types\/page"}],"author":[{"embeddable":true,"href":"https:\/\/zewo.ch\/de\/wp-json\/wp\/v2\/users\/38"}],"replies":[{"embeddable":true,"href":"https:\/\/zewo.ch\/de\/wp-json\/wp\/v2\/comments?post=5927507"}],"version-history":[{"count":12,"href":"https:\/\/zewo.ch\/de\/wp-json\/wp\/v2\/pages\/5927507\/revisions"}],"predecessor-version":[{"id":5938786,"href":"https:\/\/zewo.ch\/de\/wp-json\/wp\/v2\/pages\/5927507\/revisions\/5938786"}],"wp:featuredmedia":[{"embeddable":true,"href":"https:\/\/zewo.ch\/de\/wp-json\/wp\/v2\/media\/5927512"}],"wp:attachment":[{"href":"https:\/\/zewo.ch\/de\/wp-json\/wp\/v2\/media?parent=5927507"}],"wp:term":[{"taxonomy":"folder","embeddable":true,"href":"https:\/\/zewo.ch\/de\/wp-json\/wp\/v2\/folder?post=5927507"}],"curies":[{"name":"wp","href":"https:\/\/api.w.org\/{rel}","templated":true}]}}