{"id":5920651,"date":"2024-07-04T17:17:48","date_gmt":"2024-07-04T15:17:48","guid":{"rendered":"https:\/\/zewo.ch\/?page_id=5920651"},"modified":"2025-03-31T14:21:51","modified_gmt":"2025-03-31T12:21:51","slug":"nothilfe-unwetter-schweiz","status":"publish","type":"page","link":"https:\/\/zewo.ch\/de\/nothilfe-unwetter-schweiz\/","title":{"rendered":"Nothilfe Unwetter Schweiz"},"content":{"rendered":"\n<p>Im Juli haben Unwetter in den Kantonen Graub\u00fcnden, Wallis und Tessin grosse Sch\u00e4den angerichtet. Mehrere Menschen kamen ums Leben, Hunderte mussten ihre H\u00e4user verlassen. Um in den betroffenen Regionen zu helfen, rufen mehrere Hilfswerke mit Zewo-G\u00fctesiegel zum Spenden auf.<\/p>\n\n\n\n<p>Bei diesen zertifizierten Hilfswerken ist Ihre Spende f\u00fcr die Opfer der Unwetter in guten H\u00e4nden:<\/p>\n\n\n\n<ul class=\"wp-block-cgb-block-zewo-block-links container container-columns-1\">\n<li class=\"wp-block-cgb-block-zewo-block-link ab-block-link\"><a href=\"https:\/\/www.caritas.ch\/de\/verheerende-unwetter-im-sueden-der-schweiz\/\" class=\"button\"><span>Caritas Schweiz<\/span><span class=\"button-arrow--long\"><\/span><\/a><\/li>\n\n\n\n<li class=\"wp-block-cgb-block-zewo-block-link ab-block-link\"><a href=\"https:\/\/www.redcross.ch\/de\/unwetter-in-der-schweiz-unterstuetzen-sie-die-soforthilfe\" class=\"button\"><span>Schweizerisches Rotes Kreuz<\/span><span class=\"button-arrow--long\"><\/span><\/a><\/li>\n<\/ul>\n","protected":false},"excerpt":{"rendered":"<p>Im Juli haben Unwetter in den Kantonen Graub\u00fcnden, Wallis und Tessin grosse Sch\u00e4den angerichtet. Mehrere Menschen kamen ums Leben, Hunderte mussten ihre H\u00e4user verlassen. Um in den betroffenen Regionen zu helfen, rufen mehrere Hilfswerke mit Zewo-G\u00fctesiegel zum Spenden auf. Bei diesen zertifizierten Hilfswerken ist Ihre Spende f\u00fcr die Opfer der Unwetter in guten H\u00e4nden:<\/p>\n","protected":false},"author":38,"featured_media":5920667,"parent":0,"menu_order":0,"comment_status":"closed","ping_status":"closed","template":"","meta":{"_acf_changed":false,"footnotes":""},"folder":[6639],"class_list":["post-5920651","page","type-page","status-publish","has-post-thumbnail","hentry"],"acf":[],"yoast_head":"<!-- This site is optimized with the Yoast SEO Premium plugin v26.0 (Yoast SEO v26.0) - https:\/\/yoast.com\/wordpress\/plugins\/seo\/ -->\n<title>Zewo<\/title>\n<meta name=\"description\" content=\"Diese Zewo-zertifizierten Hilfswerke helfen den von Unwettern betroffenen Menschen in der Schweiz. Jetzt spenden!\" \/>\n<meta name=\"robots\" content=\"index, follow, max-snippet:-1, max-image-preview:large, max-video-preview:-1\" \/>\n<link rel=\"canonical\" href=\"https:\/\/zewo.ch\/de\/nothilfe-unwetter-schweiz\/\" \/>\n<meta property=\"og:locale\" content=\"de_DE\" \/>\n<meta property=\"og:type\" content=\"article\" \/>\n<meta property=\"og:description\" content=\"Diese Zewo-zertifizierten Hilfswerke helfen den von Unwettern betroffenen Menschen in der Schweiz. Jetzt spenden!\" \/>\n<meta property=\"og:url\" content=\"https:\/\/zewo.ch\/de\/nothilfe-unwetter-schweiz\/\" \/>\n<meta property=\"og:site_name\" content=\"Zewo\" \/>\n<meta property=\"article:publisher\" content=\"https:\/\/www.facebook.com\/Stiftung.ZEWO\/\" \/>\n<meta property=\"article:modified_time\" content=\"2025-03-31T12:21:51+00:00\" \/>\n<meta property=\"og:image\" content=\"https:\/\/zewo.ch\/wp-content\/uploads\/2024\/07\/lightning-1158027_1280.jpg\" \/>\n\t<meta property=\"og:image:width\" content=\"866\" \/>\n\t<meta property=\"og:image:height\" content=\"426\" \/>\n\t<meta property=\"og:image:type\" content=\"image\/jpeg\" \/>\n<meta name=\"twitter:card\" content=\"summary_large_image\" \/>\n<meta name=\"twitter:site\" content=\"@stiftung_zewo\" \/>\n<meta name=\"twitter:label1\" content=\"Gesch\u00e4tzte Lesezeit\" \/>\n\t<meta name=\"twitter:data1\" content=\"1\u00a0Minute\" \/>\n<script type=\"application\/ld+json\" class=\"yoast-schema-graph\">{\"@context\":\"https:\/\/schema.org\",\"@graph\":[{\"@type\":\"WebPage\",\"@id\":\"https:\/\/zewo.ch\/de\/nothilfe-unwetter-schweiz\/#webpage\",\"url\":\"https:\/\/zewo.ch\/de\/nothilfe-unwetter-schweiz\/#webpage\",\"name\":\"\",\"isPartOf\":{\"@id\":\"https:\/\/zewo.ch\/de\/#website\"},\"primaryImageOfPage\":{\"@id\":\"https:\/\/zewo.ch\/de\/nothilfe-unwetter-schweiz\/#primaryimage\"},\"image\":{\"@id\":\"https:\/\/zewo.ch\/de\/nothilfe-unwetter-schweiz\/#primaryimage\"},\"thumbnailUrl\":\"https:\/\/zewo.ch\/wp-content\/uploads\/2024\/07\/lightning-1158027_1280.jpg\",\"datePublished\":\"2024-07-04T15:17:48+00:00\",\"dateModified\":\"2025-03-31T12:21:51+00:00\",\"description\":\"Diese Zewo-zertifizierten Hilfswerke helfen den von Unwettern betroffenen Menschen in der Schweiz. Jetzt spenden!\",\"breadcrumb\":{\"@id\":\"https:\/\/zewo.ch\/de\/nothilfe-unwetter-schweiz\/#breadcrumb\"},\"inLanguage\":\"de\",\"potentialAction\":[{\"@type\":\"ReadAction\",\"target\":[\"https:\/\/zewo.ch\/de\/nothilfe-unwetter-schweiz\/\"]}]},{\"@type\":\"ImageObject\",\"inLanguage\":\"de\",\"@id\":\"https:\/\/zewo.ch\/de\/nothilfe-unwetter-schweiz\/#primaryimage\",\"url\":\"https:\/\/zewo.ch\/wp-content\/uploads\/2024\/07\/lightning-1158027_1280.jpg\",\"contentUrl\":\"https:\/\/zewo.ch\/wp-content\/uploads\/2024\/07\/lightning-1158027_1280.jpg\",\"width\":866,\"height\":426,\"caption\":\"Bild Unwetter Schweiz\"},{\"@type\":\"BreadcrumbList\",\"@id\":\"https:\/\/zewo.ch\/de\/nothilfe-unwetter-schweiz\/#breadcrumb\",\"itemListElement\":[{\"@type\":\"ListItem\",\"position\":1,\"name\":\"Home\",\"item\":\"https:\/\/zewo.ch\/de\/\"},{\"@type\":\"ListItem\",\"position\":2,\"name\":\"Nothilfe Unwetter Schweiz\"}]},{\"@type\":\"WebSite\",\"@id\":\"https:\/\/zewo.ch\/de\/#website\",\"url\":\"https:\/\/zewo.ch\/de\/\",\"name\":\"Zewo\",\"description\":\"Ihre Spende in guten H\u00e4nden.\",\"publisher\":{\"@id\":\"https:\/\/zewo.ch\/de\/#organization\"},\"potentialAction\":[{\"@type\":\"SearchAction\",\"target\":{\"@type\":\"EntryPoint\",\"urlTemplate\":\"https:\/\/zewo.ch\/de\/?s={search_term_string}\"},\"query-input\":{\"@type\":\"PropertyValueSpecification\",\"valueRequired\":true,\"valueName\":\"search_term_string\"}}],\"inLanguage\":\"de\"},{\"@type\":\"Organization\",\"@id\":\"https:\/\/zewo.ch\/de\/#organization\",\"name\":\"Stiftung Zewo\",\"url\":\"https:\/\/zewo.ch\/de\/\",\"logo\":{\"@type\":\"ImageObject\",\"inLanguage\":\"de\",\"@id\":\"https:\/\/zewo.ch\/de\/#\/schema\/logo\/image\/\",\"url\":\"https:\/\/zewo.ch\/wp-content\/uploads\/2019\/08\/Zewo_Logo_Claim_D.svg\",\"contentUrl\":\"https:\/\/zewo.ch\/wp-content\/uploads\/2019\/08\/Zewo_Logo_Claim_D.svg\",\"width\":1,\"height\":1,\"caption\":\"Stiftung Zewo\"},\"image\":{\"@id\":\"https:\/\/zewo.ch\/de\/#\/schema\/logo\/image\/\"},\"sameAs\":[\"https:\/\/www.facebook.com\/Stiftung.ZEWO\/\",\"https:\/\/x.com\/stiftung_zewo\",\"https:\/\/www.linkedin.com\/company\/stiftung-zewo\",\"https:\/\/www.youtube.com\/channel\/UCzjsVJro12OXcvvx1LQP8tw\",\"https:\/\/de.wikipedia.org\/wiki\/Zewo\"]}]}<\/script>\n<!-- \/ Yoast SEO Premium plugin. -->","yoast_head_json":{"title":"Zewo","description":"Diese Zewo-zertifizierten Hilfswerke helfen den von Unwettern betroffenen Menschen in der Schweiz. Jetzt spenden!","robots":{"index":"index","follow":"follow","max-snippet":"max-snippet:-1","max-image-preview":"max-image-preview:large","max-video-preview":"max-video-preview:-1"},"canonical":"https:\/\/zewo.ch\/de\/nothilfe-unwetter-schweiz\/","og_locale":"de_DE","og_type":"article","og_description":"Diese Zewo-zertifizierten Hilfswerke helfen den von Unwettern betroffenen Menschen in der Schweiz. Jetzt spenden!","og_url":"https:\/\/zewo.ch\/de\/nothilfe-unwetter-schweiz\/","og_site_name":"Zewo","article_publisher":"https:\/\/www.facebook.com\/Stiftung.ZEWO\/","article_modified_time":"2025-03-31T12:21:51+00:00","og_image":[{"width":866,"height":426,"url":"https:\/\/zewo.ch\/wp-content\/uploads\/2024\/07\/lightning-1158027_1280.jpg","type":"image\/jpeg"}],"twitter_card":"summary_large_image","twitter_site":"@stiftung_zewo","twitter_misc":{"Gesch\u00e4tzte Lesezeit":"1\u00a0Minute"},"schema":{"@context":"https:\/\/schema.org","@graph":[{"@type":"WebPage","@id":"https:\/\/zewo.ch\/de\/nothilfe-unwetter-schweiz\/#webpage","url":"https:\/\/zewo.ch\/de\/nothilfe-unwetter-schweiz\/#webpage","name":"","isPartOf":{"@id":"https:\/\/zewo.ch\/de\/#website"},"primaryImageOfPage":{"@id":"https:\/\/zewo.ch\/de\/nothilfe-unwetter-schweiz\/#primaryimage"},"image":{"@id":"https:\/\/zewo.ch\/de\/nothilfe-unwetter-schweiz\/#primaryimage"},"thumbnailUrl":"https:\/\/zewo.ch\/wp-content\/uploads\/2024\/07\/lightning-1158027_1280.jpg","datePublished":"2024-07-04T15:17:48+00:00","dateModified":"2025-03-31T12:21:51+00:00","description":"Diese Zewo-zertifizierten Hilfswerke helfen den von Unwettern betroffenen Menschen in der Schweiz. Jetzt spenden!","breadcrumb":{"@id":"https:\/\/zewo.ch\/de\/nothilfe-unwetter-schweiz\/#breadcrumb"},"inLanguage":"de","potentialAction":[{"@type":"ReadAction","target":["https:\/\/zewo.ch\/de\/nothilfe-unwetter-schweiz\/"]}]},{"@type":"ImageObject","inLanguage":"de","@id":"https:\/\/zewo.ch\/de\/nothilfe-unwetter-schweiz\/#primaryimage","url":"https:\/\/zewo.ch\/wp-content\/uploads\/2024\/07\/lightning-1158027_1280.jpg","contentUrl":"https:\/\/zewo.ch\/wp-content\/uploads\/2024\/07\/lightning-1158027_1280.jpg","width":866,"height":426,"caption":"Bild Unwetter Schweiz"},{"@type":"BreadcrumbList","@id":"https:\/\/zewo.ch\/de\/nothilfe-unwetter-schweiz\/#breadcrumb","itemListElement":[{"@type":"ListItem","position":1,"name":"Home","item":"https:\/\/zewo.ch\/de\/"},{"@type":"ListItem","position":2,"name":"Nothilfe Unwetter Schweiz"}]},{"@type":"WebSite","@id":"https:\/\/zewo.ch\/de\/#website","url":"https:\/\/zewo.ch\/de\/","name":"Zewo","description":"Ihre Spende in guten H\u00e4nden.","publisher":{"@id":"https:\/\/zewo.ch\/de\/#organization"},"potentialAction":[{"@type":"SearchAction","target":{"@type":"EntryPoint","urlTemplate":"https:\/\/zewo.ch\/de\/?s={search_term_string}"},"query-input":{"@type":"PropertyValueSpecification","valueRequired":true,"valueName":"search_term_string"}}],"inLanguage":"de"},{"@type":"Organization","@id":"https:\/\/zewo.ch\/de\/#organization","name":"Stiftung Zewo","url":"https:\/\/zewo.ch\/de\/","logo":{"@type":"ImageObject","inLanguage":"de","@id":"https:\/\/zewo.ch\/de\/#\/schema\/logo\/image\/","url":"https:\/\/zewo.ch\/wp-content\/uploads\/2019\/08\/Zewo_Logo_Claim_D.svg","contentUrl":"https:\/\/zewo.ch\/wp-content\/uploads\/2019\/08\/Zewo_Logo_Claim_D.svg","width":1,"height":1,"caption":"Stiftung Zewo"},"image":{"@id":"https:\/\/zewo.ch\/de\/#\/schema\/logo\/image\/"},"sameAs":["https:\/\/www.facebook.com\/Stiftung.ZEWO\/","https:\/\/x.com\/stiftung_zewo","https:\/\/www.linkedin.com\/company\/stiftung-zewo","https:\/\/www.youtube.com\/channel\/UCzjsVJro12OXcvvx1LQP8tw","https:\/\/de.wikipedia.org\/wiki\/Zewo"]}]}},"publishpress_future_action":{"enabled":false,"date":"2026-04-28 10:31:23","action":"change-status","newStatus":"draft","terms":[],"taxonomy":"translation_priority","extraData":[]},"publishpress_future_workflow_manual_trigger":{"enabledWorkflows":[]},"_links":{"self":[{"href":"https:\/\/zewo.ch\/de\/wp-json\/wp\/v2\/pages\/5920651","targetHints":{"allow":["GET"]}}],"collection":[{"href":"https:\/\/zewo.ch\/de\/wp-json\/wp\/v2\/pages"}],"about":[{"href":"https:\/\/zewo.ch\/de\/wp-json\/wp\/v2\/types\/page"}],"author":[{"embeddable":true,"href":"https:\/\/zewo.ch\/de\/wp-json\/wp\/v2\/users\/38"}],"replies":[{"embeddable":true,"href":"https:\/\/zewo.ch\/de\/wp-json\/wp\/v2\/comments?post=5920651"}],"version-history":[{"count":10,"href":"https:\/\/zewo.ch\/de\/wp-json\/wp\/v2\/pages\/5920651\/revisions"}],"predecessor-version":[{"id":5928536,"href":"https:\/\/zewo.ch\/de\/wp-json\/wp\/v2\/pages\/5920651\/revisions\/5928536"}],"wp:featuredmedia":[{"embeddable":true,"href":"https:\/\/zewo.ch\/de\/wp-json\/wp\/v2\/media\/5920667"}],"wp:attachment":[{"href":"https:\/\/zewo.ch\/de\/wp-json\/wp\/v2\/media?parent=5920651"}],"wp:term":[{"taxonomy":"folder","embeddable":true,"href":"https:\/\/zewo.ch\/de\/wp-json\/wp\/v2\/folder?post=5920651"}],"curies":[{"name":"wp","href":"https:\/\/api.w.org\/{rel}","templated":true}]}}