{"id":5918749,"date":"2024-05-28T09:51:22","date_gmt":"2024-05-28T07:51:22","guid":{"rendered":"https:\/\/zewo.ch\/?page_id=5918749"},"modified":"2026-04-14T17:21:29","modified_gmt":"2026-04-14T15:21:29","slug":"jahresbericht-jahresrechnung-und-revisionsbericht","status":"publish","type":"page","link":"https:\/\/zewo.ch\/de\/jahresbericht-jahresrechnung-und-revisionsbericht\/","title":{"rendered":"Jahresbericht, Jahresrechnung und Revisionsbericht"},"content":{"rendered":"\n<p>Transparenz ist ein zentraler Wert der Stiftung Zewo. Mit dem <strong>Jahresbericht<\/strong>, der <strong>Jahresrechnung<\/strong> und dem <strong>Revisionsbericht<\/strong> geben wir umfassend Auskunft \u00fcber unsere T\u00e4tigkeit, die Verwendung der Mittel sowie die finanziellen und operativen Entwicklungen des vergangenen Jahres.<\/p>\n\n\n\n<p>Im Jahresbericht erhalten Sie Einblicke in die wichtigsten Schwerpunkte unserer Arbeit, aktuelle Entwicklungen im Bereich der Zewo-Zertifizierung, Informationen f\u00fcr Spenderinnen und Spender und unserer Zusammenarbeit mit gemeinn\u00fctzigen Organisationen. Die Jahresrechnung zeigt transparent auf, wie wir unsere Mittel eingesetzt haben und welche Einnahmen wir erzielen konnten. Der Revisionsbericht best\u00e4tigt die ordnungsgem\u00e4sse F\u00fchrung unserer Gesch\u00e4fte durch eine unabh\u00e4ngige Pr\u00fcfung.<\/p>\n\n\n\n<p>Machen Sie sich ein Bild von unserer Arbeit \u2013 <strong>f\u00fcr eine transparente, wirksame und vertrauensw\u00fcrdige Spendenkultur in der Schweiz<\/strong>.<\/p>\n\n\n\n<h2 class=\"wp-block-heading\" id=\"h-highlights-aus-dem-jahresbericht-2024\">Highlights aus dem Jahresbericht 2024<\/h2>\n\n\n\n<ul class=\"wp-block-list\">\n<li><strong>So streng pr\u00fcft die Zewo &#8211; Zertifizierungen, Kontrollen der Auflagen und Einsch\u00e4tzungen 2024<\/strong><\/li>\n\n\n\n<li><strong>Zewo Impact Tool (ZIT) &#8211; das neue Tool zur Wirkungsmessung f\u00fcr NPOs<\/strong><\/li>\n\n\n\n<li><strong>Zewo-G\u00fctesiegel gewinnt an Bedeutung in der Romandie<\/strong><\/li>\n<\/ul>\n\n\n\n<p>M\u00f6chten Sie mehr erfahren? Hier finden Sie den vollst\u00e4ndigen Jahresbericht als Online-Magazin oder als PDF-Datei zum Herunterladen. <\/p>\n\n\n\n<iframe loading=\"lazy\" width=\"620px\" height=\"566px\" src=\"https:\/\/www.yumpu.com\/de\/embed\/view\/S4h0l5NVpGc1to2R\" frameborder=\"0\" allowfullscreen=\"true\"  allowtransparency=\"true\"><\/iframe>\n\n\n\n<div style=\"height:29px\" aria-hidden=\"true\" class=\"wp-block-spacer\"><\/div>\n\n\n\n<h2 class=\"wp-block-heading\" id=\"h-berichte-herunterladen\">Berichte herunterladen<\/h2>\n\n\n\n<ul class=\"wp-block-list list-icons\">\n<li><a href=\"https:\/\/zewo.ch\/wp-content\/uploads\/2025\/05\/6.-Zewo_Jahresbericht-2024_DE_Layout_ES_30-04-2025.pdf\" target=\"_blank\" rel=\"noreferrer noopener\">Jahresbericht 2024 mit Jahresrechnung 2024<\/a><\/li>\n\n\n\n<li><a href=\"https:\/\/zewo.ch\/wp-content\/uploads\/2025\/05\/Zewo-Bericht-eingeschraenkte-Revision-2024-sig-sig.pdf\" target=\"_blank\" rel=\"noreferrer noopener\">Revisionsbericht eingeschr\u00e4nkte Revision 2024<\/a><\/li>\n\n\n\n<li><a href=\"https:\/\/zewo.ch\/wp-content\/uploads\/2025\/05\/Zewo-Bericht-Abschlusspruefer-2024-sig-sig.pdf\" target=\"_blank\" rel=\"noreferrer noopener\">Pr\u00fcfbericht zur zus\u00e4tzlichen freiwilligen Pr\u00fcfung der Jahresrechnung 2024<\/a><\/li>\n<\/ul>\n\n\n\n<p><\/p>\n\n\n\n<h2 class=\"wp-block-heading\" id=\"h-aufsichtsbehorde-und-revisionsstelle\">Aufsichtsbeh\u00f6rde und Revisionsstelle<\/h2>\n\n\n\n<p>Gew\u00e4hlte Revisionsstelle ist die BDO AG. Sie ist Mitglied der EXPERTSuisse und im Register der Revisionsaufsichtsbeh\u00f6rde eingetragen.<\/p>\n\n\n\n<p>Als Stiftung mit gesamtschweizerischer Bedeutung untersteht die Zewo der Kontrolle der&nbsp;<a href=\"https:\/\/www.esa.admin.ch\/de\" target=\"_blank\" rel=\"noreferrer noopener\">Eidgen\u00f6ssischen Stiftungsaufsicht<\/a>. Die Eidgen\u00f6ssische Stiftungsaufsicht genehmigt die Statuten und die Reglemente der Stiftung Zewo und \u00fcberpr\u00fcft im Rahmen der gesetzlichen Aufsichtspflicht (Art. 84 Abs. 2 ZGB) die j\u00e4hrliche Rechenschaftsablage mit T\u00e4tigkeitsbericht, Bilanz, Erfolgsrechnung, Anhang und Bericht der Revisionsstelle.<\/p>\n\n\n\n<div class=\"wp-block-cgb-block-zewo-block-columns-container container bg-color-light-gray\"><div class=\"grid-x grid-margin-x\" data-columns=\"2\">\n<div class=\"wp-block-columns is-layout-flex wp-container-core-columns-is-layout-9d6595d7 wp-block-columns-is-layout-flex\">\n<div class=\"wp-block-column is-layout-flow wp-block-column-is-layout-flow\" style=\"flex-basis:100%\">\n<div class=\"wp-block-columns is-layout-flex wp-container-core-columns-is-layout-9d6595d7 wp-block-columns-is-layout-flex\">\n<div class=\"wp-block-column is-layout-flow wp-block-column-is-layout-flow\" style=\"flex-basis:100%\">\n<div class=\"wp-block-group is-nowrap is-layout-flex wp-container-core-group-is-layout-ad2f72ca wp-block-group-is-layout-flex\">\n<div class=\"cell small-12 medium-6\"><div class=\"wp-block-cgb-block-zewo-block-image-teaser ab-block-cta bg-color-secondary\"><div class=\"ab-cta-image-wrap bg-color-secondary\"><img decoding=\"async\" class=\"ab-cta-image\" src=\"https:\/\/zewo.ch\/wp-content\/uploads\/2019\/05\/21-zewo-standards-1.png\" alt=\"Die 21 Zewo-Standards f\u00fcr Spenden sammelnde NPO\"\/><\/div><div class=\"ab-cta-content\"><h2 class=\"ab-cta-title\">Die 21 Zewo-Standards<\/h2><\/div><div class=\"ab-cta-button\"><a href=\"\/de\/die-21-zewo-standards\/\" target=\"_self\" rel=\"noopener noreferrer\" class=\"button primary button-teaser\"><span class=\"button-arrow\"><\/span>Mehr erfahren<\/a><\/div><a href=\"\/de\/die-21-zewo-standards\/\" target=\"_self\" rel=\"noopener noreferrer\" class=\"button-teaser--is-full\"><\/a><\/div><\/div>\n<\/div>\n<\/div>\n<\/div>\n<\/div>\n<\/div>\n\n\n\n<div class=\"wp-block-columns is-layout-flex wp-container-core-columns-is-layout-9d6595d7 wp-block-columns-is-layout-flex\">\n<div class=\"wp-block-column is-layout-flow wp-block-column-is-layout-flow\" style=\"flex-basis:100%\"><\/div>\n<\/div>\n<\/div><\/div>\n","protected":false},"excerpt":{"rendered":"<p>Transparenz ist ein zentraler Wert der Stiftung Zewo. Mit dem Jahresbericht, der Jahresrechnung und dem Revisionsbericht geben wir umfassend Auskunft \u00fcber unsere T\u00e4tigkeit, die Verwendung der Mittel sowie die finanziellen und operativen Entwicklungen des vergangenen Jahres. Im Jahresbericht erhalten Sie Einblicke in die wichtigsten Schwerpunkte unserer Arbeit, aktuelle Entwicklungen im Bereich der Zewo-Zertifizierung, Informationen f\u00fcr [&hellip;]<\/p>\n","protected":false},"author":38,"featured_media":0,"parent":0,"menu_order":0,"comment_status":"closed","ping_status":"closed","template":"","meta":{"_acf_changed":false,"footnotes":""},"folder":[6639],"class_list":["post-5918749","page","type-page","status-publish","hentry"],"acf":[],"yoast_head":"<!-- This site is optimized with the Yoast SEO Premium plugin v26.0 (Yoast SEO v26.0) - https:\/\/yoast.com\/wordpress\/plugins\/seo\/ -->\n<title>Zewo<\/title>\n<meta name=\"description\" content=\"Der Jahresbericht und die Jahresrechnung bieten umfassende Einblicke in die T\u00e4tigkeiten und Mittelverwendung der Stiftung Zewo.\" \/>\n<meta name=\"robots\" content=\"index, follow, max-snippet:-1, max-image-preview:large, max-video-preview:-1\" \/>\n<link rel=\"canonical\" href=\"https:\/\/zewo.ch\/de\/jahresbericht-jahresrechnung-und-revisionsbericht\/\" \/>\n<meta property=\"og:locale\" content=\"de_DE\" \/>\n<meta property=\"og:type\" content=\"article\" \/>\n<meta property=\"og:description\" content=\"Der Jahresbericht und die Jahresrechnung bieten umfassende Einblicke in die T\u00e4tigkeiten und Mittelverwendung der Stiftung Zewo.\" \/>\n<meta property=\"og:url\" content=\"https:\/\/zewo.ch\/de\/jahresbericht-jahresrechnung-und-revisionsbericht\/\" \/>\n<meta property=\"og:site_name\" content=\"Zewo\" \/>\n<meta property=\"article:publisher\" content=\"https:\/\/www.facebook.com\/Stiftung.ZEWO\/\" \/>\n<meta property=\"article:modified_time\" content=\"2026-04-14T15:21:29+00:00\" \/>\n<meta name=\"twitter:card\" content=\"summary_large_image\" \/>\n<meta name=\"twitter:site\" content=\"@stiftung_zewo\" \/>\n<meta name=\"twitter:label1\" content=\"Gesch\u00e4tzte Lesezeit\" \/>\n\t<meta name=\"twitter:data1\" content=\"3\u00a0Minuten\" \/>\n<script type=\"application\/ld+json\" class=\"yoast-schema-graph\">{\"@context\":\"https:\/\/schema.org\",\"@graph\":[{\"@type\":\"WebPage\",\"@id\":\"https:\/\/zewo.ch\/de\/jahresbericht-jahresrechnung-und-revisionsbericht\/#webpage\",\"url\":\"https:\/\/zewo.ch\/de\/jahresbericht-jahresrechnung-und-revisionsbericht\/#webpage\",\"name\":\"\",\"isPartOf\":{\"@id\":\"https:\/\/zewo.ch\/de\/#website\"},\"datePublished\":\"2024-05-28T07:51:22+00:00\",\"dateModified\":\"2026-04-14T15:21:29+00:00\",\"description\":\"Der Jahresbericht und die Jahresrechnung bieten umfassende Einblicke in die T\u00e4tigkeiten und Mittelverwendung der Stiftung Zewo.\",\"breadcrumb\":{\"@id\":\"https:\/\/zewo.ch\/de\/jahresbericht-jahresrechnung-und-revisionsbericht\/#breadcrumb\"},\"inLanguage\":\"de\",\"potentialAction\":[{\"@type\":\"ReadAction\",\"target\":[\"https:\/\/zewo.ch\/de\/jahresbericht-jahresrechnung-und-revisionsbericht\/\"]}]},{\"@type\":\"BreadcrumbList\",\"@id\":\"https:\/\/zewo.ch\/de\/jahresbericht-jahresrechnung-und-revisionsbericht\/#breadcrumb\",\"itemListElement\":[{\"@type\":\"ListItem\",\"position\":1,\"name\":\"Home\",\"item\":\"https:\/\/zewo.ch\/de\/\"},{\"@type\":\"ListItem\",\"position\":2,\"name\":\"Jahresbericht, Jahresrechnung und Revisionsbericht\"}]},{\"@type\":\"WebSite\",\"@id\":\"https:\/\/zewo.ch\/de\/#website\",\"url\":\"https:\/\/zewo.ch\/de\/\",\"name\":\"Zewo\",\"description\":\"Ihre Spende in guten H\u00e4nden.\",\"publisher\":{\"@id\":\"https:\/\/zewo.ch\/de\/#organization\"},\"potentialAction\":[{\"@type\":\"SearchAction\",\"target\":{\"@type\":\"EntryPoint\",\"urlTemplate\":\"https:\/\/zewo.ch\/de\/?s={search_term_string}\"},\"query-input\":{\"@type\":\"PropertyValueSpecification\",\"valueRequired\":true,\"valueName\":\"search_term_string\"}}],\"inLanguage\":\"de\"},{\"@type\":\"Organization\",\"@id\":\"https:\/\/zewo.ch\/de\/#organization\",\"name\":\"Stiftung Zewo\",\"url\":\"https:\/\/zewo.ch\/de\/\",\"logo\":{\"@type\":\"ImageObject\",\"inLanguage\":\"de\",\"@id\":\"https:\/\/zewo.ch\/de\/#\/schema\/logo\/image\/\",\"url\":\"https:\/\/zewo.ch\/wp-content\/uploads\/2019\/08\/Zewo_Logo_Claim_D.svg\",\"contentUrl\":\"https:\/\/zewo.ch\/wp-content\/uploads\/2019\/08\/Zewo_Logo_Claim_D.svg\",\"width\":1,\"height\":1,\"caption\":\"Stiftung Zewo\"},\"image\":{\"@id\":\"https:\/\/zewo.ch\/de\/#\/schema\/logo\/image\/\"},\"sameAs\":[\"https:\/\/www.facebook.com\/Stiftung.ZEWO\/\",\"https:\/\/x.com\/stiftung_zewo\",\"https:\/\/www.linkedin.com\/company\/stiftung-zewo\",\"https:\/\/www.youtube.com\/channel\/UCzjsVJro12OXcvvx1LQP8tw\",\"https:\/\/de.wikipedia.org\/wiki\/Zewo\"]}]}<\/script>\n<!-- \/ Yoast SEO Premium plugin. -->","yoast_head_json":{"title":"Zewo","description":"Der Jahresbericht und die Jahresrechnung bieten umfassende Einblicke in die T\u00e4tigkeiten und Mittelverwendung der Stiftung Zewo.","robots":{"index":"index","follow":"follow","max-snippet":"max-snippet:-1","max-image-preview":"max-image-preview:large","max-video-preview":"max-video-preview:-1"},"canonical":"https:\/\/zewo.ch\/de\/jahresbericht-jahresrechnung-und-revisionsbericht\/","og_locale":"de_DE","og_type":"article","og_description":"Der Jahresbericht und die Jahresrechnung bieten umfassende Einblicke in die T\u00e4tigkeiten und Mittelverwendung der Stiftung Zewo.","og_url":"https:\/\/zewo.ch\/de\/jahresbericht-jahresrechnung-und-revisionsbericht\/","og_site_name":"Zewo","article_publisher":"https:\/\/www.facebook.com\/Stiftung.ZEWO\/","article_modified_time":"2026-04-14T15:21:29+00:00","twitter_card":"summary_large_image","twitter_site":"@stiftung_zewo","twitter_misc":{"Gesch\u00e4tzte Lesezeit":"3\u00a0Minuten"},"schema":{"@context":"https:\/\/schema.org","@graph":[{"@type":"WebPage","@id":"https:\/\/zewo.ch\/de\/jahresbericht-jahresrechnung-und-revisionsbericht\/#webpage","url":"https:\/\/zewo.ch\/de\/jahresbericht-jahresrechnung-und-revisionsbericht\/#webpage","name":"","isPartOf":{"@id":"https:\/\/zewo.ch\/de\/#website"},"datePublished":"2024-05-28T07:51:22+00:00","dateModified":"2026-04-14T15:21:29+00:00","description":"Der Jahresbericht und die Jahresrechnung bieten umfassende Einblicke in die T\u00e4tigkeiten und Mittelverwendung der Stiftung Zewo.","breadcrumb":{"@id":"https:\/\/zewo.ch\/de\/jahresbericht-jahresrechnung-und-revisionsbericht\/#breadcrumb"},"inLanguage":"de","potentialAction":[{"@type":"ReadAction","target":["https:\/\/zewo.ch\/de\/jahresbericht-jahresrechnung-und-revisionsbericht\/"]}]},{"@type":"BreadcrumbList","@id":"https:\/\/zewo.ch\/de\/jahresbericht-jahresrechnung-und-revisionsbericht\/#breadcrumb","itemListElement":[{"@type":"ListItem","position":1,"name":"Home","item":"https:\/\/zewo.ch\/de\/"},{"@type":"ListItem","position":2,"name":"Jahresbericht, Jahresrechnung und Revisionsbericht"}]},{"@type":"WebSite","@id":"https:\/\/zewo.ch\/de\/#website","url":"https:\/\/zewo.ch\/de\/","name":"Zewo","description":"Ihre Spende in guten H\u00e4nden.","publisher":{"@id":"https:\/\/zewo.ch\/de\/#organization"},"potentialAction":[{"@type":"SearchAction","target":{"@type":"EntryPoint","urlTemplate":"https:\/\/zewo.ch\/de\/?s={search_term_string}"},"query-input":{"@type":"PropertyValueSpecification","valueRequired":true,"valueName":"search_term_string"}}],"inLanguage":"de"},{"@type":"Organization","@id":"https:\/\/zewo.ch\/de\/#organization","name":"Stiftung Zewo","url":"https:\/\/zewo.ch\/de\/","logo":{"@type":"ImageObject","inLanguage":"de","@id":"https:\/\/zewo.ch\/de\/#\/schema\/logo\/image\/","url":"https:\/\/zewo.ch\/wp-content\/uploads\/2019\/08\/Zewo_Logo_Claim_D.svg","contentUrl":"https:\/\/zewo.ch\/wp-content\/uploads\/2019\/08\/Zewo_Logo_Claim_D.svg","width":1,"height":1,"caption":"Stiftung Zewo"},"image":{"@id":"https:\/\/zewo.ch\/de\/#\/schema\/logo\/image\/"},"sameAs":["https:\/\/www.facebook.com\/Stiftung.ZEWO\/","https:\/\/x.com\/stiftung_zewo","https:\/\/www.linkedin.com\/company\/stiftung-zewo","https:\/\/www.youtube.com\/channel\/UCzjsVJro12OXcvvx1LQP8tw","https:\/\/de.wikipedia.org\/wiki\/Zewo"]}]}},"publishpress_future_action":{"enabled":false,"date":"2026-04-25 10:22:35","action":"change-status","newStatus":"draft","terms":[],"taxonomy":"translation_priority","extraData":[]},"publishpress_future_workflow_manual_trigger":{"enabledWorkflows":[]},"_links":{"self":[{"href":"https:\/\/zewo.ch\/de\/wp-json\/wp\/v2\/pages\/5918749","targetHints":{"allow":["GET"]}}],"collection":[{"href":"https:\/\/zewo.ch\/de\/wp-json\/wp\/v2\/pages"}],"about":[{"href":"https:\/\/zewo.ch\/de\/wp-json\/wp\/v2\/types\/page"}],"author":[{"embeddable":true,"href":"https:\/\/zewo.ch\/de\/wp-json\/wp\/v2\/users\/38"}],"replies":[{"embeddable":true,"href":"https:\/\/zewo.ch\/de\/wp-json\/wp\/v2\/comments?post=5918749"}],"version-history":[{"count":35,"href":"https:\/\/zewo.ch\/de\/wp-json\/wp\/v2\/pages\/5918749\/revisions"}],"predecessor-version":[{"id":5939497,"href":"https:\/\/zewo.ch\/de\/wp-json\/wp\/v2\/pages\/5918749\/revisions\/5939497"}],"wp:attachment":[{"href":"https:\/\/zewo.ch\/de\/wp-json\/wp\/v2\/media?parent=5918749"}],"wp:term":[{"taxonomy":"folder","embeddable":true,"href":"https:\/\/zewo.ch\/de\/wp-json\/wp\/v2\/folder?post=5918749"}],"curies":[{"name":"wp","href":"https:\/\/api.w.org\/{rel}","templated":true}]}}