{"id":5917044,"date":"2024-03-21T13:30:59","date_gmt":"2024-03-21T12:30:59","guid":{"rendered":"https:\/\/zewo.ch\/?page_id=5917044"},"modified":"2026-03-12T11:45:32","modified_gmt":"2026-03-12T10:45:32","slug":"techsoup-global-gleiches-angebot-wie-haus-des-stiftens","status":"publish","type":"page","link":"https:\/\/zewo.ch\/de\/techsoup-global-gleiches-angebot-wie-haus-des-stiftens\/","title":{"rendered":"TechSoup Global"},"content":{"rendered":"\n<figure class=\"wp-block-image size-full is-resized\"><img loading=\"lazy\" decoding=\"async\" width=\"2000\" height=\"701\" src=\"https:\/\/zewo.ch\/wp-content\/uploads\/2024\/03\/TechSoup-logo-opt3.jpg\" alt=\"Logo techsoup\" class=\"wp-image-5917183\" style=\"width:335px;height:auto\" srcset=\"https:\/\/zewo.ch\/wp-content\/uploads\/2024\/03\/TechSoup-logo-opt3.jpg 2000w, https:\/\/zewo.ch\/wp-content\/uploads\/2024\/03\/TechSoup-logo-opt3-300x105.jpg 300w, https:\/\/zewo.ch\/wp-content\/uploads\/2024\/03\/TechSoup-logo-opt3-1024x359.jpg 1024w, https:\/\/zewo.ch\/wp-content\/uploads\/2024\/03\/TechSoup-logo-opt3-768x269.jpg 768w, https:\/\/zewo.ch\/wp-content\/uploads\/2024\/03\/TechSoup-logo-opt3-1536x538.jpg 1536w\" sizes=\"auto, (min-width: 960px) 75vw, 100vw\" \/><\/figure>\n\n\n\n<p>Bis Ende 2023 hat das&nbsp;IT-Portal&nbsp;Stifter-Helfen&nbsp;Produktspenden&nbsp;und&nbsp;Sonderkonditionen&nbsp;rund&nbsp;um IT&nbsp;sowie&nbsp;relevantes&nbsp;Know-how&nbsp;an Vereine, Stiftungen und andere Non-Profit-Organisationen vermittelt.<\/p>\n\n\n\n<p>Gemeinn\u00fctzige Organisationen konnten sich auf dem Online-Portal registrieren und ihren Non-Profit-Status nachweisen. Dies ist mit dem Zewo-G\u00fctesiegel m\u00f6glich.<\/p>\n\n\n\n<p><strong>Hinweis: Im Januar 2024 hat TechSoup Global den Betrieb der IT-Plattform in der Schweiz \u00fcbernommen. Sie werden \u00fcber den untenstehenden Link direkt weitergeleitet. TechSoup funktioniert wie Stifter-helfen. Der Partner hat sich ge\u00e4ndert, aber alle Daten wurden von Stifter-helfen an TechSoup \u00fcbertragen und sind aktiv. <\/strong><\/p>\n\n\n\n<p><strong>Falls Sie schon auf dem Portal von Stifter Helfen registriert sind, ist eine erneute Registrierung auf dem Portal von TechSoup nicht erforderlich.<\/strong><\/p>\n\n\n\n<p>Bei Fragen zum Angebot von TechSoup, wenden Sie sich bitte direkt an den Anbieter.<\/p>\n\n\n\n<h2 class=\"wp-block-heading\" id=\"h-kontakt\">Kontakt<\/h2>\n\n\n\n<p><strong>TechSoup<\/strong><br><a href=\"https:\/\/www.techsoup.ch\/\" target=\"_blank\" rel=\"noreferrer noopener\">TechSoup Schweiz | Das IT-Portal f\u00fcr Non-Profits<\/a><\/p>\n\n\n\n<div class=\"wp-block-cgb-block-zewo-block-button ab-block-button\"><a href=\"https:\/\/zewo.ch\/de\/vorteile-und-rabatte\/\" class=\"button primary\"><span class=\"button-arrow\"><\/span>Zur\u00fcck zur \u00dcbersicht<\/a><\/div>\n","protected":false},"excerpt":{"rendered":"<p>Bis Ende 2023 hat das&nbsp;IT-Portal&nbsp;Stifter-Helfen&nbsp;Produktspenden&nbsp;und&nbsp;Sonderkonditionen&nbsp;rund&nbsp;um IT&nbsp;sowie&nbsp;relevantes&nbsp;Know-how&nbsp;an Vereine, Stiftungen und andere Non-Profit-Organisationen vermittelt. Gemeinn\u00fctzige Organisationen konnten sich auf dem Online-Portal registrieren und ihren Non-Profit-Status nachweisen. Dies ist mit dem Zewo-G\u00fctesiegel m\u00f6glich. Hinweis: Im Januar 2024 hat TechSoup Global den Betrieb der IT-Plattform in der Schweiz \u00fcbernommen. Sie werden \u00fcber den untenstehenden Link direkt weitergeleitet. TechSoup funktioniert [&hellip;]<\/p>\n","protected":false},"author":38,"featured_media":0,"parent":0,"menu_order":0,"comment_status":"closed","ping_status":"closed","template":"","meta":{"_acf_changed":false,"footnotes":""},"folder":[],"class_list":["post-5917044","page","type-page","status-publish","hentry"],"acf":[],"yoast_head":"<!-- This site is optimized with the Yoast SEO Premium plugin v26.0 (Yoast SEO v26.0) - https:\/\/yoast.com\/wordpress\/plugins\/seo\/ -->\n<title>Zewo<\/title>\n<meta name=\"description\" content=\"Profitieren Sie von Sonderkonditionen bei TechSoup. Das IT-Portal bietet Unterst\u00fctzung f\u00fcr gemeinn\u00fctzige Organisationen.\" \/>\n<meta name=\"robots\" content=\"index, follow, max-snippet:-1, max-image-preview:large, max-video-preview:-1\" \/>\n<link rel=\"canonical\" href=\"https:\/\/zewo.ch\/de\/techsoup-global-gleiches-angebot-wie-haus-des-stiftens\/\" \/>\n<meta property=\"og:locale\" content=\"de_DE\" \/>\n<meta property=\"og:type\" content=\"article\" \/>\n<meta property=\"og:description\" content=\"Profitieren Sie von Sonderkonditionen bei TechSoup. Das IT-Portal bietet Unterst\u00fctzung f\u00fcr gemeinn\u00fctzige Organisationen.\" \/>\n<meta property=\"og:url\" content=\"https:\/\/zewo.ch\/de\/techsoup-global-gleiches-angebot-wie-haus-des-stiftens\/\" \/>\n<meta property=\"og:site_name\" content=\"Zewo\" \/>\n<meta property=\"article:publisher\" content=\"https:\/\/www.facebook.com\/Stiftung.ZEWO\/\" \/>\n<meta property=\"article:modified_time\" content=\"2026-03-12T10:45:32+00:00\" \/>\n<meta property=\"og:image\" content=\"https:\/\/zewo.ch\/wp-content\/uploads\/2024\/03\/TechSoup-logo-opt3.jpg\" \/>\n\t<meta property=\"og:image:width\" content=\"2000\" \/>\n\t<meta property=\"og:image:height\" content=\"701\" \/>\n\t<meta property=\"og:image:type\" content=\"image\/jpeg\" \/>\n<meta name=\"twitter:card\" content=\"summary_large_image\" \/>\n<meta name=\"twitter:site\" content=\"@stiftung_zewo\" \/>\n<meta name=\"twitter:label1\" content=\"Gesch\u00e4tzte Lesezeit\" \/>\n\t<meta name=\"twitter:data1\" content=\"1\u00a0Minute\" \/>\n<script type=\"application\/ld+json\" class=\"yoast-schema-graph\">{\"@context\":\"https:\/\/schema.org\",\"@graph\":[{\"@type\":\"WebPage\",\"@id\":\"https:\/\/zewo.ch\/de\/techsoup-global-gleiches-angebot-wie-haus-des-stiftens\/#webpage\",\"url\":\"https:\/\/zewo.ch\/de\/techsoup-global-gleiches-angebot-wie-haus-des-stiftens\/#webpage\",\"name\":\"\",\"isPartOf\":{\"@id\":\"https:\/\/zewo.ch\/de\/#website\"},\"primaryImageOfPage\":{\"@id\":\"https:\/\/zewo.ch\/de\/techsoup-global-gleiches-angebot-wie-haus-des-stiftens\/#primaryimage\"},\"image\":{\"@id\":\"https:\/\/zewo.ch\/de\/techsoup-global-gleiches-angebot-wie-haus-des-stiftens\/#primaryimage\"},\"thumbnailUrl\":\"https:\/\/zewo.ch\/wp-content\/uploads\/2024\/03\/TechSoup-logo-opt3.jpg\",\"datePublished\":\"2024-03-21T12:30:59+00:00\",\"dateModified\":\"2026-03-12T10:45:32+00:00\",\"description\":\"Profitieren Sie von Sonderkonditionen bei TechSoup. Das IT-Portal bietet Unterst\u00fctzung f\u00fcr gemeinn\u00fctzige Organisationen.\",\"breadcrumb\":{\"@id\":\"https:\/\/zewo.ch\/de\/techsoup-global-gleiches-angebot-wie-haus-des-stiftens\/#breadcrumb\"},\"inLanguage\":\"de\",\"potentialAction\":[{\"@type\":\"ReadAction\",\"target\":[\"https:\/\/zewo.ch\/de\/techsoup-global-gleiches-angebot-wie-haus-des-stiftens\/\"]}]},{\"@type\":\"ImageObject\",\"inLanguage\":\"de\",\"@id\":\"https:\/\/zewo.ch\/de\/techsoup-global-gleiches-angebot-wie-haus-des-stiftens\/#primaryimage\",\"url\":\"https:\/\/zewo.ch\/wp-content\/uploads\/2024\/03\/TechSoup-logo-opt3.jpg\",\"contentUrl\":\"https:\/\/zewo.ch\/wp-content\/uploads\/2024\/03\/TechSoup-logo-opt3.jpg\"},{\"@type\":\"BreadcrumbList\",\"@id\":\"https:\/\/zewo.ch\/de\/techsoup-global-gleiches-angebot-wie-haus-des-stiftens\/#breadcrumb\",\"itemListElement\":[{\"@type\":\"ListItem\",\"position\":1,\"name\":\"Home\",\"item\":\"https:\/\/zewo.ch\/de\/\"},{\"@type\":\"ListItem\",\"position\":2,\"name\":\"TechSoup Global\"}]},{\"@type\":\"WebSite\",\"@id\":\"https:\/\/zewo.ch\/de\/#website\",\"url\":\"https:\/\/zewo.ch\/de\/\",\"name\":\"Zewo\",\"description\":\"Ihre Spende in guten H\u00e4nden.\",\"publisher\":{\"@id\":\"https:\/\/zewo.ch\/de\/#organization\"},\"potentialAction\":[{\"@type\":\"SearchAction\",\"target\":{\"@type\":\"EntryPoint\",\"urlTemplate\":\"https:\/\/zewo.ch\/de\/?s={search_term_string}\"},\"query-input\":{\"@type\":\"PropertyValueSpecification\",\"valueRequired\":true,\"valueName\":\"search_term_string\"}}],\"inLanguage\":\"de\"},{\"@type\":\"Organization\",\"@id\":\"https:\/\/zewo.ch\/de\/#organization\",\"name\":\"Stiftung Zewo\",\"url\":\"https:\/\/zewo.ch\/de\/\",\"logo\":{\"@type\":\"ImageObject\",\"inLanguage\":\"de\",\"@id\":\"https:\/\/zewo.ch\/de\/#\/schema\/logo\/image\/\",\"url\":\"https:\/\/zewo.ch\/wp-content\/uploads\/2019\/08\/Zewo_Logo_Claim_D.svg\",\"contentUrl\":\"https:\/\/zewo.ch\/wp-content\/uploads\/2019\/08\/Zewo_Logo_Claim_D.svg\",\"width\":1,\"height\":1,\"caption\":\"Stiftung Zewo\"},\"image\":{\"@id\":\"https:\/\/zewo.ch\/de\/#\/schema\/logo\/image\/\"},\"sameAs\":[\"https:\/\/www.facebook.com\/Stiftung.ZEWO\/\",\"https:\/\/x.com\/stiftung_zewo\",\"https:\/\/www.linkedin.com\/company\/stiftung-zewo\",\"https:\/\/www.youtube.com\/channel\/UCzjsVJro12OXcvvx1LQP8tw\",\"https:\/\/de.wikipedia.org\/wiki\/Zewo\"]}]}<\/script>\n<!-- \/ Yoast SEO Premium plugin. -->","yoast_head_json":{"title":"Zewo","description":"Profitieren Sie von Sonderkonditionen bei TechSoup. Das IT-Portal bietet Unterst\u00fctzung f\u00fcr gemeinn\u00fctzige Organisationen.","robots":{"index":"index","follow":"follow","max-snippet":"max-snippet:-1","max-image-preview":"max-image-preview:large","max-video-preview":"max-video-preview:-1"},"canonical":"https:\/\/zewo.ch\/de\/techsoup-global-gleiches-angebot-wie-haus-des-stiftens\/","og_locale":"de_DE","og_type":"article","og_description":"Profitieren Sie von Sonderkonditionen bei TechSoup. Das IT-Portal bietet Unterst\u00fctzung f\u00fcr gemeinn\u00fctzige Organisationen.","og_url":"https:\/\/zewo.ch\/de\/techsoup-global-gleiches-angebot-wie-haus-des-stiftens\/","og_site_name":"Zewo","article_publisher":"https:\/\/www.facebook.com\/Stiftung.ZEWO\/","article_modified_time":"2026-03-12T10:45:32+00:00","og_image":[{"width":2000,"height":701,"url":"https:\/\/zewo.ch\/wp-content\/uploads\/2024\/03\/TechSoup-logo-opt3.jpg","type":"image\/jpeg"}],"twitter_card":"summary_large_image","twitter_site":"@stiftung_zewo","twitter_misc":{"Gesch\u00e4tzte Lesezeit":"1\u00a0Minute"},"schema":{"@context":"https:\/\/schema.org","@graph":[{"@type":"WebPage","@id":"https:\/\/zewo.ch\/de\/techsoup-global-gleiches-angebot-wie-haus-des-stiftens\/#webpage","url":"https:\/\/zewo.ch\/de\/techsoup-global-gleiches-angebot-wie-haus-des-stiftens\/#webpage","name":"","isPartOf":{"@id":"https:\/\/zewo.ch\/de\/#website"},"primaryImageOfPage":{"@id":"https:\/\/zewo.ch\/de\/techsoup-global-gleiches-angebot-wie-haus-des-stiftens\/#primaryimage"},"image":{"@id":"https:\/\/zewo.ch\/de\/techsoup-global-gleiches-angebot-wie-haus-des-stiftens\/#primaryimage"},"thumbnailUrl":"https:\/\/zewo.ch\/wp-content\/uploads\/2024\/03\/TechSoup-logo-opt3.jpg","datePublished":"2024-03-21T12:30:59+00:00","dateModified":"2026-03-12T10:45:32+00:00","description":"Profitieren Sie von Sonderkonditionen bei TechSoup. Das IT-Portal bietet Unterst\u00fctzung f\u00fcr gemeinn\u00fctzige Organisationen.","breadcrumb":{"@id":"https:\/\/zewo.ch\/de\/techsoup-global-gleiches-angebot-wie-haus-des-stiftens\/#breadcrumb"},"inLanguage":"de","potentialAction":[{"@type":"ReadAction","target":["https:\/\/zewo.ch\/de\/techsoup-global-gleiches-angebot-wie-haus-des-stiftens\/"]}]},{"@type":"ImageObject","inLanguage":"de","@id":"https:\/\/zewo.ch\/de\/techsoup-global-gleiches-angebot-wie-haus-des-stiftens\/#primaryimage","url":"https:\/\/zewo.ch\/wp-content\/uploads\/2024\/03\/TechSoup-logo-opt3.jpg","contentUrl":"https:\/\/zewo.ch\/wp-content\/uploads\/2024\/03\/TechSoup-logo-opt3.jpg"},{"@type":"BreadcrumbList","@id":"https:\/\/zewo.ch\/de\/techsoup-global-gleiches-angebot-wie-haus-des-stiftens\/#breadcrumb","itemListElement":[{"@type":"ListItem","position":1,"name":"Home","item":"https:\/\/zewo.ch\/de\/"},{"@type":"ListItem","position":2,"name":"TechSoup Global"}]},{"@type":"WebSite","@id":"https:\/\/zewo.ch\/de\/#website","url":"https:\/\/zewo.ch\/de\/","name":"Zewo","description":"Ihre Spende in guten H\u00e4nden.","publisher":{"@id":"https:\/\/zewo.ch\/de\/#organization"},"potentialAction":[{"@type":"SearchAction","target":{"@type":"EntryPoint","urlTemplate":"https:\/\/zewo.ch\/de\/?s={search_term_string}"},"query-input":{"@type":"PropertyValueSpecification","valueRequired":true,"valueName":"search_term_string"}}],"inLanguage":"de"},{"@type":"Organization","@id":"https:\/\/zewo.ch\/de\/#organization","name":"Stiftung Zewo","url":"https:\/\/zewo.ch\/de\/","logo":{"@type":"ImageObject","inLanguage":"de","@id":"https:\/\/zewo.ch\/de\/#\/schema\/logo\/image\/","url":"https:\/\/zewo.ch\/wp-content\/uploads\/2019\/08\/Zewo_Logo_Claim_D.svg","contentUrl":"https:\/\/zewo.ch\/wp-content\/uploads\/2019\/08\/Zewo_Logo_Claim_D.svg","width":1,"height":1,"caption":"Stiftung Zewo"},"image":{"@id":"https:\/\/zewo.ch\/de\/#\/schema\/logo\/image\/"},"sameAs":["https:\/\/www.facebook.com\/Stiftung.ZEWO\/","https:\/\/x.com\/stiftung_zewo","https:\/\/www.linkedin.com\/company\/stiftung-zewo","https:\/\/www.youtube.com\/channel\/UCzjsVJro12OXcvvx1LQP8tw","https:\/\/de.wikipedia.org\/wiki\/Zewo"]}]}},"publishpress_future_action":{"enabled":false,"date":"2026-04-24 08:10:10","action":"change-status","newStatus":"draft","terms":[],"taxonomy":"translation_priority","extraData":[]},"publishpress_future_workflow_manual_trigger":{"enabledWorkflows":[]},"_links":{"self":[{"href":"https:\/\/zewo.ch\/de\/wp-json\/wp\/v2\/pages\/5917044","targetHints":{"allow":["GET"]}}],"collection":[{"href":"https:\/\/zewo.ch\/de\/wp-json\/wp\/v2\/pages"}],"about":[{"href":"https:\/\/zewo.ch\/de\/wp-json\/wp\/v2\/types\/page"}],"author":[{"embeddable":true,"href":"https:\/\/zewo.ch\/de\/wp-json\/wp\/v2\/users\/38"}],"replies":[{"embeddable":true,"href":"https:\/\/zewo.ch\/de\/wp-json\/wp\/v2\/comments?post=5917044"}],"version-history":[{"count":17,"href":"https:\/\/zewo.ch\/de\/wp-json\/wp\/v2\/pages\/5917044\/revisions"}],"predecessor-version":[{"id":5926784,"href":"https:\/\/zewo.ch\/de\/wp-json\/wp\/v2\/pages\/5917044\/revisions\/5926784"}],"wp:attachment":[{"href":"https:\/\/zewo.ch\/de\/wp-json\/wp\/v2\/media?parent=5917044"}],"wp:term":[{"taxonomy":"folder","embeddable":true,"href":"https:\/\/zewo.ch\/de\/wp-json\/wp\/v2\/folder?post=5917044"}],"curies":[{"name":"wp","href":"https:\/\/api.w.org\/{rel}","templated":true}]}}