{"id":5844217,"date":"2024-02-05T15:45:44","date_gmt":"2024-02-05T14:45:44","guid":{"rendered":"https:\/\/zewo.ch\/?page_id=5844217"},"modified":"2026-03-12T10:07:28","modified_gmt":"2026-03-12T09:07:28","slug":"lausanne-cite","status":"publish","type":"page","link":"https:\/\/zewo.ch\/de\/lausanne-cite\/","title":{"rendered":"Lausanne Cit\u00e9"},"content":{"rendered":"\n<h2 class=\"wp-block-heading\" id=\"h-rabatt-fur-organisationen-mit-zewo-gutesiegel\">Rabatt f\u00fcr Organisationen mit Zewo-G\u00fctesiegel<\/h2>\n\n\n\n<figure class=\"wp-block-image size-full is-resized\"><a href=\"http:\/\/www.lausannecites.ch\" target=\"_blank\" rel=\"noreferrer noopener\"><img loading=\"lazy\" decoding=\"async\" width=\"1000\" height=\"700\" src=\"https:\/\/zewo.ch\/wp-content\/uploads\/2024\/02\/lausannecites_logo.jpg\" alt=\"Logo Lausanne Cit\u00e9\" class=\"wp-image-5844348\" style=\"width:424px;height:auto\" srcset=\"https:\/\/zewo.ch\/wp-content\/uploads\/2024\/02\/lausannecites_logo.jpg 1000w, https:\/\/zewo.ch\/wp-content\/uploads\/2024\/02\/lausannecites_logo-300x210.jpg 300w, https:\/\/zewo.ch\/wp-content\/uploads\/2024\/02\/lausannecites_logo-768x538.jpg 768w\" sizes=\"auto, (min-width: 960px) 75vw, 100vw\" \/><\/a><\/figure>\n\n\n\n<p>Lausanne Cit\u00e9s, die f\u00fchrende unabh\u00e4ngige Zeitung f\u00fcr Lausanne und Region, bietet gemeinn\u00fctzigen Organisationen mit Zewo-G\u00fctesiegel einen <strong>Rabatt von 50%<\/strong> auf den Bruttotarif f\u00fcr Printanzeigen.<\/p>\n\n\n\n<h2 class=\"wp-block-heading\" id=\"h-kontakt\">Kontakt<\/h2>\n\n\n\n<p><strong>Lausanne Cit\u00e9s<\/strong><br>17 avenue d&#8217;Echallens<br>1004 Lausanne<br>021&nbsp;555 05 01<br><a href=\"mailto:vente@lausannecites.ch\">vente@lausannecites.ch<\/a><br><a href=\"http:\/\/www.lausannecites.ch\">www.lausannecites.ch<\/a><\/p>\n\n\n\n<div class=\"wp-block-cgb-block-zewo-block-button ab-block-button\"><a href=\"\/de\/vorteile-und-rabatte\/\" class=\"button primary\"><span class=\"button-arrow\"><\/span>Zur\u00fcck zur \u00dcbersicht<\/a><\/div>\n","protected":false},"excerpt":{"rendered":"<p>Rabatt f\u00fcr Organisationen mit Zewo-G\u00fctesiegel Lausanne Cit\u00e9s, die f\u00fchrende unabh\u00e4ngige Zeitung f\u00fcr Lausanne und Region, bietet gemeinn\u00fctzigen Organisationen mit Zewo-G\u00fctesiegel einen Rabatt von 50% auf den Bruttotarif f\u00fcr Printanzeigen. Kontakt Lausanne Cit\u00e9s17 avenue d&#8217;Echallens1004 Lausanne021&nbsp;555 05 01vente@lausannecites.chwww.lausannecites.ch<\/p>\n","protected":false},"author":38,"featured_media":0,"parent":0,"menu_order":0,"comment_status":"closed","ping_status":"closed","template":"","meta":{"_acf_changed":false,"footnotes":""},"folder":[],"class_list":["post-5844217","page","type-page","status-publish","hentry"],"acf":[],"yoast_head":"<!-- This site is optimized with the Yoast SEO Premium plugin v26.0 (Yoast SEO v26.0) - https:\/\/yoast.com\/wordpress\/plugins\/seo\/ -->\n<title>Zewo<\/title>\n<meta name=\"description\" content=\"Lausanne Cit\u00e9s bietet Zewo-zertifizierten Hilfswerken verg\u00fcnstigte Konditionen f\u00fcr Printanzeigen. Nutzen Sie dieses Angebot f\u00fcr Ihre Kommunikation.\" \/>\n<meta name=\"robots\" content=\"index, follow, max-snippet:-1, max-image-preview:large, max-video-preview:-1\" \/>\n<link rel=\"canonical\" href=\"https:\/\/zewo.ch\/de\/lausanne-cite\/\" \/>\n<meta property=\"og:locale\" content=\"de_DE\" \/>\n<meta property=\"og:type\" content=\"article\" \/>\n<meta property=\"og:description\" content=\"Lausanne Cit\u00e9s bietet Zewo-zertifizierten Hilfswerken verg\u00fcnstigte Konditionen f\u00fcr Printanzeigen. Nutzen Sie dieses Angebot f\u00fcr Ihre Kommunikation.\" \/>\n<meta property=\"og:url\" content=\"https:\/\/zewo.ch\/de\/lausanne-cite\/\" \/>\n<meta property=\"og:site_name\" content=\"Zewo\" \/>\n<meta property=\"article:publisher\" content=\"https:\/\/www.facebook.com\/Stiftung.ZEWO\/\" \/>\n<meta property=\"article:modified_time\" content=\"2026-03-12T09:07:28+00:00\" \/>\n<meta property=\"og:image\" content=\"https:\/\/zewo.ch\/wp-content\/uploads\/2024\/02\/lausannecites_logo.jpg\" \/>\n\t<meta property=\"og:image:width\" content=\"1000\" \/>\n\t<meta property=\"og:image:height\" content=\"700\" \/>\n\t<meta property=\"og:image:type\" content=\"image\/jpeg\" \/>\n<meta name=\"twitter:card\" content=\"summary_large_image\" \/>\n<meta name=\"twitter:site\" content=\"@stiftung_zewo\" \/>\n<meta name=\"twitter:label1\" content=\"Gesch\u00e4tzte Lesezeit\" \/>\n\t<meta name=\"twitter:data1\" content=\"1\u00a0Minute\" \/>\n<script type=\"application\/ld+json\" class=\"yoast-schema-graph\">{\"@context\":\"https:\/\/schema.org\",\"@graph\":[{\"@type\":\"WebPage\",\"@id\":\"https:\/\/zewo.ch\/de\/lausanne-cite\/#webpage\",\"url\":\"https:\/\/zewo.ch\/de\/lausanne-cite\/#webpage\",\"name\":\"\",\"isPartOf\":{\"@id\":\"https:\/\/zewo.ch\/de\/#website\"},\"primaryImageOfPage\":{\"@id\":\"https:\/\/zewo.ch\/de\/lausanne-cite\/#primaryimage\"},\"image\":{\"@id\":\"https:\/\/zewo.ch\/de\/lausanne-cite\/#primaryimage\"},\"thumbnailUrl\":\"https:\/\/zewo.ch\/wp-content\/uploads\/2024\/02\/lausannecites_logo.jpg\",\"datePublished\":\"2024-02-05T14:45:44+00:00\",\"dateModified\":\"2026-03-12T09:07:28+00:00\",\"description\":\"Lausanne Cit\u00e9s bietet Zewo-zertifizierten Hilfswerken verg\u00fcnstigte Konditionen f\u00fcr Printanzeigen. Nutzen Sie dieses Angebot f\u00fcr Ihre Kommunikation.\",\"breadcrumb\":{\"@id\":\"https:\/\/zewo.ch\/de\/lausanne-cite\/#breadcrumb\"},\"inLanguage\":\"de\",\"potentialAction\":[{\"@type\":\"ReadAction\",\"target\":[\"https:\/\/zewo.ch\/de\/lausanne-cite\/\"]}]},{\"@type\":\"ImageObject\",\"inLanguage\":\"de\",\"@id\":\"https:\/\/zewo.ch\/de\/lausanne-cite\/#primaryimage\",\"url\":\"https:\/\/zewo.ch\/wp-content\/uploads\/2024\/02\/lausannecites_logo.jpg\",\"contentUrl\":\"https:\/\/zewo.ch\/wp-content\/uploads\/2024\/02\/lausannecites_logo.jpg\"},{\"@type\":\"BreadcrumbList\",\"@id\":\"https:\/\/zewo.ch\/de\/lausanne-cite\/#breadcrumb\",\"itemListElement\":[{\"@type\":\"ListItem\",\"position\":1,\"name\":\"Home\",\"item\":\"https:\/\/zewo.ch\/de\/\"},{\"@type\":\"ListItem\",\"position\":2,\"name\":\"Lausanne Cit\u00e9\"}]},{\"@type\":\"WebSite\",\"@id\":\"https:\/\/zewo.ch\/de\/#website\",\"url\":\"https:\/\/zewo.ch\/de\/\",\"name\":\"Zewo\",\"description\":\"Ihre Spende in guten H\u00e4nden.\",\"publisher\":{\"@id\":\"https:\/\/zewo.ch\/de\/#organization\"},\"potentialAction\":[{\"@type\":\"SearchAction\",\"target\":{\"@type\":\"EntryPoint\",\"urlTemplate\":\"https:\/\/zewo.ch\/de\/?s={search_term_string}\"},\"query-input\":{\"@type\":\"PropertyValueSpecification\",\"valueRequired\":true,\"valueName\":\"search_term_string\"}}],\"inLanguage\":\"de\"},{\"@type\":\"Organization\",\"@id\":\"https:\/\/zewo.ch\/de\/#organization\",\"name\":\"Stiftung Zewo\",\"url\":\"https:\/\/zewo.ch\/de\/\",\"logo\":{\"@type\":\"ImageObject\",\"inLanguage\":\"de\",\"@id\":\"https:\/\/zewo.ch\/de\/#\/schema\/logo\/image\/\",\"url\":\"https:\/\/zewo.ch\/wp-content\/uploads\/2019\/08\/Zewo_Logo_Claim_D.svg\",\"contentUrl\":\"https:\/\/zewo.ch\/wp-content\/uploads\/2019\/08\/Zewo_Logo_Claim_D.svg\",\"width\":1,\"height\":1,\"caption\":\"Stiftung Zewo\"},\"image\":{\"@id\":\"https:\/\/zewo.ch\/de\/#\/schema\/logo\/image\/\"},\"sameAs\":[\"https:\/\/www.facebook.com\/Stiftung.ZEWO\/\",\"https:\/\/x.com\/stiftung_zewo\",\"https:\/\/www.linkedin.com\/company\/stiftung-zewo\",\"https:\/\/www.youtube.com\/channel\/UCzjsVJro12OXcvvx1LQP8tw\",\"https:\/\/de.wikipedia.org\/wiki\/Zewo\"]}]}<\/script>\n<!-- \/ Yoast SEO Premium plugin. -->","yoast_head_json":{"title":"Zewo","description":"Lausanne Cit\u00e9s bietet Zewo-zertifizierten Hilfswerken verg\u00fcnstigte Konditionen f\u00fcr Printanzeigen. Nutzen Sie dieses Angebot f\u00fcr Ihre Kommunikation.","robots":{"index":"index","follow":"follow","max-snippet":"max-snippet:-1","max-image-preview":"max-image-preview:large","max-video-preview":"max-video-preview:-1"},"canonical":"https:\/\/zewo.ch\/de\/lausanne-cite\/","og_locale":"de_DE","og_type":"article","og_description":"Lausanne Cit\u00e9s bietet Zewo-zertifizierten Hilfswerken verg\u00fcnstigte Konditionen f\u00fcr Printanzeigen. Nutzen Sie dieses Angebot f\u00fcr Ihre Kommunikation.","og_url":"https:\/\/zewo.ch\/de\/lausanne-cite\/","og_site_name":"Zewo","article_publisher":"https:\/\/www.facebook.com\/Stiftung.ZEWO\/","article_modified_time":"2026-03-12T09:07:28+00:00","og_image":[{"width":1000,"height":700,"url":"https:\/\/zewo.ch\/wp-content\/uploads\/2024\/02\/lausannecites_logo.jpg","type":"image\/jpeg"}],"twitter_card":"summary_large_image","twitter_site":"@stiftung_zewo","twitter_misc":{"Gesch\u00e4tzte Lesezeit":"1\u00a0Minute"},"schema":{"@context":"https:\/\/schema.org","@graph":[{"@type":"WebPage","@id":"https:\/\/zewo.ch\/de\/lausanne-cite\/#webpage","url":"https:\/\/zewo.ch\/de\/lausanne-cite\/#webpage","name":"","isPartOf":{"@id":"https:\/\/zewo.ch\/de\/#website"},"primaryImageOfPage":{"@id":"https:\/\/zewo.ch\/de\/lausanne-cite\/#primaryimage"},"image":{"@id":"https:\/\/zewo.ch\/de\/lausanne-cite\/#primaryimage"},"thumbnailUrl":"https:\/\/zewo.ch\/wp-content\/uploads\/2024\/02\/lausannecites_logo.jpg","datePublished":"2024-02-05T14:45:44+00:00","dateModified":"2026-03-12T09:07:28+00:00","description":"Lausanne Cit\u00e9s bietet Zewo-zertifizierten Hilfswerken verg\u00fcnstigte Konditionen f\u00fcr Printanzeigen. Nutzen Sie dieses Angebot f\u00fcr Ihre Kommunikation.","breadcrumb":{"@id":"https:\/\/zewo.ch\/de\/lausanne-cite\/#breadcrumb"},"inLanguage":"de","potentialAction":[{"@type":"ReadAction","target":["https:\/\/zewo.ch\/de\/lausanne-cite\/"]}]},{"@type":"ImageObject","inLanguage":"de","@id":"https:\/\/zewo.ch\/de\/lausanne-cite\/#primaryimage","url":"https:\/\/zewo.ch\/wp-content\/uploads\/2024\/02\/lausannecites_logo.jpg","contentUrl":"https:\/\/zewo.ch\/wp-content\/uploads\/2024\/02\/lausannecites_logo.jpg"},{"@type":"BreadcrumbList","@id":"https:\/\/zewo.ch\/de\/lausanne-cite\/#breadcrumb","itemListElement":[{"@type":"ListItem","position":1,"name":"Home","item":"https:\/\/zewo.ch\/de\/"},{"@type":"ListItem","position":2,"name":"Lausanne Cit\u00e9"}]},{"@type":"WebSite","@id":"https:\/\/zewo.ch\/de\/#website","url":"https:\/\/zewo.ch\/de\/","name":"Zewo","description":"Ihre Spende in guten H\u00e4nden.","publisher":{"@id":"https:\/\/zewo.ch\/de\/#organization"},"potentialAction":[{"@type":"SearchAction","target":{"@type":"EntryPoint","urlTemplate":"https:\/\/zewo.ch\/de\/?s={search_term_string}"},"query-input":{"@type":"PropertyValueSpecification","valueRequired":true,"valueName":"search_term_string"}}],"inLanguage":"de"},{"@type":"Organization","@id":"https:\/\/zewo.ch\/de\/#organization","name":"Stiftung Zewo","url":"https:\/\/zewo.ch\/de\/","logo":{"@type":"ImageObject","inLanguage":"de","@id":"https:\/\/zewo.ch\/de\/#\/schema\/logo\/image\/","url":"https:\/\/zewo.ch\/wp-content\/uploads\/2019\/08\/Zewo_Logo_Claim_D.svg","contentUrl":"https:\/\/zewo.ch\/wp-content\/uploads\/2019\/08\/Zewo_Logo_Claim_D.svg","width":1,"height":1,"caption":"Stiftung Zewo"},"image":{"@id":"https:\/\/zewo.ch\/de\/#\/schema\/logo\/image\/"},"sameAs":["https:\/\/www.facebook.com\/Stiftung.ZEWO\/","https:\/\/x.com\/stiftung_zewo","https:\/\/www.linkedin.com\/company\/stiftung-zewo","https:\/\/www.youtube.com\/channel\/UCzjsVJro12OXcvvx1LQP8tw","https:\/\/de.wikipedia.org\/wiki\/Zewo"]}]}},"publishpress_future_action":{"enabled":false,"date":"2026-04-23 15:47:10","action":"change-status","newStatus":"draft","terms":[],"taxonomy":"translation_priority","extraData":[]},"publishpress_future_workflow_manual_trigger":{"enabledWorkflows":[]},"_links":{"self":[{"href":"https:\/\/zewo.ch\/de\/wp-json\/wp\/v2\/pages\/5844217","targetHints":{"allow":["GET"]}}],"collection":[{"href":"https:\/\/zewo.ch\/de\/wp-json\/wp\/v2\/pages"}],"about":[{"href":"https:\/\/zewo.ch\/de\/wp-json\/wp\/v2\/types\/page"}],"author":[{"embeddable":true,"href":"https:\/\/zewo.ch\/de\/wp-json\/wp\/v2\/users\/38"}],"replies":[{"embeddable":true,"href":"https:\/\/zewo.ch\/de\/wp-json\/wp\/v2\/comments?post=5844217"}],"version-history":[{"count":8,"href":"https:\/\/zewo.ch\/de\/wp-json\/wp\/v2\/pages\/5844217\/revisions"}],"predecessor-version":[{"id":5844379,"href":"https:\/\/zewo.ch\/de\/wp-json\/wp\/v2\/pages\/5844217\/revisions\/5844379"}],"wp:attachment":[{"href":"https:\/\/zewo.ch\/de\/wp-json\/wp\/v2\/media?parent=5844217"}],"wp:term":[{"taxonomy":"folder","embeddable":true,"href":"https:\/\/zewo.ch\/de\/wp-json\/wp\/v2\/folder?post=5844217"}],"curies":[{"name":"wp","href":"https:\/\/api.w.org\/{rel}","templated":true}]}}