{"id":5800915,"date":"2023-10-21T07:58:37","date_gmt":"2023-10-21T05:58:37","guid":{"rendered":"https:\/\/zewo.ch\/?page_id=5800915"},"modified":"2024-08-14T16:00:09","modified_gmt":"2024-08-14T14:00:09","slug":"humanitaere-hilfe-gaza-palaestina-israel","status":"publish","type":"page","link":"https:\/\/zewo.ch\/de\/humanitaere-hilfe-gaza-palaestina-israel\/","title":{"rendered":"Humanit\u00e4re Hilfe Gaza\/Pal\u00e4stina\/Israel"},"content":{"rendered":"\n<p>Am 7. Oktober 2023 haben die Hamas in Israel brutale Massaker ver\u00fcbt. Seither haben Tausende von Menschen im Krieg ihr Leben verloren. T\u00e4glich gibt es mehr Verwundete und Menschen auf der Flucht. Die humanit\u00e4re Lage spitzt sich insbesondere im Gazastreifen zu. Damit Hilfswerke die dringend ben\u00f6tigte Hilfe erbringen k\u00f6nnen, brauchen sie einen sicheren Zugang in das Krisengebiet. Politik und Diplomatie sind entsprechend gefordert.<\/p>\n\n\n\n<h3 class=\"wp-block-heading\" id=\"h-welche-zertifizierten-hilfswerke-leisten-aktuell-nothilfe\">Welche zertifizierten Hilfswerke leisten aktuell Nothilfe?<\/h3>\n\n\n\n<p>Doch die Lage vor Ort ist \u00e4usserst schwierig und un\u00fcbersichtlich. Hilfswerke, die bereits vor Ort sind, kl\u00e4ren ab, was wo m\u00f6glich ist. Denn die Situation \u00e4ndert sich laufend. Die Hilfe muss koordiniert werden, untereinander und mit den humanit\u00e4ren Uno-Organisationen. Mit unserer <a href=\"https:\/\/zewo.ch\/de\/npo-suche\/\">Online-Suche<\/a> finden Sie zertifizierte Hilfswerke, die in Pal\u00e4stina\/Israel t\u00e4tig sind. Studieren Sie die aktuellen Informationen auf deren Webseite genau. Dort erfahren Sie, wo sie gerade wie helfen.<\/p>\n\n\n\n<h3 class=\"wp-block-heading\" id=\"h-unterschied-zwischen-zweckgebundenen-und-freien-spenden-beachten\">Unterschied zwischen zweckgebundenen und freien Spenden beachten<\/h3>\n\n\n\n<p>Achten Sie vor dem Spenden darauf, ob Ihre Spende an einen bestimmten Zweck gebunden ist oder gebunden werden kann, zum Beispiel f\u00fcr Gaza. Denn einige Organisation sammeln Spenden, die in einen allgemeinen Nothilfefonds fliessen. Sie setzt diese Gelder dort ein, wo sie am dringendsten ben\u00f6tigt werden. Je nach dem, was Ihnen wichtig ist, machen Sie bewusst eine freie oder eine zweckbestimmte Spende. Am besten \u00fcberweisen Sie den Betrag direkt von Ihrem Bank- oder Postkonto an ein zertifiziertes Hilfswerk, z.B. mit e-Banking. So fallen keine unn\u00f6tigen Geb\u00fchren an. <\/p>\n\n\n\n<p><strong>Bei diesen zertifizierten Hilfswerken ist Ihre Spende zweckbestimmt und in guten H\u00e4nden:<\/strong><\/p>\n\n\n\n<ul class=\"wp-block-cgb-block-zewo-block-links container container-columns-1\">\n<li class=\"wp-block-cgb-block-zewo-block-link ab-block-link\"><a href=\"https:\/\/www.caritas.ch\/de\/hilfe-fuer-die-zivilbevoelkerung-im-gazastreifen\/\" target=\"_blank\" rel=\"noopener noreferrer\" class=\"button\"><span>Caritas Schweiz<\/span><span class=\"button-arrow--long\"><\/span><\/a><\/li>\n\n\n\n<li class=\"wp-block-cgb-block-zewo-block-link ab-block-link\"><a href=\"https:\/\/www.frieda.org\/de\/spenden\/nothilfe-israel-palaestina\" target=\"_blank\" rel=\"noopener noreferrer\" class=\"button\"><span>Frieda &#8211; die feministische Friedensorganisation (ehemals cfd)<\/span><span class=\"button-arrow--long\"><\/span><\/a><\/li>\n\n\n\n<li class=\"wp-block-cgb-block-zewo-block-link ab-block-link\"><a href=\"https:\/\/www.heks.ch\/medien\/krieg-israelpalaestina-heks-nothilfe-fuer-zivilbevoelkerung-im-gazastreifen#heks-donate-form\" target=\"_blank\" rel=\"noopener noreferrer\" class=\"button\"><span>HEKS<\/span><span class=\"button-arrow--long\"><\/span><\/a><\/li>\n\n\n\n<li class=\"wp-block-cgb-block-zewo-block-link ab-block-link\"><a href=\"https:\/\/medecinsdumonde.ch\/de\/spenden-humanitaere-notlage-in-gaza\/?utm_source=websiteDE&amp;utm_medium=pagepalestineDE&amp;utm_campaign=zewopalestineDE&amp;utm_id=zewoDE&amp;utm_content=fl%C3%A8cheDE\" target=\"_blank\" rel=\"noopener noreferrer\" class=\"button\"><span>M\u00e9decins du Monde<\/span><span class=\"button-arrow--long\"><\/span><\/a><\/li>\n\n\n\n<li class=\"wp-block-cgb-block-zewo-block-link ab-block-link\"><a href=\"https:\/\/www.medicointernational.ch\/regionen-projekte\/palaestina-israel\/projekte-palaestina-israel.html\" target=\"_blank\" rel=\"noopener noreferrer\" class=\"button\"><span>medico international schweiz<\/span><span class=\"button-arrow--long\"><\/span><\/a><\/li>\n<\/ul>\n\n\n\n<p><\/p>\n","protected":false},"excerpt":{"rendered":"<p>Am 7. Oktober 2023 haben die Hamas in Israel brutale Massaker ver\u00fcbt. Seither haben Tausende von Menschen im Krieg ihr Leben verloren. T\u00e4glich gibt es mehr Verwundete und Menschen auf der Flucht. Die humanit\u00e4re Lage spitzt sich insbesondere im Gazastreifen zu. Damit Hilfswerke die dringend ben\u00f6tigte Hilfe erbringen k\u00f6nnen, brauchen sie einen sicheren Zugang in [&hellip;]<\/p>\n","protected":false},"author":38,"featured_media":5801644,"parent":0,"menu_order":0,"comment_status":"closed","ping_status":"closed","template":"","meta":{"_acf_changed":false,"footnotes":""},"folder":[],"class_list":["post-5800915","page","type-page","status-publish","has-post-thumbnail","hentry"],"acf":[],"yoast_head":"<!-- This site is optimized with the Yoast SEO Premium plugin v26.0 (Yoast SEO v26.0) - https:\/\/yoast.com\/wordpress\/plugins\/seo\/ -->\n<title>Zewo<\/title>\n<meta name=\"description\" content=\"Erfahren Sie, welche zertifizierten Hilfswerken aktuell in der Region Gaza\/Pal\u00e4stina\/Israel Nothilfe leisten.\" \/>\n<meta name=\"robots\" content=\"index, follow, max-snippet:-1, max-image-preview:large, max-video-preview:-1\" \/>\n<link rel=\"canonical\" href=\"https:\/\/zewo.ch\/de\/humanitaere-hilfe-gaza-palaestina-israel\/\" \/>\n<meta property=\"og:locale\" content=\"de_DE\" \/>\n<meta property=\"og:type\" content=\"article\" \/>\n<meta property=\"og:description\" content=\"Erfahren Sie, welche zertifizierten Hilfswerken aktuell in der Region Gaza\/Pal\u00e4stina\/Israel Nothilfe leisten.\" \/>\n<meta property=\"og:url\" content=\"https:\/\/zewo.ch\/de\/humanitaere-hilfe-gaza-palaestina-israel\/\" \/>\n<meta property=\"og:site_name\" content=\"Zewo\" \/>\n<meta property=\"article:publisher\" content=\"https:\/\/www.facebook.com\/Stiftung.ZEWO\/\" \/>\n<meta property=\"article:modified_time\" content=\"2024-08-14T14:00:09+00:00\" \/>\n<meta property=\"og:image\" content=\"https:\/\/zewo.ch\/wp-content\/uploads\/2023\/11\/header_gaza.jpg\" \/>\n\t<meta property=\"og:image:width\" content=\"2200\" \/>\n\t<meta property=\"og:image:height\" content=\"440\" \/>\n\t<meta property=\"og:image:type\" content=\"image\/jpeg\" \/>\n<meta name=\"twitter:card\" content=\"summary_large_image\" \/>\n<meta name=\"twitter:site\" content=\"@stiftung_zewo\" \/>\n<meta name=\"twitter:label1\" content=\"Gesch\u00e4tzte Lesezeit\" \/>\n\t<meta name=\"twitter:data1\" content=\"2\u00a0Minuten\" \/>\n<script type=\"application\/ld+json\" class=\"yoast-schema-graph\">{\"@context\":\"https:\/\/schema.org\",\"@graph\":[{\"@type\":\"WebPage\",\"@id\":\"https:\/\/zewo.ch\/de\/humanitaere-hilfe-gaza-palaestina-israel\/#webpage\",\"url\":\"https:\/\/zewo.ch\/de\/humanitaere-hilfe-gaza-palaestina-israel\/#webpage\",\"name\":\"\",\"isPartOf\":{\"@id\":\"https:\/\/zewo.ch\/de\/#website\"},\"primaryImageOfPage\":{\"@id\":\"https:\/\/zewo.ch\/de\/humanitaere-hilfe-gaza-palaestina-israel\/#primaryimage\"},\"image\":{\"@id\":\"https:\/\/zewo.ch\/de\/humanitaere-hilfe-gaza-palaestina-israel\/#primaryimage\"},\"thumbnailUrl\":\"https:\/\/zewo.ch\/wp-content\/uploads\/2023\/11\/header_gaza.jpg\",\"datePublished\":\"2023-10-21T05:58:37+00:00\",\"dateModified\":\"2024-08-14T14:00:09+00:00\",\"description\":\"Erfahren Sie, welche zertifizierten Hilfswerken aktuell in der Region Gaza\/Pal\u00e4stina\/Israel Nothilfe leisten.\",\"breadcrumb\":{\"@id\":\"https:\/\/zewo.ch\/de\/humanitaere-hilfe-gaza-palaestina-israel\/#breadcrumb\"},\"inLanguage\":\"de\",\"potentialAction\":[{\"@type\":\"ReadAction\",\"target\":[\"https:\/\/zewo.ch\/de\/humanitaere-hilfe-gaza-palaestina-israel\/\"]}]},{\"@type\":\"ImageObject\",\"inLanguage\":\"de\",\"@id\":\"https:\/\/zewo.ch\/de\/humanitaere-hilfe-gaza-palaestina-israel\/#primaryimage\",\"url\":\"https:\/\/zewo.ch\/wp-content\/uploads\/2023\/11\/header_gaza.jpg\",\"contentUrl\":\"https:\/\/zewo.ch\/wp-content\/uploads\/2023\/11\/header_gaza.jpg\",\"width\":2200,\"height\":440,\"caption\":\"header_gaza\"},{\"@type\":\"BreadcrumbList\",\"@id\":\"https:\/\/zewo.ch\/de\/humanitaere-hilfe-gaza-palaestina-israel\/#breadcrumb\",\"itemListElement\":[{\"@type\":\"ListItem\",\"position\":1,\"name\":\"Home\",\"item\":\"https:\/\/zewo.ch\/de\/\"},{\"@type\":\"ListItem\",\"position\":2,\"name\":\"Humanit\u00e4re Hilfe Gaza\/Pal\u00e4stina\/Israel\"}]},{\"@type\":\"WebSite\",\"@id\":\"https:\/\/zewo.ch\/de\/#website\",\"url\":\"https:\/\/zewo.ch\/de\/\",\"name\":\"Zewo\",\"description\":\"Ihre Spende in guten H\u00e4nden.\",\"publisher\":{\"@id\":\"https:\/\/zewo.ch\/de\/#organization\"},\"potentialAction\":[{\"@type\":\"SearchAction\",\"target\":{\"@type\":\"EntryPoint\",\"urlTemplate\":\"https:\/\/zewo.ch\/de\/?s={search_term_string}\"},\"query-input\":{\"@type\":\"PropertyValueSpecification\",\"valueRequired\":true,\"valueName\":\"search_term_string\"}}],\"inLanguage\":\"de\"},{\"@type\":\"Organization\",\"@id\":\"https:\/\/zewo.ch\/de\/#organization\",\"name\":\"Stiftung Zewo\",\"url\":\"https:\/\/zewo.ch\/de\/\",\"logo\":{\"@type\":\"ImageObject\",\"inLanguage\":\"de\",\"@id\":\"https:\/\/zewo.ch\/de\/#\/schema\/logo\/image\/\",\"url\":\"https:\/\/zewo.ch\/wp-content\/uploads\/2019\/08\/Zewo_Logo_Claim_D.svg\",\"contentUrl\":\"https:\/\/zewo.ch\/wp-content\/uploads\/2019\/08\/Zewo_Logo_Claim_D.svg\",\"width\":1,\"height\":1,\"caption\":\"Stiftung Zewo\"},\"image\":{\"@id\":\"https:\/\/zewo.ch\/de\/#\/schema\/logo\/image\/\"},\"sameAs\":[\"https:\/\/www.facebook.com\/Stiftung.ZEWO\/\",\"https:\/\/x.com\/stiftung_zewo\",\"https:\/\/www.linkedin.com\/company\/stiftung-zewo\",\"https:\/\/www.youtube.com\/channel\/UCzjsVJro12OXcvvx1LQP8tw\",\"https:\/\/de.wikipedia.org\/wiki\/Zewo\"]}]}<\/script>\n<!-- \/ Yoast SEO Premium plugin. -->","yoast_head_json":{"title":"Zewo","description":"Erfahren Sie, welche zertifizierten Hilfswerken aktuell in der Region Gaza\/Pal\u00e4stina\/Israel Nothilfe leisten.","robots":{"index":"index","follow":"follow","max-snippet":"max-snippet:-1","max-image-preview":"max-image-preview:large","max-video-preview":"max-video-preview:-1"},"canonical":"https:\/\/zewo.ch\/de\/humanitaere-hilfe-gaza-palaestina-israel\/","og_locale":"de_DE","og_type":"article","og_description":"Erfahren Sie, welche zertifizierten Hilfswerken aktuell in der Region Gaza\/Pal\u00e4stina\/Israel Nothilfe leisten.","og_url":"https:\/\/zewo.ch\/de\/humanitaere-hilfe-gaza-palaestina-israel\/","og_site_name":"Zewo","article_publisher":"https:\/\/www.facebook.com\/Stiftung.ZEWO\/","article_modified_time":"2024-08-14T14:00:09+00:00","og_image":[{"width":2200,"height":440,"url":"https:\/\/zewo.ch\/wp-content\/uploads\/2023\/11\/header_gaza.jpg","type":"image\/jpeg"}],"twitter_card":"summary_large_image","twitter_site":"@stiftung_zewo","twitter_misc":{"Gesch\u00e4tzte Lesezeit":"2\u00a0Minuten"},"schema":{"@context":"https:\/\/schema.org","@graph":[{"@type":"WebPage","@id":"https:\/\/zewo.ch\/de\/humanitaere-hilfe-gaza-palaestina-israel\/#webpage","url":"https:\/\/zewo.ch\/de\/humanitaere-hilfe-gaza-palaestina-israel\/#webpage","name":"","isPartOf":{"@id":"https:\/\/zewo.ch\/de\/#website"},"primaryImageOfPage":{"@id":"https:\/\/zewo.ch\/de\/humanitaere-hilfe-gaza-palaestina-israel\/#primaryimage"},"image":{"@id":"https:\/\/zewo.ch\/de\/humanitaere-hilfe-gaza-palaestina-israel\/#primaryimage"},"thumbnailUrl":"https:\/\/zewo.ch\/wp-content\/uploads\/2023\/11\/header_gaza.jpg","datePublished":"2023-10-21T05:58:37+00:00","dateModified":"2024-08-14T14:00:09+00:00","description":"Erfahren Sie, welche zertifizierten Hilfswerken aktuell in der Region Gaza\/Pal\u00e4stina\/Israel Nothilfe leisten.","breadcrumb":{"@id":"https:\/\/zewo.ch\/de\/humanitaere-hilfe-gaza-palaestina-israel\/#breadcrumb"},"inLanguage":"de","potentialAction":[{"@type":"ReadAction","target":["https:\/\/zewo.ch\/de\/humanitaere-hilfe-gaza-palaestina-israel\/"]}]},{"@type":"ImageObject","inLanguage":"de","@id":"https:\/\/zewo.ch\/de\/humanitaere-hilfe-gaza-palaestina-israel\/#primaryimage","url":"https:\/\/zewo.ch\/wp-content\/uploads\/2023\/11\/header_gaza.jpg","contentUrl":"https:\/\/zewo.ch\/wp-content\/uploads\/2023\/11\/header_gaza.jpg","width":2200,"height":440,"caption":"header_gaza"},{"@type":"BreadcrumbList","@id":"https:\/\/zewo.ch\/de\/humanitaere-hilfe-gaza-palaestina-israel\/#breadcrumb","itemListElement":[{"@type":"ListItem","position":1,"name":"Home","item":"https:\/\/zewo.ch\/de\/"},{"@type":"ListItem","position":2,"name":"Humanit\u00e4re Hilfe Gaza\/Pal\u00e4stina\/Israel"}]},{"@type":"WebSite","@id":"https:\/\/zewo.ch\/de\/#website","url":"https:\/\/zewo.ch\/de\/","name":"Zewo","description":"Ihre Spende in guten H\u00e4nden.","publisher":{"@id":"https:\/\/zewo.ch\/de\/#organization"},"potentialAction":[{"@type":"SearchAction","target":{"@type":"EntryPoint","urlTemplate":"https:\/\/zewo.ch\/de\/?s={search_term_string}"},"query-input":{"@type":"PropertyValueSpecification","valueRequired":true,"valueName":"search_term_string"}}],"inLanguage":"de"},{"@type":"Organization","@id":"https:\/\/zewo.ch\/de\/#organization","name":"Stiftung Zewo","url":"https:\/\/zewo.ch\/de\/","logo":{"@type":"ImageObject","inLanguage":"de","@id":"https:\/\/zewo.ch\/de\/#\/schema\/logo\/image\/","url":"https:\/\/zewo.ch\/wp-content\/uploads\/2019\/08\/Zewo_Logo_Claim_D.svg","contentUrl":"https:\/\/zewo.ch\/wp-content\/uploads\/2019\/08\/Zewo_Logo_Claim_D.svg","width":1,"height":1,"caption":"Stiftung Zewo"},"image":{"@id":"https:\/\/zewo.ch\/de\/#\/schema\/logo\/image\/"},"sameAs":["https:\/\/www.facebook.com\/Stiftung.ZEWO\/","https:\/\/x.com\/stiftung_zewo","https:\/\/www.linkedin.com\/company\/stiftung-zewo","https:\/\/www.youtube.com\/channel\/UCzjsVJro12OXcvvx1LQP8tw","https:\/\/de.wikipedia.org\/wiki\/Zewo"]}]}},"publishpress_future_action":{"enabled":false,"date":"2026-04-22 22:47:20","action":"change-status","newStatus":"draft","terms":[],"taxonomy":"translation_priority","extraData":[]},"publishpress_future_workflow_manual_trigger":{"enabledWorkflows":[]},"_links":{"self":[{"href":"https:\/\/zewo.ch\/de\/wp-json\/wp\/v2\/pages\/5800915","targetHints":{"allow":["GET"]}}],"collection":[{"href":"https:\/\/zewo.ch\/de\/wp-json\/wp\/v2\/pages"}],"about":[{"href":"https:\/\/zewo.ch\/de\/wp-json\/wp\/v2\/types\/page"}],"author":[{"embeddable":true,"href":"https:\/\/zewo.ch\/de\/wp-json\/wp\/v2\/users\/38"}],"replies":[{"embeddable":true,"href":"https:\/\/zewo.ch\/de\/wp-json\/wp\/v2\/comments?post=5800915"}],"version-history":[{"count":23,"href":"https:\/\/zewo.ch\/de\/wp-json\/wp\/v2\/pages\/5800915\/revisions"}],"predecessor-version":[{"id":5921442,"href":"https:\/\/zewo.ch\/de\/wp-json\/wp\/v2\/pages\/5800915\/revisions\/5921442"}],"wp:featuredmedia":[{"embeddable":true,"href":"https:\/\/zewo.ch\/de\/wp-json\/wp\/v2\/media\/5801644"}],"wp:attachment":[{"href":"https:\/\/zewo.ch\/de\/wp-json\/wp\/v2\/media?parent=5800915"}],"wp:term":[{"taxonomy":"folder","embeddable":true,"href":"https:\/\/zewo.ch\/de\/wp-json\/wp\/v2\/folder?post=5800915"}],"curies":[{"name":"wp","href":"https:\/\/api.w.org\/{rel}","templated":true}]}}