{"id":5800071,"date":"2023-09-20T11:58:15","date_gmt":"2023-09-20T09:58:15","guid":{"rendered":"https:\/\/zewo.ch\/?page_id=5800071"},"modified":"2026-02-20T15:52:20","modified_gmt":"2026-02-20T14:52:20","slug":"der-schweizer-stiftungstag-2023-stiftungen-von-heute-fuer-die-gesellschaft-von-morgen","status":"publish","type":"page","link":"https:\/\/zewo.ch\/de\/der-schweizer-stiftungstag-2023-stiftungen-von-heute-fuer-die-gesellschaft-von-morgen\/","title":{"rendered":"Der Schweizer Stiftungstag 2023: Stiftungen von heute f\u00fcr die Gesellschaft von morgen"},"content":{"rendered":"\n<p>Gemeinn\u00fctzige Stiftungen\/NPO sind heute aufgerufen, die Gesellschaft von morgen mitzugestalten. Dazu m\u00fcssen sie am Puls der Zeit bleiben, ihr Potential erkennen und verantwortungsvoll anpacken. Am diesj\u00e4hrigen Schweizer Stiftungstag werden aktuelle gesellschaftliche Themen diskutiert und (neue) Wege und Ideen aufgezeigt, wie gemeinn\u00fctzige Stiftungen\/NPO aktiv zu einer besseren Zukunft f\u00fcr alle beitragen k\u00f6nnen. Im Zentrum stehen die Themen Demokratie, Umweltschutz, k\u00fcnstliche Intelligenz und Partizipation.<\/p>\n\n\n\n<figure class=\"wp-block-image size-large\"><img loading=\"lazy\" decoding=\"async\" width=\"1024\" height=\"683\" src=\"https:\/\/zewo.ch\/wp-content\/uploads\/2023\/09\/Foyer-Public-1024x683.jpg\" alt=\"\" class=\"wp-image-5800072\" srcset=\"https:\/\/zewo.ch\/wp-content\/uploads\/2023\/09\/Foyer-Public-1024x683.jpg 1024w, https:\/\/zewo.ch\/wp-content\/uploads\/2023\/09\/Foyer-Public-300x200.jpg 300w, https:\/\/zewo.ch\/wp-content\/uploads\/2023\/09\/Foyer-Public-768x512.jpg 768w, https:\/\/zewo.ch\/wp-content\/uploads\/2023\/09\/Foyer-Public.jpg 1330w\" sizes=\"auto, (min-width: 960px) 75vw, 100vw\" \/><figcaption> @ Theater Basel <\/figcaption><\/figure>\n\n\n\n<p><\/p>\n\n\n\n<p><\/p>\n\n\n\n<p><strong>Zeit und Datum:<\/strong><\/p>\n\n\n\n<p>Mittwoch, 8. November 2023 von 9.30 bis 17.00 Uhr  <\/p>\n\n\n\n<h3 class=\"wp-block-heading\">Kursprogramm und Anmeldung<\/h3>\n\n\n\n<div class=\"wp-block-columns is-layout-flex wp-container-core-columns-is-layout-9d6595d7 wp-block-columns-is-layout-flex\">\n<div class=\"wp-block-column is-layout-flow wp-block-column-is-layout-flow\" style=\"flex-basis:100%\">\n<ul class=\"wp-block-cgb-block-zewo-block-links container container-columns-1\">\n<li class=\"wp-block-cgb-block-zewo-block-link ab-block-link\"><span>Anmeldung Schweizer Stiftungstag 2023<\/span><span class=\"button-arrow--long\"><\/span><\/li>\n<\/ul>\n<\/div>\n<\/div>\n\n\n\n<p><strong>ProFonds <\/strong><br>Dachverband gemeinn\u00fctziger Stiftungen der Schweiz<br>Dufourstrasse 49<br>4052 Basel<br>061 272 10 80 <br><a href=\"mailto:info@profonds.org\" target=\"_blank\" rel=\"noreferrer noopener\">info@profonds.org<\/a><\/p>\n\n\n\n<p><\/p>\n\n\n\n<div class=\"wp-block-cgb-block-zewo-block-button ab-block-button\"><a href=\"\/de\/anlasse-und-kurse\/\" class=\"button primary\"><span class=\"button-arrow\"><\/span>Zur\u00fcck zur \u00dcbersicht<\/a><\/div>\n","protected":false},"excerpt":{"rendered":"<p>Gemeinn\u00fctzige Stiftungen\/NPO sind heute aufgerufen, die Gesellschaft von morgen mitzugestalten. Dazu m\u00fcssen sie am Puls der Zeit bleiben, ihr Potential erkennen und verantwortungsvoll anpacken. Am diesj\u00e4hrigen Schweizer Stiftungstag werden aktuelle gesellschaftliche Themen diskutiert und (neue) Wege und Ideen aufgezeigt, wie gemeinn\u00fctzige Stiftungen\/NPO aktiv zu einer besseren Zukunft f\u00fcr alle beitragen k\u00f6nnen. Im Zentrum stehen die [&hellip;]<\/p>\n","protected":false},"author":40,"featured_media":0,"parent":0,"menu_order":0,"comment_status":"closed","ping_status":"closed","template":"","meta":{"_acf_changed":false,"footnotes":""},"folder":[],"class_list":["post-5800071","page","type-page","status-publish","hentry"],"acf":[],"yoast_head":"<!-- This site is optimized with the Yoast SEO Premium plugin v26.0 (Yoast SEO v26.0) - https:\/\/yoast.com\/wordpress\/plugins\/seo\/ -->\n<title>Zewo<\/title>\n<meta name=\"description\" content=\"Der Stiftungstag 2023 findet am 8. November 2024 im Theater Basel statt. Es werden Themen wie werden Demokratie, Umweltschutz, k\u00fcnstliche Intelligenz und Partizipation diskutiert.\" \/>\n<meta name=\"robots\" content=\"index, follow, max-snippet:-1, max-image-preview:large, max-video-preview:-1\" \/>\n<link rel=\"canonical\" href=\"https:\/\/zewo.ch\/de\/der-schweizer-stiftungstag-2023-stiftungen-von-heute-fuer-die-gesellschaft-von-morgen\/\" \/>\n<meta property=\"og:locale\" content=\"de_DE\" \/>\n<meta property=\"og:type\" content=\"article\" \/>\n<meta property=\"og:description\" content=\"Der Stiftungstag 2023 findet am 8. November 2024 im Theater Basel statt. Es werden Themen wie werden Demokratie, Umweltschutz, k\u00fcnstliche Intelligenz und Partizipation diskutiert.\" \/>\n<meta property=\"og:url\" content=\"https:\/\/zewo.ch\/de\/der-schweizer-stiftungstag-2023-stiftungen-von-heute-fuer-die-gesellschaft-von-morgen\/\" \/>\n<meta property=\"og:site_name\" content=\"Zewo\" \/>\n<meta property=\"article:publisher\" content=\"https:\/\/www.facebook.com\/Stiftung.ZEWO\/\" \/>\n<meta property=\"article:modified_time\" content=\"2026-02-20T14:52:20+00:00\" \/>\n<meta property=\"og:image\" content=\"https:\/\/zewo.ch\/wp-content\/uploads\/2023\/09\/Foyer-Public.jpg?ver=1741276580\" \/>\n\t<meta property=\"og:image:width\" content=\"1330\" \/>\n\t<meta property=\"og:image:height\" content=\"887\" \/>\n\t<meta property=\"og:image:type\" content=\"image\/jpeg\" \/>\n<meta name=\"twitter:card\" content=\"summary_large_image\" \/>\n<meta name=\"twitter:site\" content=\"@stiftung_zewo\" \/>\n<meta name=\"twitter:label1\" content=\"Gesch\u00e4tzte Lesezeit\" \/>\n\t<meta name=\"twitter:data1\" content=\"1\u00a0Minute\" \/>\n<script type=\"application\/ld+json\" class=\"yoast-schema-graph\">{\"@context\":\"https:\/\/schema.org\",\"@graph\":[{\"@type\":\"WebPage\",\"@id\":\"https:\/\/zewo.ch\/de\/der-schweizer-stiftungstag-2023-stiftungen-von-heute-fuer-die-gesellschaft-von-morgen\/#webpage\",\"url\":\"https:\/\/zewo.ch\/de\/der-schweizer-stiftungstag-2023-stiftungen-von-heute-fuer-die-gesellschaft-von-morgen\/#webpage\",\"name\":\"\",\"isPartOf\":{\"@id\":\"https:\/\/zewo.ch\/de\/#website\"},\"primaryImageOfPage\":{\"@id\":\"https:\/\/zewo.ch\/de\/der-schweizer-stiftungstag-2023-stiftungen-von-heute-fuer-die-gesellschaft-von-morgen\/#primaryimage\"},\"image\":{\"@id\":\"https:\/\/zewo.ch\/de\/der-schweizer-stiftungstag-2023-stiftungen-von-heute-fuer-die-gesellschaft-von-morgen\/#primaryimage\"},\"thumbnailUrl\":\"https:\/\/zewo.ch\/wp-content\/uploads\/2023\/09\/Foyer-Public-1024x683.jpg\",\"datePublished\":\"2023-09-20T09:58:15+00:00\",\"dateModified\":\"2026-02-20T14:52:20+00:00\",\"description\":\"Der Stiftungstag 2023 findet am 8. November 2024 im Theater Basel statt. Es werden Themen wie werden Demokratie, Umweltschutz, k\u00fcnstliche Intelligenz und Partizipation diskutiert.\",\"breadcrumb\":{\"@id\":\"https:\/\/zewo.ch\/de\/der-schweizer-stiftungstag-2023-stiftungen-von-heute-fuer-die-gesellschaft-von-morgen\/#breadcrumb\"},\"inLanguage\":\"de\",\"potentialAction\":[{\"@type\":\"ReadAction\",\"target\":[\"https:\/\/zewo.ch\/de\/der-schweizer-stiftungstag-2023-stiftungen-von-heute-fuer-die-gesellschaft-von-morgen\/\"]}]},{\"@type\":\"ImageObject\",\"inLanguage\":\"de\",\"@id\":\"https:\/\/zewo.ch\/de\/der-schweizer-stiftungstag-2023-stiftungen-von-heute-fuer-die-gesellschaft-von-morgen\/#primaryimage\",\"url\":\"https:\/\/zewo.ch\/wp-content\/uploads\/2023\/09\/Foyer-Public-1024x683.jpg\",\"contentUrl\":\"https:\/\/zewo.ch\/wp-content\/uploads\/2023\/09\/Foyer-Public-1024x683.jpg\"},{\"@type\":\"BreadcrumbList\",\"@id\":\"https:\/\/zewo.ch\/de\/der-schweizer-stiftungstag-2023-stiftungen-von-heute-fuer-die-gesellschaft-von-morgen\/#breadcrumb\",\"itemListElement\":[{\"@type\":\"ListItem\",\"position\":1,\"name\":\"Home\",\"item\":\"https:\/\/zewo.ch\/de\/\"},{\"@type\":\"ListItem\",\"position\":2,\"name\":\"Der Schweizer Stiftungstag 2023: Stiftungen von heute f\u00fcr die Gesellschaft von morgen\"}]},{\"@type\":\"WebSite\",\"@id\":\"https:\/\/zewo.ch\/de\/#website\",\"url\":\"https:\/\/zewo.ch\/de\/\",\"name\":\"Zewo\",\"description\":\"Ihre Spende in guten H\u00e4nden.\",\"publisher\":{\"@id\":\"https:\/\/zewo.ch\/de\/#organization\"},\"potentialAction\":[{\"@type\":\"SearchAction\",\"target\":{\"@type\":\"EntryPoint\",\"urlTemplate\":\"https:\/\/zewo.ch\/de\/?s={search_term_string}\"},\"query-input\":{\"@type\":\"PropertyValueSpecification\",\"valueRequired\":true,\"valueName\":\"search_term_string\"}}],\"inLanguage\":\"de\"},{\"@type\":\"Organization\",\"@id\":\"https:\/\/zewo.ch\/de\/#organization\",\"name\":\"Stiftung Zewo\",\"url\":\"https:\/\/zewo.ch\/de\/\",\"logo\":{\"@type\":\"ImageObject\",\"inLanguage\":\"de\",\"@id\":\"https:\/\/zewo.ch\/de\/#\/schema\/logo\/image\/\",\"url\":\"https:\/\/zewo.ch\/wp-content\/uploads\/2019\/08\/Zewo_Logo_Claim_D.svg\",\"contentUrl\":\"https:\/\/zewo.ch\/wp-content\/uploads\/2019\/08\/Zewo_Logo_Claim_D.svg\",\"width\":1,\"height\":1,\"caption\":\"Stiftung Zewo\"},\"image\":{\"@id\":\"https:\/\/zewo.ch\/de\/#\/schema\/logo\/image\/\"},\"sameAs\":[\"https:\/\/www.facebook.com\/Stiftung.ZEWO\/\",\"https:\/\/x.com\/stiftung_zewo\",\"https:\/\/www.linkedin.com\/company\/stiftung-zewo\",\"https:\/\/www.youtube.com\/channel\/UCzjsVJro12OXcvvx1LQP8tw\",\"https:\/\/de.wikipedia.org\/wiki\/Zewo\"]}]}<\/script>\n<!-- \/ Yoast SEO Premium plugin. -->","yoast_head_json":{"title":"Zewo","description":"Der Stiftungstag 2023 findet am 8. November 2024 im Theater Basel statt. Es werden Themen wie werden Demokratie, Umweltschutz, k\u00fcnstliche Intelligenz und Partizipation diskutiert.","robots":{"index":"index","follow":"follow","max-snippet":"max-snippet:-1","max-image-preview":"max-image-preview:large","max-video-preview":"max-video-preview:-1"},"canonical":"https:\/\/zewo.ch\/de\/der-schweizer-stiftungstag-2023-stiftungen-von-heute-fuer-die-gesellschaft-von-morgen\/","og_locale":"de_DE","og_type":"article","og_description":"Der Stiftungstag 2023 findet am 8. November 2024 im Theater Basel statt. Es werden Themen wie werden Demokratie, Umweltschutz, k\u00fcnstliche Intelligenz und Partizipation diskutiert.","og_url":"https:\/\/zewo.ch\/de\/der-schweizer-stiftungstag-2023-stiftungen-von-heute-fuer-die-gesellschaft-von-morgen\/","og_site_name":"Zewo","article_publisher":"https:\/\/www.facebook.com\/Stiftung.ZEWO\/","article_modified_time":"2026-02-20T14:52:20+00:00","og_image":[{"width":1330,"height":887,"url":"https:\/\/zewo.ch\/wp-content\/uploads\/2023\/09\/Foyer-Public.jpg?ver=1741276580","type":"image\/jpeg"}],"twitter_card":"summary_large_image","twitter_site":"@stiftung_zewo","twitter_misc":{"Gesch\u00e4tzte Lesezeit":"1\u00a0Minute"},"schema":{"@context":"https:\/\/schema.org","@graph":[{"@type":"WebPage","@id":"https:\/\/zewo.ch\/de\/der-schweizer-stiftungstag-2023-stiftungen-von-heute-fuer-die-gesellschaft-von-morgen\/#webpage","url":"https:\/\/zewo.ch\/de\/der-schweizer-stiftungstag-2023-stiftungen-von-heute-fuer-die-gesellschaft-von-morgen\/#webpage","name":"","isPartOf":{"@id":"https:\/\/zewo.ch\/de\/#website"},"primaryImageOfPage":{"@id":"https:\/\/zewo.ch\/de\/der-schweizer-stiftungstag-2023-stiftungen-von-heute-fuer-die-gesellschaft-von-morgen\/#primaryimage"},"image":{"@id":"https:\/\/zewo.ch\/de\/der-schweizer-stiftungstag-2023-stiftungen-von-heute-fuer-die-gesellschaft-von-morgen\/#primaryimage"},"thumbnailUrl":"https:\/\/zewo.ch\/wp-content\/uploads\/2023\/09\/Foyer-Public-1024x683.jpg","datePublished":"2023-09-20T09:58:15+00:00","dateModified":"2026-02-20T14:52:20+00:00","description":"Der Stiftungstag 2023 findet am 8. November 2024 im Theater Basel statt. Es werden Themen wie werden Demokratie, Umweltschutz, k\u00fcnstliche Intelligenz und Partizipation diskutiert.","breadcrumb":{"@id":"https:\/\/zewo.ch\/de\/der-schweizer-stiftungstag-2023-stiftungen-von-heute-fuer-die-gesellschaft-von-morgen\/#breadcrumb"},"inLanguage":"de","potentialAction":[{"@type":"ReadAction","target":["https:\/\/zewo.ch\/de\/der-schweizer-stiftungstag-2023-stiftungen-von-heute-fuer-die-gesellschaft-von-morgen\/"]}]},{"@type":"ImageObject","inLanguage":"de","@id":"https:\/\/zewo.ch\/de\/der-schweizer-stiftungstag-2023-stiftungen-von-heute-fuer-die-gesellschaft-von-morgen\/#primaryimage","url":"https:\/\/zewo.ch\/wp-content\/uploads\/2023\/09\/Foyer-Public-1024x683.jpg","contentUrl":"https:\/\/zewo.ch\/wp-content\/uploads\/2023\/09\/Foyer-Public-1024x683.jpg"},{"@type":"BreadcrumbList","@id":"https:\/\/zewo.ch\/de\/der-schweizer-stiftungstag-2023-stiftungen-von-heute-fuer-die-gesellschaft-von-morgen\/#breadcrumb","itemListElement":[{"@type":"ListItem","position":1,"name":"Home","item":"https:\/\/zewo.ch\/de\/"},{"@type":"ListItem","position":2,"name":"Der Schweizer Stiftungstag 2023: Stiftungen von heute f\u00fcr die Gesellschaft von morgen"}]},{"@type":"WebSite","@id":"https:\/\/zewo.ch\/de\/#website","url":"https:\/\/zewo.ch\/de\/","name":"Zewo","description":"Ihre Spende in guten H\u00e4nden.","publisher":{"@id":"https:\/\/zewo.ch\/de\/#organization"},"potentialAction":[{"@type":"SearchAction","target":{"@type":"EntryPoint","urlTemplate":"https:\/\/zewo.ch\/de\/?s={search_term_string}"},"query-input":{"@type":"PropertyValueSpecification","valueRequired":true,"valueName":"search_term_string"}}],"inLanguage":"de"},{"@type":"Organization","@id":"https:\/\/zewo.ch\/de\/#organization","name":"Stiftung Zewo","url":"https:\/\/zewo.ch\/de\/","logo":{"@type":"ImageObject","inLanguage":"de","@id":"https:\/\/zewo.ch\/de\/#\/schema\/logo\/image\/","url":"https:\/\/zewo.ch\/wp-content\/uploads\/2019\/08\/Zewo_Logo_Claim_D.svg","contentUrl":"https:\/\/zewo.ch\/wp-content\/uploads\/2019\/08\/Zewo_Logo_Claim_D.svg","width":1,"height":1,"caption":"Stiftung Zewo"},"image":{"@id":"https:\/\/zewo.ch\/de\/#\/schema\/logo\/image\/"},"sameAs":["https:\/\/www.facebook.com\/Stiftung.ZEWO\/","https:\/\/x.com\/stiftung_zewo","https:\/\/www.linkedin.com\/company\/stiftung-zewo","https:\/\/www.youtube.com\/channel\/UCzjsVJro12OXcvvx1LQP8tw","https:\/\/de.wikipedia.org\/wiki\/Zewo"]}]}},"publishpress_future_action":{"enabled":false,"date":"2026-04-28 10:32:28","action":"change-status","newStatus":"draft","terms":[],"taxonomy":"translation_priority","extraData":[]},"publishpress_future_workflow_manual_trigger":{"enabledWorkflows":[]},"_links":{"self":[{"href":"https:\/\/zewo.ch\/de\/wp-json\/wp\/v2\/pages\/5800071","targetHints":{"allow":["GET"]}}],"collection":[{"href":"https:\/\/zewo.ch\/de\/wp-json\/wp\/v2\/pages"}],"about":[{"href":"https:\/\/zewo.ch\/de\/wp-json\/wp\/v2\/types\/page"}],"author":[{"embeddable":true,"href":"https:\/\/zewo.ch\/de\/wp-json\/wp\/v2\/users\/40"}],"replies":[{"embeddable":true,"href":"https:\/\/zewo.ch\/de\/wp-json\/wp\/v2\/comments?post=5800071"}],"version-history":[{"count":13,"href":"https:\/\/zewo.ch\/de\/wp-json\/wp\/v2\/pages\/5800071\/revisions"}],"predecessor-version":[{"id":5934734,"href":"https:\/\/zewo.ch\/de\/wp-json\/wp\/v2\/pages\/5800071\/revisions\/5934734"}],"wp:attachment":[{"href":"https:\/\/zewo.ch\/de\/wp-json\/wp\/v2\/media?parent=5800071"}],"wp:term":[{"taxonomy":"folder","embeddable":true,"href":"https:\/\/zewo.ch\/de\/wp-json\/wp\/v2\/folder?post=5800071"}],"curies":[{"name":"wp","href":"https:\/\/api.w.org\/{rel}","templated":true}]}}