{"id":5798262,"date":"2023-07-13T10:49:50","date_gmt":"2023-07-13T08:49:50","guid":{"rendered":"https:\/\/zewo.ch\/?page_id=5798262"},"modified":"2023-07-14T16:43:36","modified_gmt":"2023-07-14T14:43:36","slug":"npo-finanzkonferenz-2023","status":"publish","type":"page","link":"https:\/\/zewo.ch\/de\/npo-finanzkonferenz-2023\/","title":{"rendered":"NPO Finanzkonferenz 2023"},"content":{"rendered":"\n<h2 class=\"wp-block-heading\" id=\"h-aktuelles-aus-recht-und-finanzen\">Aktuelles aus Recht und Finanzen<\/h2>\n\n\n\n<p><strong>Am 31. August 2023 findet die NPO Konferenz zum Thema Recht und Finanzen statt. <\/strong><\/p>\n\n\n\n<p>Welche aktuellen rechtlichen Ver\u00e4nderungen haben Auswirkungen auf den Berufsalltag von Finanzfachleuten in NPOs und welche Konsequenzen sind zu beachten? Wie beeinflussen globale Krisen die Entwicklung unseres finanziellen Umfelds, insbesondere in Bezug auf Zinsen und Teuerung? Das <a href=\"https:\/\/npofinanzforum.ch\/konferenz\/\" target=\"_blank\" rel=\"noreferrer noopener\">NPO Finanzforum<\/a> l\u00e4dt dieses Jahr zur <strong>NPO Finanzkonferenz<\/strong> ein.<\/p>\n\n\n\n<ul class=\"list-icons wp-block-list\"><li><a href=\"https:\/\/zewo.ch\/wp-content\/uploads\/2023\/07\/Flyer-NPO-Finanzkonferenz-2023.pdf\" target=\"_blank\" rel=\"noreferrer noopener\">Download Flyer<\/a><\/li><\/ul>\n\n\n\n<p>Die NPO Finanzkonferenz 2023 ist eine unverzichtbare Veranstaltung f\u00fcr Finanzfachleute in NPOs, die ihre Kenntnisse \u00fcber aktuelle rechtliche Ver\u00e4nderungen erweitern m\u00f6chten und ein besseres Verst\u00e4ndnis f\u00fcr das sich entwickelnde finanzielle Umfeld gewinnen wollen. Nutzen Sie diese einzigartige Gelegenheit, sich mit Gleichgesinnten auszutauschen, neues Wissen zu erwerben und Ihr Netzwerk zu st\u00e4rken. <\/p>\n\n\n\n<p>Veranstaltungsdatum: <strong>Donnerstag, 31. August 2023, 13.30 bis 17 Uhr<\/strong><\/p>\n\n\n\n<p>Ort<strong>: Campus Zug-Rotkreuz, Suurstoffi 1, Rotkreuz<\/strong><\/p>\n\n\n\n<div class=\"wp-block-cgb-block-zewo-block-button ab-block-button\"><a href=\"https:\/\/npofinanzforum.ch\/konferenz\/\" class=\"button primary\"><span class=\"button-arrow\"><\/span>Zur Anmeldung und Information<\/a><\/div>\n\n\n\n<div class=\"wp-block-cgb-block-zewo-block-button ab-block-button\"><a href=\"\/de\/anlasse-und-kurse\/\" class=\"button primary\"><span class=\"button-arrow\"><\/span>Zur\u00fcck zur \u00dcbersicht<\/a><\/div>\n","protected":false},"excerpt":{"rendered":"<p>Aktuelles aus Recht und Finanzen Am 31. August 2023 findet die NPO Konferenz zum Thema Recht und Finanzen statt. Welche aktuellen rechtlichen Ver\u00e4nderungen haben Auswirkungen auf den Berufsalltag von Finanzfachleuten in NPOs und welche Konsequenzen sind zu beachten? Wie beeinflussen globale Krisen die Entwicklung unseres finanziellen Umfelds, insbesondere in Bezug auf Zinsen und Teuerung? Das [&hellip;]<\/p>\n","protected":false},"author":40,"featured_media":5798319,"parent":0,"menu_order":0,"comment_status":"closed","ping_status":"closed","template":"","meta":{"_acf_changed":false,"footnotes":""},"folder":[],"class_list":["post-5798262","page","type-page","status-publish","has-post-thumbnail","hentry"],"acf":[],"yoast_head":"<!-- This site is optimized with the Yoast SEO Premium plugin v26.0 (Yoast SEO v26.0) - https:\/\/yoast.com\/wordpress\/plugins\/seo\/ -->\n<title>Zewo<\/title>\n<meta name=\"description\" content=\"Am 31. August 2023 findet die NPO Konferenz zum Thema Recht und Finanzen statt. Melden Sie sich jetzt an.\" \/>\n<meta name=\"robots\" content=\"index, follow, max-snippet:-1, max-image-preview:large, max-video-preview:-1\" \/>\n<link rel=\"canonical\" href=\"https:\/\/zewo.ch\/de\/npo-finanzkonferenz-2023\/\" \/>\n<meta property=\"og:locale\" content=\"de_DE\" \/>\n<meta property=\"og:type\" content=\"article\" \/>\n<meta property=\"og:description\" content=\"Am 31. August 2023 findet die NPO Konferenz zum Thema Recht und Finanzen statt. Melden Sie sich jetzt an.\" \/>\n<meta property=\"og:url\" content=\"https:\/\/zewo.ch\/de\/npo-finanzkonferenz-2023\/\" \/>\n<meta property=\"og:site_name\" content=\"Zewo\" \/>\n<meta property=\"article:publisher\" content=\"https:\/\/www.facebook.com\/Stiftung.ZEWO\/\" \/>\n<meta property=\"article:modified_time\" content=\"2023-07-14T14:43:36+00:00\" \/>\n<meta property=\"og:image\" content=\"https:\/\/zewo.ch\/wp-content\/uploads\/2023\/07\/finanzheader__.jpg\" \/>\n\t<meta property=\"og:image:width\" content=\"2000\" \/>\n\t<meta property=\"og:image:height\" content=\"950\" \/>\n\t<meta property=\"og:image:type\" content=\"image\/jpeg\" \/>\n<meta name=\"twitter:card\" content=\"summary_large_image\" \/>\n<meta name=\"twitter:site\" content=\"@stiftung_zewo\" \/>\n<meta name=\"twitter:label1\" content=\"Gesch\u00e4tzte Lesezeit\" \/>\n\t<meta name=\"twitter:data1\" content=\"1\u00a0Minute\" \/>\n<script type=\"application\/ld+json\" class=\"yoast-schema-graph\">{\"@context\":\"https:\/\/schema.org\",\"@graph\":[{\"@type\":\"WebPage\",\"@id\":\"https:\/\/zewo.ch\/de\/npo-finanzkonferenz-2023\/#webpage\",\"url\":\"https:\/\/zewo.ch\/de\/npo-finanzkonferenz-2023\/#webpage\",\"name\":\"\",\"isPartOf\":{\"@id\":\"https:\/\/zewo.ch\/de\/#website\"},\"primaryImageOfPage\":{\"@id\":\"https:\/\/zewo.ch\/de\/npo-finanzkonferenz-2023\/#primaryimage\"},\"image\":{\"@id\":\"https:\/\/zewo.ch\/de\/npo-finanzkonferenz-2023\/#primaryimage\"},\"thumbnailUrl\":\"https:\/\/zewo.ch\/wp-content\/uploads\/2023\/07\/finanzheader__.jpg\",\"datePublished\":\"2023-07-13T08:49:50+00:00\",\"dateModified\":\"2023-07-14T14:43:36+00:00\",\"description\":\"Am 31. August 2023 findet die NPO Konferenz zum Thema Recht und Finanzen statt. Melden Sie sich jetzt an.\",\"breadcrumb\":{\"@id\":\"https:\/\/zewo.ch\/de\/npo-finanzkonferenz-2023\/#breadcrumb\"},\"inLanguage\":\"de\",\"potentialAction\":[{\"@type\":\"ReadAction\",\"target\":[\"https:\/\/zewo.ch\/de\/npo-finanzkonferenz-2023\/\"]}]},{\"@type\":\"ImageObject\",\"inLanguage\":\"de\",\"@id\":\"https:\/\/zewo.ch\/de\/npo-finanzkonferenz-2023\/#primaryimage\",\"url\":\"https:\/\/zewo.ch\/wp-content\/uploads\/2023\/07\/finanzheader__.jpg\",\"contentUrl\":\"https:\/\/zewo.ch\/wp-content\/uploads\/2023\/07\/finanzheader__.jpg\",\"width\":2000,\"height\":950},{\"@type\":\"BreadcrumbList\",\"@id\":\"https:\/\/zewo.ch\/de\/npo-finanzkonferenz-2023\/#breadcrumb\",\"itemListElement\":[{\"@type\":\"ListItem\",\"position\":1,\"name\":\"Home\",\"item\":\"https:\/\/zewo.ch\/de\/\"},{\"@type\":\"ListItem\",\"position\":2,\"name\":\"NPO Finanzkonferenz 2023\"}]},{\"@type\":\"WebSite\",\"@id\":\"https:\/\/zewo.ch\/de\/#website\",\"url\":\"https:\/\/zewo.ch\/de\/\",\"name\":\"Zewo\",\"description\":\"Ihre Spende in guten H\u00e4nden.\",\"publisher\":{\"@id\":\"https:\/\/zewo.ch\/de\/#organization\"},\"potentialAction\":[{\"@type\":\"SearchAction\",\"target\":{\"@type\":\"EntryPoint\",\"urlTemplate\":\"https:\/\/zewo.ch\/de\/?s={search_term_string}\"},\"query-input\":{\"@type\":\"PropertyValueSpecification\",\"valueRequired\":true,\"valueName\":\"search_term_string\"}}],\"inLanguage\":\"de\"},{\"@type\":\"Organization\",\"@id\":\"https:\/\/zewo.ch\/de\/#organization\",\"name\":\"Stiftung Zewo\",\"url\":\"https:\/\/zewo.ch\/de\/\",\"logo\":{\"@type\":\"ImageObject\",\"inLanguage\":\"de\",\"@id\":\"https:\/\/zewo.ch\/de\/#\/schema\/logo\/image\/\",\"url\":\"https:\/\/zewo.ch\/wp-content\/uploads\/2019\/08\/Zewo_Logo_Claim_D.svg\",\"contentUrl\":\"https:\/\/zewo.ch\/wp-content\/uploads\/2019\/08\/Zewo_Logo_Claim_D.svg\",\"width\":1,\"height\":1,\"caption\":\"Stiftung Zewo\"},\"image\":{\"@id\":\"https:\/\/zewo.ch\/de\/#\/schema\/logo\/image\/\"},\"sameAs\":[\"https:\/\/www.facebook.com\/Stiftung.ZEWO\/\",\"https:\/\/x.com\/stiftung_zewo\",\"https:\/\/www.linkedin.com\/company\/stiftung-zewo\",\"https:\/\/www.youtube.com\/channel\/UCzjsVJro12OXcvvx1LQP8tw\",\"https:\/\/de.wikipedia.org\/wiki\/Zewo\"]}]}<\/script>\n<!-- \/ Yoast SEO Premium plugin. -->","yoast_head_json":{"title":"Zewo","description":"Am 31. August 2023 findet die NPO Konferenz zum Thema Recht und Finanzen statt. Melden Sie sich jetzt an.","robots":{"index":"index","follow":"follow","max-snippet":"max-snippet:-1","max-image-preview":"max-image-preview:large","max-video-preview":"max-video-preview:-1"},"canonical":"https:\/\/zewo.ch\/de\/npo-finanzkonferenz-2023\/","og_locale":"de_DE","og_type":"article","og_description":"Am 31. August 2023 findet die NPO Konferenz zum Thema Recht und Finanzen statt. Melden Sie sich jetzt an.","og_url":"https:\/\/zewo.ch\/de\/npo-finanzkonferenz-2023\/","og_site_name":"Zewo","article_publisher":"https:\/\/www.facebook.com\/Stiftung.ZEWO\/","article_modified_time":"2023-07-14T14:43:36+00:00","og_image":[{"width":2000,"height":950,"url":"https:\/\/zewo.ch\/wp-content\/uploads\/2023\/07\/finanzheader__.jpg","type":"image\/jpeg"}],"twitter_card":"summary_large_image","twitter_site":"@stiftung_zewo","twitter_misc":{"Gesch\u00e4tzte Lesezeit":"1\u00a0Minute"},"schema":{"@context":"https:\/\/schema.org","@graph":[{"@type":"WebPage","@id":"https:\/\/zewo.ch\/de\/npo-finanzkonferenz-2023\/#webpage","url":"https:\/\/zewo.ch\/de\/npo-finanzkonferenz-2023\/#webpage","name":"","isPartOf":{"@id":"https:\/\/zewo.ch\/de\/#website"},"primaryImageOfPage":{"@id":"https:\/\/zewo.ch\/de\/npo-finanzkonferenz-2023\/#primaryimage"},"image":{"@id":"https:\/\/zewo.ch\/de\/npo-finanzkonferenz-2023\/#primaryimage"},"thumbnailUrl":"https:\/\/zewo.ch\/wp-content\/uploads\/2023\/07\/finanzheader__.jpg","datePublished":"2023-07-13T08:49:50+00:00","dateModified":"2023-07-14T14:43:36+00:00","description":"Am 31. August 2023 findet die NPO Konferenz zum Thema Recht und Finanzen statt. Melden Sie sich jetzt an.","breadcrumb":{"@id":"https:\/\/zewo.ch\/de\/npo-finanzkonferenz-2023\/#breadcrumb"},"inLanguage":"de","potentialAction":[{"@type":"ReadAction","target":["https:\/\/zewo.ch\/de\/npo-finanzkonferenz-2023\/"]}]},{"@type":"ImageObject","inLanguage":"de","@id":"https:\/\/zewo.ch\/de\/npo-finanzkonferenz-2023\/#primaryimage","url":"https:\/\/zewo.ch\/wp-content\/uploads\/2023\/07\/finanzheader__.jpg","contentUrl":"https:\/\/zewo.ch\/wp-content\/uploads\/2023\/07\/finanzheader__.jpg","width":2000,"height":950},{"@type":"BreadcrumbList","@id":"https:\/\/zewo.ch\/de\/npo-finanzkonferenz-2023\/#breadcrumb","itemListElement":[{"@type":"ListItem","position":1,"name":"Home","item":"https:\/\/zewo.ch\/de\/"},{"@type":"ListItem","position":2,"name":"NPO Finanzkonferenz 2023"}]},{"@type":"WebSite","@id":"https:\/\/zewo.ch\/de\/#website","url":"https:\/\/zewo.ch\/de\/","name":"Zewo","description":"Ihre Spende in guten H\u00e4nden.","publisher":{"@id":"https:\/\/zewo.ch\/de\/#organization"},"potentialAction":[{"@type":"SearchAction","target":{"@type":"EntryPoint","urlTemplate":"https:\/\/zewo.ch\/de\/?s={search_term_string}"},"query-input":{"@type":"PropertyValueSpecification","valueRequired":true,"valueName":"search_term_string"}}],"inLanguage":"de"},{"@type":"Organization","@id":"https:\/\/zewo.ch\/de\/#organization","name":"Stiftung Zewo","url":"https:\/\/zewo.ch\/de\/","logo":{"@type":"ImageObject","inLanguage":"de","@id":"https:\/\/zewo.ch\/de\/#\/schema\/logo\/image\/","url":"https:\/\/zewo.ch\/wp-content\/uploads\/2019\/08\/Zewo_Logo_Claim_D.svg","contentUrl":"https:\/\/zewo.ch\/wp-content\/uploads\/2019\/08\/Zewo_Logo_Claim_D.svg","width":1,"height":1,"caption":"Stiftung Zewo"},"image":{"@id":"https:\/\/zewo.ch\/de\/#\/schema\/logo\/image\/"},"sameAs":["https:\/\/www.facebook.com\/Stiftung.ZEWO\/","https:\/\/x.com\/stiftung_zewo","https:\/\/www.linkedin.com\/company\/stiftung-zewo","https:\/\/www.youtube.com\/channel\/UCzjsVJro12OXcvvx1LQP8tw","https:\/\/de.wikipedia.org\/wiki\/Zewo"]}]}},"publishpress_future_action":{"enabled":false,"date":"2026-04-28 12:00:43","action":"change-status","newStatus":"draft","terms":[],"taxonomy":"translation_priority","extraData":[]},"publishpress_future_workflow_manual_trigger":{"enabledWorkflows":[]},"_links":{"self":[{"href":"https:\/\/zewo.ch\/de\/wp-json\/wp\/v2\/pages\/5798262","targetHints":{"allow":["GET"]}}],"collection":[{"href":"https:\/\/zewo.ch\/de\/wp-json\/wp\/v2\/pages"}],"about":[{"href":"https:\/\/zewo.ch\/de\/wp-json\/wp\/v2\/types\/page"}],"author":[{"embeddable":true,"href":"https:\/\/zewo.ch\/de\/wp-json\/wp\/v2\/users\/40"}],"replies":[{"embeddable":true,"href":"https:\/\/zewo.ch\/de\/wp-json\/wp\/v2\/comments?post=5798262"}],"version-history":[{"count":4,"href":"https:\/\/zewo.ch\/de\/wp-json\/wp\/v2\/pages\/5798262\/revisions"}],"predecessor-version":[{"id":5798286,"href":"https:\/\/zewo.ch\/de\/wp-json\/wp\/v2\/pages\/5798262\/revisions\/5798286"}],"wp:featuredmedia":[{"embeddable":true,"href":"https:\/\/zewo.ch\/de\/wp-json\/wp\/v2\/media\/5798319"}],"wp:attachment":[{"href":"https:\/\/zewo.ch\/de\/wp-json\/wp\/v2\/media?parent=5798262"}],"wp:term":[{"taxonomy":"folder","embeddable":true,"href":"https:\/\/zewo.ch\/de\/wp-json\/wp\/v2\/folder?post=5798262"}],"curies":[{"name":"wp","href":"https:\/\/api.w.org\/{rel}","templated":true}]}}