{"id":5793909,"date":"2023-02-07T17:15:13","date_gmt":"2023-02-07T16:15:13","guid":{"rendered":"https:\/\/zewo.ch\/?page_id=5793909"},"modified":"2026-02-20T15:46:02","modified_gmt":"2026-02-20T14:46:02","slug":"spenden-fuer-die-erdbebenopfer-in-der-tuerkei-und-syrien","status":"publish","type":"page","link":"https:\/\/zewo.ch\/de\/spenden-fuer-die-erdbebenopfer-in-der-tuerkei-und-syrien\/","title":{"rendered":"Spenden f\u00fcr die Erdbebenopfer in der T\u00fcrkei und Syrien"},"content":{"rendered":"\n<h2 class=\"wp-block-heading\" id=\"h-bei-diesen-zertifizierten-hilfswerken-sind-ihre-spenden-in-guten-handen\">Bei diesen zertifizierten Hilfswerken sind Ihre Spenden in guten H\u00e4nden<\/h2>\n\n\n\n<p id=\"h-am-6-februar-ereignete-sich-in-der-t-rkei-und-syrien-ein-schweres-erdbeben-der-st-rke-7-8-schon-mehr-als-8000-menschen-verloren-dabei-ihr-leben\"><strong>Am 6. Februar ereignete sich in der T\u00fcrkei und Syrien ein schweres Erdbeben der St\u00e4rke 7.8. Schon mehr als 40&#8217;000 Menschen verloren dabei ihr Leben und Zehntausende sind verletzt. Zewo-Hilfswerke leisten mit Ihrer Spende Nothilfe.<\/strong><\/p>\n\n\n\n<p>Damit Sie sicher sind, dass Ihre Spende am richtigen Ort ankommt, finden Sie auf der nachfolgenden Liste seri\u00f6se und vertrauensw\u00fcrdige Hilfswerke, die f\u00fcr die Erdbebenopfer in der T\u00fcrkei und Syrien Spenden sammeln. Die Zewo kontrolliert diese Hilfswerke regelm\u00e4ssig auf den zweckbestimmten und effizienten Einsatz der Spenden. <\/p>\n\n\n\n<p>Helfen Sie jetzt und spenden Sie einem dieser zertifizierten Hilfswerke:<\/p>\n\n\n\n<ul class=\"wp-block-cgb-block-zewo-block-links container container-columns-2\">\n<li class=\"wp-block-cgb-block-zewo-block-link ab-block-link\"><a href=\"https:\/\/www.adra.ch\/project\/erdbeben-in-syrien-und-tuerkei\/\" target=\"_blank\" rel=\"noopener noreferrer\" class=\"button\"><span>Adra<\/span><span class=\"button-arrow--long\"><\/span><\/a><\/li>\n\n\n\n<li class=\"wp-block-cgb-block-zewo-block-link ab-block-link\"><a href=\"https:\/\/www.caritas.ch\/de\/hilfe-fuer-die-opfer-des-erdbebens-in-syrien-und-der-tuerkei\/\" target=\"_blank\" rel=\"noopener noreferrer\" class=\"button\"><span>Caritas Schweiz<\/span><span class=\"button-arrow--long\"><\/span><\/a><\/li>\n\n\n\n<li class=\"wp-block-cgb-block-zewo-block-link ab-block-link\"><a href=\"https:\/\/www.medicointernational.ch\/home\/news\/erdbebenhilfe-fuer-kurdistan.html\" target=\"_blank\" rel=\"noopener noreferrer\" class=\"button\"><span>medico international Schweiz<\/span><span class=\"button-arrow--long\"><\/span><\/a><\/li>\n\n\n\n<li class=\"wp-block-cgb-block-zewo-block-link ab-block-link\"><a href=\"https:\/\/solidar.ch\/de\/projekte\/tuerkei-syrien\/\" target=\"_blank\" rel=\"noopener noreferrer\" class=\"button\"><span>Solidar Suisse<\/span><span class=\"button-arrow--long\"><\/span><\/a><\/li>\n\n\n\n<li class=\"wp-block-cgb-block-zewo-block-link ab-block-link\"><a href=\"https:\/\/savethechildren.ch\/de\/helfen\/spenden-erdbeben-tuerkei-und-syrien\/\" target=\"_blank\" rel=\"noopener noreferrer\" class=\"button\"><span>Save the Children<\/span><span class=\"button-arrow--long\"><\/span><\/a><\/li>\n\n\n\n<li class=\"wp-block-cgb-block-zewo-block-link ab-block-link\"><a href=\"https:\/\/www.tdh.org\/de\/nothilfe-syrien-erdbeben\" target=\"_blank\" rel=\"noopener noreferrer\" class=\"button\"><span>Terre des hommes<\/span><span class=\"button-arrow--long\"><\/span><\/a><\/li>\n<\/ul>\n","protected":false},"excerpt":{"rendered":"<p>Bei diesen zertifizierten Hilfswerken sind Ihre Spenden in guten H\u00e4nden Am 6. Februar ereignete sich in der T\u00fcrkei und Syrien ein schweres Erdbeben der St\u00e4rke 7.8. Schon mehr als 40&#8217;000 Menschen verloren dabei ihr Leben und Zehntausende sind verletzt. Zewo-Hilfswerke leisten mit Ihrer Spende Nothilfe. Damit Sie sicher sind, dass Ihre Spende am richtigen Ort [&hellip;]<\/p>\n","protected":false},"author":38,"featured_media":5794008,"parent":0,"menu_order":0,"comment_status":"closed","ping_status":"closed","template":"","meta":{"_acf_changed":false,"footnotes":""},"folder":[],"class_list":["post-5793909","page","type-page","status-publish","has-post-thumbnail","hentry"],"acf":[],"yoast_head":"<!-- This site is optimized with the Yoast SEO Premium plugin v26.0 (Yoast SEO v26.0) - https:\/\/yoast.com\/wordpress\/plugins\/seo\/ -->\n<title>Zewo<\/title>\n<meta name=\"description\" content=\"Erfahren Sie mehr \u00fcber zertifizierte Hilfsorganisationen, die Opfern von Erdbeben Nothilfe leisten.\" \/>\n<meta name=\"robots\" content=\"index, follow, max-snippet:-1, max-image-preview:large, max-video-preview:-1\" \/>\n<link rel=\"canonical\" href=\"https:\/\/zewo.ch\/de\/spenden-fuer-die-erdbebenopfer-in-der-tuerkei-und-syrien\/\" \/>\n<meta property=\"og:locale\" content=\"de_DE\" \/>\n<meta property=\"og:type\" content=\"article\" \/>\n<meta property=\"og:description\" content=\"Erfahren Sie mehr \u00fcber zertifizierte Hilfsorganisationen, die Opfern von Erdbeben Nothilfe leisten.\" \/>\n<meta property=\"og:url\" content=\"https:\/\/zewo.ch\/de\/spenden-fuer-die-erdbebenopfer-in-der-tuerkei-und-syrien\/\" \/>\n<meta property=\"og:site_name\" content=\"Zewo\" \/>\n<meta property=\"article:publisher\" content=\"https:\/\/www.facebook.com\/Stiftung.ZEWO\/\" \/>\n<meta property=\"article:modified_time\" content=\"2026-02-20T14:46:02+00:00\" \/>\n<meta property=\"og:image\" content=\"https:\/\/zewo.ch\/wp-content\/uploads\/2023\/02\/headerseismographerdbeben.jpg\" \/>\n\t<meta property=\"og:image:width\" content=\"2200\" \/>\n\t<meta property=\"og:image:height\" content=\"1283\" \/>\n\t<meta property=\"og:image:type\" content=\"image\/jpeg\" \/>\n<meta name=\"twitter:card\" content=\"summary_large_image\" \/>\n<meta name=\"twitter:site\" content=\"@stiftung_zewo\" \/>\n<meta name=\"twitter:label1\" content=\"Gesch\u00e4tzte Lesezeit\" \/>\n\t<meta name=\"twitter:data1\" content=\"1\u00a0Minute\" \/>\n<script type=\"application\/ld+json\" class=\"yoast-schema-graph\">{\"@context\":\"https:\/\/schema.org\",\"@graph\":[{\"@type\":\"WebPage\",\"@id\":\"https:\/\/zewo.ch\/de\/spenden-fuer-die-erdbebenopfer-in-der-tuerkei-und-syrien\/#webpage\",\"url\":\"https:\/\/zewo.ch\/de\/spenden-fuer-die-erdbebenopfer-in-der-tuerkei-und-syrien\/#webpage\",\"name\":\"\",\"isPartOf\":{\"@id\":\"https:\/\/zewo.ch\/de\/#website\"},\"primaryImageOfPage\":{\"@id\":\"https:\/\/zewo.ch\/de\/spenden-fuer-die-erdbebenopfer-in-der-tuerkei-und-syrien\/#primaryimage\"},\"image\":{\"@id\":\"https:\/\/zewo.ch\/de\/spenden-fuer-die-erdbebenopfer-in-der-tuerkei-und-syrien\/#primaryimage\"},\"thumbnailUrl\":\"https:\/\/zewo.ch\/wp-content\/uploads\/2023\/02\/headerseismographerdbeben.jpg\",\"datePublished\":\"2023-02-07T16:15:13+00:00\",\"dateModified\":\"2026-02-20T14:46:02+00:00\",\"description\":\"Erfahren Sie mehr \u00fcber zertifizierte Hilfsorganisationen, die Opfern von Erdbeben Nothilfe leisten.\",\"breadcrumb\":{\"@id\":\"https:\/\/zewo.ch\/de\/spenden-fuer-die-erdbebenopfer-in-der-tuerkei-und-syrien\/#breadcrumb\"},\"inLanguage\":\"de\",\"potentialAction\":[{\"@type\":\"ReadAction\",\"target\":[\"https:\/\/zewo.ch\/de\/spenden-fuer-die-erdbebenopfer-in-der-tuerkei-und-syrien\/\"]}]},{\"@type\":\"ImageObject\",\"inLanguage\":\"de\",\"@id\":\"https:\/\/zewo.ch\/de\/spenden-fuer-die-erdbebenopfer-in-der-tuerkei-und-syrien\/#primaryimage\",\"url\":\"https:\/\/zewo.ch\/wp-content\/uploads\/2023\/02\/headerseismographerdbeben.jpg\",\"contentUrl\":\"https:\/\/zewo.ch\/wp-content\/uploads\/2023\/02\/headerseismographerdbeben.jpg\",\"width\":2200,\"height\":1283,\"caption\":\"Erdbeben Seismograph Header\"},{\"@type\":\"BreadcrumbList\",\"@id\":\"https:\/\/zewo.ch\/de\/spenden-fuer-die-erdbebenopfer-in-der-tuerkei-und-syrien\/#breadcrumb\",\"itemListElement\":[{\"@type\":\"ListItem\",\"position\":1,\"name\":\"Home\",\"item\":\"https:\/\/zewo.ch\/de\/\"},{\"@type\":\"ListItem\",\"position\":2,\"name\":\"Spenden f\u00fcr die Erdbebenopfer in der T\u00fcrkei und Syrien\"}]},{\"@type\":\"WebSite\",\"@id\":\"https:\/\/zewo.ch\/de\/#website\",\"url\":\"https:\/\/zewo.ch\/de\/\",\"name\":\"Zewo\",\"description\":\"Ihre Spende in guten H\u00e4nden.\",\"publisher\":{\"@id\":\"https:\/\/zewo.ch\/de\/#organization\"},\"potentialAction\":[{\"@type\":\"SearchAction\",\"target\":{\"@type\":\"EntryPoint\",\"urlTemplate\":\"https:\/\/zewo.ch\/de\/?s={search_term_string}\"},\"query-input\":{\"@type\":\"PropertyValueSpecification\",\"valueRequired\":true,\"valueName\":\"search_term_string\"}}],\"inLanguage\":\"de\"},{\"@type\":\"Organization\",\"@id\":\"https:\/\/zewo.ch\/de\/#organization\",\"name\":\"Stiftung Zewo\",\"url\":\"https:\/\/zewo.ch\/de\/\",\"logo\":{\"@type\":\"ImageObject\",\"inLanguage\":\"de\",\"@id\":\"https:\/\/zewo.ch\/de\/#\/schema\/logo\/image\/\",\"url\":\"https:\/\/zewo.ch\/wp-content\/uploads\/2019\/08\/Zewo_Logo_Claim_D.svg\",\"contentUrl\":\"https:\/\/zewo.ch\/wp-content\/uploads\/2019\/08\/Zewo_Logo_Claim_D.svg\",\"width\":1,\"height\":1,\"caption\":\"Stiftung Zewo\"},\"image\":{\"@id\":\"https:\/\/zewo.ch\/de\/#\/schema\/logo\/image\/\"},\"sameAs\":[\"https:\/\/www.facebook.com\/Stiftung.ZEWO\/\",\"https:\/\/x.com\/stiftung_zewo\",\"https:\/\/www.linkedin.com\/company\/stiftung-zewo\",\"https:\/\/www.youtube.com\/channel\/UCzjsVJro12OXcvvx1LQP8tw\",\"https:\/\/de.wikipedia.org\/wiki\/Zewo\"]}]}<\/script>\n<!-- \/ Yoast SEO Premium plugin. -->","yoast_head_json":{"title":"Zewo","description":"Erfahren Sie mehr \u00fcber zertifizierte Hilfsorganisationen, die Opfern von Erdbeben Nothilfe leisten.","robots":{"index":"index","follow":"follow","max-snippet":"max-snippet:-1","max-image-preview":"max-image-preview:large","max-video-preview":"max-video-preview:-1"},"canonical":"https:\/\/zewo.ch\/de\/spenden-fuer-die-erdbebenopfer-in-der-tuerkei-und-syrien\/","og_locale":"de_DE","og_type":"article","og_description":"Erfahren Sie mehr \u00fcber zertifizierte Hilfsorganisationen, die Opfern von Erdbeben Nothilfe leisten.","og_url":"https:\/\/zewo.ch\/de\/spenden-fuer-die-erdbebenopfer-in-der-tuerkei-und-syrien\/","og_site_name":"Zewo","article_publisher":"https:\/\/www.facebook.com\/Stiftung.ZEWO\/","article_modified_time":"2026-02-20T14:46:02+00:00","og_image":[{"width":2200,"height":1283,"url":"https:\/\/zewo.ch\/wp-content\/uploads\/2023\/02\/headerseismographerdbeben.jpg","type":"image\/jpeg"}],"twitter_card":"summary_large_image","twitter_site":"@stiftung_zewo","twitter_misc":{"Gesch\u00e4tzte Lesezeit":"1\u00a0Minute"},"schema":{"@context":"https:\/\/schema.org","@graph":[{"@type":"WebPage","@id":"https:\/\/zewo.ch\/de\/spenden-fuer-die-erdbebenopfer-in-der-tuerkei-und-syrien\/#webpage","url":"https:\/\/zewo.ch\/de\/spenden-fuer-die-erdbebenopfer-in-der-tuerkei-und-syrien\/#webpage","name":"","isPartOf":{"@id":"https:\/\/zewo.ch\/de\/#website"},"primaryImageOfPage":{"@id":"https:\/\/zewo.ch\/de\/spenden-fuer-die-erdbebenopfer-in-der-tuerkei-und-syrien\/#primaryimage"},"image":{"@id":"https:\/\/zewo.ch\/de\/spenden-fuer-die-erdbebenopfer-in-der-tuerkei-und-syrien\/#primaryimage"},"thumbnailUrl":"https:\/\/zewo.ch\/wp-content\/uploads\/2023\/02\/headerseismographerdbeben.jpg","datePublished":"2023-02-07T16:15:13+00:00","dateModified":"2026-02-20T14:46:02+00:00","description":"Erfahren Sie mehr \u00fcber zertifizierte Hilfsorganisationen, die Opfern von Erdbeben Nothilfe leisten.","breadcrumb":{"@id":"https:\/\/zewo.ch\/de\/spenden-fuer-die-erdbebenopfer-in-der-tuerkei-und-syrien\/#breadcrumb"},"inLanguage":"de","potentialAction":[{"@type":"ReadAction","target":["https:\/\/zewo.ch\/de\/spenden-fuer-die-erdbebenopfer-in-der-tuerkei-und-syrien\/"]}]},{"@type":"ImageObject","inLanguage":"de","@id":"https:\/\/zewo.ch\/de\/spenden-fuer-die-erdbebenopfer-in-der-tuerkei-und-syrien\/#primaryimage","url":"https:\/\/zewo.ch\/wp-content\/uploads\/2023\/02\/headerseismographerdbeben.jpg","contentUrl":"https:\/\/zewo.ch\/wp-content\/uploads\/2023\/02\/headerseismographerdbeben.jpg","width":2200,"height":1283,"caption":"Erdbeben Seismograph Header"},{"@type":"BreadcrumbList","@id":"https:\/\/zewo.ch\/de\/spenden-fuer-die-erdbebenopfer-in-der-tuerkei-und-syrien\/#breadcrumb","itemListElement":[{"@type":"ListItem","position":1,"name":"Home","item":"https:\/\/zewo.ch\/de\/"},{"@type":"ListItem","position":2,"name":"Spenden f\u00fcr die Erdbebenopfer in der T\u00fcrkei und Syrien"}]},{"@type":"WebSite","@id":"https:\/\/zewo.ch\/de\/#website","url":"https:\/\/zewo.ch\/de\/","name":"Zewo","description":"Ihre Spende in guten H\u00e4nden.","publisher":{"@id":"https:\/\/zewo.ch\/de\/#organization"},"potentialAction":[{"@type":"SearchAction","target":{"@type":"EntryPoint","urlTemplate":"https:\/\/zewo.ch\/de\/?s={search_term_string}"},"query-input":{"@type":"PropertyValueSpecification","valueRequired":true,"valueName":"search_term_string"}}],"inLanguage":"de"},{"@type":"Organization","@id":"https:\/\/zewo.ch\/de\/#organization","name":"Stiftung Zewo","url":"https:\/\/zewo.ch\/de\/","logo":{"@type":"ImageObject","inLanguage":"de","@id":"https:\/\/zewo.ch\/de\/#\/schema\/logo\/image\/","url":"https:\/\/zewo.ch\/wp-content\/uploads\/2019\/08\/Zewo_Logo_Claim_D.svg","contentUrl":"https:\/\/zewo.ch\/wp-content\/uploads\/2019\/08\/Zewo_Logo_Claim_D.svg","width":1,"height":1,"caption":"Stiftung Zewo"},"image":{"@id":"https:\/\/zewo.ch\/de\/#\/schema\/logo\/image\/"},"sameAs":["https:\/\/www.facebook.com\/Stiftung.ZEWO\/","https:\/\/x.com\/stiftung_zewo","https:\/\/www.linkedin.com\/company\/stiftung-zewo","https:\/\/www.youtube.com\/channel\/UCzjsVJro12OXcvvx1LQP8tw","https:\/\/de.wikipedia.org\/wiki\/Zewo"]}]}},"publishpress_future_action":{"enabled":false,"date":"2026-04-30 10:06:17","action":"change-status","newStatus":"draft","terms":[],"taxonomy":"translation_priority","extraData":[]},"publishpress_future_workflow_manual_trigger":{"enabledWorkflows":[]},"_links":{"self":[{"href":"https:\/\/zewo.ch\/de\/wp-json\/wp\/v2\/pages\/5793909","targetHints":{"allow":["GET"]}}],"collection":[{"href":"https:\/\/zewo.ch\/de\/wp-json\/wp\/v2\/pages"}],"about":[{"href":"https:\/\/zewo.ch\/de\/wp-json\/wp\/v2\/types\/page"}],"author":[{"embeddable":true,"href":"https:\/\/zewo.ch\/de\/wp-json\/wp\/v2\/users\/38"}],"replies":[{"embeddable":true,"href":"https:\/\/zewo.ch\/de\/wp-json\/wp\/v2\/comments?post=5793909"}],"version-history":[{"count":54,"href":"https:\/\/zewo.ch\/de\/wp-json\/wp\/v2\/pages\/5793909\/revisions"}],"predecessor-version":[{"id":5938427,"href":"https:\/\/zewo.ch\/de\/wp-json\/wp\/v2\/pages\/5793909\/revisions\/5938427"}],"wp:featuredmedia":[{"embeddable":true,"href":"https:\/\/zewo.ch\/de\/wp-json\/wp\/v2\/media\/5794008"}],"wp:attachment":[{"href":"https:\/\/zewo.ch\/de\/wp-json\/wp\/v2\/media?parent=5793909"}],"wp:term":[{"taxonomy":"folder","embeddable":true,"href":"https:\/\/zewo.ch\/de\/wp-json\/wp\/v2\/folder?post=5793909"}],"curies":[{"name":"wp","href":"https:\/\/api.w.org\/{rel}","templated":true}]}}