{"id":5793856,"date":"2023-02-02T15:40:32","date_gmt":"2023-02-02T14:40:32","guid":{"rendered":"https:\/\/zewo.ch\/?page_id=5793856"},"modified":"2023-02-02T15:41:11","modified_gmt":"2023-02-02T14:41:11","slug":"herz-fuer-kinder-schweiz","status":"publish","type":"page","link":"https:\/\/zewo.ch\/de\/herz-fuer-kinder-schweiz\/","title":{"rendered":"Herz f\u00fcr Kinder &#8211; Schweiz"},"content":{"rendered":"\n<p><strong>2. Februar 2023<\/strong><\/p>\n\n\n\n<p><strong>Die Organisation \u00abHerz f\u00fcr Kinder &#8211; Schweiz\u00bb f\u00fchrt das Zewo-G\u00fctesiegel nicht und untersteht somit nicht unserer Kontrolle.<\/strong> <\/p>\n\n\n\n<p>Aufgrund der uns vorliegenden, \u00f6ffentlich verf\u00fcgbaren Unterlagen (Stand Januar 2023) haben wir festgestellt, dass die Organisation mindestens in den folgenden Punkten die Zewo-Standards nicht erf\u00fcllt. F\u00fcr eine abschliessende und vollst\u00e4ndige Beurteilung m\u00fcsste die Organisation ein ordentliches Pr\u00fcfverfahren durchlaufen.Der Pr\u00e4sident des Vereins ist gem\u00e4ss Jahresbericht und Webseite auch Internationaler Missionsleiter und wird f\u00fcr diese T\u00e4tigkeit verg\u00fctet. Laut Webseite gibt es nur eine andere verg\u00fctete Mitarbeiterin, welche ebenfalls noch im Vorstand t\u00e4tig ist. Gem\u00e4ss Zewo-Standard 6 m\u00fcssen das oberste Leitungsorgan und die operative Ebene, also der Vorstand und die Gesch\u00e4ftsleitung personell und funktionell getrennt sein.<\/p>\n\n\n\n<p>Gem\u00e4ss Handelsregistereintrag des Vereins sind der Pr\u00e4sident und die Vizepr\u00e4sidentin einzelunterschriftsberechtigt. Um eine angemessene interne Kontrolle sicherzustellen, muss gem\u00e4ss Zewo-Standard 7, Ziffer 3 generell kollektive Zeichnungsberechtigung f\u00fcr rechtlich bindende Gesch\u00e4fte und im Zahlungsverkehr gelten.&nbsp;<\/p>\n\n\n\n<p>&nbsp;Der Jahresbericht 2021 der Organisation fasst in drei kurzen Abs\u00e4tzen \u00abeinige Projekte\u00bb der Organisation zusammen. Auf der Webseite sind 15 Projekte beschrieben, wobei zum Teil unklar ist, ob alle noch aktuell sind. Weiter enth\u00e4lt der Jahresbericht keine genaueren Angaben dazu, welche gemeinn\u00fctzige Arbeit genau geleistet wurde oder wie die Geld- und Materialspenden eingesetzt wurden, obwohl es sich bei Letzteren um die Hauptt\u00e4tigkeit der Organisation handelt. Gem\u00e4ss Zewo-Standard 12 muss ein aussagekr\u00e4ftiger Jahresbericht \u00fcber die gesamte T\u00e4tigkeit und die Leistungen der Organisation erstellt werden.&nbsp;&nbsp;<\/p>\n\n\n\n<p>Die Jahresrechnung 2021 des Vereins entspricht nicht Swiss GAAP FER, den in der Schweiz etablierten Empfehlungen zur Rechnungslegung f\u00fcr gemeinn\u00fctzige Organisationen, die Spenden sammeln. Die Geldflussrechnung, die Rechnung \u00fcber die Ver\u00e4nderung des Kapitals und der Anhang fehlen. Weiter sind gem\u00e4ss Swiss GAAP FER im Anhang Art und Umfang wichtiger unentgeltlicher Leistungen offenzulegen. Zudem ist anzugeben, welche Bewertungsgrunds\u00e4tze f\u00fcr die Jahresrechnung angewandt wurden. Auch diese Angaben fehlen. Gem\u00e4ss Zewo-Standard 13 muss eine aussagekr\u00e4ftige und transparente Jahresrechnung gem\u00e4ss dem Rechnungslegungsstandard Swiss GAAP FER erstell und revidiert werden, die ein den tats\u00e4chlichen Verh\u00e4ltnissen entsprechendes Bild der Verm\u00f6gens-, Finanz- und Ertragslage vermittelt.&nbsp;<\/p>\n\n\n\n<p>Es ist ungew\u00f6hnlich, dass in der Betriebsrechnung Naturalspenden ausgewiesen werden, da deren monet\u00e4re Bewertung meist nicht genau m\u00f6glich ist. Normalerweise werden solche Spenden im Anhang mengenm\u00e4ssig angegeben und erl\u00e4utert. Da der Anhang der Jahresrechnung fehlt, ist unklar, wie der Wert der weitergeleiteten G\u00fcter berechnet wird. Auf Anfrage teilte die Organisation mit, dass die Grosshandelswerte f\u00fcr die G\u00fcter 2006\/2007 mit der Firma EY festgelegt wurden. Ber\u00fccksichtigt man die monetarisierten Naturalspenden von 14. Mio. Franken in der Betriebsrechnung nicht, so wie dies \u00fcblicherweise der Fall ist, erh\u00e4lt man einen Gesamtaufwand von CHF 2\u2019501&#8217;712. Davon weist die Organisation rund 1.5 Millionen als Fundraising aus, was 60% der Ausgaben entspricht. Dieser Wert ist sehr hoch. Gem\u00e4ss Zewo-Standard 9 d\u00fcrften maximal 35% f\u00fcr Fundraising und Administration eingesetzt werden. Wegen der veralteten Bewertung der Naturalspenden bleibt unklar, wie stark diese die Kostenstruktur der Organisation verzerren. Es kann nicht beurteilt werden, ob die Organisation effizient arbeitet.<\/p>\n\n\n\n<p>Auch die Zusammenarbeit mit dem Verein Hilfsg\u00fcter ist unklar. In ihren jeweiligen Jahresberichten verweisen die beiden Vereine aufeinander, ohne ihre Zusammenarbeit n\u00e4her zu beschreiben. Die Mehrheit der Vorstandsmitglieder ist in beiden Vereinen identisch und die beiden Vereine haben dieselbe Adresse. Um ein den tats\u00e4chlichen Verh\u00e4ltnissen entsprechendes Bild der Verm\u00f6gens-, Finanz- und Ertragslage zu erhalten, m\u00fcssten gem\u00e4ss Swiss GAAP FER FER 30 die Rechnungen der beiden Vereine konsolidiert werden.&nbsp;&nbsp;<\/p>\n\n\n\n<p>Die Organisation ist \u00fcberschuldet und weist per 2021 ein negatives Eigenkapital von 38&#8217;547.54 Franken aus (2020: &#8211; CHF 84&#8217;221.57). Gem\u00e4ss Zewo-Standard 11, Ziffer 2, darf eine Organisation nicht \u00fcberschuldet sein. Die Organisation ist seit Jahren \u00fcberschuldet.&nbsp;&nbsp;<\/p>\n\n\n\n<div class=\"wp-block-cgb-block-zewo-block-button ab-block-button\"><a href=\"\/de\/hier-raet-die-zewo-vom-spenden-ab\/\" class=\"button primary\"><span class=\"button-arrow\"><\/span>Zur\u00fcck zur \u00dcbersicht<\/a><\/div>\n\n\n\n<p><\/p>\n","protected":false},"excerpt":{"rendered":"<p>2. Februar 2023 Die Organisation \u00abHerz f\u00fcr Kinder &#8211; Schweiz\u00bb f\u00fchrt das Zewo-G\u00fctesiegel nicht und untersteht somit nicht unserer Kontrolle. Aufgrund der uns vorliegenden, \u00f6ffentlich verf\u00fcgbaren Unterlagen (Stand Januar 2023) haben wir festgestellt, dass die Organisation mindestens in den folgenden Punkten die Zewo-Standards nicht erf\u00fcllt. F\u00fcr eine abschliessende und vollst\u00e4ndige Beurteilung m\u00fcsste die Organisation ein [&hellip;]<\/p>\n","protected":false},"author":40,"featured_media":2733,"parent":0,"menu_order":0,"comment_status":"closed","ping_status":"closed","template":"","meta":{"_acf_changed":false,"footnotes":""},"folder":[],"class_list":["post-5793856","page","type-page","status-publish","has-post-thumbnail","hentry"],"acf":[],"yoast_head":"<!-- This site is optimized with the Yoast SEO Premium plugin v26.0 (Yoast SEO v26.0) - https:\/\/yoast.com\/wordpress\/plugins\/seo\/ -->\n<title>Zewo<\/title>\n<meta name=\"description\" content=\"Die Stiftung Zewo r\u00e4t ab vor Spenden an Herz f\u00fcr Kinder - Schweiz.\" \/>\n<meta name=\"robots\" content=\"index, follow, max-snippet:-1, max-image-preview:large, max-video-preview:-1\" \/>\n<link rel=\"canonical\" href=\"https:\/\/zewo.ch\/de\/herz-fuer-kinder-schweiz\/\" \/>\n<meta property=\"og:locale\" content=\"de_DE\" \/>\n<meta property=\"og:type\" content=\"article\" \/>\n<meta property=\"og:description\" content=\"Die Stiftung Zewo r\u00e4t ab vor Spenden an Herz f\u00fcr Kinder - Schweiz.\" \/>\n<meta property=\"og:url\" content=\"https:\/\/zewo.ch\/de\/herz-fuer-kinder-schweiz\/\" \/>\n<meta property=\"og:site_name\" content=\"Zewo\" \/>\n<meta property=\"article:publisher\" content=\"https:\/\/www.facebook.com\/Stiftung.ZEWO\/\" \/>\n<meta property=\"article:modified_time\" content=\"2023-02-02T14:41:11+00:00\" \/>\n<meta property=\"og:image\" content=\"https:\/\/zewo.ch\/wp-content\/uploads\/2019\/05\/wachhund.png\" \/>\n\t<meta property=\"og:image:width\" content=\"1400\" \/>\n\t<meta property=\"og:image:height\" content=\"480\" \/>\n\t<meta property=\"og:image:type\" content=\"image\/png\" \/>\n<meta name=\"twitter:card\" content=\"summary_large_image\" \/>\n<meta name=\"twitter:site\" content=\"@stiftung_zewo\" \/>\n<meta name=\"twitter:label1\" content=\"Gesch\u00e4tzte Lesezeit\" \/>\n\t<meta name=\"twitter:data1\" content=\"3\u00a0Minuten\" \/>\n<script type=\"application\/ld+json\" class=\"yoast-schema-graph\">{\"@context\":\"https:\/\/schema.org\",\"@graph\":[{\"@type\":\"WebPage\",\"@id\":\"https:\/\/zewo.ch\/de\/herz-fuer-kinder-schweiz\/#webpage\",\"url\":\"https:\/\/zewo.ch\/de\/herz-fuer-kinder-schweiz\/#webpage\",\"name\":\"\",\"isPartOf\":{\"@id\":\"https:\/\/zewo.ch\/de\/#website\"},\"primaryImageOfPage\":{\"@id\":\"https:\/\/zewo.ch\/de\/herz-fuer-kinder-schweiz\/#primaryimage\"},\"image\":{\"@id\":\"https:\/\/zewo.ch\/de\/herz-fuer-kinder-schweiz\/#primaryimage\"},\"thumbnailUrl\":\"https:\/\/zewo.ch\/wp-content\/uploads\/2019\/05\/wachhund.png\",\"datePublished\":\"2023-02-02T14:40:32+00:00\",\"dateModified\":\"2023-02-02T14:41:11+00:00\",\"description\":\"Die Stiftung Zewo r\u00e4t ab vor Spenden an Herz f\u00fcr Kinder - Schweiz.\",\"breadcrumb\":{\"@id\":\"https:\/\/zewo.ch\/de\/herz-fuer-kinder-schweiz\/#breadcrumb\"},\"inLanguage\":\"de\",\"potentialAction\":[{\"@type\":\"ReadAction\",\"target\":[\"https:\/\/zewo.ch\/de\/herz-fuer-kinder-schweiz\/\"]}]},{\"@type\":\"ImageObject\",\"inLanguage\":\"de\",\"@id\":\"https:\/\/zewo.ch\/de\/herz-fuer-kinder-schweiz\/#primaryimage\",\"url\":\"https:\/\/zewo.ch\/wp-content\/uploads\/2019\/05\/wachhund.png\",\"contentUrl\":\"https:\/\/zewo.ch\/wp-content\/uploads\/2019\/05\/wachhund.png\",\"width\":1400,\"height\":480,\"caption\":\"Vorsicht \u2013 hier warnt die Zewo vor intransparenten NPO\"},{\"@type\":\"BreadcrumbList\",\"@id\":\"https:\/\/zewo.ch\/de\/herz-fuer-kinder-schweiz\/#breadcrumb\",\"itemListElement\":[{\"@type\":\"ListItem\",\"position\":1,\"name\":\"Home\",\"item\":\"https:\/\/zewo.ch\/de\/\"},{\"@type\":\"ListItem\",\"position\":2,\"name\":\"Herz f\u00fcr Kinder &#8211; Schweiz\"}]},{\"@type\":\"WebSite\",\"@id\":\"https:\/\/zewo.ch\/de\/#website\",\"url\":\"https:\/\/zewo.ch\/de\/\",\"name\":\"Zewo\",\"description\":\"Ihre Spende in guten H\u00e4nden.\",\"publisher\":{\"@id\":\"https:\/\/zewo.ch\/de\/#organization\"},\"potentialAction\":[{\"@type\":\"SearchAction\",\"target\":{\"@type\":\"EntryPoint\",\"urlTemplate\":\"https:\/\/zewo.ch\/de\/?s={search_term_string}\"},\"query-input\":{\"@type\":\"PropertyValueSpecification\",\"valueRequired\":true,\"valueName\":\"search_term_string\"}}],\"inLanguage\":\"de\"},{\"@type\":\"Organization\",\"@id\":\"https:\/\/zewo.ch\/de\/#organization\",\"name\":\"Stiftung Zewo\",\"url\":\"https:\/\/zewo.ch\/de\/\",\"logo\":{\"@type\":\"ImageObject\",\"inLanguage\":\"de\",\"@id\":\"https:\/\/zewo.ch\/de\/#\/schema\/logo\/image\/\",\"url\":\"https:\/\/zewo.ch\/wp-content\/uploads\/2019\/08\/Zewo_Logo_Claim_D.svg\",\"contentUrl\":\"https:\/\/zewo.ch\/wp-content\/uploads\/2019\/08\/Zewo_Logo_Claim_D.svg\",\"width\":1,\"height\":1,\"caption\":\"Stiftung Zewo\"},\"image\":{\"@id\":\"https:\/\/zewo.ch\/de\/#\/schema\/logo\/image\/\"},\"sameAs\":[\"https:\/\/www.facebook.com\/Stiftung.ZEWO\/\",\"https:\/\/x.com\/stiftung_zewo\",\"https:\/\/www.linkedin.com\/company\/stiftung-zewo\",\"https:\/\/www.youtube.com\/channel\/UCzjsVJro12OXcvvx1LQP8tw\",\"https:\/\/de.wikipedia.org\/wiki\/Zewo\"]}]}<\/script>\n<!-- \/ Yoast SEO Premium plugin. -->","yoast_head_json":{"title":"Zewo","description":"Die Stiftung Zewo r\u00e4t ab vor Spenden an Herz f\u00fcr Kinder - Schweiz.","robots":{"index":"index","follow":"follow","max-snippet":"max-snippet:-1","max-image-preview":"max-image-preview:large","max-video-preview":"max-video-preview:-1"},"canonical":"https:\/\/zewo.ch\/de\/herz-fuer-kinder-schweiz\/","og_locale":"de_DE","og_type":"article","og_description":"Die Stiftung Zewo r\u00e4t ab vor Spenden an Herz f\u00fcr Kinder - Schweiz.","og_url":"https:\/\/zewo.ch\/de\/herz-fuer-kinder-schweiz\/","og_site_name":"Zewo","article_publisher":"https:\/\/www.facebook.com\/Stiftung.ZEWO\/","article_modified_time":"2023-02-02T14:41:11+00:00","og_image":[{"width":1400,"height":480,"url":"https:\/\/zewo.ch\/wp-content\/uploads\/2019\/05\/wachhund.png","type":"image\/png"}],"twitter_card":"summary_large_image","twitter_site":"@stiftung_zewo","twitter_misc":{"Gesch\u00e4tzte Lesezeit":"3\u00a0Minuten"},"schema":{"@context":"https:\/\/schema.org","@graph":[{"@type":"WebPage","@id":"https:\/\/zewo.ch\/de\/herz-fuer-kinder-schweiz\/#webpage","url":"https:\/\/zewo.ch\/de\/herz-fuer-kinder-schweiz\/#webpage","name":"","isPartOf":{"@id":"https:\/\/zewo.ch\/de\/#website"},"primaryImageOfPage":{"@id":"https:\/\/zewo.ch\/de\/herz-fuer-kinder-schweiz\/#primaryimage"},"image":{"@id":"https:\/\/zewo.ch\/de\/herz-fuer-kinder-schweiz\/#primaryimage"},"thumbnailUrl":"https:\/\/zewo.ch\/wp-content\/uploads\/2019\/05\/wachhund.png","datePublished":"2023-02-02T14:40:32+00:00","dateModified":"2023-02-02T14:41:11+00:00","description":"Die Stiftung Zewo r\u00e4t ab vor Spenden an Herz f\u00fcr Kinder - Schweiz.","breadcrumb":{"@id":"https:\/\/zewo.ch\/de\/herz-fuer-kinder-schweiz\/#breadcrumb"},"inLanguage":"de","potentialAction":[{"@type":"ReadAction","target":["https:\/\/zewo.ch\/de\/herz-fuer-kinder-schweiz\/"]}]},{"@type":"ImageObject","inLanguage":"de","@id":"https:\/\/zewo.ch\/de\/herz-fuer-kinder-schweiz\/#primaryimage","url":"https:\/\/zewo.ch\/wp-content\/uploads\/2019\/05\/wachhund.png","contentUrl":"https:\/\/zewo.ch\/wp-content\/uploads\/2019\/05\/wachhund.png","width":1400,"height":480,"caption":"Vorsicht \u2013 hier warnt die Zewo vor intransparenten NPO"},{"@type":"BreadcrumbList","@id":"https:\/\/zewo.ch\/de\/herz-fuer-kinder-schweiz\/#breadcrumb","itemListElement":[{"@type":"ListItem","position":1,"name":"Home","item":"https:\/\/zewo.ch\/de\/"},{"@type":"ListItem","position":2,"name":"Herz f\u00fcr Kinder &#8211; Schweiz"}]},{"@type":"WebSite","@id":"https:\/\/zewo.ch\/de\/#website","url":"https:\/\/zewo.ch\/de\/","name":"Zewo","description":"Ihre Spende in guten H\u00e4nden.","publisher":{"@id":"https:\/\/zewo.ch\/de\/#organization"},"potentialAction":[{"@type":"SearchAction","target":{"@type":"EntryPoint","urlTemplate":"https:\/\/zewo.ch\/de\/?s={search_term_string}"},"query-input":{"@type":"PropertyValueSpecification","valueRequired":true,"valueName":"search_term_string"}}],"inLanguage":"de"},{"@type":"Organization","@id":"https:\/\/zewo.ch\/de\/#organization","name":"Stiftung Zewo","url":"https:\/\/zewo.ch\/de\/","logo":{"@type":"ImageObject","inLanguage":"de","@id":"https:\/\/zewo.ch\/de\/#\/schema\/logo\/image\/","url":"https:\/\/zewo.ch\/wp-content\/uploads\/2019\/08\/Zewo_Logo_Claim_D.svg","contentUrl":"https:\/\/zewo.ch\/wp-content\/uploads\/2019\/08\/Zewo_Logo_Claim_D.svg","width":1,"height":1,"caption":"Stiftung Zewo"},"image":{"@id":"https:\/\/zewo.ch\/de\/#\/schema\/logo\/image\/"},"sameAs":["https:\/\/www.facebook.com\/Stiftung.ZEWO\/","https:\/\/x.com\/stiftung_zewo","https:\/\/www.linkedin.com\/company\/stiftung-zewo","https:\/\/www.youtube.com\/channel\/UCzjsVJro12OXcvvx1LQP8tw","https:\/\/de.wikipedia.org\/wiki\/Zewo"]}]}},"publishpress_future_action":{"enabled":false,"date":"2026-04-22 23:06:38","action":"change-status","newStatus":"draft","terms":[],"taxonomy":"translation_priority","extraData":[]},"publishpress_future_workflow_manual_trigger":{"enabledWorkflows":[]},"_links":{"self":[{"href":"https:\/\/zewo.ch\/de\/wp-json\/wp\/v2\/pages\/5793856","targetHints":{"allow":["GET"]}}],"collection":[{"href":"https:\/\/zewo.ch\/de\/wp-json\/wp\/v2\/pages"}],"about":[{"href":"https:\/\/zewo.ch\/de\/wp-json\/wp\/v2\/types\/page"}],"author":[{"embeddable":true,"href":"https:\/\/zewo.ch\/de\/wp-json\/wp\/v2\/users\/40"}],"replies":[{"embeddable":true,"href":"https:\/\/zewo.ch\/de\/wp-json\/wp\/v2\/comments?post=5793856"}],"version-history":[{"count":2,"href":"https:\/\/zewo.ch\/de\/wp-json\/wp\/v2\/pages\/5793856\/revisions"}],"predecessor-version":[{"id":5793859,"href":"https:\/\/zewo.ch\/de\/wp-json\/wp\/v2\/pages\/5793856\/revisions\/5793859"}],"wp:featuredmedia":[{"embeddable":true,"href":"https:\/\/zewo.ch\/de\/wp-json\/wp\/v2\/media\/2733"}],"wp:attachment":[{"href":"https:\/\/zewo.ch\/de\/wp-json\/wp\/v2\/media?parent=5793856"}],"wp:term":[{"taxonomy":"folder","embeddable":true,"href":"https:\/\/zewo.ch\/de\/wp-json\/wp\/v2\/folder?post=5793856"}],"curies":[{"name":"wp","href":"https:\/\/api.w.org\/{rel}","templated":true}]}}