{"id":5787119,"date":"2022-02-28T13:12:50","date_gmt":"2022-02-28T12:12:50","guid":{"rendered":"https:\/\/zewo.ch\/?page_id=5787119"},"modified":"2025-08-26T15:21:20","modified_gmt":"2025-08-26T13:21:20","slug":"spenden-ukraine","status":"publish","type":"page","link":"https:\/\/zewo.ch\/de\/spenden-ukraine\/","title":{"rendered":"Spenden f\u00fcr die Ukraine"},"content":{"rendered":"\n<h2 class=\"wp-block-heading\" id=\"h-schweizer-hilfswerke-leisten-nothilfe\">Schweizer Hilfswerke leisten Nothilfe<\/h2>\n\n\n\n<p><strong>Am 24. Februar 2022 hat Russland einen Angriffskrieg gegen die Ukraine begonnen. Die ukrainische Bev\u00f6lkerung ist dadurch in grosse Not geraten. Dank Ihrer Spende leisten Schweizer Hilfswerke jetzt dringend ben\u00f6tigte Hilfe.<\/strong><\/p>\n\n\n\n<p>Die Menschen in der Ukraine brauchen Schutz vor Gewalt und K\u00e4lte. Sie suchen deshalb nach einem sicheren Platz im eigenen Land oder retten sich in ein Nachbarland. In dieser \u00e4usserst schwierigen Lage leisten Schweizer Hilfswerke humanit\u00e4re Hilfe f\u00fcr die Ukraine. Mit freiwilligen Helferinnen und Helfern sowie lokalen Partnerorganisationen sorgen sie f\u00fcr warmes Essen und bieten gesch\u00fctzte Pl\u00e4tze zum Schlafen an. Sie verteilen Wasser, organisieren Transportmittel und k\u00fcmmern sich um ver\u00e4ngstigte Kinder. <\/p>\n\n\n\n<h3 class=\"wp-block-heading\" id=\"1\">Hier ist Ihre Spende f\u00fcr die Ukraine in guten H\u00e4nden<\/h3>\n\n\n\n<p>Die Solidarit\u00e4t und die Spendenbereitschaft der Schweizer Bev\u00f6lkerung ist gross. Doch dies birgt nebst spontanen Solidarit\u00e4tsaktionen auch die Gefahr von unseri\u00f6sen Spendensammlungen. Damit Sie sicher sind, dass Ihre Spende am richtigen Ort ankommt, finden Sie auf der nachfolgenden Liste seri\u00f6se und vertrauensw\u00fcrdige Hilfswerke, die f\u00fcr die Ukraine Spenden sammeln. Sie tragen alle das Zewo-G\u00fctesiegel. Die Zewo kontrolliert diese Hilfswerke regelm\u00e4ssig auf den zweckbestimmten und effizienten Einsatz der Spenden. So helfen Sie den Menschen in der Ukraine sicher.<\/p>\n\n\n\n<p>Da Sachspenden sehr zeitintensiv, der Transport teuer und die Logistik aufw\u00e4ndig sind, raten wir aktuell von Sachspenden ab.<\/p>\n\n\n\n<ul class=\"wp-block-cgb-block-zewo-block-links container container-columns-2\">\n<li class=\"wp-block-cgb-block-zewo-block-link ab-block-link\"><a href=\"https:\/\/www.caritas.ch\/de\/spenden\/hilfe-ukraine\/\" target=\"_blank\" rel=\"noopener noreferrer\" class=\"button\"><span>Caritas Schweiz<\/span><span class=\"button-arrow--long\"><\/span><\/a><\/li>\n\n\n\n<li class=\"wp-block-cgb-block-zewo-block-link ab-block-link\"><a href=\"https:\/\/www.heks.ch\/nothilfe-ukraine\" target=\"_blank\" rel=\"noopener noreferrer\" class=\"button\"><span>HEKS<\/span><span class=\"button-arrow--long\"><\/span><\/a><\/li>\n\n\n\n<li class=\"wp-block-cgb-block-zewo-block-link ab-block-link\"><a href=\"https:\/\/www.helvetas.org\/de\/schweiz\/was-wir-tun\/wo-wir-arbeiten\/partnerlaender\/ukraine\" target=\"_blank\" rel=\"noopener noreferrer\" class=\"button\"><span>Helvetas<\/span><span class=\"button-arrow--long\"><\/span><\/a><\/li>\n\n\n\n<li class=\"wp-block-cgb-block-zewo-block-link ab-block-link\"><a href=\"https:\/\/www.medair.org\/de\/emergency\/ukraine\/?amount=40&amp;currency=CHF\" target=\"_blank\" rel=\"noopener noreferrer\" class=\"button\"><span>Medair<\/span><span class=\"button-arrow--long\"><\/span><\/a><\/li>\n\n\n\n<li class=\"wp-block-cgb-block-zewo-block-link ab-block-link\"><a href=\"https:\/\/medecinsdumonde.ch\/de\/spenden-ukraine\/\" target=\"_blank\" rel=\"noopener noreferrer\" class=\"button\"><span>M\u00e9decins du Monde<\/span><span class=\"button-arrow--long\"><\/span><\/a><\/li>\n\n\n\n<li class=\"wp-block-cgb-block-zewo-block-link ab-block-link\"><a href=\"https:\/\/skat-foundation.ch\/project\/ukraine-reconstructing-healthcare\/\" target=\"_blank\" rel=\"noopener noreferrer\" class=\"button\"><span>Skat Foundation<\/span><span class=\"button-arrow--long\"><\/span><\/a><\/li>\n\n\n\n<li class=\"wp-block-cgb-block-zewo-block-link ab-block-link\"><a href=\"https:\/\/solidar.ch\/de\/projekte\/ukraine\/\" target=\"_blank\" rel=\"noopener noreferrer\" class=\"button\"><span>Solidar Suisse<\/span><span class=\"button-arrow--long\"><\/span><\/a><\/li>\n\n\n\n<li class=\"wp-block-cgb-block-zewo-block-link ab-block-link\"><a href=\"https:\/\/www.sos-kinderdorf.ch\/kindern-helfen\/spenden-abschliessen\/nothilfe-fuer-ukraine\/?utm_campaign=_landingpage-ukraine&amp;utm_source=website&amp;utm_medium=organisch&amp;utm_content=de&amp;utm_term=\" target=\"_blank\" rel=\"noopener noreferrer\" class=\"button\"><span>SOS Kinderdorf<\/span><span class=\"button-arrow--long\"><\/span><\/a><\/li>\n\n\n\n<li class=\"wp-block-cgb-block-zewo-block-link ab-block-link\"><a href=\"https:\/\/www.tdh.org\/de\/nothilfe-ukraine-krieg\" target=\"_blank\" rel=\"noopener noreferrer\" class=\"button\"><span>Terre des hommes<\/span><span class=\"button-arrow--long\"><\/span><\/a><\/li>\n\n\n\n<p><\/p>\n<\/ul>\n\n\n\n<h2>Spenden f\u00fcr die Ukraine<\/h2>\n<h3>Beitrag Kassensturz vom 1. M\u00e4rz 2022<\/h3>\n<iframe loading=\"lazy\" width=\"560px\" height=\"315px\" scrolling=\"no\" src=\"https:\/\/www.srf.ch\/play\/embed?urn=urn:srf:video:e2f3b998-e83f-4007-9710-a94371304c14&amp;subdivisions=false\" allowfullscreen=\"\" allow=\"geolocation *; autoplay; encrypted-media\"><\/iframe><br>\n\n\n\n<h3 class=\"wp-block-heading\" id=\"h-gastfamilie-fur-menschen-aus-der-ukraine-werden\">Gastfamilie f\u00fcr Menschen aus der Ukraine werden<\/h3>\n\n\n\n<p>Sie m\u00f6chten Menschen, die aus der Ukraine fliehen bei sich aufnehmen und stellen daf\u00fcr Zimmer, eine Wohnung oder ein Ferienhaus zur Verf\u00fcgung ? Dann melden Sie Ihr Angebot der Schweizerischen Fl\u00fcchtlingshilfe:&nbsp;<a href=\"https:\/\/www.fluechtlingshilfe.ch\/aktiv-werden\/hilfe-fuer-ukrainische-gefluechtete\">www.fluechtlingshilfe.ch<\/a>. <\/p>\n\n\n\n<p>Die Fl\u00fcchtlingshilfe hat Erfahrung mit der privaten Unterbringung von Menschen, die vor dem Krieg gefl\u00fcchtet sind und kennt die Bed\u00fcrfnisse von Gastfamilien. Zur Zeit baut sie gemeinsam mit ihren Partnerorganisationen in der Schweiz die notwendigen Strukturen auf, um eine professionelle Vermittlung und Begleitung von Gefl\u00fcchteten und Gastfamilien sicherzustellen. So ist alles bereit, wenn die Menschen, die aus der Ukraine vor dem Krieg fliehen, bei uns ankommen.  <\/p>\n\n\n\n<p><em>Diese Seite wird laufend aktualisiert. Letzter Stand: 15. M\u00e4rz 2022, 9.00 Uhr.<\/em><\/p>\n\n\n\n<div class=\"wp-block-cgb-block-zewo-block-button ab-block-button\"><a href=\"\/de\/spenden-bei-einer-katastrophe\/\" class=\"button primary\"><span class=\"button-arrow\"><\/span>Zur\u00fcck zur \u00dcbersicht<\/a><\/div>\n","protected":false},"excerpt":{"rendered":"<p>Schweizer Hilfswerke leisten Nothilfe Am 24. Februar 2022 hat Russland einen Angriffskrieg gegen die Ukraine begonnen. Die ukrainische Bev\u00f6lkerung ist dadurch in grosse Not geraten. Dank Ihrer Spende leisten Schweizer Hilfswerke jetzt dringend ben\u00f6tigte Hilfe. Die Menschen in der Ukraine brauchen Schutz vor Gewalt und K\u00e4lte. Sie suchen deshalb nach einem sicheren Platz im eigenen [&hellip;]<\/p>\n","protected":false},"author":38,"featured_media":5787156,"parent":0,"menu_order":0,"comment_status":"closed","ping_status":"closed","template":"","meta":{"_acf_changed":false,"footnotes":""},"folder":[6639],"class_list":["post-5787119","page","type-page","status-publish","has-post-thumbnail","hentry"],"acf":[],"yoast_head":"<!-- This site is optimized with the Yoast SEO Premium plugin v26.0 (Yoast SEO v26.0) - https:\/\/yoast.com\/wordpress\/plugins\/seo\/ -->\n<title>Zewo<\/title>\n<meta name=\"description\" content=\"Spenden Sie jetzt f\u00fcr die Menschen in der Ukraine, die dringend auf Hilfe angewiesen sind.\" \/>\n<meta name=\"robots\" content=\"index, follow, max-snippet:-1, max-image-preview:large, max-video-preview:-1\" \/>\n<link rel=\"canonical\" href=\"https:\/\/zewo.ch\/de\/spenden-ukraine\/\" \/>\n<meta property=\"og:locale\" content=\"de_DE\" \/>\n<meta property=\"og:type\" content=\"article\" \/>\n<meta property=\"og:description\" content=\"Spenden Sie jetzt f\u00fcr die Menschen in der Ukraine, die dringend auf Hilfe angewiesen sind.\" \/>\n<meta property=\"og:url\" content=\"https:\/\/zewo.ch\/de\/spenden-ukraine\/\" \/>\n<meta property=\"og:site_name\" content=\"Zewo\" \/>\n<meta property=\"article:publisher\" content=\"https:\/\/www.facebook.com\/Stiftung.ZEWO\/\" \/>\n<meta property=\"article:modified_time\" content=\"2025-08-26T13:21:20+00:00\" \/>\n<meta property=\"og:image\" content=\"https:\/\/zewo.ch\/wp-content\/uploads\/2022\/02\/spenden-ukraine-header.png\" \/>\n\t<meta property=\"og:image:width\" content=\"2200\" \/>\n\t<meta property=\"og:image:height\" content=\"440\" \/>\n\t<meta property=\"og:image:type\" content=\"image\/png\" \/>\n<meta name=\"twitter:card\" content=\"summary_large_image\" \/>\n<meta name=\"twitter:site\" content=\"@stiftung_zewo\" \/>\n<meta name=\"twitter:label1\" content=\"Gesch\u00e4tzte Lesezeit\" \/>\n\t<meta name=\"twitter:data1\" content=\"3\u00a0Minuten\" \/>\n<script type=\"application\/ld+json\" class=\"yoast-schema-graph\">{\"@context\":\"https:\/\/schema.org\",\"@graph\":[{\"@type\":\"WebPage\",\"@id\":\"https:\/\/zewo.ch\/de\/spenden-ukraine\/#webpage\",\"url\":\"https:\/\/zewo.ch\/de\/spenden-ukraine\/#webpage\",\"name\":\"\",\"isPartOf\":{\"@id\":\"https:\/\/zewo.ch\/de\/#website\"},\"primaryImageOfPage\":{\"@id\":\"https:\/\/zewo.ch\/de\/spenden-ukraine\/#primaryimage\"},\"image\":{\"@id\":\"https:\/\/zewo.ch\/de\/spenden-ukraine\/#primaryimage\"},\"thumbnailUrl\":\"https:\/\/zewo.ch\/wp-content\/uploads\/2022\/02\/spenden-ukraine-header.png\",\"datePublished\":\"2022-02-28T12:12:50+00:00\",\"dateModified\":\"2025-08-26T13:21:20+00:00\",\"description\":\"Spenden Sie jetzt f\u00fcr die Menschen in der Ukraine, die dringend auf Hilfe angewiesen sind.\",\"breadcrumb\":{\"@id\":\"https:\/\/zewo.ch\/de\/spenden-ukraine\/#breadcrumb\"},\"inLanguage\":\"de\",\"potentialAction\":[{\"@type\":\"ReadAction\",\"target\":[\"https:\/\/zewo.ch\/de\/spenden-ukraine\/\"]}]},{\"@type\":\"ImageObject\",\"inLanguage\":\"de\",\"@id\":\"https:\/\/zewo.ch\/de\/spenden-ukraine\/#primaryimage\",\"url\":\"https:\/\/zewo.ch\/wp-content\/uploads\/2022\/02\/spenden-ukraine-header.png\",\"contentUrl\":\"https:\/\/zewo.ch\/wp-content\/uploads\/2022\/02\/spenden-ukraine-header.png\",\"width\":2200,\"height\":440,\"caption\":\"Spenden f\u00fcr die Ukraine\"},{\"@type\":\"BreadcrumbList\",\"@id\":\"https:\/\/zewo.ch\/de\/spenden-ukraine\/#breadcrumb\",\"itemListElement\":[{\"@type\":\"ListItem\",\"position\":1,\"name\":\"Home\",\"item\":\"https:\/\/zewo.ch\/de\/\"},{\"@type\":\"ListItem\",\"position\":2,\"name\":\"Spenden f\u00fcr die Ukraine\"}]},{\"@type\":\"WebSite\",\"@id\":\"https:\/\/zewo.ch\/de\/#website\",\"url\":\"https:\/\/zewo.ch\/de\/\",\"name\":\"Zewo\",\"description\":\"Ihre Spende in guten H\u00e4nden.\",\"publisher\":{\"@id\":\"https:\/\/zewo.ch\/de\/#organization\"},\"potentialAction\":[{\"@type\":\"SearchAction\",\"target\":{\"@type\":\"EntryPoint\",\"urlTemplate\":\"https:\/\/zewo.ch\/de\/?s={search_term_string}\"},\"query-input\":{\"@type\":\"PropertyValueSpecification\",\"valueRequired\":true,\"valueName\":\"search_term_string\"}}],\"inLanguage\":\"de\"},{\"@type\":\"Organization\",\"@id\":\"https:\/\/zewo.ch\/de\/#organization\",\"name\":\"Stiftung Zewo\",\"url\":\"https:\/\/zewo.ch\/de\/\",\"logo\":{\"@type\":\"ImageObject\",\"inLanguage\":\"de\",\"@id\":\"https:\/\/zewo.ch\/de\/#\/schema\/logo\/image\/\",\"url\":\"https:\/\/zewo.ch\/wp-content\/uploads\/2019\/08\/Zewo_Logo_Claim_D.svg\",\"contentUrl\":\"https:\/\/zewo.ch\/wp-content\/uploads\/2019\/08\/Zewo_Logo_Claim_D.svg\",\"width\":1,\"height\":1,\"caption\":\"Stiftung Zewo\"},\"image\":{\"@id\":\"https:\/\/zewo.ch\/de\/#\/schema\/logo\/image\/\"},\"sameAs\":[\"https:\/\/www.facebook.com\/Stiftung.ZEWO\/\",\"https:\/\/x.com\/stiftung_zewo\",\"https:\/\/www.linkedin.com\/company\/stiftung-zewo\",\"https:\/\/www.youtube.com\/channel\/UCzjsVJro12OXcvvx1LQP8tw\",\"https:\/\/de.wikipedia.org\/wiki\/Zewo\"]}]}<\/script>\n<!-- \/ Yoast SEO Premium plugin. -->","yoast_head_json":{"title":"Zewo","description":"Spenden Sie jetzt f\u00fcr die Menschen in der Ukraine, die dringend auf Hilfe angewiesen sind.","robots":{"index":"index","follow":"follow","max-snippet":"max-snippet:-1","max-image-preview":"max-image-preview:large","max-video-preview":"max-video-preview:-1"},"canonical":"https:\/\/zewo.ch\/de\/spenden-ukraine\/","og_locale":"de_DE","og_type":"article","og_description":"Spenden Sie jetzt f\u00fcr die Menschen in der Ukraine, die dringend auf Hilfe angewiesen sind.","og_url":"https:\/\/zewo.ch\/de\/spenden-ukraine\/","og_site_name":"Zewo","article_publisher":"https:\/\/www.facebook.com\/Stiftung.ZEWO\/","article_modified_time":"2025-08-26T13:21:20+00:00","og_image":[{"width":2200,"height":440,"url":"https:\/\/zewo.ch\/wp-content\/uploads\/2022\/02\/spenden-ukraine-header.png","type":"image\/png"}],"twitter_card":"summary_large_image","twitter_site":"@stiftung_zewo","twitter_misc":{"Gesch\u00e4tzte Lesezeit":"3\u00a0Minuten"},"schema":{"@context":"https:\/\/schema.org","@graph":[{"@type":"WebPage","@id":"https:\/\/zewo.ch\/de\/spenden-ukraine\/#webpage","url":"https:\/\/zewo.ch\/de\/spenden-ukraine\/#webpage","name":"","isPartOf":{"@id":"https:\/\/zewo.ch\/de\/#website"},"primaryImageOfPage":{"@id":"https:\/\/zewo.ch\/de\/spenden-ukraine\/#primaryimage"},"image":{"@id":"https:\/\/zewo.ch\/de\/spenden-ukraine\/#primaryimage"},"thumbnailUrl":"https:\/\/zewo.ch\/wp-content\/uploads\/2022\/02\/spenden-ukraine-header.png","datePublished":"2022-02-28T12:12:50+00:00","dateModified":"2025-08-26T13:21:20+00:00","description":"Spenden Sie jetzt f\u00fcr die Menschen in der Ukraine, die dringend auf Hilfe angewiesen sind.","breadcrumb":{"@id":"https:\/\/zewo.ch\/de\/spenden-ukraine\/#breadcrumb"},"inLanguage":"de","potentialAction":[{"@type":"ReadAction","target":["https:\/\/zewo.ch\/de\/spenden-ukraine\/"]}]},{"@type":"ImageObject","inLanguage":"de","@id":"https:\/\/zewo.ch\/de\/spenden-ukraine\/#primaryimage","url":"https:\/\/zewo.ch\/wp-content\/uploads\/2022\/02\/spenden-ukraine-header.png","contentUrl":"https:\/\/zewo.ch\/wp-content\/uploads\/2022\/02\/spenden-ukraine-header.png","width":2200,"height":440,"caption":"Spenden f\u00fcr die Ukraine"},{"@type":"BreadcrumbList","@id":"https:\/\/zewo.ch\/de\/spenden-ukraine\/#breadcrumb","itemListElement":[{"@type":"ListItem","position":1,"name":"Home","item":"https:\/\/zewo.ch\/de\/"},{"@type":"ListItem","position":2,"name":"Spenden f\u00fcr die Ukraine"}]},{"@type":"WebSite","@id":"https:\/\/zewo.ch\/de\/#website","url":"https:\/\/zewo.ch\/de\/","name":"Zewo","description":"Ihre Spende in guten H\u00e4nden.","publisher":{"@id":"https:\/\/zewo.ch\/de\/#organization"},"potentialAction":[{"@type":"SearchAction","target":{"@type":"EntryPoint","urlTemplate":"https:\/\/zewo.ch\/de\/?s={search_term_string}"},"query-input":{"@type":"PropertyValueSpecification","valueRequired":true,"valueName":"search_term_string"}}],"inLanguage":"de"},{"@type":"Organization","@id":"https:\/\/zewo.ch\/de\/#organization","name":"Stiftung Zewo","url":"https:\/\/zewo.ch\/de\/","logo":{"@type":"ImageObject","inLanguage":"de","@id":"https:\/\/zewo.ch\/de\/#\/schema\/logo\/image\/","url":"https:\/\/zewo.ch\/wp-content\/uploads\/2019\/08\/Zewo_Logo_Claim_D.svg","contentUrl":"https:\/\/zewo.ch\/wp-content\/uploads\/2019\/08\/Zewo_Logo_Claim_D.svg","width":1,"height":1,"caption":"Stiftung Zewo"},"image":{"@id":"https:\/\/zewo.ch\/de\/#\/schema\/logo\/image\/"},"sameAs":["https:\/\/www.facebook.com\/Stiftung.ZEWO\/","https:\/\/x.com\/stiftung_zewo","https:\/\/www.linkedin.com\/company\/stiftung-zewo","https:\/\/www.youtube.com\/channel\/UCzjsVJro12OXcvvx1LQP8tw","https:\/\/de.wikipedia.org\/wiki\/Zewo"]}]}},"publishpress_future_action":{"enabled":false,"date":"2026-04-22 02:22:18","action":"change-status","newStatus":"draft","terms":[],"taxonomy":"translation_priority","extraData":[]},"publishpress_future_workflow_manual_trigger":{"enabledWorkflows":[]},"_links":{"self":[{"href":"https:\/\/zewo.ch\/de\/wp-json\/wp\/v2\/pages\/5787119","targetHints":{"allow":["GET"]}}],"collection":[{"href":"https:\/\/zewo.ch\/de\/wp-json\/wp\/v2\/pages"}],"about":[{"href":"https:\/\/zewo.ch\/de\/wp-json\/wp\/v2\/types\/page"}],"author":[{"embeddable":true,"href":"https:\/\/zewo.ch\/de\/wp-json\/wp\/v2\/users\/38"}],"replies":[{"embeddable":true,"href":"https:\/\/zewo.ch\/de\/wp-json\/wp\/v2\/comments?post=5787119"}],"version-history":[{"count":71,"href":"https:\/\/zewo.ch\/de\/wp-json\/wp\/v2\/pages\/5787119\/revisions"}],"predecessor-version":[{"id":5931870,"href":"https:\/\/zewo.ch\/de\/wp-json\/wp\/v2\/pages\/5787119\/revisions\/5931870"}],"wp:featuredmedia":[{"embeddable":true,"href":"https:\/\/zewo.ch\/de\/wp-json\/wp\/v2\/media\/5787156"}],"wp:attachment":[{"href":"https:\/\/zewo.ch\/de\/wp-json\/wp\/v2\/media?parent=5787119"}],"wp:term":[{"taxonomy":"folder","embeddable":true,"href":"https:\/\/zewo.ch\/de\/wp-json\/wp\/v2\/folder?post=5787119"}],"curies":[{"name":"wp","href":"https:\/\/api.w.org\/{rel}","templated":true}]}}