{"id":5786587,"date":"2022-03-09T08:36:54","date_gmt":"2022-03-09T07:36:54","guid":{"rendered":"https:\/\/zewo.ch\/?page_id=5786587"},"modified":"2025-02-26T16:42:49","modified_gmt":"2025-02-26T15:42:49","slug":"sammeln-mit-dem-qr-einzahlungsschein","status":"publish","type":"page","link":"https:\/\/zewo.ch\/de\/sammeln-mit-dem-qr-einzahlungsschein\/","title":{"rendered":"Sammeln mit dem QR-Einzahlungsschein"},"content":{"rendered":"\n<p><strong>Hier finden Hilfswerke alle wichtigen Informationen zum Spenden sammeln mit dem QR-Einzahlungsschein. Laden Sie einfach die Vorlagen mit dem Zewo-G\u00fctesiegel herunter. Zudem finden Sie Antworten auf h\u00e4ufige Fragen zur neuen Zahlungsmethode. <\/strong><\/p>\n\n\n\n<h2 class=\"wp-block-heading\" id=\"h-der-qr-einzahlungsschein\">Der QR-Einzahlungsschein<\/h2>\n\n\n\n<p>Seit dem<strong> 1. Oktober 2022<\/strong> verarbeiten die Zahlungsanbieter nur noch die neuen QR-Einzahlungsscheine. Diese haben das Format A6 und bestehen aus einem Empfangsschein sowie einem Zahlteil mit einem Swiss QR Code<strong>. <\/strong>Dieser QR Code enth\u00e4lt alle n\u00f6tigen Angaben f\u00fcr die Zahlung. Alle Angaben stehen auch rechts neben dem QR-Code als Text. <\/p>\n\n\n\n<p>Gem\u00e4ss den Vorgaben der SIX d\u00fcrfen auf dem QR-Einzahlungsschein keine gestalterischen Elemente oder Logos angebracht werden, weder auf der Vorderseite noch auf der R\u00fcckseite. Detaillierte Informationen zu den Gestaltungsvorgaben finden Sie im aktuellen Style Guide der SIX zur QR-Rechnung. <\/p>\n\n\n\n<div class=\"wp-block-cgb-block-zewo-block-button ab-block-button\"><a href=\"https:\/\/www.paymentstandards.ch\/dam\/downloads\/style-guide-de.pdf\" class=\"button primary\"><span class=\"button-arrow\"><\/span>Download Style Guide QR-Rechnung von SIX<\/a><\/div>\n\n\n\n<h2 class=\"wp-block-heading\">Vorlagen f\u00fcr die grafische Gestaltung <\/h2>\n\n\n\n<p>Dazu unser Tipp: Erg\u00e4nzen Sie Ihren QR-Einzahlungsschein mit einem <strong>Motivationsstreifen<\/strong>. Sie k\u00f6nnen diesen oberhalb des Zahlteils frei gestalten. Der Zahlteil und der Motivationsstreifen ergeben zusammen das Format A5 oder A4. Vor vor allem beim Format A4 gibt es gen\u00fcgend Platz f\u00fcr Ihren Spendenaufruf, das Logo Ihrer Organisation und das spendenverst\u00e4rkende Zewo-G\u00fctesiegel.<\/p>\n\n\n\n<figure class=\"wp-block-image size-full\"><img decoding=\"async\" src=\"https:\/\/zewo.ch\/wp-content\/uploads\/2022\/02\/Zewo-Vorlagen-QR-Rechnung-DE.jpg\" alt=\"Zewo QR-Einzahlungsschein Vorlagen mit G\u00fctesiegel\" class=\"wp-image-5786874\"\/><figcaption class=\"wp-element-caption\">Vorlagen QR-Rechnung mit Zewo-G\u00fctesiegel<\/figcaption><\/figure>\n\n\n\n<h2 class=\"wp-block-heading\" id=\"h-vorlagen-mit-dem-zewo-gutesiegel-herunterladen\">Vorlagen mit dem Zewo-G\u00fctesiegel herunterladen<\/h2>\n\n\n\n<p>Wir haben f\u00fcr Sie einige Vorlagen zum Herunterladen vorbereitet. Diese entsprechen exakt den Vorgaben der SIX. Die Vorlagen basieren auf adressierten Einzahlungsscheinen ohne vorgedruckten Betrag.<\/p>\n\n\n\n<div class=\"wp-block-cgb-block-zewo-block-button ab-block-button\"><a href=\"\/de\/zewo_neuer_qr_esr\/\" class=\"button primary\"><span class=\"button-arrow\"><\/span>Hier Vorlagen als PDF herunterladen<\/a><\/div>\n\n\n\n<p><strong>Wichtig:<\/strong> Bilden Sie das Zewo-G\u00fctesiegel stets auf der <strong><u>Vorderseite<\/u> <\/strong>des QR-Einzahlungsscheins ab, je nach Platz mit oder ohne Claim. So wissen Ihre Spenderinnen und Spender sofort, dass ihre Spende bei Ihnen in guten H\u00e4nden ist.<\/p>\n\n\n\n<h2 class=\"wp-block-heading\" id=\"h-nutzliche-informationen-fur-ihre-spenderinnen-und-spender\">N\u00fctzliche Informationen f\u00fcr Ihre Spenderinnen und Spender<\/h2>\n\n\n\n<p>Helfen Sie Ihren Spenderinnen und Spendern bei der Umstellung auf das Spenden mit dem neuen QR-Einzahlungsschein. Weisen Sie sie auf die verschiedenen Zahlungsm\u00f6glichkeiten hin. Und erkl\u00e4ren Sie diese auf der R\u00fcckseite n\u00e4her. F\u00fcgen Sie Ihre Telefonnummer hinzu, falls Ihre Spenderinnen und Spender Fragen haben. So pflegen Sie gleichzeitig den Kontakt zu Ihren Spenderinnen und Spendern. <\/p>\n\n\n\n<p>Auf unserer Webseite <a href=\"https:\/\/zewo.ch\/de\/spenden-mit-dem-qr-einzahlungsschein\/\" target=\"_blank\" rel=\"noreferrer noopener\">Spenden mit dem QR-Einzahlungsschein<\/a> finden Sie alles Wissenswerte zur neuen Zahlungsmethode. Nutzen Sie diese, um Ihre Spenderinnen und Spender kompetent, einfach und verst\u00e4ndlich zu informieren.<\/p>\n\n\n\n<h2 class=\"wp-block-heading\" id=\"h-antworten-auf-haufige-fragen-von-hilfswerken\">Antworten auf h\u00e4ufige Fragen von Hilfswerken<\/h2>\n\n\n\n<p><\/p>\n\n\n\n<ul class=\"wp-block-list\">\n<li><strong>Kann man bei einem Swiss QR-Code auch mit TWINT bezahlen? <\/strong><br>Nicht jeder Swiss QR-Code ist automatisch auch mit der TWINT-App bezahlbar. Die Bezahlung mit TWINT muss in den QR-Code integriert werden. Das TWINT-Logo oberhalb des Zahlteils zeigt, dass der Betrag auch mit der TWINT-App bezahlt werden kann. Wenden Sie sich bei Fragen zum Thema TWINT an Ihren Software-Partner und Ihre Bank. <\/li>\n<\/ul>\n\n\n\n<ul class=\"wp-block-list\">\n<li><strong>Laufen Dauerauftr\u00e4ge weiter wie bisher?<\/strong><br>Nein. Dauerauftr\u00e4ge, die auf einem alten orangen Einzahlungsschein (ESR) basieren, m\u00fcssen \u00fcberpr\u00fcft und angepasst werden. Ihre Spenderinnen und Spender m\u00fcssen die QR-IBAN und die QR-Referenz (auf dem QR-Einzahlungsschein) neu erfassen. <br>Die PostFinance und die Banken werden Ihre Kundinnen und Kunden rechtzeitig dar\u00fcber informieren. Weisen auch Sie Ihre Spenderinnen und Spender darauf hin, dass sie ihre Dauerauftr\u00e4ge rechtzeitig anpassen. So vermeiden Sie Spendenverluste.<\/li>\n<\/ul>\n\n\n\n<ul class=\"wp-block-list\">\n<li><strong>Kann f\u00fcr die Sammlung ein Verwendungszweck angegeben werden?<\/strong><br>Ja, wenn Sie einen QR-Einzahlungsschein erstellen, k\u00f6nnen Sie den Verwendungszweck vorgeben. Er ist dann im QR-Code enthalten. Weisen Sie im Spendenaufruf klar auf den Verwendungszweck hin. Ihre Spenderinnen und Spender k\u00f6nnen einen vorgegebenen Verwendungszweck nicht selber \u00e4ndern. <br>F\u00fcr freie Spenden, lassen Sie den Verwendungszweck offen. Weisen Sie im Spendenaufruf deutlich darauf hin, dass es sich um eine frei verf\u00fcgbare Spende handelt. <strong>Achtung: <\/strong>Die Spenderinnen und Spender k\u00f6nnen im E-Banking oder im Mobile Banking selber einen Verwendungszweck einsetzen. <\/li>\n<\/ul>\n\n\n\n<ul class=\"wp-block-list\">\n<li><strong>K\u00f6nnen mit dem QR-Einzahlungsschein weiterhin unadressierte Streuw\u00fcrfe gemacht werden?<\/strong><br>Ja, bei unadressierten Streuw\u00fcrfen lassen Sie die Adresse leer. Die Spenderinnen und Spender setzen diese dann selber ein.  <\/li>\n<\/ul>\n\n\n\n<ul class=\"wp-block-list\">\n<li><strong>K\u00f6nnen Spendenbetr\u00e4ge vorgegeben werden?<\/strong><br>Ja, Sie k\u00f6nnen bei einem QR-Einzahlungsschein einen Spendenbetrag vorgeben. Die Spenderinnen und Spender k\u00f6nnen diesen jedoch vor der \u00dcberweisung \u00e4ndern.<\/li>\n<\/ul>\n\n\n\n<ul class=\"wp-block-list\">\n<li><strong>K\u00f6nnen Spenderinnen und Spender handschriftliche Mitteilungen anbringen?<\/strong><br>Nein, das ist nicht mehr m\u00f6glich.<\/li>\n<\/ul>\n","protected":false},"excerpt":{"rendered":"<p>Hier finden Hilfswerke alle wichtigen Informationen zum Spenden sammeln mit dem QR-Einzahlungsschein. Laden Sie einfach die Vorlagen mit dem Zewo-G\u00fctesiegel herunter. Zudem finden Sie Antworten auf h\u00e4ufige Fragen zur neuen Zahlungsmethode. Der QR-Einzahlungsschein Seit dem 1. Oktober 2022 verarbeiten die Zahlungsanbieter nur noch die neuen QR-Einzahlungsscheine. Diese haben das Format A6 und bestehen aus einem [&hellip;]<\/p>\n","protected":false},"author":6,"featured_media":5786590,"parent":0,"menu_order":0,"comment_status":"closed","ping_status":"closed","template":"","meta":{"_acf_changed":false,"footnotes":""},"folder":[],"class_list":["post-5786587","page","type-page","status-publish","has-post-thumbnail","hentry"],"acf":[],"yoast_head":"<!-- This site is optimized with the Yoast SEO Premium plugin v26.0 (Yoast SEO v26.0) - https:\/\/yoast.com\/wordpress\/plugins\/seo\/ -->\n<title>Zewo<\/title>\n<meta name=\"description\" content=\"Alle Informationen zum Sammeln mit dem QR-Einzahlungsschein. Laden Sie jetzt die Vorlagen mit dem Zewo-G\u00fctesiegel herunter.\" \/>\n<meta name=\"robots\" content=\"index, follow, max-snippet:-1, max-image-preview:large, max-video-preview:-1\" \/>\n<link rel=\"canonical\" href=\"https:\/\/zewo.ch\/de\/sammeln-mit-dem-qr-einzahlungsschein\/\" \/>\n<meta property=\"og:locale\" content=\"de_DE\" \/>\n<meta property=\"og:type\" content=\"article\" \/>\n<meta property=\"og:description\" content=\"Alle Informationen zum Sammeln mit dem QR-Einzahlungsschein. Laden Sie jetzt die Vorlagen mit dem Zewo-G\u00fctesiegel herunter.\" \/>\n<meta property=\"og:url\" content=\"https:\/\/zewo.ch\/de\/sammeln-mit-dem-qr-einzahlungsschein\/\" \/>\n<meta property=\"og:site_name\" content=\"Zewo\" \/>\n<meta property=\"article:publisher\" content=\"https:\/\/www.facebook.com\/Stiftung.ZEWO\/\" \/>\n<meta property=\"article:modified_time\" content=\"2025-02-26T15:42:49+00:00\" \/>\n<meta property=\"og:image\" content=\"https:\/\/zewo.ch\/wp-content\/uploads\/2022\/01\/qr-2022.png\" \/>\n\t<meta property=\"og:image:width\" content=\"2200\" \/>\n\t<meta property=\"og:image:height\" content=\"440\" \/>\n\t<meta property=\"og:image:type\" content=\"image\/png\" \/>\n<meta name=\"twitter:card\" content=\"summary_large_image\" \/>\n<meta name=\"twitter:site\" content=\"@stiftung_zewo\" \/>\n<meta name=\"twitter:label1\" content=\"Gesch\u00e4tzte Lesezeit\" \/>\n\t<meta name=\"twitter:data1\" content=\"4\u00a0Minuten\" \/>\n<script type=\"application\/ld+json\" class=\"yoast-schema-graph\">{\"@context\":\"https:\/\/schema.org\",\"@graph\":[{\"@type\":\"WebPage\",\"@id\":\"https:\/\/zewo.ch\/de\/sammeln-mit-dem-qr-einzahlungsschein\/#webpage\",\"url\":\"https:\/\/zewo.ch\/de\/sammeln-mit-dem-qr-einzahlungsschein\/#webpage\",\"name\":\"\",\"isPartOf\":{\"@id\":\"https:\/\/zewo.ch\/de\/#website\"},\"primaryImageOfPage\":{\"@id\":\"https:\/\/zewo.ch\/de\/sammeln-mit-dem-qr-einzahlungsschein\/#primaryimage\"},\"image\":{\"@id\":\"https:\/\/zewo.ch\/de\/sammeln-mit-dem-qr-einzahlungsschein\/#primaryimage\"},\"thumbnailUrl\":\"https:\/\/zewo.ch\/wp-content\/uploads\/2022\/01\/qr-2022.png\",\"datePublished\":\"2022-03-09T07:36:54+00:00\",\"dateModified\":\"2025-02-26T15:42:49+00:00\",\"description\":\"Alle Informationen zum Sammeln mit dem QR-Einzahlungsschein. Laden Sie jetzt die Vorlagen mit dem Zewo-G\u00fctesiegel herunter.\",\"breadcrumb\":{\"@id\":\"https:\/\/zewo.ch\/de\/sammeln-mit-dem-qr-einzahlungsschein\/#breadcrumb\"},\"inLanguage\":\"de\",\"potentialAction\":[{\"@type\":\"ReadAction\",\"target\":[\"https:\/\/zewo.ch\/de\/sammeln-mit-dem-qr-einzahlungsschein\/\"]}]},{\"@type\":\"ImageObject\",\"inLanguage\":\"de\",\"@id\":\"https:\/\/zewo.ch\/de\/sammeln-mit-dem-qr-einzahlungsschein\/#primaryimage\",\"url\":\"https:\/\/zewo.ch\/wp-content\/uploads\/2022\/01\/qr-2022.png\",\"contentUrl\":\"https:\/\/zewo.ch\/wp-content\/uploads\/2022\/01\/qr-2022.png\",\"width\":2200,\"height\":440,\"caption\":\"QR-Einzahlungsschein 2022\"},{\"@type\":\"BreadcrumbList\",\"@id\":\"https:\/\/zewo.ch\/de\/sammeln-mit-dem-qr-einzahlungsschein\/#breadcrumb\",\"itemListElement\":[{\"@type\":\"ListItem\",\"position\":1,\"name\":\"Home\",\"item\":\"https:\/\/zewo.ch\/de\/\"},{\"@type\":\"ListItem\",\"position\":2,\"name\":\"Sammeln mit dem QR-Einzahlungsschein\"}]},{\"@type\":\"WebSite\",\"@id\":\"https:\/\/zewo.ch\/de\/#website\",\"url\":\"https:\/\/zewo.ch\/de\/\",\"name\":\"Zewo\",\"description\":\"Ihre Spende in guten H\u00e4nden.\",\"publisher\":{\"@id\":\"https:\/\/zewo.ch\/de\/#organization\"},\"potentialAction\":[{\"@type\":\"SearchAction\",\"target\":{\"@type\":\"EntryPoint\",\"urlTemplate\":\"https:\/\/zewo.ch\/de\/?s={search_term_string}\"},\"query-input\":{\"@type\":\"PropertyValueSpecification\",\"valueRequired\":true,\"valueName\":\"search_term_string\"}}],\"inLanguage\":\"de\"},{\"@type\":\"Organization\",\"@id\":\"https:\/\/zewo.ch\/de\/#organization\",\"name\":\"Stiftung Zewo\",\"url\":\"https:\/\/zewo.ch\/de\/\",\"logo\":{\"@type\":\"ImageObject\",\"inLanguage\":\"de\",\"@id\":\"https:\/\/zewo.ch\/de\/#\/schema\/logo\/image\/\",\"url\":\"https:\/\/zewo.ch\/wp-content\/uploads\/2019\/08\/Zewo_Logo_Claim_D.svg\",\"contentUrl\":\"https:\/\/zewo.ch\/wp-content\/uploads\/2019\/08\/Zewo_Logo_Claim_D.svg\",\"width\":1,\"height\":1,\"caption\":\"Stiftung Zewo\"},\"image\":{\"@id\":\"https:\/\/zewo.ch\/de\/#\/schema\/logo\/image\/\"},\"sameAs\":[\"https:\/\/www.facebook.com\/Stiftung.ZEWO\/\",\"https:\/\/x.com\/stiftung_zewo\",\"https:\/\/www.linkedin.com\/company\/stiftung-zewo\",\"https:\/\/www.youtube.com\/channel\/UCzjsVJro12OXcvvx1LQP8tw\",\"https:\/\/de.wikipedia.org\/wiki\/Zewo\"]}]}<\/script>\n<!-- \/ Yoast SEO Premium plugin. -->","yoast_head_json":{"title":"Zewo","description":"Alle Informationen zum Sammeln mit dem QR-Einzahlungsschein. Laden Sie jetzt die Vorlagen mit dem Zewo-G\u00fctesiegel herunter.","robots":{"index":"index","follow":"follow","max-snippet":"max-snippet:-1","max-image-preview":"max-image-preview:large","max-video-preview":"max-video-preview:-1"},"canonical":"https:\/\/zewo.ch\/de\/sammeln-mit-dem-qr-einzahlungsschein\/","og_locale":"de_DE","og_type":"article","og_description":"Alle Informationen zum Sammeln mit dem QR-Einzahlungsschein. Laden Sie jetzt die Vorlagen mit dem Zewo-G\u00fctesiegel herunter.","og_url":"https:\/\/zewo.ch\/de\/sammeln-mit-dem-qr-einzahlungsschein\/","og_site_name":"Zewo","article_publisher":"https:\/\/www.facebook.com\/Stiftung.ZEWO\/","article_modified_time":"2025-02-26T15:42:49+00:00","og_image":[{"width":2200,"height":440,"url":"https:\/\/zewo.ch\/wp-content\/uploads\/2022\/01\/qr-2022.png","type":"image\/png"}],"twitter_card":"summary_large_image","twitter_site":"@stiftung_zewo","twitter_misc":{"Gesch\u00e4tzte Lesezeit":"4\u00a0Minuten"},"schema":{"@context":"https:\/\/schema.org","@graph":[{"@type":"WebPage","@id":"https:\/\/zewo.ch\/de\/sammeln-mit-dem-qr-einzahlungsschein\/#webpage","url":"https:\/\/zewo.ch\/de\/sammeln-mit-dem-qr-einzahlungsschein\/#webpage","name":"","isPartOf":{"@id":"https:\/\/zewo.ch\/de\/#website"},"primaryImageOfPage":{"@id":"https:\/\/zewo.ch\/de\/sammeln-mit-dem-qr-einzahlungsschein\/#primaryimage"},"image":{"@id":"https:\/\/zewo.ch\/de\/sammeln-mit-dem-qr-einzahlungsschein\/#primaryimage"},"thumbnailUrl":"https:\/\/zewo.ch\/wp-content\/uploads\/2022\/01\/qr-2022.png","datePublished":"2022-03-09T07:36:54+00:00","dateModified":"2025-02-26T15:42:49+00:00","description":"Alle Informationen zum Sammeln mit dem QR-Einzahlungsschein. Laden Sie jetzt die Vorlagen mit dem Zewo-G\u00fctesiegel herunter.","breadcrumb":{"@id":"https:\/\/zewo.ch\/de\/sammeln-mit-dem-qr-einzahlungsschein\/#breadcrumb"},"inLanguage":"de","potentialAction":[{"@type":"ReadAction","target":["https:\/\/zewo.ch\/de\/sammeln-mit-dem-qr-einzahlungsschein\/"]}]},{"@type":"ImageObject","inLanguage":"de","@id":"https:\/\/zewo.ch\/de\/sammeln-mit-dem-qr-einzahlungsschein\/#primaryimage","url":"https:\/\/zewo.ch\/wp-content\/uploads\/2022\/01\/qr-2022.png","contentUrl":"https:\/\/zewo.ch\/wp-content\/uploads\/2022\/01\/qr-2022.png","width":2200,"height":440,"caption":"QR-Einzahlungsschein 2022"},{"@type":"BreadcrumbList","@id":"https:\/\/zewo.ch\/de\/sammeln-mit-dem-qr-einzahlungsschein\/#breadcrumb","itemListElement":[{"@type":"ListItem","position":1,"name":"Home","item":"https:\/\/zewo.ch\/de\/"},{"@type":"ListItem","position":2,"name":"Sammeln mit dem QR-Einzahlungsschein"}]},{"@type":"WebSite","@id":"https:\/\/zewo.ch\/de\/#website","url":"https:\/\/zewo.ch\/de\/","name":"Zewo","description":"Ihre Spende in guten H\u00e4nden.","publisher":{"@id":"https:\/\/zewo.ch\/de\/#organization"},"potentialAction":[{"@type":"SearchAction","target":{"@type":"EntryPoint","urlTemplate":"https:\/\/zewo.ch\/de\/?s={search_term_string}"},"query-input":{"@type":"PropertyValueSpecification","valueRequired":true,"valueName":"search_term_string"}}],"inLanguage":"de"},{"@type":"Organization","@id":"https:\/\/zewo.ch\/de\/#organization","name":"Stiftung Zewo","url":"https:\/\/zewo.ch\/de\/","logo":{"@type":"ImageObject","inLanguage":"de","@id":"https:\/\/zewo.ch\/de\/#\/schema\/logo\/image\/","url":"https:\/\/zewo.ch\/wp-content\/uploads\/2019\/08\/Zewo_Logo_Claim_D.svg","contentUrl":"https:\/\/zewo.ch\/wp-content\/uploads\/2019\/08\/Zewo_Logo_Claim_D.svg","width":1,"height":1,"caption":"Stiftung Zewo"},"image":{"@id":"https:\/\/zewo.ch\/de\/#\/schema\/logo\/image\/"},"sameAs":["https:\/\/www.facebook.com\/Stiftung.ZEWO\/","https:\/\/x.com\/stiftung_zewo","https:\/\/www.linkedin.com\/company\/stiftung-zewo","https:\/\/www.youtube.com\/channel\/UCzjsVJro12OXcvvx1LQP8tw","https:\/\/de.wikipedia.org\/wiki\/Zewo"]}]}},"publishpress_future_action":{"enabled":false,"date":"2026-04-21 18:49:42","action":"change-status","newStatus":"draft","terms":[],"taxonomy":"translation_priority","extraData":[]},"publishpress_future_workflow_manual_trigger":{"enabledWorkflows":[]},"_links":{"self":[{"href":"https:\/\/zewo.ch\/de\/wp-json\/wp\/v2\/pages\/5786587","targetHints":{"allow":["GET"]}}],"collection":[{"href":"https:\/\/zewo.ch\/de\/wp-json\/wp\/v2\/pages"}],"about":[{"href":"https:\/\/zewo.ch\/de\/wp-json\/wp\/v2\/types\/page"}],"author":[{"embeddable":true,"href":"https:\/\/zewo.ch\/de\/wp-json\/wp\/v2\/users\/6"}],"replies":[{"embeddable":true,"href":"https:\/\/zewo.ch\/de\/wp-json\/wp\/v2\/comments?post=5786587"}],"version-history":[{"count":59,"href":"https:\/\/zewo.ch\/de\/wp-json\/wp\/v2\/pages\/5786587\/revisions"}],"predecessor-version":[{"id":5926649,"href":"https:\/\/zewo.ch\/de\/wp-json\/wp\/v2\/pages\/5786587\/revisions\/5926649"}],"wp:featuredmedia":[{"embeddable":true,"href":"https:\/\/zewo.ch\/de\/wp-json\/wp\/v2\/media\/5786590"}],"wp:attachment":[{"href":"https:\/\/zewo.ch\/de\/wp-json\/wp\/v2\/media?parent=5786587"}],"wp:term":[{"taxonomy":"folder","embeddable":true,"href":"https:\/\/zewo.ch\/de\/wp-json\/wp\/v2\/folder?post=5786587"}],"curies":[{"name":"wp","href":"https:\/\/api.w.org\/{rel}","templated":true}]}}