{"id":5785969,"date":"2022-02-09T11:18:19","date_gmt":"2022-02-09T10:18:19","guid":{"rendered":"https:\/\/zewo.ch\/?page_id=5785969"},"modified":"2025-07-03T10:31:49","modified_gmt":"2025-07-03T08:31:49","slug":"spenden-mit-dem-qr-einzahlungsschein","status":"publish","type":"page","link":"https:\/\/zewo.ch\/de\/spenden-mit-dem-qr-einzahlungsschein\/","title":{"rendered":"Spenden mit dem QR-Einzahlungsschein"},"content":{"rendered":"\n<p><strong>Neue Einzahlungsscheine mit einem schwarz-weissen Muster, dem Swiss QR-Code, l\u00f6sen nach und nach die roten und orangen Einzahlungsscheine ab. Seit dem 1. Oktober 2022 werden keine alten Einzahlungsscheine mehr angenommen. Auch Hilfswerke nutzen f\u00fcr ihre Sammlungen den QR-Code. Hier finden Sie n\u00fctzliche Informationen rund ums Spenden mit dem QR-Einzahlungsschein.<\/strong><\/p>\n\n\n\n<p><strong>Was ist ein&nbsp;QR-Code?<\/strong><\/p>\n\n\n\n<p>Der&nbsp;QR-Code&nbsp;auf dem neuen Einzahlungsschein enth\u00e4lt alle Informationen, die f\u00fcr eine Zahlung wichtig sind. Die Kamera Ihres Computers und Ihres Smartphones k\u00f6nnen den QR-Code lesen. Alle Angaben finden Sie aber auch als&nbsp;Text&nbsp;neben dem QR-Code.<\/p>\n\n\n\n<p><strong>Wie funktioniert der QR-Code?<\/strong><\/p>\n\n\n\n<p>Mit dem QR-Code wird das Bezahlen von Rechnungen noch einfacher. Der Erkl\u00e4rfilm von Pro Senectute zeigt, wie es geht:<\/p>\n\n\n\n<figure class=\"wp-block-embed is-type-video is-provider-youtube wp-block-embed-youtube wp-embed-aspect-16-9 wp-has-aspect-ratio\"><div class=\"wp-block-embed__wrapper\">\n<iframe loading=\"lazy\" title=\"Neuer QR-Einzahlungsschein 2022\" width=\"720\" height=\"405\" src=\"https:\/\/www.youtube.com\/embed\/9LhIidW-Ae8?feature=oembed\" frameborder=\"0\" allow=\"accelerometer; autoplay; clipboard-write; encrypted-media; gyroscope; picture-in-picture; web-share\" referrerpolicy=\"strict-origin-when-cross-origin\" allowfullscreen><\/iframe>\n<\/div><figcaption class=\"wp-element-caption\">Youtube Erkl\u00e4rfilm von Pro Senectute<\/figcaption><\/figure>\n\n\n\n<h3 class=\"wp-block-heading\" id=\"h-sie-konnen-mit-dem-qr-einzahlungsschein-auch-spenden-diese-4-wege-stehen-ihnen-dafur-offen\"><strong>Sie k\u00f6nnen mit dem QR-Einzahlungsschein auch spenden. Diese 4 Wege stehen Ihnen daf\u00fcr offen:<\/strong><\/h3>\n\n\n\n<ul class=\"wp-block-cgb-block-zewo-block-accordion accordion\" data-accordion=\"true\" data-allow-all-closed=\"true\">\n<li class=\"accordion-item \" data-accordion-item=\"true\"><a href=\"#\" class=\"accordion-title\"><strong>Am Computer<\/strong><\/a><div class=\"accordion-content\" data-tab-content=\"true\">\n<p>Loggen Sie sich in Ihrem E-Banking wie gewohnt ein. Folgen Sie den Anweisungen, um eine neue Zahlung zu erfassen. Halten Sie den QR-Code vor die Kamera Ihres Computers. Diese erfasst automatisch alle Angaben und zeigt sie Ihnen am Bildschirm an. Den Betrag Ihrer Spende k\u00f6nnen Sie noch \u00e4ndern, bevor Sie die \u00dcberweisung freigeben. Im entsprechenden Feld k\u00f6nnen Sie eine Mitteilung an das Hilfswerk erg\u00e4nzen. Dies verursacht allerdings Verarbeitungsaufwand bei den Hilfswerken.<\/p>\n<\/div><\/li>\n\n\n\n<li class=\"accordion-item \" data-accordion-item=\"true\"><a href=\"#\" class=\"accordion-title\"><strong>Mit dem Smartphone und Apps (Twint)<\/strong><\/a><div class=\"accordion-content\" data-tab-content=\"true\">\n<p>Loggen Sie&nbsp;sich \u00fcber die App Ihrer Bank oder von PostFinance ins Mobile-Banking ein. Erfassen&nbsp;Sie die Zahlung&nbsp;und folgen Sie den Anweisungen. Alle notwendigen&nbsp;Angaben werden&nbsp;automatisch erfasst. Sie k\u00f6nnen den Betrag \u00e4ndern und im entsprechenden Feld bei Bedarf eine Mitteilung&nbsp;eingeben. Diese zu verarbeiten verursacht allerdings zus\u00e4tzlichen Aufwand beim&nbsp;Hilfswerk.<\/p>\n\n\n\n<p>Bei QR-Einzahlungsscheinen mit einem Twint-Logo k\u00f6nnen Sie auch mit der Twint-App spenden. \u00d6ffnen Sie die Twint-App auf Ihrem Smartphone und folgen Sie den Anweisungen. <\/p>\n\n\n\n<p>Gut zu wissen: Hilfswerke setzen auch QR-Codes ein, die Sie auf ihre Website f\u00fchren. Dort finden Sie viele Wege, wie Sie Ihre Spende direkt \u00fcberweisen k\u00f6nnen. Sie brauchen dazu keinen QR-Einzahlungsschein. Scannen Sie den QR-Code auf den Unterlagen Ihres Hilfswerks einfach mit der Kamera Ihres Smartphones ein und w\u00e4hlen Sie dann aus, auf welchem der angebotenen Wege Sie spenden m\u00f6chten. <\/p>\n<\/div><\/li>\n\n\n\n<li class=\"accordion-item \" data-accordion-item=\"true\"><a href=\"#\" class=\"accordion-title\"><strong>Per Zahlungsauftrag an Ihre Bank<\/strong><\/a><div class=\"accordion-content\" data-tab-content=\"true\">\n<p>Der QR-Einzahlungsschein funktioniert fast gleich wie ein herk\u00f6mmlicher Einzahlungsschein. Legen Sie ihn einfach dem Zahlungsauftrag bei und schicken Sie ihn an Ihre Bank. Falls Sie f\u00fcr Ihre Spende keinen Einzahlungsschein mit einem vorgedruckten Betrag verwenden, tragen Sie den Spendenbetrag ein. Handschriftliche Mitteilungen sind auf dem neuen QR-Einzahlungsschein jedoch nicht mehr m\u00f6glich.<\/p>\n<\/div><\/li>\n\n\n\n<li class=\"accordion-item \" data-accordion-item=\"true\"><a href=\"#\" class=\"accordion-title\"><strong>Am Postschalter<\/strong><\/a><div class=\"accordion-content\" data-tab-content=\"true\">\n<p>Gehen Sie mit dem QR-Einzahlungsschein an den Postschalter. Die Angestellten der Post verarbeiten ihn dort f\u00fcr Sie. Ihre Spenden bezahlen Sie mit Ihrer PostFinance-Karte oder bar am Schalter. Halten Sie f\u00fcr diesen Fall Ihren Ausweis bereit. Gut zu wissen: F\u00fcr Spenden, die ein Hilfswerke auf diesem Weg erh\u00e4lt, zahlt das Hilfswerk Geb\u00fchren an die Post. <\/p>\n\n\n\n<p><strong>Trauerspenden<\/strong><br>Im Fall von Trauerspenden ist oft kein QR-Einzahlungsschein vorhanden. Sie k\u00f6nnen aber auch in Zukunft Trauerspenden am Postschalter einzahlen. Daf\u00fcr ben\u00f6tigen Sie lediglich die IBAN-Kontonummer des Hilfswerks. Die Angestellten der Post erfassen f\u00fcr Sie auf Wunsch auch zus\u00e4tzliche Angaben, wie zum Beispiel den Namen der verstorbenen Person. Diese Angaben werden von der Post an das Hilfswerk weitergeleitet, damit dieses die Trauerspende zuordnen kann.<\/p>\n<\/div><\/li>\n<\/ul>\n\n\n\n<h3 class=\"wp-block-heading\" id=\"Fragen\"> <strong>Fragen und Antworten zum Spenden mit dem neuen QR-Einzahlungsschein<\/strong><\/h3>\n\n\n\n<ul class=\"wp-block-list\">\n<li><strong>Kann ich auch weiterhin mit den roten und orangen Einzahlungsscheinen spenden?<\/strong><br>Bis zum 30. September 2022 k\u00f6nnen Sie noch mit den heutigen Einzahlungsscheinen spenden. Ab dem 1. Oktober 2022 k\u00f6nnen solche Spenden aber nicht mehr verarbeitet werden, weder online noch am Postschalter.<\/li>\n<\/ul>\n\n\n\n<ul class=\"wp-block-list\" id=\"block-3e9e2b09-0217-4aa2-b466-09002d126d0f\">\n<li><strong>Kann ich bei Spenden mit dem QR-Einzahlungsschein vermerken, f\u00fcr welchen Zweck oder welches Projekt ich spenden m\u00f6chte?<\/strong><br>Sammelt ein Hilfswerk f\u00fcr einen ganz bestimmten Zweck, zum Beispiel bei einer Katastrophe, geht dies aus dem Sammlungsaufruf hervor. Der Verwendungszweck ist deshalb bereits im QR-Code enthalten. Wenn Sie diesen QR-Einzahlungsschein verwenden, muss das Hilfswerk Ihre Spende genau f\u00fcr diesen Zweck einsetzen.<br><br>Sammelt das Hilfswerk freie Spenden, enth\u00e4lt der QR-Code&nbsp;keinen Spendenzweck. Wenn Sie&nbsp;am Computer, mit dem Smartphone oder per Bezahl-App spenden, k\u00f6nnen Sie im&nbsp;Mitteilungsfeld den Verwendungszweck nachtr\u00e4glich angeben. Solche individuellen Mitteilungen verursachen jedoch zus\u00e4tzlichen Arbeitsaufwand beim&nbsp;Hilfswerk. <\/li>\n<\/ul>\n\n\n\n<ul class=\"wp-block-list\">\n<li><strong>Kann ich mit dem QR-Einzahlungsschein anonym spenden?<\/strong><br>Nein, das ist nicht m\u00f6glich. Die Angaben des Auftraggebers werden automatisch vom E-Banking oder Mobile-Banking erg\u00e4nzt.<\/li>\n<\/ul>\n\n\n\n<ul class=\"wp-block-list\">\n<li><strong>Kann ich mit dem QR-Einzahlungsschein einen beliebigen Betrag spenden?<\/strong><br>Ja, der Betrag ist frei w\u00e4hlbar. <\/li>\n<\/ul>\n\n\n\n<ul class=\"wp-block-list\">\n<li><strong>Laufen meine bestehenden Dauerauftr\u00e4ge automatisch weiter?<\/strong><br>Grunds\u00e4tzlich sollten der Empf\u00e4nger des&nbsp;Dauerauftrags oder Ihre Bank Sie auf eine erforderliche Anpassung hinweisen.&nbsp;Unsere Empfehlung: Pr\u00fcfen Sie proaktiv, ob&nbsp;Ihre Dauerauftr\u00e4ge weiterhin&nbsp;korrekt ausgef\u00fchrt werden. Insbesondere Dauerauftr\u00e4ge auf Basis&nbsp;eines&nbsp;ESR-Auftrags m\u00fcssen an die neue QR-Rechnung (Rechnung mit&nbsp;QR-Einzahlungsschein) mit QR-IBAN und QR-Referenz angepasst werden. Sonst werden diese Dauerauftr\u00e4ge ab dem 1. Oktober 2022&nbsp;nicht mehr&nbsp;ausgef\u00fchrt. Dies betrifft regelm\u00e4ssige Zahlungen an Privatpersonen, Unternehmen oder auch Hilfswerke. <\/li>\n<\/ul>\n\n\n\n<ul class=\"wp-block-list\">\n<li><strong>Laufen meine bestehenden Lastschriftverfahren oder Direct Debit Auftr\u00e4ge automatisch weiter?<\/strong><br>Ja. Sie m\u00fcssen sich nicht darum k\u00fcmmern.<\/li>\n<\/ul>\n\n\n\n<ul class=\"wp-block-list\">\n<li><strong>Ist die Bezahlung mit dem QR-Einzahlungsschein sicher?<\/strong><br>Ja. Alle Daten zur Zahlung, die im QR-Code enthalten&nbsp;sind, finden Sie auch rechts im Klartext. Wir empfehlen Ihnen, diese Daten nach&nbsp;dem Scannen des QR-Codes noch einmal zu&nbsp;\u00fcberpr\u00fcfen, bevor Sie die Zahlung&nbsp;freigeben.<\/li>\n<\/ul>\n\n\n\n<h3 class=\"wp-block-heading\" id=\"h-nutzliche-links\"><strong>N\u00fctzliche Links<\/strong><\/h3>\n\n\n\n<p>Bei weiteren Fragen rund um Zahlungen mit dem QR-Einzahlungsschein schauen Sie bei&nbsp;<a href=\"https:\/\/www.prosenectute.ch\/de\/ratgeber\/finanzen\/neuer-einzahlungsschein.html\" target=\"_blank\" rel=\"noreferrer noopener\">www.prosenectute.ch\/einzahlungsschein<\/a>&nbsp;vorbei.<\/p>\n\n\n\n<p>Auf den kantonalen Beratungsstellen unterst\u00fctzen&nbsp;Fachpersonen von Pro Senectute Seniorinnen und Senioren&nbsp;sowie deren Bezugspersonen bei Fragen zum Umgang mit dem&nbsp;QR-Einzahlungsschein. Wenden Sie sich bei Fragen an die zust\u00e4ndige Beratungsstelle in Ihrer Region: <a href=\"https:\/\/www.prosenectute.ch\/de.html\" target=\"_blank\" rel=\"noreferrer noopener\">www.prosenectute.ch\/de<\/a>.<\/p>\n\n\n\n<div class=\"wp-block-cgb-block-zewo-block-columns-container container bg-color-light-gray\"><div class=\"grid-x grid-margin-x\" data-columns=\"3\">\n<div class=\"cell small-12 medium-6\"><div class=\"wp-block-cgb-block-zewo-block-image-text-teaser ab-block-cta\"><div class=\"ab-cta-image-wrap bg-color-secondary\"><img decoding=\"async\" class=\"ab-cta-image\" src=\"https:\/\/zewo.ch\/wp-content\/uploads\/2019\/08\/Zewo-Hilfswerksuche-2.jpg\" alt=\"Zewo-Hilfswerksuche\"\/><\/div><div class=\"ab-cta-content\"><h2 class=\"ab-cta-title\">Suchen Sie eine zertifizierte NPO?<\/h2><div class=\"ab-cta-text\">\n<p>Mit der Online-Suche finden Sie alle NPO, die das Zewo-G\u00fctesiegel tragen. Das Suchergebnis zeigt, wem sie helfen, wo sie t\u00e4tig sind und wie Sie die NPO unterst\u00fctzen k\u00f6nnen. <\/p>\n<\/div><\/div><div class=\"ab-cta-button\"><a href=\"\/de\/npo-suche\/\" target=\"_self\" rel=\"noopener noreferrer\" class=\"button primary button-teaser\"><span class=\"button-arrow\"><\/span>NPO finden<\/a><\/div><a href=\"\/de\/npo-suche\/\" target=\"_self\" rel=\"noopener noreferrer\" class=\"button-teaser--is-full\"><\/a><\/div><\/div>\n\n\n\n\n<\/div><\/div>\n","protected":false},"excerpt":{"rendered":"<p>Neue Einzahlungsscheine mit einem schwarz-weissen Muster, dem Swiss QR-Code, l\u00f6sen nach und nach die roten und orangen Einzahlungsscheine ab. Seit dem 1. Oktober 2022 werden keine alten Einzahlungsscheine mehr angenommen. Auch Hilfswerke nutzen f\u00fcr ihre Sammlungen den QR-Code. Hier finden Sie n\u00fctzliche Informationen rund ums Spenden mit dem QR-Einzahlungsschein. Was ist ein&nbsp;QR-Code? Der&nbsp;QR-Code&nbsp;auf dem neuen [&hellip;]<\/p>\n","protected":false},"author":6,"featured_media":5786530,"parent":0,"menu_order":0,"comment_status":"closed","ping_status":"closed","template":"","meta":{"_acf_changed":false,"footnotes":""},"folder":[],"class_list":["post-5785969","page","type-page","status-publish","has-post-thumbnail","hentry"],"acf":[],"yoast_head":"<!-- This site is optimized with the Yoast SEO Premium plugin v26.0 (Yoast SEO v26.0) - https:\/\/yoast.com\/wordpress\/plugins\/seo\/ -->\n<title>Zewo<\/title>\n<meta name=\"description\" content=\"Hilfswerke versenden ihre Sammlungsaufrufe neu mit einer QR-Rechnung. Hier finden Sie alle Informationen zum Spenden mit dem QR-Einzahlungsschein.\" \/>\n<meta name=\"robots\" content=\"index, follow, max-snippet:-1, max-image-preview:large, max-video-preview:-1\" \/>\n<link rel=\"canonical\" href=\"https:\/\/zewo.ch\/de\/spenden-mit-dem-qr-einzahlungsschein\/\" \/>\n<meta property=\"og:locale\" content=\"de_DE\" \/>\n<meta property=\"og:type\" content=\"article\" \/>\n<meta property=\"og:description\" content=\"Hilfswerke versenden ihre Sammlungsaufrufe neu mit einer QR-Rechnung. Hier finden Sie alle Informationen zum Spenden mit dem QR-Einzahlungsschein.\" \/>\n<meta property=\"og:url\" content=\"https:\/\/zewo.ch\/de\/spenden-mit-dem-qr-einzahlungsschein\/\" \/>\n<meta property=\"og:site_name\" content=\"Zewo\" \/>\n<meta property=\"article:publisher\" content=\"https:\/\/www.facebook.com\/Stiftung.ZEWO\/\" \/>\n<meta property=\"article:modified_time\" content=\"2025-07-03T08:31:49+00:00\" \/>\n<meta property=\"og:image\" content=\"https:\/\/zewo.ch\/wp-content\/uploads\/2022\/01\/header-qr-rechnung-DE.jpg\" \/>\n\t<meta property=\"og:image:width\" content=\"2200\" \/>\n\t<meta property=\"og:image:height\" content=\"440\" \/>\n\t<meta property=\"og:image:type\" content=\"image\/jpeg\" \/>\n<meta name=\"twitter:card\" content=\"summary_large_image\" \/>\n<meta name=\"twitter:site\" content=\"@stiftung_zewo\" \/>\n<meta name=\"twitter:label1\" content=\"Gesch\u00e4tzte Lesezeit\" \/>\n\t<meta name=\"twitter:data1\" content=\"21\u00a0Minuten\" \/>\n<script type=\"application\/ld+json\" class=\"yoast-schema-graph\">{\"@context\":\"https:\/\/schema.org\",\"@graph\":[{\"@type\":\"WebPage\",\"@id\":\"https:\/\/zewo.ch\/de\/spenden-mit-dem-qr-einzahlungsschein\/#webpage\",\"url\":\"https:\/\/zewo.ch\/de\/spenden-mit-dem-qr-einzahlungsschein\/#webpage\",\"name\":\"\",\"isPartOf\":{\"@id\":\"https:\/\/zewo.ch\/de\/#website\"},\"primaryImageOfPage\":{\"@id\":\"https:\/\/zewo.ch\/de\/spenden-mit-dem-qr-einzahlungsschein\/#primaryimage\"},\"image\":{\"@id\":\"https:\/\/zewo.ch\/de\/spenden-mit-dem-qr-einzahlungsschein\/#primaryimage\"},\"thumbnailUrl\":\"https:\/\/zewo.ch\/wp-content\/uploads\/2022\/01\/header-qr-rechnung-DE.jpg\",\"datePublished\":\"2022-02-09T10:18:19+00:00\",\"dateModified\":\"2025-07-03T08:31:49+00:00\",\"description\":\"Hilfswerke versenden ihre Sammlungsaufrufe neu mit einer QR-Rechnung. Hier finden Sie alle Informationen zum Spenden mit dem QR-Einzahlungsschein.\",\"breadcrumb\":{\"@id\":\"https:\/\/zewo.ch\/de\/spenden-mit-dem-qr-einzahlungsschein\/#breadcrumb\"},\"inLanguage\":\"de\",\"potentialAction\":[{\"@type\":\"ReadAction\",\"target\":[\"https:\/\/zewo.ch\/de\/spenden-mit-dem-qr-einzahlungsschein\/\"]}]},{\"@type\":\"ImageObject\",\"inLanguage\":\"de\",\"@id\":\"https:\/\/zewo.ch\/de\/spenden-mit-dem-qr-einzahlungsschein\/#primaryimage\",\"url\":\"https:\/\/zewo.ch\/wp-content\/uploads\/2022\/01\/header-qr-rechnung-DE.jpg\",\"contentUrl\":\"https:\/\/zewo.ch\/wp-content\/uploads\/2022\/01\/header-qr-rechnung-DE.jpg\",\"width\":2200,\"height\":440,\"caption\":\"QR-Einzahlungsschein\"},{\"@type\":\"BreadcrumbList\",\"@id\":\"https:\/\/zewo.ch\/de\/spenden-mit-dem-qr-einzahlungsschein\/#breadcrumb\",\"itemListElement\":[{\"@type\":\"ListItem\",\"position\":1,\"name\":\"Home\",\"item\":\"https:\/\/zewo.ch\/de\/\"},{\"@type\":\"ListItem\",\"position\":2,\"name\":\"Spenden mit dem QR-Einzahlungsschein\"}]},{\"@type\":\"WebSite\",\"@id\":\"https:\/\/zewo.ch\/de\/#website\",\"url\":\"https:\/\/zewo.ch\/de\/\",\"name\":\"Zewo\",\"description\":\"Ihre Spende in guten H\u00e4nden.\",\"publisher\":{\"@id\":\"https:\/\/zewo.ch\/de\/#organization\"},\"potentialAction\":[{\"@type\":\"SearchAction\",\"target\":{\"@type\":\"EntryPoint\",\"urlTemplate\":\"https:\/\/zewo.ch\/de\/?s={search_term_string}\"},\"query-input\":{\"@type\":\"PropertyValueSpecification\",\"valueRequired\":true,\"valueName\":\"search_term_string\"}}],\"inLanguage\":\"de\"},{\"@type\":\"Organization\",\"@id\":\"https:\/\/zewo.ch\/de\/#organization\",\"name\":\"Stiftung Zewo\",\"url\":\"https:\/\/zewo.ch\/de\/\",\"logo\":{\"@type\":\"ImageObject\",\"inLanguage\":\"de\",\"@id\":\"https:\/\/zewo.ch\/de\/#\/schema\/logo\/image\/\",\"url\":\"https:\/\/zewo.ch\/wp-content\/uploads\/2019\/08\/Zewo_Logo_Claim_D.svg\",\"contentUrl\":\"https:\/\/zewo.ch\/wp-content\/uploads\/2019\/08\/Zewo_Logo_Claim_D.svg\",\"width\":1,\"height\":1,\"caption\":\"Stiftung Zewo\"},\"image\":{\"@id\":\"https:\/\/zewo.ch\/de\/#\/schema\/logo\/image\/\"},\"sameAs\":[\"https:\/\/www.facebook.com\/Stiftung.ZEWO\/\",\"https:\/\/x.com\/stiftung_zewo\",\"https:\/\/www.linkedin.com\/company\/stiftung-zewo\",\"https:\/\/www.youtube.com\/channel\/UCzjsVJro12OXcvvx1LQP8tw\",\"https:\/\/de.wikipedia.org\/wiki\/Zewo\"]}]}<\/script>\n<!-- \/ Yoast SEO Premium plugin. -->","yoast_head_json":{"title":"Zewo","description":"Hilfswerke versenden ihre Sammlungsaufrufe neu mit einer QR-Rechnung. Hier finden Sie alle Informationen zum Spenden mit dem QR-Einzahlungsschein.","robots":{"index":"index","follow":"follow","max-snippet":"max-snippet:-1","max-image-preview":"max-image-preview:large","max-video-preview":"max-video-preview:-1"},"canonical":"https:\/\/zewo.ch\/de\/spenden-mit-dem-qr-einzahlungsschein\/","og_locale":"de_DE","og_type":"article","og_description":"Hilfswerke versenden ihre Sammlungsaufrufe neu mit einer QR-Rechnung. Hier finden Sie alle Informationen zum Spenden mit dem QR-Einzahlungsschein.","og_url":"https:\/\/zewo.ch\/de\/spenden-mit-dem-qr-einzahlungsschein\/","og_site_name":"Zewo","article_publisher":"https:\/\/www.facebook.com\/Stiftung.ZEWO\/","article_modified_time":"2025-07-03T08:31:49+00:00","og_image":[{"width":2200,"height":440,"url":"https:\/\/zewo.ch\/wp-content\/uploads\/2022\/01\/header-qr-rechnung-DE.jpg","type":"image\/jpeg"}],"twitter_card":"summary_large_image","twitter_site":"@stiftung_zewo","twitter_misc":{"Gesch\u00e4tzte Lesezeit":"21\u00a0Minuten"},"schema":{"@context":"https:\/\/schema.org","@graph":[{"@type":"WebPage","@id":"https:\/\/zewo.ch\/de\/spenden-mit-dem-qr-einzahlungsschein\/#webpage","url":"https:\/\/zewo.ch\/de\/spenden-mit-dem-qr-einzahlungsschein\/#webpage","name":"","isPartOf":{"@id":"https:\/\/zewo.ch\/de\/#website"},"primaryImageOfPage":{"@id":"https:\/\/zewo.ch\/de\/spenden-mit-dem-qr-einzahlungsschein\/#primaryimage"},"image":{"@id":"https:\/\/zewo.ch\/de\/spenden-mit-dem-qr-einzahlungsschein\/#primaryimage"},"thumbnailUrl":"https:\/\/zewo.ch\/wp-content\/uploads\/2022\/01\/header-qr-rechnung-DE.jpg","datePublished":"2022-02-09T10:18:19+00:00","dateModified":"2025-07-03T08:31:49+00:00","description":"Hilfswerke versenden ihre Sammlungsaufrufe neu mit einer QR-Rechnung. Hier finden Sie alle Informationen zum Spenden mit dem QR-Einzahlungsschein.","breadcrumb":{"@id":"https:\/\/zewo.ch\/de\/spenden-mit-dem-qr-einzahlungsschein\/#breadcrumb"},"inLanguage":"de","potentialAction":[{"@type":"ReadAction","target":["https:\/\/zewo.ch\/de\/spenden-mit-dem-qr-einzahlungsschein\/"]}]},{"@type":"ImageObject","inLanguage":"de","@id":"https:\/\/zewo.ch\/de\/spenden-mit-dem-qr-einzahlungsschein\/#primaryimage","url":"https:\/\/zewo.ch\/wp-content\/uploads\/2022\/01\/header-qr-rechnung-DE.jpg","contentUrl":"https:\/\/zewo.ch\/wp-content\/uploads\/2022\/01\/header-qr-rechnung-DE.jpg","width":2200,"height":440,"caption":"QR-Einzahlungsschein"},{"@type":"BreadcrumbList","@id":"https:\/\/zewo.ch\/de\/spenden-mit-dem-qr-einzahlungsschein\/#breadcrumb","itemListElement":[{"@type":"ListItem","position":1,"name":"Home","item":"https:\/\/zewo.ch\/de\/"},{"@type":"ListItem","position":2,"name":"Spenden mit dem QR-Einzahlungsschein"}]},{"@type":"WebSite","@id":"https:\/\/zewo.ch\/de\/#website","url":"https:\/\/zewo.ch\/de\/","name":"Zewo","description":"Ihre Spende in guten H\u00e4nden.","publisher":{"@id":"https:\/\/zewo.ch\/de\/#organization"},"potentialAction":[{"@type":"SearchAction","target":{"@type":"EntryPoint","urlTemplate":"https:\/\/zewo.ch\/de\/?s={search_term_string}"},"query-input":{"@type":"PropertyValueSpecification","valueRequired":true,"valueName":"search_term_string"}}],"inLanguage":"de"},{"@type":"Organization","@id":"https:\/\/zewo.ch\/de\/#organization","name":"Stiftung Zewo","url":"https:\/\/zewo.ch\/de\/","logo":{"@type":"ImageObject","inLanguage":"de","@id":"https:\/\/zewo.ch\/de\/#\/schema\/logo\/image\/","url":"https:\/\/zewo.ch\/wp-content\/uploads\/2019\/08\/Zewo_Logo_Claim_D.svg","contentUrl":"https:\/\/zewo.ch\/wp-content\/uploads\/2019\/08\/Zewo_Logo_Claim_D.svg","width":1,"height":1,"caption":"Stiftung Zewo"},"image":{"@id":"https:\/\/zewo.ch\/de\/#\/schema\/logo\/image\/"},"sameAs":["https:\/\/www.facebook.com\/Stiftung.ZEWO\/","https:\/\/x.com\/stiftung_zewo","https:\/\/www.linkedin.com\/company\/stiftung-zewo","https:\/\/www.youtube.com\/channel\/UCzjsVJro12OXcvvx1LQP8tw","https:\/\/de.wikipedia.org\/wiki\/Zewo"]}]}},"publishpress_future_action":{"enabled":false,"date":"2026-04-25 11:11:07","action":"change-status","newStatus":"draft","terms":[],"taxonomy":"translation_priority","extraData":[]},"publishpress_future_workflow_manual_trigger":{"enabledWorkflows":[]},"_links":{"self":[{"href":"https:\/\/zewo.ch\/de\/wp-json\/wp\/v2\/pages\/5785969","targetHints":{"allow":["GET"]}}],"collection":[{"href":"https:\/\/zewo.ch\/de\/wp-json\/wp\/v2\/pages"}],"about":[{"href":"https:\/\/zewo.ch\/de\/wp-json\/wp\/v2\/types\/page"}],"author":[{"embeddable":true,"href":"https:\/\/zewo.ch\/de\/wp-json\/wp\/v2\/users\/6"}],"replies":[{"embeddable":true,"href":"https:\/\/zewo.ch\/de\/wp-json\/wp\/v2\/comments?post=5785969"}],"version-history":[{"count":92,"href":"https:\/\/zewo.ch\/de\/wp-json\/wp\/v2\/pages\/5785969\/revisions"}],"predecessor-version":[{"id":5929673,"href":"https:\/\/zewo.ch\/de\/wp-json\/wp\/v2\/pages\/5785969\/revisions\/5929673"}],"wp:featuredmedia":[{"embeddable":true,"href":"https:\/\/zewo.ch\/de\/wp-json\/wp\/v2\/media\/5786530"}],"wp:attachment":[{"href":"https:\/\/zewo.ch\/de\/wp-json\/wp\/v2\/media?parent=5785969"}],"wp:term":[{"taxonomy":"folder","embeddable":true,"href":"https:\/\/zewo.ch\/de\/wp-json\/wp\/v2\/folder?post=5785969"}],"curies":[{"name":"wp","href":"https:\/\/api.w.org\/{rel}","templated":true}]}}