{"id":5780828,"date":"2021-06-02T09:43:33","date_gmt":"2021-06-02T07:43:33","guid":{"rendered":"https:\/\/zewo.ch\/?page_id=5780828"},"modified":"2024-03-28T14:37:39","modified_gmt":"2024-03-28T13:37:39","slug":"sos-gerasjuta-stiftung","status":"publish","type":"page","link":"https:\/\/zewo.ch\/de\/sos-gerasjuta-stiftung\/","title":{"rendered":"SOS Gerasjuta Stiftung"},"content":{"rendered":"\n<p><strong>2. Juni 2021<\/strong><\/p>\n\n\n\n<p><strong>Die Organisation \u00abSOS GERASJUTA STIFTUNG\u00bb f\u00fchrt das Zewo-G\u00fctesiegel nicht und untersteht somit nicht unserer Kontrolle. Die Organisation ist uns aber bekannt. Die Zewo hat in der Vergangenheit wiederholt festgestellt, dass die Organisation in verschiedenen Punkten von den Zewo-Standards abweicht. Beispielsweise war der administrative Aufwand der Organisation stets viel zu hoch, der Gesch\u00e4ftsleiter war gleichzeitig Pr\u00e4sident der Organisation und die Organisation hat mit handschriftlichen Briefen Spenden gesammelt, was immer wieder zu Reklamationen von Spendenden gef\u00fchrt hat.<\/strong><\/p>\n\n\n\n<p>Im Dezember 2018 hat die Eidgen\u00f6ssische Stiftungsaufsicht einen Sachwalter bei der SOS GERASJUTA STIFTUNG eingesetzt. Aufgrund von Verst\u00f6ssen gegen die Transparenz und der ineffizienten Mitteleinsetzung, kam die Eidgen\u00f6ssische Stiftungsaufsicht im September 2019 zum Schluss, der Stiftung das Sammeln von Spenden in der Schweiz zu <a href=\"https:\/\/www.aargauerzeitung.ch\/schweiz\/unserioeses-hilfswerk-getaeuschte-spender-ihr-geld-versickerte-in-einer-stiftung-jetzt-ermittelt-die-staatsanwaltschaft-ld.2136211\" target=\"_blank\" rel=\"noreferrer noopener\">verbieten<\/a>. Im M\u00e4rz 2020 hat der Sachwalter Strafanzeige eingereicht und im Januar 2021 wurde der Gesch\u00e4ftsleiter der Stiftung wegen Verdacht auf gewerbsm\u00e4ssigen Betrug, ungetreue Gesch\u00e4ftsbesorgung, Geldw\u00e4scherei und weiterer Delikte festgenommen. Im April 2021 hat das Bundesgericht die Einsprache gegen die Untersuchungshaft des Gesch\u00e4ftsleiters abgelehnt.<\/p>\n\n\n\n<p>2019 wurde der <a href=\"\/de\/retten-sie-leben\/\">Verein Retten Sie Leben<\/a> vom selben Gesch\u00e4ftsleiter gegr\u00fcndet wie SOS Gerasjuta. Dieser Verein sammelt auf dieselbe Art und Weise f\u00fcr dieselben Projekte Spenden in der Schweiz. Die Zewo r\u00e4t vom Spenden ab.<\/p>\n\n\n\n<div class=\"wp-block-cgb-block-zewo-block-button ab-block-button\"><a href=\"\/de\/hier-raet-die-zewo-vom-spenden-ab\/\" class=\"button primary\"><span class=\"button-arrow\"><\/span>Zur\u00fcck zur \u00dcbersicht<\/a><\/div>\n","protected":false},"excerpt":{"rendered":"<p>2. Juni 2021 Die Organisation \u00abSOS GERASJUTA STIFTUNG\u00bb f\u00fchrt das Zewo-G\u00fctesiegel nicht und untersteht somit nicht unserer Kontrolle. Die Organisation ist uns aber bekannt. Die Zewo hat in der Vergangenheit wiederholt festgestellt, dass die Organisation in verschiedenen Punkten von den Zewo-Standards abweicht. Beispielsweise war der administrative Aufwand der Organisation stets viel zu hoch, der Gesch\u00e4ftsleiter [&hellip;]<\/p>\n","protected":false},"author":38,"featured_media":501108,"parent":0,"menu_order":169,"comment_status":"closed","ping_status":"closed","template":"","meta":{"_acf_changed":false,"footnotes":""},"folder":[6639],"class_list":["post-5780828","page","type-page","status-publish","has-post-thumbnail","hentry"],"acf":[],"yoast_head":"<!-- This site is optimized with the Yoast SEO Premium plugin v27.5 (Yoast SEO v27.5) - https:\/\/yoast.com\/product\/yoast-seo-premium-wordpress\/ -->\n<title>Zewo<\/title>\n<meta name=\"description\" content=\"Die Stiftung Zewo r\u00e4t vom Spenden an SOS Gerasjuta und Retten Sie Leben ab. Erfahren Sie, warum.\" \/>\n<meta name=\"robots\" content=\"index, follow, max-snippet:-1, max-image-preview:large, max-video-preview:-1\" \/>\n<link rel=\"canonical\" href=\"https:\/\/zewo.ch\/de\/sos-gerasjuta-stiftung\/\" \/>\n<meta property=\"og:locale\" content=\"de_DE\" \/>\n<meta property=\"og:type\" content=\"article\" \/>\n<meta property=\"og:description\" content=\"Die Stiftung Zewo r\u00e4t vom Spenden an SOS Gerasjuta und Retten Sie Leben ab. Erfahren Sie, warum.\" \/>\n<meta property=\"og:url\" content=\"https:\/\/zewo.ch\/de\/sos-gerasjuta-stiftung\/\" \/>\n<meta property=\"og:site_name\" content=\"Zewo\" \/>\n<meta property=\"article:publisher\" content=\"https:\/\/www.facebook.com\/Stiftung.ZEWO\/\" \/>\n<meta property=\"article:modified_time\" content=\"2024-03-28T13:37:39+00:00\" \/>\n<meta property=\"og:image\" content=\"https:\/\/zewo.ch\/wp-content\/uploads\/2019\/08\/watchdog-header.png\" \/>\n\t<meta property=\"og:image:width\" content=\"2200\" \/>\n\t<meta property=\"og:image:height\" content=\"440\" \/>\n\t<meta property=\"og:image:type\" content=\"image\/png\" \/>\n<meta name=\"twitter:card\" content=\"summary_large_image\" \/>\n<meta name=\"twitter:site\" content=\"@stiftung_zewo\" \/>\n<meta name=\"twitter:label1\" content=\"Gesch\u00e4tzte Lesezeit\" \/>\n\t<meta name=\"twitter:data1\" content=\"2\u00a0Minuten\" \/>\n<script type=\"application\/ld+json\" class=\"yoast-schema-graph\">{\"@context\":\"https:\\\/\\\/schema.org\",\"@graph\":[{\"@type\":\"WebPage\",\"@id\":\"https:\\\/\\\/zewo.ch\\\/de\\\/sos-gerasjuta-stiftung\\\/#webpage\",\"url\":\"https:\\\/\\\/zewo.ch\\\/de\\\/sos-gerasjuta-stiftung\\\/#webpage\",\"name\":\"\",\"isPartOf\":{\"@id\":\"https:\\\/\\\/zewo.ch\\\/de\\\/#website\"},\"primaryImageOfPage\":{\"@id\":\"https:\\\/\\\/zewo.ch\\\/de\\\/sos-gerasjuta-stiftung\\\/#primaryimage\"},\"image\":{\"@id\":\"https:\\\/\\\/zewo.ch\\\/de\\\/sos-gerasjuta-stiftung\\\/#primaryimage\"},\"thumbnailUrl\":\"https:\\\/\\\/zewo.ch\\\/wp-content\\\/uploads\\\/2019\\\/08\\\/watchdog-header.png\",\"datePublished\":\"2021-06-02T07:43:33+00:00\",\"dateModified\":\"2024-03-28T13:37:39+00:00\",\"description\":\"Die Stiftung Zewo r\u00e4t vom Spenden an SOS Gerasjuta und Retten Sie Leben ab. Erfahren Sie, warum.\",\"breadcrumb\":{\"@id\":\"https:\\\/\\\/zewo.ch\\\/de\\\/sos-gerasjuta-stiftung\\\/#breadcrumb\"},\"inLanguage\":\"de\",\"potentialAction\":[{\"@type\":\"ReadAction\",\"target\":[\"https:\\\/\\\/zewo.ch\\\/de\\\/sos-gerasjuta-stiftung\\\/\"]}]},{\"@type\":\"ImageObject\",\"inLanguage\":\"de\",\"@id\":\"https:\\\/\\\/zewo.ch\\\/de\\\/sos-gerasjuta-stiftung\\\/#primaryimage\",\"url\":\"https:\\\/\\\/zewo.ch\\\/wp-content\\\/uploads\\\/2019\\\/08\\\/watchdog-header.png\",\"contentUrl\":\"https:\\\/\\\/zewo.ch\\\/wp-content\\\/uploads\\\/2019\\\/08\\\/watchdog-header.png\",\"width\":2200,\"height\":440,\"caption\":\"Hier warnt die Zewo\"},{\"@type\":\"BreadcrumbList\",\"@id\":\"https:\\\/\\\/zewo.ch\\\/de\\\/sos-gerasjuta-stiftung\\\/#breadcrumb\",\"itemListElement\":[{\"@type\":\"ListItem\",\"position\":1,\"name\":\"Home\",\"item\":\"https:\\\/\\\/zewo.ch\\\/de\\\/\"},{\"@type\":\"ListItem\",\"position\":2,\"name\":\"SOS Gerasjuta Stiftung\"}]},{\"@type\":\"WebSite\",\"@id\":\"https:\\\/\\\/zewo.ch\\\/de\\\/#website\",\"url\":\"https:\\\/\\\/zewo.ch\\\/de\\\/\",\"name\":\"Zewo\",\"description\":\"Ihre Spende in guten H\u00e4nden.\",\"publisher\":{\"@id\":\"https:\\\/\\\/zewo.ch\\\/de\\\/#organization\"},\"potentialAction\":[{\"@type\":\"SearchAction\",\"target\":{\"@type\":\"EntryPoint\",\"urlTemplate\":\"https:\\\/\\\/zewo.ch\\\/de\\\/?s={search_term_string}\"},\"query-input\":{\"@type\":\"PropertyValueSpecification\",\"valueRequired\":true,\"valueName\":\"search_term_string\"}}],\"inLanguage\":\"de\"},{\"@type\":\"Organization\",\"@id\":\"https:\\\/\\\/zewo.ch\\\/de\\\/#organization\",\"name\":\"Stiftung Zewo\",\"url\":\"https:\\\/\\\/zewo.ch\\\/de\\\/\",\"logo\":{\"@type\":\"ImageObject\",\"inLanguage\":\"de\",\"@id\":\"https:\\\/\\\/zewo.ch\\\/de\\\/#\\\/schema\\\/logo\\\/image\\\/\",\"url\":\"https:\\\/\\\/zewo.ch\\\/wp-content\\\/uploads\\\/2019\\\/08\\\/Zewo_Logo_Claim_D.svg\",\"contentUrl\":\"https:\\\/\\\/zewo.ch\\\/wp-content\\\/uploads\\\/2019\\\/08\\\/Zewo_Logo_Claim_D.svg\",\"width\":1,\"height\":1,\"caption\":\"Stiftung Zewo\"},\"image\":{\"@id\":\"https:\\\/\\\/zewo.ch\\\/de\\\/#\\\/schema\\\/logo\\\/image\\\/\"},\"sameAs\":[\"https:\\\/\\\/www.facebook.com\\\/Stiftung.ZEWO\\\/\",\"https:\\\/\\\/x.com\\\/stiftung_zewo\",\"https:\\\/\\\/www.linkedin.com\\\/company\\\/stiftung-zewo\",\"https:\\\/\\\/www.youtube.com\\\/channel\\\/UCzjsVJro12OXcvvx1LQP8tw\",\"https:\\\/\\\/de.wikipedia.org\\\/wiki\\\/Zewo\"]}]}<\/script>\n<!-- \/ Yoast SEO Premium plugin. -->","yoast_head_json":{"title":"Zewo","description":"Die Stiftung Zewo r\u00e4t vom Spenden an SOS Gerasjuta und Retten Sie Leben ab. Erfahren Sie, warum.","robots":{"index":"index","follow":"follow","max-snippet":"max-snippet:-1","max-image-preview":"max-image-preview:large","max-video-preview":"max-video-preview:-1"},"canonical":"https:\/\/zewo.ch\/de\/sos-gerasjuta-stiftung\/","og_locale":"de_DE","og_type":"article","og_description":"Die Stiftung Zewo r\u00e4t vom Spenden an SOS Gerasjuta und Retten Sie Leben ab. Erfahren Sie, warum.","og_url":"https:\/\/zewo.ch\/de\/sos-gerasjuta-stiftung\/","og_site_name":"Zewo","article_publisher":"https:\/\/www.facebook.com\/Stiftung.ZEWO\/","article_modified_time":"2024-03-28T13:37:39+00:00","og_image":[{"width":2200,"height":440,"url":"https:\/\/zewo.ch\/wp-content\/uploads\/2019\/08\/watchdog-header.png","type":"image\/png"}],"twitter_card":"summary_large_image","twitter_site":"@stiftung_zewo","twitter_misc":{"Gesch\u00e4tzte Lesezeit":"2\u00a0Minuten"},"schema":{"@context":"https:\/\/schema.org","@graph":[{"@type":"WebPage","@id":"https:\/\/zewo.ch\/de\/sos-gerasjuta-stiftung\/#webpage","url":"https:\/\/zewo.ch\/de\/sos-gerasjuta-stiftung\/#webpage","name":"","isPartOf":{"@id":"https:\/\/zewo.ch\/de\/#website"},"primaryImageOfPage":{"@id":"https:\/\/zewo.ch\/de\/sos-gerasjuta-stiftung\/#primaryimage"},"image":{"@id":"https:\/\/zewo.ch\/de\/sos-gerasjuta-stiftung\/#primaryimage"},"thumbnailUrl":"https:\/\/zewo.ch\/wp-content\/uploads\/2019\/08\/watchdog-header.png","datePublished":"2021-06-02T07:43:33+00:00","dateModified":"2024-03-28T13:37:39+00:00","description":"Die Stiftung Zewo r\u00e4t vom Spenden an SOS Gerasjuta und Retten Sie Leben ab. Erfahren Sie, warum.","breadcrumb":{"@id":"https:\/\/zewo.ch\/de\/sos-gerasjuta-stiftung\/#breadcrumb"},"inLanguage":"de","potentialAction":[{"@type":"ReadAction","target":["https:\/\/zewo.ch\/de\/sos-gerasjuta-stiftung\/"]}]},{"@type":"ImageObject","inLanguage":"de","@id":"https:\/\/zewo.ch\/de\/sos-gerasjuta-stiftung\/#primaryimage","url":"https:\/\/zewo.ch\/wp-content\/uploads\/2019\/08\/watchdog-header.png","contentUrl":"https:\/\/zewo.ch\/wp-content\/uploads\/2019\/08\/watchdog-header.png","width":2200,"height":440,"caption":"Hier warnt die Zewo"},{"@type":"BreadcrumbList","@id":"https:\/\/zewo.ch\/de\/sos-gerasjuta-stiftung\/#breadcrumb","itemListElement":[{"@type":"ListItem","position":1,"name":"Home","item":"https:\/\/zewo.ch\/de\/"},{"@type":"ListItem","position":2,"name":"SOS Gerasjuta Stiftung"}]},{"@type":"WebSite","@id":"https:\/\/zewo.ch\/de\/#website","url":"https:\/\/zewo.ch\/de\/","name":"Zewo","description":"Ihre Spende in guten H\u00e4nden.","publisher":{"@id":"https:\/\/zewo.ch\/de\/#organization"},"potentialAction":[{"@type":"SearchAction","target":{"@type":"EntryPoint","urlTemplate":"https:\/\/zewo.ch\/de\/?s={search_term_string}"},"query-input":{"@type":"PropertyValueSpecification","valueRequired":true,"valueName":"search_term_string"}}],"inLanguage":"de"},{"@type":"Organization","@id":"https:\/\/zewo.ch\/de\/#organization","name":"Stiftung Zewo","url":"https:\/\/zewo.ch\/de\/","logo":{"@type":"ImageObject","inLanguage":"de","@id":"https:\/\/zewo.ch\/de\/#\/schema\/logo\/image\/","url":"https:\/\/zewo.ch\/wp-content\/uploads\/2019\/08\/Zewo_Logo_Claim_D.svg","contentUrl":"https:\/\/zewo.ch\/wp-content\/uploads\/2019\/08\/Zewo_Logo_Claim_D.svg","width":1,"height":1,"caption":"Stiftung Zewo"},"image":{"@id":"https:\/\/zewo.ch\/de\/#\/schema\/logo\/image\/"},"sameAs":["https:\/\/www.facebook.com\/Stiftung.ZEWO\/","https:\/\/x.com\/stiftung_zewo","https:\/\/www.linkedin.com\/company\/stiftung-zewo","https:\/\/www.youtube.com\/channel\/UCzjsVJro12OXcvvx1LQP8tw","https:\/\/de.wikipedia.org\/wiki\/Zewo"]}]}},"publishpress_future_action":{"enabled":false,"date":"2026-05-08 08:40:42","action":"change-status","newStatus":"draft","terms":[],"taxonomy":"translation_priority","extraData":[]},"publishpress_future_workflow_manual_trigger":{"enabledWorkflows":[]},"_links":{"self":[{"href":"https:\/\/zewo.ch\/de\/wp-json\/wp\/v2\/pages\/5780828","targetHints":{"allow":["GET"]}}],"collection":[{"href":"https:\/\/zewo.ch\/de\/wp-json\/wp\/v2\/pages"}],"about":[{"href":"https:\/\/zewo.ch\/de\/wp-json\/wp\/v2\/types\/page"}],"author":[{"embeddable":true,"href":"https:\/\/zewo.ch\/de\/wp-json\/wp\/v2\/users\/38"}],"replies":[{"embeddable":true,"href":"https:\/\/zewo.ch\/de\/wp-json\/wp\/v2\/comments?post=5780828"}],"version-history":[{"count":1,"href":"https:\/\/zewo.ch\/de\/wp-json\/wp\/v2\/pages\/5780828\/revisions"}],"predecessor-version":[{"id":5780829,"href":"https:\/\/zewo.ch\/de\/wp-json\/wp\/v2\/pages\/5780828\/revisions\/5780829"}],"wp:featuredmedia":[{"embeddable":true,"href":"https:\/\/zewo.ch\/de\/wp-json\/wp\/v2\/media\/501108"}],"wp:attachment":[{"href":"https:\/\/zewo.ch\/de\/wp-json\/wp\/v2\/media?parent=5780828"}],"wp:term":[{"taxonomy":"folder","embeddable":true,"href":"https:\/\/zewo.ch\/de\/wp-json\/wp\/v2\/folder?post=5780828"}],"curies":[{"name":"wp","href":"https:\/\/api.w.org\/{rel}","templated":true}]}}