{"id":5779869,"date":"2021-05-05T11:15:49","date_gmt":"2021-05-05T09:15:49","guid":{"rendered":"https:\/\/zewo.ch\/?page_id=5779869"},"modified":"2024-10-15T12:01:42","modified_gmt":"2024-10-15T10:01:42","slug":"coronavirus-in-indien","status":"publish","type":"page","link":"https:\/\/zewo.ch\/de\/coronavirus-in-indien\/","title":{"rendered":"Coronavirus in Indien"},"content":{"rendered":"\n<h2 class=\"wp-block-heading\">Verzweifelte Lage in Indien<\/h2>\n\n\n\n<p><strong>5. Mai 2021 Nachdem in Indien die Pandemie im Februar unter Kontrolle schien, hat sich die Lage nun dramatisch verschlechtert. Das indische Gesundheitsministerium meldet jeden Tag hunderttausende Neuansteckungen, das Gesundheitswesen ist \u00fcberlastet.  <\/strong><\/p>\n\n\n\n<p>Die Lage in Indien ist aufgrund der schnell und unkontrolliert steigenden Coronazahlen dramatisch und sie verschlechtert sich zusehends. Den medizinischen Einrichtungen fehlen vor allem Sauerstoffflaschen und der Sauerstoff, um diese aufzuf\u00fcllen. Die Aufnahme und die Betreuung der vielen Erkrankten ist nicht gew\u00e4hrleistet. Die medizinische Ausr\u00fcstung ist unzul\u00e4nglich. Die indische Bev\u00f6lkerung ist auf die internationale Unterst\u00fctzung angewiesen.<\/p>\n\n\n\n<h3 class=\"wp-block-heading\">Ihre Spende kommt an<\/h3>\n\n\n\n<p>Die folgende Liste zeigt, welche Hilfswerke zur Zeit bei der Bew\u00e4ltigung der Corona-Pandemie in Indien Nothilfe leisten. Sie sind von der Zewo zertifiziert und setzen Spenden zweckbestimmt, effizient und wirksam ein. Bei diesen Hilfswerken ist ihre Spende in guten H\u00e4nden.  <\/p>\n\n\n\n<h3 class=\"wp-block-heading\" id=\"1\">Diese NPO sammeln f\u00fcr Indien<\/h3>\n\n\n\n<ul class=\"wp-block-cgb-block-zewo-block-links container container-columns-1\">\n<li class=\"wp-block-cgb-block-zewo-block-link ab-block-link\"><a href=\"https:\/\/www.asra.ch\" target=\"_blank\" rel=\"noopener noreferrer\" class=\"button\"><span>ASRA Stiftung Schweiz<\/span><span class=\"button-arrow--long\"><\/span><\/a><\/li>\n\n\n\n<li class=\"wp-block-cgb-block-zewo-block-link ab-block-link\"><a href=\"https:\/\/ecosolidar.ch\/de\/staerkung-von-gewaltbetroffenen-frauen\/\" target=\"_blank\" rel=\"noopener noreferrer\" class=\"button\"><span>Eco Solidar<\/span><span class=\"button-arrow--long\"><\/span><\/a><\/li>\n\n\n\n<li class=\"wp-block-cgb-block-zewo-block-link ab-block-link\"><span>Fastenopfer<\/span><span class=\"button-arrow--long\"><\/span><\/li>\n\n\n\n<li class=\"wp-block-cgb-block-zewo-block-link ab-block-link\"><a href=\"https:\/\/www.fdnf.org\/asie\/\" target=\"_blank\" rel=\"noopener noreferrer\" class=\"button\"><span>Fr\u00e8res de nos Fr\u00e8res<\/span><span class=\"button-arrow--long\"><\/span><\/a><\/li>\n\n\n\n<li class=\"wp-block-cgb-block-zewo-block-link ab-block-link\"><a href=\"https:\/\/rehaswiss.ch\/2021\/covid-19-spendenaufruf\/\" target=\"_blank\" rel=\"noopener noreferrer\" class=\"button\"><span>Rehaswiss<\/span><span class=\"button-arrow--long\"><\/span><\/a><\/li>\n\n\n\n<li class=\"wp-block-cgb-block-zewo-block-link ab-block-link\"><a href=\"https:\/\/www.sam-global.org\/spenden\/proequip-indien\" target=\"_blank\" rel=\"noopener noreferrer\" class=\"button\"><span>SAM global<\/span><span class=\"button-arrow--long\"><\/span><\/a><\/li>\n\n\n\n<li class=\"wp-block-cgb-block-zewo-block-link ab-block-link\"><a href=\"https:\/\/savethechildren.ch\/de\/2021\/04\/29\/covid-19-krise-in-indien-die-lage-geraet-immer-mehr-ausser-kontrolle\/\" target=\"_blank\" rel=\"noopener noreferrer\" class=\"button\"><span>Save the Children<\/span><span class=\"button-arrow--long\"><\/span><\/a><\/li>\n\n\n\n<li class=\"wp-block-cgb-block-zewo-block-link ab-block-link\"><a href=\"https:\/\/usthi.ch\/corona-nothilfe-indien\/\" target=\"_blank\" rel=\"noopener noreferrer\" class=\"button\"><span>Stiftung Usthi <\/span><span class=\"button-arrow--long\"><\/span><\/a><\/li>\n\n\n\n<li class=\"wp-block-cgb-block-zewo-block-link ab-block-link\"><a href=\"https:\/\/www.swissaid.ch\/de\/beitraege\/pandemie-ausser-kontrolle\/\" target=\"_blank\" rel=\"noopener noreferrer\" class=\"button\"><span>Swissaid<\/span><span class=\"button-arrow--long\"><\/span><\/a><\/li>\n<\/ul>\n\n\n\n<div class=\"wp-block-cgb-block-zewo-block-button ab-block-button\"><a href=\"\/de\/spenden-bei-einer-katastrophe\/\" class=\"button primary\"><span class=\"button-arrow\"><\/span>Zur\u00fcck zur \u00dcbersicht<\/a><\/div>\n\n\n\n<div class=\"wp-block-cgb-block-zewo-block-columns-container container bg-color-light-gray\"><div class=\"grid-x grid-margin-x\" data-columns=\"3\">\n<div class=\"cell small-12 medium-6\"><div class=\"wp-block-cgb-block-zewo-block-image-text-teaser ab-block-cta\"><div class=\"ab-cta-image-wrap bg-color-secondary\"><img decoding=\"async\" class=\"ab-cta-image\" src=\"https:\/\/zewo.ch\/wp-content\/uploads\/2019\/05\/ha\u0308ufige-fragen-7.png\" alt=\"H\u00e4ufige Fragen und Antworten rund ums Spenden\"\/><\/div><div class=\"ab-cta-content\"><h2 class=\"ab-cta-title\">H\u00e4ufige Fragen rund ums Spenden<\/h2><div class=\"ab-cta-text\">\n<p>Der Spenden-Ratgeber der Zewo gibt Ihnen Auskunft zu den wichtigsten Fragen rund ums Spenden.<\/p>\n<\/div><\/div><div class=\"ab-cta-button\"><a href=\"\/de\/fragen-und-antworten-rund-ums-spenden\/\" target=\"_self\" rel=\"noopener noreferrer\" class=\"button primary button-teaser\"><span class=\"button-arrow\"><\/span>Jetzt ansehen<\/a><\/div><a href=\"\/de\/fragen-und-antworten-rund-ums-spenden\/\" target=\"_self\" rel=\"noopener noreferrer\" class=\"button-teaser--is-full\"><\/a><\/div><\/div>\n\n\n\n<div class=\"cell small-12 medium-6\"><div class=\"wp-block-cgb-block-zewo-block-image-text-teaser ab-block-cta\"><div class=\"ab-cta-image-wrap bg-color-secondary\"><img decoding=\"async\" class=\"ab-cta-image\" src=\"https:\/\/zewo.ch\/wp-content\/uploads\/2019\/08\/Zewo-Hilfswerksuche-2.jpg\" alt=\"Zewo-Hilfswerksuche\"\/><\/div><div class=\"ab-cta-content\"><h2 class=\"ab-cta-title\">Suchen Sie eine zertifizierte NPO?<\/h2><div class=\"ab-cta-text\">\n<p>Mit der Online-Suche finden Sie alle NPO, die das Zewo-G\u00fctesiegel tragen. Das Suchergebnis zeigt, wem sie helfen, wo sie t\u00e4tig sind und wie Sie die NPO unterst\u00fctzen k\u00f6nnen. <\/p>\n<\/div><\/div><div class=\"ab-cta-button\"><a href=\"\/de\/npo-suche\/\" target=\"_self\" rel=\"noopener noreferrer\" class=\"button primary button-teaser\"><span class=\"button-arrow\"><\/span>NPO finden<\/a><\/div><a href=\"\/de\/npo-suche\/\" target=\"_self\" rel=\"noopener noreferrer\" class=\"button-teaser--is-full\"><\/a><\/div><\/div>\n\n\n<\/div><\/div>\n","protected":false},"excerpt":{"rendered":"<p>Verzweifelte Lage in Indien 5. Mai 2021 Nachdem in Indien die Pandemie im Februar unter Kontrolle schien, hat sich die Lage nun dramatisch verschlechtert. Das indische Gesundheitsministerium meldet jeden Tag hunderttausende Neuansteckungen, das Gesundheitswesen ist \u00fcberlastet. Die Lage in Indien ist aufgrund der schnell und unkontrolliert steigenden Coronazahlen dramatisch und sie verschlechtert sich zusehends. Den [&hellip;]<\/p>\n","protected":false},"author":6,"featured_media":4499002,"parent":0,"menu_order":86,"comment_status":"closed","ping_status":"closed","template":"","meta":{"_acf_changed":false,"footnotes":""},"folder":[6639],"class_list":["post-5779869","page","type-page","status-publish","has-post-thumbnail","hentry"],"acf":[],"yoast_head":"<!-- This site is optimized with the Yoast SEO Premium plugin v26.0 (Yoast SEO v26.0) - https:\/\/yoast.com\/wordpress\/plugins\/seo\/ -->\n<title>Zewo<\/title>\n<meta name=\"description\" content=\"Die Lage in Indien ist dramatisch und sie verschlechtert sich zusehends. Spenden Sie jetzt einer NPO mit Zewo-G\u00fctesiegel.\" \/>\n<meta name=\"robots\" content=\"index, follow, max-snippet:-1, max-image-preview:large, max-video-preview:-1\" \/>\n<link rel=\"canonical\" href=\"https:\/\/zewo.ch\/de\/coronavirus-in-indien\/\" \/>\n<meta property=\"og:locale\" content=\"de_DE\" \/>\n<meta property=\"og:type\" content=\"article\" \/>\n<meta property=\"og:description\" content=\"Die Lage in Indien ist dramatisch und sie verschlechtert sich zusehends. Spenden Sie jetzt einer NPO mit Zewo-G\u00fctesiegel.\" \/>\n<meta property=\"og:url\" content=\"https:\/\/zewo.ch\/de\/coronavirus-in-indien\/\" \/>\n<meta property=\"og:site_name\" content=\"Zewo\" \/>\n<meta property=\"article:publisher\" content=\"https:\/\/www.facebook.com\/Stiftung.ZEWO\/\" \/>\n<meta property=\"article:modified_time\" content=\"2024-10-15T10:01:42+00:00\" \/>\n<meta property=\"og:image\" content=\"https:\/\/zewo.ch\/wp-content\/uploads\/2020\/03\/header-corona.png\" \/>\n\t<meta property=\"og:image:width\" content=\"2200\" \/>\n\t<meta property=\"og:image:height\" content=\"440\" \/>\n\t<meta property=\"og:image:type\" content=\"image\/png\" \/>\n<meta name=\"twitter:card\" content=\"summary_large_image\" \/>\n<meta name=\"twitter:site\" content=\"@stiftung_zewo\" \/>\n<meta name=\"twitter:label1\" content=\"Gesch\u00e4tzte Lesezeit\" \/>\n\t<meta name=\"twitter:data1\" content=\"1\u00a0Minute\" \/>\n<script type=\"application\/ld+json\" class=\"yoast-schema-graph\">{\"@context\":\"https:\/\/schema.org\",\"@graph\":[{\"@type\":\"WebPage\",\"@id\":\"https:\/\/zewo.ch\/de\/coronavirus-in-indien\/#webpage\",\"url\":\"https:\/\/zewo.ch\/de\/coronavirus-in-indien\/#webpage\",\"name\":\"\",\"isPartOf\":{\"@id\":\"https:\/\/zewo.ch\/de\/#website\"},\"primaryImageOfPage\":{\"@id\":\"https:\/\/zewo.ch\/de\/coronavirus-in-indien\/#primaryimage\"},\"image\":{\"@id\":\"https:\/\/zewo.ch\/de\/coronavirus-in-indien\/#primaryimage\"},\"thumbnailUrl\":\"https:\/\/zewo.ch\/wp-content\/uploads\/2020\/03\/header-corona.png\",\"datePublished\":\"2021-05-05T09:15:49+00:00\",\"dateModified\":\"2024-10-15T10:01:42+00:00\",\"description\":\"Die Lage in Indien ist dramatisch und sie verschlechtert sich zusehends. Spenden Sie jetzt einer NPO mit Zewo-G\u00fctesiegel.\",\"breadcrumb\":{\"@id\":\"https:\/\/zewo.ch\/de\/coronavirus-in-indien\/#breadcrumb\"},\"inLanguage\":\"de\",\"potentialAction\":[{\"@type\":\"ReadAction\",\"target\":[\"https:\/\/zewo.ch\/de\/coronavirus-in-indien\/\"]}]},{\"@type\":\"ImageObject\",\"inLanguage\":\"de\",\"@id\":\"https:\/\/zewo.ch\/de\/coronavirus-in-indien\/#primaryimage\",\"url\":\"https:\/\/zewo.ch\/wp-content\/uploads\/2020\/03\/header-corona.png\",\"contentUrl\":\"https:\/\/zewo.ch\/wp-content\/uploads\/2020\/03\/header-corona.png\",\"width\":2200,\"height\":440,\"caption\":\"Corona Header Bild\"},{\"@type\":\"BreadcrumbList\",\"@id\":\"https:\/\/zewo.ch\/de\/coronavirus-in-indien\/#breadcrumb\",\"itemListElement\":[{\"@type\":\"ListItem\",\"position\":1,\"name\":\"Home\",\"item\":\"https:\/\/zewo.ch\/de\/\"},{\"@type\":\"ListItem\",\"position\":2,\"name\":\"Coronavirus in Indien\"}]},{\"@type\":\"WebSite\",\"@id\":\"https:\/\/zewo.ch\/de\/#website\",\"url\":\"https:\/\/zewo.ch\/de\/\",\"name\":\"Zewo\",\"description\":\"Ihre Spende in guten H\u00e4nden.\",\"publisher\":{\"@id\":\"https:\/\/zewo.ch\/de\/#organization\"},\"potentialAction\":[{\"@type\":\"SearchAction\",\"target\":{\"@type\":\"EntryPoint\",\"urlTemplate\":\"https:\/\/zewo.ch\/de\/?s={search_term_string}\"},\"query-input\":{\"@type\":\"PropertyValueSpecification\",\"valueRequired\":true,\"valueName\":\"search_term_string\"}}],\"inLanguage\":\"de\"},{\"@type\":\"Organization\",\"@id\":\"https:\/\/zewo.ch\/de\/#organization\",\"name\":\"Stiftung Zewo\",\"url\":\"https:\/\/zewo.ch\/de\/\",\"logo\":{\"@type\":\"ImageObject\",\"inLanguage\":\"de\",\"@id\":\"https:\/\/zewo.ch\/de\/#\/schema\/logo\/image\/\",\"url\":\"https:\/\/zewo.ch\/wp-content\/uploads\/2019\/08\/Zewo_Logo_Claim_D.svg\",\"contentUrl\":\"https:\/\/zewo.ch\/wp-content\/uploads\/2019\/08\/Zewo_Logo_Claim_D.svg\",\"width\":1,\"height\":1,\"caption\":\"Stiftung Zewo\"},\"image\":{\"@id\":\"https:\/\/zewo.ch\/de\/#\/schema\/logo\/image\/\"},\"sameAs\":[\"https:\/\/www.facebook.com\/Stiftung.ZEWO\/\",\"https:\/\/x.com\/stiftung_zewo\",\"https:\/\/www.linkedin.com\/company\/stiftung-zewo\",\"https:\/\/www.youtube.com\/channel\/UCzjsVJro12OXcvvx1LQP8tw\",\"https:\/\/de.wikipedia.org\/wiki\/Zewo\"]}]}<\/script>\n<!-- \/ Yoast SEO Premium plugin. -->","yoast_head_json":{"title":"Zewo","description":"Die Lage in Indien ist dramatisch und sie verschlechtert sich zusehends. Spenden Sie jetzt einer NPO mit Zewo-G\u00fctesiegel.","robots":{"index":"index","follow":"follow","max-snippet":"max-snippet:-1","max-image-preview":"max-image-preview:large","max-video-preview":"max-video-preview:-1"},"canonical":"https:\/\/zewo.ch\/de\/coronavirus-in-indien\/","og_locale":"de_DE","og_type":"article","og_description":"Die Lage in Indien ist dramatisch und sie verschlechtert sich zusehends. Spenden Sie jetzt einer NPO mit Zewo-G\u00fctesiegel.","og_url":"https:\/\/zewo.ch\/de\/coronavirus-in-indien\/","og_site_name":"Zewo","article_publisher":"https:\/\/www.facebook.com\/Stiftung.ZEWO\/","article_modified_time":"2024-10-15T10:01:42+00:00","og_image":[{"width":2200,"height":440,"url":"https:\/\/zewo.ch\/wp-content\/uploads\/2020\/03\/header-corona.png","type":"image\/png"}],"twitter_card":"summary_large_image","twitter_site":"@stiftung_zewo","twitter_misc":{"Gesch\u00e4tzte Lesezeit":"1\u00a0Minute"},"schema":{"@context":"https:\/\/schema.org","@graph":[{"@type":"WebPage","@id":"https:\/\/zewo.ch\/de\/coronavirus-in-indien\/#webpage","url":"https:\/\/zewo.ch\/de\/coronavirus-in-indien\/#webpage","name":"","isPartOf":{"@id":"https:\/\/zewo.ch\/de\/#website"},"primaryImageOfPage":{"@id":"https:\/\/zewo.ch\/de\/coronavirus-in-indien\/#primaryimage"},"image":{"@id":"https:\/\/zewo.ch\/de\/coronavirus-in-indien\/#primaryimage"},"thumbnailUrl":"https:\/\/zewo.ch\/wp-content\/uploads\/2020\/03\/header-corona.png","datePublished":"2021-05-05T09:15:49+00:00","dateModified":"2024-10-15T10:01:42+00:00","description":"Die Lage in Indien ist dramatisch und sie verschlechtert sich zusehends. Spenden Sie jetzt einer NPO mit Zewo-G\u00fctesiegel.","breadcrumb":{"@id":"https:\/\/zewo.ch\/de\/coronavirus-in-indien\/#breadcrumb"},"inLanguage":"de","potentialAction":[{"@type":"ReadAction","target":["https:\/\/zewo.ch\/de\/coronavirus-in-indien\/"]}]},{"@type":"ImageObject","inLanguage":"de","@id":"https:\/\/zewo.ch\/de\/coronavirus-in-indien\/#primaryimage","url":"https:\/\/zewo.ch\/wp-content\/uploads\/2020\/03\/header-corona.png","contentUrl":"https:\/\/zewo.ch\/wp-content\/uploads\/2020\/03\/header-corona.png","width":2200,"height":440,"caption":"Corona Header Bild"},{"@type":"BreadcrumbList","@id":"https:\/\/zewo.ch\/de\/coronavirus-in-indien\/#breadcrumb","itemListElement":[{"@type":"ListItem","position":1,"name":"Home","item":"https:\/\/zewo.ch\/de\/"},{"@type":"ListItem","position":2,"name":"Coronavirus in Indien"}]},{"@type":"WebSite","@id":"https:\/\/zewo.ch\/de\/#website","url":"https:\/\/zewo.ch\/de\/","name":"Zewo","description":"Ihre Spende in guten H\u00e4nden.","publisher":{"@id":"https:\/\/zewo.ch\/de\/#organization"},"potentialAction":[{"@type":"SearchAction","target":{"@type":"EntryPoint","urlTemplate":"https:\/\/zewo.ch\/de\/?s={search_term_string}"},"query-input":{"@type":"PropertyValueSpecification","valueRequired":true,"valueName":"search_term_string"}}],"inLanguage":"de"},{"@type":"Organization","@id":"https:\/\/zewo.ch\/de\/#organization","name":"Stiftung Zewo","url":"https:\/\/zewo.ch\/de\/","logo":{"@type":"ImageObject","inLanguage":"de","@id":"https:\/\/zewo.ch\/de\/#\/schema\/logo\/image\/","url":"https:\/\/zewo.ch\/wp-content\/uploads\/2019\/08\/Zewo_Logo_Claim_D.svg","contentUrl":"https:\/\/zewo.ch\/wp-content\/uploads\/2019\/08\/Zewo_Logo_Claim_D.svg","width":1,"height":1,"caption":"Stiftung Zewo"},"image":{"@id":"https:\/\/zewo.ch\/de\/#\/schema\/logo\/image\/"},"sameAs":["https:\/\/www.facebook.com\/Stiftung.ZEWO\/","https:\/\/x.com\/stiftung_zewo","https:\/\/www.linkedin.com\/company\/stiftung-zewo","https:\/\/www.youtube.com\/channel\/UCzjsVJro12OXcvvx1LQP8tw","https:\/\/de.wikipedia.org\/wiki\/Zewo"]}]}},"publishpress_future_action":{"enabled":false,"date":"2026-04-23 18:31:11","action":"change-status","newStatus":"draft","terms":[],"taxonomy":"translation_priority","extraData":[]},"publishpress_future_workflow_manual_trigger":{"enabledWorkflows":[]},"_links":{"self":[{"href":"https:\/\/zewo.ch\/de\/wp-json\/wp\/v2\/pages\/5779869","targetHints":{"allow":["GET"]}}],"collection":[{"href":"https:\/\/zewo.ch\/de\/wp-json\/wp\/v2\/pages"}],"about":[{"href":"https:\/\/zewo.ch\/de\/wp-json\/wp\/v2\/types\/page"}],"author":[{"embeddable":true,"href":"https:\/\/zewo.ch\/de\/wp-json\/wp\/v2\/users\/6"}],"replies":[{"embeddable":true,"href":"https:\/\/zewo.ch\/de\/wp-json\/wp\/v2\/comments?post=5779869"}],"version-history":[{"count":30,"href":"https:\/\/zewo.ch\/de\/wp-json\/wp\/v2\/pages\/5779869\/revisions"}],"predecessor-version":[{"id":5923244,"href":"https:\/\/zewo.ch\/de\/wp-json\/wp\/v2\/pages\/5779869\/revisions\/5923244"}],"wp:featuredmedia":[{"embeddable":true,"href":"https:\/\/zewo.ch\/de\/wp-json\/wp\/v2\/media\/4499002"}],"wp:attachment":[{"href":"https:\/\/zewo.ch\/de\/wp-json\/wp\/v2\/media?parent=5779869"}],"wp:term":[{"taxonomy":"folder","embeddable":true,"href":"https:\/\/zewo.ch\/de\/wp-json\/wp\/v2\/folder?post=5779869"}],"curies":[{"name":"wp","href":"https:\/\/api.w.org\/{rel}","templated":true}]}}