{"id":573,"date":"2019-04-09T10:34:11","date_gmt":"2019-04-09T08:34:11","guid":{"rendered":"https:\/\/www.zewo.ch\/?page_id=573"},"modified":"2025-11-24T07:28:49","modified_gmt":"2025-11-24T06:28:49","slug":"spendenmagazin","status":"publish","type":"page","link":"https:\/\/zewo.ch\/de\/spendenmagazin\/","title":{"rendered":"Spendenmagazin"},"content":{"rendered":"\n<h2 class=\"wp-block-heading\">Spenden in der Adventszeit<\/h2>\n\n\n\n<p>Zur Einstimmung in die Adventszeit erscheint das Spendenmagazin. Als Beilage in der NZZ am Sonntag, in der SonntagsZeitung und in Le Matin Dimanche informiert es, wie Hilfswerke dank Spenden in der Schweiz und auf der ganzen Welt im Einsatz sind. Es greift aktuelle Themen rund ums Spenden auf und enth\u00e4lt wichtige Tipps f\u00fcr Spenderinnen und Spender. Die Stiftung Zewo gibt das Spendenmagazin zusammen mit Swissfundraising heraus.<\/p>\n\n\n\n<h2 class=\"wp-block-heading\" id=\"h-sorge-tragen-zu-unserer-welt-ausgabe-2025\">Sorge tragen zu unserer Welt | Ausgabe 2025<\/h2>\n\n\n\n<p>Lesen Sie das Spendenmagazin 2025 hier online oder laden Sie das PDF herunter.<\/p>\n\n\n\n<iframe loading=\"lazy\" width=\"620px\" height=\"618px\" src=\"https:\/\/www.yumpu.com\/de\/embed\/view\/q5Z4vQ8sSUWVFzED\" frameborder=\"0\" allowfullscreen=\"true\"  allowtransparency=\"true\"><\/iframe>\n\n\n\n<h2 class=\"wp-block-heading\" id=\"h-highlights-2025\">Highlights 2025<\/h2>\n\n\n\n<ul class=\"wp-block-list\">\n<li><strong>Hilfe in der Schweiz&nbsp;\u2013<\/strong><strong> wof\u00fcr sich unsere Hilfswerke&nbsp;im eigenen Land einsetzen<\/strong><\/li>\n\n\n\n<li><strong>Wo Schweizer Hilfswerke im Ausland t\u00e4tig sind \u2013<\/strong><strong> und wie sie dank Spenden das Leben&nbsp;unz\u00e4hliger Menschen verbessern<\/strong><\/li>\n\n\n\n<li><strong>Entwicklungszusammenarbeit ist Sicherheitspolitik<\/strong> <strong>\u2013<\/strong>&nbsp;Interview mit Buchautor und Experte f\u00fcr Entwicklungszusammenarbeit&nbsp;<strong>Ren\u00e9 Holenstein. <\/strong>Erzeigt auf, warum Entwicklungszusammenarbeit f\u00fcr Stabilit\u00e4t sorgt und nicht gek\u00fcrzt werden darf.<\/li>\n\n\n\n<li><strong>Warum Spenden unsere Gesellschaft zusammenhalten<\/strong> \u2013 <strong>Martina Ziegerer<\/strong>, Gesch\u00e4ftsleiterin Stiftung Zewo, erkl\u00e4rt, weshalb&nbsp;man mit Spenden&nbsp;ein wichtiges Zeichen setzt.<\/li>\n\n\n\n<li><strong>Richtig spenden <\/strong>\u2013 worauf man beim&nbsp;Helfen achten muss \u2013 die wichtigsten Tipps<\/li>\n<\/ul>\n\n\n\n<div style=\"height:28px\" aria-hidden=\"true\" class=\"wp-block-spacer\"><\/div>\n\n\n\n<div class=\"wp-block-cgb-block-zewo-block-button ab-block-button\"><a href=\"https:\/\/zewo.ch\/wp-content\/uploads\/2025\/11\/GzD-Spendenmagazin-2025.pdf\" target=\"_blank\" rel=\"noopener noreferrer\" class=\"button default\"><span class=\"button-arrow\"><\/span>Download Spendenmagazin 2025<\/a><\/div>\n\n\n\n<p><\/p>\n\n\n\n<div class=\"wp-block-cgb-block-zewo-block-columns-container container bg-color-light-gray\"><div class=\"grid-x grid-margin-x\" data-columns=\"3\">\n<div class=\"cell small-12 medium-6\"><div class=\"wp-block-cgb-block-zewo-block-image-text-teaser ab-block-cta\"><div class=\"ab-cta-image-wrap bg-color-secondary\"><img decoding=\"async\" class=\"ab-cta-image\" src=\"https:\/\/zewo.ch\/wp-content\/uploads\/2019\/05\/ha\u0308ufige-fragen-7.png\" alt=\"H\u00e4ufige Fragen und Antworten rund ums Spenden\"\/><\/div><div class=\"ab-cta-content\"><h2 class=\"ab-cta-title\">H\u00e4ufige Fragen rund ums Spenden<\/h2><div class=\"ab-cta-text\">\n<p>Der Spenden-Ratgeber der Zewo gibt Ihnen Auskunft zu den wichtigsten Fragen rund ums Spenden.<\/p>\n<\/div><\/div><div class=\"ab-cta-button\"><a href=\"\/de\/fragen-und-antworten-rund-ums-spenden\/\" target=\"_self\" rel=\"noopener noreferrer\" class=\"button primary button-teaser\"><span class=\"button-arrow\"><\/span>Jetzt ansehen<\/a><\/div><a href=\"\/de\/fragen-und-antworten-rund-ums-spenden\/\" target=\"_self\" rel=\"noopener noreferrer\" class=\"button-teaser--is-full\"><\/a><\/div><\/div>\n\n\n\n\n<\/div><\/div>\n","protected":false},"excerpt":{"rendered":"<p>Spenden in der Adventszeit Zur Einstimmung in die Adventszeit erscheint das Spendenmagazin. Als Beilage in der NZZ am Sonntag, in der SonntagsZeitung und in Le Matin Dimanche informiert es, wie Hilfswerke dank Spenden in der Schweiz und auf der ganzen Welt im Einsatz sind. Es greift aktuelle Themen rund ums Spenden auf und enth\u00e4lt wichtige [&hellip;]<\/p>\n","protected":false},"author":6,"featured_media":2481,"parent":0,"menu_order":178,"comment_status":"closed","ping_status":"closed","template":"","meta":{"_acf_changed":false,"footnotes":""},"folder":[6639],"class_list":["post-573","page","type-page","status-publish","has-post-thumbnail","hentry"],"acf":[],"yoast_head":"<!-- This site is optimized with the Yoast SEO Premium plugin v26.0 (Yoast SEO v26.0) - https:\/\/yoast.com\/wordpress\/plugins\/seo\/ -->\n<title>Zewo<\/title>\n<meta name=\"description\" content=\"Das Spendenmagazin von Swissfundraising und der Zewo erscheint j\u00e4hrlich. Bl\u00e4ttern Sie online in unseren Ausgaben und lesen Sie alles \u00fcber wirksames Spenden.\" \/>\n<meta name=\"robots\" content=\"index, follow, max-snippet:-1, max-image-preview:large, max-video-preview:-1\" \/>\n<link rel=\"canonical\" href=\"https:\/\/zewo.ch\/de\/spendenmagazin\/\" \/>\n<meta property=\"og:locale\" content=\"de_DE\" \/>\n<meta property=\"og:type\" content=\"article\" \/>\n<meta property=\"og:description\" content=\"Das Spendenmagazin von Swissfundraising und der Zewo erscheint j\u00e4hrlich. Bl\u00e4ttern Sie online in unseren Ausgaben und lesen Sie alles \u00fcber wirksames Spenden.\" \/>\n<meta property=\"og:url\" content=\"https:\/\/zewo.ch\/de\/spendenmagazin\/\" \/>\n<meta property=\"og:site_name\" content=\"Zewo\" \/>\n<meta property=\"article:publisher\" content=\"https:\/\/www.facebook.com\/Stiftung.ZEWO\/\" \/>\n<meta property=\"article:modified_time\" content=\"2025-11-24T06:28:49+00:00\" \/>\n<meta property=\"og:image\" content=\"https:\/\/zewo.ch\/wp-content\/uploads\/2019\/05\/shutterstock_216950590.jpg\" \/>\n\t<meta property=\"og:image:width\" content=\"2200\" \/>\n\t<meta property=\"og:image:height\" content=\"650\" \/>\n\t<meta property=\"og:image:type\" content=\"image\/jpeg\" \/>\n<meta name=\"twitter:card\" content=\"summary_large_image\" \/>\n<meta name=\"twitter:site\" content=\"@stiftung_zewo\" \/>\n<meta name=\"twitter:label1\" content=\"Gesch\u00e4tzte Lesezeit\" \/>\n\t<meta name=\"twitter:data1\" content=\"5\u00a0Minuten\" \/>\n<script type=\"application\/ld+json\" class=\"yoast-schema-graph\">{\"@context\":\"https:\/\/schema.org\",\"@graph\":[{\"@type\":\"WebPage\",\"@id\":\"https:\/\/zewo.ch\/de\/spendenmagazin\/#webpage\",\"url\":\"https:\/\/zewo.ch\/de\/spendenmagazin\/#webpage\",\"name\":\"\",\"isPartOf\":{\"@id\":\"https:\/\/zewo.ch\/de\/#website\"},\"primaryImageOfPage\":{\"@id\":\"https:\/\/zewo.ch\/de\/spendenmagazin\/#primaryimage\"},\"image\":{\"@id\":\"https:\/\/zewo.ch\/de\/spendenmagazin\/#primaryimage\"},\"thumbnailUrl\":\"https:\/\/zewo.ch\/wp-content\/uploads\/2019\/05\/shutterstock_216950590.jpg\",\"datePublished\":\"2019-04-09T08:34:11+00:00\",\"dateModified\":\"2025-11-24T06:28:49+00:00\",\"description\":\"Das Spendenmagazin von Swissfundraising und der Zewo erscheint j\u00e4hrlich. Bl\u00e4ttern Sie online in unseren Ausgaben und lesen Sie alles \u00fcber wirksames Spenden.\",\"breadcrumb\":{\"@id\":\"https:\/\/zewo.ch\/de\/spendenmagazin\/#breadcrumb\"},\"inLanguage\":\"de\",\"potentialAction\":[{\"@type\":\"ReadAction\",\"target\":[\"https:\/\/zewo.ch\/de\/spendenmagazin\/\"]}]},{\"@type\":\"ImageObject\",\"inLanguage\":\"de\",\"@id\":\"https:\/\/zewo.ch\/de\/spendenmagazin\/#primaryimage\",\"url\":\"https:\/\/zewo.ch\/wp-content\/uploads\/2019\/05\/shutterstock_216950590.jpg\",\"contentUrl\":\"https:\/\/zewo.ch\/wp-content\/uploads\/2019\/05\/shutterstock_216950590.jpg\",\"width\":2200,\"height\":650,\"caption\":\"Entwicklungszusammenarbeit\"},{\"@type\":\"BreadcrumbList\",\"@id\":\"https:\/\/zewo.ch\/de\/spendenmagazin\/#breadcrumb\",\"itemListElement\":[{\"@type\":\"ListItem\",\"position\":1,\"name\":\"Home\",\"item\":\"https:\/\/zewo.ch\/de\/\"},{\"@type\":\"ListItem\",\"position\":2,\"name\":\"Spendenmagazin\"}]},{\"@type\":\"WebSite\",\"@id\":\"https:\/\/zewo.ch\/de\/#website\",\"url\":\"https:\/\/zewo.ch\/de\/\",\"name\":\"Zewo\",\"description\":\"Ihre Spende in guten H\u00e4nden.\",\"publisher\":{\"@id\":\"https:\/\/zewo.ch\/de\/#organization\"},\"potentialAction\":[{\"@type\":\"SearchAction\",\"target\":{\"@type\":\"EntryPoint\",\"urlTemplate\":\"https:\/\/zewo.ch\/de\/?s={search_term_string}\"},\"query-input\":{\"@type\":\"PropertyValueSpecification\",\"valueRequired\":true,\"valueName\":\"search_term_string\"}}],\"inLanguage\":\"de\"},{\"@type\":\"Organization\",\"@id\":\"https:\/\/zewo.ch\/de\/#organization\",\"name\":\"Stiftung Zewo\",\"url\":\"https:\/\/zewo.ch\/de\/\",\"logo\":{\"@type\":\"ImageObject\",\"inLanguage\":\"de\",\"@id\":\"https:\/\/zewo.ch\/de\/#\/schema\/logo\/image\/\",\"url\":\"https:\/\/zewo.ch\/wp-content\/uploads\/2019\/08\/Zewo_Logo_Claim_D.svg\",\"contentUrl\":\"https:\/\/zewo.ch\/wp-content\/uploads\/2019\/08\/Zewo_Logo_Claim_D.svg\",\"width\":1,\"height\":1,\"caption\":\"Stiftung Zewo\"},\"image\":{\"@id\":\"https:\/\/zewo.ch\/de\/#\/schema\/logo\/image\/\"},\"sameAs\":[\"https:\/\/www.facebook.com\/Stiftung.ZEWO\/\",\"https:\/\/x.com\/stiftung_zewo\",\"https:\/\/www.linkedin.com\/company\/stiftung-zewo\",\"https:\/\/www.youtube.com\/channel\/UCzjsVJro12OXcvvx1LQP8tw\",\"https:\/\/de.wikipedia.org\/wiki\/Zewo\"]}]}<\/script>\n<!-- \/ Yoast SEO Premium plugin. -->","yoast_head_json":{"title":"Zewo","description":"Das Spendenmagazin von Swissfundraising und der Zewo erscheint j\u00e4hrlich. Bl\u00e4ttern Sie online in unseren Ausgaben und lesen Sie alles \u00fcber wirksames Spenden.","robots":{"index":"index","follow":"follow","max-snippet":"max-snippet:-1","max-image-preview":"max-image-preview:large","max-video-preview":"max-video-preview:-1"},"canonical":"https:\/\/zewo.ch\/de\/spendenmagazin\/","og_locale":"de_DE","og_type":"article","og_description":"Das Spendenmagazin von Swissfundraising und der Zewo erscheint j\u00e4hrlich. Bl\u00e4ttern Sie online in unseren Ausgaben und lesen Sie alles \u00fcber wirksames Spenden.","og_url":"https:\/\/zewo.ch\/de\/spendenmagazin\/","og_site_name":"Zewo","article_publisher":"https:\/\/www.facebook.com\/Stiftung.ZEWO\/","article_modified_time":"2025-11-24T06:28:49+00:00","og_image":[{"width":2200,"height":650,"url":"https:\/\/zewo.ch\/wp-content\/uploads\/2019\/05\/shutterstock_216950590.jpg","type":"image\/jpeg"}],"twitter_card":"summary_large_image","twitter_site":"@stiftung_zewo","twitter_misc":{"Gesch\u00e4tzte Lesezeit":"5\u00a0Minuten"},"schema":{"@context":"https:\/\/schema.org","@graph":[{"@type":"WebPage","@id":"https:\/\/zewo.ch\/de\/spendenmagazin\/#webpage","url":"https:\/\/zewo.ch\/de\/spendenmagazin\/#webpage","name":"","isPartOf":{"@id":"https:\/\/zewo.ch\/de\/#website"},"primaryImageOfPage":{"@id":"https:\/\/zewo.ch\/de\/spendenmagazin\/#primaryimage"},"image":{"@id":"https:\/\/zewo.ch\/de\/spendenmagazin\/#primaryimage"},"thumbnailUrl":"https:\/\/zewo.ch\/wp-content\/uploads\/2019\/05\/shutterstock_216950590.jpg","datePublished":"2019-04-09T08:34:11+00:00","dateModified":"2025-11-24T06:28:49+00:00","description":"Das Spendenmagazin von Swissfundraising und der Zewo erscheint j\u00e4hrlich. Bl\u00e4ttern Sie online in unseren Ausgaben und lesen Sie alles \u00fcber wirksames Spenden.","breadcrumb":{"@id":"https:\/\/zewo.ch\/de\/spendenmagazin\/#breadcrumb"},"inLanguage":"de","potentialAction":[{"@type":"ReadAction","target":["https:\/\/zewo.ch\/de\/spendenmagazin\/"]}]},{"@type":"ImageObject","inLanguage":"de","@id":"https:\/\/zewo.ch\/de\/spendenmagazin\/#primaryimage","url":"https:\/\/zewo.ch\/wp-content\/uploads\/2019\/05\/shutterstock_216950590.jpg","contentUrl":"https:\/\/zewo.ch\/wp-content\/uploads\/2019\/05\/shutterstock_216950590.jpg","width":2200,"height":650,"caption":"Entwicklungszusammenarbeit"},{"@type":"BreadcrumbList","@id":"https:\/\/zewo.ch\/de\/spendenmagazin\/#breadcrumb","itemListElement":[{"@type":"ListItem","position":1,"name":"Home","item":"https:\/\/zewo.ch\/de\/"},{"@type":"ListItem","position":2,"name":"Spendenmagazin"}]},{"@type":"WebSite","@id":"https:\/\/zewo.ch\/de\/#website","url":"https:\/\/zewo.ch\/de\/","name":"Zewo","description":"Ihre Spende in guten H\u00e4nden.","publisher":{"@id":"https:\/\/zewo.ch\/de\/#organization"},"potentialAction":[{"@type":"SearchAction","target":{"@type":"EntryPoint","urlTemplate":"https:\/\/zewo.ch\/de\/?s={search_term_string}"},"query-input":{"@type":"PropertyValueSpecification","valueRequired":true,"valueName":"search_term_string"}}],"inLanguage":"de"},{"@type":"Organization","@id":"https:\/\/zewo.ch\/de\/#organization","name":"Stiftung Zewo","url":"https:\/\/zewo.ch\/de\/","logo":{"@type":"ImageObject","inLanguage":"de","@id":"https:\/\/zewo.ch\/de\/#\/schema\/logo\/image\/","url":"https:\/\/zewo.ch\/wp-content\/uploads\/2019\/08\/Zewo_Logo_Claim_D.svg","contentUrl":"https:\/\/zewo.ch\/wp-content\/uploads\/2019\/08\/Zewo_Logo_Claim_D.svg","width":1,"height":1,"caption":"Stiftung Zewo"},"image":{"@id":"https:\/\/zewo.ch\/de\/#\/schema\/logo\/image\/"},"sameAs":["https:\/\/www.facebook.com\/Stiftung.ZEWO\/","https:\/\/x.com\/stiftung_zewo","https:\/\/www.linkedin.com\/company\/stiftung-zewo","https:\/\/www.youtube.com\/channel\/UCzjsVJro12OXcvvx1LQP8tw","https:\/\/de.wikipedia.org\/wiki\/Zewo"]}]}},"publishpress_future_action":{"enabled":false,"date":"2026-04-23 10:49:55","action":"change-status","newStatus":"draft","terms":[],"taxonomy":"translation_priority","extraData":[]},"publishpress_future_workflow_manual_trigger":{"enabledWorkflows":[]},"_links":{"self":[{"href":"https:\/\/zewo.ch\/de\/wp-json\/wp\/v2\/pages\/573","targetHints":{"allow":["GET"]}}],"collection":[{"href":"https:\/\/zewo.ch\/de\/wp-json\/wp\/v2\/pages"}],"about":[{"href":"https:\/\/zewo.ch\/de\/wp-json\/wp\/v2\/types\/page"}],"author":[{"embeddable":true,"href":"https:\/\/zewo.ch\/de\/wp-json\/wp\/v2\/users\/6"}],"replies":[{"embeddable":true,"href":"https:\/\/zewo.ch\/de\/wp-json\/wp\/v2\/comments?post=573"}],"version-history":[{"count":105,"href":"https:\/\/zewo.ch\/de\/wp-json\/wp\/v2\/pages\/573\/revisions"}],"predecessor-version":[{"id":5934594,"href":"https:\/\/zewo.ch\/de\/wp-json\/wp\/v2\/pages\/573\/revisions\/5934594"}],"wp:featuredmedia":[{"embeddable":true,"href":"https:\/\/zewo.ch\/de\/wp-json\/wp\/v2\/media\/2481"}],"wp:attachment":[{"href":"https:\/\/zewo.ch\/de\/wp-json\/wp\/v2\/media?parent=573"}],"wp:term":[{"taxonomy":"folder","embeddable":true,"href":"https:\/\/zewo.ch\/de\/wp-json\/wp\/v2\/folder?post=573"}],"curies":[{"name":"wp","href":"https:\/\/api.w.org\/{rel}","templated":true}]}}