{"id":512094,"date":"2019-09-27T12:46:51","date_gmt":"2019-09-27T10:46:51","guid":{"rendered":"https:\/\/www.zewo.ch\/?page_id=512094"},"modified":"2025-11-25T10:33:47","modified_gmt":"2025-11-25T09:33:47","slug":"durchblick-beim-spenden-zewo-guetesiegel-fuer-hilfswerke","status":"publish","type":"page","link":"https:\/\/zewo.ch\/de\/","title":{"rendered":"Durchblick beim Spenden: Zewo-G\u00fctesiegel f\u00fcr Hilfswerke"},"content":{"rendered":"\n<h2 class=\"wp-block-heading\">Ihre Spende in guten H\u00e4nden<\/h2>\n\n\n\n<p>Achten Sie beim Spenden auf das <a href=\"https:\/\/zewo.ch\/de\/zewo-guetesiegel\/\">Zewo-G\u00fctesiegel<\/a>. Es zeichnet gemeinn\u00fctzige NPO aus, welche die <a href=\"https:\/\/zewo.ch\/de\/die-21-zewo-standards\/\">21 Standards<\/a> der Zewo erf\u00fcllen. Die Zewo <a href=\"https:\/\/zewo.ch\/de\/der-weg-zum-zewo-guetesiegel\/\">pr\u00fcft und kontrolliert<\/a> diese NPO regelm\u00e4ssig. So wissen  Spenderinnen und Spender, dass ihre Spende bei einer <a href=\"https:\/\/zewo.ch\/de\/npo-suche\/\">zertifizierten NPO <\/a>in guten H\u00e4nden ist. <\/p>\n\n\n\n<div class=\"wp-block-cgb-block-zewo-block-wrapper ab-block-wrapper\">\n<div class=\"wp-block-cgb-block-zewo-block-button ab-block-button\"><a href=\"https:\/\/zewo.ch\/de\/fuer-spendende\/\" class=\"button primary\"><span class=\"button-arrow\"><\/span>Ich bin Spender\/in<\/a><\/div>\n\n\n\n<div class=\"wp-block-cgb-block-zewo-block-button ab-block-button\"><a href=\"https:\/\/zewo.ch\/de\/fuer-npo\/\" class=\"button primary\"><span class=\"button-arrow\"><\/span>Ich repr\u00e4sentiere eine NPO<\/a><\/div>\n<\/div>\n\n\n\n<div class=\"wp-block-cgb-block-zewo-block-columns-container container bg-color-light-gray\"><div class=\"grid-x grid-margin-x\" data-columns=\"3\">\n<div class=\"cell small-12 medium-6\"><div class=\"wp-block-cgb-block-zewo-block-image-text-teaser ab-block-cta\"><div class=\"ab-cta-image-wrap bg-color-secondary\"><img decoding=\"async\" class=\"ab-cta-image\" src=\"https:\/\/zewo.ch\/wp-content\/uploads\/2019\/08\/Zewo-Hilfswerksuche-2.jpg\" alt=\"Zewo-Hilfswerksuche\"\/><\/div><div class=\"ab-cta-content\"><h2 class=\"ab-cta-title\">Suchen Sie eine zertifizierte NPO?<\/h2><div class=\"ab-cta-text\">\n<p>Mit der Online-Suche finden Sie alle NPO, die das Zewo-G\u00fctesiegel tragen. Das Suchergebnis zeigt, wem sie helfen, wo sie t\u00e4tig sind und wie Sie die NPO unterst\u00fctzen k\u00f6nnen. <\/p>\n<\/div><\/div><div class=\"ab-cta-button\"><a href=\"\/de\/npo-suche\/\" target=\"_self\" rel=\"noopener noreferrer\" class=\"button primary button-teaser\"><span class=\"button-arrow\"><\/span>NPO finden<\/a><\/div><a href=\"\/de\/npo-suche\/\" target=\"_self\" rel=\"noopener noreferrer\" class=\"button-teaser--is-full\"><\/a><\/div><\/div>\n\n\n\n<div class=\"cell small-12 medium-6\"><div class=\"wp-block-cgb-block-zewo-block-image-text-teaser ab-block-cta\"><div class=\"ab-cta-image-wrap bg-color-secondary\"><img decoding=\"async\" class=\"ab-cta-image\" src=\"https:\/\/zewo.ch\/wp-content\/uploads\/2019\/10\/spenden-bei-katastrophen.jpg\" alt=\"Spenden bei Katastrophen\"\/><\/div><div class=\"ab-cta-content\"><h2 class=\"ab-cta-title\">Helfen bei einer Katastrophe<\/h2><div class=\"ab-cta-text\">\n<p>Unwetter, Erdbeben, Kriege und D\u00fcrren bringen Menschen in Not. Mit Ihrer Spende helfen Sie den betroffenen Kindern, Frauen und M\u00e4nnern. Hier sehen Sie auf einen Blick, f\u00fcr welche Katastrophen zertifizierte NPO zur Zeit zum Spenden aufrufen.<\/p>\n<\/div><\/div><div class=\"ab-cta-button\"><a href=\"\/de\/spenden-bei-einer-katastrophe\/\" target=\"_self\" rel=\"noopener noreferrer\" class=\"button primary button-teaser\"><span class=\"button-arrow\"><\/span>Katastrophen im \u00dcberblick <\/a><\/div><a href=\"\/de\/spenden-bei-einer-katastrophe\/\" target=\"_self\" rel=\"noopener noreferrer\" class=\"button-teaser--is-full\"><\/a><\/div><\/div>\n\n\n\n<div class=\"cell small-12 medium-6\"><div class=\"wp-block-cgb-block-zewo-block-image-text-teaser ab-block-cta\"><div class=\"ab-cta-image-wrap bg-color-secondary\"><img decoding=\"async\" class=\"ab-cta-image\" src=\"https:\/\/zewo.ch\/wp-content\/uploads\/2019\/10\/National-Sammlungen.jpg\" alt=\"Nationale Sammlungen\"\/><\/div><div class=\"ab-cta-content\"><h2 class=\"ab-cta-title\">Wer sammelt diese Woche?<\/h2><div class=\"ab-cta-text\">\n<p>Die Zewo koordiniert Spendensammlungen, die NPO in der gesamten Schweiz durchf\u00fchren im Sammlungskalender. Schauen Sie nach, welche zertifizierten NPO zur Zeit sammeln.<\/p>\n<\/div><\/div><div class=\"ab-cta-button\"><a href=\"\/de\/nationaler-sammlungskalender\/\" target=\"_self\" rel=\"noopener noreferrer\" class=\"button primary button-teaser\"><span class=\"button-arrow\"><\/span>Aktuelle nationale Sammlungen<\/a><\/div><a href=\"\/de\/nationaler-sammlungskalender\/\" target=\"_self\" rel=\"noopener noreferrer\" class=\"button-teaser--is-full\"><\/a><\/div><\/div>\n\n\n\n<div class=\"cell small-12 medium-6\"><div class=\"wp-block-cgb-block-zewo-block-image-teaser ab-block-cta bg-color-secondary\"><div class=\"ab-cta-image-wrap bg-color-secondary\"><img decoding=\"async\" class=\"ab-cta-image\" src=\"https:\/\/zewo.ch\/wp-content\/uploads\/2019\/10\/frau-am-bildschirm-1.png\" alt=\"Finden Sie heraus, ob sich Ihre NPO pr\u00fcfen lassen kann.\"\/><\/div><div class=\"ab-cta-content\"><h2 class=\"ab-cta-title\">Kann sich Ihre NPO pr\u00fcfen lassen?<\/h2><\/div><div class=\"ab-cta-button\"><a href=\"\/de\/der-weg-zum-zewo-guetesiegel\/eignungstest\/\" target=\"_self\" rel=\"noopener noreferrer\" class=\"button primary button-teaser\"><span class=\"button-arrow\"><\/span>Eignungstest machen<\/a><\/div><a href=\"\/de\/der-weg-zum-zewo-guetesiegel\/eignungstest\/\" target=\"_self\" rel=\"noopener noreferrer\" class=\"button-teaser--is-full\"><\/a><\/div><\/div>\n\n\n\n<div class=\"wp-block-columns is-layout-flex wp-container-core-columns-is-layout-9d6595d7 wp-block-columns-is-layout-flex\">\n<div class=\"wp-block-column is-layout-flow wp-block-column-is-layout-flow\" style=\"flex-basis:100%\">\n<div class=\"wp-block-columns is-layout-flex wp-container-core-columns-is-layout-9d6595d7 wp-block-columns-is-layout-flex\">\n<div class=\"wp-block-column is-layout-flow wp-block-column-is-layout-flow\" style=\"flex-basis:100%\">\n<div class=\"wp-block-group is-nowrap is-layout-flex wp-container-core-group-is-layout-ad2f72ca wp-block-group-is-layout-flex\">\n<div class=\"cell small-12 medium-6\"><div class=\"wp-block-cgb-block-zewo-block-image-teaser ab-block-cta bg-color-secondary\"><div class=\"ab-cta-image-wrap bg-color-secondary\"><img decoding=\"async\" class=\"ab-cta-image\" src=\"https:\/\/zewo.ch\/wp-content\/uploads\/2019\/05\/21-zewo-standards-1.png\" alt=\"Die 21 Zewo-Standards f\u00fcr Spenden sammelnde NPO\"\/><\/div><div class=\"ab-cta-content\"><h2 class=\"ab-cta-title\">Die 21 Zewo-Standards<\/h2><\/div><div class=\"ab-cta-button\"><a href=\"\/de\/die-21-zewo-standards\/\" target=\"_self\" rel=\"noopener noreferrer\" class=\"button primary button-teaser\"><span class=\"button-arrow\"><\/span>Mehr erfahren<\/a><\/div><a href=\"\/de\/die-21-zewo-standards\/\" target=\"_self\" rel=\"noopener noreferrer\" class=\"button-teaser--is-full\"><\/a><\/div><\/div>\n<\/div>\n<\/div>\n<\/div>\n<\/div>\n<\/div>\n\n\n\n<div class=\"wp-block-columns is-layout-flex wp-container-core-columns-is-layout-9d6595d7 wp-block-columns-is-layout-flex\">\n<div class=\"wp-block-column is-layout-flow wp-block-column-is-layout-flow\" style=\"flex-basis:100%\"><\/div>\n<\/div>\n\n\n\n<div class=\"cell small-12 medium-6\"><div class=\"wp-block-cgb-block-zewo-block-image-teaser ab-block-cta bg-color-secondary\"><div class=\"ab-cta-image-wrap bg-color-secondary\"><img decoding=\"async\" class=\"ab-cta-image\" src=\"https:\/\/zewo.ch\/wp-content\/uploads\/2019\/07\/Pokal-1.png\" alt=\"Der Weg zum Zewo-G\u00fctesiegel\"\/><\/div><div class=\"ab-cta-content\"><h2 class=\"ab-cta-title\">Der Weg zum Zewo-G\u00fctesiegel<\/h2><\/div><div class=\"ab-cta-button\"><a href=\"\/de\/der-weg-zum-zewo-guetesiegel\/\" target=\"_self\" rel=\"noopener noreferrer\" class=\"button primary button-teaser\"><span class=\"button-arrow\"><\/span>Jetzt informieren<\/a><\/div><a href=\"\/de\/der-weg-zum-zewo-guetesiegel\/\" target=\"_self\" rel=\"noopener noreferrer\" class=\"button-teaser--is-full\"><\/a><\/div><\/div>\n\n\n\n<p><\/p>\n<\/div><\/div>\n\n\n\n<h2 class=\"wp-block-heading\">Aus den News f\u00fcr NPO<\/h2>\n\n\n<div class=\"wp-block-cgb-block-zewo-block-columns-container container bg-color-light-gray margin-top-3 margin-bottom-2 wp-block--latest-posts\"><div class=\"grid-x grid-margin-x\"><div class=\"cell small-12 medium-6 large-4\"><div class=\"wp-block-cgb-block-zewo-block-image-text-teaser ab-block-cta\"><div class=\"ab-cta-image-wrap bg-color-secondary\"><img loading=\"lazy\" decoding=\"async\" width=\"600\" height=\"400\" src=\"https:\/\/zewo.ch\/wp-content\/uploads\/2026\/04\/Spendenprognose_2025_D.png\" class=\"alm-thumbnail ab-cta-image wp-post-image\" alt=\"\" srcset=\"https:\/\/zewo.ch\/wp-content\/uploads\/2026\/04\/Spendenprognose_2025_D.png 600w, https:\/\/zewo.ch\/wp-content\/uploads\/2026\/04\/Spendenprognose_2025_D-300x200.png 300w\" sizes=\"auto, (min-width: 960px) 75vw, 100vw\" \/><\/div><div class=\"ab-cta-content\"><h2 class=\"ab-cta-title\">Spendenprognose 2025: Stabiles Spendenvolumen \u2013 ver\u00e4ndertes Umfeld<\/h2><div class=\"ab-cta-text\">Die Spenden in der Schweiz bleiben auf hohem Niveau. F\u00fcr 2025 rechnet die Zewo-Prognose mit insgesamt rund 2,3 Milliarden Franken \u2013 leicht mehr als im Vorjahr. Gleichzeitig ver\u00e4ndert sich die Zusammensetzung der Spenden. W\u00e4hrend Beitr\u00e4ge aus privaten Haushalten und Legate leicht zur\u00fcckgehen, nehmen institutionelle Spenden deutlich zu.<\/div><\/div><div class=\"ab-cta-button\"><a href=\"https:\/\/zewo.ch\/de\/news-spendenprognose-2025-stabiles-spendenvolumen-verandertes-umfeld\/\" target=\"_self\" rel=\"noopener noreferrer\" class=\"button primary button-teaser\"><span class=\"button-arrow\"><\/span>Mehr <\/a><span class=\"entry-meta\">7.4.26<\/span><\/div><a href=\"https:\/\/zewo.ch\/de\/news-spendenprognose-2025-stabiles-spendenvolumen-verandertes-umfeld\/\" target=\"_self\" rel=\"noopener noreferrer\" class=\"button-teaser--is-full\"><\/a><\/div><\/div><div class=\"cell small-12 medium-6 large-4\"><div class=\"wp-block-cgb-block-zewo-block-image-text-teaser ab-block-cta\"><div class=\"ab-cta-image-wrap bg-color-secondary\"><img loading=\"lazy\" decoding=\"async\" width=\"600\" height=\"400\" src=\"https:\/\/zewo.ch\/wp-content\/uploads\/2026\/01\/Bild_QA-Expert_Suisse_DE.png?ver=1768232388\" class=\"alm-thumbnail ab-cta-image wp-post-image\" alt=\"Bild Q&amp;A Expert Suisse\" srcset=\"https:\/\/zewo.ch\/wp-content\/uploads\/2026\/01\/Bild_QA-Expert_Suisse_DE.png 600w, https:\/\/zewo.ch\/wp-content\/uploads\/2026\/01\/Bild_QA-Expert_Suisse_DE-300x200.png 300w\" sizes=\"auto, (min-width: 960px) 75vw, 100vw\" \/><\/div><div class=\"ab-cta-content\"><h2 class=\"ab-cta-title\">Jahresrechnung sicher erstellen und pr\u00fcfen: Aktualisiertes Q&amp;A zu Swiss GAAP FER 21<\/h2><div class=\"ab-cta-text\">Die Stiftung Zewo und EXPERTsuisse haben das Q&#038;A zur Rechnungslegung und Pr\u00fcfung von Jahresrechnungen nach Swiss GAAP FER 21 \u00fcberarbeitet und aktualisiert (Version Januar 2026).\n\nDas Dokument enth\u00e4lt praxisorientierte Fragen und Antworten zur Erstellung und Pr\u00fcfung der Jahresrechnung gemeinn\u00fctziger Organisationen nach Swiss GAAP FER 21. Es dient als aktuelle und verl\u00e4ssliche Arbeitshilfe zur Erstellung und \u00dcberpr\u00fcfung Ihrer Jahresrechnung 2025.<\/div><\/div><div class=\"ab-cta-button\"><a href=\"https:\/\/zewo.ch\/de\/news-neue-qas-zu-zewo-standard-13-rechnungslegung\/\" target=\"_self\" rel=\"noopener noreferrer\" class=\"button primary button-teaser\"><span class=\"button-arrow\"><\/span>Mehr <\/a><span class=\"entry-meta\">13.1.26<\/span><\/div><a href=\"https:\/\/zewo.ch\/de\/news-neue-qas-zu-zewo-standard-13-rechnungslegung\/\" target=\"_self\" rel=\"noopener noreferrer\" class=\"button-teaser--is-full\"><\/a><\/div><\/div><div class=\"cell small-12 medium-6 large-4\"><div class=\"wp-block-cgb-block-zewo-block-image-text-teaser ab-block-cta\"><div class=\"ab-cta-image-wrap bg-color-secondary\"><img loading=\"lazy\" decoding=\"async\" width=\"550\" height=\"400\" src=\"https:\/\/zewo.ch\/wp-content\/uploads\/2025\/11\/Spendenreport-2025-DE_Komm.png\" class=\"alm-thumbnail ab-cta-image wp-post-image\" alt=\"Bild Spendenreport 2025\" srcset=\"https:\/\/zewo.ch\/wp-content\/uploads\/2025\/11\/Spendenreport-2025-DE_Komm.png 550w, https:\/\/zewo.ch\/wp-content\/uploads\/2025\/11\/Spendenreport-2025-DE_Komm-300x218.png 300w\" sizes=\"auto, (min-width: 960px) 75vw, 100vw\" \/><\/div><div class=\"ab-cta-content\"><h2 class=\"ab-cta-title\">Der Spendenreport 2025 ist da \u2013 die Trends, Herausforderungen und Chancen<\/h2><div class=\"ab-cta-text\">Die Spendenbereitschaft in der Schweiz bleibt hoch \u2013 zugleich stehen Hilfswerke vor neuen Herausforderungen. Der Spendenreport 2025 zeigt, wie Organisationen dem Gegenwind begegnen und den R\u00fcckenwind der Solidarit\u00e4t nutzen. <\/div><\/div><div class=\"ab-cta-button\"><a href=\"https:\/\/zewo.ch\/de\/news-der-spendenreport-2025-ist-da-die-trends-herausforderungen-und-chancen\/\" target=\"_self\" rel=\"noopener noreferrer\" class=\"button primary button-teaser\"><span class=\"button-arrow\"><\/span>Mehr <\/a><span class=\"entry-meta\">27.11.25<\/span><\/div><a href=\"https:\/\/zewo.ch\/de\/news-der-spendenreport-2025-ist-da-die-trends-herausforderungen-und-chancen\/\" target=\"_self\" rel=\"noopener noreferrer\" class=\"button-teaser--is-full\"><\/a><\/div><\/div><\/div><\/div>\n\n\n<div class=\"wp-block-cgb-block-zewo-block-wrapper ab-block-wrapper\">\n<p><\/p>\n\n\n\n<div style=\"text-align:center\" class=\"wp-block-cgb-block-zewo-block-button alignwide ab-block-button\"><a href=\"\/de\/zewo-blog\/\" class=\"button primary\"><span class=\"button-arrow\"><\/span>Weitere Posts<\/a><\/div>\n<\/div>\n","protected":false},"excerpt":{"rendered":"<p>Ihre Spende in guten H\u00e4nden Achten Sie beim Spenden auf das Zewo-G\u00fctesiegel. Es zeichnet gemeinn\u00fctzige NPO aus, welche die 21 Standards der Zewo erf\u00fcllen. Die Zewo pr\u00fcft und kontrolliert diese NPO regelm\u00e4ssig. So wissen Spenderinnen und Spender, dass ihre Spende bei einer zertifizierten NPO in guten H\u00e4nden ist. Aus den News f\u00fcr NPO<\/p>\n","protected":false},"author":6,"featured_media":512707,"parent":0,"menu_order":5,"comment_status":"closed","ping_status":"closed","template":"front-page.php","meta":{"_acf_changed":false,"footnotes":""},"folder":[6639],"class_list":["post-512094","page","type-page","status-publish","has-post-thumbnail","hentry"],"acf":[],"yoast_head":"<!-- This site is optimized with the Yoast SEO Premium plugin v26.0 (Yoast SEO v26.0) - https:\/\/yoast.com\/wordpress\/plugins\/seo\/ -->\n<title>Zewo<\/title>\n<meta name=\"description\" content=\"Achten Sie beim Spenden auf das Zewo-G\u00fctesiegel. Es zeichnet seri\u00f6se NPO aus, welche die 21 Standards der Zewo erf\u00fcllen.\" \/>\n<meta name=\"robots\" content=\"index, follow, max-snippet:-1, max-image-preview:large, max-video-preview:-1\" \/>\n<link rel=\"canonical\" href=\"https:\/\/zewo.ch\/de\/\" \/>\n<meta property=\"og:locale\" content=\"de_DE\" \/>\n<meta property=\"og:type\" content=\"article\" \/>\n<meta property=\"og:description\" content=\"Achten Sie beim Spenden auf das Zewo-G\u00fctesiegel. Es zeichnet seri\u00f6se NPO aus, welche die 21 Standards der Zewo erf\u00fcllen.\" \/>\n<meta property=\"og:url\" content=\"https:\/\/zewo.ch\/de\/\" \/>\n<meta property=\"og:site_name\" content=\"Zewo\" \/>\n<meta property=\"article:publisher\" content=\"https:\/\/www.facebook.com\/Stiftung.ZEWO\/\" \/>\n<meta property=\"article:modified_time\" content=\"2025-11-25T09:33:47+00:00\" \/>\n<meta property=\"og:image\" content=\"https:\/\/zewo.ch\/wp-content\/uploads\/2019\/10\/Zewo-Hauptbild-2400x1600.jpg\" \/>\n\t<meta property=\"og:image:width\" content=\"2400\" \/>\n\t<meta property=\"og:image:height\" content=\"1600\" \/>\n\t<meta property=\"og:image:type\" content=\"image\/jpeg\" \/>\n<meta name=\"twitter:card\" content=\"summary_large_image\" \/>\n<meta name=\"twitter:site\" content=\"@stiftung_zewo\" \/>\n<meta name=\"twitter:label1\" content=\"Gesch\u00e4tzte Lesezeit\" \/>\n\t<meta name=\"twitter:data1\" content=\"3\u00a0Minuten\" \/>\n<script type=\"application\/ld+json\" class=\"yoast-schema-graph\">{\"@context\":\"https:\/\/schema.org\",\"@graph\":[{\"@type\":\"WebPage\",\"@id\":\"https:\/\/zewo.ch\/de\/#webpage\",\"url\":\"https:\/\/zewo.ch\/de\/#webpage\",\"name\":\"\",\"isPartOf\":{\"@id\":\"https:\/\/zewo.ch\/de\/#website\"},\"primaryImageOfPage\":{\"@id\":\"https:\/\/zewo.ch\/de\/#primaryimage\"},\"image\":{\"@id\":\"https:\/\/zewo.ch\/de\/#primaryimage\"},\"thumbnailUrl\":\"https:\/\/zewo.ch\/wp-content\/uploads\/2019\/10\/Zewo-Hauptbild-2400x1600.jpg\",\"datePublished\":\"2019-09-27T10:46:51+00:00\",\"dateModified\":\"2025-11-25T09:33:47+00:00\",\"description\":\"Achten Sie beim Spenden auf das Zewo-G\u00fctesiegel. Es zeichnet seri\u00f6se NPO aus, welche die 21 Standards der Zewo erf\u00fcllen.\",\"breadcrumb\":{\"@id\":\"https:\/\/zewo.ch\/de\/#breadcrumb\"},\"inLanguage\":\"de\",\"potentialAction\":[{\"@type\":\"ReadAction\",\"target\":[\"https:\/\/zewo.ch\/de\/\"]}]},{\"@type\":\"ImageObject\",\"inLanguage\":\"de\",\"@id\":\"https:\/\/zewo.ch\/de\/#primaryimage\",\"url\":\"https:\/\/zewo.ch\/wp-content\/uploads\/2019\/10\/Zewo-Hauptbild-2400x1600.jpg\",\"contentUrl\":\"https:\/\/zewo.ch\/wp-content\/uploads\/2019\/10\/Zewo-Hauptbild-2400x1600.jpg\",\"width\":2400,\"height\":1600,\"caption\":\"Hauptbild Zewo Website\"},{\"@type\":\"BreadcrumbList\",\"@id\":\"https:\/\/zewo.ch\/de\/#breadcrumb\",\"itemListElement\":[{\"@type\":\"ListItem\",\"position\":1,\"name\":\"Home\",\"item\":\"https:\/\/zewo.ch\/de\/\"},{\"@type\":\"ListItem\",\"position\":2,\"name\":\"Durchblick beim Spenden: Zewo-G\u00fctesiegel f\u00fcr Hilfswerke\"}]},{\"@type\":\"WebSite\",\"@id\":\"https:\/\/zewo.ch\/de\/#website\",\"url\":\"https:\/\/zewo.ch\/de\/\",\"name\":\"Zewo\",\"description\":\"Ihre Spende in guten H\u00e4nden.\",\"publisher\":{\"@id\":\"https:\/\/zewo.ch\/de\/#organization\"},\"potentialAction\":[{\"@type\":\"SearchAction\",\"target\":{\"@type\":\"EntryPoint\",\"urlTemplate\":\"https:\/\/zewo.ch\/de\/?s={search_term_string}\"},\"query-input\":{\"@type\":\"PropertyValueSpecification\",\"valueRequired\":true,\"valueName\":\"search_term_string\"}}],\"inLanguage\":\"de\"},{\"@type\":\"Organization\",\"@id\":\"https:\/\/zewo.ch\/de\/#organization\",\"name\":\"Stiftung Zewo\",\"url\":\"https:\/\/zewo.ch\/de\/\",\"logo\":{\"@type\":\"ImageObject\",\"inLanguage\":\"de\",\"@id\":\"https:\/\/zewo.ch\/de\/#\/schema\/logo\/image\/\",\"url\":\"https:\/\/zewo.ch\/wp-content\/uploads\/2019\/08\/Zewo_Logo_Claim_D.svg\",\"contentUrl\":\"https:\/\/zewo.ch\/wp-content\/uploads\/2019\/08\/Zewo_Logo_Claim_D.svg\",\"width\":1,\"height\":1,\"caption\":\"Stiftung Zewo\"},\"image\":{\"@id\":\"https:\/\/zewo.ch\/de\/#\/schema\/logo\/image\/\"},\"sameAs\":[\"https:\/\/www.facebook.com\/Stiftung.ZEWO\/\",\"https:\/\/x.com\/stiftung_zewo\",\"https:\/\/www.linkedin.com\/company\/stiftung-zewo\",\"https:\/\/www.youtube.com\/channel\/UCzjsVJro12OXcvvx1LQP8tw\",\"https:\/\/de.wikipedia.org\/wiki\/Zewo\"]}]}<\/script>\n<!-- \/ Yoast SEO Premium plugin. -->","yoast_head_json":{"title":"Zewo","description":"Achten Sie beim Spenden auf das Zewo-G\u00fctesiegel. Es zeichnet seri\u00f6se NPO aus, welche die 21 Standards der Zewo erf\u00fcllen.","robots":{"index":"index","follow":"follow","max-snippet":"max-snippet:-1","max-image-preview":"max-image-preview:large","max-video-preview":"max-video-preview:-1"},"canonical":"https:\/\/zewo.ch\/de\/","og_locale":"de_DE","og_type":"article","og_description":"Achten Sie beim Spenden auf das Zewo-G\u00fctesiegel. Es zeichnet seri\u00f6se NPO aus, welche die 21 Standards der Zewo erf\u00fcllen.","og_url":"https:\/\/zewo.ch\/de\/","og_site_name":"Zewo","article_publisher":"https:\/\/www.facebook.com\/Stiftung.ZEWO\/","article_modified_time":"2025-11-25T09:33:47+00:00","og_image":[{"width":2400,"height":1600,"url":"https:\/\/zewo.ch\/wp-content\/uploads\/2019\/10\/Zewo-Hauptbild-2400x1600.jpg","type":"image\/jpeg"}],"twitter_card":"summary_large_image","twitter_site":"@stiftung_zewo","twitter_misc":{"Gesch\u00e4tzte Lesezeit":"3\u00a0Minuten"},"schema":{"@context":"https:\/\/schema.org","@graph":[{"@type":"WebPage","@id":"https:\/\/zewo.ch\/de\/#webpage","url":"https:\/\/zewo.ch\/de\/#webpage","name":"","isPartOf":{"@id":"https:\/\/zewo.ch\/de\/#website"},"primaryImageOfPage":{"@id":"https:\/\/zewo.ch\/de\/#primaryimage"},"image":{"@id":"https:\/\/zewo.ch\/de\/#primaryimage"},"thumbnailUrl":"https:\/\/zewo.ch\/wp-content\/uploads\/2019\/10\/Zewo-Hauptbild-2400x1600.jpg","datePublished":"2019-09-27T10:46:51+00:00","dateModified":"2025-11-25T09:33:47+00:00","description":"Achten Sie beim Spenden auf das Zewo-G\u00fctesiegel. Es zeichnet seri\u00f6se NPO aus, welche die 21 Standards der Zewo erf\u00fcllen.","breadcrumb":{"@id":"https:\/\/zewo.ch\/de\/#breadcrumb"},"inLanguage":"de","potentialAction":[{"@type":"ReadAction","target":["https:\/\/zewo.ch\/de\/"]}]},{"@type":"ImageObject","inLanguage":"de","@id":"https:\/\/zewo.ch\/de\/#primaryimage","url":"https:\/\/zewo.ch\/wp-content\/uploads\/2019\/10\/Zewo-Hauptbild-2400x1600.jpg","contentUrl":"https:\/\/zewo.ch\/wp-content\/uploads\/2019\/10\/Zewo-Hauptbild-2400x1600.jpg","width":2400,"height":1600,"caption":"Hauptbild Zewo Website"},{"@type":"BreadcrumbList","@id":"https:\/\/zewo.ch\/de\/#breadcrumb","itemListElement":[{"@type":"ListItem","position":1,"name":"Home","item":"https:\/\/zewo.ch\/de\/"},{"@type":"ListItem","position":2,"name":"Durchblick beim Spenden: Zewo-G\u00fctesiegel f\u00fcr Hilfswerke"}]},{"@type":"WebSite","@id":"https:\/\/zewo.ch\/de\/#website","url":"https:\/\/zewo.ch\/de\/","name":"Zewo","description":"Ihre Spende in guten H\u00e4nden.","publisher":{"@id":"https:\/\/zewo.ch\/de\/#organization"},"potentialAction":[{"@type":"SearchAction","target":{"@type":"EntryPoint","urlTemplate":"https:\/\/zewo.ch\/de\/?s={search_term_string}"},"query-input":{"@type":"PropertyValueSpecification","valueRequired":true,"valueName":"search_term_string"}}],"inLanguage":"de"},{"@type":"Organization","@id":"https:\/\/zewo.ch\/de\/#organization","name":"Stiftung Zewo","url":"https:\/\/zewo.ch\/de\/","logo":{"@type":"ImageObject","inLanguage":"de","@id":"https:\/\/zewo.ch\/de\/#\/schema\/logo\/image\/","url":"https:\/\/zewo.ch\/wp-content\/uploads\/2019\/08\/Zewo_Logo_Claim_D.svg","contentUrl":"https:\/\/zewo.ch\/wp-content\/uploads\/2019\/08\/Zewo_Logo_Claim_D.svg","width":1,"height":1,"caption":"Stiftung Zewo"},"image":{"@id":"https:\/\/zewo.ch\/de\/#\/schema\/logo\/image\/"},"sameAs":["https:\/\/www.facebook.com\/Stiftung.ZEWO\/","https:\/\/x.com\/stiftung_zewo","https:\/\/www.linkedin.com\/company\/stiftung-zewo","https:\/\/www.youtube.com\/channel\/UCzjsVJro12OXcvvx1LQP8tw","https:\/\/de.wikipedia.org\/wiki\/Zewo"]}]}},"publishpress_future_action":{"enabled":false,"date":"2026-04-27 16:18:52","action":"change-status","newStatus":"draft","terms":[],"taxonomy":"translation_priority","extraData":[]},"publishpress_future_workflow_manual_trigger":{"enabledWorkflows":[]},"_links":{"self":[{"href":"https:\/\/zewo.ch\/de\/wp-json\/wp\/v2\/pages\/512094","targetHints":{"allow":["GET"]}}],"collection":[{"href":"https:\/\/zewo.ch\/de\/wp-json\/wp\/v2\/pages"}],"about":[{"href":"https:\/\/zewo.ch\/de\/wp-json\/wp\/v2\/types\/page"}],"author":[{"embeddable":true,"href":"https:\/\/zewo.ch\/de\/wp-json\/wp\/v2\/users\/6"}],"replies":[{"embeddable":true,"href":"https:\/\/zewo.ch\/de\/wp-json\/wp\/v2\/comments?post=512094"}],"version-history":[{"count":74,"href":"https:\/\/zewo.ch\/de\/wp-json\/wp\/v2\/pages\/512094\/revisions"}],"predecessor-version":[{"id":527644,"href":"https:\/\/zewo.ch\/de\/wp-json\/wp\/v2\/pages\/512094\/revisions\/527644"}],"wp:featuredmedia":[{"embeddable":true,"href":"https:\/\/zewo.ch\/de\/wp-json\/wp\/v2\/media\/512707"}],"wp:attachment":[{"href":"https:\/\/zewo.ch\/de\/wp-json\/wp\/v2\/media?parent=512094"}],"wp:term":[{"taxonomy":"folder","embeddable":true,"href":"https:\/\/zewo.ch\/de\/wp-json\/wp\/v2\/folder?post=512094"}],"curies":[{"name":"wp","href":"https:\/\/api.w.org\/{rel}","templated":true}]}}