{"id":511467,"date":"2019-09-23T13:42:42","date_gmt":"2019-09-23T11:42:42","guid":{"rendered":"https:\/\/www.zewo.ch\/?page_id=511467"},"modified":"2026-04-02T11:50:51","modified_gmt":"2026-04-02T09:50:51","slug":"fusion-von-zertifizierten-npo","status":"publish","type":"page","link":"https:\/\/zewo.ch\/de\/fusion-von-zertifizierten-npo\/","title":{"rendered":"Fusion oder Aufl\u00f6sung"},"content":{"rendered":"\n<h2 class=\"wp-block-heading\">Aus zwei wird eins <\/h2>\n\n\n\n<p><strong>Schliessen sich zwei zertifizierte NPO zusammen, behalten sie das Zewo-G\u00fctesiegel. Entweder f\u00fchren sie es unter dem Namen jener NPO weiter, welche die andere NPO \u00fcbernimmt. Oder sie f\u00fchren es fortan als neue gemeinsame NPO.<\/strong> <strong>L\u00f6st sich eine zertifizierte NPO auf, ben\u00f6tigt sie das Zewo-G\u00fctesiegel nicht mehr.<\/strong><\/p>\n\n\n\n<p>Wesentliche interne Ver\u00e4nderungen m\u00fcssen zertifizierte NPO der Zewo mitteilen. Eine Fusion z\u00e4hlt zweifellos dazu. Ver\u00e4ndert sich die T\u00e4tigkeit der NPO durch einen Zusammenschluss nicht grundlegend, kann sie das G\u00fctesiegel weiterf\u00fchren und wird turnusgem\u00e4ss \u00fcberpr\u00fcft. Ver\u00e4ndert sich durch die Fusion die T\u00e4tigkeit der NPO grundlegend, beh\u00e4lt sich die Zewo ein sofortige \u00dcberpr\u00fcfung vor. <\/p>\n\n\n\n<p>Wird eine zertifizierte NPO in eine NPO integriert, die das G\u00fctesiegel der Zewo nicht tr\u00e4gt, so <a href=\"\/de\/nicht-mehr-zertifiziert\/\">verliert die zertifizierte NPO mit der Fusion<\/a> das G\u00fctesiegel.<\/p>\n\n\n\n<h2 class=\"wp-block-heading\" id=\"h-2026\">2026<\/h2>\n\n\n\n<h3 class=\"wp-block-heading\">\u00dcbernahme durch eine nicht zertifizierte Organisation<\/h3>\n\n\n\n<ul class=\"wp-block-list\">\n<li>\u00dcbernahme von \u00abBlaues Kreuz Graub\u00fcnden\u00bb (Unterorganisation) durch \u00abBlaues Kreuz Chur\u00bb, die das Zewo-G\u00fctesiegel nicht tr\u00e4gt. <\/li>\n<\/ul>\n\n\n\n<h3 class=\"wp-block-heading\">Aufl\u00f6sung<\/h3>\n\n\n\n<ul class=\"wp-block-list\">\n<li>Blaues Kreuz Kinder- und Jugendwerk (Unterorganisation)<\/li>\n\n\n\n<li>Ligue genevoise contre le rhumatisme (Unterorganisation)<\/li>\n<\/ul>\n\n\n\n<h2 class=\"wp-block-heading\" id=\"h-2025\">2025<\/h2>\n\n\n\n<h3 class=\"wp-block-heading\">Fusion einer zertifizierten mit einer nicht zertifizierten NPO<\/h3>\n\n\n\n<ul class=\"wp-block-list\">\n<li>Zusammenschluss von \u00abLungenliga Schaffhausen\u00bb (Unterorganisation) mit \u00abLungenliga Thurgau\u00bb (Unterorganisation, zertifiziert) zu \u00abLungenliga Thurgau-Schaffhausen\u00bb (Unterorganisation), die das G\u00fctesiegel weiterf\u00fchrt.<\/li>\n<\/ul>\n\n\n\n<h2 class=\"wp-block-heading\" id=\"h-2024\">2024<\/h2>\n\n\n\n<h3 class=\"wp-block-heading\">Fusion von zertifizierten NPO<\/h3>\n\n\n\n<ul class=\"wp-block-list\">\n<li>Zusammenschluss von \u00abLa Main Tendue Fribourg\u00bb (Unterorganisation) mit \u00abLa Main Tendue Nord Ouest\u00bb (Unterorganisation), die das G\u00fctesiegel weiterf\u00fchrt.<\/li>\n<\/ul>\n\n\n\n<h2 class=\"wp-block-heading\" id=\"1\">2022<\/h2>\n\n\n\n<h3 class=\"wp-block-heading\">Fusion von zertifizierten NPO<\/h3>\n\n\n\n<ul class=\"wp-block-list\">\n<li>Zusammenschluss von \u00abBrot f\u00fcr alle\u00bb mit \u00abHeks\u00bb, die das G\u00fctesiegel weiterf\u00fchrt.<\/li>\n\n\n\n<li>Zusammenschluss von \u00abHerzstiftung Olten\u00bb mit \u00abSchweizerische Herzstiftung\u00bb, die das G\u00fctesiegel weiterf\u00fchrt.<\/li>\n<\/ul>\n\n\n\n<h3 class=\"wp-block-heading\">Aufl\u00f6sung von zertifizierten NPO<\/h3>\n\n\n\n<ul class=\"wp-block-list\">\n<li>St. Gallischer G\u00f6nnerverein SGGV (Unterorganisation)<\/li>\n\n\n\n<li>FRAGILE Ticino (Unterorganisation)<\/li>\n<\/ul>\n\n\n\n<h2 class=\"wp-block-heading\" id=\"1\">2021<\/h2>\n\n\n\n<h3 class=\"wp-block-heading\">Fusion von zertifizierten NPO<\/h3>\n\n\n\n<ul class=\"wp-block-list\">\n<li>Zusammenschluss von \u00abInsieme Cerebral Winterthur\u00bb mit \u00abInsieme Zwirnitr\u00e4ff\u00bb zu \u00abInsieme-Winterthur-Z\u00fcriUnterland\u00bb, die das G\u00fctesiegel weiterf\u00fchrt.<\/li>\n\n\n\n<li>Zusammenschluss von \u00abRheumaliga Aargau\u00bb und \u00abRheumaliga Zug\u00bb mit \u00abRheumaliga Z\u00fcrich\u00bb, die das G\u00fctesiegel weiterhin f\u00fchrt.<\/li>\n<\/ul>\n\n\n\n<h3 class=\"wp-block-heading\">Aufl\u00f6sung von zertifizierten NPO<\/h3>\n\n\n\n<ul class=\"wp-block-list\">\n<li>Verein Bakame B\u00fccher f\u00fcr Kinder in Ruanda<\/li>\n<\/ul>\n\n\n\n<h2 class=\"wp-block-heading\" id=\"2\">2020<\/h2>\n\n\n\n<h3 class=\"wp-block-heading\">Fusion von zertifizierten NPO<\/h3>\n\n\n\n<ul class=\"wp-block-list\">\n<li>Zusammenschluss von \u00abSAH Region Basel\u00bb mit \u00abSAH Z\u00fcrich\u00bb, das das G\u00fctesiegel weiterhin f\u00fchrt.<\/li>\n\n\n\n<li>Zusammenschluss des Vereins \u00abInterteam\u00bb mit dem Verein \u00abComundo\u00bb, der das G\u00fctesiegel fortan f\u00fchrt.<\/li>\n\n\n\n<li>Zusammenschluss der Stiftung \u00abAids &amp; Kind\u00bb mit dem Verein \u00abSolidarMed\u00bb, der das G\u00fctesiegel weiterhin f\u00fchrt.<\/li>\n\n\n\n<li>Zusammenschluss von \u00abKrebsliga Zug\u00bb mit \u00abKrebsliga Zentralschweiz\u00bb, die das G\u00fctesiegel weiterhin f\u00fchrt.<\/li>\n<\/ul>\n\n\n\n<h3 class=\"wp-block-heading\">Aufl\u00f6sung von zertifizierten NPO<\/h3>\n\n\n\n<ul class=\"wp-block-list\">\n<li>Fondation Aide aux Enfants Foyers \u00abBambi\u00bb<\/li>\n<\/ul>\n\n\n\n<h2 class=\"wp-block-heading\" id=\"3\">2019<\/h2>\n\n\n\n<h3 class=\"wp-block-heading\">Fusion von zertifizierten NPO<\/h3>\n\n\n\n<ul class=\"wp-block-list\">\n<li>Zusammenschluss von \u00abRheumaliga St. Gallen, Graub\u00fcnden und F\u00fcrstentum Liechtenstein\u00bb&nbsp;mit \u00abRheumaliga beider Appenzell\u00bb zu \u00abRheumaliga SG, GR, AI\/AR und F\u00fcrstentum Liechtenstein\u00bb, die das G\u00fctesiegel fortan f\u00fchrt.<\/li>\n<\/ul>\n\n\n\n<h3 class=\"wp-block-heading\">Aufl\u00f6sung von zertifizierten NPO<\/h3>\n\n\n\n<ul class=\"wp-block-list\">\n<li>Verein Papageno<\/li>\n<\/ul>\n\n\n\n<h2 class=\"wp-block-heading\" id=\"4\">2018<\/h2>\n\n\n\n<h3 class=\"wp-block-heading\">Fusion von zertifizierten NPO<\/h3>\n\n\n\n<ul class=\"wp-block-list\">\n<li>Zusammenschluss von \u00abStiftung M\u00fctterhilfe\u00bb mit \u00abArche Z\u00fcrich\u00bb, die das G\u00fctesiegel weiterhin f\u00fchrt.<\/li>\n\n\n\n<li>Zusammenschluss von \u00abCroix-Rouge Jura bernois\u00bb mit \u00abRotkreuz-Kantonalverband Bern\u00bb, der das G\u00fctesiegel fortan f\u00fchrt.<\/li>\n\n\n\n<li>Zusammenschluss von \u00abSchweizerisches Rotes Kreuz Bern-Mittelland\u00bb mit \u00abRotkreuz-Kantonalverband Bern\u00bb, der das G\u00fctesiegel fortan f\u00fchrt.<\/li>\n\n\n\n<li>Zusammenschluss von \u00abSchweizerisches Rotes Kreuz Biel\/Bienne-Seeland\u00bb mit \u00abRotkreuz-Kantonalverband Bern\u00bb, der das G\u00fctesiegel fortan f\u00fchrt.<\/li>\n\n\n\n<li>Zusammenschluss von \u00abSchweizerisches Rotes Kreuz Bern-Emmental\u00bb mit \u00abRotkreuz-Kantonalverband Bern\u00bb, die das G\u00fctesiegel f\u00fchrt<\/li>\n\n\n\n<li>Zusammenschluss von \u00abSchweizerisches Rotes Kreuz Bern-Oberaargau\u00bb mit \u00abRotkreuz-Kantonalverband Bern\u00bb, der das G\u00fctesiegel fortan f\u00fchrt.<\/li>\n\n\n\n<li>Zusammenschluss von \u00abSchweizerisches Rotes Kreuz Bern-Oberland\u00bb mit \u00abRotkreuz-Kantonalverband Bern\u00bb, der das G\u00fctesiegel fortan f\u00fchrt.<\/li>\n<\/ul>\n\n\n\n<h3 class=\"wp-block-heading\">Fusion mit einer&nbsp;NPO ohne G\u00fctesiegel<\/h3>\n\n\n\n<ul class=\"wp-block-list\">\n<li>\u00abFondation Suisse pour les T\u00e9l\u00e9th\u00e8ses (FST)\u00bb geht in der \u00abSchweizer Paraplegiker-Stiftung\u00bb auf<\/li>\n<\/ul>\n\n\n\n<h3 class=\"wp-block-heading\">Aufl\u00f6sung von zertifizierten NPO<\/h3>\n\n\n\n<ul id=\"block-e6d35d69-1d4a-495d-adfc-aecf9e26ec03\" class=\"wp-block-list\">\n<li>Schweizerische Stiftung f\u00fcr Orgeln in Rum\u00e4nien<\/li>\n\n\n\n<li>Verein Nordliecht<\/li>\n<\/ul>\n\n\n\n<h2 class=\"wp-block-heading\" id=\"5\">2017<\/h2>\n\n\n\n<h3 class=\"wp-block-heading\">Fusion von zertifizierten NPO<\/h3>\n\n\n\n<ul class=\"wp-block-list\">\n<li>Zusammenschluss von \u00abVerein Wohnheim Schanzacker\u00bb mit \u00abStiftung Altried\u00bb, die das G\u00fctesiegel weiterhin f\u00fchrt.<\/li>\n<\/ul>\n\n\n\n<h3 class=\"wp-block-heading\">Aufl\u00f6sung von zertifizierten NPO<\/h3>\n\n\n\n<ul class=\"wp-block-list\">\n<li>Aids-Hilfe Zug (Unterorganisation)<\/li>\n<\/ul>\n\n\n\n<h2 class=\"wp-block-heading\" id=\"6\">2016<\/h2>\n\n\n\n<h3 class=\"wp-block-heading\">Fusion von zertifizierten NPO<\/h3>\n\n\n\n<ul class=\"wp-block-list\">\n<li>Zusammenschluss von \u00abBlaues Kreuz Basel-Stadt\u00bb mit \u00abBlaues Kreuz Baselland\u00bb zu \u00abBlaues Kreuz Kinder- und Jugendwerk\u00bb, das das G\u00fctesiegel fortan f\u00fchrt.<\/li>\n\n\n\n<li>Zusammenschluss von \u00abWinterhilfe Stadt Z\u00fcrich\u00bb mit \u00abWinterhilfe Z\u00fcrich\u00bb, die das G\u00fctesiegel weiterhin f\u00fchrt.<\/li>\n<\/ul>\n\n\n\n<h3 class=\"wp-block-heading\">Fusion mit einer&nbsp;NPO ohne G\u00fctesiegel&nbsp;<\/h3>\n\n\n\n<ul class=\"wp-block-list\">\n<li>\u00abRokpa Schweiz\u00bb fusioniert mit \u00abRokpa International\u00bb<\/li>\n<\/ul>\n\n\n\n<h3 class=\"wp-block-heading\">Aufl\u00f6sung von zertifizierten NPO<\/h3>\n\n\n\n<ul class=\"wp-block-list\">\n<li>Stiftung der Diabetes-Gesellschaft Region Basel (Unterorganisation)<\/li>\n<\/ul>\n\n\n\n<h2 class=\"wp-block-heading\" id=\"7\">2015<\/h2>\n\n\n\n<h3 class=\"wp-block-heading\">Fusion von zertifizierten NPO<\/h3>\n\n\n\n<ul class=\"wp-block-list\">\n<li>Zusammenschluss von \u00abHeim R\u00fctib\u00fchl\u00bb mit \u00abMartin Stiftung Erlenbach\u00bb, die das G\u00fctesiegel weiterhin f\u00fchrt.<\/li>\n\n\n\n<li>Zusammenschluss von \u00abParEpi\u00bb mit \u00abEpi-Suisse\u00bb, die das G\u00fctesiegel weiterhin f\u00fchrt.<\/li>\n<\/ul>\n\n\n\n<h3 class=\"wp-block-heading\">Aufl\u00f6sung von zertifizierten NPO<\/h3>\n\n\n\n<ul class=\"wp-block-list\">\n<li>Pro Filia St. Gallen, Appenzell, Glarus (Unterorganisation)<\/li>\n<\/ul>\n\n\n\n<h2 class=\"wp-block-heading\" id=\"8\">2014<\/h2>\n\n\n\n<h3 class=\"wp-block-heading\">Aufl\u00f6sung von zertifizierten NPO<\/h3>\n\n\n\n<ul id=\"block-0c8f0ad1-5683-412a-8c85-5f4832b970f0\" class=\"wp-block-list\">\n<li>FRAGILE Suisse Valais&nbsp;(Unterorganisation)<\/li>\n\n\n\n<li>G\u00f6nnergemeinschaft Hogar Bambi&nbsp;(Unterorganisation)<\/li>\n<\/ul>\n\n\n\n<h2 class=\"wp-block-heading\" id=\"9\">2013<\/h2>\n\n\n\n<h3 class=\"wp-block-heading\">Fusion von zertifizierten NPO<\/h3>\n\n\n\n<ul class=\"wp-block-list\">\n<li>Zusammenschluss von \u00abD\u00e9claration de Berne \u2013 Suisse Romande\u00bb mit \u00abPublic Eye\u00bb, die das G\u00fctesiegel weiterhin f\u00fchrt.<\/li>\n\n\n\n<li>Zusammenschluss von \u00abPflegekinder-Aktion Z\u00fcrich (Unterorganisation)\u00bb mit \u00abPACH Pflege- und Adoptivkinder Schweiz\u00bb, die das G\u00fctesiegel weiterhin f\u00fchrt.<\/li>\n<\/ul>\n\n\n\n<h2 class=\"wp-block-heading\" id=\"10\">2012<\/h2>\n\n\n\n<h3 class=\"wp-block-heading\">Fusion von zertifizierten NPO<\/h3>\n\n\n\n<ul class=\"wp-block-list\">\n<li>Zusammenschluss von \u00abKrebsliga Glarus\u00bb mit \u00abKrebsliga St.Gallen-Appenzell\u00bb zu \u00abKrebsliga Ostschweiz\u00bb, die das G\u00fctesiegel fortan f\u00fchrt.<\/li>\n\n\n\n<li>Zusammenschluss von \u00abSwiss Foundation Blood stem cells\u00bb&nbsp;mit \u00abBlutspende SRK\u00bb, die das G\u00fctesiegel weiterhin f\u00fchrt.<\/li>\n<\/ul>\n\n\n\n<div class=\"wp-block-cgb-block-zewo-block-columns-container container bg-color-light-gray\"><div class=\"grid-x grid-margin-x\" data-columns=\"3\">\n\n\n\n\n<div class=\"cell small-12 medium-6\"><div class=\"wp-block-cgb-block-zewo-block-image-text-teaser ab-block-cta\"><div class=\"ab-cta-image-wrap bg-color-secondary\"><img decoding=\"async\" class=\"ab-cta-image\" src=\"https:\/\/zewo.ch\/wp-content\/uploads\/2019\/05\/ha\u0308ufige-fragen-7.png\" alt=\"H\u00e4ufige Fragen und Antworten rund ums Spenden\"\/><\/div><div class=\"ab-cta-content\"><h2 class=\"ab-cta-title\">H\u00e4ufige Fragen rund ums Spenden<\/h2><div class=\"ab-cta-text\">\n<p>Der Spenden-Ratgeber der Zewo gibt Ihnen Auskunft zu den wichtigsten Fragen rund ums Spenden.<\/p>\n<\/div><\/div><div class=\"ab-cta-button\"><a href=\"\/de\/fragen-und-antworten-rund-ums-spenden\/\" target=\"_self\" rel=\"noopener noreferrer\" class=\"button primary button-teaser\"><span class=\"button-arrow\"><\/span>Jetzt ansehen<\/a><\/div><a href=\"\/de\/fragen-und-antworten-rund-ums-spenden\/\" target=\"_self\" rel=\"noopener noreferrer\" class=\"button-teaser--is-full\"><\/a><\/div><\/div>\n<\/div><\/div>\n","protected":false},"excerpt":{"rendered":"<p>Aus zwei wird eins Schliessen sich zwei zertifizierte NPO zusammen, behalten sie das Zewo-G\u00fctesiegel. Entweder f\u00fchren sie es unter dem Namen jener NPO weiter, welche die andere NPO \u00fcbernimmt. Oder sie f\u00fchren es fortan als neue gemeinsame NPO. L\u00f6st sich eine zertifizierte NPO auf, ben\u00f6tigt sie das Zewo-G\u00fctesiegel nicht mehr. Wesentliche interne Ver\u00e4nderungen m\u00fcssen zertifizierte [&hellip;]<\/p>\n","protected":false},"author":38,"featured_media":4498218,"parent":0,"menu_order":101,"comment_status":"closed","ping_status":"closed","template":"","meta":{"_acf_changed":false,"footnotes":""},"folder":[6639],"class_list":["post-511467","page","type-page","status-publish","has-post-thumbnail","hentry"],"acf":[],"yoast_head":"<!-- This site is optimized with the Yoast SEO Premium plugin v26.0 (Yoast SEO v26.0) - https:\/\/yoast.com\/wordpress\/plugins\/seo\/ -->\n<title>Zewo<\/title>\n<meta name=\"description\" content=\"Schliessen sich zwei zertifizierte NPO zusammen, behalten sie das Zewo-G\u00fctesiegel. Sie f\u00fchren es unter einem der beiden Namen oder unter neuem Namen weiter.\" \/>\n<meta name=\"robots\" content=\"index, follow, max-snippet:-1, max-image-preview:large, max-video-preview:-1\" \/>\n<link rel=\"canonical\" href=\"https:\/\/zewo.ch\/de\/fusion-von-zertifizierten-npo\/\" \/>\n<meta property=\"og:locale\" content=\"de_DE\" \/>\n<meta property=\"og:type\" content=\"article\" \/>\n<meta property=\"og:description\" content=\"Schliessen sich zwei zertifizierte NPO zusammen, behalten sie das Zewo-G\u00fctesiegel. Sie f\u00fchren es unter einem der beiden Namen oder unter neuem Namen weiter.\" \/>\n<meta property=\"og:url\" content=\"https:\/\/zewo.ch\/de\/fusion-von-zertifizierten-npo\/\" \/>\n<meta property=\"og:site_name\" content=\"Zewo\" \/>\n<meta property=\"article:publisher\" content=\"https:\/\/www.facebook.com\/Stiftung.ZEWO\/\" \/>\n<meta property=\"article:modified_time\" content=\"2026-04-02T09:50:51+00:00\" \/>\n<meta property=\"og:image\" content=\"https:\/\/zewo.ch\/wp-content\/uploads\/2020\/02\/fusion-4.jpg\" \/>\n\t<meta property=\"og:image:width\" content=\"2200\" \/>\n\t<meta property=\"og:image:height\" content=\"440\" \/>\n\t<meta property=\"og:image:type\" content=\"image\/jpeg\" \/>\n<meta name=\"twitter:card\" content=\"summary_large_image\" \/>\n<meta name=\"twitter:site\" content=\"@stiftung_zewo\" \/>\n<meta name=\"twitter:label1\" content=\"Gesch\u00e4tzte Lesezeit\" \/>\n\t<meta name=\"twitter:data1\" content=\"17\u00a0Minuten\" \/>\n<script type=\"application\/ld+json\" class=\"yoast-schema-graph\">{\"@context\":\"https:\/\/schema.org\",\"@graph\":[{\"@type\":\"WebPage\",\"@id\":\"https:\/\/zewo.ch\/de\/fusion-von-zertifizierten-npo\/#webpage\",\"url\":\"https:\/\/zewo.ch\/de\/fusion-von-zertifizierten-npo\/#webpage\",\"name\":\"\",\"isPartOf\":{\"@id\":\"https:\/\/zewo.ch\/de\/#website\"},\"primaryImageOfPage\":{\"@id\":\"https:\/\/zewo.ch\/de\/fusion-von-zertifizierten-npo\/#primaryimage\"},\"image\":{\"@id\":\"https:\/\/zewo.ch\/de\/fusion-von-zertifizierten-npo\/#primaryimage\"},\"thumbnailUrl\":\"https:\/\/zewo.ch\/wp-content\/uploads\/2020\/02\/fusion-4.jpg\",\"datePublished\":\"2019-09-23T11:42:42+00:00\",\"dateModified\":\"2026-04-02T09:50:51+00:00\",\"description\":\"Schliessen sich zwei zertifizierte NPO zusammen, behalten sie das Zewo-G\u00fctesiegel. Sie f\u00fchren es unter einem der beiden Namen oder unter neuem Namen weiter.\",\"breadcrumb\":{\"@id\":\"https:\/\/zewo.ch\/de\/fusion-von-zertifizierten-npo\/#breadcrumb\"},\"inLanguage\":\"de\",\"potentialAction\":[{\"@type\":\"ReadAction\",\"target\":[\"https:\/\/zewo.ch\/de\/fusion-von-zertifizierten-npo\/\"]}]},{\"@type\":\"ImageObject\",\"inLanguage\":\"de\",\"@id\":\"https:\/\/zewo.ch\/de\/fusion-von-zertifizierten-npo\/#primaryimage\",\"url\":\"https:\/\/zewo.ch\/wp-content\/uploads\/2020\/02\/fusion-4.jpg\",\"contentUrl\":\"https:\/\/zewo.ch\/wp-content\/uploads\/2020\/02\/fusion-4.jpg\",\"width\":2200,\"height\":440},{\"@type\":\"BreadcrumbList\",\"@id\":\"https:\/\/zewo.ch\/de\/fusion-von-zertifizierten-npo\/#breadcrumb\",\"itemListElement\":[{\"@type\":\"ListItem\",\"position\":1,\"name\":\"Home\",\"item\":\"https:\/\/zewo.ch\/de\/\"},{\"@type\":\"ListItem\",\"position\":2,\"name\":\"Fusion oder Aufl\u00f6sung\"}]},{\"@type\":\"WebSite\",\"@id\":\"https:\/\/zewo.ch\/de\/#website\",\"url\":\"https:\/\/zewo.ch\/de\/\",\"name\":\"Zewo\",\"description\":\"Ihre Spende in guten H\u00e4nden.\",\"publisher\":{\"@id\":\"https:\/\/zewo.ch\/de\/#organization\"},\"potentialAction\":[{\"@type\":\"SearchAction\",\"target\":{\"@type\":\"EntryPoint\",\"urlTemplate\":\"https:\/\/zewo.ch\/de\/?s={search_term_string}\"},\"query-input\":{\"@type\":\"PropertyValueSpecification\",\"valueRequired\":true,\"valueName\":\"search_term_string\"}}],\"inLanguage\":\"de\"},{\"@type\":\"Organization\",\"@id\":\"https:\/\/zewo.ch\/de\/#organization\",\"name\":\"Stiftung Zewo\",\"url\":\"https:\/\/zewo.ch\/de\/\",\"logo\":{\"@type\":\"ImageObject\",\"inLanguage\":\"de\",\"@id\":\"https:\/\/zewo.ch\/de\/#\/schema\/logo\/image\/\",\"url\":\"https:\/\/zewo.ch\/wp-content\/uploads\/2019\/08\/Zewo_Logo_Claim_D.svg\",\"contentUrl\":\"https:\/\/zewo.ch\/wp-content\/uploads\/2019\/08\/Zewo_Logo_Claim_D.svg\",\"width\":1,\"height\":1,\"caption\":\"Stiftung Zewo\"},\"image\":{\"@id\":\"https:\/\/zewo.ch\/de\/#\/schema\/logo\/image\/\"},\"sameAs\":[\"https:\/\/www.facebook.com\/Stiftung.ZEWO\/\",\"https:\/\/x.com\/stiftung_zewo\",\"https:\/\/www.linkedin.com\/company\/stiftung-zewo\",\"https:\/\/www.youtube.com\/channel\/UCzjsVJro12OXcvvx1LQP8tw\",\"https:\/\/de.wikipedia.org\/wiki\/Zewo\"]}]}<\/script>\n<!-- \/ Yoast SEO Premium plugin. -->","yoast_head_json":{"title":"Zewo","description":"Schliessen sich zwei zertifizierte NPO zusammen, behalten sie das Zewo-G\u00fctesiegel. Sie f\u00fchren es unter einem der beiden Namen oder unter neuem Namen weiter.","robots":{"index":"index","follow":"follow","max-snippet":"max-snippet:-1","max-image-preview":"max-image-preview:large","max-video-preview":"max-video-preview:-1"},"canonical":"https:\/\/zewo.ch\/de\/fusion-von-zertifizierten-npo\/","og_locale":"de_DE","og_type":"article","og_description":"Schliessen sich zwei zertifizierte NPO zusammen, behalten sie das Zewo-G\u00fctesiegel. Sie f\u00fchren es unter einem der beiden Namen oder unter neuem Namen weiter.","og_url":"https:\/\/zewo.ch\/de\/fusion-von-zertifizierten-npo\/","og_site_name":"Zewo","article_publisher":"https:\/\/www.facebook.com\/Stiftung.ZEWO\/","article_modified_time":"2026-04-02T09:50:51+00:00","og_image":[{"width":2200,"height":440,"url":"https:\/\/zewo.ch\/wp-content\/uploads\/2020\/02\/fusion-4.jpg","type":"image\/jpeg"}],"twitter_card":"summary_large_image","twitter_site":"@stiftung_zewo","twitter_misc":{"Gesch\u00e4tzte Lesezeit":"17\u00a0Minuten"},"schema":{"@context":"https:\/\/schema.org","@graph":[{"@type":"WebPage","@id":"https:\/\/zewo.ch\/de\/fusion-von-zertifizierten-npo\/#webpage","url":"https:\/\/zewo.ch\/de\/fusion-von-zertifizierten-npo\/#webpage","name":"","isPartOf":{"@id":"https:\/\/zewo.ch\/de\/#website"},"primaryImageOfPage":{"@id":"https:\/\/zewo.ch\/de\/fusion-von-zertifizierten-npo\/#primaryimage"},"image":{"@id":"https:\/\/zewo.ch\/de\/fusion-von-zertifizierten-npo\/#primaryimage"},"thumbnailUrl":"https:\/\/zewo.ch\/wp-content\/uploads\/2020\/02\/fusion-4.jpg","datePublished":"2019-09-23T11:42:42+00:00","dateModified":"2026-04-02T09:50:51+00:00","description":"Schliessen sich zwei zertifizierte NPO zusammen, behalten sie das Zewo-G\u00fctesiegel. Sie f\u00fchren es unter einem der beiden Namen oder unter neuem Namen weiter.","breadcrumb":{"@id":"https:\/\/zewo.ch\/de\/fusion-von-zertifizierten-npo\/#breadcrumb"},"inLanguage":"de","potentialAction":[{"@type":"ReadAction","target":["https:\/\/zewo.ch\/de\/fusion-von-zertifizierten-npo\/"]}]},{"@type":"ImageObject","inLanguage":"de","@id":"https:\/\/zewo.ch\/de\/fusion-von-zertifizierten-npo\/#primaryimage","url":"https:\/\/zewo.ch\/wp-content\/uploads\/2020\/02\/fusion-4.jpg","contentUrl":"https:\/\/zewo.ch\/wp-content\/uploads\/2020\/02\/fusion-4.jpg","width":2200,"height":440},{"@type":"BreadcrumbList","@id":"https:\/\/zewo.ch\/de\/fusion-von-zertifizierten-npo\/#breadcrumb","itemListElement":[{"@type":"ListItem","position":1,"name":"Home","item":"https:\/\/zewo.ch\/de\/"},{"@type":"ListItem","position":2,"name":"Fusion oder Aufl\u00f6sung"}]},{"@type":"WebSite","@id":"https:\/\/zewo.ch\/de\/#website","url":"https:\/\/zewo.ch\/de\/","name":"Zewo","description":"Ihre Spende in guten H\u00e4nden.","publisher":{"@id":"https:\/\/zewo.ch\/de\/#organization"},"potentialAction":[{"@type":"SearchAction","target":{"@type":"EntryPoint","urlTemplate":"https:\/\/zewo.ch\/de\/?s={search_term_string}"},"query-input":{"@type":"PropertyValueSpecification","valueRequired":true,"valueName":"search_term_string"}}],"inLanguage":"de"},{"@type":"Organization","@id":"https:\/\/zewo.ch\/de\/#organization","name":"Stiftung Zewo","url":"https:\/\/zewo.ch\/de\/","logo":{"@type":"ImageObject","inLanguage":"de","@id":"https:\/\/zewo.ch\/de\/#\/schema\/logo\/image\/","url":"https:\/\/zewo.ch\/wp-content\/uploads\/2019\/08\/Zewo_Logo_Claim_D.svg","contentUrl":"https:\/\/zewo.ch\/wp-content\/uploads\/2019\/08\/Zewo_Logo_Claim_D.svg","width":1,"height":1,"caption":"Stiftung Zewo"},"image":{"@id":"https:\/\/zewo.ch\/de\/#\/schema\/logo\/image\/"},"sameAs":["https:\/\/www.facebook.com\/Stiftung.ZEWO\/","https:\/\/x.com\/stiftung_zewo","https:\/\/www.linkedin.com\/company\/stiftung-zewo","https:\/\/www.youtube.com\/channel\/UCzjsVJro12OXcvvx1LQP8tw","https:\/\/de.wikipedia.org\/wiki\/Zewo"]}]}},"publishpress_future_action":{"enabled":false,"date":"2026-04-21 18:47:16","action":"change-status","newStatus":"draft","terms":[],"taxonomy":"translation_priority","extraData":[]},"publishpress_future_workflow_manual_trigger":{"enabledWorkflows":[]},"_links":{"self":[{"href":"https:\/\/zewo.ch\/de\/wp-json\/wp\/v2\/pages\/511467","targetHints":{"allow":["GET"]}}],"collection":[{"href":"https:\/\/zewo.ch\/de\/wp-json\/wp\/v2\/pages"}],"about":[{"href":"https:\/\/zewo.ch\/de\/wp-json\/wp\/v2\/types\/page"}],"author":[{"embeddable":true,"href":"https:\/\/zewo.ch\/de\/wp-json\/wp\/v2\/users\/38"}],"replies":[{"embeddable":true,"href":"https:\/\/zewo.ch\/de\/wp-json\/wp\/v2\/comments?post=511467"}],"version-history":[{"count":64,"href":"https:\/\/zewo.ch\/de\/wp-json\/wp\/v2\/pages\/511467\/revisions"}],"predecessor-version":[{"id":5939126,"href":"https:\/\/zewo.ch\/de\/wp-json\/wp\/v2\/pages\/511467\/revisions\/5939126"}],"wp:featuredmedia":[{"embeddable":true,"href":"https:\/\/zewo.ch\/de\/wp-json\/wp\/v2\/media\/4498218"}],"wp:attachment":[{"href":"https:\/\/zewo.ch\/de\/wp-json\/wp\/v2\/media?parent=511467"}],"wp:term":[{"taxonomy":"folder","embeddable":true,"href":"https:\/\/zewo.ch\/de\/wp-json\/wp\/v2\/folder?post=511467"}],"curies":[{"name":"wp","href":"https:\/\/api.w.org\/{rel}","templated":true}]}}