{"id":498784,"date":"2019-07-31T10:13:01","date_gmt":"2019-07-31T08:13:01","guid":{"rendered":"https:\/\/www.zewo.ch\/?page_id=498784"},"modified":"2023-09-21T11:49:54","modified_gmt":"2023-09-21T09:49:54","slug":"eignungstest","status":"publish","type":"page","link":"https:\/\/zewo.ch\/de\/der-weg-zum-zewo-guetesiegel\/eignungstest\/","title":{"rendered":"Eignungstest"},"content":{"rendered":"\n<h2 class=\"wp-block-heading\" id=\"h-voraussetzungen-kl-ren\">Voraussetzungen kl\u00e4ren<\/h2>\n\n\n\n<p><strong>Finden Sie mit f\u00fcnf einfachen Fragen heraus, ob es sinnvoll ist, dass sich Ihre NPO auf den Weg zum Zewo-G\u00fctesiegel macht. Im Test erfahren Sie auch, wie Sie die n\u00f6tigen Grundlagen f\u00fcr eine erfolgreiche Pr\u00fcfung schaffen. <\/strong><\/p>\n\n\n\n<div class=\"wp-block-cgb-block-zewo-block-questionnaire\">\n<div class=\"wp-block-cgb-block-zewo-block-questionnaire-inner\">\n<div class=\"wp-block-cgb-block-zewo-block-questionnaire-question questionnaire-question\"><div itemprop=\"question\" class=\"questionnaire-question--text\">Ist Ihre Organisation eine juristische Person mit Sitz in der Schweiz?<\/div><div class=\"questionnaire-question--actions\"><button class=\"questionnaire-question--actions-yes button success is--transparent\"><span class=\"button-arrow\"><\/span>Ja<\/button><button class=\"questionnaire-question--actions-no button secondary is--transparent\"><span class=\"button-arrow\"><\/span>Nein<\/button><\/div><\/div>\n\n\n\n<div itemprop=\"answer\" class=\"wp-block-cgb-block-zewo-block-questionnaire-answer questionnaire-answer\">Gr\u00fcnden Sie eine juristische Person nach schweizerischem Recht, zum Beispiel einen Verein oder eine Stiftung. <br><br>Verankern Sie in den Statuten der Organisation den gemeinn\u00fctzigen Zweck und die Grunds\u00e4tze Ihrer Organisation. Verabschieden Sie die Statuten im obersten Organ, also durch die Vereins- oder Delegiertenversammlung bzw. im Stiftungsrat.<br><br>Achten Sie darauf, dass sich das oberste Leitungsorgan, also in der Regel bei Vereinen der Vorstand und bei Stiftungen der Stiftungsrat aus mindestens f\u00fcnf voneinander unabh\u00e4ngigen Personen zusammensetzt. <br><br>Beachten Sie, dass Stiftungen der kantonalen oder der eidgen\u00f6ssischen Aufsicht unterstehen. Lassen Sie die Stiftungsurkunde und die Statuten von  der zust\u00e4ndigen Stiftungsaufsicht bewilligen. <br><br>Kl\u00e4ren Sie, ob sich Ihre Organisation in das kantonale Handelsregister eintragen lassen muss. Veranlassen Sie gegebenenfalls den Eintrag. Sehen Sie dabei kollektive Zeichnungsberechtigungen vor.  <br><br>Legen Sie die verabschiedeten Statuten und die Unterlagen der Beh\u00f6rden dem Antrag bei.<\/div>\n<\/div>\n\n\n\n<div class=\"wp-block-cgb-block-zewo-block-questionnaire-inner\">\n<div class=\"wp-block-cgb-block-zewo-block-questionnaire-question questionnaire-question\"><div itemprop=\"question\" class=\"questionnaire-question--text\">Ist Ihre Organisation von der Steuer befreit?<\/div><div class=\"questionnaire-question--actions\"><button class=\"questionnaire-question--actions-yes button success is--transparent\"><span class=\"button-arrow\"><\/span>Ja<\/button><button class=\"questionnaire-question--actions-no button secondary is--transparent\"><span class=\"button-arrow\"><\/span>Nein<\/button><\/div><\/div>\n\n\n\n<div itemprop=\"answer\" class=\"wp-block-cgb-block-zewo-block-questionnaire-answer questionnaire-answer\">Beantragen Sie bei der kantonalen Steuerbeh\u00f6rde, dass Ihre Organisation wegen Gemeinn\u00fctzigkeit oder wegen der Wahrnehmung \u00f6ffentlicher Aufgaben von der Unternehmens- und Gewinnsteuer befreit wird. <br><br>Legen Sie die kantonale Steuerbefreiung dem Antrag bei. <\/div>\n<\/div>\n\n\n\n<div class=\"wp-block-cgb-block-zewo-block-questionnaire-inner\">\n<div class=\"wp-block-cgb-block-zewo-block-questionnaire-question questionnaire-question\"><div itemprop=\"question\" class=\"questionnaire-question--text\">Ist Ihre Organisation bereits w\u00e4hrend zwei Jahren gemeinn\u00fctzig t\u00e4tig und hat sie dazu umfassende Jahresberichte publiziert?<\/div><div class=\"questionnaire-question--actions\"><button class=\"questionnaire-question--actions-yes button success is--transparent\"><span class=\"button-arrow\"><\/span>Ja<\/button><button class=\"questionnaire-question--actions-no button secondary is--transparent\"><span class=\"button-arrow\"><\/span>Nein<\/button><\/div><\/div>\n\n\n\n<div itemprop=\"answer\" class=\"wp-block-cgb-block-zewo-block-questionnaire-answer questionnaire-answer\">Legen Sie in zwei Jahresberichten dar\u00fcber Rechenschaft ab, was Ihre Organisation geleistet hat. Achten Sie darauf, dass ein Jahresbericht die gesamte T\u00e4tigkeit Ihrer Organisation w\u00e4hrend eines Gesch\u00e4ftsjahrs umfasst. <br>Legen Sie die Jahresberichte der letzten beiden Jahre dem Antrag bei.  <\/div>\n<\/div>\n\n\n\n<div class=\"wp-block-cgb-block-zewo-block-questionnaire-inner\">\n<div class=\"wp-block-cgb-block-zewo-block-questionnaire-question questionnaire-question\"><div itemprop=\"question\" class=\"questionnaire-question--text\">Verf\u00fcgt Ihre Organisation \u00fcber eine revidierte Jahresrechnung nach den Empfehlungen zur Rechnungslegung f\u00fcr gemeinn\u00fctzige NPO, Swiss GAAP FER 21?<\/div><div class=\"questionnaire-question--actions\"><button class=\"questionnaire-question--actions-yes button success is--transparent\"><span class=\"button-arrow\"><\/span>Ja<\/button><button class=\"questionnaire-question--actions-no button secondary is--transparent\"><span class=\"button-arrow\"><\/span>Nein<\/button><\/div><\/div>\n\n\n\n<div itemprop=\"answer\" class=\"wp-block-cgb-block-zewo-block-questionnaire-answer questionnaire-answer\">Erstellen Sie die Jahresrechnung nach <a href=\"https:\/\/www.fer.ch\/\" target=\"_blank\" rel=\"noreferrer noopener\" aria-label=\"Swiss GAAP FER (\u00f6ffnet in neuem Tab)\">Swiss GAAP FER<\/a>. Lassen Sie die Rechnung von einer unabh\u00e4ngigen Revisionsstelle pr\u00fcfen. Diese muss best\u00e4tigen, dass die Jahresrechnung ein den tats\u00e4chlichen Verh\u00e4ltnissen entsprechendes Bild der Ertrags-, Verm\u00f6gens-, und Finanzlage zeigt und den Anforderungen von Swiss GAAP FER entspricht.<br><br>Legen Sie den Revisionsbericht, der best\u00e4tigt, dass die Jahresrechnung Ihrer Organisation Swiss GAAP FER entspricht, dem Antrag zur Pr\u00fcfung bei.  <\/div>\n<\/div>\n\n\n\n<div class=\"wp-block-cgb-block-zewo-block-questionnaire-inner\">\n<div class=\"wp-block-cgb-block-zewo-block-questionnaire-question questionnaire-question\"><div itemprop=\"question\" class=\"questionnaire-question--text\">Widmet sich Ihre Organisation haupts\u00e4chlich sozialen, humanit\u00e4ren oder sozio-kulturellen Aufgaben oder dem Umwelt-, Arten- oder Tierschutz?<\/div><div class=\"questionnaire-question--actions\"><button class=\"questionnaire-question--actions-yes button success is--transparent\"><span class=\"button-arrow\"><\/span>Ja<\/button><button class=\"questionnaire-question--actions-no button secondary is--transparent\"><span class=\"button-arrow\"><\/span>Nein<\/button><\/div><\/div>\n\n\n\n<div itemprop=\"answer\" class=\"wp-block-cgb-block-zewo-block-questionnaire-answer questionnaire-answer\">Organisationen, die nicht im Interesse der Allgemeinheit t\u00e4tig sind, erhalten das G\u00fctesiegel der Zewo nicht. Das gilt zum Beispiel f\u00fcr Organisationen, die auf wirtschaftliche Interessen von Dritten ausgerichtet sind oder f\u00fcr Fundraising-Agenturen.<\/div>\n<\/div>\n\n\n\n<div itemprop=\"finalAnswer\" class=\"wp-block-cgb-block-zewo-block-questionnaire-final-answer questionnaire-final-answer\">Wunderbar! Ihre NPO verf\u00fcgt bereits \u00fcber die wichtigsten Grundlagen f\u00fcr eine Pr\u00fcfung durch die Zewo. <br><br>Holen Sie jetzt eine <a href=\"\/de\/der-weg-zum-zewo-guetesiegel\/unverbindliche-einschaetzung\/\">unverbindliche Einsch\u00e4tzung<\/a> ein, um sich optimal auf die Pr\u00fcfung vorzubereiten.<br><br>Oder: Lesen Sie sorgf\u00e4ltig die <a href=\"\/de\/die-21-zewo-standards\/\">21 Zewo-Standards<\/a> und das <a href=\"\/de\/reglement-zewo-guetesiegel-2016\/\">Reglement zum Zewo-G\u00fctesiegel<\/a>. Wenn Sie der Ansicht sind, Ihre NPO erf\u00fcllt die Zewo-Standards, reichen Sie den Antrag zur Pr\u00fcfung ein.<\/div>\n<\/div>\n\n\n\n<div class=\"wp-block-cgb-block-zewo-block-columns-container container bg-color-light-gray\"><div class=\"grid-x grid-margin-x\" data-columns=\"2\">\n<div class=\"cell small-12 medium-6\"><div class=\"wp-block-cgb-block-zewo-block-image-teaser ab-block-cta bg-color-secondary\"><div class=\"ab-cta-image-wrap bg-color-secondary\"><img decoding=\"async\" class=\"ab-cta-image\" src=\"https:\/\/zewo.ch\/wp-content\/uploads\/2019\/07\/Pokal-1.png\" alt=\"Der Weg zum Zewo-G\u00fctesiegel\"\/><\/div><div class=\"ab-cta-content\"><h2 class=\"ab-cta-title\">Der Weg zum Zewo-G\u00fctesiegel<\/h2><\/div><div class=\"ab-cta-button\"><a href=\"\/de\/der-weg-zum-zewo-guetesiegel\/\" target=\"_self\" rel=\"noopener noreferrer\" class=\"button primary button-teaser\"><span class=\"button-arrow\"><\/span>Jetzt informieren<\/a><\/div><a href=\"\/de\/der-weg-zum-zewo-guetesiegel\/\" target=\"_self\" rel=\"noopener noreferrer\" class=\"button-teaser--is-full\"><\/a><\/div><\/div>\n\n\n<\/div><\/div>\n\n\n\n<div class=\"wp-block-columns is-layout-flex wp-container-core-columns-is-layout-9d6595d7 wp-block-columns-is-layout-flex\">\n<div class=\"wp-block-column is-layout-flow wp-block-column-is-layout-flow\">\n<div class=\"cell small-12 medium-6\"><div class=\"wp-block-cgb-block-zewo-block-image-teaser ab-block-cta bg-color-secondary\"><div class=\"ab-cta-image-wrap bg-color-secondary\"><img decoding=\"async\" class=\"ab-cta-image\" src=\"https:\/\/zewo.ch\/wp-content\/uploads\/2019\/10\/pruefung-beantragen-1.png\" alt=\"Pr\u00fcfung beantragen\"\/><\/div><div class=\"ab-cta-content\"><h2 class=\"ab-cta-title\">Der Weg zum Zewo-G\u00fctesiegel<\/h2><\/div><div class=\"ab-cta-button\"><a href=\"\/de\/der-weg-zum-zewo-guetesiegel\/\" target=\"_self\" rel=\"noopener noreferrer\" class=\"button primary button-teaser\"><span class=\"button-arrow\"><\/span>Prozess kennenlernen<\/a><\/div><a href=\"\/de\/der-weg-zum-zewo-guetesiegel\/\" target=\"_self\" rel=\"noopener noreferrer\" class=\"button-teaser--is-full\"><\/a><\/div><\/div>\n<\/div>\n\n\n\n<div class=\"wp-block-column is-layout-flow wp-block-column-is-layout-flow\">\n<div class=\"cell small-12 medium-6\"><div class=\"wp-block-cgb-block-zewo-block-image-teaser ab-block-cta bg-color-secondary\"><div class=\"ab-cta-image-wrap bg-color-secondary\"><img decoding=\"async\" class=\"ab-cta-image\" src=\"https:\/\/zewo.ch\/wp-content\/uploads\/2019\/10\/einschaetzung.png\" alt=\"Einsch\u00e4tzung\"\/><\/div><div class=\"ab-cta-content\"><h2 class=\"ab-cta-title\"><strong>Erf\u00fcllt Ihre NPO die Standards?<\/strong><\/h2><\/div><div class=\"ab-cta-button\"><a href=\"\/de\/der-weg-zum-zewo-guetesiegel\/unverbindliche-einschaetzung\/\" target=\"_self\" rel=\"noopener noreferrer\" class=\"button primary button-teaser\"><span class=\"button-arrow\"><\/span>Einsch\u00e4tzung einholen<\/a><\/div><a href=\"\/de\/der-weg-zum-zewo-guetesiegel\/unverbindliche-einschaetzung\/\" target=\"_self\" rel=\"noopener noreferrer\" class=\"button-teaser--is-full\"><\/a><\/div><\/div>\n<\/div>\n<\/div>\n","protected":false},"excerpt":{"rendered":"<p>Voraussetzungen kl\u00e4ren Finden Sie mit f\u00fcnf einfachen Fragen heraus, ob es sinnvoll ist, dass sich Ihre NPO auf den Weg zum Zewo-G\u00fctesiegel macht. Im Test erfahren Sie auch, wie Sie die n\u00f6tigen Grundlagen f\u00fcr eine erfolgreiche Pr\u00fcfung schaffen.<\/p>\n","protected":false},"author":6,"featured_media":666062,"parent":20210,"menu_order":3,"comment_status":"closed","ping_status":"closed","template":"","meta":{"_acf_changed":false,"footnotes":""},"folder":[6639],"class_list":["post-498784","page","type-page","status-publish","has-post-thumbnail","hentry"],"acf":[],"yoast_head":"<!-- This site is optimized with the Yoast SEO Premium plugin v26.0 (Yoast SEO v26.0) - https:\/\/yoast.com\/wordpress\/plugins\/seo\/ -->\n<title>Zewo<\/title>\n<meta name=\"description\" content=\"Finden Sie mit f\u00fcnf einfachen Fragen heraus, ob es sinnvoll ist, dass sich Ihre NPO auf den Weg zum Zewo-G\u00fctesiegel macht.\" \/>\n<meta name=\"robots\" content=\"index, follow, max-snippet:-1, max-image-preview:large, max-video-preview:-1\" \/>\n<link rel=\"canonical\" href=\"https:\/\/zewo.ch\/de\/der-weg-zum-zewo-guetesiegel\/eignungstest\/\" \/>\n<meta property=\"og:locale\" content=\"de_DE\" \/>\n<meta property=\"og:type\" content=\"article\" \/>\n<meta property=\"og:description\" content=\"Finden Sie mit f\u00fcnf einfachen Fragen heraus, ob es sinnvoll ist, dass sich Ihre NPO auf den Weg zum Zewo-G\u00fctesiegel macht.\" \/>\n<meta property=\"og:url\" content=\"https:\/\/zewo.ch\/de\/der-weg-zum-zewo-guetesiegel\/eignungstest\/\" \/>\n<meta property=\"og:site_name\" content=\"Zewo\" \/>\n<meta property=\"article:publisher\" content=\"https:\/\/www.facebook.com\/Stiftung.ZEWO\/\" \/>\n<meta property=\"article:modified_time\" content=\"2023-09-21T09:49:54+00:00\" \/>\n<meta property=\"og:image\" content=\"https:\/\/zewo.ch\/wp-content\/uploads\/2019\/11\/shutterstock_1463233415_2_WP.jpg\" \/>\n\t<meta property=\"og:image:width\" content=\"2200\" \/>\n\t<meta property=\"og:image:height\" content=\"440\" \/>\n\t<meta property=\"og:image:type\" content=\"image\/jpeg\" \/>\n<meta name=\"twitter:card\" content=\"summary_large_image\" \/>\n<meta name=\"twitter:site\" content=\"@stiftung_zewo\" \/>\n<meta name=\"twitter:label1\" content=\"Gesch\u00e4tzte Lesezeit\" \/>\n\t<meta name=\"twitter:data1\" content=\"3\u00a0Minuten\" \/>\n<script type=\"application\/ld+json\" class=\"yoast-schema-graph\">{\"@context\":\"https:\/\/schema.org\",\"@graph\":[{\"@type\":\"WebPage\",\"@id\":\"https:\/\/zewo.ch\/de\/der-weg-zum-zewo-guetesiegel\/eignungstest\/#webpage\",\"url\":\"https:\/\/zewo.ch\/de\/der-weg-zum-zewo-guetesiegel\/eignungstest\/#webpage\",\"name\":\"\",\"isPartOf\":{\"@id\":\"https:\/\/zewo.ch\/de\/#website\"},\"primaryImageOfPage\":{\"@id\":\"https:\/\/zewo.ch\/de\/der-weg-zum-zewo-guetesiegel\/eignungstest\/#primaryimage\"},\"image\":{\"@id\":\"https:\/\/zewo.ch\/de\/der-weg-zum-zewo-guetesiegel\/eignungstest\/#primaryimage\"},\"thumbnailUrl\":\"https:\/\/zewo.ch\/wp-content\/uploads\/2019\/11\/shutterstock_1463233415_2_WP.jpg\",\"datePublished\":\"2019-07-31T08:13:01+00:00\",\"dateModified\":\"2023-09-21T09:49:54+00:00\",\"description\":\"Finden Sie mit f\u00fcnf einfachen Fragen heraus, ob es sinnvoll ist, dass sich Ihre NPO auf den Weg zum Zewo-G\u00fctesiegel macht.\",\"breadcrumb\":{\"@id\":\"https:\/\/zewo.ch\/de\/der-weg-zum-zewo-guetesiegel\/eignungstest\/#breadcrumb\"},\"inLanguage\":\"de\",\"potentialAction\":[{\"@type\":\"ReadAction\",\"target\":[\"https:\/\/zewo.ch\/de\/der-weg-zum-zewo-guetesiegel\/eignungstest\/\"]}]},{\"@type\":\"ImageObject\",\"inLanguage\":\"de\",\"@id\":\"https:\/\/zewo.ch\/de\/der-weg-zum-zewo-guetesiegel\/eignungstest\/#primaryimage\",\"url\":\"https:\/\/zewo.ch\/wp-content\/uploads\/2019\/11\/shutterstock_1463233415_2_WP.jpg\",\"contentUrl\":\"https:\/\/zewo.ch\/wp-content\/uploads\/2019\/11\/shutterstock_1463233415_2_WP.jpg\",\"width\":2200,\"height\":440,\"caption\":\"Header Pr\u00fcfung beantragen\"},{\"@type\":\"BreadcrumbList\",\"@id\":\"https:\/\/zewo.ch\/de\/der-weg-zum-zewo-guetesiegel\/eignungstest\/#breadcrumb\",\"itemListElement\":[{\"@type\":\"ListItem\",\"position\":1,\"name\":\"Home\",\"item\":\"https:\/\/zewo.ch\/de\/\"},{\"@type\":\"ListItem\",\"position\":2,\"name\":\"Der Weg zum Zewo-G\u00fctesiegel\",\"item\":\"https:\/\/zewo.ch\/de\/der-weg-zum-zewo-guetesiegel\/\"},{\"@type\":\"ListItem\",\"position\":3,\"name\":\"Eignungstest\"}]},{\"@type\":\"WebSite\",\"@id\":\"https:\/\/zewo.ch\/de\/#website\",\"url\":\"https:\/\/zewo.ch\/de\/\",\"name\":\"Zewo\",\"description\":\"Ihre Spende in guten H\u00e4nden.\",\"publisher\":{\"@id\":\"https:\/\/zewo.ch\/de\/#organization\"},\"potentialAction\":[{\"@type\":\"SearchAction\",\"target\":{\"@type\":\"EntryPoint\",\"urlTemplate\":\"https:\/\/zewo.ch\/de\/?s={search_term_string}\"},\"query-input\":{\"@type\":\"PropertyValueSpecification\",\"valueRequired\":true,\"valueName\":\"search_term_string\"}}],\"inLanguage\":\"de\"},{\"@type\":\"Organization\",\"@id\":\"https:\/\/zewo.ch\/de\/#organization\",\"name\":\"Stiftung Zewo\",\"url\":\"https:\/\/zewo.ch\/de\/\",\"logo\":{\"@type\":\"ImageObject\",\"inLanguage\":\"de\",\"@id\":\"https:\/\/zewo.ch\/de\/#\/schema\/logo\/image\/\",\"url\":\"https:\/\/zewo.ch\/wp-content\/uploads\/2019\/08\/Zewo_Logo_Claim_D.svg\",\"contentUrl\":\"https:\/\/zewo.ch\/wp-content\/uploads\/2019\/08\/Zewo_Logo_Claim_D.svg\",\"width\":1,\"height\":1,\"caption\":\"Stiftung Zewo\"},\"image\":{\"@id\":\"https:\/\/zewo.ch\/de\/#\/schema\/logo\/image\/\"},\"sameAs\":[\"https:\/\/www.facebook.com\/Stiftung.ZEWO\/\",\"https:\/\/x.com\/stiftung_zewo\",\"https:\/\/www.linkedin.com\/company\/stiftung-zewo\",\"https:\/\/www.youtube.com\/channel\/UCzjsVJro12OXcvvx1LQP8tw\",\"https:\/\/de.wikipedia.org\/wiki\/Zewo\"]}]}<\/script>\n<!-- \/ Yoast SEO Premium plugin. -->","yoast_head_json":{"title":"Zewo","description":"Finden Sie mit f\u00fcnf einfachen Fragen heraus, ob es sinnvoll ist, dass sich Ihre NPO auf den Weg zum Zewo-G\u00fctesiegel macht.","robots":{"index":"index","follow":"follow","max-snippet":"max-snippet:-1","max-image-preview":"max-image-preview:large","max-video-preview":"max-video-preview:-1"},"canonical":"https:\/\/zewo.ch\/de\/der-weg-zum-zewo-guetesiegel\/eignungstest\/","og_locale":"de_DE","og_type":"article","og_description":"Finden Sie mit f\u00fcnf einfachen Fragen heraus, ob es sinnvoll ist, dass sich Ihre NPO auf den Weg zum Zewo-G\u00fctesiegel macht.","og_url":"https:\/\/zewo.ch\/de\/der-weg-zum-zewo-guetesiegel\/eignungstest\/","og_site_name":"Zewo","article_publisher":"https:\/\/www.facebook.com\/Stiftung.ZEWO\/","article_modified_time":"2023-09-21T09:49:54+00:00","og_image":[{"width":2200,"height":440,"url":"https:\/\/zewo.ch\/wp-content\/uploads\/2019\/11\/shutterstock_1463233415_2_WP.jpg","type":"image\/jpeg"}],"twitter_card":"summary_large_image","twitter_site":"@stiftung_zewo","twitter_misc":{"Gesch\u00e4tzte Lesezeit":"3\u00a0Minuten"},"schema":{"@context":"https:\/\/schema.org","@graph":[{"@type":"WebPage","@id":"https:\/\/zewo.ch\/de\/der-weg-zum-zewo-guetesiegel\/eignungstest\/#webpage","url":"https:\/\/zewo.ch\/de\/der-weg-zum-zewo-guetesiegel\/eignungstest\/#webpage","name":"","isPartOf":{"@id":"https:\/\/zewo.ch\/de\/#website"},"primaryImageOfPage":{"@id":"https:\/\/zewo.ch\/de\/der-weg-zum-zewo-guetesiegel\/eignungstest\/#primaryimage"},"image":{"@id":"https:\/\/zewo.ch\/de\/der-weg-zum-zewo-guetesiegel\/eignungstest\/#primaryimage"},"thumbnailUrl":"https:\/\/zewo.ch\/wp-content\/uploads\/2019\/11\/shutterstock_1463233415_2_WP.jpg","datePublished":"2019-07-31T08:13:01+00:00","dateModified":"2023-09-21T09:49:54+00:00","description":"Finden Sie mit f\u00fcnf einfachen Fragen heraus, ob es sinnvoll ist, dass sich Ihre NPO auf den Weg zum Zewo-G\u00fctesiegel macht.","breadcrumb":{"@id":"https:\/\/zewo.ch\/de\/der-weg-zum-zewo-guetesiegel\/eignungstest\/#breadcrumb"},"inLanguage":"de","potentialAction":[{"@type":"ReadAction","target":["https:\/\/zewo.ch\/de\/der-weg-zum-zewo-guetesiegel\/eignungstest\/"]}]},{"@type":"ImageObject","inLanguage":"de","@id":"https:\/\/zewo.ch\/de\/der-weg-zum-zewo-guetesiegel\/eignungstest\/#primaryimage","url":"https:\/\/zewo.ch\/wp-content\/uploads\/2019\/11\/shutterstock_1463233415_2_WP.jpg","contentUrl":"https:\/\/zewo.ch\/wp-content\/uploads\/2019\/11\/shutterstock_1463233415_2_WP.jpg","width":2200,"height":440,"caption":"Header Pr\u00fcfung beantragen"},{"@type":"BreadcrumbList","@id":"https:\/\/zewo.ch\/de\/der-weg-zum-zewo-guetesiegel\/eignungstest\/#breadcrumb","itemListElement":[{"@type":"ListItem","position":1,"name":"Home","item":"https:\/\/zewo.ch\/de\/"},{"@type":"ListItem","position":2,"name":"Der Weg zum Zewo-G\u00fctesiegel","item":"https:\/\/zewo.ch\/de\/der-weg-zum-zewo-guetesiegel\/"},{"@type":"ListItem","position":3,"name":"Eignungstest"}]},{"@type":"WebSite","@id":"https:\/\/zewo.ch\/de\/#website","url":"https:\/\/zewo.ch\/de\/","name":"Zewo","description":"Ihre Spende in guten H\u00e4nden.","publisher":{"@id":"https:\/\/zewo.ch\/de\/#organization"},"potentialAction":[{"@type":"SearchAction","target":{"@type":"EntryPoint","urlTemplate":"https:\/\/zewo.ch\/de\/?s={search_term_string}"},"query-input":{"@type":"PropertyValueSpecification","valueRequired":true,"valueName":"search_term_string"}}],"inLanguage":"de"},{"@type":"Organization","@id":"https:\/\/zewo.ch\/de\/#organization","name":"Stiftung Zewo","url":"https:\/\/zewo.ch\/de\/","logo":{"@type":"ImageObject","inLanguage":"de","@id":"https:\/\/zewo.ch\/de\/#\/schema\/logo\/image\/","url":"https:\/\/zewo.ch\/wp-content\/uploads\/2019\/08\/Zewo_Logo_Claim_D.svg","contentUrl":"https:\/\/zewo.ch\/wp-content\/uploads\/2019\/08\/Zewo_Logo_Claim_D.svg","width":1,"height":1,"caption":"Stiftung Zewo"},"image":{"@id":"https:\/\/zewo.ch\/de\/#\/schema\/logo\/image\/"},"sameAs":["https:\/\/www.facebook.com\/Stiftung.ZEWO\/","https:\/\/x.com\/stiftung_zewo","https:\/\/www.linkedin.com\/company\/stiftung-zewo","https:\/\/www.youtube.com\/channel\/UCzjsVJro12OXcvvx1LQP8tw","https:\/\/de.wikipedia.org\/wiki\/Zewo"]}]}},"publishpress_future_action":{"enabled":false,"date":"2026-04-23 12:37:45","action":"change-status","newStatus":"draft","terms":[],"taxonomy":"translation_priority","extraData":[]},"publishpress_future_workflow_manual_trigger":{"enabledWorkflows":[]},"_links":{"self":[{"href":"https:\/\/zewo.ch\/de\/wp-json\/wp\/v2\/pages\/498784","targetHints":{"allow":["GET"]}}],"collection":[{"href":"https:\/\/zewo.ch\/de\/wp-json\/wp\/v2\/pages"}],"about":[{"href":"https:\/\/zewo.ch\/de\/wp-json\/wp\/v2\/types\/page"}],"author":[{"embeddable":true,"href":"https:\/\/zewo.ch\/de\/wp-json\/wp\/v2\/users\/6"}],"replies":[{"embeddable":true,"href":"https:\/\/zewo.ch\/de\/wp-json\/wp\/v2\/comments?post=498784"}],"version-history":[{"count":35,"href":"https:\/\/zewo.ch\/de\/wp-json\/wp\/v2\/pages\/498784\/revisions"}],"predecessor-version":[{"id":5800176,"href":"https:\/\/zewo.ch\/de\/wp-json\/wp\/v2\/pages\/498784\/revisions\/5800176"}],"up":[{"embeddable":true,"href":"https:\/\/zewo.ch\/de\/wp-json\/wp\/v2\/pages\/20210"}],"wp:featuredmedia":[{"embeddable":true,"href":"https:\/\/zewo.ch\/de\/wp-json\/wp\/v2\/media\/666062"}],"wp:attachment":[{"href":"https:\/\/zewo.ch\/de\/wp-json\/wp\/v2\/media?parent=498784"}],"wp:term":[{"taxonomy":"folder","embeddable":true,"href":"https:\/\/zewo.ch\/de\/wp-json\/wp\/v2\/folder?post=498784"}],"curies":[{"name":"wp","href":"https:\/\/api.w.org\/{rel}","templated":true}]}}